{"id":88822,"date":"2026-02-26T08:39:27","date_gmt":"2026-02-26T06:39:27","guid":{"rendered":"https:\/\/kidsplay.lt\/produktas\/step2-safari-sunkvezimio-zaidimu-aiksteles-ciuozykla\/"},"modified":"2026-04-13T14:24:39","modified_gmt":"2026-04-13T11:24:39","slug":"step2-safari-sunkvezimio-zaidimu-aiksteles-ciuozykla","status":"publish","type":"product","link":"https:\/\/kidsplay.lt\/lv\/products\/step2-safari-sunkvezimio-zaidimu-aiksteles-ciuozykla\/","title":{"rendered":"STEP2 Safari sunkve\u017eimio \u017eaidim\u0173 aik\u0161tel\u0117s \u010diuo\u017eykla"},"content":{"rendered":"<p>\u201eStep2\u00a0\u201c\u00a0\u201eSafari Truck\u201c\u00a0\u2013 tai tvirtas laipiojimo r\u0117mas su\u00a0visureigio formos\u00a0\u010diuo\u017eykla .\u00a0Realisti\u0161ka transporto priemon\u0117s i\u0161vaizda\u00a0,\u00a0dideli ratai\u00a0ir\u00a0atviras stogas\u00a0skatina vaikus \u017eaisti sode. Ma\u017eieji nuotyki\u0173 ie\u0161kotojai gali lipti\u00a0did\u017eiuliais ratais\u00a0, pana\u0161iais \u012f laiptus, \u012f vir\u0161utin\u0119 platform\u0105, kurioje yra\u00a0\u017ei\u016bronai\u00a0laukinei gamtai steb\u0117ti. \u017daidim\u0173 aik\u0161tel\u0117 pagaminta i\u0161 auk\u0161tos kokyb\u0117s, saugaus plastiko, tod\u0117l yra patvari ir ilgaam\u017e\u0117.<\/p>\n<p>Rakstur\u012bgs:<\/p>\n<p> \t&#8211; skirtas\u00a02-4 met\u0173 vaikams<br \/>\n \t&#8211; komplekte:\u00a0laipiojimo r\u0117mas su \u010diuo\u017eykla, vairas ir \u017ei\u016bronai<br \/>\n \t&#8211;\u00a0realisti\u0161kas visureigio safario transporto priemon\u0117s su dideliais ratais dizainas\u00a0,<br \/>\n \t&#8211;\u00a0neutralios spalvos,\u00a0\u012fkv\u0117ptos safario<br \/>\n \t&#8211;\u00a0patvarios\u00a0radiatoriaus grotel\u0117s su priekini\u0173 \u017eibint\u0173 lipdukais<br \/>\n \t&#8211;\u00a0atviras stogas<br \/>\n \t&#8211;\u00a0maksimali apkrova 37,5 kg<br \/>\n \t&#8211;\u00a0pagaminta i\u0161 auk\u0161tos kokyb\u0117s med\u017eiagos<br \/>\n \t&#8211; produktas, skirtas naudoti namuose<\/p>","protected":false},"excerpt":{"rendered":"<p>\u201eStep2\u00a0\u201c\u00a0\u201eSafari Truck\u201c\u00a0\u2013 tai tvirtas laipiojimo r\u0117mas su\u00a0visureigio formos\u00a0\u010diuo\u017eykla .\u00a0Realisti\u0161ka transporto priemon\u0117s i\u0161vaizda\u00a0,\u00a0dideli ratai\u00a0ir\u00a0atviras stogas\u00a0skatina vaikus \u017eaisti sode. Ma\u017eieji nuotyki\u0173 ie\u0161kotojai<\/p>","protected":false},"featured_media":77331,"template":"","meta":{"_acf_changed":false,"_glsr_average":0,"_glsr_ranking":0,"_glsr_reviews":0},"product_brand":[],"product_cat":[233,382],"product_tag":[],"class_list":{"0":"post-88822","1":"product","2":"type-product","3":"status-publish","4":"has-post-thumbnail","6":"product_cat-lauko-pramogos","7":"product_cat-zaidimu-aiksteles","8":"\"style=\"background-color: #2ecc711c;\"","10":"first","11":"instock","12":"purchasable","13":"product-type-simple"},"acf":[],"yoast_head":"<!-- This site is optimized with the Yoast SEO plugin v27.4 - https:\/\/yoast.com\/product\/yoast-seo-wordpress\/ -->\n<title>STEP2 Safari sunkve\u017eimio \u017eaidim\u0173 aik\u0161tel\u0117s \u010diuo\u017eykla<\/title>\n<meta name=\"description\" content=\"STEP2 Safari sunkve\u017eimio \u017eaidim\u0173 aik\u0161tel\u0117s \u010diuo\u017eykla - KidsPlay. Did\u017eiausias vaik\u0173 \u017eaisl\u0173 pasirinkimas.\" \/>\n<meta name=\"robots\" content=\"index, follow, max-snippet:-1, max-image-preview:large, max-video-preview:-1\" \/>\n<link rel=\"canonical\" href=\"https:\/\/kidsplay.lt\/lv\/products\/step2-safari-sunkvezimio-zaidimu-aiksteles-ciuozykla\/\" \/>\n<meta property=\"og:locale\" content=\"lv_LV\" \/>\n<meta property=\"og:type\" content=\"article\" \/>\n<meta property=\"og:title\" content=\"STEP2 Safari sunkve\u017eimio \u017eaidim\u0173 aik\u0161tel\u0117s \u010diuo\u017eykla\" \/>\n<meta property=\"og:description\" content=\"STEP2 Safari sunkve\u017eimio \u017eaidim\u0173 aik\u0161tel\u0117s \u010diuo\u017eykla - KidsPlay. Did\u017eiausias vaik\u0173 \u017eaisl\u0173 pasirinkimas.\" \/>\n<meta property=\"og:url\" content=\"https:\/\/kidsplay.lt\/lv\/products\/step2-safari-sunkvezimio-zaidimu-aiksteles-ciuozykla\/\" \/>\n<meta property=\"og:site_name\" content=\"KidsPlay\" \/>\n<meta property=\"article:publisher\" content=\"https:\/\/www.facebook.com\/www.kidsplay.lt\" \/>\n<meta property=\"article:modified_time\" content=\"2026-04-13T11:24:39+00:00\" \/>\n<meta property=\"og:image\" content=\"https:\/\/kidsplay.lt\/wp-content\/uploads\/2025\/10\/STEP2-Safari-sunkvezimio-zaidimu-aiksteles-ciuozykla.jpg\" \/>\n\t<meta property=\"og:image:width\" content=\"800\" \/>\n\t<meta property=\"og:image:height\" content=\"800\" \/>\n\t<meta property=\"og:image:type\" content=\"image\/jpeg\" \/>\n<meta name=\"twitter:card\" content=\"summary_large_image\" \/>\n<meta name=\"twitter:label1\" content=\"Est. reading time\" \/>\n\t<meta name=\"twitter:data1\" content=\"1 min\u016bte\" \/>\n<script type=\"application\/ld+json\" class=\"yoast-schema-graph\">{\"@context\":\"https:\\\/\\\/schema.org\",\"@graph\":[{\"@type\":\"WebPage\",\"@id\":\"https:\\\/\\\/kidsplay.lt\\\/produktas\\\/step2-safari-sunkvezimio-zaidimu-aiksteles-ciuozykla\\\/\",\"url\":\"https:\\\/\\\/kidsplay.lt\\\/produktas\\\/step2-safari-sunkvezimio-zaidimu-aiksteles-ciuozykla\\\/\",\"name\":\"STEP2 Safari sunkve\u017eimio \u017eaidim\u0173 aik\u0161tel\u0117s \u010diuo\u017eykla\",\"isPartOf\":{\"@id\":\"https:\\\/\\\/kidsplay.lt\\\/#website\"},\"primaryImageOfPage\":{\"@id\":\"https:\\\/\\\/kidsplay.lt\\\/produktas\\\/step2-safari-sunkvezimio-zaidimu-aiksteles-ciuozykla\\\/#primaryimage\"},\"image\":{\"@id\":\"https:\\\/\\\/kidsplay.lt\\\/produktas\\\/step2-safari-sunkvezimio-zaidimu-aiksteles-ciuozykla\\\/#primaryimage\"},\"thumbnailUrl\":\"https:\\\/\\\/kidsplay.lt\\\/wp-content\\\/uploads\\\/2025\\\/10\\\/STEP2-Safari-sunkvezimio-zaidimu-aiksteles-ciuozykla.jpg\",\"datePublished\":\"2026-02-26T06:39:27+00:00\",\"dateModified\":\"2026-04-13T11:24:39+00:00\",\"description\":\"STEP2 Safari sunkve\u017eimio \u017eaidim\u0173 aik\u0161tel\u0117s \u010diuo\u017eykla - KidsPlay. Did\u017eiausias vaik\u0173 \u017eaisl\u0173 pasirinkimas.\",\"breadcrumb\":{\"@id\":\"https:\\\/\\\/kidsplay.lt\\\/produktas\\\/step2-safari-sunkvezimio-zaidimu-aiksteles-ciuozykla\\\/#breadcrumb\"},\"inLanguage\":\"lv-LV\",\"potentialAction\":[{\"@type\":\"ReadAction\",\"target\":[\"https:\\\/\\\/kidsplay.lt\\\/produktas\\\/step2-safari-sunkvezimio-zaidimu-aiksteles-ciuozykla\\\/\"]}]},{\"@type\":\"ImageObject\",\"inLanguage\":\"lv-LV\",\"@id\":\"https:\\\/\\\/kidsplay.lt\\\/produktas\\\/step2-safari-sunkvezimio-zaidimu-aiksteles-ciuozykla\\\/#primaryimage\",\"url\":\"https:\\\/\\\/kidsplay.lt\\\/wp-content\\\/uploads\\\/2025\\\/10\\\/STEP2-Safari-sunkvezimio-zaidimu-aiksteles-ciuozykla.jpg\",\"contentUrl\":\"https:\\\/\\\/kidsplay.lt\\\/wp-content\\\/uploads\\\/2025\\\/10\\\/STEP2-Safari-sunkvezimio-zaidimu-aiksteles-ciuozykla.jpg\",\"width\":800,\"height\":800,\"caption\":\"STEP2 Safari sunkve\u017eimio \u017eaidim\u0173 aik\u0161tel\u0117s \u010diuo\u017eykla\"},{\"@type\":\"BreadcrumbList\",\"@id\":\"https:\\\/\\\/kidsplay.lt\\\/produktas\\\/step2-safari-sunkvezimio-zaidimu-aiksteles-ciuozykla\\\/#breadcrumb\",\"itemListElement\":[{\"@type\":\"ListItem\",\"position\":1,\"name\":\"Pagrindinis\",\"item\":\"https:\\\/\\\/kidsplay.lt\\\/\"},{\"@type\":\"ListItem\",\"position\":2,\"name\":\"Parduotuv\u0117\",\"item\":\"https:\\\/\\\/kidsplay.lt\\\/parduotuve\\\/\"},{\"@type\":\"ListItem\",\"position\":3,\"name\":\"STEP2 Safari sunkve\u017eimio \u017eaidim\u0173 aik\u0161tel\u0117s \u010diuo\u017eykla\"}]},{\"@type\":\"WebSite\",\"@id\":\"https:\\\/\\\/kidsplay.lt\\\/#website\",\"url\":\"https:\\\/\\\/kidsplay.lt\\\/\",\"name\":\"Kidsplay.lt\",\"description\":\"\u012evairios prek\u0117s vaikams\",\"publisher\":{\"@id\":\"https:\\\/\\\/kidsplay.lt\\\/#organization\"},\"alternateName\":\"Kidsplay\",\"potentialAction\":[{\"@type\":\"SearchAction\",\"target\":{\"@type\":\"EntryPoint\",\"urlTemplate\":\"https:\\\/\\\/kidsplay.lt\\\/?s={search_term_string}\"},\"query-input\":{\"@type\":\"PropertyValueSpecification\",\"valueRequired\":true,\"valueName\":\"search_term_string\"}}],\"inLanguage\":\"lv-LV\"},{\"@type\":\"Organization\",\"@id\":\"https:\\\/\\\/kidsplay.lt\\\/#organization\",\"name\":\"KidsPlay\",\"url\":\"https:\\\/\\\/kidsplay.lt\\\/\",\"logo\":{\"@type\":\"ImageObject\",\"inLanguage\":\"lv-LV\",\"@id\":\"https:\\\/\\\/kidsplay.lt\\\/#\\\/schema\\\/logo\\\/image\\\/\",\"url\":\"https:\\\/\\\/kidsplay.lt\\\/wp-content\\\/uploads\\\/2023\\\/07\\\/kidsplay-logo.png\",\"contentUrl\":\"https:\\\/\\\/kidsplay.lt\\\/wp-content\\\/uploads\\\/2023\\\/07\\\/kidsplay-logo.png\",\"width\":451,\"height\":98,\"caption\":\"KidsPlay\"},\"image\":{\"@id\":\"https:\\\/\\\/kidsplay.lt\\\/#\\\/schema\\\/logo\\\/image\\\/\"},\"sameAs\":[\"https:\\\/\\\/www.facebook.com\\\/www.kidsplay.lt\"]}]}<\/script>\n<!-- \/ Yoast SEO plugin. -->","yoast_head_json":{"title":"STEP2 Safari sunkve\u017eimio \u017eaidim\u0173 aik\u0161tel\u0117s \u010diuo\u017eykla","description":"STEP2 Safari sunkve\u017eimio \u017eaidim\u0173 aik\u0161tel\u0117s \u010diuo\u017eykla - KidsPlay. Did\u017eiausias vaik\u0173 \u017eaisl\u0173 pasirinkimas.","robots":{"index":"index","follow":"follow","max-snippet":"max-snippet:-1","max-image-preview":"max-image-preview:large","max-video-preview":"max-video-preview:-1"},"canonical":"https:\/\/kidsplay.lt\/lv\/products\/step2-safari-sunkvezimio-zaidimu-aiksteles-ciuozykla\/","og_locale":"lv_LV","og_type":"article","og_title":"STEP2 Safari sunkve\u017eimio \u017eaidim\u0173 aik\u0161tel\u0117s \u010diuo\u017eykla","og_description":"STEP2 Safari sunkve\u017eimio \u017eaidim\u0173 aik\u0161tel\u0117s \u010diuo\u017eykla - KidsPlay. Did\u017eiausias vaik\u0173 \u017eaisl\u0173 pasirinkimas.","og_url":"https:\/\/kidsplay.lt\/lv\/products\/step2-safari-sunkvezimio-zaidimu-aiksteles-ciuozykla\/","og_site_name":"KidsPlay","article_publisher":"https:\/\/www.facebook.com\/www.kidsplay.lt","article_modified_time":"2026-04-13T11:24:39+00:00","og_image":[{"width":800,"height":800,"url":"https:\/\/kidsplay.lt\/wp-content\/uploads\/2025\/10\/STEP2-Safari-sunkvezimio-zaidimu-aiksteles-ciuozykla.jpg","type":"image\/jpeg"}],"twitter_card":"summary_large_image","twitter_misc":{"Est. reading time":"1 min\u016bte"},"schema":{"@context":"https:\/\/schema.org","@graph":[{"@type":"WebPage","@id":"https:\/\/kidsplay.lt\/produktas\/step2-safari-sunkvezimio-zaidimu-aiksteles-ciuozykla\/","url":"https:\/\/kidsplay.lt\/produktas\/step2-safari-sunkvezimio-zaidimu-aiksteles-ciuozykla\/","name":"STEP2 Safari sunkve\u017eimio \u017eaidim\u0173 aik\u0161tel\u0117s \u010diuo\u017eykla","isPartOf":{"@id":"https:\/\/kidsplay.lt\/#website"},"primaryImageOfPage":{"@id":"https:\/\/kidsplay.lt\/produktas\/step2-safari-sunkvezimio-zaidimu-aiksteles-ciuozykla\/#primaryimage"},"image":{"@id":"https:\/\/kidsplay.lt\/produktas\/step2-safari-sunkvezimio-zaidimu-aiksteles-ciuozykla\/#primaryimage"},"thumbnailUrl":"https:\/\/kidsplay.lt\/wp-content\/uploads\/2025\/10\/STEP2-Safari-sunkvezimio-zaidimu-aiksteles-ciuozykla.jpg","datePublished":"2026-02-26T06:39:27+00:00","dateModified":"2026-04-13T11:24:39+00:00","description":"STEP2 Safari sunkve\u017eimio \u017eaidim\u0173 aik\u0161tel\u0117s \u010diuo\u017eykla - KidsPlay. Did\u017eiausias vaik\u0173 \u017eaisl\u0173 pasirinkimas.","breadcrumb":{"@id":"https:\/\/kidsplay.lt\/produktas\/step2-safari-sunkvezimio-zaidimu-aiksteles-ciuozykla\/#breadcrumb"},"inLanguage":"lv-LV","potentialAction":[{"@type":"ReadAction","target":["https:\/\/kidsplay.lt\/produktas\/step2-safari-sunkvezimio-zaidimu-aiksteles-ciuozykla\/"]}]},{"@type":"ImageObject","inLanguage":"lv-LV","@id":"https:\/\/kidsplay.lt\/produktas\/step2-safari-sunkvezimio-zaidimu-aiksteles-ciuozykla\/#primaryimage","url":"https:\/\/kidsplay.lt\/wp-content\/uploads\/2025\/10\/STEP2-Safari-sunkvezimio-zaidimu-aiksteles-ciuozykla.jpg","contentUrl":"https:\/\/kidsplay.lt\/wp-content\/uploads\/2025\/10\/STEP2-Safari-sunkvezimio-zaidimu-aiksteles-ciuozykla.jpg","width":800,"height":800,"caption":"STEP2 Safari sunkve\u017eimio \u017eaidim\u0173 aik\u0161tel\u0117s \u010diuo\u017eykla"},{"@type":"BreadcrumbList","@id":"https:\/\/kidsplay.lt\/produktas\/step2-safari-sunkvezimio-zaidimu-aiksteles-ciuozykla\/#breadcrumb","itemListElement":[{"@type":"ListItem","position":1,"name":"Pagrindinis","item":"https:\/\/kidsplay.lt\/"},{"@type":"ListItem","position":2,"name":"Parduotuv\u0117","item":"https:\/\/kidsplay.lt\/parduotuve\/"},{"@type":"ListItem","position":3,"name":"STEP2 Safari sunkve\u017eimio \u017eaidim\u0173 aik\u0161tel\u0117s \u010diuo\u017eykla"}]},{"@type":"WebSite","@id":"https:\/\/kidsplay.lt\/#website","url":"https:\/\/kidsplay.lt\/","name":"B\u0113rnu sp\u0113les.lv","description":"\u012evairios prek\u0117s vaikams","publisher":{"@id":"https:\/\/kidsplay.lt\/#organization"},"alternateName":"Kidsplay","potentialAction":[{"@type":"SearchAction","target":{"@type":"EntryPoint","urlTemplate":"https:\/\/kidsplay.lt\/?s={search_term_string}"},"query-input":{"@type":"PropertyValueSpecification","valueRequired":true,"valueName":"search_term_string"}}],"inLanguage":"lv-LV"},{"@type":"Organization","@id":"https:\/\/kidsplay.lt\/#organization","name":"B\u0113rnu sp\u0113le","url":"https:\/\/kidsplay.lt\/","logo":{"@type":"ImageObject","inLanguage":"lv-LV","@id":"https:\/\/kidsplay.lt\/#\/schema\/logo\/image\/","url":"https:\/\/kidsplay.lt\/wp-content\/uploads\/2023\/07\/kidsplay-logo.png","contentUrl":"https:\/\/kidsplay.lt\/wp-content\/uploads\/2023\/07\/kidsplay-logo.png","width":451,"height":98,"caption":"KidsPlay"},"image":{"@id":"https:\/\/kidsplay.lt\/#\/schema\/logo\/image\/"},"sameAs":["https:\/\/www.facebook.com\/www.kidsplay.lt"]}]}},"_links":{"self":[{"href":"https:\/\/kidsplay.lt\/lv\/wp-json\/wp\/v2\/product\/88822","targetHints":{"allow":["GET"]}}],"collection":[{"href":"https:\/\/kidsplay.lt\/lv\/wp-json\/wp\/v2\/product"}],"about":[{"href":"https:\/\/kidsplay.lt\/lv\/wp-json\/wp\/v2\/types\/product"}],"version-history":[{"count":1,"href":"https:\/\/kidsplay.lt\/lv\/wp-json\/wp\/v2\/product\/88822\/revisions"}],"predecessor-version":[{"id":88823,"href":"https:\/\/kidsplay.lt\/lv\/wp-json\/wp\/v2\/product\/88822\/revisions\/88823"}],"wp:featuredmedia":[{"embeddable":true,"href":"https:\/\/kidsplay.lt\/lv\/wp-json\/wp\/v2\/media\/77331"}],"wp:attachment":[{"href":"https:\/\/kidsplay.lt\/lv\/wp-json\/wp\/v2\/media?parent=88822"}],"wp:term":[{"taxonomy":"product_brand","embeddable":true,"href":"https:\/\/kidsplay.lt\/lv\/wp-json\/wp\/v2\/product_brand?post=88822"},{"taxonomy":"product_cat","embeddable":true,"href":"https:\/\/kidsplay.lt\/lv\/wp-json\/wp\/v2\/product_cat?post=88822"},{"taxonomy":"product_tag","embeddable":true,"href":"https:\/\/kidsplay.lt\/lv\/wp-json\/wp\/v2\/product_tag?post=88822"}],"curies":[{"name":"wp","href":"https:\/\/api.w.org\/{rel}","templated":true}]}}