{"id":88824,"date":"2026-02-26T08:42:11","date_gmt":"2026-02-26T06:42:11","guid":{"rendered":"https:\/\/kidsplay.lt\/produktas\/woopie-stebuklingas-vandens-piesimo-kilimelis-mazosioms-princesems\/"},"modified":"2026-04-13T14:26:26","modified_gmt":"2026-04-13T11:26:26","slug":"woopie-stebuklingas-vandens-piesimo-kilimelis-mazosioms-princesems","status":"publish","type":"product","link":"https:\/\/kidsplay.lt\/lv\/products\/woopie-stebuklingas-vandens-piesimo-kilimelis-mazosioms-princesems\/","title":{"rendered":"WOOPIE stebuklingas vandens pie\u0161imo kilim\u0117lis ma\u017eosioms princes\u0117ms"},"content":{"rendered":"<p>Atraskite magi\u0161k\u0105 \u017eaidim\u0105 be netvarkos!\u00a0\u201eWoopie\u201c\u00a0\u00a0stebuklingas\u00a0vandens drob\u0117s\u00a0kilim\u0117lis \u2013 tai\u00a0k\u016brybin\u0117 erdv\u0117\u00a0, kurioje vaikai gali pie\u0161ti ir tapyti\u00a0naudodami tik vanden\u012f.\u00a0Tiesiog\u00a0pripildykite special\u0173 \u017eymekl\u012f vandens,\u00a0kad sukurtum\u0117te spalvingus paveiksl\u0117lius, kurie po akimirkos i\u0161nyks, u\u017eleisdami viet\u0105 naujiems k\u016briniams. Kilim\u0117lis pasi\u017eymi \u017eavingu princes\u0117s motyvu, tod\u0117l kiekvienas ma\u017easis menininkas pasijus ypatingu. Tai puikus \u017eaislas vaikams\u00a0nuo 12 m\u0117nesi\u0173\u00a0, lavinantis vaizduot\u0119, k\u016brybi\u0161kum\u0105 ir rank\u0173 miklum\u0105.<\/p>\n<p>B\u016bdingas<\/p>\n<p> \t&#8211; Saugus \u017eaidimas tik su vandeniu \u2013 be da\u017e\u0173 ar purvo<br \/>\n \t&#8211; Didelis pie\u0161imo pavir\u0161ius \u2013 iki\u00a098 \u00d7 78 cm<br \/>\n \t&#8211; Princes\u0117s tema \u2013 puikiai tinka ma\u017eiesiems pasak\u0173 myl\u0117tojams<br \/>\n \t&#8211; Spalvingi pie\u0161iniai po kurio laiko i\u0161nyksta &#8211; daugkartinio naudojimo kilim\u0117lis<br \/>\n \t&#8211; Lengva valyti ir sulankstyti \u2013 patogu laikyti ir transportuoti<br \/>\n \t&#8211; Produktas skirtas vaikams\u00a0nuo 12 m\u0117nesi\u0173<\/p>\n<p>Komplekta saturs<\/p>\n<p> \t&#8211; Vandens kilim\u0117lis\u00a0<br \/>\n \t&#8211; Vandeniu pripildyti vandens ra\u0161ikliai<br \/>\n \t&#8211; Sekimo \u0161ablonai<br \/>\n \t&#8211; Antspaudai ir k\u016brybiniai aksesuarai<br \/>\n \t&#8211; Spalvingos edukacin\u0117s formos<\/p>\n<p>\u017daislas vystosi.<\/p>\n<p> \t&#8211; Vaiko k\u016brybi\u0161kumas ir vaizduot\u0117<br \/>\n \t&#8211; Meniniai ir vizualiniai geb\u0117jimai<br \/>\n \t&#8211; Aki\u0173 ir rank\u0173 koordinacija bei smulkioji motorika<br \/>\n \t&#8211; Geb\u0117jimas atpa\u017einti spalvas ir formas<br \/>\n \t&#8211; Kantryb\u0117 ir susikaupimas \u017eaid\u017eiant<\/p>","protected":false},"excerpt":{"rendered":"<p>Atraskite magi\u0161k\u0105 \u017eaidim\u0105 be netvarkos!\u00a0\u201eWoopie\u201c\u00a0\u00a0stebuklingas\u00a0vandens drob\u0117s\u00a0kilim\u0117lis \u2013 tai\u00a0k\u016brybin\u0117 erdv\u0117\u00a0, kurioje vaikai gali pie\u0161ti ir tapyti\u00a0naudodami tik vanden\u012f.\u00a0Tiesiog\u00a0pripildykite special\u0173 \u017eymekl\u012f vandens,\u00a0kad<\/p>","protected":false},"featured_media":88826,"template":"","meta":{"_acf_changed":false,"_glsr_average":0,"_glsr_ranking":0,"_glsr_reviews":0},"product_brand":[],"product_cat":[810,229],"product_tag":[],"class_list":{"0":"post-88824","1":"product","2":"type-product","3":"status-publish","4":"has-post-thumbnail","6":"product_cat-kurybiniai-rinkiniai","7":"product_cat-zaislai-vaikams","8":"\"style=\"background-color: #2ecc711c;\"","10":"first","11":"instock","12":"purchasable","13":"product-type-simple"},"acf":[],"yoast_head":"<!-- This site is optimized with the Yoast SEO plugin v27.3 - https:\/\/yoast.com\/product\/yoast-seo-wordpress\/ -->\n<title>WOOPIE stebuklingas vandens pie\u0161imo kilim\u0117lis ma\u017eosioms princes\u0117ms<\/title>\n<meta name=\"description\" content=\"WOOPIE stebuklingas vandens pie\u0161imo kilim\u0117lis ma\u017eosioms princes\u0117ms - KidsPlay. Did\u017eiausias vaik\u0173 \u017eaisl\u0173 pasirinkimas.\" \/>\n<meta name=\"robots\" content=\"index, follow, max-snippet:-1, max-image-preview:large, max-video-preview:-1\" \/>\n<link rel=\"canonical\" href=\"https:\/\/kidsplay.lt\/lv\/products\/woopie-stebuklingas-vandens-piesimo-kilimelis-mazosioms-princesems\/\" \/>\n<meta property=\"og:locale\" content=\"lv_LV\" \/>\n<meta property=\"og:type\" content=\"article\" \/>\n<meta property=\"og:title\" content=\"WOOPIE stebuklingas vandens pie\u0161imo kilim\u0117lis ma\u017eosioms princes\u0117ms\" \/>\n<meta property=\"og:description\" content=\"WOOPIE stebuklingas vandens pie\u0161imo kilim\u0117lis ma\u017eosioms princes\u0117ms - KidsPlay. Did\u017eiausias vaik\u0173 \u017eaisl\u0173 pasirinkimas.\" \/>\n<meta property=\"og:url\" content=\"https:\/\/kidsplay.lt\/lv\/products\/woopie-stebuklingas-vandens-piesimo-kilimelis-mazosioms-princesems\/\" \/>\n<meta property=\"og:site_name\" content=\"KidsPlay\" \/>\n<meta property=\"article:publisher\" content=\"https:\/\/www.facebook.com\/www.kidsplay.lt\" \/>\n<meta property=\"article:modified_time\" content=\"2026-04-13T11:26:26+00:00\" \/>\n<meta property=\"og:image\" content=\"https:\/\/kidsplay.lt\/wp-content\/uploads\/2026\/02\/WOOPIE-stebuklingas-vandens-piesimo-kilimelis-mazosioms-princesems.jpg\" \/>\n\t<meta property=\"og:image:width\" content=\"1000\" \/>\n\t<meta property=\"og:image:height\" content=\"1000\" \/>\n\t<meta property=\"og:image:type\" content=\"image\/jpeg\" \/>\n<meta name=\"twitter:card\" content=\"summary_large_image\" \/>\n<meta name=\"twitter:label1\" content=\"Est. reading time\" \/>\n\t<meta name=\"twitter:data1\" content=\"1 min\u016bte\" \/>\n<script type=\"application\/ld+json\" class=\"yoast-schema-graph\">{\"@context\":\"https:\\\/\\\/schema.org\",\"@graph\":[{\"@type\":\"WebPage\",\"@id\":\"https:\\\/\\\/kidsplay.lt\\\/produktas\\\/woopie-stebuklingas-vandens-piesimo-kilimelis-mazosioms-princesems\\\/\",\"url\":\"https:\\\/\\\/kidsplay.lt\\\/produktas\\\/woopie-stebuklingas-vandens-piesimo-kilimelis-mazosioms-princesems\\\/\",\"name\":\"WOOPIE stebuklingas vandens pie\u0161imo kilim\u0117lis ma\u017eosioms princes\u0117ms\",\"isPartOf\":{\"@id\":\"https:\\\/\\\/kidsplay.lt\\\/#website\"},\"primaryImageOfPage\":{\"@id\":\"https:\\\/\\\/kidsplay.lt\\\/produktas\\\/woopie-stebuklingas-vandens-piesimo-kilimelis-mazosioms-princesems\\\/#primaryimage\"},\"image\":{\"@id\":\"https:\\\/\\\/kidsplay.lt\\\/produktas\\\/woopie-stebuklingas-vandens-piesimo-kilimelis-mazosioms-princesems\\\/#primaryimage\"},\"thumbnailUrl\":\"https:\\\/\\\/kidsplay.lt\\\/wp-content\\\/uploads\\\/2026\\\/02\\\/WOOPIE-stebuklingas-vandens-piesimo-kilimelis-mazosioms-princesems.jpg\",\"datePublished\":\"2026-02-26T06:42:11+00:00\",\"dateModified\":\"2026-04-13T11:26:26+00:00\",\"description\":\"WOOPIE stebuklingas vandens pie\u0161imo kilim\u0117lis ma\u017eosioms princes\u0117ms - KidsPlay. Did\u017eiausias vaik\u0173 \u017eaisl\u0173 pasirinkimas.\",\"breadcrumb\":{\"@id\":\"https:\\\/\\\/kidsplay.lt\\\/produktas\\\/woopie-stebuklingas-vandens-piesimo-kilimelis-mazosioms-princesems\\\/#breadcrumb\"},\"inLanguage\":\"lv-LV\",\"potentialAction\":[{\"@type\":\"ReadAction\",\"target\":[\"https:\\\/\\\/kidsplay.lt\\\/produktas\\\/woopie-stebuklingas-vandens-piesimo-kilimelis-mazosioms-princesems\\\/\"]}]},{\"@type\":\"ImageObject\",\"inLanguage\":\"lv-LV\",\"@id\":\"https:\\\/\\\/kidsplay.lt\\\/produktas\\\/woopie-stebuklingas-vandens-piesimo-kilimelis-mazosioms-princesems\\\/#primaryimage\",\"url\":\"https:\\\/\\\/kidsplay.lt\\\/wp-content\\\/uploads\\\/2026\\\/02\\\/WOOPIE-stebuklingas-vandens-piesimo-kilimelis-mazosioms-princesems.jpg\",\"contentUrl\":\"https:\\\/\\\/kidsplay.lt\\\/wp-content\\\/uploads\\\/2026\\\/02\\\/WOOPIE-stebuklingas-vandens-piesimo-kilimelis-mazosioms-princesems.jpg\",\"width\":1000,\"height\":1000,\"caption\":\"WOOPIE stebuklingas vandens pie\u0161imo kilim\u0117lis ma\u017eosioms princes\u0117ms\"},{\"@type\":\"BreadcrumbList\",\"@id\":\"https:\\\/\\\/kidsplay.lt\\\/produktas\\\/woopie-stebuklingas-vandens-piesimo-kilimelis-mazosioms-princesems\\\/#breadcrumb\",\"itemListElement\":[{\"@type\":\"ListItem\",\"position\":1,\"name\":\"Pagrindinis\",\"item\":\"https:\\\/\\\/kidsplay.lt\\\/\"},{\"@type\":\"ListItem\",\"position\":2,\"name\":\"Parduotuv\u0117\",\"item\":\"https:\\\/\\\/kidsplay.lt\\\/parduotuve\\\/\"},{\"@type\":\"ListItem\",\"position\":3,\"name\":\"WOOPIE stebuklingas vandens pie\u0161imo kilim\u0117lis ma\u017eosioms princes\u0117ms\"}]},{\"@type\":\"WebSite\",\"@id\":\"https:\\\/\\\/kidsplay.lt\\\/#website\",\"url\":\"https:\\\/\\\/kidsplay.lt\\\/\",\"name\":\"Kidsplay.lt\",\"description\":\"\u012evairios prek\u0117s vaikams\",\"publisher\":{\"@id\":\"https:\\\/\\\/kidsplay.lt\\\/#organization\"},\"alternateName\":\"Kidsplay\",\"potentialAction\":[{\"@type\":\"SearchAction\",\"target\":{\"@type\":\"EntryPoint\",\"urlTemplate\":\"https:\\\/\\\/kidsplay.lt\\\/?s={search_term_string}\"},\"query-input\":{\"@type\":\"PropertyValueSpecification\",\"valueRequired\":true,\"valueName\":\"search_term_string\"}}],\"inLanguage\":\"lv-LV\"},{\"@type\":\"Organization\",\"@id\":\"https:\\\/\\\/kidsplay.lt\\\/#organization\",\"name\":\"KidsPlay\",\"url\":\"https:\\\/\\\/kidsplay.lt\\\/\",\"logo\":{\"@type\":\"ImageObject\",\"inLanguage\":\"lv-LV\",\"@id\":\"https:\\\/\\\/kidsplay.lt\\\/#\\\/schema\\\/logo\\\/image\\\/\",\"url\":\"https:\\\/\\\/kidsplay.lt\\\/wp-content\\\/uploads\\\/2023\\\/07\\\/kidsplay-logo.png\",\"contentUrl\":\"https:\\\/\\\/kidsplay.lt\\\/wp-content\\\/uploads\\\/2023\\\/07\\\/kidsplay-logo.png\",\"width\":451,\"height\":98,\"caption\":\"KidsPlay\"},\"image\":{\"@id\":\"https:\\\/\\\/kidsplay.lt\\\/#\\\/schema\\\/logo\\\/image\\\/\"},\"sameAs\":[\"https:\\\/\\\/www.facebook.com\\\/www.kidsplay.lt\"]}]}<\/script>\n<!-- \/ Yoast SEO plugin. -->","yoast_head_json":{"title":"WOOPIE stebuklingas vandens pie\u0161imo kilim\u0117lis ma\u017eosioms princes\u0117ms","description":"WOOPIE stebuklingas vandens pie\u0161imo kilim\u0117lis ma\u017eosioms princes\u0117ms - KidsPlay. Did\u017eiausias vaik\u0173 \u017eaisl\u0173 pasirinkimas.","robots":{"index":"index","follow":"follow","max-snippet":"max-snippet:-1","max-image-preview":"max-image-preview:large","max-video-preview":"max-video-preview:-1"},"canonical":"https:\/\/kidsplay.lt\/lv\/products\/woopie-stebuklingas-vandens-piesimo-kilimelis-mazosioms-princesems\/","og_locale":"lv_LV","og_type":"article","og_title":"WOOPIE stebuklingas vandens pie\u0161imo kilim\u0117lis ma\u017eosioms princes\u0117ms","og_description":"WOOPIE stebuklingas vandens pie\u0161imo kilim\u0117lis ma\u017eosioms princes\u0117ms - KidsPlay. Did\u017eiausias vaik\u0173 \u017eaisl\u0173 pasirinkimas.","og_url":"https:\/\/kidsplay.lt\/lv\/products\/woopie-stebuklingas-vandens-piesimo-kilimelis-mazosioms-princesems\/","og_site_name":"KidsPlay","article_publisher":"https:\/\/www.facebook.com\/www.kidsplay.lt","article_modified_time":"2026-04-13T11:26:26+00:00","og_image":[{"width":1000,"height":1000,"url":"https:\/\/kidsplay.lt\/wp-content\/uploads\/2026\/02\/WOOPIE-stebuklingas-vandens-piesimo-kilimelis-mazosioms-princesems.jpg","type":"image\/jpeg"}],"twitter_card":"summary_large_image","twitter_misc":{"Est. reading time":"1 min\u016bte"},"schema":{"@context":"https:\/\/schema.org","@graph":[{"@type":"WebPage","@id":"https:\/\/kidsplay.lt\/produktas\/woopie-stebuklingas-vandens-piesimo-kilimelis-mazosioms-princesems\/","url":"https:\/\/kidsplay.lt\/produktas\/woopie-stebuklingas-vandens-piesimo-kilimelis-mazosioms-princesems\/","name":"WOOPIE stebuklingas vandens pie\u0161imo kilim\u0117lis ma\u017eosioms princes\u0117ms","isPartOf":{"@id":"https:\/\/kidsplay.lt\/#website"},"primaryImageOfPage":{"@id":"https:\/\/kidsplay.lt\/produktas\/woopie-stebuklingas-vandens-piesimo-kilimelis-mazosioms-princesems\/#primaryimage"},"image":{"@id":"https:\/\/kidsplay.lt\/produktas\/woopie-stebuklingas-vandens-piesimo-kilimelis-mazosioms-princesems\/#primaryimage"},"thumbnailUrl":"https:\/\/kidsplay.lt\/wp-content\/uploads\/2026\/02\/WOOPIE-stebuklingas-vandens-piesimo-kilimelis-mazosioms-princesems.jpg","datePublished":"2026-02-26T06:42:11+00:00","dateModified":"2026-04-13T11:26:26+00:00","description":"WOOPIE stebuklingas vandens pie\u0161imo kilim\u0117lis ma\u017eosioms princes\u0117ms - KidsPlay. Did\u017eiausias vaik\u0173 \u017eaisl\u0173 pasirinkimas.","breadcrumb":{"@id":"https:\/\/kidsplay.lt\/produktas\/woopie-stebuklingas-vandens-piesimo-kilimelis-mazosioms-princesems\/#breadcrumb"},"inLanguage":"lv-LV","potentialAction":[{"@type":"ReadAction","target":["https:\/\/kidsplay.lt\/produktas\/woopie-stebuklingas-vandens-piesimo-kilimelis-mazosioms-princesems\/"]}]},{"@type":"ImageObject","inLanguage":"lv-LV","@id":"https:\/\/kidsplay.lt\/produktas\/woopie-stebuklingas-vandens-piesimo-kilimelis-mazosioms-princesems\/#primaryimage","url":"https:\/\/kidsplay.lt\/wp-content\/uploads\/2026\/02\/WOOPIE-stebuklingas-vandens-piesimo-kilimelis-mazosioms-princesems.jpg","contentUrl":"https:\/\/kidsplay.lt\/wp-content\/uploads\/2026\/02\/WOOPIE-stebuklingas-vandens-piesimo-kilimelis-mazosioms-princesems.jpg","width":1000,"height":1000,"caption":"WOOPIE stebuklingas vandens pie\u0161imo kilim\u0117lis ma\u017eosioms princes\u0117ms"},{"@type":"BreadcrumbList","@id":"https:\/\/kidsplay.lt\/produktas\/woopie-stebuklingas-vandens-piesimo-kilimelis-mazosioms-princesems\/#breadcrumb","itemListElement":[{"@type":"ListItem","position":1,"name":"Pagrindinis","item":"https:\/\/kidsplay.lt\/"},{"@type":"ListItem","position":2,"name":"Parduotuv\u0117","item":"https:\/\/kidsplay.lt\/parduotuve\/"},{"@type":"ListItem","position":3,"name":"WOOPIE stebuklingas vandens pie\u0161imo kilim\u0117lis ma\u017eosioms princes\u0117ms"}]},{"@type":"WebSite","@id":"https:\/\/kidsplay.lt\/#website","url":"https:\/\/kidsplay.lt\/","name":"B\u0113rnu sp\u0113les.lv","description":"\u012evairios prek\u0117s vaikams","publisher":{"@id":"https:\/\/kidsplay.lt\/#organization"},"alternateName":"Kidsplay","potentialAction":[{"@type":"SearchAction","target":{"@type":"EntryPoint","urlTemplate":"https:\/\/kidsplay.lt\/?s={search_term_string}"},"query-input":{"@type":"PropertyValueSpecification","valueRequired":true,"valueName":"search_term_string"}}],"inLanguage":"lv-LV"},{"@type":"Organization","@id":"https:\/\/kidsplay.lt\/#organization","name":"B\u0113rnu sp\u0113le","url":"https:\/\/kidsplay.lt\/","logo":{"@type":"ImageObject","inLanguage":"lv-LV","@id":"https:\/\/kidsplay.lt\/#\/schema\/logo\/image\/","url":"https:\/\/kidsplay.lt\/wp-content\/uploads\/2023\/07\/kidsplay-logo.png","contentUrl":"https:\/\/kidsplay.lt\/wp-content\/uploads\/2023\/07\/kidsplay-logo.png","width":451,"height":98,"caption":"KidsPlay"},"image":{"@id":"https:\/\/kidsplay.lt\/#\/schema\/logo\/image\/"},"sameAs":["https:\/\/www.facebook.com\/www.kidsplay.lt"]}]}},"_links":{"self":[{"href":"https:\/\/kidsplay.lt\/lv\/wp-json\/wp\/v2\/product\/88824","targetHints":{"allow":["GET"]}}],"collection":[{"href":"https:\/\/kidsplay.lt\/lv\/wp-json\/wp\/v2\/product"}],"about":[{"href":"https:\/\/kidsplay.lt\/lv\/wp-json\/wp\/v2\/types\/product"}],"version-history":[{"count":1,"href":"https:\/\/kidsplay.lt\/lv\/wp-json\/wp\/v2\/product\/88824\/revisions"}],"predecessor-version":[{"id":88825,"href":"https:\/\/kidsplay.lt\/lv\/wp-json\/wp\/v2\/product\/88824\/revisions\/88825"}],"wp:featuredmedia":[{"embeddable":true,"href":"https:\/\/kidsplay.lt\/lv\/wp-json\/wp\/v2\/media\/88826"}],"wp:attachment":[{"href":"https:\/\/kidsplay.lt\/lv\/wp-json\/wp\/v2\/media?parent=88824"}],"wp:term":[{"taxonomy":"product_brand","embeddable":true,"href":"https:\/\/kidsplay.lt\/lv\/wp-json\/wp\/v2\/product_brand?post=88824"},{"taxonomy":"product_cat","embeddable":true,"href":"https:\/\/kidsplay.lt\/lv\/wp-json\/wp\/v2\/product_cat?post=88824"},{"taxonomy":"product_tag","embeddable":true,"href":"https:\/\/kidsplay.lt\/lv\/wp-json\/wp\/v2\/product_tag?post=88824"}],"curies":[{"name":"wp","href":"https:\/\/api.w.org\/{rel}","templated":true}]}}