{"id":88842,"date":"2026-02-26T09:00:00","date_gmt":"2026-02-26T07:00:00","guid":{"rendered":"https:\/\/kidsplay.lt\/produktas\/woopie-statybiniu-kaladeliu-siaudeliai-spalvingi-500-vnt\/"},"modified":"2026-04-07T10:18:37","modified_gmt":"2026-04-07T07:18:37","slug":"woopie-statybiniu-kaladeliu-siaudeliai-spalvingi-500-vnt","status":"publish","type":"product","link":"https:\/\/kidsplay.lt\/lv\/products\/woopie-statybiniu-kaladeliu-siaudeliai-spalvingi-500-vnt\/","title":{"rendered":"WOOPIE statybini\u0173 kalad\u0117li\u0173 \u0161iaudeliai, spalvingi, 500 vnt."},"content":{"rendered":"<p>\u201eWoopie\u00a0\u201c konstravimo \u0161iaudeliai yra unikalus \u017eaislas\u00a0, leid\u017eiantis vaikams kurti formas, geometrines fig\u016bras ir trima\u010dius darinius. Spalvingi \u0161iaudeliai ir jungtys\u00a0skatina vaizduot\u0119, lavina rank\u0173 \u012fg\u016bd\u017eius ir suteikia valand\u0173 valandas \u012fdomi\u0173 pramog\u0173\u00a0\u2013 tiek savaranki\u0161kai, tiek su \u0161eima ar draugais. Prakti\u0161kas konteineris su rankena leid\u017eia lengvai laikyti ir ne\u0161iotis rinkin\u012f, o element\u0173 \u012fvairov\u0117 u\u017etikrina, kad pramogos niekada netaps nuobod\u017eios.<\/p>\n<p>Rakstur\u012bgs:<\/p>\n<p> \t&#8211; Vaikams nuo\u00a03 met\u0173\u00a0am\u017eiaus<br \/>\n \t&#8211; Daugiafunkcis rinkinys \u012fvairioms erdvin\u0117ms konstrukcijoms statyti<br \/>\n \t&#8211; \u012evairi\u0173 spalv\u0173 \u0161iaudeliai skatina \u017eaisti ir mokytis spalv\u0173<br \/>\n \t&#8211; Saugios, patvarios ir netoksi\u0161kos med\u017eiagos<br \/>\n \t&#8211; Lengvas element\u0173 sujungimas speciali\u0173 jung\u010di\u0173 d\u0117ka<\/p>\n<p>Komplekt\u0101 ietilpst:<\/p>\n<p> \t&#8211; 125 \u0161iaudeliai, 19,5 cm<br \/>\n \t&#8211; 125 \u0161iaudeliai, kuri\u0173 skersmuo 9,5 cm<br \/>\n \t&#8211; 250 jungiam\u0173j\u0173 element\u0173<\/p>\n<p>Rota\u013clieta att\u012bst\u0101s:<\/p>\n<p> \t&#8211; Motoriniai \u012fg\u016bd\u017eiai<br \/>\n \t&#8211; Vikrumas<br \/>\n \t&#8211; Logika<br \/>\n \t&#8211; Vaizduot\u0117<br \/>\n \t&#8211; K\u016brybi\u0161kumas<\/p>","protected":false},"excerpt":{"rendered":"<p>\u201eWoopie\u00a0\u201c konstravimo \u0161iaudeliai yra unikalus \u017eaislas\u00a0, leid\u017eiantis vaikams kurti formas, geometrines fig\u016bras ir trima\u010dius darinius. Spalvingi \u0161iaudeliai ir jungtys\u00a0skatina vaizduot\u0119,<\/p>","protected":false},"featured_media":78737,"template":"","meta":{"_acf_changed":false,"_glsr_average":0,"_glsr_ranking":0,"_glsr_reviews":0},"product_brand":[],"product_cat":[446,229],"product_tag":[],"class_list":{"0":"post-88842","1":"product","2":"type-product","3":"status-publish","4":"has-post-thumbnail","6":"product_cat-konstruktoriai","7":"product_cat-zaislai-vaikams","8":"\"style=\"background-color: #2ecc711c;\"","10":"first","11":"instock","12":"purchasable","13":"product-type-simple"},"acf":[],"yoast_head":"<!-- This site is optimized with the Yoast SEO plugin v27.3 - https:\/\/yoast.com\/product\/yoast-seo-wordpress\/ -->\n<title>WOOPIE statybini\u0173 kalad\u0117li\u0173 \u0161iaudeliai, spalvingi, 500 vnt.<\/title>\n<meta name=\"description\" content=\"WOOPIE statybini\u0173 kalad\u0117li\u0173 \u0161iaudeliai, spalvingi, 500 vnt. - KidsPlay. Did\u017eiausias vaik\u0173 \u017eaisl\u0173 pasirinkimas.\" \/>\n<meta name=\"robots\" content=\"index, follow, max-snippet:-1, max-image-preview:large, max-video-preview:-1\" \/>\n<link rel=\"canonical\" href=\"https:\/\/kidsplay.lt\/lv\/products\/woopie-statybiniu-kaladeliu-siaudeliai-spalvingi-500-vnt\/\" \/>\n<meta property=\"og:locale\" content=\"lv_LV\" \/>\n<meta property=\"og:type\" content=\"article\" \/>\n<meta property=\"og:title\" content=\"WOOPIE statybini\u0173 kalad\u0117li\u0173 \u0161iaudeliai, spalvingi, 500 vnt.\" \/>\n<meta property=\"og:description\" content=\"WOOPIE statybini\u0173 kalad\u0117li\u0173 \u0161iaudeliai, spalvingi, 500 vnt. - KidsPlay. Did\u017eiausias vaik\u0173 \u017eaisl\u0173 pasirinkimas.\" \/>\n<meta property=\"og:url\" content=\"https:\/\/kidsplay.lt\/lv\/products\/woopie-statybiniu-kaladeliu-siaudeliai-spalvingi-500-vnt\/\" \/>\n<meta property=\"og:site_name\" content=\"KidsPlay\" \/>\n<meta property=\"article:publisher\" content=\"https:\/\/www.facebook.com\/www.kidsplay.lt\" \/>\n<meta property=\"article:modified_time\" content=\"2026-04-07T07:18:37+00:00\" \/>\n<meta property=\"og:image\" content=\"https:\/\/kidsplay.lt\/wp-content\/uploads\/2025\/10\/WOOPIE-statybiniu-kaladeliu-siaudeliai-spalvingi-500-vnt.jpg\" \/>\n\t<meta property=\"og:image:width\" content=\"1000\" \/>\n\t<meta property=\"og:image:height\" content=\"1000\" \/>\n\t<meta property=\"og:image:type\" content=\"image\/jpeg\" \/>\n<meta name=\"twitter:card\" content=\"summary_large_image\" \/>\n<meta name=\"twitter:label1\" content=\"Est. reading time\" \/>\n\t<meta name=\"twitter:data1\" content=\"1 min\u016bte\" \/>\n<script type=\"application\/ld+json\" class=\"yoast-schema-graph\">{\"@context\":\"https:\\\/\\\/schema.org\",\"@graph\":[{\"@type\":\"WebPage\",\"@id\":\"https:\\\/\\\/kidsplay.lt\\\/produktas\\\/woopie-statybiniu-kaladeliu-siaudeliai-spalvingi-500-vnt\\\/\",\"url\":\"https:\\\/\\\/kidsplay.lt\\\/produktas\\\/woopie-statybiniu-kaladeliu-siaudeliai-spalvingi-500-vnt\\\/\",\"name\":\"WOOPIE statybini\u0173 kalad\u0117li\u0173 \u0161iaudeliai, spalvingi, 500 vnt.\",\"isPartOf\":{\"@id\":\"https:\\\/\\\/kidsplay.lt\\\/#website\"},\"primaryImageOfPage\":{\"@id\":\"https:\\\/\\\/kidsplay.lt\\\/produktas\\\/woopie-statybiniu-kaladeliu-siaudeliai-spalvingi-500-vnt\\\/#primaryimage\"},\"image\":{\"@id\":\"https:\\\/\\\/kidsplay.lt\\\/produktas\\\/woopie-statybiniu-kaladeliu-siaudeliai-spalvingi-500-vnt\\\/#primaryimage\"},\"thumbnailUrl\":\"https:\\\/\\\/kidsplay.lt\\\/wp-content\\\/uploads\\\/2025\\\/10\\\/WOOPIE-statybiniu-kaladeliu-siaudeliai-spalvingi-500-vnt.jpg\",\"datePublished\":\"2026-02-26T07:00:00+00:00\",\"dateModified\":\"2026-04-07T07:18:37+00:00\",\"description\":\"WOOPIE statybini\u0173 kalad\u0117li\u0173 \u0161iaudeliai, spalvingi, 500 vnt. - KidsPlay. Did\u017eiausias vaik\u0173 \u017eaisl\u0173 pasirinkimas.\",\"breadcrumb\":{\"@id\":\"https:\\\/\\\/kidsplay.lt\\\/produktas\\\/woopie-statybiniu-kaladeliu-siaudeliai-spalvingi-500-vnt\\\/#breadcrumb\"},\"inLanguage\":\"lv-LV\",\"potentialAction\":[{\"@type\":\"ReadAction\",\"target\":[\"https:\\\/\\\/kidsplay.lt\\\/produktas\\\/woopie-statybiniu-kaladeliu-siaudeliai-spalvingi-500-vnt\\\/\"]}]},{\"@type\":\"ImageObject\",\"inLanguage\":\"lv-LV\",\"@id\":\"https:\\\/\\\/kidsplay.lt\\\/produktas\\\/woopie-statybiniu-kaladeliu-siaudeliai-spalvingi-500-vnt\\\/#primaryimage\",\"url\":\"https:\\\/\\\/kidsplay.lt\\\/wp-content\\\/uploads\\\/2025\\\/10\\\/WOOPIE-statybiniu-kaladeliu-siaudeliai-spalvingi-500-vnt.jpg\",\"contentUrl\":\"https:\\\/\\\/kidsplay.lt\\\/wp-content\\\/uploads\\\/2025\\\/10\\\/WOOPIE-statybiniu-kaladeliu-siaudeliai-spalvingi-500-vnt.jpg\",\"width\":1000,\"height\":1000,\"caption\":\"WOOPIE statybini\u0173 kalad\u0117li\u0173 \u0161iaudeliai\"},{\"@type\":\"BreadcrumbList\",\"@id\":\"https:\\\/\\\/kidsplay.lt\\\/produktas\\\/woopie-statybiniu-kaladeliu-siaudeliai-spalvingi-500-vnt\\\/#breadcrumb\",\"itemListElement\":[{\"@type\":\"ListItem\",\"position\":1,\"name\":\"Pagrindinis\",\"item\":\"https:\\\/\\\/kidsplay.lt\\\/\"},{\"@type\":\"ListItem\",\"position\":2,\"name\":\"Parduotuv\u0117\",\"item\":\"https:\\\/\\\/kidsplay.lt\\\/parduotuve\\\/\"},{\"@type\":\"ListItem\",\"position\":3,\"name\":\"WOOPIE statybini\u0173 kalad\u0117li\u0173 \u0161iaudeliai, spalvingi, 500 vnt.\"}]},{\"@type\":\"WebSite\",\"@id\":\"https:\\\/\\\/kidsplay.lt\\\/#website\",\"url\":\"https:\\\/\\\/kidsplay.lt\\\/\",\"name\":\"Kidsplay.lt\",\"description\":\"\u012evairios prek\u0117s vaikams\",\"publisher\":{\"@id\":\"https:\\\/\\\/kidsplay.lt\\\/#organization\"},\"alternateName\":\"Kidsplay\",\"potentialAction\":[{\"@type\":\"SearchAction\",\"target\":{\"@type\":\"EntryPoint\",\"urlTemplate\":\"https:\\\/\\\/kidsplay.lt\\\/?s={search_term_string}\"},\"query-input\":{\"@type\":\"PropertyValueSpecification\",\"valueRequired\":true,\"valueName\":\"search_term_string\"}}],\"inLanguage\":\"lv-LV\"},{\"@type\":\"Organization\",\"@id\":\"https:\\\/\\\/kidsplay.lt\\\/#organization\",\"name\":\"KidsPlay\",\"url\":\"https:\\\/\\\/kidsplay.lt\\\/\",\"logo\":{\"@type\":\"ImageObject\",\"inLanguage\":\"lv-LV\",\"@id\":\"https:\\\/\\\/kidsplay.lt\\\/#\\\/schema\\\/logo\\\/image\\\/\",\"url\":\"https:\\\/\\\/kidsplay.lt\\\/wp-content\\\/uploads\\\/2023\\\/07\\\/kidsplay-logo.png\",\"contentUrl\":\"https:\\\/\\\/kidsplay.lt\\\/wp-content\\\/uploads\\\/2023\\\/07\\\/kidsplay-logo.png\",\"width\":451,\"height\":98,\"caption\":\"KidsPlay\"},\"image\":{\"@id\":\"https:\\\/\\\/kidsplay.lt\\\/#\\\/schema\\\/logo\\\/image\\\/\"},\"sameAs\":[\"https:\\\/\\\/www.facebook.com\\\/www.kidsplay.lt\"]}]}<\/script>\n<!-- \/ Yoast SEO plugin. -->","yoast_head_json":{"title":"WOOPIE statybini\u0173 kalad\u0117li\u0173 \u0161iaudeliai, spalvingi, 500 vnt.","description":"WOOPIE statybini\u0173 kalad\u0117li\u0173 \u0161iaudeliai, spalvingi, 500 vnt. - KidsPlay. Did\u017eiausias vaik\u0173 \u017eaisl\u0173 pasirinkimas.","robots":{"index":"index","follow":"follow","max-snippet":"max-snippet:-1","max-image-preview":"max-image-preview:large","max-video-preview":"max-video-preview:-1"},"canonical":"https:\/\/kidsplay.lt\/lv\/products\/woopie-statybiniu-kaladeliu-siaudeliai-spalvingi-500-vnt\/","og_locale":"lv_LV","og_type":"article","og_title":"WOOPIE statybini\u0173 kalad\u0117li\u0173 \u0161iaudeliai, spalvingi, 500 vnt.","og_description":"WOOPIE statybini\u0173 kalad\u0117li\u0173 \u0161iaudeliai, spalvingi, 500 vnt. - KidsPlay. Did\u017eiausias vaik\u0173 \u017eaisl\u0173 pasirinkimas.","og_url":"https:\/\/kidsplay.lt\/lv\/products\/woopie-statybiniu-kaladeliu-siaudeliai-spalvingi-500-vnt\/","og_site_name":"KidsPlay","article_publisher":"https:\/\/www.facebook.com\/www.kidsplay.lt","article_modified_time":"2026-04-07T07:18:37+00:00","og_image":[{"width":1000,"height":1000,"url":"https:\/\/kidsplay.lt\/wp-content\/uploads\/2025\/10\/WOOPIE-statybiniu-kaladeliu-siaudeliai-spalvingi-500-vnt.jpg","type":"image\/jpeg"}],"twitter_card":"summary_large_image","twitter_misc":{"Est. reading time":"1 min\u016bte"},"schema":{"@context":"https:\/\/schema.org","@graph":[{"@type":"WebPage","@id":"https:\/\/kidsplay.lt\/produktas\/woopie-statybiniu-kaladeliu-siaudeliai-spalvingi-500-vnt\/","url":"https:\/\/kidsplay.lt\/produktas\/woopie-statybiniu-kaladeliu-siaudeliai-spalvingi-500-vnt\/","name":"WOOPIE statybini\u0173 kalad\u0117li\u0173 \u0161iaudeliai, spalvingi, 500 vnt.","isPartOf":{"@id":"https:\/\/kidsplay.lt\/#website"},"primaryImageOfPage":{"@id":"https:\/\/kidsplay.lt\/produktas\/woopie-statybiniu-kaladeliu-siaudeliai-spalvingi-500-vnt\/#primaryimage"},"image":{"@id":"https:\/\/kidsplay.lt\/produktas\/woopie-statybiniu-kaladeliu-siaudeliai-spalvingi-500-vnt\/#primaryimage"},"thumbnailUrl":"https:\/\/kidsplay.lt\/wp-content\/uploads\/2025\/10\/WOOPIE-statybiniu-kaladeliu-siaudeliai-spalvingi-500-vnt.jpg","datePublished":"2026-02-26T07:00:00+00:00","dateModified":"2026-04-07T07:18:37+00:00","description":"WOOPIE statybini\u0173 kalad\u0117li\u0173 \u0161iaudeliai, spalvingi, 500 vnt. - KidsPlay. Did\u017eiausias vaik\u0173 \u017eaisl\u0173 pasirinkimas.","breadcrumb":{"@id":"https:\/\/kidsplay.lt\/produktas\/woopie-statybiniu-kaladeliu-siaudeliai-spalvingi-500-vnt\/#breadcrumb"},"inLanguage":"lv-LV","potentialAction":[{"@type":"ReadAction","target":["https:\/\/kidsplay.lt\/produktas\/woopie-statybiniu-kaladeliu-siaudeliai-spalvingi-500-vnt\/"]}]},{"@type":"ImageObject","inLanguage":"lv-LV","@id":"https:\/\/kidsplay.lt\/produktas\/woopie-statybiniu-kaladeliu-siaudeliai-spalvingi-500-vnt\/#primaryimage","url":"https:\/\/kidsplay.lt\/wp-content\/uploads\/2025\/10\/WOOPIE-statybiniu-kaladeliu-siaudeliai-spalvingi-500-vnt.jpg","contentUrl":"https:\/\/kidsplay.lt\/wp-content\/uploads\/2025\/10\/WOOPIE-statybiniu-kaladeliu-siaudeliai-spalvingi-500-vnt.jpg","width":1000,"height":1000,"caption":"WOOPIE statybini\u0173 kalad\u0117li\u0173 \u0161iaudeliai"},{"@type":"BreadcrumbList","@id":"https:\/\/kidsplay.lt\/produktas\/woopie-statybiniu-kaladeliu-siaudeliai-spalvingi-500-vnt\/#breadcrumb","itemListElement":[{"@type":"ListItem","position":1,"name":"Pagrindinis","item":"https:\/\/kidsplay.lt\/"},{"@type":"ListItem","position":2,"name":"Parduotuv\u0117","item":"https:\/\/kidsplay.lt\/parduotuve\/"},{"@type":"ListItem","position":3,"name":"WOOPIE statybini\u0173 kalad\u0117li\u0173 \u0161iaudeliai, spalvingi, 500 vnt."}]},{"@type":"WebSite","@id":"https:\/\/kidsplay.lt\/#website","url":"https:\/\/kidsplay.lt\/","name":"B\u0113rnu sp\u0113les.lv","description":"\u012evairios prek\u0117s vaikams","publisher":{"@id":"https:\/\/kidsplay.lt\/#organization"},"alternateName":"Kidsplay","potentialAction":[{"@type":"SearchAction","target":{"@type":"EntryPoint","urlTemplate":"https:\/\/kidsplay.lt\/?s={search_term_string}"},"query-input":{"@type":"PropertyValueSpecification","valueRequired":true,"valueName":"search_term_string"}}],"inLanguage":"lv-LV"},{"@type":"Organization","@id":"https:\/\/kidsplay.lt\/#organization","name":"B\u0113rnu sp\u0113le","url":"https:\/\/kidsplay.lt\/","logo":{"@type":"ImageObject","inLanguage":"lv-LV","@id":"https:\/\/kidsplay.lt\/#\/schema\/logo\/image\/","url":"https:\/\/kidsplay.lt\/wp-content\/uploads\/2023\/07\/kidsplay-logo.png","contentUrl":"https:\/\/kidsplay.lt\/wp-content\/uploads\/2023\/07\/kidsplay-logo.png","width":451,"height":98,"caption":"KidsPlay"},"image":{"@id":"https:\/\/kidsplay.lt\/#\/schema\/logo\/image\/"},"sameAs":["https:\/\/www.facebook.com\/www.kidsplay.lt"]}]}},"_links":{"self":[{"href":"https:\/\/kidsplay.lt\/lv\/wp-json\/wp\/v2\/product\/88842","targetHints":{"allow":["GET"]}}],"collection":[{"href":"https:\/\/kidsplay.lt\/lv\/wp-json\/wp\/v2\/product"}],"about":[{"href":"https:\/\/kidsplay.lt\/lv\/wp-json\/wp\/v2\/types\/product"}],"version-history":[{"count":1,"href":"https:\/\/kidsplay.lt\/lv\/wp-json\/wp\/v2\/product\/88842\/revisions"}],"predecessor-version":[{"id":88843,"href":"https:\/\/kidsplay.lt\/lv\/wp-json\/wp\/v2\/product\/88842\/revisions\/88843"}],"wp:featuredmedia":[{"embeddable":true,"href":"https:\/\/kidsplay.lt\/lv\/wp-json\/wp\/v2\/media\/78737"}],"wp:attachment":[{"href":"https:\/\/kidsplay.lt\/lv\/wp-json\/wp\/v2\/media?parent=88842"}],"wp:term":[{"taxonomy":"product_brand","embeddable":true,"href":"https:\/\/kidsplay.lt\/lv\/wp-json\/wp\/v2\/product_brand?post=88842"},{"taxonomy":"product_cat","embeddable":true,"href":"https:\/\/kidsplay.lt\/lv\/wp-json\/wp\/v2\/product_cat?post=88842"},{"taxonomy":"product_tag","embeddable":true,"href":"https:\/\/kidsplay.lt\/lv\/wp-json\/wp\/v2\/product_tag?post=88842"}],"curies":[{"name":"wp","href":"https:\/\/api.w.org\/{rel}","templated":true}]}}