{"id":88844,"date":"2026-02-26T09:00:02","date_gmt":"2026-02-26T07:00:02","guid":{"rendered":"https:\/\/kidsplay.lt\/produktas\/woopie-statybiniu-kaladeliu-siaudeliai-800-vnt\/"},"modified":"2026-04-13T14:39:38","modified_gmt":"2026-04-13T11:39:38","slug":"woopie-statybiniu-kaladeliu-siaudeliai-800-vnt","status":"publish","type":"product","link":"https:\/\/kidsplay.lt\/lv\/products\/woopie-statybiniu-kaladeliu-siaudeliai-800-vnt\/","title":{"rendered":"WOOPIE salmi\u0146i kluc\u012b\u0161iem, 800 gab."},"content":{"rendered":"<p>\u201eWoopie\u201c\u00a0konstravimo \u0161iaudeliai yra unikalus \u017eaislas\u00a0, leid\u017eiantis vaikams kurti formas, geometrines fig\u016bras ir trima\u010dius darinius. Spalvingi \u0161iaudeliai ir jungtys\u00a0skatina vaizduot\u0119, lavina rank\u0173 \u012fg\u016bd\u017eius ir suteikia valand\u0173 valandas \u012fdomi\u0173 pramog\u0173\u00a0\u2013 tiek savaranki\u0161kai, tiek su \u0161eima ar draugais. Prakti\u0161kas konteineris su rankena leid\u017eia lengvai laikyti ir ne\u0161iotis rinkin\u012f, o element\u0173 \u012fvairov\u0117 u\u017etikrina, kad pramogos niekada netaps nuobod\u017eios.<\/p>\n<p>Rakstur\u012bgs:<\/p>\n<p> \t\u2013 B\u0113rniem no 3 gadu vecuma<br \/>\n \t&#8211; Daugiafunkcis rinkinys \u012fvairioms erdvin\u0117ms konstrukcijoms statyti<br \/>\n \t&#8211; \u012evairi\u0173 spalv\u0173 \u0161iaudeliai skatina \u017eaisti ir mokytis spalv\u0173<br \/>\n \t&#8211; Saugios, patvarios ir netoksi\u0161kos med\u017eiagos<br \/>\n \t&#8211; Lengvas element\u0173 sujungimas speciali\u0173 jung\u010di\u0173 d\u0117ka<br \/>\n \t&#8211; Prakti\u0161ka, daugkartinio u\u017esegimo pakuot\u0117 su rankena<\/p>\n<p>Komplekt\u0101 ietilpst:<\/p>\n<p> \t&#8211; 100 \u0161iaudeli\u0173, 19,5 cm<br \/>\n \t&#8211; 300 \u0161iaudeli\u0173, kuri\u0173 skersmuo 9,5 cm<br \/>\n \t&#8211; 400 jungiam\u0173j\u0173 element\u0173<br \/>\n \t&#8211; Rakinamas konteineris<\/p>\n<p>Rota\u013clieta att\u012bst\u0101s:<\/p>\n<p> \t\u2013 Motorisk\u0101s prasmes<br \/>\n \t&#8211; Vikrumas<br \/>\n \t\u2013 Lo\u0123ika<br \/>\n \t&#8211; Vaizduot\u0117<br \/>\n \t&#8211; K\u016brybi\u0161kumas<\/p>","protected":false},"excerpt":{"rendered":"<p>\u201eWoopie\u201c\u00a0konstravimo \u0161iaudeliai yra unikalus \u017eaislas\u00a0, leid\u017eiantis vaikams kurti formas, geometrines fig\u016bras ir trima\u010dius darinius. Spalvingi \u0161iaudeliai ir jungtys\u00a0skatina vaizduot\u0119, lavina<\/p>","protected":false},"featured_media":63060,"template":"","meta":{"_acf_changed":false,"_glsr_average":0,"_glsr_ranking":0,"_glsr_reviews":0},"product_brand":[],"product_cat":[446,229],"product_tag":[],"class_list":{"0":"post-88844","1":"product","2":"type-product","3":"status-publish","4":"has-post-thumbnail","6":"product_cat-konstruktoriai","7":"product_cat-zaislai-vaikams","8":"\"style=\"background-color: #2ecc711c;\"","10":"first","11":"instock","12":"purchasable","13":"product-type-simple"},"acf":[],"yoast_head":"<!-- This site is optimized with the Yoast SEO plugin v27.4 - https:\/\/yoast.com\/product\/yoast-seo-wordpress\/ -->\n<title>WOOPIE statybini\u0173 kalad\u0117li\u0173 \u0161iaudeliai, 800 vnt.<\/title>\n<meta name=\"description\" content=\"WOOPIE statybini\u0173 kalad\u0117li\u0173 \u0161iaudeliai, 800 vnt. - KidsPlay. Did\u017eiausias vaik\u0173 \u017eaisl\u0173 pasirinkimas.\" \/>\n<meta name=\"robots\" content=\"index, follow, max-snippet:-1, max-image-preview:large, max-video-preview:-1\" \/>\n<link rel=\"canonical\" href=\"https:\/\/kidsplay.lt\/lv\/products\/woopie-statybiniu-kaladeliu-siaudeliai-800-vnt\/\" \/>\n<meta property=\"og:locale\" content=\"lv_LV\" \/>\n<meta property=\"og:type\" content=\"article\" \/>\n<meta property=\"og:title\" content=\"WOOPIE statybini\u0173 kalad\u0117li\u0173 \u0161iaudeliai, 800 vnt.\" \/>\n<meta property=\"og:description\" content=\"WOOPIE statybini\u0173 kalad\u0117li\u0173 \u0161iaudeliai, 800 vnt. - KidsPlay. Did\u017eiausias vaik\u0173 \u017eaisl\u0173 pasirinkimas.\" \/>\n<meta property=\"og:url\" content=\"https:\/\/kidsplay.lt\/lv\/products\/woopie-statybiniu-kaladeliu-siaudeliai-800-vnt\/\" \/>\n<meta property=\"og:site_name\" content=\"KidsPlay\" \/>\n<meta property=\"article:publisher\" content=\"https:\/\/www.facebook.com\/www.kidsplay.lt\" \/>\n<meta property=\"article:modified_time\" content=\"2026-04-13T11:39:38+00:00\" \/>\n<meta property=\"og:image\" content=\"https:\/\/kidsplay.lt\/wp-content\/uploads\/2025\/09\/WOOPIE-statybiniu-kaladeliu-siaudeliai-800-vnt.jpg\" \/>\n\t<meta property=\"og:image:width\" content=\"1000\" \/>\n\t<meta property=\"og:image:height\" content=\"1000\" \/>\n\t<meta property=\"og:image:type\" content=\"image\/jpeg\" \/>\n<meta name=\"twitter:card\" content=\"summary_large_image\" \/>\n<meta name=\"twitter:label1\" content=\"Est. reading time\" \/>\n\t<meta name=\"twitter:data1\" content=\"1 min\u016bte\" \/>\n<script type=\"application\/ld+json\" class=\"yoast-schema-graph\">{\"@context\":\"https:\\\/\\\/schema.org\",\"@graph\":[{\"@type\":\"WebPage\",\"@id\":\"https:\\\/\\\/kidsplay.lt\\\/produktas\\\/woopie-statybiniu-kaladeliu-siaudeliai-800-vnt\\\/\",\"url\":\"https:\\\/\\\/kidsplay.lt\\\/produktas\\\/woopie-statybiniu-kaladeliu-siaudeliai-800-vnt\\\/\",\"name\":\"WOOPIE statybini\u0173 kalad\u0117li\u0173 \u0161iaudeliai, 800 vnt.\",\"isPartOf\":{\"@id\":\"https:\\\/\\\/kidsplay.lt\\\/#website\"},\"primaryImageOfPage\":{\"@id\":\"https:\\\/\\\/kidsplay.lt\\\/produktas\\\/woopie-statybiniu-kaladeliu-siaudeliai-800-vnt\\\/#primaryimage\"},\"image\":{\"@id\":\"https:\\\/\\\/kidsplay.lt\\\/produktas\\\/woopie-statybiniu-kaladeliu-siaudeliai-800-vnt\\\/#primaryimage\"},\"thumbnailUrl\":\"https:\\\/\\\/kidsplay.lt\\\/wp-content\\\/uploads\\\/2025\\\/09\\\/WOOPIE-statybiniu-kaladeliu-siaudeliai-800-vnt.jpg\",\"datePublished\":\"2026-02-26T07:00:02+00:00\",\"dateModified\":\"2026-04-13T11:39:38+00:00\",\"description\":\"WOOPIE statybini\u0173 kalad\u0117li\u0173 \u0161iaudeliai, 800 vnt. - KidsPlay. Did\u017eiausias vaik\u0173 \u017eaisl\u0173 pasirinkimas.\",\"breadcrumb\":{\"@id\":\"https:\\\/\\\/kidsplay.lt\\\/produktas\\\/woopie-statybiniu-kaladeliu-siaudeliai-800-vnt\\\/#breadcrumb\"},\"inLanguage\":\"lv-LV\",\"potentialAction\":[{\"@type\":\"ReadAction\",\"target\":[\"https:\\\/\\\/kidsplay.lt\\\/produktas\\\/woopie-statybiniu-kaladeliu-siaudeliai-800-vnt\\\/\"]}]},{\"@type\":\"ImageObject\",\"inLanguage\":\"lv-LV\",\"@id\":\"https:\\\/\\\/kidsplay.lt\\\/produktas\\\/woopie-statybiniu-kaladeliu-siaudeliai-800-vnt\\\/#primaryimage\",\"url\":\"https:\\\/\\\/kidsplay.lt\\\/wp-content\\\/uploads\\\/2025\\\/09\\\/WOOPIE-statybiniu-kaladeliu-siaudeliai-800-vnt.jpg\",\"contentUrl\":\"https:\\\/\\\/kidsplay.lt\\\/wp-content\\\/uploads\\\/2025\\\/09\\\/WOOPIE-statybiniu-kaladeliu-siaudeliai-800-vnt.jpg\",\"width\":1000,\"height\":1000,\"caption\":\"WOOPIE statybini\u0173 kalad\u0117li\u0173 \u0161iaudeliai\"},{\"@type\":\"BreadcrumbList\",\"@id\":\"https:\\\/\\\/kidsplay.lt\\\/produktas\\\/woopie-statybiniu-kaladeliu-siaudeliai-800-vnt\\\/#breadcrumb\",\"itemListElement\":[{\"@type\":\"ListItem\",\"position\":1,\"name\":\"Pagrindinis\",\"item\":\"https:\\\/\\\/kidsplay.lt\\\/\"},{\"@type\":\"ListItem\",\"position\":2,\"name\":\"Parduotuv\u0117\",\"item\":\"https:\\\/\\\/kidsplay.lt\\\/parduotuve\\\/\"},{\"@type\":\"ListItem\",\"position\":3,\"name\":\"WOOPIE statybini\u0173 kalad\u0117li\u0173 \u0161iaudeliai, 800 vnt.\"}]},{\"@type\":\"WebSite\",\"@id\":\"https:\\\/\\\/kidsplay.lt\\\/#website\",\"url\":\"https:\\\/\\\/kidsplay.lt\\\/\",\"name\":\"Kidsplay.lt\",\"description\":\"\u012evairios prek\u0117s vaikams\",\"publisher\":{\"@id\":\"https:\\\/\\\/kidsplay.lt\\\/#organization\"},\"alternateName\":\"Kidsplay\",\"potentialAction\":[{\"@type\":\"SearchAction\",\"target\":{\"@type\":\"EntryPoint\",\"urlTemplate\":\"https:\\\/\\\/kidsplay.lt\\\/?s={search_term_string}\"},\"query-input\":{\"@type\":\"PropertyValueSpecification\",\"valueRequired\":true,\"valueName\":\"search_term_string\"}}],\"inLanguage\":\"lv-LV\"},{\"@type\":\"Organization\",\"@id\":\"https:\\\/\\\/kidsplay.lt\\\/#organization\",\"name\":\"KidsPlay\",\"url\":\"https:\\\/\\\/kidsplay.lt\\\/\",\"logo\":{\"@type\":\"ImageObject\",\"inLanguage\":\"lv-LV\",\"@id\":\"https:\\\/\\\/kidsplay.lt\\\/#\\\/schema\\\/logo\\\/image\\\/\",\"url\":\"https:\\\/\\\/kidsplay.lt\\\/wp-content\\\/uploads\\\/2023\\\/07\\\/kidsplay-logo.png\",\"contentUrl\":\"https:\\\/\\\/kidsplay.lt\\\/wp-content\\\/uploads\\\/2023\\\/07\\\/kidsplay-logo.png\",\"width\":451,\"height\":98,\"caption\":\"KidsPlay\"},\"image\":{\"@id\":\"https:\\\/\\\/kidsplay.lt\\\/#\\\/schema\\\/logo\\\/image\\\/\"},\"sameAs\":[\"https:\\\/\\\/www.facebook.com\\\/www.kidsplay.lt\"]}]}<\/script>\n<!-- \/ Yoast SEO plugin. -->","yoast_head_json":{"title":"WOOPIE salmi\u0146i kluc\u012b\u0161iem, 800 gab.","description":"WOOPIE statybini\u0173 kalad\u0117li\u0173 \u0161iaudeliai, 800 vnt. - KidsPlay. Did\u017eiausias vaik\u0173 \u017eaisl\u0173 pasirinkimas.","robots":{"index":"index","follow":"follow","max-snippet":"max-snippet:-1","max-image-preview":"max-image-preview:large","max-video-preview":"max-video-preview:-1"},"canonical":"https:\/\/kidsplay.lt\/lv\/products\/woopie-statybiniu-kaladeliu-siaudeliai-800-vnt\/","og_locale":"lv_LV","og_type":"article","og_title":"WOOPIE statybini\u0173 kalad\u0117li\u0173 \u0161iaudeliai, 800 vnt.","og_description":"WOOPIE statybini\u0173 kalad\u0117li\u0173 \u0161iaudeliai, 800 vnt. - KidsPlay. Did\u017eiausias vaik\u0173 \u017eaisl\u0173 pasirinkimas.","og_url":"https:\/\/kidsplay.lt\/lv\/products\/woopie-statybiniu-kaladeliu-siaudeliai-800-vnt\/","og_site_name":"KidsPlay","article_publisher":"https:\/\/www.facebook.com\/www.kidsplay.lt","article_modified_time":"2026-04-13T11:39:38+00:00","og_image":[{"width":1000,"height":1000,"url":"https:\/\/kidsplay.lt\/wp-content\/uploads\/2025\/09\/WOOPIE-statybiniu-kaladeliu-siaudeliai-800-vnt.jpg","type":"image\/jpeg"}],"twitter_card":"summary_large_image","twitter_misc":{"Est. reading time":"1 min\u016bte"},"schema":{"@context":"https:\/\/schema.org","@graph":[{"@type":"WebPage","@id":"https:\/\/kidsplay.lt\/produktas\/woopie-statybiniu-kaladeliu-siaudeliai-800-vnt\/","url":"https:\/\/kidsplay.lt\/produktas\/woopie-statybiniu-kaladeliu-siaudeliai-800-vnt\/","name":"WOOPIE salmi\u0146i kluc\u012b\u0161iem, 800 gab.","isPartOf":{"@id":"https:\/\/kidsplay.lt\/#website"},"primaryImageOfPage":{"@id":"https:\/\/kidsplay.lt\/produktas\/woopie-statybiniu-kaladeliu-siaudeliai-800-vnt\/#primaryimage"},"image":{"@id":"https:\/\/kidsplay.lt\/produktas\/woopie-statybiniu-kaladeliu-siaudeliai-800-vnt\/#primaryimage"},"thumbnailUrl":"https:\/\/kidsplay.lt\/wp-content\/uploads\/2025\/09\/WOOPIE-statybiniu-kaladeliu-siaudeliai-800-vnt.jpg","datePublished":"2026-02-26T07:00:02+00:00","dateModified":"2026-04-13T11:39:38+00:00","description":"WOOPIE statybini\u0173 kalad\u0117li\u0173 \u0161iaudeliai, 800 vnt. - KidsPlay. Did\u017eiausias vaik\u0173 \u017eaisl\u0173 pasirinkimas.","breadcrumb":{"@id":"https:\/\/kidsplay.lt\/produktas\/woopie-statybiniu-kaladeliu-siaudeliai-800-vnt\/#breadcrumb"},"inLanguage":"lv-LV","potentialAction":[{"@type":"ReadAction","target":["https:\/\/kidsplay.lt\/produktas\/woopie-statybiniu-kaladeliu-siaudeliai-800-vnt\/"]}]},{"@type":"ImageObject","inLanguage":"lv-LV","@id":"https:\/\/kidsplay.lt\/produktas\/woopie-statybiniu-kaladeliu-siaudeliai-800-vnt\/#primaryimage","url":"https:\/\/kidsplay.lt\/wp-content\/uploads\/2025\/09\/WOOPIE-statybiniu-kaladeliu-siaudeliai-800-vnt.jpg","contentUrl":"https:\/\/kidsplay.lt\/wp-content\/uploads\/2025\/09\/WOOPIE-statybiniu-kaladeliu-siaudeliai-800-vnt.jpg","width":1000,"height":1000,"caption":"WOOPIE statybini\u0173 kalad\u0117li\u0173 \u0161iaudeliai"},{"@type":"BreadcrumbList","@id":"https:\/\/kidsplay.lt\/produktas\/woopie-statybiniu-kaladeliu-siaudeliai-800-vnt\/#breadcrumb","itemListElement":[{"@type":"ListItem","position":1,"name":"Pagrindinis","item":"https:\/\/kidsplay.lt\/"},{"@type":"ListItem","position":2,"name":"Parduotuv\u0117","item":"https:\/\/kidsplay.lt\/parduotuve\/"},{"@type":"ListItem","position":3,"name":"WOOPIE statybini\u0173 kalad\u0117li\u0173 \u0161iaudeliai, 800 vnt."}]},{"@type":"WebSite","@id":"https:\/\/kidsplay.lt\/#website","url":"https:\/\/kidsplay.lt\/","name":"B\u0113rnu sp\u0113les.lv","description":"\u012evairios prek\u0117s vaikams","publisher":{"@id":"https:\/\/kidsplay.lt\/#organization"},"alternateName":"Kidsplay","potentialAction":[{"@type":"SearchAction","target":{"@type":"EntryPoint","urlTemplate":"https:\/\/kidsplay.lt\/?s={search_term_string}"},"query-input":{"@type":"PropertyValueSpecification","valueRequired":true,"valueName":"search_term_string"}}],"inLanguage":"lv-LV"},{"@type":"Organization","@id":"https:\/\/kidsplay.lt\/#organization","name":"B\u0113rnu sp\u0113le","url":"https:\/\/kidsplay.lt\/","logo":{"@type":"ImageObject","inLanguage":"lv-LV","@id":"https:\/\/kidsplay.lt\/#\/schema\/logo\/image\/","url":"https:\/\/kidsplay.lt\/wp-content\/uploads\/2023\/07\/kidsplay-logo.png","contentUrl":"https:\/\/kidsplay.lt\/wp-content\/uploads\/2023\/07\/kidsplay-logo.png","width":451,"height":98,"caption":"KidsPlay"},"image":{"@id":"https:\/\/kidsplay.lt\/#\/schema\/logo\/image\/"},"sameAs":["https:\/\/www.facebook.com\/www.kidsplay.lt"]}]}},"_links":{"self":[{"href":"https:\/\/kidsplay.lt\/lv\/wp-json\/wp\/v2\/product\/88844","targetHints":{"allow":["GET"]}}],"collection":[{"href":"https:\/\/kidsplay.lt\/lv\/wp-json\/wp\/v2\/product"}],"about":[{"href":"https:\/\/kidsplay.lt\/lv\/wp-json\/wp\/v2\/types\/product"}],"version-history":[{"count":1,"href":"https:\/\/kidsplay.lt\/lv\/wp-json\/wp\/v2\/product\/88844\/revisions"}],"predecessor-version":[{"id":88845,"href":"https:\/\/kidsplay.lt\/lv\/wp-json\/wp\/v2\/product\/88844\/revisions\/88845"}],"wp:featuredmedia":[{"embeddable":true,"href":"https:\/\/kidsplay.lt\/lv\/wp-json\/wp\/v2\/media\/63060"}],"wp:attachment":[{"href":"https:\/\/kidsplay.lt\/lv\/wp-json\/wp\/v2\/media?parent=88844"}],"wp:term":[{"taxonomy":"product_brand","embeddable":true,"href":"https:\/\/kidsplay.lt\/lv\/wp-json\/wp\/v2\/product_brand?post=88844"},{"taxonomy":"product_cat","embeddable":true,"href":"https:\/\/kidsplay.lt\/lv\/wp-json\/wp\/v2\/product_cat?post=88844"},{"taxonomy":"product_tag","embeddable":true,"href":"https:\/\/kidsplay.lt\/lv\/wp-json\/wp\/v2\/product_tag?post=88844"}],"curies":[{"name":"wp","href":"https:\/\/api.w.org\/{rel}","templated":true}]}}