{"id":88848,"date":"2026-02-26T09:00:09","date_gmt":"2026-02-26T07:00:09","guid":{"rendered":"https:\/\/kidsplay.lt\/produktas\/woopie-smelio-ir-vandens-rinkinys-10in1\/"},"modified":"2026-04-13T14:39:42","modified_gmt":"2026-04-13T11:39:42","slug":"woopie-smelio-ir-vandens-rinkinys-10in1","status":"publish","type":"product","link":"https:\/\/kidsplay.lt\/lv\/products\/woopie-smelio-ir-vandens-rinkinys-10in1\/","title":{"rendered":"Woopie smil\u0161u un \u016bdens komplekts 10in1"},"content":{"rendered":"<p>Ie\u0161kai dovanos, kuri sujungt\u0173 k\u016bryb\u0105, judes\u012f ir tyrin\u0117jim\u0105? Woopie 10in1 sm\u0117lio \u017eaidim\u0173 rinkinys \u2013 tai spalvingas komplektas ma\u017eiesiems statytojams, tyrin\u0117tojams ir gamtos myl\u0117tojams. Jame yra viskas, ko reikia sm\u0117lio pilims, vandens eksperimentams ar \u017eaidimams sode.<\/p>\n<p>Rinkinys puikiai tinka papl\u016bdimiui, kiemui, sm\u0117lio d\u0117\u017eei ar net voniai, o tvirta vaik\u0173 tarka leid\u017eia lengvai perne\u0161ti sm\u0117l\u012f, \u017eaislus ar vandens \u017eaidim\u0173 \u012frankius. Tai \u017eaislas, kuris \u012ftraukia, lavina ir suteikia valand\u0173 valandas aktyvios, k\u016brybi\u0161kos veiklos.<\/p>\n<p>Raksturojums<\/p>\n<p> \tB\u0113rniem no 3 gadu vecuma<br \/>\n \tTinka \u017eaidimams sm\u0117lio d\u0117\u017e\u0117je, sode, papl\u016bdimyje ar vonioje<br \/>\n \tPuikus rinkinys ma\u017eajam sm\u0117lio statytojui<br \/>\n \tLengvi, saug\u016bs ir vaikams pritaikyti elementai<\/p>\n<p>Komplekts sast\u0101v no<\/p>\n<p> \t1 \u00d7 vaik\u0173 tarka<br \/>\n \t1 \u00d7 sm\u0117lio \/ vandens mal\u016bn\u0117lis<br \/>\n \t1 \u00d7 laistytuvas<br \/>\n \t1 \u00d7 kibir\u0117lis<br \/>\n \t1 \u00d7 kastuv\u0117lis<br \/>\n \t1 \u00d7 gr\u0117bliukai<br \/>\n \t4 \u00d7 sm\u0117lio formel\u0117s<\/p>\n<p>Rota\u013clietu lav\u012bna<\/p>\n<p> \tRoku-acu koordin\u0101cija<br \/>\n \tVaizduot\u0119 ir k\u016brybi\u0161kum\u0105<br \/>\n \tErdvin\u012f m\u0105stym\u0105<br \/>\n \tSoci\u0101l\u0101s prasmes, sp\u0113l\u0113joties kop\u0101<br \/>\n \tStambi\u0105j\u0105 ir smulki\u0105j\u0105 motorik\u0105<br \/>\n \tJudesi\u0173 tikslum\u0105 ir rank\u0173 miklum\u0105<\/p>","protected":false},"excerpt":{"rendered":"<p>Ie\u0161kai dovanos, kuri sujungt\u0173 k\u016bryb\u0105, judes\u012f ir tyrin\u0117jim\u0105? Woopie 10in1 sm\u0117lio \u017eaidim\u0173 rinkinys \u2013 tai spalvingas komplektas ma\u017eiesiems statytojams, tyrin\u0117tojams<\/p>","protected":false},"featured_media":88850,"template":"","meta":{"_acf_changed":false,"_glsr_average":0,"_glsr_ranking":0,"_glsr_reviews":0},"product_brand":[],"product_cat":[233,327],"product_tag":[],"class_list":{"0":"post-88848","1":"product","2":"type-product","3":"status-publish","4":"has-post-thumbnail","6":"product_cat-lauko-pramogos","7":"product_cat-smelio-dezes-ir-priedai","8":"\"style=\"background-color: #2ecc711c;\"","10":"first","11":"instock","12":"purchasable","13":"product-type-simple"},"acf":[],"yoast_head":"<!-- This site is optimized with the Yoast SEO plugin v27.4 - https:\/\/yoast.com\/product\/yoast-seo-wordpress\/ -->\n<title>Woopie sm\u0117lio ir vandens rinkinys 10in1<\/title>\n<meta name=\"description\" content=\"Woopie sm\u0117lio ir vandens rinkinys 10in1 - KidsPlay. Did\u017eiausias vaik\u0173 \u017eaisl\u0173 pasirinkimas.\" \/>\n<meta name=\"robots\" content=\"index, follow, max-snippet:-1, max-image-preview:large, max-video-preview:-1\" \/>\n<link rel=\"canonical\" href=\"https:\/\/kidsplay.lt\/lv\/products\/woopie-smelio-ir-vandens-rinkinys-10in1\/\" \/>\n<meta property=\"og:locale\" content=\"lv_LV\" \/>\n<meta property=\"og:type\" content=\"article\" \/>\n<meta property=\"og:title\" content=\"Woopie sm\u0117lio ir vandens rinkinys 10in1\" \/>\n<meta property=\"og:description\" content=\"Woopie sm\u0117lio ir vandens rinkinys 10in1 - KidsPlay. Did\u017eiausias vaik\u0173 \u017eaisl\u0173 pasirinkimas.\" \/>\n<meta property=\"og:url\" content=\"https:\/\/kidsplay.lt\/lv\/products\/woopie-smelio-ir-vandens-rinkinys-10in1\/\" \/>\n<meta property=\"og:site_name\" content=\"KidsPlay\" \/>\n<meta property=\"article:publisher\" content=\"https:\/\/www.facebook.com\/www.kidsplay.lt\" \/>\n<meta property=\"article:modified_time\" content=\"2026-04-13T11:39:42+00:00\" \/>\n<meta property=\"og:image\" content=\"https:\/\/kidsplay.lt\/wp-content\/uploads\/2026\/02\/Woopie-smelio-ir-vandens-rinkinys-10in1.jpg\" \/>\n\t<meta property=\"og:image:width\" content=\"1000\" \/>\n\t<meta property=\"og:image:height\" content=\"1000\" \/>\n\t<meta property=\"og:image:type\" content=\"image\/jpeg\" \/>\n<meta name=\"twitter:card\" content=\"summary_large_image\" \/>\n<meta name=\"twitter:label1\" content=\"Est. reading time\" \/>\n\t<meta name=\"twitter:data1\" content=\"1 min\u016bte\" \/>\n<script type=\"application\/ld+json\" class=\"yoast-schema-graph\">{\"@context\":\"https:\\\/\\\/schema.org\",\"@graph\":[{\"@type\":\"WebPage\",\"@id\":\"https:\\\/\\\/kidsplay.lt\\\/produktas\\\/woopie-smelio-ir-vandens-rinkinys-10in1\\\/\",\"url\":\"https:\\\/\\\/kidsplay.lt\\\/produktas\\\/woopie-smelio-ir-vandens-rinkinys-10in1\\\/\",\"name\":\"Woopie sm\u0117lio ir vandens rinkinys 10in1\",\"isPartOf\":{\"@id\":\"https:\\\/\\\/kidsplay.lt\\\/#website\"},\"primaryImageOfPage\":{\"@id\":\"https:\\\/\\\/kidsplay.lt\\\/produktas\\\/woopie-smelio-ir-vandens-rinkinys-10in1\\\/#primaryimage\"},\"image\":{\"@id\":\"https:\\\/\\\/kidsplay.lt\\\/produktas\\\/woopie-smelio-ir-vandens-rinkinys-10in1\\\/#primaryimage\"},\"thumbnailUrl\":\"https:\\\/\\\/kidsplay.lt\\\/wp-content\\\/uploads\\\/2026\\\/02\\\/Woopie-smelio-ir-vandens-rinkinys-10in1.jpg\",\"datePublished\":\"2026-02-26T07:00:09+00:00\",\"dateModified\":\"2026-04-13T11:39:42+00:00\",\"description\":\"Woopie sm\u0117lio ir vandens rinkinys 10in1 - KidsPlay. Did\u017eiausias vaik\u0173 \u017eaisl\u0173 pasirinkimas.\",\"breadcrumb\":{\"@id\":\"https:\\\/\\\/kidsplay.lt\\\/produktas\\\/woopie-smelio-ir-vandens-rinkinys-10in1\\\/#breadcrumb\"},\"inLanguage\":\"lv-LV\",\"potentialAction\":[{\"@type\":\"ReadAction\",\"target\":[\"https:\\\/\\\/kidsplay.lt\\\/produktas\\\/woopie-smelio-ir-vandens-rinkinys-10in1\\\/\"]}]},{\"@type\":\"ImageObject\",\"inLanguage\":\"lv-LV\",\"@id\":\"https:\\\/\\\/kidsplay.lt\\\/produktas\\\/woopie-smelio-ir-vandens-rinkinys-10in1\\\/#primaryimage\",\"url\":\"https:\\\/\\\/kidsplay.lt\\\/wp-content\\\/uploads\\\/2026\\\/02\\\/Woopie-smelio-ir-vandens-rinkinys-10in1.jpg\",\"contentUrl\":\"https:\\\/\\\/kidsplay.lt\\\/wp-content\\\/uploads\\\/2026\\\/02\\\/Woopie-smelio-ir-vandens-rinkinys-10in1.jpg\",\"width\":1000,\"height\":1000,\"caption\":\"Woopie sm\u0117lio ir vandens rinkinys 10in1\"},{\"@type\":\"BreadcrumbList\",\"@id\":\"https:\\\/\\\/kidsplay.lt\\\/produktas\\\/woopie-smelio-ir-vandens-rinkinys-10in1\\\/#breadcrumb\",\"itemListElement\":[{\"@type\":\"ListItem\",\"position\":1,\"name\":\"Pagrindinis\",\"item\":\"https:\\\/\\\/kidsplay.lt\\\/\"},{\"@type\":\"ListItem\",\"position\":2,\"name\":\"Parduotuv\u0117\",\"item\":\"https:\\\/\\\/kidsplay.lt\\\/parduotuve\\\/\"},{\"@type\":\"ListItem\",\"position\":3,\"name\":\"Woopie sm\u0117lio ir vandens rinkinys 10in1\"}]},{\"@type\":\"WebSite\",\"@id\":\"https:\\\/\\\/kidsplay.lt\\\/#website\",\"url\":\"https:\\\/\\\/kidsplay.lt\\\/\",\"name\":\"Kidsplay.lt\",\"description\":\"\u012evairios prek\u0117s vaikams\",\"publisher\":{\"@id\":\"https:\\\/\\\/kidsplay.lt\\\/#organization\"},\"alternateName\":\"Kidsplay\",\"potentialAction\":[{\"@type\":\"SearchAction\",\"target\":{\"@type\":\"EntryPoint\",\"urlTemplate\":\"https:\\\/\\\/kidsplay.lt\\\/?s={search_term_string}\"},\"query-input\":{\"@type\":\"PropertyValueSpecification\",\"valueRequired\":true,\"valueName\":\"search_term_string\"}}],\"inLanguage\":\"lv-LV\"},{\"@type\":\"Organization\",\"@id\":\"https:\\\/\\\/kidsplay.lt\\\/#organization\",\"name\":\"KidsPlay\",\"url\":\"https:\\\/\\\/kidsplay.lt\\\/\",\"logo\":{\"@type\":\"ImageObject\",\"inLanguage\":\"lv-LV\",\"@id\":\"https:\\\/\\\/kidsplay.lt\\\/#\\\/schema\\\/logo\\\/image\\\/\",\"url\":\"https:\\\/\\\/kidsplay.lt\\\/wp-content\\\/uploads\\\/2023\\\/07\\\/kidsplay-logo.png\",\"contentUrl\":\"https:\\\/\\\/kidsplay.lt\\\/wp-content\\\/uploads\\\/2023\\\/07\\\/kidsplay-logo.png\",\"width\":451,\"height\":98,\"caption\":\"KidsPlay\"},\"image\":{\"@id\":\"https:\\\/\\\/kidsplay.lt\\\/#\\\/schema\\\/logo\\\/image\\\/\"},\"sameAs\":[\"https:\\\/\\\/www.facebook.com\\\/www.kidsplay.lt\"]}]}<\/script>\n<!-- \/ Yoast SEO plugin. -->","yoast_head_json":{"title":"Woopie smil\u0161u un \u016bdens komplekts 10in1","description":"Woopie sm\u0117lio ir vandens rinkinys 10in1 - KidsPlay. Did\u017eiausias vaik\u0173 \u017eaisl\u0173 pasirinkimas.","robots":{"index":"index","follow":"follow","max-snippet":"max-snippet:-1","max-image-preview":"max-image-preview:large","max-video-preview":"max-video-preview:-1"},"canonical":"https:\/\/kidsplay.lt\/lv\/products\/woopie-smelio-ir-vandens-rinkinys-10in1\/","og_locale":"lv_LV","og_type":"article","og_title":"Woopie sm\u0117lio ir vandens rinkinys 10in1","og_description":"Woopie sm\u0117lio ir vandens rinkinys 10in1 - KidsPlay. Did\u017eiausias vaik\u0173 \u017eaisl\u0173 pasirinkimas.","og_url":"https:\/\/kidsplay.lt\/lv\/products\/woopie-smelio-ir-vandens-rinkinys-10in1\/","og_site_name":"KidsPlay","article_publisher":"https:\/\/www.facebook.com\/www.kidsplay.lt","article_modified_time":"2026-04-13T11:39:42+00:00","og_image":[{"width":1000,"height":1000,"url":"https:\/\/kidsplay.lt\/wp-content\/uploads\/2026\/02\/Woopie-smelio-ir-vandens-rinkinys-10in1.jpg","type":"image\/jpeg"}],"twitter_card":"summary_large_image","twitter_misc":{"Est. reading time":"1 min\u016bte"},"schema":{"@context":"https:\/\/schema.org","@graph":[{"@type":"WebPage","@id":"https:\/\/kidsplay.lt\/produktas\/woopie-smelio-ir-vandens-rinkinys-10in1\/","url":"https:\/\/kidsplay.lt\/produktas\/woopie-smelio-ir-vandens-rinkinys-10in1\/","name":"Woopie smil\u0161u un \u016bdens komplekts 10in1","isPartOf":{"@id":"https:\/\/kidsplay.lt\/#website"},"primaryImageOfPage":{"@id":"https:\/\/kidsplay.lt\/produktas\/woopie-smelio-ir-vandens-rinkinys-10in1\/#primaryimage"},"image":{"@id":"https:\/\/kidsplay.lt\/produktas\/woopie-smelio-ir-vandens-rinkinys-10in1\/#primaryimage"},"thumbnailUrl":"https:\/\/kidsplay.lt\/wp-content\/uploads\/2026\/02\/Woopie-smelio-ir-vandens-rinkinys-10in1.jpg","datePublished":"2026-02-26T07:00:09+00:00","dateModified":"2026-04-13T11:39:42+00:00","description":"Woopie sm\u0117lio ir vandens rinkinys 10in1 - KidsPlay. Did\u017eiausias vaik\u0173 \u017eaisl\u0173 pasirinkimas.","breadcrumb":{"@id":"https:\/\/kidsplay.lt\/produktas\/woopie-smelio-ir-vandens-rinkinys-10in1\/#breadcrumb"},"inLanguage":"lv-LV","potentialAction":[{"@type":"ReadAction","target":["https:\/\/kidsplay.lt\/produktas\/woopie-smelio-ir-vandens-rinkinys-10in1\/"]}]},{"@type":"ImageObject","inLanguage":"lv-LV","@id":"https:\/\/kidsplay.lt\/produktas\/woopie-smelio-ir-vandens-rinkinys-10in1\/#primaryimage","url":"https:\/\/kidsplay.lt\/wp-content\/uploads\/2026\/02\/Woopie-smelio-ir-vandens-rinkinys-10in1.jpg","contentUrl":"https:\/\/kidsplay.lt\/wp-content\/uploads\/2026\/02\/Woopie-smelio-ir-vandens-rinkinys-10in1.jpg","width":1000,"height":1000,"caption":"Woopie sm\u0117lio ir vandens rinkinys 10in1"},{"@type":"BreadcrumbList","@id":"https:\/\/kidsplay.lt\/produktas\/woopie-smelio-ir-vandens-rinkinys-10in1\/#breadcrumb","itemListElement":[{"@type":"ListItem","position":1,"name":"Pagrindinis","item":"https:\/\/kidsplay.lt\/"},{"@type":"ListItem","position":2,"name":"Parduotuv\u0117","item":"https:\/\/kidsplay.lt\/parduotuve\/"},{"@type":"ListItem","position":3,"name":"Woopie sm\u0117lio ir vandens rinkinys 10in1"}]},{"@type":"WebSite","@id":"https:\/\/kidsplay.lt\/#website","url":"https:\/\/kidsplay.lt\/","name":"B\u0113rnu sp\u0113les.lv","description":"\u012evairios prek\u0117s vaikams","publisher":{"@id":"https:\/\/kidsplay.lt\/#organization"},"alternateName":"Kidsplay","potentialAction":[{"@type":"SearchAction","target":{"@type":"EntryPoint","urlTemplate":"https:\/\/kidsplay.lt\/?s={search_term_string}"},"query-input":{"@type":"PropertyValueSpecification","valueRequired":true,"valueName":"search_term_string"}}],"inLanguage":"lv-LV"},{"@type":"Organization","@id":"https:\/\/kidsplay.lt\/#organization","name":"B\u0113rnu sp\u0113le","url":"https:\/\/kidsplay.lt\/","logo":{"@type":"ImageObject","inLanguage":"lv-LV","@id":"https:\/\/kidsplay.lt\/#\/schema\/logo\/image\/","url":"https:\/\/kidsplay.lt\/wp-content\/uploads\/2023\/07\/kidsplay-logo.png","contentUrl":"https:\/\/kidsplay.lt\/wp-content\/uploads\/2023\/07\/kidsplay-logo.png","width":451,"height":98,"caption":"KidsPlay"},"image":{"@id":"https:\/\/kidsplay.lt\/#\/schema\/logo\/image\/"},"sameAs":["https:\/\/www.facebook.com\/www.kidsplay.lt"]}]}},"_links":{"self":[{"href":"https:\/\/kidsplay.lt\/lv\/wp-json\/wp\/v2\/product\/88848","targetHints":{"allow":["GET"]}}],"collection":[{"href":"https:\/\/kidsplay.lt\/lv\/wp-json\/wp\/v2\/product"}],"about":[{"href":"https:\/\/kidsplay.lt\/lv\/wp-json\/wp\/v2\/types\/product"}],"version-history":[{"count":1,"href":"https:\/\/kidsplay.lt\/lv\/wp-json\/wp\/v2\/product\/88848\/revisions"}],"predecessor-version":[{"id":88849,"href":"https:\/\/kidsplay.lt\/lv\/wp-json\/wp\/v2\/product\/88848\/revisions\/88849"}],"wp:featuredmedia":[{"embeddable":true,"href":"https:\/\/kidsplay.lt\/lv\/wp-json\/wp\/v2\/media\/88850"}],"wp:attachment":[{"href":"https:\/\/kidsplay.lt\/lv\/wp-json\/wp\/v2\/media?parent=88848"}],"wp:term":[{"taxonomy":"product_brand","embeddable":true,"href":"https:\/\/kidsplay.lt\/lv\/wp-json\/wp\/v2\/product_brand?post=88848"},{"taxonomy":"product_cat","embeddable":true,"href":"https:\/\/kidsplay.lt\/lv\/wp-json\/wp\/v2\/product_cat?post=88848"},{"taxonomy":"product_tag","embeddable":true,"href":"https:\/\/kidsplay.lt\/lv\/wp-json\/wp\/v2\/product_tag?post=88848"}],"curies":[{"name":"wp","href":"https:\/\/api.w.org\/{rel}","templated":true}]}}