{"id":88858,"date":"2026-02-26T09:00:28","date_gmt":"2026-02-26T07:00:28","guid":{"rendered":"https:\/\/kidsplay.lt\/produktas\/woopie-smelio-rinkinys-ledai-ir-skanestai-su-kibireliu-15-daliu\/"},"modified":"2026-04-07T10:18:47","modified_gmt":"2026-04-07T07:18:47","slug":"woopie-smelio-rinkinys-ledai-ir-skanestai-su-kibireliu-15-daliu","status":"publish","type":"product","link":"https:\/\/kidsplay.lt\/lv\/products\/woopie-smelio-rinkinys-ledai-ir-skanestai-su-kibireliu-15-daliu\/","title":{"rendered":"Woopie sm\u0117lio rinkinys \u201eLedai ir skan\u0117stai\u201c su kibir\u0117liu (15 dali\u0173)"},"content":{"rendered":"<p>Leisk vaikui pasinerti \u012f sald\u017ei\u0105 fantazij\u0173 pasaulio \u017eaidim\u0173 kelion\u0119 su Woopie sm\u0117lio rinkiniu \u201eLedai ir skan\u0117stai\u201c! \u0160is spalvingas komplektas ne tik \u012fkvepia kurti sm\u0117lio desertus, bet ir lavina k\u016brybi\u0161kum\u0105, vaizduot\u0119 bei smulki\u0105j\u0105 motorik\u0105.<\/p>\n<p>Ry\u0161k\u016bs led\u0173 kau\u0161eliai, pica ir duona, kuriuos galima padalyti \u012f dalis, suteikia \u017eaidimui dar daugiau realisti\u0161kumo. Ledo kau\u0161elis puikiai tinka ir \u017eaidimams su sniegu \u017eiem\u0105, tod\u0117l rinkinys tampa universaliu vis\u0173 met\u0173 \u017eaislu.<\/p>\n<p>Raksturojums<\/p>\n<p> \t15 dali\u0173 sm\u0117lio \u017eaidim\u0173 rinkinys<br \/>\n \tPuikiai tinka sm\u0117lio d\u0117\u017eei, papl\u016bdimiui ar kiemui<br \/>\n \tVeicina rado\u0161umu un izt\u0113li<br \/>\n \tAuk\u0161tos kokyb\u0117s, saug\u016bs ir patvar\u016bs plastiko elementai<br \/>\n \tMaisto formos \u017eaislai gali b\u016bti dalijami \u012f ma\u017eesnes dalis<br \/>\n \tLed\u0173 formel\u0117s puikiai tinka sm\u0117lio lipdymui<br \/>\n \tKau\u0161elis gali b\u016bti naudojamas ir \u017eaidimams su sniegu<\/p>\n<p>Komplekts sast\u0101v no<\/p>\n<p> \tKibir\u0117lis<br \/>\n \tLed\u0173 formel\u0117s<br \/>\n \tKau\u0161elis ledams \/ sniegui<br \/>\n \tPica (dalijama)<br \/>\n \tDuona (dalijama)<\/p>\n<p>Rota\u013clietu lav\u012bna<\/p>\n<p> \tRado\u0161ums un izt\u0113le<br \/>\n \tSmalk\u0101s motorikas prasmes<br \/>\n \tSensorik\u0105 \u2013 tekst\u016bras, formas, spaudim\u0105<\/p>","protected":false},"excerpt":{"rendered":"<p>Leisk vaikui pasinerti \u012f sald\u017ei\u0105 fantazij\u0173 pasaulio \u017eaidim\u0173 kelion\u0119 su Woopie sm\u0117lio rinkiniu \u201eLedai ir skan\u0117stai\u201c! \u0160is spalvingas komplektas ne<\/p>","protected":false},"featured_media":88860,"template":"","meta":{"_acf_changed":false,"_glsr_average":0,"_glsr_ranking":0,"_glsr_reviews":0},"product_brand":[],"product_cat":[233,327],"product_tag":[],"class_list":{"0":"post-88858","1":"product","2":"type-product","3":"status-publish","4":"has-post-thumbnail","6":"product_cat-lauko-pramogos","7":"product_cat-smelio-dezes-ir-priedai","8":"\"style=\"background-color: #2ecc711c;\"","10":"first","11":"instock","12":"purchasable","13":"product-type-simple"},"acf":[],"yoast_head":"<!-- This site is optimized with the Yoast SEO plugin v27.3 - https:\/\/yoast.com\/product\/yoast-seo-wordpress\/ -->\n<title>Woopie sm\u0117lio rinkinys \u201eLedai ir skan\u0117stai\u201c su kibir\u0117liu (15 dali\u0173)<\/title>\n<meta name=\"description\" content=\"Woopie sm\u0117lio rinkinys \u201eLedai ir skan\u0117stai\u201c su kibir\u0117liu (15 dali\u0173) - KidsPlay. Did\u017eiausias vaik\u0173 \u017eaisl\u0173 pasirinkimas.\" \/>\n<meta name=\"robots\" content=\"index, follow, max-snippet:-1, max-image-preview:large, max-video-preview:-1\" \/>\n<link rel=\"canonical\" href=\"https:\/\/kidsplay.lt\/lv\/products\/woopie-smelio-rinkinys-ledai-ir-skanestai-su-kibireliu-15-daliu\/\" \/>\n<meta property=\"og:locale\" content=\"lv_LV\" \/>\n<meta property=\"og:type\" content=\"article\" \/>\n<meta property=\"og:title\" content=\"Woopie sm\u0117lio rinkinys \u201eLedai ir skan\u0117stai\u201c su kibir\u0117liu (15 dali\u0173)\" \/>\n<meta property=\"og:description\" content=\"Woopie sm\u0117lio rinkinys \u201eLedai ir skan\u0117stai\u201c su kibir\u0117liu (15 dali\u0173) - KidsPlay. Did\u017eiausias vaik\u0173 \u017eaisl\u0173 pasirinkimas.\" \/>\n<meta property=\"og:url\" content=\"https:\/\/kidsplay.lt\/lv\/products\/woopie-smelio-rinkinys-ledai-ir-skanestai-su-kibireliu-15-daliu\/\" \/>\n<meta property=\"og:site_name\" content=\"KidsPlay\" \/>\n<meta property=\"article:publisher\" content=\"https:\/\/www.facebook.com\/www.kidsplay.lt\" \/>\n<meta property=\"article:modified_time\" content=\"2026-04-07T07:18:47+00:00\" \/>\n<meta property=\"og:image\" content=\"https:\/\/kidsplay.lt\/wp-content\/uploads\/2026\/02\/Woopie-smelio-rinkinys-\u201eLedai-ir-skanestai-su-kibireliu-15-daliu.jpg\" \/>\n\t<meta property=\"og:image:width\" content=\"2560\" \/>\n\t<meta property=\"og:image:height\" content=\"2560\" \/>\n\t<meta property=\"og:image:type\" content=\"image\/jpeg\" \/>\n<meta name=\"twitter:card\" content=\"summary_large_image\" \/>\n<meta name=\"twitter:label1\" content=\"Est. reading time\" \/>\n\t<meta name=\"twitter:data1\" content=\"1 min\u016bte\" \/>\n<script type=\"application\/ld+json\" class=\"yoast-schema-graph\">{\"@context\":\"https:\\\/\\\/schema.org\",\"@graph\":[{\"@type\":\"WebPage\",\"@id\":\"https:\\\/\\\/kidsplay.lt\\\/produktas\\\/woopie-smelio-rinkinys-ledai-ir-skanestai-su-kibireliu-15-daliu\\\/\",\"url\":\"https:\\\/\\\/kidsplay.lt\\\/produktas\\\/woopie-smelio-rinkinys-ledai-ir-skanestai-su-kibireliu-15-daliu\\\/\",\"name\":\"Woopie sm\u0117lio rinkinys \u201eLedai ir skan\u0117stai\u201c su kibir\u0117liu (15 dali\u0173)\",\"isPartOf\":{\"@id\":\"https:\\\/\\\/kidsplay.lt\\\/#website\"},\"primaryImageOfPage\":{\"@id\":\"https:\\\/\\\/kidsplay.lt\\\/produktas\\\/woopie-smelio-rinkinys-ledai-ir-skanestai-su-kibireliu-15-daliu\\\/#primaryimage\"},\"image\":{\"@id\":\"https:\\\/\\\/kidsplay.lt\\\/produktas\\\/woopie-smelio-rinkinys-ledai-ir-skanestai-su-kibireliu-15-daliu\\\/#primaryimage\"},\"thumbnailUrl\":\"https:\\\/\\\/kidsplay.lt\\\/wp-content\\\/uploads\\\/2026\\\/02\\\/Woopie-smelio-rinkinys-\u201eLedai-ir-skanestai-su-kibireliu-15-daliu.jpg\",\"datePublished\":\"2026-02-26T07:00:28+00:00\",\"dateModified\":\"2026-04-07T07:18:47+00:00\",\"description\":\"Woopie sm\u0117lio rinkinys \u201eLedai ir skan\u0117stai\u201c su kibir\u0117liu (15 dali\u0173) - KidsPlay. Did\u017eiausias vaik\u0173 \u017eaisl\u0173 pasirinkimas.\",\"breadcrumb\":{\"@id\":\"https:\\\/\\\/kidsplay.lt\\\/produktas\\\/woopie-smelio-rinkinys-ledai-ir-skanestai-su-kibireliu-15-daliu\\\/#breadcrumb\"},\"inLanguage\":\"lv-LV\",\"potentialAction\":[{\"@type\":\"ReadAction\",\"target\":[\"https:\\\/\\\/kidsplay.lt\\\/produktas\\\/woopie-smelio-rinkinys-ledai-ir-skanestai-su-kibireliu-15-daliu\\\/\"]}]},{\"@type\":\"ImageObject\",\"inLanguage\":\"lv-LV\",\"@id\":\"https:\\\/\\\/kidsplay.lt\\\/produktas\\\/woopie-smelio-rinkinys-ledai-ir-skanestai-su-kibireliu-15-daliu\\\/#primaryimage\",\"url\":\"https:\\\/\\\/kidsplay.lt\\\/wp-content\\\/uploads\\\/2026\\\/02\\\/Woopie-smelio-rinkinys-\u201eLedai-ir-skanestai-su-kibireliu-15-daliu.jpg\",\"contentUrl\":\"https:\\\/\\\/kidsplay.lt\\\/wp-content\\\/uploads\\\/2026\\\/02\\\/Woopie-smelio-rinkinys-\u201eLedai-ir-skanestai-su-kibireliu-15-daliu.jpg\",\"width\":2560,\"height\":2560,\"caption\":\"Woopie sm\u0117lio rinkinys \u201eLedai ir skan\u0117stai\u201c su kibir\u0117liu (15 dali\u0173)\"},{\"@type\":\"BreadcrumbList\",\"@id\":\"https:\\\/\\\/kidsplay.lt\\\/produktas\\\/woopie-smelio-rinkinys-ledai-ir-skanestai-su-kibireliu-15-daliu\\\/#breadcrumb\",\"itemListElement\":[{\"@type\":\"ListItem\",\"position\":1,\"name\":\"Pagrindinis\",\"item\":\"https:\\\/\\\/kidsplay.lt\\\/\"},{\"@type\":\"ListItem\",\"position\":2,\"name\":\"Parduotuv\u0117\",\"item\":\"https:\\\/\\\/kidsplay.lt\\\/parduotuve\\\/\"},{\"@type\":\"ListItem\",\"position\":3,\"name\":\"Woopie sm\u0117lio rinkinys \u201eLedai ir skan\u0117stai\u201c su kibir\u0117liu (15 dali\u0173)\"}]},{\"@type\":\"WebSite\",\"@id\":\"https:\\\/\\\/kidsplay.lt\\\/#website\",\"url\":\"https:\\\/\\\/kidsplay.lt\\\/\",\"name\":\"Kidsplay.lt\",\"description\":\"\u012evairios prek\u0117s vaikams\",\"publisher\":{\"@id\":\"https:\\\/\\\/kidsplay.lt\\\/#organization\"},\"alternateName\":\"Kidsplay\",\"potentialAction\":[{\"@type\":\"SearchAction\",\"target\":{\"@type\":\"EntryPoint\",\"urlTemplate\":\"https:\\\/\\\/kidsplay.lt\\\/?s={search_term_string}\"},\"query-input\":{\"@type\":\"PropertyValueSpecification\",\"valueRequired\":true,\"valueName\":\"search_term_string\"}}],\"inLanguage\":\"lv-LV\"},{\"@type\":\"Organization\",\"@id\":\"https:\\\/\\\/kidsplay.lt\\\/#organization\",\"name\":\"KidsPlay\",\"url\":\"https:\\\/\\\/kidsplay.lt\\\/\",\"logo\":{\"@type\":\"ImageObject\",\"inLanguage\":\"lv-LV\",\"@id\":\"https:\\\/\\\/kidsplay.lt\\\/#\\\/schema\\\/logo\\\/image\\\/\",\"url\":\"https:\\\/\\\/kidsplay.lt\\\/wp-content\\\/uploads\\\/2023\\\/07\\\/kidsplay-logo.png\",\"contentUrl\":\"https:\\\/\\\/kidsplay.lt\\\/wp-content\\\/uploads\\\/2023\\\/07\\\/kidsplay-logo.png\",\"width\":451,\"height\":98,\"caption\":\"KidsPlay\"},\"image\":{\"@id\":\"https:\\\/\\\/kidsplay.lt\\\/#\\\/schema\\\/logo\\\/image\\\/\"},\"sameAs\":[\"https:\\\/\\\/www.facebook.com\\\/www.kidsplay.lt\"]}]}<\/script>\n<!-- \/ Yoast SEO plugin. -->","yoast_head_json":{"title":"Woopie sm\u0117lio rinkinys \u201eLedai ir skan\u0117stai\u201c su kibir\u0117liu (15 dali\u0173)","description":"Woopie sm\u0117lio rinkinys \u201eLedai ir skan\u0117stai\u201c su kibir\u0117liu (15 dali\u0173) - KidsPlay. Did\u017eiausias vaik\u0173 \u017eaisl\u0173 pasirinkimas.","robots":{"index":"index","follow":"follow","max-snippet":"max-snippet:-1","max-image-preview":"max-image-preview:large","max-video-preview":"max-video-preview:-1"},"canonical":"https:\/\/kidsplay.lt\/lv\/products\/woopie-smelio-rinkinys-ledai-ir-skanestai-su-kibireliu-15-daliu\/","og_locale":"lv_LV","og_type":"article","og_title":"Woopie sm\u0117lio rinkinys \u201eLedai ir skan\u0117stai\u201c su kibir\u0117liu (15 dali\u0173)","og_description":"Woopie sm\u0117lio rinkinys \u201eLedai ir skan\u0117stai\u201c su kibir\u0117liu (15 dali\u0173) - KidsPlay. Did\u017eiausias vaik\u0173 \u017eaisl\u0173 pasirinkimas.","og_url":"https:\/\/kidsplay.lt\/lv\/products\/woopie-smelio-rinkinys-ledai-ir-skanestai-su-kibireliu-15-daliu\/","og_site_name":"KidsPlay","article_publisher":"https:\/\/www.facebook.com\/www.kidsplay.lt","article_modified_time":"2026-04-07T07:18:47+00:00","og_image":[{"width":2560,"height":2560,"url":"https:\/\/kidsplay.lt\/wp-content\/uploads\/2026\/02\/Woopie-smelio-rinkinys-\u201eLedai-ir-skanestai-su-kibireliu-15-daliu.jpg","type":"image\/jpeg"}],"twitter_card":"summary_large_image","twitter_misc":{"Est. reading time":"1 min\u016bte"},"schema":{"@context":"https:\/\/schema.org","@graph":[{"@type":"WebPage","@id":"https:\/\/kidsplay.lt\/produktas\/woopie-smelio-rinkinys-ledai-ir-skanestai-su-kibireliu-15-daliu\/","url":"https:\/\/kidsplay.lt\/produktas\/woopie-smelio-rinkinys-ledai-ir-skanestai-su-kibireliu-15-daliu\/","name":"Woopie sm\u0117lio rinkinys \u201eLedai ir skan\u0117stai\u201c su kibir\u0117liu (15 dali\u0173)","isPartOf":{"@id":"https:\/\/kidsplay.lt\/#website"},"primaryImageOfPage":{"@id":"https:\/\/kidsplay.lt\/produktas\/woopie-smelio-rinkinys-ledai-ir-skanestai-su-kibireliu-15-daliu\/#primaryimage"},"image":{"@id":"https:\/\/kidsplay.lt\/produktas\/woopie-smelio-rinkinys-ledai-ir-skanestai-su-kibireliu-15-daliu\/#primaryimage"},"thumbnailUrl":"https:\/\/kidsplay.lt\/wp-content\/uploads\/2026\/02\/Woopie-smelio-rinkinys-\u201eLedai-ir-skanestai-su-kibireliu-15-daliu.jpg","datePublished":"2026-02-26T07:00:28+00:00","dateModified":"2026-04-07T07:18:47+00:00","description":"Woopie sm\u0117lio rinkinys \u201eLedai ir skan\u0117stai\u201c su kibir\u0117liu (15 dali\u0173) - KidsPlay. Did\u017eiausias vaik\u0173 \u017eaisl\u0173 pasirinkimas.","breadcrumb":{"@id":"https:\/\/kidsplay.lt\/produktas\/woopie-smelio-rinkinys-ledai-ir-skanestai-su-kibireliu-15-daliu\/#breadcrumb"},"inLanguage":"lv-LV","potentialAction":[{"@type":"ReadAction","target":["https:\/\/kidsplay.lt\/produktas\/woopie-smelio-rinkinys-ledai-ir-skanestai-su-kibireliu-15-daliu\/"]}]},{"@type":"ImageObject","inLanguage":"lv-LV","@id":"https:\/\/kidsplay.lt\/produktas\/woopie-smelio-rinkinys-ledai-ir-skanestai-su-kibireliu-15-daliu\/#primaryimage","url":"https:\/\/kidsplay.lt\/wp-content\/uploads\/2026\/02\/Woopie-smelio-rinkinys-\u201eLedai-ir-skanestai-su-kibireliu-15-daliu.jpg","contentUrl":"https:\/\/kidsplay.lt\/wp-content\/uploads\/2026\/02\/Woopie-smelio-rinkinys-\u201eLedai-ir-skanestai-su-kibireliu-15-daliu.jpg","width":2560,"height":2560,"caption":"Woopie sm\u0117lio rinkinys \u201eLedai ir skan\u0117stai\u201c su kibir\u0117liu (15 dali\u0173)"},{"@type":"BreadcrumbList","@id":"https:\/\/kidsplay.lt\/produktas\/woopie-smelio-rinkinys-ledai-ir-skanestai-su-kibireliu-15-daliu\/#breadcrumb","itemListElement":[{"@type":"ListItem","position":1,"name":"Pagrindinis","item":"https:\/\/kidsplay.lt\/"},{"@type":"ListItem","position":2,"name":"Parduotuv\u0117","item":"https:\/\/kidsplay.lt\/parduotuve\/"},{"@type":"ListItem","position":3,"name":"Woopie sm\u0117lio rinkinys \u201eLedai ir skan\u0117stai\u201c su kibir\u0117liu (15 dali\u0173)"}]},{"@type":"WebSite","@id":"https:\/\/kidsplay.lt\/#website","url":"https:\/\/kidsplay.lt\/","name":"B\u0113rnu sp\u0113les.lv","description":"\u012evairios prek\u0117s vaikams","publisher":{"@id":"https:\/\/kidsplay.lt\/#organization"},"alternateName":"Kidsplay","potentialAction":[{"@type":"SearchAction","target":{"@type":"EntryPoint","urlTemplate":"https:\/\/kidsplay.lt\/?s={search_term_string}"},"query-input":{"@type":"PropertyValueSpecification","valueRequired":true,"valueName":"search_term_string"}}],"inLanguage":"lv-LV"},{"@type":"Organization","@id":"https:\/\/kidsplay.lt\/#organization","name":"B\u0113rnu sp\u0113le","url":"https:\/\/kidsplay.lt\/","logo":{"@type":"ImageObject","inLanguage":"lv-LV","@id":"https:\/\/kidsplay.lt\/#\/schema\/logo\/image\/","url":"https:\/\/kidsplay.lt\/wp-content\/uploads\/2023\/07\/kidsplay-logo.png","contentUrl":"https:\/\/kidsplay.lt\/wp-content\/uploads\/2023\/07\/kidsplay-logo.png","width":451,"height":98,"caption":"KidsPlay"},"image":{"@id":"https:\/\/kidsplay.lt\/#\/schema\/logo\/image\/"},"sameAs":["https:\/\/www.facebook.com\/www.kidsplay.lt"]}]}},"_links":{"self":[{"href":"https:\/\/kidsplay.lt\/lv\/wp-json\/wp\/v2\/product\/88858","targetHints":{"allow":["GET"]}}],"collection":[{"href":"https:\/\/kidsplay.lt\/lv\/wp-json\/wp\/v2\/product"}],"about":[{"href":"https:\/\/kidsplay.lt\/lv\/wp-json\/wp\/v2\/types\/product"}],"version-history":[{"count":1,"href":"https:\/\/kidsplay.lt\/lv\/wp-json\/wp\/v2\/product\/88858\/revisions"}],"predecessor-version":[{"id":88859,"href":"https:\/\/kidsplay.lt\/lv\/wp-json\/wp\/v2\/product\/88858\/revisions\/88859"}],"wp:featuredmedia":[{"embeddable":true,"href":"https:\/\/kidsplay.lt\/lv\/wp-json\/wp\/v2\/media\/88860"}],"wp:attachment":[{"href":"https:\/\/kidsplay.lt\/lv\/wp-json\/wp\/v2\/media?parent=88858"}],"wp:term":[{"taxonomy":"product_brand","embeddable":true,"href":"https:\/\/kidsplay.lt\/lv\/wp-json\/wp\/v2\/product_brand?post=88858"},{"taxonomy":"product_cat","embeddable":true,"href":"https:\/\/kidsplay.lt\/lv\/wp-json\/wp\/v2\/product_cat?post=88858"},{"taxonomy":"product_tag","embeddable":true,"href":"https:\/\/kidsplay.lt\/lv\/wp-json\/wp\/v2\/product_tag?post=88858"}],"curies":[{"name":"wp","href":"https:\/\/api.w.org\/{rel}","templated":true}]}}