{"id":88888,"date":"2026-02-26T09:01:32","date_gmt":"2026-02-26T07:01:32","guid":{"rendered":"https:\/\/kidsplay.lt\/produktas\/classic-world-medinis-loginis-zaidimas-krintantis-riesutelis\/"},"modified":"2026-04-13T14:40:04","modified_gmt":"2026-04-13T11:40:04","slug":"classic-world-medinis-loginis-zaidimas-krintantis-riesutelis","status":"publish","type":"product","link":"https:\/\/kidsplay.lt\/lv\/products\/classic-world-medinis-loginis-zaidimas-krintantis-riesutelis\/","title":{"rendered":"Klasisk\u0101s pasaules koka puzles sp\u0113le &quot;Kr\u012bto\u0161ais rieksts&quot;\u201e"},"content":{"rendered":"<p>Leisk vaikui pasinerti \u012f smagi\u0105, \u012ftraukian\u010di\u0105 ir lavinan\u010di\u0105 \u017eaidim\u0173 patirt\u012f su Classic World \u201eKrintan\u010diu Rie\u0161ut\u0117liu\u201c! Tai \u017eavingas loginis \u017eaidimas, kuriame ma\u017eieji turi atsargiai traukti medinius kalad\u0117lius i\u0161 sienel\u0117s taip, kad ant vir\u0161aus esantis rie\u0161ut\u0117lis nenukrist\u0173. Pralaimi tas, kurio \u0117jimas sugriauna konstrukcij\u0105 \u2014 tod\u0117l \u017eaidimas kupinas \u012ftampos, juoko ir sveikos konkurencijos.<\/p>\n<p>Mi\u0161ko tematika su vover\u0117mis ir med\u017eiais suteikia \u017eaidimui jaukumo, o kompakti\u0161kas dydis leid\u017eia pasiimti j\u012f \u012f kelion\u0119, pas draugus ar \u017eaisti namuose.<\/p>\n<p>Raksturojums<\/p>\n<p> \tPagamintas i\u0161 auk\u0161tos kokyb\u0117s med\u017eio<br \/>\n \tPaprastos taisykl\u0117s \u2014 tinka tiek vaikams, tiek suaugusiesiems<br \/>\n \tJauki mi\u0161ko tematika su vover\u0117le<br \/>\n \tKompakti\u0161kas dydis \u2014 patogu \u017eaisti namuose ir kelion\u0117se<\/p>\n<p>Rota\u013clietu lav\u012bna<\/p>\n<p> \tRank\u0173\u2013aki\u0173 koordinacij\u0105 ir judesi\u0173 tikslum\u0105<br \/>\n \tKantryb\u0119, susikaupim\u0105 ir geb\u0117jim\u0105 laukti savo eil\u0117s<br \/>\n \tLogin\u012f m\u0105stym\u0105 ir planavim\u0105<br \/>\n \tBendradarbiavim\u0105 ir s\u0105\u017eining\u0105 konkurencij\u0105<\/p>","protected":false},"excerpt":{"rendered":"<p>Leisk vaikui pasinerti \u012f smagi\u0105, \u012ftraukian\u010di\u0105 ir lavinan\u010di\u0105 \u017eaidim\u0173 patirt\u012f su Classic World \u201eKrintan\u010diu Rie\u0161ut\u0117liu\u201c! Tai \u017eavingas loginis \u017eaidimas, kuriame<\/p>","protected":false},"featured_media":88890,"template":"","meta":{"_acf_changed":false,"_glsr_average":0,"_glsr_ranking":0,"_glsr_reviews":0},"product_brand":[],"product_cat":[884,883],"product_tag":[],"class_list":{"0":"post-88888","1":"product","2":"type-product","3":"status-publish","4":"has-post-thumbnail","6":"product_cat-edukaciniai-lavinamieji-mediniai-zaislai","7":"product_cat-mediniai-zaislai-2","8":"\"style=\"background-color: #2ecc711c;\"","10":"first","11":"instock","12":"purchasable","13":"product-type-simple"},"acf":[],"yoast_head":"<!-- This site is optimized with the Yoast SEO plugin v27.4 - https:\/\/yoast.com\/product\/yoast-seo-wordpress\/ -->\n<title>Classic World medinis loginis \u017eaidimas \u201eKrintantis Rie\u0161ut\u0117lis\u201c<\/title>\n<meta name=\"description\" content=\"Classic World medinis loginis \u017eaidimas \u201eKrintantis Rie\u0161ut\u0117lis\u201c - KidsPlay. Did\u017eiausias vaik\u0173 \u017eaisl\u0173 pasirinkimas.\" \/>\n<meta name=\"robots\" content=\"index, follow, max-snippet:-1, max-image-preview:large, max-video-preview:-1\" \/>\n<link rel=\"canonical\" href=\"https:\/\/kidsplay.lt\/lv\/products\/classic-world-medinis-loginis-zaidimas-krintantis-riesutelis\/\" \/>\n<meta property=\"og:locale\" content=\"lv_LV\" \/>\n<meta property=\"og:type\" content=\"article\" \/>\n<meta property=\"og:title\" content=\"Classic World medinis loginis \u017eaidimas \u201eKrintantis Rie\u0161ut\u0117lis\u201c\" \/>\n<meta property=\"og:description\" content=\"Classic World medinis loginis \u017eaidimas \u201eKrintantis Rie\u0161ut\u0117lis\u201c - KidsPlay. Did\u017eiausias vaik\u0173 \u017eaisl\u0173 pasirinkimas.\" \/>\n<meta property=\"og:url\" content=\"https:\/\/kidsplay.lt\/lv\/products\/classic-world-medinis-loginis-zaidimas-krintantis-riesutelis\/\" \/>\n<meta property=\"og:site_name\" content=\"KidsPlay\" \/>\n<meta property=\"article:publisher\" content=\"https:\/\/www.facebook.com\/www.kidsplay.lt\" \/>\n<meta property=\"article:modified_time\" content=\"2026-04-13T11:40:04+00:00\" \/>\n<meta property=\"og:image\" content=\"https:\/\/kidsplay.lt\/wp-content\/uploads\/2026\/02\/Classic-World-medinis-loginis-zaidimas-\u201eKrintantis-Riesutelis.jpg\" \/>\n\t<meta property=\"og:image:width\" content=\"1000\" \/>\n\t<meta property=\"og:image:height\" content=\"1000\" \/>\n\t<meta property=\"og:image:type\" content=\"image\/jpeg\" \/>\n<meta name=\"twitter:card\" content=\"summary_large_image\" \/>\n<meta name=\"twitter:label1\" content=\"Est. reading time\" \/>\n\t<meta name=\"twitter:data1\" content=\"1 min\u016bte\" \/>\n<script type=\"application\/ld+json\" class=\"yoast-schema-graph\">{\"@context\":\"https:\\\/\\\/schema.org\",\"@graph\":[{\"@type\":\"WebPage\",\"@id\":\"https:\\\/\\\/kidsplay.lt\\\/produktas\\\/classic-world-medinis-loginis-zaidimas-krintantis-riesutelis\\\/\",\"url\":\"https:\\\/\\\/kidsplay.lt\\\/produktas\\\/classic-world-medinis-loginis-zaidimas-krintantis-riesutelis\\\/\",\"name\":\"Classic World medinis loginis \u017eaidimas \u201eKrintantis Rie\u0161ut\u0117lis\u201c\",\"isPartOf\":{\"@id\":\"https:\\\/\\\/kidsplay.lt\\\/#website\"},\"primaryImageOfPage\":{\"@id\":\"https:\\\/\\\/kidsplay.lt\\\/produktas\\\/classic-world-medinis-loginis-zaidimas-krintantis-riesutelis\\\/#primaryimage\"},\"image\":{\"@id\":\"https:\\\/\\\/kidsplay.lt\\\/produktas\\\/classic-world-medinis-loginis-zaidimas-krintantis-riesutelis\\\/#primaryimage\"},\"thumbnailUrl\":\"https:\\\/\\\/kidsplay.lt\\\/wp-content\\\/uploads\\\/2026\\\/02\\\/Classic-World-medinis-loginis-zaidimas-\u201eKrintantis-Riesutelis.jpg\",\"datePublished\":\"2026-02-26T07:01:32+00:00\",\"dateModified\":\"2026-04-13T11:40:04+00:00\",\"description\":\"Classic World medinis loginis \u017eaidimas \u201eKrintantis Rie\u0161ut\u0117lis\u201c - KidsPlay. Did\u017eiausias vaik\u0173 \u017eaisl\u0173 pasirinkimas.\",\"breadcrumb\":{\"@id\":\"https:\\\/\\\/kidsplay.lt\\\/produktas\\\/classic-world-medinis-loginis-zaidimas-krintantis-riesutelis\\\/#breadcrumb\"},\"inLanguage\":\"lv-LV\",\"potentialAction\":[{\"@type\":\"ReadAction\",\"target\":[\"https:\\\/\\\/kidsplay.lt\\\/produktas\\\/classic-world-medinis-loginis-zaidimas-krintantis-riesutelis\\\/\"]}]},{\"@type\":\"ImageObject\",\"inLanguage\":\"lv-LV\",\"@id\":\"https:\\\/\\\/kidsplay.lt\\\/produktas\\\/classic-world-medinis-loginis-zaidimas-krintantis-riesutelis\\\/#primaryimage\",\"url\":\"https:\\\/\\\/kidsplay.lt\\\/wp-content\\\/uploads\\\/2026\\\/02\\\/Classic-World-medinis-loginis-zaidimas-\u201eKrintantis-Riesutelis.jpg\",\"contentUrl\":\"https:\\\/\\\/kidsplay.lt\\\/wp-content\\\/uploads\\\/2026\\\/02\\\/Classic-World-medinis-loginis-zaidimas-\u201eKrintantis-Riesutelis.jpg\",\"width\":1000,\"height\":1000,\"caption\":\"Classic World medinis loginis \u017eaidimas \u201eKrintantis Rie\u0161ut\u0117lis\u201c\"},{\"@type\":\"BreadcrumbList\",\"@id\":\"https:\\\/\\\/kidsplay.lt\\\/produktas\\\/classic-world-medinis-loginis-zaidimas-krintantis-riesutelis\\\/#breadcrumb\",\"itemListElement\":[{\"@type\":\"ListItem\",\"position\":1,\"name\":\"Pagrindinis\",\"item\":\"https:\\\/\\\/kidsplay.lt\\\/\"},{\"@type\":\"ListItem\",\"position\":2,\"name\":\"Parduotuv\u0117\",\"item\":\"https:\\\/\\\/kidsplay.lt\\\/parduotuve\\\/\"},{\"@type\":\"ListItem\",\"position\":3,\"name\":\"Classic World medinis loginis \u017eaidimas \u201eKrintantis Rie\u0161ut\u0117lis\u201c\"}]},{\"@type\":\"WebSite\",\"@id\":\"https:\\\/\\\/kidsplay.lt\\\/#website\",\"url\":\"https:\\\/\\\/kidsplay.lt\\\/\",\"name\":\"Kidsplay.lt\",\"description\":\"\u012evairios prek\u0117s vaikams\",\"publisher\":{\"@id\":\"https:\\\/\\\/kidsplay.lt\\\/#organization\"},\"alternateName\":\"Kidsplay\",\"potentialAction\":[{\"@type\":\"SearchAction\",\"target\":{\"@type\":\"EntryPoint\",\"urlTemplate\":\"https:\\\/\\\/kidsplay.lt\\\/?s={search_term_string}\"},\"query-input\":{\"@type\":\"PropertyValueSpecification\",\"valueRequired\":true,\"valueName\":\"search_term_string\"}}],\"inLanguage\":\"lv-LV\"},{\"@type\":\"Organization\",\"@id\":\"https:\\\/\\\/kidsplay.lt\\\/#organization\",\"name\":\"KidsPlay\",\"url\":\"https:\\\/\\\/kidsplay.lt\\\/\",\"logo\":{\"@type\":\"ImageObject\",\"inLanguage\":\"lv-LV\",\"@id\":\"https:\\\/\\\/kidsplay.lt\\\/#\\\/schema\\\/logo\\\/image\\\/\",\"url\":\"https:\\\/\\\/kidsplay.lt\\\/wp-content\\\/uploads\\\/2023\\\/07\\\/kidsplay-logo.png\",\"contentUrl\":\"https:\\\/\\\/kidsplay.lt\\\/wp-content\\\/uploads\\\/2023\\\/07\\\/kidsplay-logo.png\",\"width\":451,\"height\":98,\"caption\":\"KidsPlay\"},\"image\":{\"@id\":\"https:\\\/\\\/kidsplay.lt\\\/#\\\/schema\\\/logo\\\/image\\\/\"},\"sameAs\":[\"https:\\\/\\\/www.facebook.com\\\/www.kidsplay.lt\"]}]}<\/script>\n<!-- \/ Yoast SEO plugin. -->","yoast_head_json":{"title":"Klasisk\u0101s pasaules koka puzles sp\u0113le &quot;Kr\u012bto\u0161ais rieksts&quot;\u201e","description":"Classic World medinis loginis \u017eaidimas \u201eKrintantis Rie\u0161ut\u0117lis\u201c - KidsPlay. Did\u017eiausias vaik\u0173 \u017eaisl\u0173 pasirinkimas.","robots":{"index":"index","follow":"follow","max-snippet":"max-snippet:-1","max-image-preview":"max-image-preview:large","max-video-preview":"max-video-preview:-1"},"canonical":"https:\/\/kidsplay.lt\/lv\/products\/classic-world-medinis-loginis-zaidimas-krintantis-riesutelis\/","og_locale":"lv_LV","og_type":"article","og_title":"Classic World medinis loginis \u017eaidimas \u201eKrintantis Rie\u0161ut\u0117lis\u201c","og_description":"Classic World medinis loginis \u017eaidimas \u201eKrintantis Rie\u0161ut\u0117lis\u201c - KidsPlay. Did\u017eiausias vaik\u0173 \u017eaisl\u0173 pasirinkimas.","og_url":"https:\/\/kidsplay.lt\/lv\/products\/classic-world-medinis-loginis-zaidimas-krintantis-riesutelis\/","og_site_name":"KidsPlay","article_publisher":"https:\/\/www.facebook.com\/www.kidsplay.lt","article_modified_time":"2026-04-13T11:40:04+00:00","og_image":[{"width":1000,"height":1000,"url":"https:\/\/kidsplay.lt\/wp-content\/uploads\/2026\/02\/Classic-World-medinis-loginis-zaidimas-\u201eKrintantis-Riesutelis.jpg","type":"image\/jpeg"}],"twitter_card":"summary_large_image","twitter_misc":{"Est. reading time":"1 min\u016bte"},"schema":{"@context":"https:\/\/schema.org","@graph":[{"@type":"WebPage","@id":"https:\/\/kidsplay.lt\/produktas\/classic-world-medinis-loginis-zaidimas-krintantis-riesutelis\/","url":"https:\/\/kidsplay.lt\/produktas\/classic-world-medinis-loginis-zaidimas-krintantis-riesutelis\/","name":"Klasisk\u0101s pasaules koka puzles sp\u0113le &quot;Kr\u012bto\u0161ais rieksts&quot;\u201e","isPartOf":{"@id":"https:\/\/kidsplay.lt\/#website"},"primaryImageOfPage":{"@id":"https:\/\/kidsplay.lt\/produktas\/classic-world-medinis-loginis-zaidimas-krintantis-riesutelis\/#primaryimage"},"image":{"@id":"https:\/\/kidsplay.lt\/produktas\/classic-world-medinis-loginis-zaidimas-krintantis-riesutelis\/#primaryimage"},"thumbnailUrl":"https:\/\/kidsplay.lt\/wp-content\/uploads\/2026\/02\/Classic-World-medinis-loginis-zaidimas-\u201eKrintantis-Riesutelis.jpg","datePublished":"2026-02-26T07:01:32+00:00","dateModified":"2026-04-13T11:40:04+00:00","description":"Classic World medinis loginis \u017eaidimas \u201eKrintantis Rie\u0161ut\u0117lis\u201c - KidsPlay. Did\u017eiausias vaik\u0173 \u017eaisl\u0173 pasirinkimas.","breadcrumb":{"@id":"https:\/\/kidsplay.lt\/produktas\/classic-world-medinis-loginis-zaidimas-krintantis-riesutelis\/#breadcrumb"},"inLanguage":"lv-LV","potentialAction":[{"@type":"ReadAction","target":["https:\/\/kidsplay.lt\/produktas\/classic-world-medinis-loginis-zaidimas-krintantis-riesutelis\/"]}]},{"@type":"ImageObject","inLanguage":"lv-LV","@id":"https:\/\/kidsplay.lt\/produktas\/classic-world-medinis-loginis-zaidimas-krintantis-riesutelis\/#primaryimage","url":"https:\/\/kidsplay.lt\/wp-content\/uploads\/2026\/02\/Classic-World-medinis-loginis-zaidimas-\u201eKrintantis-Riesutelis.jpg","contentUrl":"https:\/\/kidsplay.lt\/wp-content\/uploads\/2026\/02\/Classic-World-medinis-loginis-zaidimas-\u201eKrintantis-Riesutelis.jpg","width":1000,"height":1000,"caption":"Classic World medinis loginis \u017eaidimas \u201eKrintantis Rie\u0161ut\u0117lis\u201c"},{"@type":"BreadcrumbList","@id":"https:\/\/kidsplay.lt\/produktas\/classic-world-medinis-loginis-zaidimas-krintantis-riesutelis\/#breadcrumb","itemListElement":[{"@type":"ListItem","position":1,"name":"Pagrindinis","item":"https:\/\/kidsplay.lt\/"},{"@type":"ListItem","position":2,"name":"Parduotuv\u0117","item":"https:\/\/kidsplay.lt\/parduotuve\/"},{"@type":"ListItem","position":3,"name":"Classic World medinis loginis \u017eaidimas \u201eKrintantis Rie\u0161ut\u0117lis\u201c"}]},{"@type":"WebSite","@id":"https:\/\/kidsplay.lt\/#website","url":"https:\/\/kidsplay.lt\/","name":"B\u0113rnu sp\u0113les.lv","description":"\u012evairios prek\u0117s vaikams","publisher":{"@id":"https:\/\/kidsplay.lt\/#organization"},"alternateName":"Kidsplay","potentialAction":[{"@type":"SearchAction","target":{"@type":"EntryPoint","urlTemplate":"https:\/\/kidsplay.lt\/?s={search_term_string}"},"query-input":{"@type":"PropertyValueSpecification","valueRequired":true,"valueName":"search_term_string"}}],"inLanguage":"lv-LV"},{"@type":"Organization","@id":"https:\/\/kidsplay.lt\/#organization","name":"B\u0113rnu sp\u0113le","url":"https:\/\/kidsplay.lt\/","logo":{"@type":"ImageObject","inLanguage":"lv-LV","@id":"https:\/\/kidsplay.lt\/#\/schema\/logo\/image\/","url":"https:\/\/kidsplay.lt\/wp-content\/uploads\/2023\/07\/kidsplay-logo.png","contentUrl":"https:\/\/kidsplay.lt\/wp-content\/uploads\/2023\/07\/kidsplay-logo.png","width":451,"height":98,"caption":"KidsPlay"},"image":{"@id":"https:\/\/kidsplay.lt\/#\/schema\/logo\/image\/"},"sameAs":["https:\/\/www.facebook.com\/www.kidsplay.lt"]}]}},"_links":{"self":[{"href":"https:\/\/kidsplay.lt\/lv\/wp-json\/wp\/v2\/product\/88888","targetHints":{"allow":["GET"]}}],"collection":[{"href":"https:\/\/kidsplay.lt\/lv\/wp-json\/wp\/v2\/product"}],"about":[{"href":"https:\/\/kidsplay.lt\/lv\/wp-json\/wp\/v2\/types\/product"}],"version-history":[{"count":1,"href":"https:\/\/kidsplay.lt\/lv\/wp-json\/wp\/v2\/product\/88888\/revisions"}],"predecessor-version":[{"id":88889,"href":"https:\/\/kidsplay.lt\/lv\/wp-json\/wp\/v2\/product\/88888\/revisions\/88889"}],"wp:featuredmedia":[{"embeddable":true,"href":"https:\/\/kidsplay.lt\/lv\/wp-json\/wp\/v2\/media\/88890"}],"wp:attachment":[{"href":"https:\/\/kidsplay.lt\/lv\/wp-json\/wp\/v2\/media?parent=88888"}],"wp:term":[{"taxonomy":"product_brand","embeddable":true,"href":"https:\/\/kidsplay.lt\/lv\/wp-json\/wp\/v2\/product_brand?post=88888"},{"taxonomy":"product_cat","embeddable":true,"href":"https:\/\/kidsplay.lt\/lv\/wp-json\/wp\/v2\/product_cat?post=88888"},{"taxonomy":"product_tag","embeddable":true,"href":"https:\/\/kidsplay.lt\/lv\/wp-json\/wp\/v2\/product_tag?post=88888"}],"curies":[{"name":"wp","href":"https:\/\/api.w.org\/{rel}","templated":true}]}}