{"id":88893,"date":"2026-02-26T09:01:41","date_gmt":"2026-02-26T07:01:41","guid":{"rendered":"https:\/\/kidsplay.lt\/produktas\/masterkidz-spalvingi-mokslo-lentos-kaisciai-512-detaliu-8-spalvos\/"},"modified":"2026-04-07T10:19:14","modified_gmt":"2026-04-07T07:19:14","slug":"masterkidz-spalvingi-mokslo-lentos-kaisciai-512-detaliu-8-spalvos","status":"publish","type":"product","link":"https:\/\/kidsplay.lt\/lv\/products\/masterkidz-spalvingi-mokslo-lentos-kaisciai-512-detaliu-8-spalvos\/","title":{"rendered":"MASTERKIDZ kr\u0101saini zin\u0101tnes t\u0101feles kna\u0123i, 512 deta\u013cas, 8 kr\u0101sas"},"content":{"rendered":"<p>Su\u00a0\u00a0spalvingais \u201eMasterkidz\u201c kai\u0161\u010diais\u00a0galite sukurti nepamir\u0161tamus k\u016brinius savo lentoje. Vienintel\u0117 riba \u2013 j\u016bs\u0173 vaizduot\u0117, tad leiskite jai lietis laisvai ir sukurkite k\u0105 nors gra\u017eaus! Kai\u0161\u010diai yra\u00a0\u00a0a\u0161tuoni\u0173 spalv\u0173\u00a0, tod\u0117l gal\u0117site kurti \u012fvairias kompozicijas.<br \/>\nRakstur\u012bgs:<\/p>\n<p> \t\u00a0&#8211; U\u017epildykite savo\u00a0\u00a0STEM lent\u0105\u00a0\u00a0spalvomis ir sukurkite unikalius paveiksl\u0117lius!<br \/>\n \t\u00a0&#8211; Spalvingi kai\u0161\u010diai\u00a0\u00a0yra esminis elementas kuriant\u00a0\u00a0\u201eMasterkidz\u201c\u00a0sienines ir laisvai stovin\u010dias lentas . Jie leid\u017eia kurti vaizdus, \u200b\u200b\u200b\u200btaip pat atlikti kitas funkcijas, pavyzd\u017eiui, naudoti\u00a0\u00a0spalvingas virveles\u00a0.<br \/>\n \t\u00a0&#8211; Kai\u0161\u010diai yra \u012fvairi\u0173 spalv\u0173, tod\u0117l j\u016bs\u0173 kuriamos konstrukcijos neb\u016btinai turi b\u016bti vienspalv\u0117s. Tai atveria daug galimybi\u0173 ir pagerina \u017eaidimo patirt\u012f.\u00a0<br \/>\n \t\u00a0&#8211; Smeigtuk\u0173 montavimui nereikia joki\u0173 papildom\u0173 \u012franki\u0173.<br \/>\n \t\u00a0&#8211; Rinkin\u012f sudaro 512 kai\u0161\u010di\u0173 8 spalv\u0173.<\/p>\n<p>\u201eMasterkidz\u201c \u017eaislai\u00a0\u00a0\u2013 tai auk\u0161tos kokyb\u0117s, patvar\u016bs ir saug\u016bs mediniai lavinamieji \u017eaislai. Sukurti ir pritaikyti \u012fvairiems vaik\u0173 raidos etapams. K\u016brybi\u0161kas, nuotyki\u0173 kupinas ir lavinamasis \u017eaidimas \u2013 tai pagrindiniai \u0161io prek\u0117s \u017eenklo \u017eaisl\u0173 privalumai. Jie suteikia ne\u012fkainojam\u0105 param\u0105 Montessori metodui. Geriausias pasirinkimas namams, dar\u017eeliui, vie\u0161bu\u010diui ar restoranui. Sukurkite tobul\u0105 \u017eaidim\u0173 kampel\u012f arba didelio formato edukacin\u0119 sien\u0105. Si\u016blome prie sienos tvirtinamas ir mobilias lentas, \u0161viesos stalus, da\u017eymo paneles, teminius mokymosi modulius ir daug daugiau. Ne\u012ftik\u0117tinas pried\u0173 skai\u010dius ir begalin\u0117s galimyb\u0117s k\u016brybi\u0161kam \u017eaidimui.<\/p>","protected":false},"excerpt":{"rendered":"<p>Su\u00a0\u00a0spalvingais \u201eMasterkidz\u201c kai\u0161\u010diais\u00a0galite sukurti nepamir\u0161tamus k\u016brinius savo lentoje. Vienintel\u0117 riba \u2013 j\u016bs\u0173 vaizduot\u0117, tad leiskite jai lietis laisvai ir sukurkite<\/p>","protected":false},"featured_media":61785,"template":"","meta":{"_acf_changed":false,"_glsr_average":0,"_glsr_ranking":0,"_glsr_reviews":0},"product_brand":[],"product_cat":[673,229],"product_tag":[],"class_list":{"0":"post-88893","1":"product","2":"type-product","3":"status-publish","4":"has-post-thumbnail","6":"product_cat-ugdomosios-priemones","7":"product_cat-zaislai-vaikams","8":"\"style=\"background-color: #2ecc711c;\"","10":"first","11":"instock","12":"purchasable","13":"product-type-simple"},"acf":[],"yoast_head":"<!-- This site is optimized with the Yoast SEO plugin v27.3 - https:\/\/yoast.com\/product\/yoast-seo-wordpress\/ -->\n<title>MASTERKIDZ spalvingi mokslo lentos kai\u0161\u010diai, 512 detali\u0173, 8 spalvos<\/title>\n<meta name=\"description\" content=\"MASTERKIDZ spalvingi mokslo lentos kai\u0161\u010diai, 512 detali\u0173, 8 spalvos - KidsPlay. Did\u017eiausias vaik\u0173 \u017eaisl\u0173 pasirinkimas.\" \/>\n<meta name=\"robots\" content=\"index, follow, max-snippet:-1, max-image-preview:large, max-video-preview:-1\" \/>\n<link rel=\"canonical\" href=\"https:\/\/kidsplay.lt\/lv\/products\/masterkidz-spalvingi-mokslo-lentos-kaisciai-512-detaliu-8-spalvos\/\" \/>\n<meta property=\"og:locale\" content=\"lv_LV\" \/>\n<meta property=\"og:type\" content=\"article\" \/>\n<meta property=\"og:title\" content=\"MASTERKIDZ spalvingi mokslo lentos kai\u0161\u010diai, 512 detali\u0173, 8 spalvos\" \/>\n<meta property=\"og:description\" content=\"MASTERKIDZ spalvingi mokslo lentos kai\u0161\u010diai, 512 detali\u0173, 8 spalvos - KidsPlay. Did\u017eiausias vaik\u0173 \u017eaisl\u0173 pasirinkimas.\" \/>\n<meta property=\"og:url\" content=\"https:\/\/kidsplay.lt\/lv\/products\/masterkidz-spalvingi-mokslo-lentos-kaisciai-512-detaliu-8-spalvos\/\" \/>\n<meta property=\"og:site_name\" content=\"KidsPlay\" \/>\n<meta property=\"article:publisher\" content=\"https:\/\/www.facebook.com\/www.kidsplay.lt\" \/>\n<meta property=\"article:modified_time\" content=\"2026-04-07T07:19:14+00:00\" \/>\n<meta property=\"og:image\" content=\"https:\/\/kidsplay.lt\/wp-content\/uploads\/2025\/09\/MASTERKIDZ-spalvingi-mokslo-lentos-kaisciai-512-detaliu-8-spalvos.jpg\" \/>\n\t<meta property=\"og:image:width\" content=\"800\" \/>\n\t<meta property=\"og:image:height\" content=\"800\" \/>\n\t<meta property=\"og:image:type\" content=\"image\/jpeg\" \/>\n<meta name=\"twitter:card\" content=\"summary_large_image\" \/>\n<meta name=\"twitter:label1\" content=\"Est. reading time\" \/>\n\t<meta name=\"twitter:data1\" content=\"1 min\u016bte\" \/>\n<script type=\"application\/ld+json\" class=\"yoast-schema-graph\">{\"@context\":\"https:\\\/\\\/schema.org\",\"@graph\":[{\"@type\":\"WebPage\",\"@id\":\"https:\\\/\\\/kidsplay.lt\\\/produktas\\\/masterkidz-spalvingi-mokslo-lentos-kaisciai-512-detaliu-8-spalvos\\\/\",\"url\":\"https:\\\/\\\/kidsplay.lt\\\/produktas\\\/masterkidz-spalvingi-mokslo-lentos-kaisciai-512-detaliu-8-spalvos\\\/\",\"name\":\"MASTERKIDZ spalvingi mokslo lentos kai\u0161\u010diai, 512 detali\u0173, 8 spalvos\",\"isPartOf\":{\"@id\":\"https:\\\/\\\/kidsplay.lt\\\/#website\"},\"primaryImageOfPage\":{\"@id\":\"https:\\\/\\\/kidsplay.lt\\\/produktas\\\/masterkidz-spalvingi-mokslo-lentos-kaisciai-512-detaliu-8-spalvos\\\/#primaryimage\"},\"image\":{\"@id\":\"https:\\\/\\\/kidsplay.lt\\\/produktas\\\/masterkidz-spalvingi-mokslo-lentos-kaisciai-512-detaliu-8-spalvos\\\/#primaryimage\"},\"thumbnailUrl\":\"https:\\\/\\\/kidsplay.lt\\\/wp-content\\\/uploads\\\/2025\\\/09\\\/MASTERKIDZ-spalvingi-mokslo-lentos-kaisciai-512-detaliu-8-spalvos.jpg\",\"datePublished\":\"2026-02-26T07:01:41+00:00\",\"dateModified\":\"2026-04-07T07:19:14+00:00\",\"description\":\"MASTERKIDZ spalvingi mokslo lentos kai\u0161\u010diai, 512 detali\u0173, 8 spalvos - KidsPlay. Did\u017eiausias vaik\u0173 \u017eaisl\u0173 pasirinkimas.\",\"breadcrumb\":{\"@id\":\"https:\\\/\\\/kidsplay.lt\\\/produktas\\\/masterkidz-spalvingi-mokslo-lentos-kaisciai-512-detaliu-8-spalvos\\\/#breadcrumb\"},\"inLanguage\":\"lv-LV\",\"potentialAction\":[{\"@type\":\"ReadAction\",\"target\":[\"https:\\\/\\\/kidsplay.lt\\\/produktas\\\/masterkidz-spalvingi-mokslo-lentos-kaisciai-512-detaliu-8-spalvos\\\/\"]}]},{\"@type\":\"ImageObject\",\"inLanguage\":\"lv-LV\",\"@id\":\"https:\\\/\\\/kidsplay.lt\\\/produktas\\\/masterkidz-spalvingi-mokslo-lentos-kaisciai-512-detaliu-8-spalvos\\\/#primaryimage\",\"url\":\"https:\\\/\\\/kidsplay.lt\\\/wp-content\\\/uploads\\\/2025\\\/09\\\/MASTERKIDZ-spalvingi-mokslo-lentos-kaisciai-512-detaliu-8-spalvos.jpg\",\"contentUrl\":\"https:\\\/\\\/kidsplay.lt\\\/wp-content\\\/uploads\\\/2025\\\/09\\\/MASTERKIDZ-spalvingi-mokslo-lentos-kaisciai-512-detaliu-8-spalvos.jpg\",\"width\":2500,\"height\":2500,\"caption\":\"MASTERKIDZ spalvingi mokslo lentos kai\u0161\u010diai\"},{\"@type\":\"BreadcrumbList\",\"@id\":\"https:\\\/\\\/kidsplay.lt\\\/produktas\\\/masterkidz-spalvingi-mokslo-lentos-kaisciai-512-detaliu-8-spalvos\\\/#breadcrumb\",\"itemListElement\":[{\"@type\":\"ListItem\",\"position\":1,\"name\":\"Pagrindinis\",\"item\":\"https:\\\/\\\/kidsplay.lt\\\/\"},{\"@type\":\"ListItem\",\"position\":2,\"name\":\"Parduotuv\u0117\",\"item\":\"https:\\\/\\\/kidsplay.lt\\\/parduotuve\\\/\"},{\"@type\":\"ListItem\",\"position\":3,\"name\":\"MASTERKIDZ spalvingi mokslo lentos kai\u0161\u010diai, 512 detali\u0173, 8 spalvos\"}]},{\"@type\":\"WebSite\",\"@id\":\"https:\\\/\\\/kidsplay.lt\\\/#website\",\"url\":\"https:\\\/\\\/kidsplay.lt\\\/\",\"name\":\"Kidsplay.lt\",\"description\":\"\u012evairios prek\u0117s vaikams\",\"publisher\":{\"@id\":\"https:\\\/\\\/kidsplay.lt\\\/#organization\"},\"alternateName\":\"Kidsplay\",\"potentialAction\":[{\"@type\":\"SearchAction\",\"target\":{\"@type\":\"EntryPoint\",\"urlTemplate\":\"https:\\\/\\\/kidsplay.lt\\\/?s={search_term_string}\"},\"query-input\":{\"@type\":\"PropertyValueSpecification\",\"valueRequired\":true,\"valueName\":\"search_term_string\"}}],\"inLanguage\":\"lv-LV\"},{\"@type\":\"Organization\",\"@id\":\"https:\\\/\\\/kidsplay.lt\\\/#organization\",\"name\":\"KidsPlay\",\"url\":\"https:\\\/\\\/kidsplay.lt\\\/\",\"logo\":{\"@type\":\"ImageObject\",\"inLanguage\":\"lv-LV\",\"@id\":\"https:\\\/\\\/kidsplay.lt\\\/#\\\/schema\\\/logo\\\/image\\\/\",\"url\":\"https:\\\/\\\/kidsplay.lt\\\/wp-content\\\/uploads\\\/2023\\\/07\\\/kidsplay-logo.png\",\"contentUrl\":\"https:\\\/\\\/kidsplay.lt\\\/wp-content\\\/uploads\\\/2023\\\/07\\\/kidsplay-logo.png\",\"width\":451,\"height\":98,\"caption\":\"KidsPlay\"},\"image\":{\"@id\":\"https:\\\/\\\/kidsplay.lt\\\/#\\\/schema\\\/logo\\\/image\\\/\"},\"sameAs\":[\"https:\\\/\\\/www.facebook.com\\\/www.kidsplay.lt\"]}]}<\/script>\n<!-- \/ Yoast SEO plugin. -->","yoast_head_json":{"title":"MASTERKIDZ kr\u0101saini zin\u0101tnes t\u0101feles kna\u0123i, 512 deta\u013cas, 8 kr\u0101sas","description":"MASTERKIDZ spalvingi mokslo lentos kai\u0161\u010diai, 512 detali\u0173, 8 spalvos - KidsPlay. Did\u017eiausias vaik\u0173 \u017eaisl\u0173 pasirinkimas.","robots":{"index":"index","follow":"follow","max-snippet":"max-snippet:-1","max-image-preview":"max-image-preview:large","max-video-preview":"max-video-preview:-1"},"canonical":"https:\/\/kidsplay.lt\/lv\/products\/masterkidz-spalvingi-mokslo-lentos-kaisciai-512-detaliu-8-spalvos\/","og_locale":"lv_LV","og_type":"article","og_title":"MASTERKIDZ spalvingi mokslo lentos kai\u0161\u010diai, 512 detali\u0173, 8 spalvos","og_description":"MASTERKIDZ spalvingi mokslo lentos kai\u0161\u010diai, 512 detali\u0173, 8 spalvos - KidsPlay. Did\u017eiausias vaik\u0173 \u017eaisl\u0173 pasirinkimas.","og_url":"https:\/\/kidsplay.lt\/lv\/products\/masterkidz-spalvingi-mokslo-lentos-kaisciai-512-detaliu-8-spalvos\/","og_site_name":"KidsPlay","article_publisher":"https:\/\/www.facebook.com\/www.kidsplay.lt","article_modified_time":"2026-04-07T07:19:14+00:00","og_image":[{"url":"https:\/\/kidsplay.lt\/wp-content\/uploads\/2025\/09\/MASTERKIDZ-spalvingi-mokslo-lentos-kaisciai-512-detaliu-8-spalvos.jpg","width":800,"height":800,"type":"image\/jpeg"}],"twitter_card":"summary_large_image","twitter_misc":{"Est. reading time":"1 min\u016bte"},"schema":{"@context":"https:\/\/schema.org","@graph":[{"@type":"WebPage","@id":"https:\/\/kidsplay.lt\/produktas\/masterkidz-spalvingi-mokslo-lentos-kaisciai-512-detaliu-8-spalvos\/","url":"https:\/\/kidsplay.lt\/produktas\/masterkidz-spalvingi-mokslo-lentos-kaisciai-512-detaliu-8-spalvos\/","name":"MASTERKIDZ kr\u0101saini zin\u0101tnes t\u0101feles kna\u0123i, 512 deta\u013cas, 8 kr\u0101sas","isPartOf":{"@id":"https:\/\/kidsplay.lt\/#website"},"primaryImageOfPage":{"@id":"https:\/\/kidsplay.lt\/produktas\/masterkidz-spalvingi-mokslo-lentos-kaisciai-512-detaliu-8-spalvos\/#primaryimage"},"image":{"@id":"https:\/\/kidsplay.lt\/produktas\/masterkidz-spalvingi-mokslo-lentos-kaisciai-512-detaliu-8-spalvos\/#primaryimage"},"thumbnailUrl":"https:\/\/kidsplay.lt\/wp-content\/uploads\/2025\/09\/MASTERKIDZ-spalvingi-mokslo-lentos-kaisciai-512-detaliu-8-spalvos.jpg","datePublished":"2026-02-26T07:01:41+00:00","dateModified":"2026-04-07T07:19:14+00:00","description":"MASTERKIDZ spalvingi mokslo lentos kai\u0161\u010diai, 512 detali\u0173, 8 spalvos - KidsPlay. Did\u017eiausias vaik\u0173 \u017eaisl\u0173 pasirinkimas.","breadcrumb":{"@id":"https:\/\/kidsplay.lt\/produktas\/masterkidz-spalvingi-mokslo-lentos-kaisciai-512-detaliu-8-spalvos\/#breadcrumb"},"inLanguage":"lv-LV","potentialAction":[{"@type":"ReadAction","target":["https:\/\/kidsplay.lt\/produktas\/masterkidz-spalvingi-mokslo-lentos-kaisciai-512-detaliu-8-spalvos\/"]}]},{"@type":"ImageObject","inLanguage":"lv-LV","@id":"https:\/\/kidsplay.lt\/produktas\/masterkidz-spalvingi-mokslo-lentos-kaisciai-512-detaliu-8-spalvos\/#primaryimage","url":"https:\/\/kidsplay.lt\/wp-content\/uploads\/2025\/09\/MASTERKIDZ-spalvingi-mokslo-lentos-kaisciai-512-detaliu-8-spalvos.jpg","contentUrl":"https:\/\/kidsplay.lt\/wp-content\/uploads\/2025\/09\/MASTERKIDZ-spalvingi-mokslo-lentos-kaisciai-512-detaliu-8-spalvos.jpg","width":2500,"height":2500,"caption":"MASTERKIDZ spalvingi mokslo lentos kai\u0161\u010diai"},{"@type":"BreadcrumbList","@id":"https:\/\/kidsplay.lt\/produktas\/masterkidz-spalvingi-mokslo-lentos-kaisciai-512-detaliu-8-spalvos\/#breadcrumb","itemListElement":[{"@type":"ListItem","position":1,"name":"Pagrindinis","item":"https:\/\/kidsplay.lt\/"},{"@type":"ListItem","position":2,"name":"Parduotuv\u0117","item":"https:\/\/kidsplay.lt\/parduotuve\/"},{"@type":"ListItem","position":3,"name":"MASTERKIDZ spalvingi mokslo lentos kai\u0161\u010diai, 512 detali\u0173, 8 spalvos"}]},{"@type":"WebSite","@id":"https:\/\/kidsplay.lt\/#website","url":"https:\/\/kidsplay.lt\/","name":"B\u0113rnu sp\u0113les.lv","description":"\u012evairios prek\u0117s vaikams","publisher":{"@id":"https:\/\/kidsplay.lt\/#organization"},"alternateName":"Kidsplay","potentialAction":[{"@type":"SearchAction","target":{"@type":"EntryPoint","urlTemplate":"https:\/\/kidsplay.lt\/?s={search_term_string}"},"query-input":{"@type":"PropertyValueSpecification","valueRequired":true,"valueName":"search_term_string"}}],"inLanguage":"lv-LV"},{"@type":"Organization","@id":"https:\/\/kidsplay.lt\/#organization","name":"B\u0113rnu sp\u0113le","url":"https:\/\/kidsplay.lt\/","logo":{"@type":"ImageObject","inLanguage":"lv-LV","@id":"https:\/\/kidsplay.lt\/#\/schema\/logo\/image\/","url":"https:\/\/kidsplay.lt\/wp-content\/uploads\/2023\/07\/kidsplay-logo.png","contentUrl":"https:\/\/kidsplay.lt\/wp-content\/uploads\/2023\/07\/kidsplay-logo.png","width":451,"height":98,"caption":"KidsPlay"},"image":{"@id":"https:\/\/kidsplay.lt\/#\/schema\/logo\/image\/"},"sameAs":["https:\/\/www.facebook.com\/www.kidsplay.lt"]}]}},"_links":{"self":[{"href":"https:\/\/kidsplay.lt\/lv\/wp-json\/wp\/v2\/product\/88893","targetHints":{"allow":["GET"]}}],"collection":[{"href":"https:\/\/kidsplay.lt\/lv\/wp-json\/wp\/v2\/product"}],"about":[{"href":"https:\/\/kidsplay.lt\/lv\/wp-json\/wp\/v2\/types\/product"}],"version-history":[{"count":1,"href":"https:\/\/kidsplay.lt\/lv\/wp-json\/wp\/v2\/product\/88893\/revisions"}],"predecessor-version":[{"id":88894,"href":"https:\/\/kidsplay.lt\/lv\/wp-json\/wp\/v2\/product\/88893\/revisions\/88894"}],"wp:featuredmedia":[{"embeddable":true,"href":"https:\/\/kidsplay.lt\/lv\/wp-json\/wp\/v2\/media\/61785"}],"wp:attachment":[{"href":"https:\/\/kidsplay.lt\/lv\/wp-json\/wp\/v2\/media?parent=88893"}],"wp:term":[{"taxonomy":"product_brand","embeddable":true,"href":"https:\/\/kidsplay.lt\/lv\/wp-json\/wp\/v2\/product_brand?post=88893"},{"taxonomy":"product_cat","embeddable":true,"href":"https:\/\/kidsplay.lt\/lv\/wp-json\/wp\/v2\/product_cat?post=88893"},{"taxonomy":"product_tag","embeddable":true,"href":"https:\/\/kidsplay.lt\/lv\/wp-json\/wp\/v2\/product_tag?post=88893"}],"curies":[{"name":"wp","href":"https:\/\/api.w.org\/{rel}","templated":true}]}}