{"id":88895,"date":"2026-02-26T09:01:44","date_gmt":"2026-02-26T07:01:44","guid":{"rendered":"https:\/\/kidsplay.lt\/produktas\/woopie-vandens-stalas-2-viename-smelio-deze-statybviete-4-automobiliai-12-vnt\/"},"modified":"2026-04-13T14:40:14","modified_gmt":"2026-04-13T11:40:14","slug":"woopie-vandens-stalas-2-viename-smelio-deze-statybviete-4-automobiliai-12-vnt","status":"publish","type":"product","link":"https:\/\/kidsplay.lt\/lv\/products\/woopie-vandens-stalas-2-viename-smelio-deze-statybviete-4-automobiliai-12-vnt\/","title":{"rendered":"WOOPIE \u016bdens galds 2 vien\u0101 smil\u0161u kaste b\u016bvlaukums + 4 automa\u0161\u012bnas 12 gab."},"content":{"rendered":"<p>Didelis vandens ir sm\u0117lio stalas \u2013 statyb\u0173 tema | IN\u017dINERINIS PAPL\u016aDIMIO STAL\u0172 RINKINYS<\/p>\n<p>Pasinerkite \u012f k\u016brybi\u0161k\u0173 \u017eaidim\u0173 pasaul\u012f su \u0161iuo dideliu konstrukcij\u0173 tematikos vandens ir sm\u0117lio stalu! \u0160is spalvingas ir tvirtas rinkinys apjungia stalo, sm\u0117lio d\u0117\u017e\u0117s ir vandens baseino funkcijas, garantuodamas vaikams nesibaigian\u010dias valandas \u012ftraukian\u010dio ir lavinan\u010dio \u017eaidimo. Puikiai tinka naudoti sode, terasoje, papl\u016bdimyje ar namuose.<br \/>\nRakstur\u012bgs:<\/p>\n<p> \t\u2013 no 3 gadu vecuma<br \/>\n \t&#8211; 2 viename\u00a0\u2013 galimyb\u0117 \u017eaisti su sm\u0117liu ir vandeniu vienu metu.<br \/>\n \t&#8211; Statyb\u0173 tema\u00a0\u2013 \u012fkv\u0117pta statybini\u0173 ma\u0161in\u0173, puikiai tinka ma\u017eiesiems ekskavatori\u0173 ir sunkve\u017eimi\u0173 gerb\u0117jams.<br \/>\n \t&#8211; Funkciniai elementai\u00a0\u2013 \u010diuo\u017eykla, vandens rampos, kranas, turniketai, \u010diuo\u017eyklos takeliai.<br \/>\n \t&#8211; Patvari konstrukcija\u00a0\u2013 stabilios, pla\u010dios kojel\u0117s, imituojan\u010dios eismo k\u016bgius.<br \/>\n \t&#8211; Skatina komandin\u012f \u017eaidim\u0105\u00a0\u2013 puiki pramoga broliams ir seserims ar vaik\u0173 grupei.<br \/>\n \t&#8211; Naudojimui viduje ir lauke\u00a0\u2013 puikiai veikia tiek namuose, tiek lauke.<br \/>\n \t&#8211; Lengvas surinkimas\u00a0\u2013 greitas surinkimas be \u012franki\u0173.<br \/>\n \t&#8211; Rinkin\u012f sudaro 12 detali\u0173.<\/p>\n<p>Komplekt\u0101 ietilpst:<\/p>\n<p> \t&#8211; Vandens ir sm\u0117lio stalas su dviguba kamera (auk\u0161tis: 49 x gylis: 37 x plotis: 56 (cm))<br \/>\n \t&#8211; Ant stalo sumontuotas besisukantis kranas<br \/>\n \t&#8211; \u017daisl\u0173 \u010diuo\u017eykla<br \/>\n \t&#8211; 4\u00d7 mini statybin\u0117s transporto priemon\u0117s:\u00a0ekskavatorius\u00a0,\u00a0betono mai\u0161ykl\u0117\u00a0,\u00a0savivartis\u00a0,\u00a0buldozeris<br \/>\n \t&#8211; \u017daidim\u0173 reikmenys:\u00a0laistytuvas, kastuvas, formos, gr\u0117blys,<\/p>\n<p>Rota\u013clieta att\u012bst\u0101s:<\/p>\n<p> \t&#8211; motoriniai \u012fg\u016bd\u017eiai<br \/>\n \t\u2013 rado\u0161ums<br \/>\n \t\u2013 izt\u0113le<br \/>\n \t&#8211; nepriklausomyb\u0117<\/p>","protected":false},"excerpt":{"rendered":"<p>Didelis vandens ir sm\u0117lio stalas \u2013 statyb\u0173 tema | IN\u017dINERINIS PAPL\u016aDIMIO STAL\u0172 RINKINYS Pasinerkite \u012f k\u016brybi\u0161k\u0173 \u017eaidim\u0173 pasaul\u012f su \u0161iuo<\/p>","protected":false},"featured_media":63098,"template":"","meta":{"_acf_changed":false,"_glsr_average":0,"_glsr_ranking":0,"_glsr_reviews":0},"product_brand":[],"product_cat":[233,430],"product_tag":[],"class_list":{"0":"post-88895","1":"product","2":"type-product","3":"status-publish","4":"has-post-thumbnail","6":"product_cat-lauko-pramogos","7":"product_cat-zaidimai-ir-linksmybes","8":"\"style=\"background-color: #2ecc711c;\"","10":"first","11":"instock","12":"purchasable","13":"product-type-simple"},"acf":[],"yoast_head":"<!-- This site is optimized with the Yoast SEO plugin v27.4 - https:\/\/yoast.com\/product\/yoast-seo-wordpress\/ -->\n<title>WOOPIE vandens stalas 2 viename sm\u0117lio d\u0117\u017e\u0117 statybviet\u0117 + 4 automobiliai 12 vnt.<\/title>\n<meta name=\"description\" content=\"WOOPIE vandens stalas 2 viename sm\u0117lio d\u0117\u017e\u0117 statybviet\u0117 + 4 automobiliai 12 vnt. - KidsPlay. Did\u017eiausias vaik\u0173 \u017eaisl\u0173 pasirinkimas.\" \/>\n<meta name=\"robots\" content=\"index, follow, max-snippet:-1, max-image-preview:large, max-video-preview:-1\" \/>\n<link rel=\"canonical\" href=\"https:\/\/kidsplay.lt\/lv\/products\/woopie-vandens-stalas-2-viename-smelio-deze-statybviete-4-automobiliai-12-vnt\/\" \/>\n<meta property=\"og:locale\" content=\"lv_LV\" \/>\n<meta property=\"og:type\" content=\"article\" \/>\n<meta property=\"og:title\" content=\"WOOPIE vandens stalas 2 viename sm\u0117lio d\u0117\u017e\u0117 statybviet\u0117 + 4 automobiliai 12 vnt.\" \/>\n<meta property=\"og:description\" content=\"WOOPIE vandens stalas 2 viename sm\u0117lio d\u0117\u017e\u0117 statybviet\u0117 + 4 automobiliai 12 vnt. - KidsPlay. Did\u017eiausias vaik\u0173 \u017eaisl\u0173 pasirinkimas.\" \/>\n<meta property=\"og:url\" content=\"https:\/\/kidsplay.lt\/lv\/products\/woopie-vandens-stalas-2-viename-smelio-deze-statybviete-4-automobiliai-12-vnt\/\" \/>\n<meta property=\"og:site_name\" content=\"KidsPlay\" \/>\n<meta property=\"article:publisher\" content=\"https:\/\/www.facebook.com\/www.kidsplay.lt\" \/>\n<meta property=\"article:modified_time\" content=\"2026-04-13T11:40:14+00:00\" \/>\n<meta property=\"og:image\" content=\"https:\/\/kidsplay.lt\/wp-content\/uploads\/2025\/09\/WOOPIE-vandens-stalas-2-viename-smelio-deze-statybviete-4-automobiliai-12-vnt.jpg\" \/>\n\t<meta property=\"og:image:width\" content=\"800\" \/>\n\t<meta property=\"og:image:height\" content=\"800\" \/>\n\t<meta property=\"og:image:type\" content=\"image\/jpeg\" \/>\n<meta name=\"twitter:card\" content=\"summary_large_image\" \/>\n<meta name=\"twitter:label1\" content=\"Est. reading time\" \/>\n\t<meta name=\"twitter:data1\" content=\"1 min\u016bte\" \/>\n<script type=\"application\/ld+json\" class=\"yoast-schema-graph\">{\"@context\":\"https:\\\/\\\/schema.org\",\"@graph\":[{\"@type\":\"WebPage\",\"@id\":\"https:\\\/\\\/kidsplay.lt\\\/produktas\\\/woopie-vandens-stalas-2-viename-smelio-deze-statybviete-4-automobiliai-12-vnt\\\/\",\"url\":\"https:\\\/\\\/kidsplay.lt\\\/produktas\\\/woopie-vandens-stalas-2-viename-smelio-deze-statybviete-4-automobiliai-12-vnt\\\/\",\"name\":\"WOOPIE vandens stalas 2 viename sm\u0117lio d\u0117\u017e\u0117 statybviet\u0117 + 4 automobiliai 12 vnt.\",\"isPartOf\":{\"@id\":\"https:\\\/\\\/kidsplay.lt\\\/#website\"},\"primaryImageOfPage\":{\"@id\":\"https:\\\/\\\/kidsplay.lt\\\/produktas\\\/woopie-vandens-stalas-2-viename-smelio-deze-statybviete-4-automobiliai-12-vnt\\\/#primaryimage\"},\"image\":{\"@id\":\"https:\\\/\\\/kidsplay.lt\\\/produktas\\\/woopie-vandens-stalas-2-viename-smelio-deze-statybviete-4-automobiliai-12-vnt\\\/#primaryimage\"},\"thumbnailUrl\":\"https:\\\/\\\/kidsplay.lt\\\/wp-content\\\/uploads\\\/2025\\\/09\\\/WOOPIE-vandens-stalas-2-viename-smelio-deze-statybviete-4-automobiliai-12-vnt.jpg\",\"datePublished\":\"2026-02-26T07:01:44+00:00\",\"dateModified\":\"2026-04-13T11:40:14+00:00\",\"description\":\"WOOPIE vandens stalas 2 viename sm\u0117lio d\u0117\u017e\u0117 statybviet\u0117 + 4 automobiliai 12 vnt. - KidsPlay. Did\u017eiausias vaik\u0173 \u017eaisl\u0173 pasirinkimas.\",\"breadcrumb\":{\"@id\":\"https:\\\/\\\/kidsplay.lt\\\/produktas\\\/woopie-vandens-stalas-2-viename-smelio-deze-statybviete-4-automobiliai-12-vnt\\\/#breadcrumb\"},\"inLanguage\":\"lv-LV\",\"potentialAction\":[{\"@type\":\"ReadAction\",\"target\":[\"https:\\\/\\\/kidsplay.lt\\\/produktas\\\/woopie-vandens-stalas-2-viename-smelio-deze-statybviete-4-automobiliai-12-vnt\\\/\"]}]},{\"@type\":\"ImageObject\",\"inLanguage\":\"lv-LV\",\"@id\":\"https:\\\/\\\/kidsplay.lt\\\/produktas\\\/woopie-vandens-stalas-2-viename-smelio-deze-statybviete-4-automobiliai-12-vnt\\\/#primaryimage\",\"url\":\"https:\\\/\\\/kidsplay.lt\\\/wp-content\\\/uploads\\\/2025\\\/09\\\/WOOPIE-vandens-stalas-2-viename-smelio-deze-statybviete-4-automobiliai-12-vnt.jpg\",\"contentUrl\":\"https:\\\/\\\/kidsplay.lt\\\/wp-content\\\/uploads\\\/2025\\\/09\\\/WOOPIE-vandens-stalas-2-viename-smelio-deze-statybviete-4-automobiliai-12-vnt.jpg\",\"width\":800,\"height\":800,\"caption\":\"WOOPIE vandens stalas 2 viename sm\u0117lio d\u0117\u017e\u0117 statybviet\u0117 + 4 automobiliai 12 vnt.\"},{\"@type\":\"BreadcrumbList\",\"@id\":\"https:\\\/\\\/kidsplay.lt\\\/produktas\\\/woopie-vandens-stalas-2-viename-smelio-deze-statybviete-4-automobiliai-12-vnt\\\/#breadcrumb\",\"itemListElement\":[{\"@type\":\"ListItem\",\"position\":1,\"name\":\"Pagrindinis\",\"item\":\"https:\\\/\\\/kidsplay.lt\\\/\"},{\"@type\":\"ListItem\",\"position\":2,\"name\":\"Parduotuv\u0117\",\"item\":\"https:\\\/\\\/kidsplay.lt\\\/parduotuve\\\/\"},{\"@type\":\"ListItem\",\"position\":3,\"name\":\"WOOPIE vandens stalas 2 viename sm\u0117lio d\u0117\u017e\u0117 statybviet\u0117 + 4 automobiliai 12 vnt.\"}]},{\"@type\":\"WebSite\",\"@id\":\"https:\\\/\\\/kidsplay.lt\\\/#website\",\"url\":\"https:\\\/\\\/kidsplay.lt\\\/\",\"name\":\"Kidsplay.lt\",\"description\":\"\u012evairios prek\u0117s vaikams\",\"publisher\":{\"@id\":\"https:\\\/\\\/kidsplay.lt\\\/#organization\"},\"alternateName\":\"Kidsplay\",\"potentialAction\":[{\"@type\":\"SearchAction\",\"target\":{\"@type\":\"EntryPoint\",\"urlTemplate\":\"https:\\\/\\\/kidsplay.lt\\\/?s={search_term_string}\"},\"query-input\":{\"@type\":\"PropertyValueSpecification\",\"valueRequired\":true,\"valueName\":\"search_term_string\"}}],\"inLanguage\":\"lv-LV\"},{\"@type\":\"Organization\",\"@id\":\"https:\\\/\\\/kidsplay.lt\\\/#organization\",\"name\":\"KidsPlay\",\"url\":\"https:\\\/\\\/kidsplay.lt\\\/\",\"logo\":{\"@type\":\"ImageObject\",\"inLanguage\":\"lv-LV\",\"@id\":\"https:\\\/\\\/kidsplay.lt\\\/#\\\/schema\\\/logo\\\/image\\\/\",\"url\":\"https:\\\/\\\/kidsplay.lt\\\/wp-content\\\/uploads\\\/2023\\\/07\\\/kidsplay-logo.png\",\"contentUrl\":\"https:\\\/\\\/kidsplay.lt\\\/wp-content\\\/uploads\\\/2023\\\/07\\\/kidsplay-logo.png\",\"width\":451,\"height\":98,\"caption\":\"KidsPlay\"},\"image\":{\"@id\":\"https:\\\/\\\/kidsplay.lt\\\/#\\\/schema\\\/logo\\\/image\\\/\"},\"sameAs\":[\"https:\\\/\\\/www.facebook.com\\\/www.kidsplay.lt\"]}]}<\/script>\n<!-- \/ Yoast SEO plugin. -->","yoast_head_json":{"title":"WOOPIE \u016bdens galds 2 vien\u0101 smil\u0161u kaste b\u016bvlaukums + 4 automa\u0161\u012bnas 12 gab.","description":"WOOPIE vandens stalas 2 viename sm\u0117lio d\u0117\u017e\u0117 statybviet\u0117 + 4 automobiliai 12 vnt. - KidsPlay. Did\u017eiausias vaik\u0173 \u017eaisl\u0173 pasirinkimas.","robots":{"index":"index","follow":"follow","max-snippet":"max-snippet:-1","max-image-preview":"max-image-preview:large","max-video-preview":"max-video-preview:-1"},"canonical":"https:\/\/kidsplay.lt\/lv\/products\/woopie-vandens-stalas-2-viename-smelio-deze-statybviete-4-automobiliai-12-vnt\/","og_locale":"lv_LV","og_type":"article","og_title":"WOOPIE vandens stalas 2 viename sm\u0117lio d\u0117\u017e\u0117 statybviet\u0117 + 4 automobiliai 12 vnt.","og_description":"WOOPIE vandens stalas 2 viename sm\u0117lio d\u0117\u017e\u0117 statybviet\u0117 + 4 automobiliai 12 vnt. - KidsPlay. Did\u017eiausias vaik\u0173 \u017eaisl\u0173 pasirinkimas.","og_url":"https:\/\/kidsplay.lt\/lv\/products\/woopie-vandens-stalas-2-viename-smelio-deze-statybviete-4-automobiliai-12-vnt\/","og_site_name":"KidsPlay","article_publisher":"https:\/\/www.facebook.com\/www.kidsplay.lt","article_modified_time":"2026-04-13T11:40:14+00:00","og_image":[{"width":800,"height":800,"url":"https:\/\/kidsplay.lt\/wp-content\/uploads\/2025\/09\/WOOPIE-vandens-stalas-2-viename-smelio-deze-statybviete-4-automobiliai-12-vnt.jpg","type":"image\/jpeg"}],"twitter_card":"summary_large_image","twitter_misc":{"Est. reading time":"1 min\u016bte"},"schema":{"@context":"https:\/\/schema.org","@graph":[{"@type":"WebPage","@id":"https:\/\/kidsplay.lt\/produktas\/woopie-vandens-stalas-2-viename-smelio-deze-statybviete-4-automobiliai-12-vnt\/","url":"https:\/\/kidsplay.lt\/produktas\/woopie-vandens-stalas-2-viename-smelio-deze-statybviete-4-automobiliai-12-vnt\/","name":"WOOPIE \u016bdens galds 2 vien\u0101 smil\u0161u kaste b\u016bvlaukums + 4 automa\u0161\u012bnas 12 gab.","isPartOf":{"@id":"https:\/\/kidsplay.lt\/#website"},"primaryImageOfPage":{"@id":"https:\/\/kidsplay.lt\/produktas\/woopie-vandens-stalas-2-viename-smelio-deze-statybviete-4-automobiliai-12-vnt\/#primaryimage"},"image":{"@id":"https:\/\/kidsplay.lt\/produktas\/woopie-vandens-stalas-2-viename-smelio-deze-statybviete-4-automobiliai-12-vnt\/#primaryimage"},"thumbnailUrl":"https:\/\/kidsplay.lt\/wp-content\/uploads\/2025\/09\/WOOPIE-vandens-stalas-2-viename-smelio-deze-statybviete-4-automobiliai-12-vnt.jpg","datePublished":"2026-02-26T07:01:44+00:00","dateModified":"2026-04-13T11:40:14+00:00","description":"WOOPIE vandens stalas 2 viename sm\u0117lio d\u0117\u017e\u0117 statybviet\u0117 + 4 automobiliai 12 vnt. - KidsPlay. Did\u017eiausias vaik\u0173 \u017eaisl\u0173 pasirinkimas.","breadcrumb":{"@id":"https:\/\/kidsplay.lt\/produktas\/woopie-vandens-stalas-2-viename-smelio-deze-statybviete-4-automobiliai-12-vnt\/#breadcrumb"},"inLanguage":"lv-LV","potentialAction":[{"@type":"ReadAction","target":["https:\/\/kidsplay.lt\/produktas\/woopie-vandens-stalas-2-viename-smelio-deze-statybviete-4-automobiliai-12-vnt\/"]}]},{"@type":"ImageObject","inLanguage":"lv-LV","@id":"https:\/\/kidsplay.lt\/produktas\/woopie-vandens-stalas-2-viename-smelio-deze-statybviete-4-automobiliai-12-vnt\/#primaryimage","url":"https:\/\/kidsplay.lt\/wp-content\/uploads\/2025\/09\/WOOPIE-vandens-stalas-2-viename-smelio-deze-statybviete-4-automobiliai-12-vnt.jpg","contentUrl":"https:\/\/kidsplay.lt\/wp-content\/uploads\/2025\/09\/WOOPIE-vandens-stalas-2-viename-smelio-deze-statybviete-4-automobiliai-12-vnt.jpg","width":800,"height":800,"caption":"WOOPIE vandens stalas 2 viename sm\u0117lio d\u0117\u017e\u0117 statybviet\u0117 + 4 automobiliai 12 vnt."},{"@type":"BreadcrumbList","@id":"https:\/\/kidsplay.lt\/produktas\/woopie-vandens-stalas-2-viename-smelio-deze-statybviete-4-automobiliai-12-vnt\/#breadcrumb","itemListElement":[{"@type":"ListItem","position":1,"name":"Pagrindinis","item":"https:\/\/kidsplay.lt\/"},{"@type":"ListItem","position":2,"name":"Parduotuv\u0117","item":"https:\/\/kidsplay.lt\/parduotuve\/"},{"@type":"ListItem","position":3,"name":"WOOPIE vandens stalas 2 viename sm\u0117lio d\u0117\u017e\u0117 statybviet\u0117 + 4 automobiliai 12 vnt."}]},{"@type":"WebSite","@id":"https:\/\/kidsplay.lt\/#website","url":"https:\/\/kidsplay.lt\/","name":"B\u0113rnu sp\u0113les.lv","description":"\u012evairios prek\u0117s vaikams","publisher":{"@id":"https:\/\/kidsplay.lt\/#organization"},"alternateName":"Kidsplay","potentialAction":[{"@type":"SearchAction","target":{"@type":"EntryPoint","urlTemplate":"https:\/\/kidsplay.lt\/?s={search_term_string}"},"query-input":{"@type":"PropertyValueSpecification","valueRequired":true,"valueName":"search_term_string"}}],"inLanguage":"lv-LV"},{"@type":"Organization","@id":"https:\/\/kidsplay.lt\/#organization","name":"B\u0113rnu sp\u0113le","url":"https:\/\/kidsplay.lt\/","logo":{"@type":"ImageObject","inLanguage":"lv-LV","@id":"https:\/\/kidsplay.lt\/#\/schema\/logo\/image\/","url":"https:\/\/kidsplay.lt\/wp-content\/uploads\/2023\/07\/kidsplay-logo.png","contentUrl":"https:\/\/kidsplay.lt\/wp-content\/uploads\/2023\/07\/kidsplay-logo.png","width":451,"height":98,"caption":"KidsPlay"},"image":{"@id":"https:\/\/kidsplay.lt\/#\/schema\/logo\/image\/"},"sameAs":["https:\/\/www.facebook.com\/www.kidsplay.lt"]}]}},"_links":{"self":[{"href":"https:\/\/kidsplay.lt\/lv\/wp-json\/wp\/v2\/product\/88895","targetHints":{"allow":["GET"]}}],"collection":[{"href":"https:\/\/kidsplay.lt\/lv\/wp-json\/wp\/v2\/product"}],"about":[{"href":"https:\/\/kidsplay.lt\/lv\/wp-json\/wp\/v2\/types\/product"}],"version-history":[{"count":1,"href":"https:\/\/kidsplay.lt\/lv\/wp-json\/wp\/v2\/product\/88895\/revisions"}],"predecessor-version":[{"id":88896,"href":"https:\/\/kidsplay.lt\/lv\/wp-json\/wp\/v2\/product\/88895\/revisions\/88896"}],"wp:featuredmedia":[{"embeddable":true,"href":"https:\/\/kidsplay.lt\/lv\/wp-json\/wp\/v2\/media\/63098"}],"wp:attachment":[{"href":"https:\/\/kidsplay.lt\/lv\/wp-json\/wp\/v2\/media?parent=88895"}],"wp:term":[{"taxonomy":"product_brand","embeddable":true,"href":"https:\/\/kidsplay.lt\/lv\/wp-json\/wp\/v2\/product_brand?post=88895"},{"taxonomy":"product_cat","embeddable":true,"href":"https:\/\/kidsplay.lt\/lv\/wp-json\/wp\/v2\/product_cat?post=88895"},{"taxonomy":"product_tag","embeddable":true,"href":"https:\/\/kidsplay.lt\/lv\/wp-json\/wp\/v2\/product_tag?post=88895"}],"curies":[{"name":"wp","href":"https:\/\/api.w.org\/{rel}","templated":true}]}}