{"id":88906,"date":"2026-02-26T09:01:57","date_gmt":"2026-02-26T07:01:57","guid":{"rendered":"https:\/\/kidsplay.lt\/produktas\/woopie-montessori-delioniu-rusiavimo-rinkinys-skirtas-smegenims-lavinti-raides-skaiciai-139-vnt\/"},"modified":"2026-04-13T14:40:23","modified_gmt":"2026-04-13T11:40:23","slug":"woopie-montessori-delioniu-rusiavimo-rinkinys-skirtas-smegenims-lavinti-raides-skaiciai-139-vnt","status":"publish","type":"product","link":"https:\/\/kidsplay.lt\/lv\/products\/woopie-montessori-delioniu-rusiavimo-rinkinys-skirtas-smegenims-lavinti-raides-skaiciai-139-vnt\/","title":{"rendered":"WOOPIE Montessori puz\u013cu \u0161\u0137iro\u0161anas komplekts smadze\u0146u att\u012bst\u012bbai, burti, cipari, 139 gab."},"content":{"rendered":"<p>Atraskite novatori\u0161k\u0105 edukacin\u0119 Montessori\u00a0d\u0117lion\u0119\u00a0i\u0161\u00a0\u201eWoopie\u201c\u00a0\u2013 smag\u0173 ir prieinam\u0105 b\u016bd\u0105 supa\u017eindinti savo ma\u017eyl\u012f su\u00a0skai\u010di\u0173, form\u0173 ir spalv\u0173 pasauliu!\u00a0Tai tobulas\u00a0pramog\u0173 ir mokymosi derinys\u00a0, leid\u017eiantis j\u016bs\u0173 vaikui lavinti pagrindinius \u012fg\u016bd\u017eius, reikalingus s\u0117kmei ikimokykliniame ugdyme ir mokykloje, savaranki\u0161kai derinant ir d\u0117liojant. Padovanokite jiems \u012frank\u012f, kuris su\u017eadins j\u0173 smalsum\u0105 ir paruo\u0161 naujiems i\u0161\u0161\u016bkiams!<br \/>\nRakstur\u012bgs:<\/p>\n<p> \t\u2013 Rota\u013clieta no 3 gadu vecuma\u00a0<br \/>\n \t&#8211; 139 prek\u0117s<br \/>\n \t&#8211;\u00a0Spalvingos\u00a0raid\u0117s, skai\u010diai, \u017eenklai ir geometrin\u0117s fig\u016bros\u00a0<br \/>\n \t&#8211; Puikiai tinka \u017eaisti tiek\u00a0namuose\u00a0, tiek\u00a0dar\u017eelyje<br \/>\n \t&#8211; Form\u0173 ir spalv\u0173 \u012fvairov\u0117 skatina vaik\u0105 d\u0117lioti d\u0117liones<br \/>\n \t&#8211; Skai\u010diai nuo 0 iki 9 ir \u017eenklai, reikalingi matematikos pagrindams\u00a0i\u0161mokti<br \/>\n \t&#8211; Tai ne tik smagu, bet ir\u00a0i\u0161mokstama\u00a0atpa\u017einti raides, skai\u010dius ir j\u0173 tvark\u0105<br \/>\n \t&#8211; Nepriklausomas element\u0173 i\u0161d\u0117stymas lavina smulki\u0105j\u0105 motorik\u0105<\/p>\n<p>Komplekt\u0101 ietilpst:<\/p>\n<p> \t&#8211; Lenta su atitinkamomis raid\u017ei\u0173 ir skai\u010di\u0173 formomis<br \/>\n \t&#8211; Spalvingos raid\u0117s, skai\u010diai, \u017eenklai ir geometrin\u0117s fig\u016bros<\/p>\n<p>Rota\u013clieta att\u012bst\u0101s:<\/p>\n<p> \t\u2013 Roku-acu koordin\u0101cija<br \/>\n \t\u2013 Lo\u0123ika<br \/>\n \t\u2013 Motorisk\u0101s prasmes<br \/>\n \t&#8211; Vaizduot\u0117<br \/>\n \t&#8211; K\u016brybi\u0161kumas\u00a0<\/p>","protected":false},"excerpt":{"rendered":"<p>Atraskite novatori\u0161k\u0105 edukacin\u0119 Montessori\u00a0d\u0117lion\u0119\u00a0i\u0161\u00a0\u201eWoopie\u201c\u00a0\u2013 smag\u0173 ir prieinam\u0105 b\u016bd\u0105 supa\u017eindinti savo ma\u017eyl\u012f su\u00a0skai\u010di\u0173, form\u0173 ir spalv\u0173 pasauliu!\u00a0Tai tobulas\u00a0pramog\u0173 ir mokymosi derinys\u00a0,<\/p>","protected":false},"featured_media":78742,"template":"","meta":{"_acf_changed":false,"_glsr_average":0,"_glsr_ranking":0,"_glsr_reviews":0},"product_brand":[],"product_cat":[388,229],"product_tag":[],"class_list":{"0":"post-88906","1":"product","2":"type-product","3":"status-publish","4":"has-post-thumbnail","6":"product_cat-edukaciniai-lavinamieji-zaislai","7":"product_cat-zaislai-vaikams","8":"\"style=\"background-color: #2ecc711c;\"","10":"first","11":"instock","12":"purchasable","13":"product-type-simple"},"acf":[],"yoast_head":"<!-- This site is optimized with the Yoast SEO plugin v27.4 - https:\/\/yoast.com\/product\/yoast-seo-wordpress\/ -->\n<title>WOOPIE Montessori d\u0117lioni\u0173 r\u016b\u0161iavimo rinkinys, skirtas smegenims lavinti, raid\u0117s, skai\u010diai, 139 vnt.<\/title>\n<meta name=\"description\" content=\"WOOPIE Montessori d\u0117lioni\u0173 r\u016b\u0161iavimo rinkinys, skirtas smegenims lavinti, raid\u0117s, skai\u010diai, 139 vnt. - KidsPlay. Did\u017eiausias vaik\u0173 \u017eaisl\u0173 pasirinkimas.\" \/>\n<meta name=\"robots\" content=\"index, follow, max-snippet:-1, max-image-preview:large, max-video-preview:-1\" \/>\n<link rel=\"canonical\" href=\"https:\/\/kidsplay.lt\/lv\/products\/woopie-montessori-delioniu-rusiavimo-rinkinys-skirtas-smegenims-lavinti-raides-skaiciai-139-vnt\/\" \/>\n<meta property=\"og:locale\" content=\"lv_LV\" \/>\n<meta property=\"og:type\" content=\"article\" \/>\n<meta property=\"og:title\" content=\"WOOPIE Montessori d\u0117lioni\u0173 r\u016b\u0161iavimo rinkinys, skirtas smegenims lavinti, raid\u0117s, skai\u010diai, 139 vnt.\" \/>\n<meta property=\"og:description\" content=\"WOOPIE Montessori d\u0117lioni\u0173 r\u016b\u0161iavimo rinkinys, skirtas smegenims lavinti, raid\u0117s, skai\u010diai, 139 vnt. - KidsPlay. Did\u017eiausias vaik\u0173 \u017eaisl\u0173 pasirinkimas.\" \/>\n<meta property=\"og:url\" content=\"https:\/\/kidsplay.lt\/lv\/products\/woopie-montessori-delioniu-rusiavimo-rinkinys-skirtas-smegenims-lavinti-raides-skaiciai-139-vnt\/\" \/>\n<meta property=\"og:site_name\" content=\"KidsPlay\" \/>\n<meta property=\"article:publisher\" content=\"https:\/\/www.facebook.com\/www.kidsplay.lt\" \/>\n<meta property=\"article:modified_time\" content=\"2026-04-13T11:40:23+00:00\" \/>\n<meta property=\"og:image\" content=\"https:\/\/kidsplay.lt\/wp-content\/uploads\/2025\/10\/WOOPIE-Montessori-delioniu-rusiavimo-rinkinys-skirtas-smegenims-lavinti-raides-skaiciai-139-vnt.jpg\" \/>\n\t<meta property=\"og:image:width\" content=\"1000\" \/>\n\t<meta property=\"og:image:height\" content=\"1000\" \/>\n\t<meta property=\"og:image:type\" content=\"image\/jpeg\" \/>\n<meta name=\"twitter:card\" content=\"summary_large_image\" \/>\n<meta name=\"twitter:label1\" content=\"Est. reading time\" \/>\n\t<meta name=\"twitter:data1\" content=\"1 min\u016bte\" \/>\n<script type=\"application\/ld+json\" class=\"yoast-schema-graph\">{\"@context\":\"https:\\\/\\\/schema.org\",\"@graph\":[{\"@type\":\"WebPage\",\"@id\":\"https:\\\/\\\/kidsplay.lt\\\/produktas\\\/woopie-montessori-delioniu-rusiavimo-rinkinys-skirtas-smegenims-lavinti-raides-skaiciai-139-vnt\\\/\",\"url\":\"https:\\\/\\\/kidsplay.lt\\\/produktas\\\/woopie-montessori-delioniu-rusiavimo-rinkinys-skirtas-smegenims-lavinti-raides-skaiciai-139-vnt\\\/\",\"name\":\"WOOPIE Montessori d\u0117lioni\u0173 r\u016b\u0161iavimo rinkinys, skirtas smegenims lavinti, raid\u0117s, skai\u010diai, 139 vnt.\",\"isPartOf\":{\"@id\":\"https:\\\/\\\/kidsplay.lt\\\/#website\"},\"primaryImageOfPage\":{\"@id\":\"https:\\\/\\\/kidsplay.lt\\\/produktas\\\/woopie-montessori-delioniu-rusiavimo-rinkinys-skirtas-smegenims-lavinti-raides-skaiciai-139-vnt\\\/#primaryimage\"},\"image\":{\"@id\":\"https:\\\/\\\/kidsplay.lt\\\/produktas\\\/woopie-montessori-delioniu-rusiavimo-rinkinys-skirtas-smegenims-lavinti-raides-skaiciai-139-vnt\\\/#primaryimage\"},\"thumbnailUrl\":\"https:\\\/\\\/kidsplay.lt\\\/wp-content\\\/uploads\\\/2025\\\/10\\\/WOOPIE-Montessori-delioniu-rusiavimo-rinkinys-skirtas-smegenims-lavinti-raides-skaiciai-139-vnt.jpg\",\"datePublished\":\"2026-02-26T07:01:57+00:00\",\"dateModified\":\"2026-04-13T11:40:23+00:00\",\"description\":\"WOOPIE Montessori d\u0117lioni\u0173 r\u016b\u0161iavimo rinkinys, skirtas smegenims lavinti, raid\u0117s, skai\u010diai, 139 vnt. - KidsPlay. Did\u017eiausias vaik\u0173 \u017eaisl\u0173 pasirinkimas.\",\"breadcrumb\":{\"@id\":\"https:\\\/\\\/kidsplay.lt\\\/produktas\\\/woopie-montessori-delioniu-rusiavimo-rinkinys-skirtas-smegenims-lavinti-raides-skaiciai-139-vnt\\\/#breadcrumb\"},\"inLanguage\":\"lv-LV\",\"potentialAction\":[{\"@type\":\"ReadAction\",\"target\":[\"https:\\\/\\\/kidsplay.lt\\\/produktas\\\/woopie-montessori-delioniu-rusiavimo-rinkinys-skirtas-smegenims-lavinti-raides-skaiciai-139-vnt\\\/\"]}]},{\"@type\":\"ImageObject\",\"inLanguage\":\"lv-LV\",\"@id\":\"https:\\\/\\\/kidsplay.lt\\\/produktas\\\/woopie-montessori-delioniu-rusiavimo-rinkinys-skirtas-smegenims-lavinti-raides-skaiciai-139-vnt\\\/#primaryimage\",\"url\":\"https:\\\/\\\/kidsplay.lt\\\/wp-content\\\/uploads\\\/2025\\\/10\\\/WOOPIE-Montessori-delioniu-rusiavimo-rinkinys-skirtas-smegenims-lavinti-raides-skaiciai-139-vnt.jpg\",\"contentUrl\":\"https:\\\/\\\/kidsplay.lt\\\/wp-content\\\/uploads\\\/2025\\\/10\\\/WOOPIE-Montessori-delioniu-rusiavimo-rinkinys-skirtas-smegenims-lavinti-raides-skaiciai-139-vnt.jpg\",\"width\":1000,\"height\":1000,\"caption\":\"WOOPIE Montessori d\u0117lioni\u0173 r\u016b\u0161iavimo rinkinys\"},{\"@type\":\"BreadcrumbList\",\"@id\":\"https:\\\/\\\/kidsplay.lt\\\/produktas\\\/woopie-montessori-delioniu-rusiavimo-rinkinys-skirtas-smegenims-lavinti-raides-skaiciai-139-vnt\\\/#breadcrumb\",\"itemListElement\":[{\"@type\":\"ListItem\",\"position\":1,\"name\":\"Pagrindinis\",\"item\":\"https:\\\/\\\/kidsplay.lt\\\/\"},{\"@type\":\"ListItem\",\"position\":2,\"name\":\"Parduotuv\u0117\",\"item\":\"https:\\\/\\\/kidsplay.lt\\\/parduotuve\\\/\"},{\"@type\":\"ListItem\",\"position\":3,\"name\":\"WOOPIE Montessori d\u0117lioni\u0173 r\u016b\u0161iavimo rinkinys, skirtas smegenims lavinti, raid\u0117s, skai\u010diai, 139 vnt.\"}]},{\"@type\":\"WebSite\",\"@id\":\"https:\\\/\\\/kidsplay.lt\\\/#website\",\"url\":\"https:\\\/\\\/kidsplay.lt\\\/\",\"name\":\"Kidsplay.lt\",\"description\":\"\u012evairios prek\u0117s vaikams\",\"publisher\":{\"@id\":\"https:\\\/\\\/kidsplay.lt\\\/#organization\"},\"alternateName\":\"Kidsplay\",\"potentialAction\":[{\"@type\":\"SearchAction\",\"target\":{\"@type\":\"EntryPoint\",\"urlTemplate\":\"https:\\\/\\\/kidsplay.lt\\\/?s={search_term_string}\"},\"query-input\":{\"@type\":\"PropertyValueSpecification\",\"valueRequired\":true,\"valueName\":\"search_term_string\"}}],\"inLanguage\":\"lv-LV\"},{\"@type\":\"Organization\",\"@id\":\"https:\\\/\\\/kidsplay.lt\\\/#organization\",\"name\":\"KidsPlay\",\"url\":\"https:\\\/\\\/kidsplay.lt\\\/\",\"logo\":{\"@type\":\"ImageObject\",\"inLanguage\":\"lv-LV\",\"@id\":\"https:\\\/\\\/kidsplay.lt\\\/#\\\/schema\\\/logo\\\/image\\\/\",\"url\":\"https:\\\/\\\/kidsplay.lt\\\/wp-content\\\/uploads\\\/2023\\\/07\\\/kidsplay-logo.png\",\"contentUrl\":\"https:\\\/\\\/kidsplay.lt\\\/wp-content\\\/uploads\\\/2023\\\/07\\\/kidsplay-logo.png\",\"width\":451,\"height\":98,\"caption\":\"KidsPlay\"},\"image\":{\"@id\":\"https:\\\/\\\/kidsplay.lt\\\/#\\\/schema\\\/logo\\\/image\\\/\"},\"sameAs\":[\"https:\\\/\\\/www.facebook.com\\\/www.kidsplay.lt\"]}]}<\/script>\n<!-- \/ Yoast SEO plugin. -->","yoast_head_json":{"title":"WOOPIE Montessori puz\u013cu \u0161\u0137iro\u0161anas komplekts smadze\u0146u att\u012bst\u012bbai, burti, cipari, 139 gab.","description":"WOOPIE Montessori d\u0117lioni\u0173 r\u016b\u0161iavimo rinkinys, skirtas smegenims lavinti, raid\u0117s, skai\u010diai, 139 vnt. - KidsPlay. Did\u017eiausias vaik\u0173 \u017eaisl\u0173 pasirinkimas.","robots":{"index":"index","follow":"follow","max-snippet":"max-snippet:-1","max-image-preview":"max-image-preview:large","max-video-preview":"max-video-preview:-1"},"canonical":"https:\/\/kidsplay.lt\/lv\/products\/woopie-montessori-delioniu-rusiavimo-rinkinys-skirtas-smegenims-lavinti-raides-skaiciai-139-vnt\/","og_locale":"lv_LV","og_type":"article","og_title":"WOOPIE Montessori d\u0117lioni\u0173 r\u016b\u0161iavimo rinkinys, skirtas smegenims lavinti, raid\u0117s, skai\u010diai, 139 vnt.","og_description":"WOOPIE Montessori d\u0117lioni\u0173 r\u016b\u0161iavimo rinkinys, skirtas smegenims lavinti, raid\u0117s, skai\u010diai, 139 vnt. - KidsPlay. Did\u017eiausias vaik\u0173 \u017eaisl\u0173 pasirinkimas.","og_url":"https:\/\/kidsplay.lt\/lv\/products\/woopie-montessori-delioniu-rusiavimo-rinkinys-skirtas-smegenims-lavinti-raides-skaiciai-139-vnt\/","og_site_name":"KidsPlay","article_publisher":"https:\/\/www.facebook.com\/www.kidsplay.lt","article_modified_time":"2026-04-13T11:40:23+00:00","og_image":[{"width":1000,"height":1000,"url":"https:\/\/kidsplay.lt\/wp-content\/uploads\/2025\/10\/WOOPIE-Montessori-delioniu-rusiavimo-rinkinys-skirtas-smegenims-lavinti-raides-skaiciai-139-vnt.jpg","type":"image\/jpeg"}],"twitter_card":"summary_large_image","twitter_misc":{"Est. reading time":"1 min\u016bte"},"schema":{"@context":"https:\/\/schema.org","@graph":[{"@type":"WebPage","@id":"https:\/\/kidsplay.lt\/produktas\/woopie-montessori-delioniu-rusiavimo-rinkinys-skirtas-smegenims-lavinti-raides-skaiciai-139-vnt\/","url":"https:\/\/kidsplay.lt\/produktas\/woopie-montessori-delioniu-rusiavimo-rinkinys-skirtas-smegenims-lavinti-raides-skaiciai-139-vnt\/","name":"WOOPIE Montessori puz\u013cu \u0161\u0137iro\u0161anas komplekts smadze\u0146u att\u012bst\u012bbai, burti, cipari, 139 gab.","isPartOf":{"@id":"https:\/\/kidsplay.lt\/#website"},"primaryImageOfPage":{"@id":"https:\/\/kidsplay.lt\/produktas\/woopie-montessori-delioniu-rusiavimo-rinkinys-skirtas-smegenims-lavinti-raides-skaiciai-139-vnt\/#primaryimage"},"image":{"@id":"https:\/\/kidsplay.lt\/produktas\/woopie-montessori-delioniu-rusiavimo-rinkinys-skirtas-smegenims-lavinti-raides-skaiciai-139-vnt\/#primaryimage"},"thumbnailUrl":"https:\/\/kidsplay.lt\/wp-content\/uploads\/2025\/10\/WOOPIE-Montessori-delioniu-rusiavimo-rinkinys-skirtas-smegenims-lavinti-raides-skaiciai-139-vnt.jpg","datePublished":"2026-02-26T07:01:57+00:00","dateModified":"2026-04-13T11:40:23+00:00","description":"WOOPIE Montessori d\u0117lioni\u0173 r\u016b\u0161iavimo rinkinys, skirtas smegenims lavinti, raid\u0117s, skai\u010diai, 139 vnt. - KidsPlay. Did\u017eiausias vaik\u0173 \u017eaisl\u0173 pasirinkimas.","breadcrumb":{"@id":"https:\/\/kidsplay.lt\/produktas\/woopie-montessori-delioniu-rusiavimo-rinkinys-skirtas-smegenims-lavinti-raides-skaiciai-139-vnt\/#breadcrumb"},"inLanguage":"lv-LV","potentialAction":[{"@type":"ReadAction","target":["https:\/\/kidsplay.lt\/produktas\/woopie-montessori-delioniu-rusiavimo-rinkinys-skirtas-smegenims-lavinti-raides-skaiciai-139-vnt\/"]}]},{"@type":"ImageObject","inLanguage":"lv-LV","@id":"https:\/\/kidsplay.lt\/produktas\/woopie-montessori-delioniu-rusiavimo-rinkinys-skirtas-smegenims-lavinti-raides-skaiciai-139-vnt\/#primaryimage","url":"https:\/\/kidsplay.lt\/wp-content\/uploads\/2025\/10\/WOOPIE-Montessori-delioniu-rusiavimo-rinkinys-skirtas-smegenims-lavinti-raides-skaiciai-139-vnt.jpg","contentUrl":"https:\/\/kidsplay.lt\/wp-content\/uploads\/2025\/10\/WOOPIE-Montessori-delioniu-rusiavimo-rinkinys-skirtas-smegenims-lavinti-raides-skaiciai-139-vnt.jpg","width":1000,"height":1000,"caption":"WOOPIE Montessori d\u0117lioni\u0173 r\u016b\u0161iavimo rinkinys"},{"@type":"BreadcrumbList","@id":"https:\/\/kidsplay.lt\/produktas\/woopie-montessori-delioniu-rusiavimo-rinkinys-skirtas-smegenims-lavinti-raides-skaiciai-139-vnt\/#breadcrumb","itemListElement":[{"@type":"ListItem","position":1,"name":"Pagrindinis","item":"https:\/\/kidsplay.lt\/"},{"@type":"ListItem","position":2,"name":"Parduotuv\u0117","item":"https:\/\/kidsplay.lt\/parduotuve\/"},{"@type":"ListItem","position":3,"name":"WOOPIE Montessori d\u0117lioni\u0173 r\u016b\u0161iavimo rinkinys, skirtas smegenims lavinti, raid\u0117s, skai\u010diai, 139 vnt."}]},{"@type":"WebSite","@id":"https:\/\/kidsplay.lt\/#website","url":"https:\/\/kidsplay.lt\/","name":"B\u0113rnu sp\u0113les.lv","description":"\u012evairios prek\u0117s vaikams","publisher":{"@id":"https:\/\/kidsplay.lt\/#organization"},"alternateName":"Kidsplay","potentialAction":[{"@type":"SearchAction","target":{"@type":"EntryPoint","urlTemplate":"https:\/\/kidsplay.lt\/?s={search_term_string}"},"query-input":{"@type":"PropertyValueSpecification","valueRequired":true,"valueName":"search_term_string"}}],"inLanguage":"lv-LV"},{"@type":"Organization","@id":"https:\/\/kidsplay.lt\/#organization","name":"B\u0113rnu sp\u0113le","url":"https:\/\/kidsplay.lt\/","logo":{"@type":"ImageObject","inLanguage":"lv-LV","@id":"https:\/\/kidsplay.lt\/#\/schema\/logo\/image\/","url":"https:\/\/kidsplay.lt\/wp-content\/uploads\/2023\/07\/kidsplay-logo.png","contentUrl":"https:\/\/kidsplay.lt\/wp-content\/uploads\/2023\/07\/kidsplay-logo.png","width":451,"height":98,"caption":"KidsPlay"},"image":{"@id":"https:\/\/kidsplay.lt\/#\/schema\/logo\/image\/"},"sameAs":["https:\/\/www.facebook.com\/www.kidsplay.lt"]}]}},"_links":{"self":[{"href":"https:\/\/kidsplay.lt\/lv\/wp-json\/wp\/v2\/product\/88906","targetHints":{"allow":["GET"]}}],"collection":[{"href":"https:\/\/kidsplay.lt\/lv\/wp-json\/wp\/v2\/product"}],"about":[{"href":"https:\/\/kidsplay.lt\/lv\/wp-json\/wp\/v2\/types\/product"}],"version-history":[{"count":1,"href":"https:\/\/kidsplay.lt\/lv\/wp-json\/wp\/v2\/product\/88906\/revisions"}],"predecessor-version":[{"id":88907,"href":"https:\/\/kidsplay.lt\/lv\/wp-json\/wp\/v2\/product\/88906\/revisions\/88907"}],"wp:featuredmedia":[{"embeddable":true,"href":"https:\/\/kidsplay.lt\/lv\/wp-json\/wp\/v2\/media\/78742"}],"wp:attachment":[{"href":"https:\/\/kidsplay.lt\/lv\/wp-json\/wp\/v2\/media?parent=88906"}],"wp:term":[{"taxonomy":"product_brand","embeddable":true,"href":"https:\/\/kidsplay.lt\/lv\/wp-json\/wp\/v2\/product_brand?post=88906"},{"taxonomy":"product_cat","embeddable":true,"href":"https:\/\/kidsplay.lt\/lv\/wp-json\/wp\/v2\/product_cat?post=88906"},{"taxonomy":"product_tag","embeddable":true,"href":"https:\/\/kidsplay.lt\/lv\/wp-json\/wp\/v2\/product_tag?post=88906"}],"curies":[{"name":"wp","href":"https:\/\/api.w.org\/{rel}","templated":true}]}}