{"id":88930,"date":"2026-02-26T09:02:41","date_gmt":"2026-02-26T07:02:41","guid":{"rendered":"https:\/\/kidsplay.lt\/produktas\/woopie-3-viename-arkadinis-zaidimas-raketu-paleidimo-priemone-sokdyne-metyk-i-taikini-boruzele\/"},"modified":"2026-04-13T14:40:40","modified_gmt":"2026-04-13T11:40:40","slug":"woopie-3-viename-arkadinis-zaidimas-raketu-paleidimo-priemone-sokdyne-metyk-i-taikini-boruzele","status":"publish","type":"product","link":"https:\/\/kidsplay.lt\/lv\/products\/woopie-3-viename-arkadinis-zaidimas-raketu-paleidimo-priemone-sokdyne-metyk-i-taikini-boruzele\/","title":{"rendered":"WOOPIE 3 viename arkadinis \u017eaidimas Raket\u0173 paleidimo priemon\u0117 \u0160okdyn\u0117 M\u0117tyk \u012f taikin\u012f Boru\u017e\u0117l\u0117"},"content":{"rendered":"<p>Ie\u0161kote dovanos, kuri tikrai nustebint\u0173 vaik\u0105?\u00a0WOOPIE<br \/>\n3 viename interaktyvus \u017eaislas \u201eLadybug\u201c\u00a0yra tikras hitas \u2013 jame sujungta\u00a0interaktyvi \u0161okdyn\u0117\u00a0,\u00a0raket\u0173 paleidimo \u012frenginys\u00a0ir\u00a0\u201eRingo\u201c arkadinis \u017eaidimas\u00a0.\u00a0Tai puiki dovana \u2013 ji lavina, linksmina ir atitraukia d\u0117mes\u012f nuo ekran\u0173!<\/p>\n<p>Rakstur\u012bgs:\u00a0<\/p>\n<p> \t&#8211; \u017daislas nuo\u00a03 met\u0173 am\u017eiaus<br \/>\n \t&#8211; 3 u\u017esi\u0117mimai viename rinkinyje\u00a0\u2013 nebereikia nuobod\u017eiauti, laikas jud\u0117ti!<br \/>\n \t&#8211; Lavinti \u017eaidim\u0105\u00a0\u2013 lavinti miklum\u0105, refleksus ir koordinacij\u0105.<br \/>\n \t&#8211; Smagu vienam arba grup\u0117je\u00a0\u2013 puikiai tinka gimtadieniams, i\u0161kyloms ar popiet\u0117ms kartu.<br \/>\n \t&#8211; Saugus ir patvarus\u00a0\u2013 sukurtas galvojant apie vaikus.<br \/>\n \t&#8211; Maitinimo \u0161altinis\u00a0: 4x AA (nepridedamos)<\/p>\n<p>1.\u00a0\u00a0\u0160okdyn\u0117 su besisukan\u010dia lazda<\/p>\n<p> \t&#8211; \u0160i \u0161okdyn\u0117 su besisukan\u010diu strypu prisitaiko prie j\u016bs\u0173 vaiko am\u017eiaus d\u0117l\u00a04 grei\u010dio lygi\u0173\u00a0. Puikiai tinka lavinti pusiausvyr\u0105, koordinacij\u0105 ir palaikyti taisykling\u0105 laikysen\u0105.<br \/>\n \t&#8211; Vaikai gali \u017eaisti savaranki\u0161kai arba var\u017eytis tarpusavyje.<br \/>\n \t\u2013 Tai puikus b\u016bdas i\u0161likti fizi\u0161kai aktyviam namuose ar lauke.<\/p>\n<p>2.\u00a0\u00a0Raket\u0173 paleidimo \u012frenginys \u2013 oro galia = maksimalus malonumas!<\/p>\n<p> \t&#8211; Oru varomas paleidimo \u012frenginys\u00a0\u2013 vaikas paspaud\u017eia oro pagalv\u0119 ir raketa pakyla iki 15 metr\u0173.<br \/>\n \t&#8211; Nereikia baterij\u0173\u00a0, tod\u0117l jis ekologi\u0161kas ir saugus vaikams. Puikus b\u016bdas i\u0161mokti fizikos pagrind\u0173 \u2013 j\u0117gos, kampo ir skryd\u017eio auk\u0161\u010dio.<br \/>\n \t&#8211; Raket\u0173 paleidimo \u012frenginio d\u0117ka\u00a0vaikai gali var\u017eytis, kas paleis raket\u0105 auk\u0161\u010diau ar toliausiai\u00a0, o tai suteikia jaudulio ir motyvuoja juos mank\u0161tintis lauke.<\/p>\n<p>3.\u00a0\u00a0\u017daidimas RINGO \u2013 tikslumas, refleksai, susikaupimas<\/p>\n<p> \t&#8211; Ringo \u017eaidime vaikai turi mesti\u00a012 spalving\u0173 lank\u0173\u00a0\u012f taikin\u012f \u2013 besisukant\u012f boru\u017e\u0117l\u0119. Tai puiki veikla, lavinanti refleksus, tikslum\u0105 ir susikaupim\u0105.<br \/>\n \t&#8211; Galimyb\u0117 \u017eaisti vienam arba su kitais vaikais \u2013 puiki pramoga visai \u0161eimai.<br \/>\n \t&#8211; Vaikai gali nusistatyti savo \u017eaidimo taisykles\u00a0, sukurti skirtingus sud\u0117tingumo lygius ir var\u017eytis d\u0117l geriausio \u017eaid\u0117jo titulo.<\/p>\n<p>Komplekt\u0101 ietilpst:<\/p>\n<p> \t&#8211;\u00a0\u00a0Interaktyvi boru\u017e\u0117l\u0117<br \/>\n \t&#8211;\u00a0\u00a012 spalving\u0173 \u017eiedini\u0173 lank\u0173<br \/>\n \t&#8211;\u00a0\u00a0Raket\u0173 paleidimo \u012frenginys su raketa<br \/>\n \t&#8211;\u00a0\u00a0Oro pagalv\u0117 raketoms paleisti<br \/>\n \t&#8211;\u00a0\u00a0Nuotolinio valdymo pultas<br \/>\n \t&#8211;\u00a0\u00a0Raketa<br \/>\n \t&#8211;\u00a0\u00a04 \u0161okdyn\u0117s elementai<\/p>","protected":false},"excerpt":{"rendered":"<p>Ie\u0161kote dovanos, kuri tikrai nustebint\u0173 vaik\u0105?\u00a0WOOPIE 3 viename interaktyvus \u017eaislas \u201eLadybug\u201c\u00a0yra tikras hitas \u2013 jame sujungta\u00a0interaktyvi \u0161okdyn\u0117\u00a0,\u00a0raket\u0173 paleidimo \u012frenginys\u00a0ir\u00a0\u201eRingo\u201c arkadinis<\/p>","protected":false},"featured_media":78752,"template":"","meta":{"_acf_changed":false,"_glsr_average":0,"_glsr_ranking":0,"_glsr_reviews":0},"product_brand":[],"product_cat":[233,430],"product_tag":[],"class_list":{"0":"post-88930","1":"product","2":"type-product","3":"status-publish","4":"has-post-thumbnail","6":"product_cat-lauko-pramogos","7":"product_cat-zaidimai-ir-linksmybes","8":"\"style=\"background-color: #2ecc711c;\"","10":"first","11":"instock","12":"purchasable","13":"product-type-simple"},"acf":[],"yoast_head":"<!-- This site is optimized with the Yoast SEO plugin v27.4 - https:\/\/yoast.com\/product\/yoast-seo-wordpress\/ -->\n<title>WOOPIE 3 viename arkadinis \u017eaidimas Raket\u0173 paleidimo priemon\u0117 \u0160okdyn\u0117 M\u0117tyk \u012f taikin\u012f Boru\u017e\u0117l\u0117<\/title>\n<meta name=\"description\" content=\"WOOPIE 3 viename arkadinis \u017eaidimas Raket\u0173 paleidimo priemon\u0117 \u0160okdyn\u0117 M\u0117tyk \u012f taikin\u012f Boru\u017e\u0117l\u0117 - KidsPlay. Did\u017eiausias vaik\u0173 \u017eaisl\u0173 pasirinkimas.\" \/>\n<meta name=\"robots\" content=\"index, follow, max-snippet:-1, max-image-preview:large, max-video-preview:-1\" \/>\n<link rel=\"canonical\" href=\"https:\/\/kidsplay.lt\/lv\/products\/woopie-3-viename-arkadinis-zaidimas-raketu-paleidimo-priemone-sokdyne-metyk-i-taikini-boruzele\/\" \/>\n<meta property=\"og:locale\" content=\"lv_LV\" \/>\n<meta property=\"og:type\" content=\"article\" \/>\n<meta property=\"og:title\" content=\"WOOPIE 3 viename arkadinis \u017eaidimas Raket\u0173 paleidimo priemon\u0117 \u0160okdyn\u0117 M\u0117tyk \u012f taikin\u012f Boru\u017e\u0117l\u0117\" \/>\n<meta property=\"og:description\" content=\"WOOPIE 3 viename arkadinis \u017eaidimas Raket\u0173 paleidimo priemon\u0117 \u0160okdyn\u0117 M\u0117tyk \u012f taikin\u012f Boru\u017e\u0117l\u0117 - KidsPlay. Did\u017eiausias vaik\u0173 \u017eaisl\u0173 pasirinkimas.\" \/>\n<meta property=\"og:url\" content=\"https:\/\/kidsplay.lt\/lv\/products\/woopie-3-viename-arkadinis-zaidimas-raketu-paleidimo-priemone-sokdyne-metyk-i-taikini-boruzele\/\" \/>\n<meta property=\"og:site_name\" content=\"KidsPlay\" \/>\n<meta property=\"article:publisher\" content=\"https:\/\/www.facebook.com\/www.kidsplay.lt\" \/>\n<meta property=\"article:modified_time\" content=\"2026-04-13T11:40:40+00:00\" \/>\n<meta property=\"og:image\" content=\"https:\/\/kidsplay.lt\/wp-content\/uploads\/2025\/10\/WOOPIE-3-viename-arkadinis-zaidimas-Raketu-paleidimo-priemone-Sokdyne-Metyk-i-taikini-Boruzele.jpg\" \/>\n\t<meta property=\"og:image:width\" content=\"1000\" \/>\n\t<meta property=\"og:image:height\" content=\"1000\" \/>\n\t<meta property=\"og:image:type\" content=\"image\/jpeg\" \/>\n<meta name=\"twitter:card\" content=\"summary_large_image\" \/>\n<meta name=\"twitter:label1\" content=\"Est. reading time\" \/>\n\t<meta name=\"twitter:data1\" content=\"2 min\u016btes\" \/>\n<script type=\"application\/ld+json\" class=\"yoast-schema-graph\">{\"@context\":\"https:\\\/\\\/schema.org\",\"@graph\":[{\"@type\":\"WebPage\",\"@id\":\"https:\\\/\\\/kidsplay.lt\\\/produktas\\\/woopie-3-viename-arkadinis-zaidimas-raketu-paleidimo-priemone-sokdyne-metyk-i-taikini-boruzele\\\/\",\"url\":\"https:\\\/\\\/kidsplay.lt\\\/produktas\\\/woopie-3-viename-arkadinis-zaidimas-raketu-paleidimo-priemone-sokdyne-metyk-i-taikini-boruzele\\\/\",\"name\":\"WOOPIE 3 viename arkadinis \u017eaidimas Raket\u0173 paleidimo priemon\u0117 \u0160okdyn\u0117 M\u0117tyk \u012f taikin\u012f Boru\u017e\u0117l\u0117\",\"isPartOf\":{\"@id\":\"https:\\\/\\\/kidsplay.lt\\\/#website\"},\"primaryImageOfPage\":{\"@id\":\"https:\\\/\\\/kidsplay.lt\\\/produktas\\\/woopie-3-viename-arkadinis-zaidimas-raketu-paleidimo-priemone-sokdyne-metyk-i-taikini-boruzele\\\/#primaryimage\"},\"image\":{\"@id\":\"https:\\\/\\\/kidsplay.lt\\\/produktas\\\/woopie-3-viename-arkadinis-zaidimas-raketu-paleidimo-priemone-sokdyne-metyk-i-taikini-boruzele\\\/#primaryimage\"},\"thumbnailUrl\":\"https:\\\/\\\/kidsplay.lt\\\/wp-content\\\/uploads\\\/2025\\\/10\\\/WOOPIE-3-viename-arkadinis-zaidimas-Raketu-paleidimo-priemone-Sokdyne-Metyk-i-taikini-Boruzele.jpg\",\"datePublished\":\"2026-02-26T07:02:41+00:00\",\"dateModified\":\"2026-04-13T11:40:40+00:00\",\"description\":\"WOOPIE 3 viename arkadinis \u017eaidimas Raket\u0173 paleidimo priemon\u0117 \u0160okdyn\u0117 M\u0117tyk \u012f taikin\u012f Boru\u017e\u0117l\u0117 - KidsPlay. Did\u017eiausias vaik\u0173 \u017eaisl\u0173 pasirinkimas.\",\"breadcrumb\":{\"@id\":\"https:\\\/\\\/kidsplay.lt\\\/produktas\\\/woopie-3-viename-arkadinis-zaidimas-raketu-paleidimo-priemone-sokdyne-metyk-i-taikini-boruzele\\\/#breadcrumb\"},\"inLanguage\":\"lv-LV\",\"potentialAction\":[{\"@type\":\"ReadAction\",\"target\":[\"https:\\\/\\\/kidsplay.lt\\\/produktas\\\/woopie-3-viename-arkadinis-zaidimas-raketu-paleidimo-priemone-sokdyne-metyk-i-taikini-boruzele\\\/\"]}]},{\"@type\":\"ImageObject\",\"inLanguage\":\"lv-LV\",\"@id\":\"https:\\\/\\\/kidsplay.lt\\\/produktas\\\/woopie-3-viename-arkadinis-zaidimas-raketu-paleidimo-priemone-sokdyne-metyk-i-taikini-boruzele\\\/#primaryimage\",\"url\":\"https:\\\/\\\/kidsplay.lt\\\/wp-content\\\/uploads\\\/2025\\\/10\\\/WOOPIE-3-viename-arkadinis-zaidimas-Raketu-paleidimo-priemone-Sokdyne-Metyk-i-taikini-Boruzele.jpg\",\"contentUrl\":\"https:\\\/\\\/kidsplay.lt\\\/wp-content\\\/uploads\\\/2025\\\/10\\\/WOOPIE-3-viename-arkadinis-zaidimas-Raketu-paleidimo-priemone-Sokdyne-Metyk-i-taikini-Boruzele.jpg\",\"width\":1000,\"height\":1000,\"caption\":\"WOOPIE 3 viename arkadinis \u017eaidimas Raket\u0173 paleidimo priemon\u0117 \u0160okdyn\u0117 M\u0117tyk \u012f taikin\u012f Boru\u017e\u0117l\u0117\"},{\"@type\":\"BreadcrumbList\",\"@id\":\"https:\\\/\\\/kidsplay.lt\\\/produktas\\\/woopie-3-viename-arkadinis-zaidimas-raketu-paleidimo-priemone-sokdyne-metyk-i-taikini-boruzele\\\/#breadcrumb\",\"itemListElement\":[{\"@type\":\"ListItem\",\"position\":1,\"name\":\"Pagrindinis\",\"item\":\"https:\\\/\\\/kidsplay.lt\\\/\"},{\"@type\":\"ListItem\",\"position\":2,\"name\":\"Parduotuv\u0117\",\"item\":\"https:\\\/\\\/kidsplay.lt\\\/parduotuve\\\/\"},{\"@type\":\"ListItem\",\"position\":3,\"name\":\"WOOPIE 3 viename arkadinis \u017eaidimas Raket\u0173 paleidimo priemon\u0117 \u0160okdyn\u0117 M\u0117tyk \u012f taikin\u012f Boru\u017e\u0117l\u0117\"}]},{\"@type\":\"WebSite\",\"@id\":\"https:\\\/\\\/kidsplay.lt\\\/#website\",\"url\":\"https:\\\/\\\/kidsplay.lt\\\/\",\"name\":\"Kidsplay.lt\",\"description\":\"\u012evairios prek\u0117s vaikams\",\"publisher\":{\"@id\":\"https:\\\/\\\/kidsplay.lt\\\/#organization\"},\"alternateName\":\"Kidsplay\",\"potentialAction\":[{\"@type\":\"SearchAction\",\"target\":{\"@type\":\"EntryPoint\",\"urlTemplate\":\"https:\\\/\\\/kidsplay.lt\\\/?s={search_term_string}\"},\"query-input\":{\"@type\":\"PropertyValueSpecification\",\"valueRequired\":true,\"valueName\":\"search_term_string\"}}],\"inLanguage\":\"lv-LV\"},{\"@type\":\"Organization\",\"@id\":\"https:\\\/\\\/kidsplay.lt\\\/#organization\",\"name\":\"KidsPlay\",\"url\":\"https:\\\/\\\/kidsplay.lt\\\/\",\"logo\":{\"@type\":\"ImageObject\",\"inLanguage\":\"lv-LV\",\"@id\":\"https:\\\/\\\/kidsplay.lt\\\/#\\\/schema\\\/logo\\\/image\\\/\",\"url\":\"https:\\\/\\\/kidsplay.lt\\\/wp-content\\\/uploads\\\/2023\\\/07\\\/kidsplay-logo.png\",\"contentUrl\":\"https:\\\/\\\/kidsplay.lt\\\/wp-content\\\/uploads\\\/2023\\\/07\\\/kidsplay-logo.png\",\"width\":451,\"height\":98,\"caption\":\"KidsPlay\"},\"image\":{\"@id\":\"https:\\\/\\\/kidsplay.lt\\\/#\\\/schema\\\/logo\\\/image\\\/\"},\"sameAs\":[\"https:\\\/\\\/www.facebook.com\\\/www.kidsplay.lt\"]}]}<\/script>\n<!-- \/ Yoast SEO plugin. -->","yoast_head_json":{"title":"WOOPIE 3 viename arkadinis \u017eaidimas Raket\u0173 paleidimo priemon\u0117 \u0160okdyn\u0117 M\u0117tyk \u012f taikin\u012f Boru\u017e\u0117l\u0117","description":"WOOPIE 3 viename arkadinis \u017eaidimas Raket\u0173 paleidimo priemon\u0117 \u0160okdyn\u0117 M\u0117tyk \u012f taikin\u012f Boru\u017e\u0117l\u0117 - KidsPlay. Did\u017eiausias vaik\u0173 \u017eaisl\u0173 pasirinkimas.","robots":{"index":"index","follow":"follow","max-snippet":"max-snippet:-1","max-image-preview":"max-image-preview:large","max-video-preview":"max-video-preview:-1"},"canonical":"https:\/\/kidsplay.lt\/lv\/products\/woopie-3-viename-arkadinis-zaidimas-raketu-paleidimo-priemone-sokdyne-metyk-i-taikini-boruzele\/","og_locale":"lv_LV","og_type":"article","og_title":"WOOPIE 3 viename arkadinis \u017eaidimas Raket\u0173 paleidimo priemon\u0117 \u0160okdyn\u0117 M\u0117tyk \u012f taikin\u012f Boru\u017e\u0117l\u0117","og_description":"WOOPIE 3 viename arkadinis \u017eaidimas Raket\u0173 paleidimo priemon\u0117 \u0160okdyn\u0117 M\u0117tyk \u012f taikin\u012f Boru\u017e\u0117l\u0117 - KidsPlay. Did\u017eiausias vaik\u0173 \u017eaisl\u0173 pasirinkimas.","og_url":"https:\/\/kidsplay.lt\/lv\/products\/woopie-3-viename-arkadinis-zaidimas-raketu-paleidimo-priemone-sokdyne-metyk-i-taikini-boruzele\/","og_site_name":"KidsPlay","article_publisher":"https:\/\/www.facebook.com\/www.kidsplay.lt","article_modified_time":"2026-04-13T11:40:40+00:00","og_image":[{"width":1000,"height":1000,"url":"https:\/\/kidsplay.lt\/wp-content\/uploads\/2025\/10\/WOOPIE-3-viename-arkadinis-zaidimas-Raketu-paleidimo-priemone-Sokdyne-Metyk-i-taikini-Boruzele.jpg","type":"image\/jpeg"}],"twitter_card":"summary_large_image","twitter_misc":{"Est. reading time":"2 min\u016btes"},"schema":{"@context":"https:\/\/schema.org","@graph":[{"@type":"WebPage","@id":"https:\/\/kidsplay.lt\/produktas\/woopie-3-viename-arkadinis-zaidimas-raketu-paleidimo-priemone-sokdyne-metyk-i-taikini-boruzele\/","url":"https:\/\/kidsplay.lt\/produktas\/woopie-3-viename-arkadinis-zaidimas-raketu-paleidimo-priemone-sokdyne-metyk-i-taikini-boruzele\/","name":"WOOPIE 3 viename arkadinis \u017eaidimas Raket\u0173 paleidimo priemon\u0117 \u0160okdyn\u0117 M\u0117tyk \u012f taikin\u012f Boru\u017e\u0117l\u0117","isPartOf":{"@id":"https:\/\/kidsplay.lt\/#website"},"primaryImageOfPage":{"@id":"https:\/\/kidsplay.lt\/produktas\/woopie-3-viename-arkadinis-zaidimas-raketu-paleidimo-priemone-sokdyne-metyk-i-taikini-boruzele\/#primaryimage"},"image":{"@id":"https:\/\/kidsplay.lt\/produktas\/woopie-3-viename-arkadinis-zaidimas-raketu-paleidimo-priemone-sokdyne-metyk-i-taikini-boruzele\/#primaryimage"},"thumbnailUrl":"https:\/\/kidsplay.lt\/wp-content\/uploads\/2025\/10\/WOOPIE-3-viename-arkadinis-zaidimas-Raketu-paleidimo-priemone-Sokdyne-Metyk-i-taikini-Boruzele.jpg","datePublished":"2026-02-26T07:02:41+00:00","dateModified":"2026-04-13T11:40:40+00:00","description":"WOOPIE 3 viename arkadinis \u017eaidimas Raket\u0173 paleidimo priemon\u0117 \u0160okdyn\u0117 M\u0117tyk \u012f taikin\u012f Boru\u017e\u0117l\u0117 - KidsPlay. Did\u017eiausias vaik\u0173 \u017eaisl\u0173 pasirinkimas.","breadcrumb":{"@id":"https:\/\/kidsplay.lt\/produktas\/woopie-3-viename-arkadinis-zaidimas-raketu-paleidimo-priemone-sokdyne-metyk-i-taikini-boruzele\/#breadcrumb"},"inLanguage":"lv-LV","potentialAction":[{"@type":"ReadAction","target":["https:\/\/kidsplay.lt\/produktas\/woopie-3-viename-arkadinis-zaidimas-raketu-paleidimo-priemone-sokdyne-metyk-i-taikini-boruzele\/"]}]},{"@type":"ImageObject","inLanguage":"lv-LV","@id":"https:\/\/kidsplay.lt\/produktas\/woopie-3-viename-arkadinis-zaidimas-raketu-paleidimo-priemone-sokdyne-metyk-i-taikini-boruzele\/#primaryimage","url":"https:\/\/kidsplay.lt\/wp-content\/uploads\/2025\/10\/WOOPIE-3-viename-arkadinis-zaidimas-Raketu-paleidimo-priemone-Sokdyne-Metyk-i-taikini-Boruzele.jpg","contentUrl":"https:\/\/kidsplay.lt\/wp-content\/uploads\/2025\/10\/WOOPIE-3-viename-arkadinis-zaidimas-Raketu-paleidimo-priemone-Sokdyne-Metyk-i-taikini-Boruzele.jpg","width":1000,"height":1000,"caption":"WOOPIE 3 viename arkadinis \u017eaidimas Raket\u0173 paleidimo priemon\u0117 \u0160okdyn\u0117 M\u0117tyk \u012f taikin\u012f Boru\u017e\u0117l\u0117"},{"@type":"BreadcrumbList","@id":"https:\/\/kidsplay.lt\/produktas\/woopie-3-viename-arkadinis-zaidimas-raketu-paleidimo-priemone-sokdyne-metyk-i-taikini-boruzele\/#breadcrumb","itemListElement":[{"@type":"ListItem","position":1,"name":"Pagrindinis","item":"https:\/\/kidsplay.lt\/"},{"@type":"ListItem","position":2,"name":"Parduotuv\u0117","item":"https:\/\/kidsplay.lt\/parduotuve\/"},{"@type":"ListItem","position":3,"name":"WOOPIE 3 viename arkadinis \u017eaidimas Raket\u0173 paleidimo priemon\u0117 \u0160okdyn\u0117 M\u0117tyk \u012f taikin\u012f Boru\u017e\u0117l\u0117"}]},{"@type":"WebSite","@id":"https:\/\/kidsplay.lt\/#website","url":"https:\/\/kidsplay.lt\/","name":"B\u0113rnu sp\u0113les.lv","description":"\u012evairios prek\u0117s vaikams","publisher":{"@id":"https:\/\/kidsplay.lt\/#organization"},"alternateName":"Kidsplay","potentialAction":[{"@type":"SearchAction","target":{"@type":"EntryPoint","urlTemplate":"https:\/\/kidsplay.lt\/?s={search_term_string}"},"query-input":{"@type":"PropertyValueSpecification","valueRequired":true,"valueName":"search_term_string"}}],"inLanguage":"lv-LV"},{"@type":"Organization","@id":"https:\/\/kidsplay.lt\/#organization","name":"B\u0113rnu sp\u0113le","url":"https:\/\/kidsplay.lt\/","logo":{"@type":"ImageObject","inLanguage":"lv-LV","@id":"https:\/\/kidsplay.lt\/#\/schema\/logo\/image\/","url":"https:\/\/kidsplay.lt\/wp-content\/uploads\/2023\/07\/kidsplay-logo.png","contentUrl":"https:\/\/kidsplay.lt\/wp-content\/uploads\/2023\/07\/kidsplay-logo.png","width":451,"height":98,"caption":"KidsPlay"},"image":{"@id":"https:\/\/kidsplay.lt\/#\/schema\/logo\/image\/"},"sameAs":["https:\/\/www.facebook.com\/www.kidsplay.lt"]}]}},"_links":{"self":[{"href":"https:\/\/kidsplay.lt\/lv\/wp-json\/wp\/v2\/product\/88930","targetHints":{"allow":["GET"]}}],"collection":[{"href":"https:\/\/kidsplay.lt\/lv\/wp-json\/wp\/v2\/product"}],"about":[{"href":"https:\/\/kidsplay.lt\/lv\/wp-json\/wp\/v2\/types\/product"}],"version-history":[{"count":1,"href":"https:\/\/kidsplay.lt\/lv\/wp-json\/wp\/v2\/product\/88930\/revisions"}],"predecessor-version":[{"id":88931,"href":"https:\/\/kidsplay.lt\/lv\/wp-json\/wp\/v2\/product\/88930\/revisions\/88931"}],"wp:featuredmedia":[{"embeddable":true,"href":"https:\/\/kidsplay.lt\/lv\/wp-json\/wp\/v2\/media\/78752"}],"wp:attachment":[{"href":"https:\/\/kidsplay.lt\/lv\/wp-json\/wp\/v2\/media?parent=88930"}],"wp:term":[{"taxonomy":"product_brand","embeddable":true,"href":"https:\/\/kidsplay.lt\/lv\/wp-json\/wp\/v2\/product_brand?post=88930"},{"taxonomy":"product_cat","embeddable":true,"href":"https:\/\/kidsplay.lt\/lv\/wp-json\/wp\/v2\/product_cat?post=88930"},{"taxonomy":"product_tag","embeddable":true,"href":"https:\/\/kidsplay.lt\/lv\/wp-json\/wp\/v2\/product_tag?post=88930"}],"curies":[{"name":"wp","href":"https:\/\/api.w.org\/{rel}","templated":true}]}}