{"id":88946,"date":"2026-02-26T09:03:11","date_gmt":"2026-02-26T07:03:11","guid":{"rendered":"https:\/\/kidsplay.lt\/produktas\/feber-hello-kitty-vandens-ciuozykla-2in1-107-cm\/"},"modified":"2026-04-07T10:19:52","modified_gmt":"2026-04-07T07:19:52","slug":"feber-hello-kitty-vandens-ciuozykla-2in1-107-cm","status":"publish","type":"product","link":"https:\/\/kidsplay.lt\/lv\/products\/feber-hello-kitty-vandens-ciuozykla-2in1-107-cm\/","title":{"rendered":"FEBER Hello Kitty vandens \u010diuo\u017eykla 2in1, 107 cm"},"content":{"rendered":"<p>\u201eHello Kitty Feber Slide\u201c \u2013 pirmoji \u010diuo\u017eykla su vandens pramog\u0173 parinktimi<br \/>\nIspani\u0161ko\u00a0prek\u0117s \u017eenklo FEBER \u201e\u00a0Hello Kitty\u201c\u00a0\u010diuo\u017eykla\u00a0tinka vaikams\u00a0nuo 12 m\u0117nesi\u0173 am\u017eiaus\u00a0. \u017davus \u201eHello Kitty\u201c dizainas, idealiai tinkantis kaip pirmoji \u010diuo\u017eykla, skatina kasdien\u0119 veikl\u0105 lauke.\u00a02 viename funkcionalumas leid\u017eia prijungti prie sodo \u017earnos ir \u017eaisti vandenyje \u2013 puikiai tinka kar\u0161tomis dienomis. Lengvas ir sulankstomas dizainas leid\u017eia greitai surinkti ir patogiai laikyti. Pagaminta i\u0161 patvaraus,\u00a0UV spinduliams atsparaus\u00a0plastiko\u00a0, spalvos\u00a0ilgai i\u0161lieka ry\u0161kios.<br \/>\nProdukto charakteristikos:<\/p>\n<p> \t&#8211; Vaikams nuo 12 m\u0117nesi\u0173 am\u017eiaus<br \/>\n \t&#8211;\u00a0\u010ciuo\u017eyklos ilgis: 107 cm\u00a0\u2013 puikiai tinka pirmiesiems nusileidimams<br \/>\n \t&#8211;\u00a02 viename funkcija\u00a0&#8211; galimyb\u0117 prijungti sodo \u017earn\u0105<br \/>\n \t&#8211;\u00a0Sulankstomas dizainas\u00a0\u2013 lengvas sand\u0117liavimas ir greitas surinkimas<br \/>\n \t&#8211;\u00a0Apval\u016bs kra\u0161tai ir auk\u0161tos \u0161onin\u0117s sienel\u0117s\u00a0didesniam saugumui<br \/>\n \t&#8211;\u00a0Modern\u016bs laipteliai ir rankenos\u00a0\u2013 patogus \u012f\u0117jimas<br \/>\n \t&#8211;\u00a0Platus pagrindas\u00a0stabilumui<br \/>\n \t&#8211;\u00a0UV spinduliams atspari med\u017eiaga\u00a0&#8211; patvarios, ry\u0161kios spalvos<br \/>\n \t&#8211;\u00a0Maksimali apkrova:\u00a030 kg<\/p>","protected":false},"excerpt":{"rendered":"<p>\u201eHello Kitty Feber Slide\u201c \u2013 pirmoji \u010diuo\u017eykla su vandens pramog\u0173 parinktimi Ispani\u0161ko\u00a0prek\u0117s \u017eenklo FEBER \u201e\u00a0Hello Kitty\u201c\u00a0\u010diuo\u017eykla\u00a0tinka vaikams\u00a0nuo 12 m\u0117nesi\u0173 am\u017eiaus\u00a0.<\/p>","protected":false},"featured_media":63118,"template":"","meta":{"_acf_changed":false,"_glsr_average":0,"_glsr_ranking":0,"_glsr_reviews":0},"product_brand":[],"product_cat":[432,233],"product_tag":[],"class_list":{"0":"post-88946","1":"product","2":"type-product","3":"status-publish","4":"has-post-thumbnail","6":"product_cat-ciuozyklos","7":"product_cat-lauko-pramogos","8":"\"style=\"background-color: #2ecc711c;\"","10":"first","11":"instock","12":"purchasable","13":"product-type-simple"},"acf":[],"yoast_head":"<!-- This site is optimized with the Yoast SEO plugin v27.3 - https:\/\/yoast.com\/product\/yoast-seo-wordpress\/ -->\n<title>FEBER Hello Kitty vandens \u010diuo\u017eykla 2in1, 107 cm<\/title>\n<meta name=\"description\" content=\"FEBER Hello Kitty vandens \u010diuo\u017eykla 2in1, 107 cm - KidsPlay. Did\u017eiausias vaik\u0173 \u017eaisl\u0173 pasirinkimas.\" \/>\n<meta name=\"robots\" content=\"index, follow, max-snippet:-1, max-image-preview:large, max-video-preview:-1\" \/>\n<link rel=\"canonical\" href=\"https:\/\/kidsplay.lt\/lv\/products\/feber-hello-kitty-vandens-ciuozykla-2in1-107-cm\/\" \/>\n<meta property=\"og:locale\" content=\"lv_LV\" \/>\n<meta property=\"og:type\" content=\"article\" \/>\n<meta property=\"og:title\" content=\"FEBER Hello Kitty vandens \u010diuo\u017eykla 2in1, 107 cm\" \/>\n<meta property=\"og:description\" content=\"FEBER Hello Kitty vandens \u010diuo\u017eykla 2in1, 107 cm - KidsPlay. Did\u017eiausias vaik\u0173 \u017eaisl\u0173 pasirinkimas.\" \/>\n<meta property=\"og:url\" content=\"https:\/\/kidsplay.lt\/lv\/products\/feber-hello-kitty-vandens-ciuozykla-2in1-107-cm\/\" \/>\n<meta property=\"og:site_name\" content=\"KidsPlay\" \/>\n<meta property=\"article:publisher\" content=\"https:\/\/www.facebook.com\/www.kidsplay.lt\" \/>\n<meta property=\"article:modified_time\" content=\"2026-04-07T07:19:52+00:00\" \/>\n<meta property=\"og:image\" content=\"https:\/\/kidsplay.lt\/wp-content\/uploads\/2025\/09\/FEBER-Hello-Kitty-vandens-ciuozykla-2in1-107-cm.jpg\" \/>\n\t<meta property=\"og:image:width\" content=\"1000\" \/>\n\t<meta property=\"og:image:height\" content=\"1000\" \/>\n\t<meta property=\"og:image:type\" content=\"image\/jpeg\" \/>\n<meta name=\"twitter:card\" content=\"summary_large_image\" \/>\n<meta name=\"twitter:label1\" content=\"Est. reading time\" \/>\n\t<meta name=\"twitter:data1\" content=\"1 min\u016bte\" \/>\n<script type=\"application\/ld+json\" class=\"yoast-schema-graph\">{\"@context\":\"https:\\\/\\\/schema.org\",\"@graph\":[{\"@type\":\"WebPage\",\"@id\":\"https:\\\/\\\/kidsplay.lt\\\/produktas\\\/feber-hello-kitty-vandens-ciuozykla-2in1-107-cm\\\/\",\"url\":\"https:\\\/\\\/kidsplay.lt\\\/produktas\\\/feber-hello-kitty-vandens-ciuozykla-2in1-107-cm\\\/\",\"name\":\"FEBER Hello Kitty vandens \u010diuo\u017eykla 2in1, 107 cm\",\"isPartOf\":{\"@id\":\"https:\\\/\\\/kidsplay.lt\\\/#website\"},\"primaryImageOfPage\":{\"@id\":\"https:\\\/\\\/kidsplay.lt\\\/produktas\\\/feber-hello-kitty-vandens-ciuozykla-2in1-107-cm\\\/#primaryimage\"},\"image\":{\"@id\":\"https:\\\/\\\/kidsplay.lt\\\/produktas\\\/feber-hello-kitty-vandens-ciuozykla-2in1-107-cm\\\/#primaryimage\"},\"thumbnailUrl\":\"https:\\\/\\\/kidsplay.lt\\\/wp-content\\\/uploads\\\/2025\\\/09\\\/FEBER-Hello-Kitty-vandens-ciuozykla-2in1-107-cm.jpg\",\"datePublished\":\"2026-02-26T07:03:11+00:00\",\"dateModified\":\"2026-04-07T07:19:52+00:00\",\"description\":\"FEBER Hello Kitty vandens \u010diuo\u017eykla 2in1, 107 cm - KidsPlay. Did\u017eiausias vaik\u0173 \u017eaisl\u0173 pasirinkimas.\",\"breadcrumb\":{\"@id\":\"https:\\\/\\\/kidsplay.lt\\\/produktas\\\/feber-hello-kitty-vandens-ciuozykla-2in1-107-cm\\\/#breadcrumb\"},\"inLanguage\":\"lv-LV\",\"potentialAction\":[{\"@type\":\"ReadAction\",\"target\":[\"https:\\\/\\\/kidsplay.lt\\\/produktas\\\/feber-hello-kitty-vandens-ciuozykla-2in1-107-cm\\\/\"]}]},{\"@type\":\"ImageObject\",\"inLanguage\":\"lv-LV\",\"@id\":\"https:\\\/\\\/kidsplay.lt\\\/produktas\\\/feber-hello-kitty-vandens-ciuozykla-2in1-107-cm\\\/#primaryimage\",\"url\":\"https:\\\/\\\/kidsplay.lt\\\/wp-content\\\/uploads\\\/2025\\\/09\\\/FEBER-Hello-Kitty-vandens-ciuozykla-2in1-107-cm.jpg\",\"contentUrl\":\"https:\\\/\\\/kidsplay.lt\\\/wp-content\\\/uploads\\\/2025\\\/09\\\/FEBER-Hello-Kitty-vandens-ciuozykla-2in1-107-cm.jpg\",\"width\":1000,\"height\":1000,\"caption\":\"FEBER Hello Kitty vandens \u010diuo\u017eykla 2in1\"},{\"@type\":\"BreadcrumbList\",\"@id\":\"https:\\\/\\\/kidsplay.lt\\\/produktas\\\/feber-hello-kitty-vandens-ciuozykla-2in1-107-cm\\\/#breadcrumb\",\"itemListElement\":[{\"@type\":\"ListItem\",\"position\":1,\"name\":\"Pagrindinis\",\"item\":\"https:\\\/\\\/kidsplay.lt\\\/\"},{\"@type\":\"ListItem\",\"position\":2,\"name\":\"Parduotuv\u0117\",\"item\":\"https:\\\/\\\/kidsplay.lt\\\/parduotuve\\\/\"},{\"@type\":\"ListItem\",\"position\":3,\"name\":\"FEBER Hello Kitty vandens \u010diuo\u017eykla 2in1, 107 cm\"}]},{\"@type\":\"WebSite\",\"@id\":\"https:\\\/\\\/kidsplay.lt\\\/#website\",\"url\":\"https:\\\/\\\/kidsplay.lt\\\/\",\"name\":\"Kidsplay.lt\",\"description\":\"\u012evairios prek\u0117s vaikams\",\"publisher\":{\"@id\":\"https:\\\/\\\/kidsplay.lt\\\/#organization\"},\"alternateName\":\"Kidsplay\",\"potentialAction\":[{\"@type\":\"SearchAction\",\"target\":{\"@type\":\"EntryPoint\",\"urlTemplate\":\"https:\\\/\\\/kidsplay.lt\\\/?s={search_term_string}\"},\"query-input\":{\"@type\":\"PropertyValueSpecification\",\"valueRequired\":true,\"valueName\":\"search_term_string\"}}],\"inLanguage\":\"lv-LV\"},{\"@type\":\"Organization\",\"@id\":\"https:\\\/\\\/kidsplay.lt\\\/#organization\",\"name\":\"KidsPlay\",\"url\":\"https:\\\/\\\/kidsplay.lt\\\/\",\"logo\":{\"@type\":\"ImageObject\",\"inLanguage\":\"lv-LV\",\"@id\":\"https:\\\/\\\/kidsplay.lt\\\/#\\\/schema\\\/logo\\\/image\\\/\",\"url\":\"https:\\\/\\\/kidsplay.lt\\\/wp-content\\\/uploads\\\/2023\\\/07\\\/kidsplay-logo.png\",\"contentUrl\":\"https:\\\/\\\/kidsplay.lt\\\/wp-content\\\/uploads\\\/2023\\\/07\\\/kidsplay-logo.png\",\"width\":451,\"height\":98,\"caption\":\"KidsPlay\"},\"image\":{\"@id\":\"https:\\\/\\\/kidsplay.lt\\\/#\\\/schema\\\/logo\\\/image\\\/\"},\"sameAs\":[\"https:\\\/\\\/www.facebook.com\\\/www.kidsplay.lt\"]}]}<\/script>\n<!-- \/ Yoast SEO plugin. -->","yoast_head_json":{"title":"FEBER Hello Kitty vandens \u010diuo\u017eykla 2in1, 107 cm","description":"FEBER Hello Kitty vandens \u010diuo\u017eykla 2in1, 107 cm - KidsPlay. Did\u017eiausias vaik\u0173 \u017eaisl\u0173 pasirinkimas.","robots":{"index":"index","follow":"follow","max-snippet":"max-snippet:-1","max-image-preview":"max-image-preview:large","max-video-preview":"max-video-preview:-1"},"canonical":"https:\/\/kidsplay.lt\/lv\/products\/feber-hello-kitty-vandens-ciuozykla-2in1-107-cm\/","og_locale":"lv_LV","og_type":"article","og_title":"FEBER Hello Kitty vandens \u010diuo\u017eykla 2in1, 107 cm","og_description":"FEBER Hello Kitty vandens \u010diuo\u017eykla 2in1, 107 cm - KidsPlay. Did\u017eiausias vaik\u0173 \u017eaisl\u0173 pasirinkimas.","og_url":"https:\/\/kidsplay.lt\/lv\/products\/feber-hello-kitty-vandens-ciuozykla-2in1-107-cm\/","og_site_name":"KidsPlay","article_publisher":"https:\/\/www.facebook.com\/www.kidsplay.lt","article_modified_time":"2026-04-07T07:19:52+00:00","og_image":[{"width":1000,"height":1000,"url":"https:\/\/kidsplay.lt\/wp-content\/uploads\/2025\/09\/FEBER-Hello-Kitty-vandens-ciuozykla-2in1-107-cm.jpg","type":"image\/jpeg"}],"twitter_card":"summary_large_image","twitter_misc":{"Est. reading time":"1 min\u016bte"},"schema":{"@context":"https:\/\/schema.org","@graph":[{"@type":"WebPage","@id":"https:\/\/kidsplay.lt\/produktas\/feber-hello-kitty-vandens-ciuozykla-2in1-107-cm\/","url":"https:\/\/kidsplay.lt\/produktas\/feber-hello-kitty-vandens-ciuozykla-2in1-107-cm\/","name":"FEBER Hello Kitty vandens \u010diuo\u017eykla 2in1, 107 cm","isPartOf":{"@id":"https:\/\/kidsplay.lt\/#website"},"primaryImageOfPage":{"@id":"https:\/\/kidsplay.lt\/produktas\/feber-hello-kitty-vandens-ciuozykla-2in1-107-cm\/#primaryimage"},"image":{"@id":"https:\/\/kidsplay.lt\/produktas\/feber-hello-kitty-vandens-ciuozykla-2in1-107-cm\/#primaryimage"},"thumbnailUrl":"https:\/\/kidsplay.lt\/wp-content\/uploads\/2025\/09\/FEBER-Hello-Kitty-vandens-ciuozykla-2in1-107-cm.jpg","datePublished":"2026-02-26T07:03:11+00:00","dateModified":"2026-04-07T07:19:52+00:00","description":"FEBER Hello Kitty vandens \u010diuo\u017eykla 2in1, 107 cm - KidsPlay. Did\u017eiausias vaik\u0173 \u017eaisl\u0173 pasirinkimas.","breadcrumb":{"@id":"https:\/\/kidsplay.lt\/produktas\/feber-hello-kitty-vandens-ciuozykla-2in1-107-cm\/#breadcrumb"},"inLanguage":"lv-LV","potentialAction":[{"@type":"ReadAction","target":["https:\/\/kidsplay.lt\/produktas\/feber-hello-kitty-vandens-ciuozykla-2in1-107-cm\/"]}]},{"@type":"ImageObject","inLanguage":"lv-LV","@id":"https:\/\/kidsplay.lt\/produktas\/feber-hello-kitty-vandens-ciuozykla-2in1-107-cm\/#primaryimage","url":"https:\/\/kidsplay.lt\/wp-content\/uploads\/2025\/09\/FEBER-Hello-Kitty-vandens-ciuozykla-2in1-107-cm.jpg","contentUrl":"https:\/\/kidsplay.lt\/wp-content\/uploads\/2025\/09\/FEBER-Hello-Kitty-vandens-ciuozykla-2in1-107-cm.jpg","width":1000,"height":1000,"caption":"FEBER Hello Kitty vandens \u010diuo\u017eykla 2in1"},{"@type":"BreadcrumbList","@id":"https:\/\/kidsplay.lt\/produktas\/feber-hello-kitty-vandens-ciuozykla-2in1-107-cm\/#breadcrumb","itemListElement":[{"@type":"ListItem","position":1,"name":"Pagrindinis","item":"https:\/\/kidsplay.lt\/"},{"@type":"ListItem","position":2,"name":"Parduotuv\u0117","item":"https:\/\/kidsplay.lt\/parduotuve\/"},{"@type":"ListItem","position":3,"name":"FEBER Hello Kitty vandens \u010diuo\u017eykla 2in1, 107 cm"}]},{"@type":"WebSite","@id":"https:\/\/kidsplay.lt\/#website","url":"https:\/\/kidsplay.lt\/","name":"B\u0113rnu sp\u0113les.lv","description":"\u012evairios prek\u0117s vaikams","publisher":{"@id":"https:\/\/kidsplay.lt\/#organization"},"alternateName":"Kidsplay","potentialAction":[{"@type":"SearchAction","target":{"@type":"EntryPoint","urlTemplate":"https:\/\/kidsplay.lt\/?s={search_term_string}"},"query-input":{"@type":"PropertyValueSpecification","valueRequired":true,"valueName":"search_term_string"}}],"inLanguage":"lv-LV"},{"@type":"Organization","@id":"https:\/\/kidsplay.lt\/#organization","name":"B\u0113rnu sp\u0113le","url":"https:\/\/kidsplay.lt\/","logo":{"@type":"ImageObject","inLanguage":"lv-LV","@id":"https:\/\/kidsplay.lt\/#\/schema\/logo\/image\/","url":"https:\/\/kidsplay.lt\/wp-content\/uploads\/2023\/07\/kidsplay-logo.png","contentUrl":"https:\/\/kidsplay.lt\/wp-content\/uploads\/2023\/07\/kidsplay-logo.png","width":451,"height":98,"caption":"KidsPlay"},"image":{"@id":"https:\/\/kidsplay.lt\/#\/schema\/logo\/image\/"},"sameAs":["https:\/\/www.facebook.com\/www.kidsplay.lt"]}]}},"_links":{"self":[{"href":"https:\/\/kidsplay.lt\/lv\/wp-json\/wp\/v2\/product\/88946","targetHints":{"allow":["GET"]}}],"collection":[{"href":"https:\/\/kidsplay.lt\/lv\/wp-json\/wp\/v2\/product"}],"about":[{"href":"https:\/\/kidsplay.lt\/lv\/wp-json\/wp\/v2\/types\/product"}],"version-history":[{"count":1,"href":"https:\/\/kidsplay.lt\/lv\/wp-json\/wp\/v2\/product\/88946\/revisions"}],"predecessor-version":[{"id":88947,"href":"https:\/\/kidsplay.lt\/lv\/wp-json\/wp\/v2\/product\/88946\/revisions\/88947"}],"wp:featuredmedia":[{"embeddable":true,"href":"https:\/\/kidsplay.lt\/lv\/wp-json\/wp\/v2\/media\/63118"}],"wp:attachment":[{"href":"https:\/\/kidsplay.lt\/lv\/wp-json\/wp\/v2\/media?parent=88946"}],"wp:term":[{"taxonomy":"product_brand","embeddable":true,"href":"https:\/\/kidsplay.lt\/lv\/wp-json\/wp\/v2\/product_brand?post=88946"},{"taxonomy":"product_cat","embeddable":true,"href":"https:\/\/kidsplay.lt\/lv\/wp-json\/wp\/v2\/product_cat?post=88946"},{"taxonomy":"product_tag","embeddable":true,"href":"https:\/\/kidsplay.lt\/lv\/wp-json\/wp\/v2\/product_tag?post=88946"}],"curies":[{"name":"wp","href":"https:\/\/api.w.org\/{rel}","templated":true}]}}