{"id":88948,"date":"2026-02-26T09:03:17","date_gmt":"2026-02-26T07:03:17","guid":{"rendered":"https:\/\/kidsplay.lt\/produktas\/woopie-transformuojanciu-robotu-4in1-koviniu-automobiliu-rinkinys\/"},"modified":"2026-04-13T14:40:59","modified_gmt":"2026-04-13T11:40:59","slug":"woopie-transformuojanciu-robotu-4in1-koviniu-automobiliu-rinkinys","status":"publish","type":"product","link":"https:\/\/kidsplay.lt\/lv\/products\/woopie-transformuojanciu-robotu-4in1-koviniu-automobiliu-rinkinys\/","title":{"rendered":"WOOPIE Transform\u0113jo\u0161ais Robots 4in1 Kaujas Auto Komplekts"},"content":{"rendered":"<p>Pasiruo\u0161kite epiniam m\u016b\u0161iui su\u00a0\u201eWoopie Battle Robots\u201c rinkiniu!\u00a0\u0160iame fantasti\u0161kame rinkinyje yra\u00a0du galingi robotai\u00a0, pasiruo\u0161\u0119 transformuotis ir kovoti u\u017e visatos likim\u0105. Ar j\u016bs\u0173 komanda i\u0161bris pergalei \u0161iame kosminiame konflikte? Su paprastomis transformacijomis ir\u00a0prid\u0117tais priedais\u00a0kiekvienas ma\u017easis strategas patirs tikro m\u016b\u0161io jaudul\u012f! Puikiai tinka jauniems robot\u0173 ir kosmini\u0173 nuotyki\u0173 gerb\u0117jams.<br \/>\nRakstur\u012bgs:<\/p>\n<p> \t\u2013 B\u0113rniem no 3 gadu vecuma<br \/>\n \t\u2013 Izgatavots no augstas kvalit\u0101tes materi\u0101liem<br \/>\n \t&#8211; Robotai greitai transformuojasi \u012f\u00a0karines transporto priemones arba betono mai\u0161ykles,\u00a0skatindami dinami\u0161k\u0105 \u017eaidim\u0105<br \/>\n \t&#8211; Paprasta ir intuityvi transformacijos mechanika<br \/>\n \t&#8211;\u00a0\u00a0Papildoma \u012franga\u00a0padidina pramog\u0173 galimybes<\/p>\n<p>Pastaba!\u00a0\u017daislas yra dviej\u0173\u00a0roboto\u00a0spalv\u0173 : \u017ealios + raudonos ir m\u0117lynos + geltonos. Deja,\u00a0spalvos pasirinkimo n\u0117ra; pristatysime atsitiktine tvarka.<\/p>\n<p>Rinkinio komponentai:<\/p>\n<p> \t&#8211; 2 robotai<br \/>\n \t&#8211; Kiekvieno roboto priedai (ginklai, transformacijos dalys)<\/p>\n<p>Rota\u013clieta att\u012bst\u0101s:<\/p>\n<p> \t&#8211; K\u016brybi\u0161kumas ir vaizduot\u0117<br \/>\n \t&#8211; Rankiniai \u012fg\u016bd\u017eiai<br \/>\n \t&#8211; Strateginis m\u0105stymas<br \/>\n \t&#8211; Socialiniai \u012fg\u016bd\u017eiai<\/p>","protected":false},"excerpt":{"rendered":"<p>Pasiruo\u0161kite epiniam m\u016b\u0161iui su\u00a0\u201eWoopie Battle Robots\u201c rinkiniu!\u00a0\u0160iame fantasti\u0161kame rinkinyje yra\u00a0du galingi robotai\u00a0, pasiruo\u0161\u0119 transformuotis ir kovoti u\u017e visatos likim\u0105. Ar<\/p>","protected":false},"featured_media":63142,"template":"","meta":{"_acf_changed":false,"_glsr_average":0,"_glsr_ranking":0,"_glsr_reviews":0},"product_brand":[],"product_cat":[446,229],"product_tag":[],"class_list":{"0":"post-88948","1":"product","2":"type-product","3":"status-publish","4":"has-post-thumbnail","6":"product_cat-konstruktoriai","7":"product_cat-zaislai-vaikams","8":"\"style=\"background-color: #2ecc711c;\"","10":"first","11":"instock","12":"purchasable","13":"product-type-simple"},"acf":[],"yoast_head":"<!-- This site is optimized with the Yoast SEO plugin v27.4 - https:\/\/yoast.com\/product\/yoast-seo-wordpress\/ -->\n<title>WOOPIE transformuojan\u010di\u0173 robot\u0173 4in1 kovini\u0173 automobili\u0173 rinkinys<\/title>\n<meta name=\"description\" content=\"WOOPIE transformuojan\u010di\u0173 robot\u0173 4in1 kovini\u0173 automobili\u0173 rinkinys - KidsPlay. Did\u017eiausias vaik\u0173 \u017eaisl\u0173 pasirinkimas.\" \/>\n<meta name=\"robots\" content=\"index, follow, max-snippet:-1, max-image-preview:large, max-video-preview:-1\" \/>\n<link rel=\"canonical\" href=\"https:\/\/kidsplay.lt\/lv\/products\/woopie-transformuojanciu-robotu-4in1-koviniu-automobiliu-rinkinys\/\" \/>\n<meta property=\"og:locale\" content=\"lv_LV\" \/>\n<meta property=\"og:type\" content=\"article\" \/>\n<meta property=\"og:title\" content=\"WOOPIE transformuojan\u010di\u0173 robot\u0173 4in1 kovini\u0173 automobili\u0173 rinkinys\" \/>\n<meta property=\"og:description\" content=\"WOOPIE transformuojan\u010di\u0173 robot\u0173 4in1 kovini\u0173 automobili\u0173 rinkinys - KidsPlay. Did\u017eiausias vaik\u0173 \u017eaisl\u0173 pasirinkimas.\" \/>\n<meta property=\"og:url\" content=\"https:\/\/kidsplay.lt\/lv\/products\/woopie-transformuojanciu-robotu-4in1-koviniu-automobiliu-rinkinys\/\" \/>\n<meta property=\"og:site_name\" content=\"KidsPlay\" \/>\n<meta property=\"article:publisher\" content=\"https:\/\/www.facebook.com\/www.kidsplay.lt\" \/>\n<meta property=\"article:modified_time\" content=\"2026-04-13T11:40:59+00:00\" \/>\n<meta property=\"og:image\" content=\"https:\/\/kidsplay.lt\/wp-content\/uploads\/2025\/09\/WOOPIE-transformuojanciu-robotu-4in1-koviniu-automobiliu-rinkinys.jpg\" \/>\n\t<meta property=\"og:image:width\" content=\"1000\" \/>\n\t<meta property=\"og:image:height\" content=\"1000\" \/>\n\t<meta property=\"og:image:type\" content=\"image\/jpeg\" \/>\n<meta name=\"twitter:card\" content=\"summary_large_image\" \/>\n<meta name=\"twitter:label1\" content=\"Est. reading time\" \/>\n\t<meta name=\"twitter:data1\" content=\"1 min\u016bte\" \/>\n<script type=\"application\/ld+json\" class=\"yoast-schema-graph\">{\"@context\":\"https:\\\/\\\/schema.org\",\"@graph\":[{\"@type\":\"WebPage\",\"@id\":\"https:\\\/\\\/kidsplay.lt\\\/produktas\\\/woopie-transformuojanciu-robotu-4in1-koviniu-automobiliu-rinkinys\\\/\",\"url\":\"https:\\\/\\\/kidsplay.lt\\\/produktas\\\/woopie-transformuojanciu-robotu-4in1-koviniu-automobiliu-rinkinys\\\/\",\"name\":\"WOOPIE transformuojan\u010di\u0173 robot\u0173 4in1 kovini\u0173 automobili\u0173 rinkinys\",\"isPartOf\":{\"@id\":\"https:\\\/\\\/kidsplay.lt\\\/#website\"},\"primaryImageOfPage\":{\"@id\":\"https:\\\/\\\/kidsplay.lt\\\/produktas\\\/woopie-transformuojanciu-robotu-4in1-koviniu-automobiliu-rinkinys\\\/#primaryimage\"},\"image\":{\"@id\":\"https:\\\/\\\/kidsplay.lt\\\/produktas\\\/woopie-transformuojanciu-robotu-4in1-koviniu-automobiliu-rinkinys\\\/#primaryimage\"},\"thumbnailUrl\":\"https:\\\/\\\/kidsplay.lt\\\/wp-content\\\/uploads\\\/2025\\\/09\\\/WOOPIE-transformuojanciu-robotu-4in1-koviniu-automobiliu-rinkinys.jpg\",\"datePublished\":\"2026-02-26T07:03:17+00:00\",\"dateModified\":\"2026-04-13T11:40:59+00:00\",\"description\":\"WOOPIE transformuojan\u010di\u0173 robot\u0173 4in1 kovini\u0173 automobili\u0173 rinkinys - KidsPlay. Did\u017eiausias vaik\u0173 \u017eaisl\u0173 pasirinkimas.\",\"breadcrumb\":{\"@id\":\"https:\\\/\\\/kidsplay.lt\\\/produktas\\\/woopie-transformuojanciu-robotu-4in1-koviniu-automobiliu-rinkinys\\\/#breadcrumb\"},\"inLanguage\":\"lv-LV\",\"potentialAction\":[{\"@type\":\"ReadAction\",\"target\":[\"https:\\\/\\\/kidsplay.lt\\\/produktas\\\/woopie-transformuojanciu-robotu-4in1-koviniu-automobiliu-rinkinys\\\/\"]}]},{\"@type\":\"ImageObject\",\"inLanguage\":\"lv-LV\",\"@id\":\"https:\\\/\\\/kidsplay.lt\\\/produktas\\\/woopie-transformuojanciu-robotu-4in1-koviniu-automobiliu-rinkinys\\\/#primaryimage\",\"url\":\"https:\\\/\\\/kidsplay.lt\\\/wp-content\\\/uploads\\\/2025\\\/09\\\/WOOPIE-transformuojanciu-robotu-4in1-koviniu-automobiliu-rinkinys.jpg\",\"contentUrl\":\"https:\\\/\\\/kidsplay.lt\\\/wp-content\\\/uploads\\\/2025\\\/09\\\/WOOPIE-transformuojanciu-robotu-4in1-koviniu-automobiliu-rinkinys.jpg\",\"width\":1000,\"height\":1000,\"caption\":\"WOOPIE transformuojan\u010di\u0173 robot\u0173 4in1 kovini\u0173 automobili\u0173 rinkinys\"},{\"@type\":\"BreadcrumbList\",\"@id\":\"https:\\\/\\\/kidsplay.lt\\\/produktas\\\/woopie-transformuojanciu-robotu-4in1-koviniu-automobiliu-rinkinys\\\/#breadcrumb\",\"itemListElement\":[{\"@type\":\"ListItem\",\"position\":1,\"name\":\"Pagrindinis\",\"item\":\"https:\\\/\\\/kidsplay.lt\\\/\"},{\"@type\":\"ListItem\",\"position\":2,\"name\":\"Parduotuv\u0117\",\"item\":\"https:\\\/\\\/kidsplay.lt\\\/parduotuve\\\/\"},{\"@type\":\"ListItem\",\"position\":3,\"name\":\"WOOPIE transformuojan\u010di\u0173 robot\u0173 4in1 kovini\u0173 automobili\u0173 rinkinys\"}]},{\"@type\":\"WebSite\",\"@id\":\"https:\\\/\\\/kidsplay.lt\\\/#website\",\"url\":\"https:\\\/\\\/kidsplay.lt\\\/\",\"name\":\"Kidsplay.lt\",\"description\":\"\u012evairios prek\u0117s vaikams\",\"publisher\":{\"@id\":\"https:\\\/\\\/kidsplay.lt\\\/#organization\"},\"alternateName\":\"Kidsplay\",\"potentialAction\":[{\"@type\":\"SearchAction\",\"target\":{\"@type\":\"EntryPoint\",\"urlTemplate\":\"https:\\\/\\\/kidsplay.lt\\\/?s={search_term_string}\"},\"query-input\":{\"@type\":\"PropertyValueSpecification\",\"valueRequired\":true,\"valueName\":\"search_term_string\"}}],\"inLanguage\":\"lv-LV\"},{\"@type\":\"Organization\",\"@id\":\"https:\\\/\\\/kidsplay.lt\\\/#organization\",\"name\":\"KidsPlay\",\"url\":\"https:\\\/\\\/kidsplay.lt\\\/\",\"logo\":{\"@type\":\"ImageObject\",\"inLanguage\":\"lv-LV\",\"@id\":\"https:\\\/\\\/kidsplay.lt\\\/#\\\/schema\\\/logo\\\/image\\\/\",\"url\":\"https:\\\/\\\/kidsplay.lt\\\/wp-content\\\/uploads\\\/2023\\\/07\\\/kidsplay-logo.png\",\"contentUrl\":\"https:\\\/\\\/kidsplay.lt\\\/wp-content\\\/uploads\\\/2023\\\/07\\\/kidsplay-logo.png\",\"width\":451,\"height\":98,\"caption\":\"KidsPlay\"},\"image\":{\"@id\":\"https:\\\/\\\/kidsplay.lt\\\/#\\\/schema\\\/logo\\\/image\\\/\"},\"sameAs\":[\"https:\\\/\\\/www.facebook.com\\\/www.kidsplay.lt\"]}]}<\/script>\n<!-- \/ Yoast SEO plugin. -->","yoast_head_json":{"title":"WOOPIE Transform\u0113jo\u0161ais Robots 4in1 Kaujas Auto Komplekts","description":"WOOPIE transformuojan\u010di\u0173 robot\u0173 4in1 kovini\u0173 automobili\u0173 rinkinys - KidsPlay. Did\u017eiausias vaik\u0173 \u017eaisl\u0173 pasirinkimas.","robots":{"index":"index","follow":"follow","max-snippet":"max-snippet:-1","max-image-preview":"max-image-preview:large","max-video-preview":"max-video-preview:-1"},"canonical":"https:\/\/kidsplay.lt\/lv\/products\/woopie-transformuojanciu-robotu-4in1-koviniu-automobiliu-rinkinys\/","og_locale":"lv_LV","og_type":"article","og_title":"WOOPIE transformuojan\u010di\u0173 robot\u0173 4in1 kovini\u0173 automobili\u0173 rinkinys","og_description":"WOOPIE transformuojan\u010di\u0173 robot\u0173 4in1 kovini\u0173 automobili\u0173 rinkinys - KidsPlay. Did\u017eiausias vaik\u0173 \u017eaisl\u0173 pasirinkimas.","og_url":"https:\/\/kidsplay.lt\/lv\/products\/woopie-transformuojanciu-robotu-4in1-koviniu-automobiliu-rinkinys\/","og_site_name":"KidsPlay","article_publisher":"https:\/\/www.facebook.com\/www.kidsplay.lt","article_modified_time":"2026-04-13T11:40:59+00:00","og_image":[{"width":1000,"height":1000,"url":"https:\/\/kidsplay.lt\/wp-content\/uploads\/2025\/09\/WOOPIE-transformuojanciu-robotu-4in1-koviniu-automobiliu-rinkinys.jpg","type":"image\/jpeg"}],"twitter_card":"summary_large_image","twitter_misc":{"Est. reading time":"1 min\u016bte"},"schema":{"@context":"https:\/\/schema.org","@graph":[{"@type":"WebPage","@id":"https:\/\/kidsplay.lt\/produktas\/woopie-transformuojanciu-robotu-4in1-koviniu-automobiliu-rinkinys\/","url":"https:\/\/kidsplay.lt\/produktas\/woopie-transformuojanciu-robotu-4in1-koviniu-automobiliu-rinkinys\/","name":"WOOPIE Transform\u0113jo\u0161ais Robots 4in1 Kaujas Auto Komplekts","isPartOf":{"@id":"https:\/\/kidsplay.lt\/#website"},"primaryImageOfPage":{"@id":"https:\/\/kidsplay.lt\/produktas\/woopie-transformuojanciu-robotu-4in1-koviniu-automobiliu-rinkinys\/#primaryimage"},"image":{"@id":"https:\/\/kidsplay.lt\/produktas\/woopie-transformuojanciu-robotu-4in1-koviniu-automobiliu-rinkinys\/#primaryimage"},"thumbnailUrl":"https:\/\/kidsplay.lt\/wp-content\/uploads\/2025\/09\/WOOPIE-transformuojanciu-robotu-4in1-koviniu-automobiliu-rinkinys.jpg","datePublished":"2026-02-26T07:03:17+00:00","dateModified":"2026-04-13T11:40:59+00:00","description":"WOOPIE transformuojan\u010di\u0173 robot\u0173 4in1 kovini\u0173 automobili\u0173 rinkinys - KidsPlay. Did\u017eiausias vaik\u0173 \u017eaisl\u0173 pasirinkimas.","breadcrumb":{"@id":"https:\/\/kidsplay.lt\/produktas\/woopie-transformuojanciu-robotu-4in1-koviniu-automobiliu-rinkinys\/#breadcrumb"},"inLanguage":"lv-LV","potentialAction":[{"@type":"ReadAction","target":["https:\/\/kidsplay.lt\/produktas\/woopie-transformuojanciu-robotu-4in1-koviniu-automobiliu-rinkinys\/"]}]},{"@type":"ImageObject","inLanguage":"lv-LV","@id":"https:\/\/kidsplay.lt\/produktas\/woopie-transformuojanciu-robotu-4in1-koviniu-automobiliu-rinkinys\/#primaryimage","url":"https:\/\/kidsplay.lt\/wp-content\/uploads\/2025\/09\/WOOPIE-transformuojanciu-robotu-4in1-koviniu-automobiliu-rinkinys.jpg","contentUrl":"https:\/\/kidsplay.lt\/wp-content\/uploads\/2025\/09\/WOOPIE-transformuojanciu-robotu-4in1-koviniu-automobiliu-rinkinys.jpg","width":1000,"height":1000,"caption":"WOOPIE transformuojan\u010di\u0173 robot\u0173 4in1 kovini\u0173 automobili\u0173 rinkinys"},{"@type":"BreadcrumbList","@id":"https:\/\/kidsplay.lt\/produktas\/woopie-transformuojanciu-robotu-4in1-koviniu-automobiliu-rinkinys\/#breadcrumb","itemListElement":[{"@type":"ListItem","position":1,"name":"Pagrindinis","item":"https:\/\/kidsplay.lt\/"},{"@type":"ListItem","position":2,"name":"Parduotuv\u0117","item":"https:\/\/kidsplay.lt\/parduotuve\/"},{"@type":"ListItem","position":3,"name":"WOOPIE transformuojan\u010di\u0173 robot\u0173 4in1 kovini\u0173 automobili\u0173 rinkinys"}]},{"@type":"WebSite","@id":"https:\/\/kidsplay.lt\/#website","url":"https:\/\/kidsplay.lt\/","name":"B\u0113rnu sp\u0113les.lv","description":"\u012evairios prek\u0117s vaikams","publisher":{"@id":"https:\/\/kidsplay.lt\/#organization"},"alternateName":"Kidsplay","potentialAction":[{"@type":"SearchAction","target":{"@type":"EntryPoint","urlTemplate":"https:\/\/kidsplay.lt\/?s={search_term_string}"},"query-input":{"@type":"PropertyValueSpecification","valueRequired":true,"valueName":"search_term_string"}}],"inLanguage":"lv-LV"},{"@type":"Organization","@id":"https:\/\/kidsplay.lt\/#organization","name":"B\u0113rnu sp\u0113le","url":"https:\/\/kidsplay.lt\/","logo":{"@type":"ImageObject","inLanguage":"lv-LV","@id":"https:\/\/kidsplay.lt\/#\/schema\/logo\/image\/","url":"https:\/\/kidsplay.lt\/wp-content\/uploads\/2023\/07\/kidsplay-logo.png","contentUrl":"https:\/\/kidsplay.lt\/wp-content\/uploads\/2023\/07\/kidsplay-logo.png","width":451,"height":98,"caption":"KidsPlay"},"image":{"@id":"https:\/\/kidsplay.lt\/#\/schema\/logo\/image\/"},"sameAs":["https:\/\/www.facebook.com\/www.kidsplay.lt"]}]}},"_links":{"self":[{"href":"https:\/\/kidsplay.lt\/lv\/wp-json\/wp\/v2\/product\/88948","targetHints":{"allow":["GET"]}}],"collection":[{"href":"https:\/\/kidsplay.lt\/lv\/wp-json\/wp\/v2\/product"}],"about":[{"href":"https:\/\/kidsplay.lt\/lv\/wp-json\/wp\/v2\/types\/product"}],"version-history":[{"count":1,"href":"https:\/\/kidsplay.lt\/lv\/wp-json\/wp\/v2\/product\/88948\/revisions"}],"predecessor-version":[{"id":88949,"href":"https:\/\/kidsplay.lt\/lv\/wp-json\/wp\/v2\/product\/88948\/revisions\/88949"}],"wp:featuredmedia":[{"embeddable":true,"href":"https:\/\/kidsplay.lt\/lv\/wp-json\/wp\/v2\/media\/63142"}],"wp:attachment":[{"href":"https:\/\/kidsplay.lt\/lv\/wp-json\/wp\/v2\/media?parent=88948"}],"wp:term":[{"taxonomy":"product_brand","embeddable":true,"href":"https:\/\/kidsplay.lt\/lv\/wp-json\/wp\/v2\/product_brand?post=88948"},{"taxonomy":"product_cat","embeddable":true,"href":"https:\/\/kidsplay.lt\/lv\/wp-json\/wp\/v2\/product_cat?post=88948"},{"taxonomy":"product_tag","embeddable":true,"href":"https:\/\/kidsplay.lt\/lv\/wp-json\/wp\/v2\/product_tag?post=88948"}],"curies":[{"name":"wp","href":"https:\/\/api.w.org\/{rel}","templated":true}]}}