{"id":88956,"date":"2026-02-26T09:03:34","date_gmt":"2026-02-26T07:03:34","guid":{"rendered":"https:\/\/kidsplay.lt\/produktas\/tooky-toy-interaktyvi-medine-delione-gyvunai\/"},"modified":"2026-04-13T14:41:16","modified_gmt":"2026-04-13T11:41:16","slug":"tooky-toy-interaktyvi-medine-delione-gyvunai","status":"publish","type":"product","link":"https:\/\/kidsplay.lt\/lv\/products\/tooky-toy-interaktyvi-medine-delione-gyvunai\/","title":{"rendered":"TOOKY TOY Interaktyvi medin\u0117 d\u0117lion\u0117 &#8211; gyv\u016bnai"},"content":{"rendered":"<p>Medinis interaktyvus galvos\u016bkis \u2013 muzikin\u0117 pramoga!<\/p>\n<p>Ie\u0161kote \u017eaislo, kuris prad\u017eiugint\u0173 j\u016bs\u0173 vaik\u0105 ir b\u016bt\u0173 saugus bei draugi\u0161kas aplinkai?\u00a0\u0160is \u017eavus interaktyvus galvos\u016bkis yra puikus pasirinkimas! Pagamintas i\u0161\u00a0FSC sertifikuotos medienos\u00a0ir da\u017eytas saugiais da\u017eais \u2013 puikiai tinka\u00a0vaikams nuo 18 m\u0117nesi\u0173 am\u017eiaus!<\/p>\n<p>Rakstur\u012bgs:<\/p>\n<p> \t\u2714\ufe0f \u017daislas skirtas nuo\u00a018 m\u0117nesi\u0173 am\u017eiaus<br \/>\n \t\u2714\ufe0f Auk\u0161tos kokyb\u0117s\u00a0FSC\u00a0sertifikuota mediena<br \/>\n \t\u2714\ufe0f\u00a0Garsai \u012fsijungia,\u00a0kai elementai yra teisingai sud\u0117ti<br \/>\n \t\u2714\ufe0f 6 lengvai suimamos d\u0117lion\u0117s detal\u0117s \u2013 puikiai tinka ma\u017eoms rankyt\u0117ms<\/p>\n<p>Rota\u013clieta att\u012bst\u0101s:<\/p>\n<p> \t\u2714\ufe0f Rank\u0173 ir aki\u0173 koordinacija\u00a0\u2013 vaikas i\u0161moksta suderinti elementus su tinkamomis vietomis, o tai padeda tiksliai atlikti judesius ir valdyti motorik\u0105.<br \/>\n \t\u2714\ufe0f Form\u0173 ir spalv\u0173 atpa\u017einimas\u00a0\u2013 \u012fvairi\u0173 element\u0173 d\u0117ka ma\u017eylis lavina savo steb\u0117jimo \u012fg\u016bd\u017eius ir mokosi atskirti formas bei spalvas.<br \/>\n \t\u2714\ufe0f Loginis m\u0105stymas\u00a0\u2013 vaikas analizuoja, kuris elementas kurioje vietoje tinka, o tai palaiko prie\u017easties ir pasekm\u0117s m\u0105stym\u0105 bei veiksm\u0173 planavim\u0105.<br \/>\n \t\u2714\ufe0f Kantryb\u0117 ir susikaupimas\u00a0\u2013 galvos\u016bki\u0173 sprendimas reikalauja susikaupimo ir tikslumo, o tai teigiamai veikia kognityvini\u0173 \u012fg\u016bd\u017ei\u0173 vystym\u0105si.<br \/>\n \t\u2714\ufe0f Smulkiosios motorikos lavinimas\u00a0\u2013 d\u0117lion\u0117s detali\u0173 griebimas, derinimas ir manipuliavimas stiprina rank\u0173 ir pir\u0161t\u0173 raumenis, o tai labai svarbu v\u0117lesniam ra\u0161ymui ir kitiems rankiniams \u012fg\u016bd\u017eiams.<\/p>","protected":false},"excerpt":{"rendered":"<p>Medinis interaktyvus galvos\u016bkis \u2013 muzikin\u0117 pramoga! Ie\u0161kote \u017eaislo, kuris prad\u017eiugint\u0173 j\u016bs\u0173 vaik\u0105 ir b\u016bt\u0173 saugus bei draugi\u0161kas aplinkai?\u00a0\u0160is \u017eavus interaktyvus<\/p>","protected":false},"featured_media":78777,"template":"","meta":{"_acf_changed":false,"_glsr_average":0,"_glsr_ranking":0,"_glsr_reviews":0},"product_brand":[],"product_cat":[397,883],"product_tag":[],"class_list":{"0":"post-88956","1":"product","2":"type-product","3":"status-publish","4":"has-post-thumbnail","6":"product_cat-medines-deliones-mediniai-zaislai","7":"product_cat-mediniai-zaislai-2","8":"\"style=\"background-color: #2ecc711c;\"","10":"first","11":"instock","12":"purchasable","13":"product-type-simple"},"acf":[],"yoast_head":"<!-- This site is optimized with the Yoast SEO plugin v27.3 - https:\/\/yoast.com\/product\/yoast-seo-wordpress\/ -->\n<title>TOOKY TOY Interaktyvi medin\u0117 d\u0117lion\u0117 &#8211; gyv\u016bnai<\/title>\n<meta name=\"description\" content=\"TOOKY TOY Interaktyvi medin\u0117 d\u0117lion\u0117 &#8211; gyv\u016bnai - KidsPlay. Did\u017eiausias vaik\u0173 \u017eaisl\u0173 pasirinkimas.\" \/>\n<meta name=\"robots\" content=\"index, follow, max-snippet:-1, max-image-preview:large, max-video-preview:-1\" \/>\n<link rel=\"canonical\" href=\"https:\/\/kidsplay.lt\/lv\/products\/tooky-toy-interaktyvi-medine-delione-gyvunai\/\" \/>\n<meta property=\"og:locale\" content=\"lv_LV\" \/>\n<meta property=\"og:type\" content=\"article\" \/>\n<meta property=\"og:title\" content=\"TOOKY TOY Interaktyvi medin\u0117 d\u0117lion\u0117 &#8211; gyv\u016bnai\" \/>\n<meta property=\"og:description\" content=\"TOOKY TOY Interaktyvi medin\u0117 d\u0117lion\u0117 &#8211; gyv\u016bnai - KidsPlay. Did\u017eiausias vaik\u0173 \u017eaisl\u0173 pasirinkimas.\" \/>\n<meta property=\"og:url\" content=\"https:\/\/kidsplay.lt\/lv\/products\/tooky-toy-interaktyvi-medine-delione-gyvunai\/\" \/>\n<meta property=\"og:site_name\" content=\"KidsPlay\" \/>\n<meta property=\"article:publisher\" content=\"https:\/\/www.facebook.com\/www.kidsplay.lt\" \/>\n<meta property=\"article:modified_time\" content=\"2026-04-13T11:41:16+00:00\" \/>\n<meta property=\"og:image\" content=\"https:\/\/kidsplay.lt\/wp-content\/uploads\/2025\/10\/TOOKY-TOY-Interaktyvi-medine-delione-8211-gyvunai.jpg\" \/>\n\t<meta property=\"og:image:width\" content=\"1000\" \/>\n\t<meta property=\"og:image:height\" content=\"1000\" \/>\n\t<meta property=\"og:image:type\" content=\"image\/jpeg\" \/>\n<meta name=\"twitter:card\" content=\"summary_large_image\" \/>\n<meta name=\"twitter:label1\" content=\"Est. reading time\" \/>\n\t<meta name=\"twitter:data1\" content=\"1 min\u016bte\" \/>\n<script type=\"application\/ld+json\" class=\"yoast-schema-graph\">{\"@context\":\"https:\\\/\\\/schema.org\",\"@graph\":[{\"@type\":\"WebPage\",\"@id\":\"https:\\\/\\\/kidsplay.lt\\\/produktas\\\/tooky-toy-interaktyvi-medine-delione-gyvunai\\\/\",\"url\":\"https:\\\/\\\/kidsplay.lt\\\/produktas\\\/tooky-toy-interaktyvi-medine-delione-gyvunai\\\/\",\"name\":\"TOOKY TOY Interaktyvi medin\u0117 d\u0117lion\u0117 &#8211; gyv\u016bnai\",\"isPartOf\":{\"@id\":\"https:\\\/\\\/kidsplay.lt\\\/#website\"},\"primaryImageOfPage\":{\"@id\":\"https:\\\/\\\/kidsplay.lt\\\/produktas\\\/tooky-toy-interaktyvi-medine-delione-gyvunai\\\/#primaryimage\"},\"image\":{\"@id\":\"https:\\\/\\\/kidsplay.lt\\\/produktas\\\/tooky-toy-interaktyvi-medine-delione-gyvunai\\\/#primaryimage\"},\"thumbnailUrl\":\"https:\\\/\\\/kidsplay.lt\\\/wp-content\\\/uploads\\\/2025\\\/10\\\/TOOKY-TOY-Interaktyvi-medine-delione-8211-gyvunai.jpg\",\"datePublished\":\"2026-02-26T07:03:34+00:00\",\"dateModified\":\"2026-04-13T11:41:16+00:00\",\"description\":\"TOOKY TOY Interaktyvi medin\u0117 d\u0117lion\u0117 &#8211; gyv\u016bnai - KidsPlay. Did\u017eiausias vaik\u0173 \u017eaisl\u0173 pasirinkimas.\",\"breadcrumb\":{\"@id\":\"https:\\\/\\\/kidsplay.lt\\\/produktas\\\/tooky-toy-interaktyvi-medine-delione-gyvunai\\\/#breadcrumb\"},\"inLanguage\":\"lv-LV\",\"potentialAction\":[{\"@type\":\"ReadAction\",\"target\":[\"https:\\\/\\\/kidsplay.lt\\\/produktas\\\/tooky-toy-interaktyvi-medine-delione-gyvunai\\\/\"]}]},{\"@type\":\"ImageObject\",\"inLanguage\":\"lv-LV\",\"@id\":\"https:\\\/\\\/kidsplay.lt\\\/produktas\\\/tooky-toy-interaktyvi-medine-delione-gyvunai\\\/#primaryimage\",\"url\":\"https:\\\/\\\/kidsplay.lt\\\/wp-content\\\/uploads\\\/2025\\\/10\\\/TOOKY-TOY-Interaktyvi-medine-delione-8211-gyvunai.jpg\",\"contentUrl\":\"https:\\\/\\\/kidsplay.lt\\\/wp-content\\\/uploads\\\/2025\\\/10\\\/TOOKY-TOY-Interaktyvi-medine-delione-8211-gyvunai.jpg\",\"width\":1000,\"height\":1000,\"caption\":\"TOOKY TOY Interaktyvi medin\u0117 d\u0117lion\u0117 &#8211; gyv\u016bnai\"},{\"@type\":\"BreadcrumbList\",\"@id\":\"https:\\\/\\\/kidsplay.lt\\\/produktas\\\/tooky-toy-interaktyvi-medine-delione-gyvunai\\\/#breadcrumb\",\"itemListElement\":[{\"@type\":\"ListItem\",\"position\":1,\"name\":\"Pagrindinis\",\"item\":\"https:\\\/\\\/kidsplay.lt\\\/\"},{\"@type\":\"ListItem\",\"position\":2,\"name\":\"Parduotuv\u0117\",\"item\":\"https:\\\/\\\/kidsplay.lt\\\/parduotuve\\\/\"},{\"@type\":\"ListItem\",\"position\":3,\"name\":\"TOOKY TOY Interaktyvi medin\u0117 d\u0117lion\u0117 &#8211; gyv\u016bnai\"}]},{\"@type\":\"WebSite\",\"@id\":\"https:\\\/\\\/kidsplay.lt\\\/#website\",\"url\":\"https:\\\/\\\/kidsplay.lt\\\/\",\"name\":\"Kidsplay.lt\",\"description\":\"\u012evairios prek\u0117s vaikams\",\"publisher\":{\"@id\":\"https:\\\/\\\/kidsplay.lt\\\/#organization\"},\"alternateName\":\"Kidsplay\",\"potentialAction\":[{\"@type\":\"SearchAction\",\"target\":{\"@type\":\"EntryPoint\",\"urlTemplate\":\"https:\\\/\\\/kidsplay.lt\\\/?s={search_term_string}\"},\"query-input\":{\"@type\":\"PropertyValueSpecification\",\"valueRequired\":true,\"valueName\":\"search_term_string\"}}],\"inLanguage\":\"lv-LV\"},{\"@type\":\"Organization\",\"@id\":\"https:\\\/\\\/kidsplay.lt\\\/#organization\",\"name\":\"KidsPlay\",\"url\":\"https:\\\/\\\/kidsplay.lt\\\/\",\"logo\":{\"@type\":\"ImageObject\",\"inLanguage\":\"lv-LV\",\"@id\":\"https:\\\/\\\/kidsplay.lt\\\/#\\\/schema\\\/logo\\\/image\\\/\",\"url\":\"https:\\\/\\\/kidsplay.lt\\\/wp-content\\\/uploads\\\/2023\\\/07\\\/kidsplay-logo.png\",\"contentUrl\":\"https:\\\/\\\/kidsplay.lt\\\/wp-content\\\/uploads\\\/2023\\\/07\\\/kidsplay-logo.png\",\"width\":451,\"height\":98,\"caption\":\"KidsPlay\"},\"image\":{\"@id\":\"https:\\\/\\\/kidsplay.lt\\\/#\\\/schema\\\/logo\\\/image\\\/\"},\"sameAs\":[\"https:\\\/\\\/www.facebook.com\\\/www.kidsplay.lt\"]}]}<\/script>\n<!-- \/ Yoast SEO plugin. -->","yoast_head_json":{"title":"TOOKY TOY Interaktyvi medin\u0117 d\u0117lion\u0117 &#8211; gyv\u016bnai","description":"TOOKY TOY Interaktyvi medin\u0117 d\u0117lion\u0117 &#8211; gyv\u016bnai - KidsPlay. Did\u017eiausias vaik\u0173 \u017eaisl\u0173 pasirinkimas.","robots":{"index":"index","follow":"follow","max-snippet":"max-snippet:-1","max-image-preview":"max-image-preview:large","max-video-preview":"max-video-preview:-1"},"canonical":"https:\/\/kidsplay.lt\/lv\/products\/tooky-toy-interaktyvi-medine-delione-gyvunai\/","og_locale":"lv_LV","og_type":"article","og_title":"TOOKY TOY Interaktyvi medin\u0117 d\u0117lion\u0117 &#8211; gyv\u016bnai","og_description":"TOOKY TOY Interaktyvi medin\u0117 d\u0117lion\u0117 &#8211; gyv\u016bnai - KidsPlay. Did\u017eiausias vaik\u0173 \u017eaisl\u0173 pasirinkimas.","og_url":"https:\/\/kidsplay.lt\/lv\/products\/tooky-toy-interaktyvi-medine-delione-gyvunai\/","og_site_name":"KidsPlay","article_publisher":"https:\/\/www.facebook.com\/www.kidsplay.lt","article_modified_time":"2026-04-13T11:41:16+00:00","og_image":[{"width":1000,"height":1000,"url":"https:\/\/kidsplay.lt\/wp-content\/uploads\/2025\/10\/TOOKY-TOY-Interaktyvi-medine-delione-8211-gyvunai.jpg","type":"image\/jpeg"}],"twitter_card":"summary_large_image","twitter_misc":{"Est. reading time":"1 min\u016bte"},"schema":{"@context":"https:\/\/schema.org","@graph":[{"@type":"WebPage","@id":"https:\/\/kidsplay.lt\/produktas\/tooky-toy-interaktyvi-medine-delione-gyvunai\/","url":"https:\/\/kidsplay.lt\/produktas\/tooky-toy-interaktyvi-medine-delione-gyvunai\/","name":"TOOKY TOY Interaktyvi medin\u0117 d\u0117lion\u0117 &#8211; gyv\u016bnai","isPartOf":{"@id":"https:\/\/kidsplay.lt\/#website"},"primaryImageOfPage":{"@id":"https:\/\/kidsplay.lt\/produktas\/tooky-toy-interaktyvi-medine-delione-gyvunai\/#primaryimage"},"image":{"@id":"https:\/\/kidsplay.lt\/produktas\/tooky-toy-interaktyvi-medine-delione-gyvunai\/#primaryimage"},"thumbnailUrl":"https:\/\/kidsplay.lt\/wp-content\/uploads\/2025\/10\/TOOKY-TOY-Interaktyvi-medine-delione-8211-gyvunai.jpg","datePublished":"2026-02-26T07:03:34+00:00","dateModified":"2026-04-13T11:41:16+00:00","description":"TOOKY TOY Interaktyvi medin\u0117 d\u0117lion\u0117 &#8211; gyv\u016bnai - KidsPlay. Did\u017eiausias vaik\u0173 \u017eaisl\u0173 pasirinkimas.","breadcrumb":{"@id":"https:\/\/kidsplay.lt\/produktas\/tooky-toy-interaktyvi-medine-delione-gyvunai\/#breadcrumb"},"inLanguage":"lv-LV","potentialAction":[{"@type":"ReadAction","target":["https:\/\/kidsplay.lt\/produktas\/tooky-toy-interaktyvi-medine-delione-gyvunai\/"]}]},{"@type":"ImageObject","inLanguage":"lv-LV","@id":"https:\/\/kidsplay.lt\/produktas\/tooky-toy-interaktyvi-medine-delione-gyvunai\/#primaryimage","url":"https:\/\/kidsplay.lt\/wp-content\/uploads\/2025\/10\/TOOKY-TOY-Interaktyvi-medine-delione-8211-gyvunai.jpg","contentUrl":"https:\/\/kidsplay.lt\/wp-content\/uploads\/2025\/10\/TOOKY-TOY-Interaktyvi-medine-delione-8211-gyvunai.jpg","width":1000,"height":1000,"caption":"TOOKY TOY Interaktyvi medin\u0117 d\u0117lion\u0117 &#8211; gyv\u016bnai"},{"@type":"BreadcrumbList","@id":"https:\/\/kidsplay.lt\/produktas\/tooky-toy-interaktyvi-medine-delione-gyvunai\/#breadcrumb","itemListElement":[{"@type":"ListItem","position":1,"name":"Pagrindinis","item":"https:\/\/kidsplay.lt\/"},{"@type":"ListItem","position":2,"name":"Parduotuv\u0117","item":"https:\/\/kidsplay.lt\/parduotuve\/"},{"@type":"ListItem","position":3,"name":"TOOKY TOY Interaktyvi medin\u0117 d\u0117lion\u0117 &#8211; gyv\u016bnai"}]},{"@type":"WebSite","@id":"https:\/\/kidsplay.lt\/#website","url":"https:\/\/kidsplay.lt\/","name":"B\u0113rnu sp\u0113les.lv","description":"\u012evairios prek\u0117s vaikams","publisher":{"@id":"https:\/\/kidsplay.lt\/#organization"},"alternateName":"Kidsplay","potentialAction":[{"@type":"SearchAction","target":{"@type":"EntryPoint","urlTemplate":"https:\/\/kidsplay.lt\/?s={search_term_string}"},"query-input":{"@type":"PropertyValueSpecification","valueRequired":true,"valueName":"search_term_string"}}],"inLanguage":"lv-LV"},{"@type":"Organization","@id":"https:\/\/kidsplay.lt\/#organization","name":"B\u0113rnu sp\u0113le","url":"https:\/\/kidsplay.lt\/","logo":{"@type":"ImageObject","inLanguage":"lv-LV","@id":"https:\/\/kidsplay.lt\/#\/schema\/logo\/image\/","url":"https:\/\/kidsplay.lt\/wp-content\/uploads\/2023\/07\/kidsplay-logo.png","contentUrl":"https:\/\/kidsplay.lt\/wp-content\/uploads\/2023\/07\/kidsplay-logo.png","width":451,"height":98,"caption":"KidsPlay"},"image":{"@id":"https:\/\/kidsplay.lt\/#\/schema\/logo\/image\/"},"sameAs":["https:\/\/www.facebook.com\/www.kidsplay.lt"]}]}},"_links":{"self":[{"href":"https:\/\/kidsplay.lt\/lv\/wp-json\/wp\/v2\/product\/88956","targetHints":{"allow":["GET"]}}],"collection":[{"href":"https:\/\/kidsplay.lt\/lv\/wp-json\/wp\/v2\/product"}],"about":[{"href":"https:\/\/kidsplay.lt\/lv\/wp-json\/wp\/v2\/types\/product"}],"version-history":[{"count":1,"href":"https:\/\/kidsplay.lt\/lv\/wp-json\/wp\/v2\/product\/88956\/revisions"}],"predecessor-version":[{"id":88957,"href":"https:\/\/kidsplay.lt\/lv\/wp-json\/wp\/v2\/product\/88956\/revisions\/88957"}],"wp:featuredmedia":[{"embeddable":true,"href":"https:\/\/kidsplay.lt\/lv\/wp-json\/wp\/v2\/media\/78777"}],"wp:attachment":[{"href":"https:\/\/kidsplay.lt\/lv\/wp-json\/wp\/v2\/media?parent=88956"}],"wp:term":[{"taxonomy":"product_brand","embeddable":true,"href":"https:\/\/kidsplay.lt\/lv\/wp-json\/wp\/v2\/product_brand?post=88956"},{"taxonomy":"product_cat","embeddable":true,"href":"https:\/\/kidsplay.lt\/lv\/wp-json\/wp\/v2\/product_cat?post=88956"},{"taxonomy":"product_tag","embeddable":true,"href":"https:\/\/kidsplay.lt\/lv\/wp-json\/wp\/v2\/product_tag?post=88956"}],"curies":[{"name":"wp","href":"https:\/\/api.w.org\/{rel}","templated":true}]}}