{"id":88979,"date":"2026-02-26T09:04:11","date_gmt":"2026-02-26T07:04:11","guid":{"rendered":"https:\/\/kidsplay.lt\/produktas\/woopie-3in1-statybines-transporto-priemones\/"},"modified":"2026-04-13T14:42:01","modified_gmt":"2026-04-13T11:42:01","slug":"woopie-3in1-statybines-transporto-priemones","status":"publish","type":"product","link":"https:\/\/kidsplay.lt\/lv\/products\/woopie-3in1-statybines-transporto-priemones\/","title":{"rendered":"WOOPIE 3in1 celtniec\u012bbas transportl\u012bdzek\u013ci"},"content":{"rendered":"<p>Atraskite \u017eav\u0173 statyb\u0173 pasaul\u012f su \u0161iuo trij\u0173 \u201eWoopie\u201c statybini\u0173 transporto priemoni\u0173 rinkiniu\u00a0!\u00a0\u0160ie\u00a0spalvingi\u00a0,\u00a0tvirti\u00a0automobiliai bet kok\u012f \u017eaidim\u0105 pavers\u00a0\u012fdomiu statybviet\u0117s nuotykiu.\u00a0\u00a0Kiekvienas automobilis turi\u00a0judan\u010di\u0173 dali\u0173\u00a0, kurios \u017eaidim\u0105 daro dar\u00a0tikrovi\u0161kesn\u012f ir \u012fdomesn\u012f.\u00a0D\u0117l\u00a0trinties pavaros\u00a0tereikia \u0161velnaus st\u016bmimo, kad transporto priemon\u0117 jud\u0117t\u0173 \u012f priek\u012f, suteikdama vaikams daugyb\u0119\u00a0pramog\u0173 ir skatindama aktyv\u0173 \u017eaidim\u0105.<\/p>\n<p>Rakstur\u012bgs:<\/p>\n<p> \t&#8211; Vaikams nuo\u00a03 met\u0173\u00a0am\u017eiaus<br \/>\n \t&#8211; 3 statybin\u0117s transporto priemon\u0117s<br \/>\n \t&#8211; Pagaminta i\u0161\u00a0patvarios, saugios med\u017eiagos<br \/>\n \t&#8211; Automobiliai turi\u00a0trinties pavar\u0105<br \/>\n \t&#8211;\u00a0Kilnojami elementai\u00a0praturtina linksmybes<br \/>\n \t&#8211; Ry\u0161kios spalvos ir tikrovi\u0161kos detal\u0117s<\/p>\n<p>Komplekt\u0101 ietilpst:<\/p>\n<p> \t&#8211; Betono mai\u0161ykl\u0117<br \/>\n \t&#8211; Savivartis<br \/>\n \t&#8211; \u0160iuk\u0161liave\u017e\u0117<\/p>\n<p>Rota\u013clieta att\u012bst\u0101s:<\/p>\n<p> \t&#8211; K\u016brybi\u0161kumas<br \/>\n \t&#8211; Vaizduot\u0117<br \/>\n \t&#8211; Motorin\u0117 koordinacija<br \/>\n \t&#8211; Motoriniai \u012fg\u016bd\u017eiai<\/p>","protected":false},"excerpt":{"rendered":"<p>Atraskite \u017eav\u0173 statyb\u0173 pasaul\u012f su \u0161iuo trij\u0173 \u201eWoopie\u201c statybini\u0173 transporto priemoni\u0173 rinkiniu\u00a0!\u00a0\u0160ie\u00a0spalvingi\u00a0,\u00a0tvirti\u00a0automobiliai bet kok\u012f \u017eaidim\u0105 pavers\u00a0\u012fdomiu statybviet\u0117s nuotykiu.\u00a0\u00a0Kiekvienas automobilis turi\u00a0judan\u010di\u0173<\/p>","protected":false},"featured_media":82116,"template":"","meta":{"_acf_changed":false,"_glsr_average":0,"_glsr_ranking":0,"_glsr_reviews":0},"product_brand":[],"product_cat":[448,229],"product_tag":[],"class_list":{"0":"post-88979","1":"product","2":"type-product","3":"status-publish","4":"has-post-thumbnail","6":"product_cat-automobiliai-ir-transportas","7":"product_cat-zaislai-vaikams","8":"\"style=\"background-color: #2ecc711c;\"","10":"first","11":"instock","12":"purchasable","13":"product-type-simple"},"acf":[],"yoast_head":"<!-- This site is optimized with the Yoast SEO plugin v27.4 - https:\/\/yoast.com\/product\/yoast-seo-wordpress\/ -->\n<title>WOOPIE 3in1 Statybin\u0117s transporto priemon\u0117s<\/title>\n<meta name=\"description\" content=\"WOOPIE 3in1 Statybin\u0117s transporto priemon\u0117s - KidsPlay. Did\u017eiausias vaik\u0173 \u017eaisl\u0173 pasirinkimas.\" \/>\n<meta name=\"robots\" content=\"index, follow, max-snippet:-1, max-image-preview:large, max-video-preview:-1\" \/>\n<link rel=\"canonical\" href=\"https:\/\/kidsplay.lt\/lv\/products\/woopie-3in1-statybines-transporto-priemones\/\" \/>\n<meta property=\"og:locale\" content=\"lv_LV\" \/>\n<meta property=\"og:type\" content=\"article\" \/>\n<meta property=\"og:title\" content=\"WOOPIE 3in1 Statybin\u0117s transporto priemon\u0117s\" \/>\n<meta property=\"og:description\" content=\"WOOPIE 3in1 Statybin\u0117s transporto priemon\u0117s - KidsPlay. Did\u017eiausias vaik\u0173 \u017eaisl\u0173 pasirinkimas.\" \/>\n<meta property=\"og:url\" content=\"https:\/\/kidsplay.lt\/lv\/products\/woopie-3in1-statybines-transporto-priemones\/\" \/>\n<meta property=\"og:site_name\" content=\"KidsPlay\" \/>\n<meta property=\"article:publisher\" content=\"https:\/\/www.facebook.com\/www.kidsplay.lt\" \/>\n<meta property=\"article:modified_time\" content=\"2026-04-13T11:42:01+00:00\" \/>\n<meta property=\"og:image\" content=\"https:\/\/kidsplay.lt\/wp-content\/uploads\/2025\/12\/WOOPIE-3in1-Statybines-transporto-priemones.jpg\" \/>\n\t<meta property=\"og:image:width\" content=\"1000\" \/>\n\t<meta property=\"og:image:height\" content=\"1000\" \/>\n\t<meta property=\"og:image:type\" content=\"image\/jpeg\" \/>\n<meta name=\"twitter:card\" content=\"summary_large_image\" \/>\n<meta name=\"twitter:label1\" content=\"Est. reading time\" \/>\n\t<meta name=\"twitter:data1\" content=\"1 min\u016bte\" \/>\n<script type=\"application\/ld+json\" class=\"yoast-schema-graph\">{\"@context\":\"https:\\\/\\\/schema.org\",\"@graph\":[{\"@type\":\"WebPage\",\"@id\":\"https:\\\/\\\/kidsplay.lt\\\/produktas\\\/woopie-3in1-statybines-transporto-priemones\\\/\",\"url\":\"https:\\\/\\\/kidsplay.lt\\\/produktas\\\/woopie-3in1-statybines-transporto-priemones\\\/\",\"name\":\"WOOPIE 3in1 Statybin\u0117s transporto priemon\u0117s\",\"isPartOf\":{\"@id\":\"https:\\\/\\\/kidsplay.lt\\\/#website\"},\"primaryImageOfPage\":{\"@id\":\"https:\\\/\\\/kidsplay.lt\\\/produktas\\\/woopie-3in1-statybines-transporto-priemones\\\/#primaryimage\"},\"image\":{\"@id\":\"https:\\\/\\\/kidsplay.lt\\\/produktas\\\/woopie-3in1-statybines-transporto-priemones\\\/#primaryimage\"},\"thumbnailUrl\":\"https:\\\/\\\/kidsplay.lt\\\/wp-content\\\/uploads\\\/2025\\\/12\\\/WOOPIE-3in1-Statybines-transporto-priemones.jpg\",\"datePublished\":\"2026-02-26T07:04:11+00:00\",\"dateModified\":\"2026-04-13T11:42:01+00:00\",\"description\":\"WOOPIE 3in1 Statybin\u0117s transporto priemon\u0117s - KidsPlay. Did\u017eiausias vaik\u0173 \u017eaisl\u0173 pasirinkimas.\",\"breadcrumb\":{\"@id\":\"https:\\\/\\\/kidsplay.lt\\\/produktas\\\/woopie-3in1-statybines-transporto-priemones\\\/#breadcrumb\"},\"inLanguage\":\"lv-LV\",\"potentialAction\":[{\"@type\":\"ReadAction\",\"target\":[\"https:\\\/\\\/kidsplay.lt\\\/produktas\\\/woopie-3in1-statybines-transporto-priemones\\\/\"]}]},{\"@type\":\"ImageObject\",\"inLanguage\":\"lv-LV\",\"@id\":\"https:\\\/\\\/kidsplay.lt\\\/produktas\\\/woopie-3in1-statybines-transporto-priemones\\\/#primaryimage\",\"url\":\"https:\\\/\\\/kidsplay.lt\\\/wp-content\\\/uploads\\\/2025\\\/12\\\/WOOPIE-3in1-Statybines-transporto-priemones.jpg\",\"contentUrl\":\"https:\\\/\\\/kidsplay.lt\\\/wp-content\\\/uploads\\\/2025\\\/12\\\/WOOPIE-3in1-Statybines-transporto-priemones.jpg\",\"width\":1000,\"height\":1000,\"caption\":\"WOOPIE 3in1 Statybin\u0117s transporto priemon\u0117s\"},{\"@type\":\"BreadcrumbList\",\"@id\":\"https:\\\/\\\/kidsplay.lt\\\/produktas\\\/woopie-3in1-statybines-transporto-priemones\\\/#breadcrumb\",\"itemListElement\":[{\"@type\":\"ListItem\",\"position\":1,\"name\":\"Pagrindinis\",\"item\":\"https:\\\/\\\/kidsplay.lt\\\/\"},{\"@type\":\"ListItem\",\"position\":2,\"name\":\"Parduotuv\u0117\",\"item\":\"https:\\\/\\\/kidsplay.lt\\\/parduotuve\\\/\"},{\"@type\":\"ListItem\",\"position\":3,\"name\":\"WOOPIE 3in1 Statybin\u0117s transporto priemon\u0117s\"}]},{\"@type\":\"WebSite\",\"@id\":\"https:\\\/\\\/kidsplay.lt\\\/#website\",\"url\":\"https:\\\/\\\/kidsplay.lt\\\/\",\"name\":\"Kidsplay.lt\",\"description\":\"\u012evairios prek\u0117s vaikams\",\"publisher\":{\"@id\":\"https:\\\/\\\/kidsplay.lt\\\/#organization\"},\"alternateName\":\"Kidsplay\",\"potentialAction\":[{\"@type\":\"SearchAction\",\"target\":{\"@type\":\"EntryPoint\",\"urlTemplate\":\"https:\\\/\\\/kidsplay.lt\\\/?s={search_term_string}\"},\"query-input\":{\"@type\":\"PropertyValueSpecification\",\"valueRequired\":true,\"valueName\":\"search_term_string\"}}],\"inLanguage\":\"lv-LV\"},{\"@type\":\"Organization\",\"@id\":\"https:\\\/\\\/kidsplay.lt\\\/#organization\",\"name\":\"KidsPlay\",\"url\":\"https:\\\/\\\/kidsplay.lt\\\/\",\"logo\":{\"@type\":\"ImageObject\",\"inLanguage\":\"lv-LV\",\"@id\":\"https:\\\/\\\/kidsplay.lt\\\/#\\\/schema\\\/logo\\\/image\\\/\",\"url\":\"https:\\\/\\\/kidsplay.lt\\\/wp-content\\\/uploads\\\/2023\\\/07\\\/kidsplay-logo.png\",\"contentUrl\":\"https:\\\/\\\/kidsplay.lt\\\/wp-content\\\/uploads\\\/2023\\\/07\\\/kidsplay-logo.png\",\"width\":451,\"height\":98,\"caption\":\"KidsPlay\"},\"image\":{\"@id\":\"https:\\\/\\\/kidsplay.lt\\\/#\\\/schema\\\/logo\\\/image\\\/\"},\"sameAs\":[\"https:\\\/\\\/www.facebook.com\\\/www.kidsplay.lt\"]}]}<\/script>\n<!-- \/ Yoast SEO plugin. -->","yoast_head_json":{"title":"WOOPIE 3in1 celtniec\u012bbas transportl\u012bdzek\u013ci","description":"WOOPIE 3in1 Statybin\u0117s transporto priemon\u0117s - KidsPlay. Did\u017eiausias vaik\u0173 \u017eaisl\u0173 pasirinkimas.","robots":{"index":"index","follow":"follow","max-snippet":"max-snippet:-1","max-image-preview":"max-image-preview:large","max-video-preview":"max-video-preview:-1"},"canonical":"https:\/\/kidsplay.lt\/lv\/products\/woopie-3in1-statybines-transporto-priemones\/","og_locale":"lv_LV","og_type":"article","og_title":"WOOPIE 3in1 Statybin\u0117s transporto priemon\u0117s","og_description":"WOOPIE 3in1 Statybin\u0117s transporto priemon\u0117s - KidsPlay. Did\u017eiausias vaik\u0173 \u017eaisl\u0173 pasirinkimas.","og_url":"https:\/\/kidsplay.lt\/lv\/products\/woopie-3in1-statybines-transporto-priemones\/","og_site_name":"KidsPlay","article_publisher":"https:\/\/www.facebook.com\/www.kidsplay.lt","article_modified_time":"2026-04-13T11:42:01+00:00","og_image":[{"width":1000,"height":1000,"url":"https:\/\/kidsplay.lt\/wp-content\/uploads\/2025\/12\/WOOPIE-3in1-Statybines-transporto-priemones.jpg","type":"image\/jpeg"}],"twitter_card":"summary_large_image","twitter_misc":{"Est. reading time":"1 min\u016bte"},"schema":{"@context":"https:\/\/schema.org","@graph":[{"@type":"WebPage","@id":"https:\/\/kidsplay.lt\/produktas\/woopie-3in1-statybines-transporto-priemones\/","url":"https:\/\/kidsplay.lt\/produktas\/woopie-3in1-statybines-transporto-priemones\/","name":"WOOPIE 3in1 celtniec\u012bbas transportl\u012bdzek\u013ci","isPartOf":{"@id":"https:\/\/kidsplay.lt\/#website"},"primaryImageOfPage":{"@id":"https:\/\/kidsplay.lt\/produktas\/woopie-3in1-statybines-transporto-priemones\/#primaryimage"},"image":{"@id":"https:\/\/kidsplay.lt\/produktas\/woopie-3in1-statybines-transporto-priemones\/#primaryimage"},"thumbnailUrl":"https:\/\/kidsplay.lt\/wp-content\/uploads\/2025\/12\/WOOPIE-3in1-Statybines-transporto-priemones.jpg","datePublished":"2026-02-26T07:04:11+00:00","dateModified":"2026-04-13T11:42:01+00:00","description":"WOOPIE 3in1 Statybin\u0117s transporto priemon\u0117s - KidsPlay. Did\u017eiausias vaik\u0173 \u017eaisl\u0173 pasirinkimas.","breadcrumb":{"@id":"https:\/\/kidsplay.lt\/produktas\/woopie-3in1-statybines-transporto-priemones\/#breadcrumb"},"inLanguage":"lv-LV","potentialAction":[{"@type":"ReadAction","target":["https:\/\/kidsplay.lt\/produktas\/woopie-3in1-statybines-transporto-priemones\/"]}]},{"@type":"ImageObject","inLanguage":"lv-LV","@id":"https:\/\/kidsplay.lt\/produktas\/woopie-3in1-statybines-transporto-priemones\/#primaryimage","url":"https:\/\/kidsplay.lt\/wp-content\/uploads\/2025\/12\/WOOPIE-3in1-Statybines-transporto-priemones.jpg","contentUrl":"https:\/\/kidsplay.lt\/wp-content\/uploads\/2025\/12\/WOOPIE-3in1-Statybines-transporto-priemones.jpg","width":1000,"height":1000,"caption":"WOOPIE 3in1 Statybin\u0117s transporto priemon\u0117s"},{"@type":"BreadcrumbList","@id":"https:\/\/kidsplay.lt\/produktas\/woopie-3in1-statybines-transporto-priemones\/#breadcrumb","itemListElement":[{"@type":"ListItem","position":1,"name":"Pagrindinis","item":"https:\/\/kidsplay.lt\/"},{"@type":"ListItem","position":2,"name":"Parduotuv\u0117","item":"https:\/\/kidsplay.lt\/parduotuve\/"},{"@type":"ListItem","position":3,"name":"WOOPIE 3in1 Statybin\u0117s transporto priemon\u0117s"}]},{"@type":"WebSite","@id":"https:\/\/kidsplay.lt\/#website","url":"https:\/\/kidsplay.lt\/","name":"B\u0113rnu sp\u0113les.lv","description":"\u012evairios prek\u0117s vaikams","publisher":{"@id":"https:\/\/kidsplay.lt\/#organization"},"alternateName":"Kidsplay","potentialAction":[{"@type":"SearchAction","target":{"@type":"EntryPoint","urlTemplate":"https:\/\/kidsplay.lt\/?s={search_term_string}"},"query-input":{"@type":"PropertyValueSpecification","valueRequired":true,"valueName":"search_term_string"}}],"inLanguage":"lv-LV"},{"@type":"Organization","@id":"https:\/\/kidsplay.lt\/#organization","name":"B\u0113rnu sp\u0113le","url":"https:\/\/kidsplay.lt\/","logo":{"@type":"ImageObject","inLanguage":"lv-LV","@id":"https:\/\/kidsplay.lt\/#\/schema\/logo\/image\/","url":"https:\/\/kidsplay.lt\/wp-content\/uploads\/2023\/07\/kidsplay-logo.png","contentUrl":"https:\/\/kidsplay.lt\/wp-content\/uploads\/2023\/07\/kidsplay-logo.png","width":451,"height":98,"caption":"KidsPlay"},"image":{"@id":"https:\/\/kidsplay.lt\/#\/schema\/logo\/image\/"},"sameAs":["https:\/\/www.facebook.com\/www.kidsplay.lt"]}]}},"_links":{"self":[{"href":"https:\/\/kidsplay.lt\/lv\/wp-json\/wp\/v2\/product\/88979","targetHints":{"allow":["GET"]}}],"collection":[{"href":"https:\/\/kidsplay.lt\/lv\/wp-json\/wp\/v2\/product"}],"about":[{"href":"https:\/\/kidsplay.lt\/lv\/wp-json\/wp\/v2\/types\/product"}],"version-history":[{"count":1,"href":"https:\/\/kidsplay.lt\/lv\/wp-json\/wp\/v2\/product\/88979\/revisions"}],"predecessor-version":[{"id":88980,"href":"https:\/\/kidsplay.lt\/lv\/wp-json\/wp\/v2\/product\/88979\/revisions\/88980"}],"wp:featuredmedia":[{"embeddable":true,"href":"https:\/\/kidsplay.lt\/lv\/wp-json\/wp\/v2\/media\/82116"}],"wp:attachment":[{"href":"https:\/\/kidsplay.lt\/lv\/wp-json\/wp\/v2\/media?parent=88979"}],"wp:term":[{"taxonomy":"product_brand","embeddable":true,"href":"https:\/\/kidsplay.lt\/lv\/wp-json\/wp\/v2\/product_brand?post=88979"},{"taxonomy":"product_cat","embeddable":true,"href":"https:\/\/kidsplay.lt\/lv\/wp-json\/wp\/v2\/product_cat?post=88979"},{"taxonomy":"product_tag","embeddable":true,"href":"https:\/\/kidsplay.lt\/lv\/wp-json\/wp\/v2\/product_tag?post=88979"}],"curies":[{"name":"wp","href":"https:\/\/api.w.org\/{rel}","templated":true}]}}