{"id":88981,"date":"2026-02-26T09:04:14","date_gmt":"2026-02-26T07:04:14","guid":{"rendered":"https:\/\/kidsplay.lt\/produktas\/woopie-statybiniu-masinu-rinkinys-su-didziuliu-tralo-sunkvezimiu-4-vnt\/"},"modified":"2026-04-07T10:21:00","modified_gmt":"2026-04-07T07:21:00","slug":"woopie-statybiniu-masinu-rinkinys-su-didziuliu-tralo-sunkvezimiu-4-vnt","status":"publish","type":"product","link":"https:\/\/kidsplay.lt\/lv\/products\/woopie-statybiniu-masinu-rinkinys-su-didziuliu-tralo-sunkvezimiu-4-vnt\/","title":{"rendered":"Woopie statybini\u0173 ma\u0161in\u0173 rinkinys su did\u017eiuliu tralo sunkve\u017eimiu (4 vnt.)"},"content":{"rendered":"<p>Leisk vaikui patekti \u012f tikr\u0105 statyb\u0173 aik\u0161tel\u0119 su Woopie statybini\u0173 ma\u0161in\u0173 rinkiniu! Didel\u0117 sunkve\u017eimio tralo ma\u0161ina gabena net tris ma\u017eesnius statybinius automobilius: betono mai\u0161ykl\u0119, savivart\u012f ir \u0161iuk\u0161liave\u017e\u0119.<\/p>\n<p>Kiekvienas ma\u017easis automobilis turi frikcin\u012f (\u012f priek\u012f va\u017eiuojant\u012f) mechanizm\u0105 ir judan\u010dias dalis, tod\u0117l \u017eaidimas tampa dar realesnis ir \u012ftraukiantis. Ry\u0161kios spalvos, tvirtas plastikas ir detalus dizainas u\u017etikrina ilgaam\u017e\u0119, k\u016brybi\u0161k\u0105 ir aktyvi\u0105 pramog\u0105 kiekvienam ma\u017eajam statybininkui.<\/p>\n<p>Raksturojums<\/p>\n<p> \tB\u0113rniem no 3 gadu vecuma<br \/>\n \tPagaminta i\u0161 tvirto, saugaus plastiko<br \/>\n \tMa\u017eieji automobiliai turi frikcin\u012f mechanizm\u0105<br \/>\n \tDidysis sunkve\u017eimis su tralu neturi frikcinio mechanizmo<br \/>\n \tJudantys elementai suteikia \u017eaidimui realisti\u0161kumo<br \/>\n \tNuimamas tralas<br \/>\n \tRy\u0161kios spalvos ir detalus dizainas<\/p>\n<p>Komplekts sast\u0101v no<\/p>\n<p> \tDidelis sunkve\u017eimis su tralu<br \/>\n \tBetono mai\u0161ykl\u0117<br \/>\n \tSavivartis<br \/>\n \t\u0160iuk\u0161liave\u017e\u0117<\/p>\n<p>Rota\u013clietu lav\u012bna<\/p>\n<p> \tK\u016brybi\u0161kum\u0105<br \/>\n \tVaizduot\u0119<br \/>\n \tJudesi\u0173 koordinacij\u0105<br \/>\n \tStambi\u0105j\u0105 ir smulki\u0105j\u0105 motorik\u0105<\/p>","protected":false},"excerpt":{"rendered":"<p>Leisk vaikui patekti \u012f tikr\u0105 statyb\u0173 aik\u0161tel\u0119 su Woopie statybini\u0173 ma\u0161in\u0173 rinkiniu! Didel\u0117 sunkve\u017eimio tralo ma\u0161ina gabena net tris ma\u017eesnius<\/p>","protected":false},"featured_media":88983,"template":"","meta":{"_acf_changed":false,"_glsr_average":0,"_glsr_ranking":0,"_glsr_reviews":0},"product_brand":[],"product_cat":[448,229],"product_tag":[],"class_list":{"0":"post-88981","1":"product","2":"type-product","3":"status-publish","4":"has-post-thumbnail","6":"product_cat-automobiliai-ir-transportas","7":"product_cat-zaislai-vaikams","8":"\"style=\"background-color: #2ecc711c;\"","10":"first","11":"instock","12":"purchasable","13":"product-type-simple"},"acf":[],"yoast_head":"<!-- This site is optimized with the Yoast SEO plugin v27.3 - https:\/\/yoast.com\/product\/yoast-seo-wordpress\/ -->\n<title>Woopie statybini\u0173 ma\u0161in\u0173 rinkinys su did\u017eiuliu tralo sunkve\u017eimiu (4 vnt.)<\/title>\n<meta name=\"description\" content=\"Woopie statybini\u0173 ma\u0161in\u0173 rinkinys su did\u017eiuliu tralo sunkve\u017eimiu (4 vnt.) - KidsPlay. Did\u017eiausias vaik\u0173 \u017eaisl\u0173 pasirinkimas.\" \/>\n<meta name=\"robots\" content=\"index, follow, max-snippet:-1, max-image-preview:large, max-video-preview:-1\" \/>\n<link rel=\"canonical\" href=\"https:\/\/kidsplay.lt\/lv\/products\/woopie-statybiniu-masinu-rinkinys-su-didziuliu-tralo-sunkvezimiu-4-vnt\/\" \/>\n<meta property=\"og:locale\" content=\"lv_LV\" \/>\n<meta property=\"og:type\" content=\"article\" \/>\n<meta property=\"og:title\" content=\"Woopie statybini\u0173 ma\u0161in\u0173 rinkinys su did\u017eiuliu tralo sunkve\u017eimiu (4 vnt.)\" \/>\n<meta property=\"og:description\" content=\"Woopie statybini\u0173 ma\u0161in\u0173 rinkinys su did\u017eiuliu tralo sunkve\u017eimiu (4 vnt.) - KidsPlay. Did\u017eiausias vaik\u0173 \u017eaisl\u0173 pasirinkimas.\" \/>\n<meta property=\"og:url\" content=\"https:\/\/kidsplay.lt\/lv\/products\/woopie-statybiniu-masinu-rinkinys-su-didziuliu-tralo-sunkvezimiu-4-vnt\/\" \/>\n<meta property=\"og:site_name\" content=\"KidsPlay\" \/>\n<meta property=\"article:publisher\" content=\"https:\/\/www.facebook.com\/www.kidsplay.lt\" \/>\n<meta property=\"article:modified_time\" content=\"2026-04-07T07:21:00+00:00\" \/>\n<meta property=\"og:image\" content=\"https:\/\/kidsplay.lt\/wp-content\/uploads\/2026\/02\/Woopie-statybiniu-masinu-rinkinys-su-didziuliu-tralo-sunkvezimiu-4-vnt.jpg\" \/>\n\t<meta property=\"og:image:width\" content=\"1000\" \/>\n\t<meta property=\"og:image:height\" content=\"1000\" \/>\n\t<meta property=\"og:image:type\" content=\"image\/jpeg\" \/>\n<meta name=\"twitter:card\" content=\"summary_large_image\" \/>\n<meta name=\"twitter:label1\" content=\"Est. reading time\" \/>\n\t<meta name=\"twitter:data1\" content=\"1 min\u016bte\" \/>\n<script type=\"application\/ld+json\" class=\"yoast-schema-graph\">{\"@context\":\"https:\\\/\\\/schema.org\",\"@graph\":[{\"@type\":\"WebPage\",\"@id\":\"https:\\\/\\\/kidsplay.lt\\\/produktas\\\/woopie-statybiniu-masinu-rinkinys-su-didziuliu-tralo-sunkvezimiu-4-vnt\\\/\",\"url\":\"https:\\\/\\\/kidsplay.lt\\\/produktas\\\/woopie-statybiniu-masinu-rinkinys-su-didziuliu-tralo-sunkvezimiu-4-vnt\\\/\",\"name\":\"Woopie statybini\u0173 ma\u0161in\u0173 rinkinys su did\u017eiuliu tralo sunkve\u017eimiu (4 vnt.)\",\"isPartOf\":{\"@id\":\"https:\\\/\\\/kidsplay.lt\\\/#website\"},\"primaryImageOfPage\":{\"@id\":\"https:\\\/\\\/kidsplay.lt\\\/produktas\\\/woopie-statybiniu-masinu-rinkinys-su-didziuliu-tralo-sunkvezimiu-4-vnt\\\/#primaryimage\"},\"image\":{\"@id\":\"https:\\\/\\\/kidsplay.lt\\\/produktas\\\/woopie-statybiniu-masinu-rinkinys-su-didziuliu-tralo-sunkvezimiu-4-vnt\\\/#primaryimage\"},\"thumbnailUrl\":\"https:\\\/\\\/kidsplay.lt\\\/wp-content\\\/uploads\\\/2026\\\/02\\\/Woopie-statybiniu-masinu-rinkinys-su-didziuliu-tralo-sunkvezimiu-4-vnt.jpg\",\"datePublished\":\"2026-02-26T07:04:14+00:00\",\"dateModified\":\"2026-04-07T07:21:00+00:00\",\"description\":\"Woopie statybini\u0173 ma\u0161in\u0173 rinkinys su did\u017eiuliu tralo sunkve\u017eimiu (4 vnt.) - KidsPlay. Did\u017eiausias vaik\u0173 \u017eaisl\u0173 pasirinkimas.\",\"breadcrumb\":{\"@id\":\"https:\\\/\\\/kidsplay.lt\\\/produktas\\\/woopie-statybiniu-masinu-rinkinys-su-didziuliu-tralo-sunkvezimiu-4-vnt\\\/#breadcrumb\"},\"inLanguage\":\"lv-LV\",\"potentialAction\":[{\"@type\":\"ReadAction\",\"target\":[\"https:\\\/\\\/kidsplay.lt\\\/produktas\\\/woopie-statybiniu-masinu-rinkinys-su-didziuliu-tralo-sunkvezimiu-4-vnt\\\/\"]}]},{\"@type\":\"ImageObject\",\"inLanguage\":\"lv-LV\",\"@id\":\"https:\\\/\\\/kidsplay.lt\\\/produktas\\\/woopie-statybiniu-masinu-rinkinys-su-didziuliu-tralo-sunkvezimiu-4-vnt\\\/#primaryimage\",\"url\":\"https:\\\/\\\/kidsplay.lt\\\/wp-content\\\/uploads\\\/2026\\\/02\\\/Woopie-statybiniu-masinu-rinkinys-su-didziuliu-tralo-sunkvezimiu-4-vnt.jpg\",\"contentUrl\":\"https:\\\/\\\/kidsplay.lt\\\/wp-content\\\/uploads\\\/2026\\\/02\\\/Woopie-statybiniu-masinu-rinkinys-su-didziuliu-tralo-sunkvezimiu-4-vnt.jpg\",\"width\":1000,\"height\":1000,\"caption\":\"Woopie statybini\u0173 ma\u0161in\u0173 rinkinys su did\u017eiuliu tralo sunkve\u017eimiu (4 vnt.)\"},{\"@type\":\"BreadcrumbList\",\"@id\":\"https:\\\/\\\/kidsplay.lt\\\/produktas\\\/woopie-statybiniu-masinu-rinkinys-su-didziuliu-tralo-sunkvezimiu-4-vnt\\\/#breadcrumb\",\"itemListElement\":[{\"@type\":\"ListItem\",\"position\":1,\"name\":\"Pagrindinis\",\"item\":\"https:\\\/\\\/kidsplay.lt\\\/\"},{\"@type\":\"ListItem\",\"position\":2,\"name\":\"Parduotuv\u0117\",\"item\":\"https:\\\/\\\/kidsplay.lt\\\/parduotuve\\\/\"},{\"@type\":\"ListItem\",\"position\":3,\"name\":\"Woopie statybini\u0173 ma\u0161in\u0173 rinkinys su did\u017eiuliu tralo sunkve\u017eimiu (4 vnt.)\"}]},{\"@type\":\"WebSite\",\"@id\":\"https:\\\/\\\/kidsplay.lt\\\/#website\",\"url\":\"https:\\\/\\\/kidsplay.lt\\\/\",\"name\":\"Kidsplay.lt\",\"description\":\"\u012evairios prek\u0117s vaikams\",\"publisher\":{\"@id\":\"https:\\\/\\\/kidsplay.lt\\\/#organization\"},\"alternateName\":\"Kidsplay\",\"potentialAction\":[{\"@type\":\"SearchAction\",\"target\":{\"@type\":\"EntryPoint\",\"urlTemplate\":\"https:\\\/\\\/kidsplay.lt\\\/?s={search_term_string}\"},\"query-input\":{\"@type\":\"PropertyValueSpecification\",\"valueRequired\":true,\"valueName\":\"search_term_string\"}}],\"inLanguage\":\"lv-LV\"},{\"@type\":\"Organization\",\"@id\":\"https:\\\/\\\/kidsplay.lt\\\/#organization\",\"name\":\"KidsPlay\",\"url\":\"https:\\\/\\\/kidsplay.lt\\\/\",\"logo\":{\"@type\":\"ImageObject\",\"inLanguage\":\"lv-LV\",\"@id\":\"https:\\\/\\\/kidsplay.lt\\\/#\\\/schema\\\/logo\\\/image\\\/\",\"url\":\"https:\\\/\\\/kidsplay.lt\\\/wp-content\\\/uploads\\\/2023\\\/07\\\/kidsplay-logo.png\",\"contentUrl\":\"https:\\\/\\\/kidsplay.lt\\\/wp-content\\\/uploads\\\/2023\\\/07\\\/kidsplay-logo.png\",\"width\":451,\"height\":98,\"caption\":\"KidsPlay\"},\"image\":{\"@id\":\"https:\\\/\\\/kidsplay.lt\\\/#\\\/schema\\\/logo\\\/image\\\/\"},\"sameAs\":[\"https:\\\/\\\/www.facebook.com\\\/www.kidsplay.lt\"]}]}<\/script>\n<!-- \/ Yoast SEO plugin. -->","yoast_head_json":{"title":"Woopie statybini\u0173 ma\u0161in\u0173 rinkinys su did\u017eiuliu tralo sunkve\u017eimiu (4 vnt.)","description":"Woopie statybini\u0173 ma\u0161in\u0173 rinkinys su did\u017eiuliu tralo sunkve\u017eimiu (4 vnt.) - KidsPlay. Did\u017eiausias vaik\u0173 \u017eaisl\u0173 pasirinkimas.","robots":{"index":"index","follow":"follow","max-snippet":"max-snippet:-1","max-image-preview":"max-image-preview:large","max-video-preview":"max-video-preview:-1"},"canonical":"https:\/\/kidsplay.lt\/lv\/products\/woopie-statybiniu-masinu-rinkinys-su-didziuliu-tralo-sunkvezimiu-4-vnt\/","og_locale":"lv_LV","og_type":"article","og_title":"Woopie statybini\u0173 ma\u0161in\u0173 rinkinys su did\u017eiuliu tralo sunkve\u017eimiu (4 vnt.)","og_description":"Woopie statybini\u0173 ma\u0161in\u0173 rinkinys su did\u017eiuliu tralo sunkve\u017eimiu (4 vnt.) - KidsPlay. Did\u017eiausias vaik\u0173 \u017eaisl\u0173 pasirinkimas.","og_url":"https:\/\/kidsplay.lt\/lv\/products\/woopie-statybiniu-masinu-rinkinys-su-didziuliu-tralo-sunkvezimiu-4-vnt\/","og_site_name":"KidsPlay","article_publisher":"https:\/\/www.facebook.com\/www.kidsplay.lt","article_modified_time":"2026-04-07T07:21:00+00:00","og_image":[{"width":1000,"height":1000,"url":"https:\/\/kidsplay.lt\/wp-content\/uploads\/2026\/02\/Woopie-statybiniu-masinu-rinkinys-su-didziuliu-tralo-sunkvezimiu-4-vnt.jpg","type":"image\/jpeg"}],"twitter_card":"summary_large_image","twitter_misc":{"Est. reading time":"1 min\u016bte"},"schema":{"@context":"https:\/\/schema.org","@graph":[{"@type":"WebPage","@id":"https:\/\/kidsplay.lt\/produktas\/woopie-statybiniu-masinu-rinkinys-su-didziuliu-tralo-sunkvezimiu-4-vnt\/","url":"https:\/\/kidsplay.lt\/produktas\/woopie-statybiniu-masinu-rinkinys-su-didziuliu-tralo-sunkvezimiu-4-vnt\/","name":"Woopie statybini\u0173 ma\u0161in\u0173 rinkinys su did\u017eiuliu tralo sunkve\u017eimiu (4 vnt.)","isPartOf":{"@id":"https:\/\/kidsplay.lt\/#website"},"primaryImageOfPage":{"@id":"https:\/\/kidsplay.lt\/produktas\/woopie-statybiniu-masinu-rinkinys-su-didziuliu-tralo-sunkvezimiu-4-vnt\/#primaryimage"},"image":{"@id":"https:\/\/kidsplay.lt\/produktas\/woopie-statybiniu-masinu-rinkinys-su-didziuliu-tralo-sunkvezimiu-4-vnt\/#primaryimage"},"thumbnailUrl":"https:\/\/kidsplay.lt\/wp-content\/uploads\/2026\/02\/Woopie-statybiniu-masinu-rinkinys-su-didziuliu-tralo-sunkvezimiu-4-vnt.jpg","datePublished":"2026-02-26T07:04:14+00:00","dateModified":"2026-04-07T07:21:00+00:00","description":"Woopie statybini\u0173 ma\u0161in\u0173 rinkinys su did\u017eiuliu tralo sunkve\u017eimiu (4 vnt.) - KidsPlay. Did\u017eiausias vaik\u0173 \u017eaisl\u0173 pasirinkimas.","breadcrumb":{"@id":"https:\/\/kidsplay.lt\/produktas\/woopie-statybiniu-masinu-rinkinys-su-didziuliu-tralo-sunkvezimiu-4-vnt\/#breadcrumb"},"inLanguage":"lv-LV","potentialAction":[{"@type":"ReadAction","target":["https:\/\/kidsplay.lt\/produktas\/woopie-statybiniu-masinu-rinkinys-su-didziuliu-tralo-sunkvezimiu-4-vnt\/"]}]},{"@type":"ImageObject","inLanguage":"lv-LV","@id":"https:\/\/kidsplay.lt\/produktas\/woopie-statybiniu-masinu-rinkinys-su-didziuliu-tralo-sunkvezimiu-4-vnt\/#primaryimage","url":"https:\/\/kidsplay.lt\/wp-content\/uploads\/2026\/02\/Woopie-statybiniu-masinu-rinkinys-su-didziuliu-tralo-sunkvezimiu-4-vnt.jpg","contentUrl":"https:\/\/kidsplay.lt\/wp-content\/uploads\/2026\/02\/Woopie-statybiniu-masinu-rinkinys-su-didziuliu-tralo-sunkvezimiu-4-vnt.jpg","width":1000,"height":1000,"caption":"Woopie statybini\u0173 ma\u0161in\u0173 rinkinys su did\u017eiuliu tralo sunkve\u017eimiu (4 vnt.)"},{"@type":"BreadcrumbList","@id":"https:\/\/kidsplay.lt\/produktas\/woopie-statybiniu-masinu-rinkinys-su-didziuliu-tralo-sunkvezimiu-4-vnt\/#breadcrumb","itemListElement":[{"@type":"ListItem","position":1,"name":"Pagrindinis","item":"https:\/\/kidsplay.lt\/"},{"@type":"ListItem","position":2,"name":"Parduotuv\u0117","item":"https:\/\/kidsplay.lt\/parduotuve\/"},{"@type":"ListItem","position":3,"name":"Woopie statybini\u0173 ma\u0161in\u0173 rinkinys su did\u017eiuliu tralo sunkve\u017eimiu (4 vnt.)"}]},{"@type":"WebSite","@id":"https:\/\/kidsplay.lt\/#website","url":"https:\/\/kidsplay.lt\/","name":"B\u0113rnu sp\u0113les.lv","description":"\u012evairios prek\u0117s vaikams","publisher":{"@id":"https:\/\/kidsplay.lt\/#organization"},"alternateName":"Kidsplay","potentialAction":[{"@type":"SearchAction","target":{"@type":"EntryPoint","urlTemplate":"https:\/\/kidsplay.lt\/?s={search_term_string}"},"query-input":{"@type":"PropertyValueSpecification","valueRequired":true,"valueName":"search_term_string"}}],"inLanguage":"lv-LV"},{"@type":"Organization","@id":"https:\/\/kidsplay.lt\/#organization","name":"B\u0113rnu sp\u0113le","url":"https:\/\/kidsplay.lt\/","logo":{"@type":"ImageObject","inLanguage":"lv-LV","@id":"https:\/\/kidsplay.lt\/#\/schema\/logo\/image\/","url":"https:\/\/kidsplay.lt\/wp-content\/uploads\/2023\/07\/kidsplay-logo.png","contentUrl":"https:\/\/kidsplay.lt\/wp-content\/uploads\/2023\/07\/kidsplay-logo.png","width":451,"height":98,"caption":"KidsPlay"},"image":{"@id":"https:\/\/kidsplay.lt\/#\/schema\/logo\/image\/"},"sameAs":["https:\/\/www.facebook.com\/www.kidsplay.lt"]}]}},"_links":{"self":[{"href":"https:\/\/kidsplay.lt\/lv\/wp-json\/wp\/v2\/product\/88981","targetHints":{"allow":["GET"]}}],"collection":[{"href":"https:\/\/kidsplay.lt\/lv\/wp-json\/wp\/v2\/product"}],"about":[{"href":"https:\/\/kidsplay.lt\/lv\/wp-json\/wp\/v2\/types\/product"}],"version-history":[{"count":1,"href":"https:\/\/kidsplay.lt\/lv\/wp-json\/wp\/v2\/product\/88981\/revisions"}],"predecessor-version":[{"id":88982,"href":"https:\/\/kidsplay.lt\/lv\/wp-json\/wp\/v2\/product\/88981\/revisions\/88982"}],"wp:featuredmedia":[{"embeddable":true,"href":"https:\/\/kidsplay.lt\/lv\/wp-json\/wp\/v2\/media\/88983"}],"wp:attachment":[{"href":"https:\/\/kidsplay.lt\/lv\/wp-json\/wp\/v2\/media?parent=88981"}],"wp:term":[{"taxonomy":"product_brand","embeddable":true,"href":"https:\/\/kidsplay.lt\/lv\/wp-json\/wp\/v2\/product_brand?post=88981"},{"taxonomy":"product_cat","embeddable":true,"href":"https:\/\/kidsplay.lt\/lv\/wp-json\/wp\/v2\/product_cat?post=88981"},{"taxonomy":"product_tag","embeddable":true,"href":"https:\/\/kidsplay.lt\/lv\/wp-json\/wp\/v2\/product_tag?post=88981"}],"curies":[{"name":"wp","href":"https:\/\/api.w.org\/{rel}","templated":true}]}}