{"id":88986,"date":"2026-02-26T09:04:24","date_gmt":"2026-02-26T07:04:24","guid":{"rendered":"https:\/\/kidsplay.lt\/produktas\/woopie-dinozauru-transporterio-sunkvezimis-2in1-su-figurelemis-automobiliais-ir-zaidimu-kilimeliu\/"},"modified":"2026-04-13T14:42:08","modified_gmt":"2026-04-13T11:42:08","slug":"woopie-dinozauru-transporterio-sunkvezimis-2in1-su-figurelemis-automobiliais-ir-zaidimu-kilimeliu","status":"publish","type":"product","link":"https:\/\/kidsplay.lt\/lv\/products\/woopie-dinozauru-transporterio-sunkvezimis-2in1-su-figurelemis-automobiliais-ir-zaidimu-kilimeliu\/","title":{"rendered":"Woopie dinozauru p\u0101rvad\u0101t\u0101js 2in1 ar fig\u016br\u0101m, automa\u0161\u012bn\u0101m un rota\u013cu pakl\u0101ji\u0146u"},"content":{"rendered":"<p>Leisk vaikui leistis \u012f nepakartojam\u0105 kelion\u0119 \u012f dinozaur\u0173 pasaul\u012f su Woopie 2in1 dinozaur\u0173 transporteriu! Tai ne tik \u012fsp\u016bdingo dyd\u017eio sunkve\u017eimis, bet ir mobilus \u017eaidim\u0173 centras, kuriame galima laikyti dinozaurus, automobilius ir vis\u0105 preistorin\u0119 scen\u0105.<\/p>\n<p>Rinkinys sujungia meil\u0119 dideliems transporto priemon\u0117ms ir dinozaurams \u2014 ma\u017eieji tyrin\u0117tojai gali kurti savo istorijas, r\u016b\u0161iuoti, statyti, organizuoti ir \u017eaisti vaidmeninius \u017eaidimus. Kabinoje \u012fmontuota automobili\u0173 paleidimo sistema suteikia dar daugiau veiksmo ir \u012ftraukian\u010di\u0173 scenarij\u0173.<\/p>\n<p>Spalvinga, i\u0161skleid\u017eiama preistorin\u0117 \u017eaidim\u0173 lenta su upe, vulkanu, med\u017eiais ir p\u0117dsakais padeda sukurti tikr\u0105 dinozaur\u0173 pasaul\u012f.<\/p>\n<p>Raksturojums<\/p>\n<p> \tB\u0113rniem no 3 gadu vecuma<br \/>\n \tDidelis sunkve\u017eimis atlieka transporterio ir laikymo d\u0117\u017e\u0117s funkcij\u0105<br \/>\n \tRinkin\u012f sudaro realisti\u0161kos dinozaur\u0173 fig\u016br\u0117l\u0117s ir aplinkos elementai<br \/>\n \t\u012e komplekt\u0105 \u012ftraukti ma\u017ei automobiliai, kuriuos galima ve\u017eti transporteriu<br \/>\n \tKabinoje \u012fmontuota automobili\u0173 paleidimo funkcija<br \/>\n \tSpalvinga preistorin\u0117 \u017eaidim\u0173 lenta su kra\u0161tovaizd\u017eio motyvais<br \/>\n \tTvirtas, detalus ir ry\u0161kus dizainas<br \/>\n \tErdvus vidus leid\u017eia patogiai laikyti visus rinkinio elementus<\/p>\n<p>Komplekts sast\u0101v no<\/p>\n<p> \tDidelis sunkve\u017eimis\u2013transporteris<br \/>\n \t4 skirtingos dinozaur\u0173 fig\u016br\u0117l\u0117s<br \/>\n \t2 dinozaur\u0173 kiau\u0161iniai<br \/>\n \t3 ma\u017ei automobiliai (sportiniai \/ visureigiai)<br \/>\n \t4 aplinkos elementai (med\u017eiai \/ kr\u016bmai)<br \/>\n \tI\u0161skleid\u017eiama \u017eaidim\u0173 lenta su preistoriniu kra\u0161tovaizd\u017eiu<\/p>\n<p>Rota\u013clietu lav\u012bna<\/p>\n<p> \tPraktinius \u012fg\u016bd\u017eius<br \/>\n \tRado\u0161ums un izt\u0113le<br \/>\n \tPa\u017eintin\u012f vystym\u0105si<br \/>\n \tSmalk\u0101s un rupj\u0101s motorikas prasmes<br \/>\n \tSoci\u0101l\u0101s prasmes, sp\u0113l\u0113joties kop\u0101<\/p>","protected":false},"excerpt":{"rendered":"<p>Leisk vaikui leistis \u012f nepakartojam\u0105 kelion\u0119 \u012f dinozaur\u0173 pasaul\u012f su Woopie 2in1 dinozaur\u0173 transporteriu! Tai ne tik \u012fsp\u016bdingo dyd\u017eio sunkve\u017eimis,<\/p>","protected":false},"featured_media":88988,"template":"","meta":{"_acf_changed":false,"_glsr_average":0,"_glsr_ranking":0,"_glsr_reviews":0},"product_brand":[],"product_cat":[448,229],"product_tag":[],"class_list":{"0":"post-88986","1":"product","2":"type-product","3":"status-publish","4":"has-post-thumbnail","6":"product_cat-automobiliai-ir-transportas","7":"product_cat-zaislai-vaikams","8":"\"style=\"background-color: #2ecc711c;\"","10":"first","11":"instock","12":"purchasable","13":"product-type-simple"},"acf":[],"yoast_head":"<!-- This site is optimized with the Yoast SEO plugin v27.4 - https:\/\/yoast.com\/product\/yoast-seo-wordpress\/ -->\n<title>Woopie dinozaur\u0173 transporterio sunkve\u017eimis 2in1 su figur\u0117l\u0117mis, automobiliais ir \u017eaidim\u0173 kilim\u0117liu<\/title>\n<meta name=\"description\" content=\"Woopie dinozaur\u0173 transporterio sunkve\u017eimis 2in1 su figur\u0117l\u0117mis, automobiliais ir \u017eaidim\u0173 kilim\u0117liu - KidsPlay. Did\u017eiausias vaik\u0173 \u017eaisl\u0173 pasirinkimas.\" \/>\n<meta name=\"robots\" content=\"index, follow, max-snippet:-1, max-image-preview:large, max-video-preview:-1\" \/>\n<link rel=\"canonical\" href=\"https:\/\/kidsplay.lt\/lv\/products\/woopie-dinozauru-transporterio-sunkvezimis-2in1-su-figurelemis-automobiliais-ir-zaidimu-kilimeliu\/\" \/>\n<meta property=\"og:locale\" content=\"lv_LV\" \/>\n<meta property=\"og:type\" content=\"article\" \/>\n<meta property=\"og:title\" content=\"Woopie dinozaur\u0173 transporterio sunkve\u017eimis 2in1 su figur\u0117l\u0117mis, automobiliais ir \u017eaidim\u0173 kilim\u0117liu\" \/>\n<meta property=\"og:description\" content=\"Woopie dinozaur\u0173 transporterio sunkve\u017eimis 2in1 su figur\u0117l\u0117mis, automobiliais ir \u017eaidim\u0173 kilim\u0117liu - KidsPlay. Did\u017eiausias vaik\u0173 \u017eaisl\u0173 pasirinkimas.\" \/>\n<meta property=\"og:url\" content=\"https:\/\/kidsplay.lt\/lv\/products\/woopie-dinozauru-transporterio-sunkvezimis-2in1-su-figurelemis-automobiliais-ir-zaidimu-kilimeliu\/\" \/>\n<meta property=\"og:site_name\" content=\"KidsPlay\" \/>\n<meta property=\"article:publisher\" content=\"https:\/\/www.facebook.com\/www.kidsplay.lt\" \/>\n<meta property=\"article:modified_time\" content=\"2026-04-13T11:42:08+00:00\" \/>\n<meta property=\"og:image\" content=\"https:\/\/kidsplay.lt\/wp-content\/uploads\/2026\/02\/Woopie-dinozauru-transporterio-sunkvezimis-2in1-su-figurelemis-automobiliais-ir-zaidimu-kilimeliu.jpg\" \/>\n\t<meta property=\"og:image:width\" content=\"1000\" \/>\n\t<meta property=\"og:image:height\" content=\"1000\" \/>\n\t<meta property=\"og:image:type\" content=\"image\/jpeg\" \/>\n<meta name=\"twitter:card\" content=\"summary_large_image\" \/>\n<meta name=\"twitter:label1\" content=\"Est. reading time\" \/>\n\t<meta name=\"twitter:data1\" content=\"1 min\u016bte\" \/>\n<script type=\"application\/ld+json\" class=\"yoast-schema-graph\">{\"@context\":\"https:\\\/\\\/schema.org\",\"@graph\":[{\"@type\":\"WebPage\",\"@id\":\"https:\\\/\\\/kidsplay.lt\\\/produktas\\\/woopie-dinozauru-transporterio-sunkvezimis-2in1-su-figurelemis-automobiliais-ir-zaidimu-kilimeliu\\\/\",\"url\":\"https:\\\/\\\/kidsplay.lt\\\/produktas\\\/woopie-dinozauru-transporterio-sunkvezimis-2in1-su-figurelemis-automobiliais-ir-zaidimu-kilimeliu\\\/\",\"name\":\"Woopie dinozaur\u0173 transporterio sunkve\u017eimis 2in1 su figur\u0117l\u0117mis, automobiliais ir \u017eaidim\u0173 kilim\u0117liu\",\"isPartOf\":{\"@id\":\"https:\\\/\\\/kidsplay.lt\\\/#website\"},\"primaryImageOfPage\":{\"@id\":\"https:\\\/\\\/kidsplay.lt\\\/produktas\\\/woopie-dinozauru-transporterio-sunkvezimis-2in1-su-figurelemis-automobiliais-ir-zaidimu-kilimeliu\\\/#primaryimage\"},\"image\":{\"@id\":\"https:\\\/\\\/kidsplay.lt\\\/produktas\\\/woopie-dinozauru-transporterio-sunkvezimis-2in1-su-figurelemis-automobiliais-ir-zaidimu-kilimeliu\\\/#primaryimage\"},\"thumbnailUrl\":\"https:\\\/\\\/kidsplay.lt\\\/wp-content\\\/uploads\\\/2026\\\/02\\\/Woopie-dinozauru-transporterio-sunkvezimis-2in1-su-figurelemis-automobiliais-ir-zaidimu-kilimeliu.jpg\",\"datePublished\":\"2026-02-26T07:04:24+00:00\",\"dateModified\":\"2026-04-13T11:42:08+00:00\",\"description\":\"Woopie dinozaur\u0173 transporterio sunkve\u017eimis 2in1 su figur\u0117l\u0117mis, automobiliais ir \u017eaidim\u0173 kilim\u0117liu - KidsPlay. Did\u017eiausias vaik\u0173 \u017eaisl\u0173 pasirinkimas.\",\"breadcrumb\":{\"@id\":\"https:\\\/\\\/kidsplay.lt\\\/produktas\\\/woopie-dinozauru-transporterio-sunkvezimis-2in1-su-figurelemis-automobiliais-ir-zaidimu-kilimeliu\\\/#breadcrumb\"},\"inLanguage\":\"lv-LV\",\"potentialAction\":[{\"@type\":\"ReadAction\",\"target\":[\"https:\\\/\\\/kidsplay.lt\\\/produktas\\\/woopie-dinozauru-transporterio-sunkvezimis-2in1-su-figurelemis-automobiliais-ir-zaidimu-kilimeliu\\\/\"]}]},{\"@type\":\"ImageObject\",\"inLanguage\":\"lv-LV\",\"@id\":\"https:\\\/\\\/kidsplay.lt\\\/produktas\\\/woopie-dinozauru-transporterio-sunkvezimis-2in1-su-figurelemis-automobiliais-ir-zaidimu-kilimeliu\\\/#primaryimage\",\"url\":\"https:\\\/\\\/kidsplay.lt\\\/wp-content\\\/uploads\\\/2026\\\/02\\\/Woopie-dinozauru-transporterio-sunkvezimis-2in1-su-figurelemis-automobiliais-ir-zaidimu-kilimeliu.jpg\",\"contentUrl\":\"https:\\\/\\\/kidsplay.lt\\\/wp-content\\\/uploads\\\/2026\\\/02\\\/Woopie-dinozauru-transporterio-sunkvezimis-2in1-su-figurelemis-automobiliais-ir-zaidimu-kilimeliu.jpg\",\"width\":1000,\"height\":1000,\"caption\":\"Woopie dinozaur\u0173 transporterio sunkve\u017eimis 2in1 su figur\u0117l\u0117mis\"},{\"@type\":\"BreadcrumbList\",\"@id\":\"https:\\\/\\\/kidsplay.lt\\\/produktas\\\/woopie-dinozauru-transporterio-sunkvezimis-2in1-su-figurelemis-automobiliais-ir-zaidimu-kilimeliu\\\/#breadcrumb\",\"itemListElement\":[{\"@type\":\"ListItem\",\"position\":1,\"name\":\"Pagrindinis\",\"item\":\"https:\\\/\\\/kidsplay.lt\\\/\"},{\"@type\":\"ListItem\",\"position\":2,\"name\":\"Parduotuv\u0117\",\"item\":\"https:\\\/\\\/kidsplay.lt\\\/parduotuve\\\/\"},{\"@type\":\"ListItem\",\"position\":3,\"name\":\"Woopie dinozaur\u0173 transporterio sunkve\u017eimis 2in1 su figur\u0117l\u0117mis, automobiliais ir \u017eaidim\u0173 kilim\u0117liu\"}]},{\"@type\":\"WebSite\",\"@id\":\"https:\\\/\\\/kidsplay.lt\\\/#website\",\"url\":\"https:\\\/\\\/kidsplay.lt\\\/\",\"name\":\"Kidsplay.lt\",\"description\":\"\u012evairios prek\u0117s vaikams\",\"publisher\":{\"@id\":\"https:\\\/\\\/kidsplay.lt\\\/#organization\"},\"alternateName\":\"Kidsplay\",\"potentialAction\":[{\"@type\":\"SearchAction\",\"target\":{\"@type\":\"EntryPoint\",\"urlTemplate\":\"https:\\\/\\\/kidsplay.lt\\\/?s={search_term_string}\"},\"query-input\":{\"@type\":\"PropertyValueSpecification\",\"valueRequired\":true,\"valueName\":\"search_term_string\"}}],\"inLanguage\":\"lv-LV\"},{\"@type\":\"Organization\",\"@id\":\"https:\\\/\\\/kidsplay.lt\\\/#organization\",\"name\":\"KidsPlay\",\"url\":\"https:\\\/\\\/kidsplay.lt\\\/\",\"logo\":{\"@type\":\"ImageObject\",\"inLanguage\":\"lv-LV\",\"@id\":\"https:\\\/\\\/kidsplay.lt\\\/#\\\/schema\\\/logo\\\/image\\\/\",\"url\":\"https:\\\/\\\/kidsplay.lt\\\/wp-content\\\/uploads\\\/2023\\\/07\\\/kidsplay-logo.png\",\"contentUrl\":\"https:\\\/\\\/kidsplay.lt\\\/wp-content\\\/uploads\\\/2023\\\/07\\\/kidsplay-logo.png\",\"width\":451,\"height\":98,\"caption\":\"KidsPlay\"},\"image\":{\"@id\":\"https:\\\/\\\/kidsplay.lt\\\/#\\\/schema\\\/logo\\\/image\\\/\"},\"sameAs\":[\"https:\\\/\\\/www.facebook.com\\\/www.kidsplay.lt\"]}]}<\/script>\n<!-- \/ Yoast SEO plugin. -->","yoast_head_json":{"title":"Woopie dinozauru p\u0101rvad\u0101t\u0101js 2in1 ar fig\u016br\u0101m, automa\u0161\u012bn\u0101m un rota\u013cu pakl\u0101ji\u0146u","description":"Woopie dinozaur\u0173 transporterio sunkve\u017eimis 2in1 su figur\u0117l\u0117mis, automobiliais ir \u017eaidim\u0173 kilim\u0117liu - KidsPlay. Did\u017eiausias vaik\u0173 \u017eaisl\u0173 pasirinkimas.","robots":{"index":"index","follow":"follow","max-snippet":"max-snippet:-1","max-image-preview":"max-image-preview:large","max-video-preview":"max-video-preview:-1"},"canonical":"https:\/\/kidsplay.lt\/lv\/products\/woopie-dinozauru-transporterio-sunkvezimis-2in1-su-figurelemis-automobiliais-ir-zaidimu-kilimeliu\/","og_locale":"lv_LV","og_type":"article","og_title":"Woopie dinozaur\u0173 transporterio sunkve\u017eimis 2in1 su figur\u0117l\u0117mis, automobiliais ir \u017eaidim\u0173 kilim\u0117liu","og_description":"Woopie dinozaur\u0173 transporterio sunkve\u017eimis 2in1 su figur\u0117l\u0117mis, automobiliais ir \u017eaidim\u0173 kilim\u0117liu - KidsPlay. Did\u017eiausias vaik\u0173 \u017eaisl\u0173 pasirinkimas.","og_url":"https:\/\/kidsplay.lt\/lv\/products\/woopie-dinozauru-transporterio-sunkvezimis-2in1-su-figurelemis-automobiliais-ir-zaidimu-kilimeliu\/","og_site_name":"KidsPlay","article_publisher":"https:\/\/www.facebook.com\/www.kidsplay.lt","article_modified_time":"2026-04-13T11:42:08+00:00","og_image":[{"width":1000,"height":1000,"url":"https:\/\/kidsplay.lt\/wp-content\/uploads\/2026\/02\/Woopie-dinozauru-transporterio-sunkvezimis-2in1-su-figurelemis-automobiliais-ir-zaidimu-kilimeliu.jpg","type":"image\/jpeg"}],"twitter_card":"summary_large_image","twitter_misc":{"Est. reading time":"1 min\u016bte"},"schema":{"@context":"https:\/\/schema.org","@graph":[{"@type":"WebPage","@id":"https:\/\/kidsplay.lt\/produktas\/woopie-dinozauru-transporterio-sunkvezimis-2in1-su-figurelemis-automobiliais-ir-zaidimu-kilimeliu\/","url":"https:\/\/kidsplay.lt\/produktas\/woopie-dinozauru-transporterio-sunkvezimis-2in1-su-figurelemis-automobiliais-ir-zaidimu-kilimeliu\/","name":"Woopie dinozauru p\u0101rvad\u0101t\u0101js 2in1 ar fig\u016br\u0101m, automa\u0161\u012bn\u0101m un rota\u013cu pakl\u0101ji\u0146u","isPartOf":{"@id":"https:\/\/kidsplay.lt\/#website"},"primaryImageOfPage":{"@id":"https:\/\/kidsplay.lt\/produktas\/woopie-dinozauru-transporterio-sunkvezimis-2in1-su-figurelemis-automobiliais-ir-zaidimu-kilimeliu\/#primaryimage"},"image":{"@id":"https:\/\/kidsplay.lt\/produktas\/woopie-dinozauru-transporterio-sunkvezimis-2in1-su-figurelemis-automobiliais-ir-zaidimu-kilimeliu\/#primaryimage"},"thumbnailUrl":"https:\/\/kidsplay.lt\/wp-content\/uploads\/2026\/02\/Woopie-dinozauru-transporterio-sunkvezimis-2in1-su-figurelemis-automobiliais-ir-zaidimu-kilimeliu.jpg","datePublished":"2026-02-26T07:04:24+00:00","dateModified":"2026-04-13T11:42:08+00:00","description":"Woopie dinozaur\u0173 transporterio sunkve\u017eimis 2in1 su figur\u0117l\u0117mis, automobiliais ir \u017eaidim\u0173 kilim\u0117liu - KidsPlay. Did\u017eiausias vaik\u0173 \u017eaisl\u0173 pasirinkimas.","breadcrumb":{"@id":"https:\/\/kidsplay.lt\/produktas\/woopie-dinozauru-transporterio-sunkvezimis-2in1-su-figurelemis-automobiliais-ir-zaidimu-kilimeliu\/#breadcrumb"},"inLanguage":"lv-LV","potentialAction":[{"@type":"ReadAction","target":["https:\/\/kidsplay.lt\/produktas\/woopie-dinozauru-transporterio-sunkvezimis-2in1-su-figurelemis-automobiliais-ir-zaidimu-kilimeliu\/"]}]},{"@type":"ImageObject","inLanguage":"lv-LV","@id":"https:\/\/kidsplay.lt\/produktas\/woopie-dinozauru-transporterio-sunkvezimis-2in1-su-figurelemis-automobiliais-ir-zaidimu-kilimeliu\/#primaryimage","url":"https:\/\/kidsplay.lt\/wp-content\/uploads\/2026\/02\/Woopie-dinozauru-transporterio-sunkvezimis-2in1-su-figurelemis-automobiliais-ir-zaidimu-kilimeliu.jpg","contentUrl":"https:\/\/kidsplay.lt\/wp-content\/uploads\/2026\/02\/Woopie-dinozauru-transporterio-sunkvezimis-2in1-su-figurelemis-automobiliais-ir-zaidimu-kilimeliu.jpg","width":1000,"height":1000,"caption":"Woopie dinozaur\u0173 transporterio sunkve\u017eimis 2in1 su figur\u0117l\u0117mis"},{"@type":"BreadcrumbList","@id":"https:\/\/kidsplay.lt\/produktas\/woopie-dinozauru-transporterio-sunkvezimis-2in1-su-figurelemis-automobiliais-ir-zaidimu-kilimeliu\/#breadcrumb","itemListElement":[{"@type":"ListItem","position":1,"name":"Pagrindinis","item":"https:\/\/kidsplay.lt\/"},{"@type":"ListItem","position":2,"name":"Parduotuv\u0117","item":"https:\/\/kidsplay.lt\/parduotuve\/"},{"@type":"ListItem","position":3,"name":"Woopie dinozaur\u0173 transporterio sunkve\u017eimis 2in1 su figur\u0117l\u0117mis, automobiliais ir \u017eaidim\u0173 kilim\u0117liu"}]},{"@type":"WebSite","@id":"https:\/\/kidsplay.lt\/#website","url":"https:\/\/kidsplay.lt\/","name":"B\u0113rnu sp\u0113les.lv","description":"\u012evairios prek\u0117s vaikams","publisher":{"@id":"https:\/\/kidsplay.lt\/#organization"},"alternateName":"Kidsplay","potentialAction":[{"@type":"SearchAction","target":{"@type":"EntryPoint","urlTemplate":"https:\/\/kidsplay.lt\/?s={search_term_string}"},"query-input":{"@type":"PropertyValueSpecification","valueRequired":true,"valueName":"search_term_string"}}],"inLanguage":"lv-LV"},{"@type":"Organization","@id":"https:\/\/kidsplay.lt\/#organization","name":"B\u0113rnu sp\u0113le","url":"https:\/\/kidsplay.lt\/","logo":{"@type":"ImageObject","inLanguage":"lv-LV","@id":"https:\/\/kidsplay.lt\/#\/schema\/logo\/image\/","url":"https:\/\/kidsplay.lt\/wp-content\/uploads\/2023\/07\/kidsplay-logo.png","contentUrl":"https:\/\/kidsplay.lt\/wp-content\/uploads\/2023\/07\/kidsplay-logo.png","width":451,"height":98,"caption":"KidsPlay"},"image":{"@id":"https:\/\/kidsplay.lt\/#\/schema\/logo\/image\/"},"sameAs":["https:\/\/www.facebook.com\/www.kidsplay.lt"]}]}},"_links":{"self":[{"href":"https:\/\/kidsplay.lt\/lv\/wp-json\/wp\/v2\/product\/88986","targetHints":{"allow":["GET"]}}],"collection":[{"href":"https:\/\/kidsplay.lt\/lv\/wp-json\/wp\/v2\/product"}],"about":[{"href":"https:\/\/kidsplay.lt\/lv\/wp-json\/wp\/v2\/types\/product"}],"version-history":[{"count":1,"href":"https:\/\/kidsplay.lt\/lv\/wp-json\/wp\/v2\/product\/88986\/revisions"}],"predecessor-version":[{"id":88987,"href":"https:\/\/kidsplay.lt\/lv\/wp-json\/wp\/v2\/product\/88986\/revisions\/88987"}],"wp:featuredmedia":[{"embeddable":true,"href":"https:\/\/kidsplay.lt\/lv\/wp-json\/wp\/v2\/media\/88988"}],"wp:attachment":[{"href":"https:\/\/kidsplay.lt\/lv\/wp-json\/wp\/v2\/media?parent=88986"}],"wp:term":[{"taxonomy":"product_brand","embeddable":true,"href":"https:\/\/kidsplay.lt\/lv\/wp-json\/wp\/v2\/product_brand?post=88986"},{"taxonomy":"product_cat","embeddable":true,"href":"https:\/\/kidsplay.lt\/lv\/wp-json\/wp\/v2\/product_cat?post=88986"},{"taxonomy":"product_tag","embeddable":true,"href":"https:\/\/kidsplay.lt\/lv\/wp-json\/wp\/v2\/product_tag?post=88986"}],"curies":[{"name":"wp","href":"https:\/\/api.w.org\/{rel}","templated":true}]}}