{"id":88991,"date":"2026-02-26T09:04:34","date_gmt":"2026-02-26T07:04:34","guid":{"rendered":"https:\/\/kidsplay.lt\/produktas\/woopie-112-mastelio-statybinis-savivartis-su-sviesos-ir-garso-efektais\/"},"modified":"2026-04-07T10:21:07","modified_gmt":"2026-04-07T07:21:07","slug":"woopie-112-mastelio-statybinis-savivartis-su-sviesos-ir-garso-efektais","status":"publish","type":"product","link":"https:\/\/kidsplay.lt\/lv\/products\/woopie-112-mastelio-statybinis-savivartis-su-sviesos-ir-garso-efektais\/","title":{"rendered":"WOOPIE 1:12 mastelio statybinis savivartis su \u0161viesos ir garso efektais"},"content":{"rendered":"<p>Supa\u017eindinkite savo vaik\u0105 su \u017eaviu statyb\u0173 pasauliu su \u0161iuo realisti\u0161ku\u00a0\u201eWoopie\u201c statybiniu savivar\u010diu!\u00a0\u0160is \u012fsp\u016bdingas, didelis \u017eaislas yra ne tik\u00a0tiksli tikro daikto kopija\u00a0, bet ir nesibaigian\u010dio k\u016brybinio \u017eaidimo \u0161altinis. D\u0117l\u00a0judan\u010dios priekabos\u00a0ir\u00a0\u0161viesos bei garso efekt\u0173\u00a0kiekviena kelion\u0117 \u012f statybviet\u0119 taps nepamir\u0161tamu nuotykiu. Savivartis turi\u00a0\u017eibintus ant kabinos stogo , kurie suteikia dinami\u0161kumo ir tikrovi\u0161kumo \u017eaidimui. \u012emontuotas \u012ftraukian\u010di\u0173\u00a0transporto priemoni\u0173 gars\u0173\u00a0,\u00a0vaiki\u0161k\u0173 dain\u0173 ir melodij\u0173\u00a0,\u00a0istorij\u0173\u00a0ir\u00a0sen\u0173 eil\u0117ra\u0161\u010di\u0173\u00a0pasirinkimas\u00a0leid\u017eia j\u016bs\u0173 vaikui \u017eaid\u017eiant \u012fsisavinti \u012fvairius ankstyvojo vaikyst\u0117s mokymosi elementus. Puikiai tinka ma\u017eiesiems in\u017einieriams ir statybininkams, kurie m\u0117gsta veiksm\u0105 ir dinamik\u0105!<br \/>\nRakstur\u012bgs:<\/p>\n<p> \t&#8211;\u00a0\u00a0Vaikams nuo\u00a03 met\u0173\u00a0am\u017eiaus<br \/>\n \t&#8211;\u00a0Atkuria tikr\u0105 automobil\u012f\u00a0\u00a0masteliu 1:12<br \/>\n \t&#8211; Kilnojamieji elementai &#8211;\u00a0priekaba<br \/>\n \t&#8211; \u0160viesos ir garso efektai &#8211;\u00a0\u012fjungiami mygtukais ant stogo<br \/>\n \t&#8211; Vaidmen\u0173 \u017eaidimas \u2013\u00a0\u012fsik\u016bnykite \u012f statybos in\u017einieri\u0173<\/p>\n<p>Rota\u013clieta att\u012bst\u0101s:<\/p>\n<p> \t&#8211; Vaizduot\u0117<br \/>\n \t&#8211; K\u016brybi\u0161kumas<br \/>\n \t&#8211; Rankiniai \u012fg\u016bd\u017eiai<br \/>\n \t&#8211; Suprasti pasaul\u012f<br \/>\n \t&#8211; Loginis m\u0105stymas<br \/>\n \t&#8211; Socialiniai \u012fg\u016bd\u017eiai<\/p>","protected":false},"excerpt":{"rendered":"<p>Supa\u017eindinkite savo vaik\u0105 su \u017eaviu statyb\u0173 pasauliu su \u0161iuo realisti\u0161ku\u00a0\u201eWoopie\u201c statybiniu savivar\u010diu!\u00a0\u0160is \u012fsp\u016bdingas, didelis \u017eaislas yra ne tik\u00a0tiksli tikro daikto<\/p>","protected":false},"featured_media":82120,"template":"","meta":{"_acf_changed":false,"_glsr_average":0,"_glsr_ranking":0,"_glsr_reviews":0},"product_brand":[],"product_cat":[448,229],"product_tag":[],"class_list":{"0":"post-88991","1":"product","2":"type-product","3":"status-publish","4":"has-post-thumbnail","6":"product_cat-automobiliai-ir-transportas","7":"product_cat-zaislai-vaikams","8":"\"style=\"background-color: #2ecc711c;\"","10":"first","11":"instock","12":"purchasable","13":"product-type-simple"},"acf":[],"yoast_head":"<!-- This site is optimized with the Yoast SEO plugin v27.3 - https:\/\/yoast.com\/product\/yoast-seo-wordpress\/ -->\n<title>WOOPIE 1:12 mastelio statybinis savivartis su \u0161viesos ir garso efektais<\/title>\n<meta name=\"description\" content=\"WOOPIE 1:12 mastelio statybinis savivartis su \u0161viesos ir garso efektais - KidsPlay. Did\u017eiausias vaik\u0173 \u017eaisl\u0173 pasirinkimas.\" \/>\n<meta name=\"robots\" content=\"index, follow, max-snippet:-1, max-image-preview:large, max-video-preview:-1\" \/>\n<link rel=\"canonical\" href=\"https:\/\/kidsplay.lt\/lv\/products\/woopie-112-mastelio-statybinis-savivartis-su-sviesos-ir-garso-efektais\/\" \/>\n<meta property=\"og:locale\" content=\"lv_LV\" \/>\n<meta property=\"og:type\" content=\"article\" \/>\n<meta property=\"og:title\" content=\"WOOPIE 1:12 mastelio statybinis savivartis su \u0161viesos ir garso efektais\" \/>\n<meta property=\"og:description\" content=\"WOOPIE 1:12 mastelio statybinis savivartis su \u0161viesos ir garso efektais - KidsPlay. Did\u017eiausias vaik\u0173 \u017eaisl\u0173 pasirinkimas.\" \/>\n<meta property=\"og:url\" content=\"https:\/\/kidsplay.lt\/lv\/products\/woopie-112-mastelio-statybinis-savivartis-su-sviesos-ir-garso-efektais\/\" \/>\n<meta property=\"og:site_name\" content=\"KidsPlay\" \/>\n<meta property=\"article:publisher\" content=\"https:\/\/www.facebook.com\/www.kidsplay.lt\" \/>\n<meta property=\"article:modified_time\" content=\"2026-04-07T07:21:07+00:00\" \/>\n<meta property=\"og:image\" content=\"https:\/\/kidsplay.lt\/wp-content\/uploads\/2025\/12\/WOOPIE-112-mastelio-statybinis-savivartis-su-sviesos-ir-garso-efektais.jpg\" \/>\n\t<meta property=\"og:image:width\" content=\"1000\" \/>\n\t<meta property=\"og:image:height\" content=\"1000\" \/>\n\t<meta property=\"og:image:type\" content=\"image\/jpeg\" \/>\n<meta name=\"twitter:card\" content=\"summary_large_image\" \/>\n<meta name=\"twitter:label1\" content=\"Est. reading time\" \/>\n\t<meta name=\"twitter:data1\" content=\"1 min\u016bte\" \/>\n<script type=\"application\/ld+json\" class=\"yoast-schema-graph\">{\"@context\":\"https:\\\/\\\/schema.org\",\"@graph\":[{\"@type\":\"WebPage\",\"@id\":\"https:\\\/\\\/kidsplay.lt\\\/produktas\\\/woopie-112-mastelio-statybinis-savivartis-su-sviesos-ir-garso-efektais\\\/\",\"url\":\"https:\\\/\\\/kidsplay.lt\\\/produktas\\\/woopie-112-mastelio-statybinis-savivartis-su-sviesos-ir-garso-efektais\\\/\",\"name\":\"WOOPIE 1:12 mastelio statybinis savivartis su \u0161viesos ir garso efektais\",\"isPartOf\":{\"@id\":\"https:\\\/\\\/kidsplay.lt\\\/#website\"},\"primaryImageOfPage\":{\"@id\":\"https:\\\/\\\/kidsplay.lt\\\/produktas\\\/woopie-112-mastelio-statybinis-savivartis-su-sviesos-ir-garso-efektais\\\/#primaryimage\"},\"image\":{\"@id\":\"https:\\\/\\\/kidsplay.lt\\\/produktas\\\/woopie-112-mastelio-statybinis-savivartis-su-sviesos-ir-garso-efektais\\\/#primaryimage\"},\"thumbnailUrl\":\"https:\\\/\\\/kidsplay.lt\\\/wp-content\\\/uploads\\\/2025\\\/12\\\/WOOPIE-112-mastelio-statybinis-savivartis-su-sviesos-ir-garso-efektais.jpg\",\"datePublished\":\"2026-02-26T07:04:34+00:00\",\"dateModified\":\"2026-04-07T07:21:07+00:00\",\"description\":\"WOOPIE 1:12 mastelio statybinis savivartis su \u0161viesos ir garso efektais - KidsPlay. Did\u017eiausias vaik\u0173 \u017eaisl\u0173 pasirinkimas.\",\"breadcrumb\":{\"@id\":\"https:\\\/\\\/kidsplay.lt\\\/produktas\\\/woopie-112-mastelio-statybinis-savivartis-su-sviesos-ir-garso-efektais\\\/#breadcrumb\"},\"inLanguage\":\"lv-LV\",\"potentialAction\":[{\"@type\":\"ReadAction\",\"target\":[\"https:\\\/\\\/kidsplay.lt\\\/produktas\\\/woopie-112-mastelio-statybinis-savivartis-su-sviesos-ir-garso-efektais\\\/\"]}]},{\"@type\":\"ImageObject\",\"inLanguage\":\"lv-LV\",\"@id\":\"https:\\\/\\\/kidsplay.lt\\\/produktas\\\/woopie-112-mastelio-statybinis-savivartis-su-sviesos-ir-garso-efektais\\\/#primaryimage\",\"url\":\"https:\\\/\\\/kidsplay.lt\\\/wp-content\\\/uploads\\\/2025\\\/12\\\/WOOPIE-112-mastelio-statybinis-savivartis-su-sviesos-ir-garso-efektais.jpg\",\"contentUrl\":\"https:\\\/\\\/kidsplay.lt\\\/wp-content\\\/uploads\\\/2025\\\/12\\\/WOOPIE-112-mastelio-statybinis-savivartis-su-sviesos-ir-garso-efektais.jpg\",\"width\":1000,\"height\":1000,\"caption\":\"WOOPIE 1:12 mastelio statybinis savivartis su \u0161viesos ir garso efektais\"},{\"@type\":\"BreadcrumbList\",\"@id\":\"https:\\\/\\\/kidsplay.lt\\\/produktas\\\/woopie-112-mastelio-statybinis-savivartis-su-sviesos-ir-garso-efektais\\\/#breadcrumb\",\"itemListElement\":[{\"@type\":\"ListItem\",\"position\":1,\"name\":\"Pagrindinis\",\"item\":\"https:\\\/\\\/kidsplay.lt\\\/\"},{\"@type\":\"ListItem\",\"position\":2,\"name\":\"Parduotuv\u0117\",\"item\":\"https:\\\/\\\/kidsplay.lt\\\/parduotuve\\\/\"},{\"@type\":\"ListItem\",\"position\":3,\"name\":\"WOOPIE 1:12 mastelio statybinis savivartis su \u0161viesos ir garso efektais\"}]},{\"@type\":\"WebSite\",\"@id\":\"https:\\\/\\\/kidsplay.lt\\\/#website\",\"url\":\"https:\\\/\\\/kidsplay.lt\\\/\",\"name\":\"Kidsplay.lt\",\"description\":\"\u012evairios prek\u0117s vaikams\",\"publisher\":{\"@id\":\"https:\\\/\\\/kidsplay.lt\\\/#organization\"},\"alternateName\":\"Kidsplay\",\"potentialAction\":[{\"@type\":\"SearchAction\",\"target\":{\"@type\":\"EntryPoint\",\"urlTemplate\":\"https:\\\/\\\/kidsplay.lt\\\/?s={search_term_string}\"},\"query-input\":{\"@type\":\"PropertyValueSpecification\",\"valueRequired\":true,\"valueName\":\"search_term_string\"}}],\"inLanguage\":\"lv-LV\"},{\"@type\":\"Organization\",\"@id\":\"https:\\\/\\\/kidsplay.lt\\\/#organization\",\"name\":\"KidsPlay\",\"url\":\"https:\\\/\\\/kidsplay.lt\\\/\",\"logo\":{\"@type\":\"ImageObject\",\"inLanguage\":\"lv-LV\",\"@id\":\"https:\\\/\\\/kidsplay.lt\\\/#\\\/schema\\\/logo\\\/image\\\/\",\"url\":\"https:\\\/\\\/kidsplay.lt\\\/wp-content\\\/uploads\\\/2023\\\/07\\\/kidsplay-logo.png\",\"contentUrl\":\"https:\\\/\\\/kidsplay.lt\\\/wp-content\\\/uploads\\\/2023\\\/07\\\/kidsplay-logo.png\",\"width\":451,\"height\":98,\"caption\":\"KidsPlay\"},\"image\":{\"@id\":\"https:\\\/\\\/kidsplay.lt\\\/#\\\/schema\\\/logo\\\/image\\\/\"},\"sameAs\":[\"https:\\\/\\\/www.facebook.com\\\/www.kidsplay.lt\"]}]}<\/script>\n<!-- \/ Yoast SEO plugin. -->","yoast_head_json":{"title":"WOOPIE 1:12 mastelio statybinis savivartis su \u0161viesos ir garso efektais","description":"WOOPIE 1:12 mastelio statybinis savivartis su \u0161viesos ir garso efektais - KidsPlay. Did\u017eiausias vaik\u0173 \u017eaisl\u0173 pasirinkimas.","robots":{"index":"index","follow":"follow","max-snippet":"max-snippet:-1","max-image-preview":"max-image-preview:large","max-video-preview":"max-video-preview:-1"},"canonical":"https:\/\/kidsplay.lt\/lv\/products\/woopie-112-mastelio-statybinis-savivartis-su-sviesos-ir-garso-efektais\/","og_locale":"lv_LV","og_type":"article","og_title":"WOOPIE 1:12 mastelio statybinis savivartis su \u0161viesos ir garso efektais","og_description":"WOOPIE 1:12 mastelio statybinis savivartis su \u0161viesos ir garso efektais - KidsPlay. Did\u017eiausias vaik\u0173 \u017eaisl\u0173 pasirinkimas.","og_url":"https:\/\/kidsplay.lt\/lv\/products\/woopie-112-mastelio-statybinis-savivartis-su-sviesos-ir-garso-efektais\/","og_site_name":"KidsPlay","article_publisher":"https:\/\/www.facebook.com\/www.kidsplay.lt","article_modified_time":"2026-04-07T07:21:07+00:00","og_image":[{"width":1000,"height":1000,"url":"https:\/\/kidsplay.lt\/wp-content\/uploads\/2025\/12\/WOOPIE-112-mastelio-statybinis-savivartis-su-sviesos-ir-garso-efektais.jpg","type":"image\/jpeg"}],"twitter_card":"summary_large_image","twitter_misc":{"Est. reading time":"1 min\u016bte"},"schema":{"@context":"https:\/\/schema.org","@graph":[{"@type":"WebPage","@id":"https:\/\/kidsplay.lt\/produktas\/woopie-112-mastelio-statybinis-savivartis-su-sviesos-ir-garso-efektais\/","url":"https:\/\/kidsplay.lt\/produktas\/woopie-112-mastelio-statybinis-savivartis-su-sviesos-ir-garso-efektais\/","name":"WOOPIE 1:12 mastelio statybinis savivartis su \u0161viesos ir garso efektais","isPartOf":{"@id":"https:\/\/kidsplay.lt\/#website"},"primaryImageOfPage":{"@id":"https:\/\/kidsplay.lt\/produktas\/woopie-112-mastelio-statybinis-savivartis-su-sviesos-ir-garso-efektais\/#primaryimage"},"image":{"@id":"https:\/\/kidsplay.lt\/produktas\/woopie-112-mastelio-statybinis-savivartis-su-sviesos-ir-garso-efektais\/#primaryimage"},"thumbnailUrl":"https:\/\/kidsplay.lt\/wp-content\/uploads\/2025\/12\/WOOPIE-112-mastelio-statybinis-savivartis-su-sviesos-ir-garso-efektais.jpg","datePublished":"2026-02-26T07:04:34+00:00","dateModified":"2026-04-07T07:21:07+00:00","description":"WOOPIE 1:12 mastelio statybinis savivartis su \u0161viesos ir garso efektais - KidsPlay. Did\u017eiausias vaik\u0173 \u017eaisl\u0173 pasirinkimas.","breadcrumb":{"@id":"https:\/\/kidsplay.lt\/produktas\/woopie-112-mastelio-statybinis-savivartis-su-sviesos-ir-garso-efektais\/#breadcrumb"},"inLanguage":"lv-LV","potentialAction":[{"@type":"ReadAction","target":["https:\/\/kidsplay.lt\/produktas\/woopie-112-mastelio-statybinis-savivartis-su-sviesos-ir-garso-efektais\/"]}]},{"@type":"ImageObject","inLanguage":"lv-LV","@id":"https:\/\/kidsplay.lt\/produktas\/woopie-112-mastelio-statybinis-savivartis-su-sviesos-ir-garso-efektais\/#primaryimage","url":"https:\/\/kidsplay.lt\/wp-content\/uploads\/2025\/12\/WOOPIE-112-mastelio-statybinis-savivartis-su-sviesos-ir-garso-efektais.jpg","contentUrl":"https:\/\/kidsplay.lt\/wp-content\/uploads\/2025\/12\/WOOPIE-112-mastelio-statybinis-savivartis-su-sviesos-ir-garso-efektais.jpg","width":1000,"height":1000,"caption":"WOOPIE 1:12 mastelio statybinis savivartis su \u0161viesos ir garso efektais"},{"@type":"BreadcrumbList","@id":"https:\/\/kidsplay.lt\/produktas\/woopie-112-mastelio-statybinis-savivartis-su-sviesos-ir-garso-efektais\/#breadcrumb","itemListElement":[{"@type":"ListItem","position":1,"name":"Pagrindinis","item":"https:\/\/kidsplay.lt\/"},{"@type":"ListItem","position":2,"name":"Parduotuv\u0117","item":"https:\/\/kidsplay.lt\/parduotuve\/"},{"@type":"ListItem","position":3,"name":"WOOPIE 1:12 mastelio statybinis savivartis su \u0161viesos ir garso efektais"}]},{"@type":"WebSite","@id":"https:\/\/kidsplay.lt\/#website","url":"https:\/\/kidsplay.lt\/","name":"B\u0113rnu sp\u0113les.lv","description":"\u012evairios prek\u0117s vaikams","publisher":{"@id":"https:\/\/kidsplay.lt\/#organization"},"alternateName":"Kidsplay","potentialAction":[{"@type":"SearchAction","target":{"@type":"EntryPoint","urlTemplate":"https:\/\/kidsplay.lt\/?s={search_term_string}"},"query-input":{"@type":"PropertyValueSpecification","valueRequired":true,"valueName":"search_term_string"}}],"inLanguage":"lv-LV"},{"@type":"Organization","@id":"https:\/\/kidsplay.lt\/#organization","name":"B\u0113rnu sp\u0113le","url":"https:\/\/kidsplay.lt\/","logo":{"@type":"ImageObject","inLanguage":"lv-LV","@id":"https:\/\/kidsplay.lt\/#\/schema\/logo\/image\/","url":"https:\/\/kidsplay.lt\/wp-content\/uploads\/2023\/07\/kidsplay-logo.png","contentUrl":"https:\/\/kidsplay.lt\/wp-content\/uploads\/2023\/07\/kidsplay-logo.png","width":451,"height":98,"caption":"KidsPlay"},"image":{"@id":"https:\/\/kidsplay.lt\/#\/schema\/logo\/image\/"},"sameAs":["https:\/\/www.facebook.com\/www.kidsplay.lt"]}]}},"_links":{"self":[{"href":"https:\/\/kidsplay.lt\/lv\/wp-json\/wp\/v2\/product\/88991","targetHints":{"allow":["GET"]}}],"collection":[{"href":"https:\/\/kidsplay.lt\/lv\/wp-json\/wp\/v2\/product"}],"about":[{"href":"https:\/\/kidsplay.lt\/lv\/wp-json\/wp\/v2\/types\/product"}],"version-history":[{"count":1,"href":"https:\/\/kidsplay.lt\/lv\/wp-json\/wp\/v2\/product\/88991\/revisions"}],"predecessor-version":[{"id":88992,"href":"https:\/\/kidsplay.lt\/lv\/wp-json\/wp\/v2\/product\/88991\/revisions\/88992"}],"wp:featuredmedia":[{"embeddable":true,"href":"https:\/\/kidsplay.lt\/lv\/wp-json\/wp\/v2\/media\/82120"}],"wp:attachment":[{"href":"https:\/\/kidsplay.lt\/lv\/wp-json\/wp\/v2\/media?parent=88991"}],"wp:term":[{"taxonomy":"product_brand","embeddable":true,"href":"https:\/\/kidsplay.lt\/lv\/wp-json\/wp\/v2\/product_brand?post=88991"},{"taxonomy":"product_cat","embeddable":true,"href":"https:\/\/kidsplay.lt\/lv\/wp-json\/wp\/v2\/product_cat?post=88991"},{"taxonomy":"product_tag","embeddable":true,"href":"https:\/\/kidsplay.lt\/lv\/wp-json\/wp\/v2\/product_tag?post=88991"}],"curies":[{"name":"wp","href":"https:\/\/api.w.org\/{rel}","templated":true}]}}