{"id":88993,"date":"2026-02-26T09:04:36","date_gmt":"2026-02-26T07:04:36","guid":{"rendered":"https:\/\/kidsplay.lt\/produktas\/woopie-xl-leliu-namelio-rinkinys-su-priekaba\/"},"modified":"2026-04-07T10:21:10","modified_gmt":"2026-04-07T07:21:10","slug":"woopie-xl-leliu-namelio-rinkinys-su-priekaba","status":"publish","type":"product","link":"https:\/\/kidsplay.lt\/lv\/products\/woopie-xl-leliu-namelio-rinkinys-su-priekaba\/","title":{"rendered":"WOOPIE XL l\u0117li\u0173 namelio rinkinys su priekaba"},"content":{"rendered":"<p>Atverkite duris \u012f ne\u012ftik\u0117tin\u0173 nuotyki\u0173 pasaul\u012f su unikaliu\u00a0\u201eWoopie\u201c nameliu ant rat\u0173!\u00a0\u0160is spalvingas,\u00a0retro\u00a0stiliaus \u017eaislas puikiai tinka ma\u017eiesiems tyrin\u0117tojams, kurie m\u0117gsta\u00a0k\u016brybi\u0161kus \u017eaidimus.\u00a0Su\u00a0atidaromais elementais, tikrovi\u0161ku interjeru\u00a0ir\u00a0\u0161viesos bei garso efektais,\u00a0\u0161is namelis ant rat\u0173 pavers kiekvien\u0105 kelion\u0119 nepamir\u0161tama. Tai puiki dovanos id\u0117ja, kuri prad\u017eiugins bet kur\u012f vaik\u0105!<\/p>\n<p>Rakstur\u012bgs:<\/p>\n<p> \t&#8211; Vaikams nuo\u00a03 met\u0173\u00a0am\u017eiaus<br \/>\n \t&#8211; Atidaroma priekaba su\u00a0\u00a0lipniomis dekoracijomis<br \/>\n \t&#8211; Kemperis su\u00a0atidaromu stogu\u00a0ir vieta priedams<br \/>\n \t&#8211; Stilingas dizainas, \u012fkv\u0117ptas klasikini\u0173 turistini\u0173 transporto priemoni\u0173<br \/>\n \t&#8211; Pagaminta i\u0161 auk\u0161tos kokyb\u0117s med\u017eiag\u0173<br \/>\n \t&#8211; Garso ir \u0161viesos efektai<br \/>\n \t&#8211; Maitinimo \u0161altinis &#8211; 3 x AG13 1,5 V baterijos\u00a0(\u012eEINA \u012e KOMPLEKT\u0104)<\/p>\n<p>Komplekt\u0101 ietilpst:<\/p>\n<p> \t&#8211; Kemperis<br \/>\n \t&#8211; Banglent\u0117<br \/>\n \t&#8211; 2 priekabos dekoratyvini\u0173 lipduk\u0173 rinkiniai<br \/>\n \t&#8211; Priekaba<\/p>\n<p>Rota\u013clieta att\u012bst\u0101s:<\/p>\n<p> \t&#8211; Motoriniai \u012fg\u016bd\u017eiai<br \/>\n \t&#8211; Vaizduot\u0117<br \/>\n \t&#8211; K\u016brybi\u0161kumas<\/p>","protected":false},"excerpt":{"rendered":"<p>Atverkite duris \u012f ne\u012ftik\u0117tin\u0173 nuotyki\u0173 pasaul\u012f su unikaliu\u00a0\u201eWoopie\u201c nameliu ant rat\u0173!\u00a0\u0160is spalvingas,\u00a0retro\u00a0stiliaus \u017eaislas puikiai tinka ma\u017eiesiems tyrin\u0117tojams, kurie m\u0117gsta\u00a0k\u016brybi\u0161kus \u017eaidimus.\u00a0Su\u00a0atidaromais<\/p>","protected":false},"featured_media":82125,"template":"","meta":{"_acf_changed":false,"_glsr_average":0,"_glsr_ranking":0,"_glsr_reviews":0},"product_brand":[],"product_cat":[443,229],"product_tag":[],"class_list":{"0":"post-88993","1":"product","2":"type-product","3":"status-publish","4":"has-post-thumbnail","6":"product_cat-leles-ir-priedai","7":"product_cat-zaislai-vaikams","8":"\"style=\"background-color: #2ecc711c;\"","10":"first","11":"instock","12":"purchasable","13":"product-type-simple"},"acf":[],"yoast_head":"<!-- This site is optimized with the Yoast SEO plugin v27.3 - https:\/\/yoast.com\/product\/yoast-seo-wordpress\/ -->\n<title>WOOPIE XL l\u0117li\u0173 namelio rinkinys su priekaba<\/title>\n<meta name=\"description\" content=\"WOOPIE XL l\u0117li\u0173 namelio rinkinys su priekaba - KidsPlay. Did\u017eiausias vaik\u0173 \u017eaisl\u0173 pasirinkimas.\" \/>\n<meta name=\"robots\" content=\"index, follow, max-snippet:-1, max-image-preview:large, max-video-preview:-1\" \/>\n<link rel=\"canonical\" href=\"https:\/\/kidsplay.lt\/lv\/products\/woopie-xl-leliu-namelio-rinkinys-su-priekaba\/\" \/>\n<meta property=\"og:locale\" content=\"lv_LV\" \/>\n<meta property=\"og:type\" content=\"article\" \/>\n<meta property=\"og:title\" content=\"WOOPIE XL l\u0117li\u0173 namelio rinkinys su priekaba\" \/>\n<meta property=\"og:description\" content=\"WOOPIE XL l\u0117li\u0173 namelio rinkinys su priekaba - KidsPlay. Did\u017eiausias vaik\u0173 \u017eaisl\u0173 pasirinkimas.\" \/>\n<meta property=\"og:url\" content=\"https:\/\/kidsplay.lt\/lv\/products\/woopie-xl-leliu-namelio-rinkinys-su-priekaba\/\" \/>\n<meta property=\"og:site_name\" content=\"KidsPlay\" \/>\n<meta property=\"article:publisher\" content=\"https:\/\/www.facebook.com\/www.kidsplay.lt\" \/>\n<meta property=\"article:modified_time\" content=\"2026-04-07T07:21:10+00:00\" \/>\n<meta property=\"og:image\" content=\"https:\/\/kidsplay.lt\/wp-content\/uploads\/2025\/12\/WOOPIE-XL-leliu-namelio-rinkinys-su-priekaba.jpg\" \/>\n\t<meta property=\"og:image:width\" content=\"1000\" \/>\n\t<meta property=\"og:image:height\" content=\"1000\" \/>\n\t<meta property=\"og:image:type\" content=\"image\/jpeg\" \/>\n<meta name=\"twitter:card\" content=\"summary_large_image\" \/>\n<meta name=\"twitter:label1\" content=\"Est. reading time\" \/>\n\t<meta name=\"twitter:data1\" content=\"1 min\u016bte\" \/>\n<script type=\"application\/ld+json\" class=\"yoast-schema-graph\">{\"@context\":\"https:\\\/\\\/schema.org\",\"@graph\":[{\"@type\":\"WebPage\",\"@id\":\"https:\\\/\\\/kidsplay.lt\\\/produktas\\\/woopie-xl-leliu-namelio-rinkinys-su-priekaba\\\/\",\"url\":\"https:\\\/\\\/kidsplay.lt\\\/produktas\\\/woopie-xl-leliu-namelio-rinkinys-su-priekaba\\\/\",\"name\":\"WOOPIE XL l\u0117li\u0173 namelio rinkinys su priekaba\",\"isPartOf\":{\"@id\":\"https:\\\/\\\/kidsplay.lt\\\/#website\"},\"primaryImageOfPage\":{\"@id\":\"https:\\\/\\\/kidsplay.lt\\\/produktas\\\/woopie-xl-leliu-namelio-rinkinys-su-priekaba\\\/#primaryimage\"},\"image\":{\"@id\":\"https:\\\/\\\/kidsplay.lt\\\/produktas\\\/woopie-xl-leliu-namelio-rinkinys-su-priekaba\\\/#primaryimage\"},\"thumbnailUrl\":\"https:\\\/\\\/kidsplay.lt\\\/wp-content\\\/uploads\\\/2025\\\/12\\\/WOOPIE-XL-leliu-namelio-rinkinys-su-priekaba.jpg\",\"datePublished\":\"2026-02-26T07:04:36+00:00\",\"dateModified\":\"2026-04-07T07:21:10+00:00\",\"description\":\"WOOPIE XL l\u0117li\u0173 namelio rinkinys su priekaba - KidsPlay. Did\u017eiausias vaik\u0173 \u017eaisl\u0173 pasirinkimas.\",\"breadcrumb\":{\"@id\":\"https:\\\/\\\/kidsplay.lt\\\/produktas\\\/woopie-xl-leliu-namelio-rinkinys-su-priekaba\\\/#breadcrumb\"},\"inLanguage\":\"lv-LV\",\"potentialAction\":[{\"@type\":\"ReadAction\",\"target\":[\"https:\\\/\\\/kidsplay.lt\\\/produktas\\\/woopie-xl-leliu-namelio-rinkinys-su-priekaba\\\/\"]}]},{\"@type\":\"ImageObject\",\"inLanguage\":\"lv-LV\",\"@id\":\"https:\\\/\\\/kidsplay.lt\\\/produktas\\\/woopie-xl-leliu-namelio-rinkinys-su-priekaba\\\/#primaryimage\",\"url\":\"https:\\\/\\\/kidsplay.lt\\\/wp-content\\\/uploads\\\/2025\\\/12\\\/WOOPIE-XL-leliu-namelio-rinkinys-su-priekaba.jpg\",\"contentUrl\":\"https:\\\/\\\/kidsplay.lt\\\/wp-content\\\/uploads\\\/2025\\\/12\\\/WOOPIE-XL-leliu-namelio-rinkinys-su-priekaba.jpg\",\"width\":1000,\"height\":1000,\"caption\":\"WOOPIE XL l\u0117li\u0173 namelio rinkinys su priekaba\"},{\"@type\":\"BreadcrumbList\",\"@id\":\"https:\\\/\\\/kidsplay.lt\\\/produktas\\\/woopie-xl-leliu-namelio-rinkinys-su-priekaba\\\/#breadcrumb\",\"itemListElement\":[{\"@type\":\"ListItem\",\"position\":1,\"name\":\"Pagrindinis\",\"item\":\"https:\\\/\\\/kidsplay.lt\\\/\"},{\"@type\":\"ListItem\",\"position\":2,\"name\":\"Parduotuv\u0117\",\"item\":\"https:\\\/\\\/kidsplay.lt\\\/parduotuve\\\/\"},{\"@type\":\"ListItem\",\"position\":3,\"name\":\"WOOPIE XL l\u0117li\u0173 namelio rinkinys su priekaba\"}]},{\"@type\":\"WebSite\",\"@id\":\"https:\\\/\\\/kidsplay.lt\\\/#website\",\"url\":\"https:\\\/\\\/kidsplay.lt\\\/\",\"name\":\"Kidsplay.lt\",\"description\":\"\u012evairios prek\u0117s vaikams\",\"publisher\":{\"@id\":\"https:\\\/\\\/kidsplay.lt\\\/#organization\"},\"alternateName\":\"Kidsplay\",\"potentialAction\":[{\"@type\":\"SearchAction\",\"target\":{\"@type\":\"EntryPoint\",\"urlTemplate\":\"https:\\\/\\\/kidsplay.lt\\\/?s={search_term_string}\"},\"query-input\":{\"@type\":\"PropertyValueSpecification\",\"valueRequired\":true,\"valueName\":\"search_term_string\"}}],\"inLanguage\":\"lv-LV\"},{\"@type\":\"Organization\",\"@id\":\"https:\\\/\\\/kidsplay.lt\\\/#organization\",\"name\":\"KidsPlay\",\"url\":\"https:\\\/\\\/kidsplay.lt\\\/\",\"logo\":{\"@type\":\"ImageObject\",\"inLanguage\":\"lv-LV\",\"@id\":\"https:\\\/\\\/kidsplay.lt\\\/#\\\/schema\\\/logo\\\/image\\\/\",\"url\":\"https:\\\/\\\/kidsplay.lt\\\/wp-content\\\/uploads\\\/2023\\\/07\\\/kidsplay-logo.png\",\"contentUrl\":\"https:\\\/\\\/kidsplay.lt\\\/wp-content\\\/uploads\\\/2023\\\/07\\\/kidsplay-logo.png\",\"width\":451,\"height\":98,\"caption\":\"KidsPlay\"},\"image\":{\"@id\":\"https:\\\/\\\/kidsplay.lt\\\/#\\\/schema\\\/logo\\\/image\\\/\"},\"sameAs\":[\"https:\\\/\\\/www.facebook.com\\\/www.kidsplay.lt\"]}]}<\/script>\n<!-- \/ Yoast SEO plugin. -->","yoast_head_json":{"title":"WOOPIE XL l\u0117li\u0173 namelio rinkinys su priekaba","description":"WOOPIE XL l\u0117li\u0173 namelio rinkinys su priekaba - KidsPlay. Did\u017eiausias vaik\u0173 \u017eaisl\u0173 pasirinkimas.","robots":{"index":"index","follow":"follow","max-snippet":"max-snippet:-1","max-image-preview":"max-image-preview:large","max-video-preview":"max-video-preview:-1"},"canonical":"https:\/\/kidsplay.lt\/lv\/products\/woopie-xl-leliu-namelio-rinkinys-su-priekaba\/","og_locale":"lv_LV","og_type":"article","og_title":"WOOPIE XL l\u0117li\u0173 namelio rinkinys su priekaba","og_description":"WOOPIE XL l\u0117li\u0173 namelio rinkinys su priekaba - KidsPlay. Did\u017eiausias vaik\u0173 \u017eaisl\u0173 pasirinkimas.","og_url":"https:\/\/kidsplay.lt\/lv\/products\/woopie-xl-leliu-namelio-rinkinys-su-priekaba\/","og_site_name":"KidsPlay","article_publisher":"https:\/\/www.facebook.com\/www.kidsplay.lt","article_modified_time":"2026-04-07T07:21:10+00:00","og_image":[{"width":1000,"height":1000,"url":"https:\/\/kidsplay.lt\/wp-content\/uploads\/2025\/12\/WOOPIE-XL-leliu-namelio-rinkinys-su-priekaba.jpg","type":"image\/jpeg"}],"twitter_card":"summary_large_image","twitter_misc":{"Est. reading time":"1 min\u016bte"},"schema":{"@context":"https:\/\/schema.org","@graph":[{"@type":"WebPage","@id":"https:\/\/kidsplay.lt\/produktas\/woopie-xl-leliu-namelio-rinkinys-su-priekaba\/","url":"https:\/\/kidsplay.lt\/produktas\/woopie-xl-leliu-namelio-rinkinys-su-priekaba\/","name":"WOOPIE XL l\u0117li\u0173 namelio rinkinys su priekaba","isPartOf":{"@id":"https:\/\/kidsplay.lt\/#website"},"primaryImageOfPage":{"@id":"https:\/\/kidsplay.lt\/produktas\/woopie-xl-leliu-namelio-rinkinys-su-priekaba\/#primaryimage"},"image":{"@id":"https:\/\/kidsplay.lt\/produktas\/woopie-xl-leliu-namelio-rinkinys-su-priekaba\/#primaryimage"},"thumbnailUrl":"https:\/\/kidsplay.lt\/wp-content\/uploads\/2025\/12\/WOOPIE-XL-leliu-namelio-rinkinys-su-priekaba.jpg","datePublished":"2026-02-26T07:04:36+00:00","dateModified":"2026-04-07T07:21:10+00:00","description":"WOOPIE XL l\u0117li\u0173 namelio rinkinys su priekaba - KidsPlay. Did\u017eiausias vaik\u0173 \u017eaisl\u0173 pasirinkimas.","breadcrumb":{"@id":"https:\/\/kidsplay.lt\/produktas\/woopie-xl-leliu-namelio-rinkinys-su-priekaba\/#breadcrumb"},"inLanguage":"lv-LV","potentialAction":[{"@type":"ReadAction","target":["https:\/\/kidsplay.lt\/produktas\/woopie-xl-leliu-namelio-rinkinys-su-priekaba\/"]}]},{"@type":"ImageObject","inLanguage":"lv-LV","@id":"https:\/\/kidsplay.lt\/produktas\/woopie-xl-leliu-namelio-rinkinys-su-priekaba\/#primaryimage","url":"https:\/\/kidsplay.lt\/wp-content\/uploads\/2025\/12\/WOOPIE-XL-leliu-namelio-rinkinys-su-priekaba.jpg","contentUrl":"https:\/\/kidsplay.lt\/wp-content\/uploads\/2025\/12\/WOOPIE-XL-leliu-namelio-rinkinys-su-priekaba.jpg","width":1000,"height":1000,"caption":"WOOPIE XL l\u0117li\u0173 namelio rinkinys su priekaba"},{"@type":"BreadcrumbList","@id":"https:\/\/kidsplay.lt\/produktas\/woopie-xl-leliu-namelio-rinkinys-su-priekaba\/#breadcrumb","itemListElement":[{"@type":"ListItem","position":1,"name":"Pagrindinis","item":"https:\/\/kidsplay.lt\/"},{"@type":"ListItem","position":2,"name":"Parduotuv\u0117","item":"https:\/\/kidsplay.lt\/parduotuve\/"},{"@type":"ListItem","position":3,"name":"WOOPIE XL l\u0117li\u0173 namelio rinkinys su priekaba"}]},{"@type":"WebSite","@id":"https:\/\/kidsplay.lt\/#website","url":"https:\/\/kidsplay.lt\/","name":"B\u0113rnu sp\u0113les.lv","description":"\u012evairios prek\u0117s vaikams","publisher":{"@id":"https:\/\/kidsplay.lt\/#organization"},"alternateName":"Kidsplay","potentialAction":[{"@type":"SearchAction","target":{"@type":"EntryPoint","urlTemplate":"https:\/\/kidsplay.lt\/?s={search_term_string}"},"query-input":{"@type":"PropertyValueSpecification","valueRequired":true,"valueName":"search_term_string"}}],"inLanguage":"lv-LV"},{"@type":"Organization","@id":"https:\/\/kidsplay.lt\/#organization","name":"B\u0113rnu sp\u0113le","url":"https:\/\/kidsplay.lt\/","logo":{"@type":"ImageObject","inLanguage":"lv-LV","@id":"https:\/\/kidsplay.lt\/#\/schema\/logo\/image\/","url":"https:\/\/kidsplay.lt\/wp-content\/uploads\/2023\/07\/kidsplay-logo.png","contentUrl":"https:\/\/kidsplay.lt\/wp-content\/uploads\/2023\/07\/kidsplay-logo.png","width":451,"height":98,"caption":"KidsPlay"},"image":{"@id":"https:\/\/kidsplay.lt\/#\/schema\/logo\/image\/"},"sameAs":["https:\/\/www.facebook.com\/www.kidsplay.lt"]}]}},"_links":{"self":[{"href":"https:\/\/kidsplay.lt\/lv\/wp-json\/wp\/v2\/product\/88993","targetHints":{"allow":["GET"]}}],"collection":[{"href":"https:\/\/kidsplay.lt\/lv\/wp-json\/wp\/v2\/product"}],"about":[{"href":"https:\/\/kidsplay.lt\/lv\/wp-json\/wp\/v2\/types\/product"}],"version-history":[{"count":1,"href":"https:\/\/kidsplay.lt\/lv\/wp-json\/wp\/v2\/product\/88993\/revisions"}],"predecessor-version":[{"id":88994,"href":"https:\/\/kidsplay.lt\/lv\/wp-json\/wp\/v2\/product\/88993\/revisions\/88994"}],"wp:featuredmedia":[{"embeddable":true,"href":"https:\/\/kidsplay.lt\/lv\/wp-json\/wp\/v2\/media\/82125"}],"wp:attachment":[{"href":"https:\/\/kidsplay.lt\/lv\/wp-json\/wp\/v2\/media?parent=88993"}],"wp:term":[{"taxonomy":"product_brand","embeddable":true,"href":"https:\/\/kidsplay.lt\/lv\/wp-json\/wp\/v2\/product_brand?post=88993"},{"taxonomy":"product_cat","embeddable":true,"href":"https:\/\/kidsplay.lt\/lv\/wp-json\/wp\/v2\/product_cat?post=88993"},{"taxonomy":"product_tag","embeddable":true,"href":"https:\/\/kidsplay.lt\/lv\/wp-json\/wp\/v2\/product_tag?post=88993"}],"curies":[{"name":"wp","href":"https:\/\/api.w.org\/{rel}","templated":true}]}}