{"id":88995,"date":"2026-02-26T09:04:39","date_gmt":"2026-02-26T07:04:39","guid":{"rendered":"https:\/\/kidsplay.lt\/produktas\/woopie-policijos-sunkvezimio-2in1-transporterio-automobiliu-trasa\/"},"modified":"2026-04-07T10:21:13","modified_gmt":"2026-04-07T07:21:13","slug":"woopie-policijos-sunkvezimio-2in1-transporterio-automobiliu-trasa","status":"publish","type":"product","link":"https:\/\/kidsplay.lt\/lv\/products\/woopie-policijos-sunkvezimio-2in1-transporterio-automobiliu-trasa\/","title":{"rendered":"WOOPIE policijos sunkve\u017eimio 2in1 transporterio automobili\u0173 trasa"},"content":{"rendered":"<p>Policijos sunkve\u017eimio rinkinys yra\u00a0daugiafunkcis\u00a0\u201eWoopie\u201c\u00a0prek\u0117s \u017eenklo \u017eaislas . J\u012f galima\u00a0akimirksniu\u00a0transformuoti \u012f klasikin\u012f transporto sunkve\u017eim\u012f,\u00a0o i\u0161skleidus \u2013 \u012f didel\u0119\u00a0lenktyni\u0173 tras\u0105 su paleidimo \u012frenginiu.\u00a0Centrinis rinkinio elementas yra didelis, \u012fsp\u016bdingas sunkve\u017eimis, sukurtas pagal policijos automobil\u012f, kuris tarnauja kaip\u00a0transporto priemon\u0117\u00a0ir kaip ne\u0161iojamas\u00a0lagaminas automobiliams bei priedams.\u00a0Atidarius priekab\u0105 ir i\u0161skleidus komponentus, vartotojas patenka \u012f\u00a0gara\u017e\u0105 ir lenktyni\u0173 tras\u0105,\u00a0kur galima organizuoti \u012fdomias lenktynes \u200b\u200bir automobili\u0173 m\u016b\u0161ius.<\/p>\n<p>Rakstur\u012bgs:<\/p>\n<p> \t&#8211; Vaikams nuo\u00a03 met\u0173\u00a0am\u017eiaus<br \/>\n \t&#8211; Pagaminta i\u0161 auk\u0161tos kokyb\u0117s med\u017eiag\u0173<br \/>\n \t&#8211; Su i\u0161skirtiniu m\u0117lynu skydeliu ir lipdukais<br \/>\n \t&#8211; I\u0161skleistas virsta lenktyni\u0173 trasa<br \/>\n \t&#8211; Tvirta konstrukcija u\u017etikrina ilgaam\u017ei\u0161kum\u0105 ir saugum\u0105<\/p>\n<p>Komplekt\u0101 ietilpst:<\/p>\n<p> \t&#8211; Didelis sunkve\u017eimis su paleidimo ir gara\u017eo funkcijomis<br \/>\n \t&#8211; 4 metaliniai automobiliai<br \/>\n \t&#8211; 7 lenktyni\u0173 trasos elementai<br \/>\n \t&#8211; 7 kelio \u017eenklai<br \/>\n \t&#8211; Dekoratyviniai lipdukai<\/p>\n<p>Rota\u013clieta att\u012bst\u0101s:<\/p>\n<p> \t&#8211; Vaizduot\u0117<br \/>\n \t&#8211; K\u016brybi\u0161kumas<br \/>\n \t&#8211; Rankiniai \u012fg\u016bd\u017eiai<\/p>","protected":false},"excerpt":{"rendered":"<p>Policijos sunkve\u017eimio rinkinys yra\u00a0daugiafunkcis\u00a0\u201eWoopie\u201c\u00a0prek\u0117s \u017eenklo \u017eaislas . J\u012f galima\u00a0akimirksniu\u00a0transformuoti \u012f klasikin\u012f transporto sunkve\u017eim\u012f,\u00a0o i\u0161skleidus \u2013 \u012f didel\u0119\u00a0lenktyni\u0173 tras\u0105 su paleidimo<\/p>","protected":false},"featured_media":82130,"template":"","meta":{"_acf_changed":false,"_glsr_average":0,"_glsr_ranking":0,"_glsr_reviews":0},"product_brand":[],"product_cat":[448,229],"product_tag":[],"class_list":{"0":"post-88995","1":"product","2":"type-product","3":"status-publish","4":"has-post-thumbnail","6":"product_cat-automobiliai-ir-transportas","7":"product_cat-zaislai-vaikams","8":"\"style=\"background-color: #2ecc711c;\"","10":"first","11":"instock","12":"purchasable","13":"product-type-simple"},"acf":[],"yoast_head":"<!-- This site is optimized with the Yoast SEO plugin v27.3 - https:\/\/yoast.com\/product\/yoast-seo-wordpress\/ -->\n<title>WOOPIE policijos sunkve\u017eimio 2in1 transporterio automobili\u0173 trasa<\/title>\n<meta name=\"description\" content=\"WOOPIE policijos sunkve\u017eimio 2in1 transporterio automobili\u0173 trasa - KidsPlay. Did\u017eiausias vaik\u0173 \u017eaisl\u0173 pasirinkimas.\" \/>\n<meta name=\"robots\" content=\"index, follow, max-snippet:-1, max-image-preview:large, max-video-preview:-1\" \/>\n<link rel=\"canonical\" href=\"https:\/\/kidsplay.lt\/lv\/products\/woopie-policijos-sunkvezimio-2in1-transporterio-automobiliu-trasa\/\" \/>\n<meta property=\"og:locale\" content=\"lv_LV\" \/>\n<meta property=\"og:type\" content=\"article\" \/>\n<meta property=\"og:title\" content=\"WOOPIE policijos sunkve\u017eimio 2in1 transporterio automobili\u0173 trasa\" \/>\n<meta property=\"og:description\" content=\"WOOPIE policijos sunkve\u017eimio 2in1 transporterio automobili\u0173 trasa - KidsPlay. Did\u017eiausias vaik\u0173 \u017eaisl\u0173 pasirinkimas.\" \/>\n<meta property=\"og:url\" content=\"https:\/\/kidsplay.lt\/lv\/products\/woopie-policijos-sunkvezimio-2in1-transporterio-automobiliu-trasa\/\" \/>\n<meta property=\"og:site_name\" content=\"KidsPlay\" \/>\n<meta property=\"article:publisher\" content=\"https:\/\/www.facebook.com\/www.kidsplay.lt\" \/>\n<meta property=\"article:modified_time\" content=\"2026-04-07T07:21:13+00:00\" \/>\n<meta property=\"og:image\" content=\"https:\/\/kidsplay.lt\/wp-content\/uploads\/2025\/12\/WOOPIE-policijos-sunkvezimio-2in1-transporterio-automobiliu-trasa.jpg\" \/>\n\t<meta property=\"og:image:width\" content=\"1000\" \/>\n\t<meta property=\"og:image:height\" content=\"1000\" \/>\n\t<meta property=\"og:image:type\" content=\"image\/jpeg\" \/>\n<meta name=\"twitter:card\" content=\"summary_large_image\" \/>\n<meta name=\"twitter:label1\" content=\"Est. reading time\" \/>\n\t<meta name=\"twitter:data1\" content=\"1 min\u016bte\" \/>\n<script type=\"application\/ld+json\" class=\"yoast-schema-graph\">{\"@context\":\"https:\\\/\\\/schema.org\",\"@graph\":[{\"@type\":\"WebPage\",\"@id\":\"https:\\\/\\\/kidsplay.lt\\\/produktas\\\/woopie-policijos-sunkvezimio-2in1-transporterio-automobiliu-trasa\\\/\",\"url\":\"https:\\\/\\\/kidsplay.lt\\\/produktas\\\/woopie-policijos-sunkvezimio-2in1-transporterio-automobiliu-trasa\\\/\",\"name\":\"WOOPIE policijos sunkve\u017eimio 2in1 transporterio automobili\u0173 trasa\",\"isPartOf\":{\"@id\":\"https:\\\/\\\/kidsplay.lt\\\/#website\"},\"primaryImageOfPage\":{\"@id\":\"https:\\\/\\\/kidsplay.lt\\\/produktas\\\/woopie-policijos-sunkvezimio-2in1-transporterio-automobiliu-trasa\\\/#primaryimage\"},\"image\":{\"@id\":\"https:\\\/\\\/kidsplay.lt\\\/produktas\\\/woopie-policijos-sunkvezimio-2in1-transporterio-automobiliu-trasa\\\/#primaryimage\"},\"thumbnailUrl\":\"https:\\\/\\\/kidsplay.lt\\\/wp-content\\\/uploads\\\/2025\\\/12\\\/WOOPIE-policijos-sunkvezimio-2in1-transporterio-automobiliu-trasa.jpg\",\"datePublished\":\"2026-02-26T07:04:39+00:00\",\"dateModified\":\"2026-04-07T07:21:13+00:00\",\"description\":\"WOOPIE policijos sunkve\u017eimio 2in1 transporterio automobili\u0173 trasa - KidsPlay. Did\u017eiausias vaik\u0173 \u017eaisl\u0173 pasirinkimas.\",\"breadcrumb\":{\"@id\":\"https:\\\/\\\/kidsplay.lt\\\/produktas\\\/woopie-policijos-sunkvezimio-2in1-transporterio-automobiliu-trasa\\\/#breadcrumb\"},\"inLanguage\":\"lv-LV\",\"potentialAction\":[{\"@type\":\"ReadAction\",\"target\":[\"https:\\\/\\\/kidsplay.lt\\\/produktas\\\/woopie-policijos-sunkvezimio-2in1-transporterio-automobiliu-trasa\\\/\"]}]},{\"@type\":\"ImageObject\",\"inLanguage\":\"lv-LV\",\"@id\":\"https:\\\/\\\/kidsplay.lt\\\/produktas\\\/woopie-policijos-sunkvezimio-2in1-transporterio-automobiliu-trasa\\\/#primaryimage\",\"url\":\"https:\\\/\\\/kidsplay.lt\\\/wp-content\\\/uploads\\\/2025\\\/12\\\/WOOPIE-policijos-sunkvezimio-2in1-transporterio-automobiliu-trasa.jpg\",\"contentUrl\":\"https:\\\/\\\/kidsplay.lt\\\/wp-content\\\/uploads\\\/2025\\\/12\\\/WOOPIE-policijos-sunkvezimio-2in1-transporterio-automobiliu-trasa.jpg\",\"width\":1000,\"height\":1000,\"caption\":\"WOOPIE policijos sunkve\u017eimio 2in1 transporterio automobili\u0173 trasa\"},{\"@type\":\"BreadcrumbList\",\"@id\":\"https:\\\/\\\/kidsplay.lt\\\/produktas\\\/woopie-policijos-sunkvezimio-2in1-transporterio-automobiliu-trasa\\\/#breadcrumb\",\"itemListElement\":[{\"@type\":\"ListItem\",\"position\":1,\"name\":\"Pagrindinis\",\"item\":\"https:\\\/\\\/kidsplay.lt\\\/\"},{\"@type\":\"ListItem\",\"position\":2,\"name\":\"Parduotuv\u0117\",\"item\":\"https:\\\/\\\/kidsplay.lt\\\/parduotuve\\\/\"},{\"@type\":\"ListItem\",\"position\":3,\"name\":\"WOOPIE policijos sunkve\u017eimio 2in1 transporterio automobili\u0173 trasa\"}]},{\"@type\":\"WebSite\",\"@id\":\"https:\\\/\\\/kidsplay.lt\\\/#website\",\"url\":\"https:\\\/\\\/kidsplay.lt\\\/\",\"name\":\"Kidsplay.lt\",\"description\":\"\u012evairios prek\u0117s vaikams\",\"publisher\":{\"@id\":\"https:\\\/\\\/kidsplay.lt\\\/#organization\"},\"alternateName\":\"Kidsplay\",\"potentialAction\":[{\"@type\":\"SearchAction\",\"target\":{\"@type\":\"EntryPoint\",\"urlTemplate\":\"https:\\\/\\\/kidsplay.lt\\\/?s={search_term_string}\"},\"query-input\":{\"@type\":\"PropertyValueSpecification\",\"valueRequired\":true,\"valueName\":\"search_term_string\"}}],\"inLanguage\":\"lv-LV\"},{\"@type\":\"Organization\",\"@id\":\"https:\\\/\\\/kidsplay.lt\\\/#organization\",\"name\":\"KidsPlay\",\"url\":\"https:\\\/\\\/kidsplay.lt\\\/\",\"logo\":{\"@type\":\"ImageObject\",\"inLanguage\":\"lv-LV\",\"@id\":\"https:\\\/\\\/kidsplay.lt\\\/#\\\/schema\\\/logo\\\/image\\\/\",\"url\":\"https:\\\/\\\/kidsplay.lt\\\/wp-content\\\/uploads\\\/2023\\\/07\\\/kidsplay-logo.png\",\"contentUrl\":\"https:\\\/\\\/kidsplay.lt\\\/wp-content\\\/uploads\\\/2023\\\/07\\\/kidsplay-logo.png\",\"width\":451,\"height\":98,\"caption\":\"KidsPlay\"},\"image\":{\"@id\":\"https:\\\/\\\/kidsplay.lt\\\/#\\\/schema\\\/logo\\\/image\\\/\"},\"sameAs\":[\"https:\\\/\\\/www.facebook.com\\\/www.kidsplay.lt\"]}]}<\/script>\n<!-- \/ Yoast SEO plugin. -->","yoast_head_json":{"title":"WOOPIE policijos sunkve\u017eimio 2in1 transporterio automobili\u0173 trasa","description":"WOOPIE policijos sunkve\u017eimio 2in1 transporterio automobili\u0173 trasa - KidsPlay. Did\u017eiausias vaik\u0173 \u017eaisl\u0173 pasirinkimas.","robots":{"index":"index","follow":"follow","max-snippet":"max-snippet:-1","max-image-preview":"max-image-preview:large","max-video-preview":"max-video-preview:-1"},"canonical":"https:\/\/kidsplay.lt\/lv\/products\/woopie-policijos-sunkvezimio-2in1-transporterio-automobiliu-trasa\/","og_locale":"lv_LV","og_type":"article","og_title":"WOOPIE policijos sunkve\u017eimio 2in1 transporterio automobili\u0173 trasa","og_description":"WOOPIE policijos sunkve\u017eimio 2in1 transporterio automobili\u0173 trasa - KidsPlay. Did\u017eiausias vaik\u0173 \u017eaisl\u0173 pasirinkimas.","og_url":"https:\/\/kidsplay.lt\/lv\/products\/woopie-policijos-sunkvezimio-2in1-transporterio-automobiliu-trasa\/","og_site_name":"KidsPlay","article_publisher":"https:\/\/www.facebook.com\/www.kidsplay.lt","article_modified_time":"2026-04-07T07:21:13+00:00","og_image":[{"width":1000,"height":1000,"url":"https:\/\/kidsplay.lt\/wp-content\/uploads\/2025\/12\/WOOPIE-policijos-sunkvezimio-2in1-transporterio-automobiliu-trasa.jpg","type":"image\/jpeg"}],"twitter_card":"summary_large_image","twitter_misc":{"Est. reading time":"1 min\u016bte"},"schema":{"@context":"https:\/\/schema.org","@graph":[{"@type":"WebPage","@id":"https:\/\/kidsplay.lt\/produktas\/woopie-policijos-sunkvezimio-2in1-transporterio-automobiliu-trasa\/","url":"https:\/\/kidsplay.lt\/produktas\/woopie-policijos-sunkvezimio-2in1-transporterio-automobiliu-trasa\/","name":"WOOPIE policijos sunkve\u017eimio 2in1 transporterio automobili\u0173 trasa","isPartOf":{"@id":"https:\/\/kidsplay.lt\/#website"},"primaryImageOfPage":{"@id":"https:\/\/kidsplay.lt\/produktas\/woopie-policijos-sunkvezimio-2in1-transporterio-automobiliu-trasa\/#primaryimage"},"image":{"@id":"https:\/\/kidsplay.lt\/produktas\/woopie-policijos-sunkvezimio-2in1-transporterio-automobiliu-trasa\/#primaryimage"},"thumbnailUrl":"https:\/\/kidsplay.lt\/wp-content\/uploads\/2025\/12\/WOOPIE-policijos-sunkvezimio-2in1-transporterio-automobiliu-trasa.jpg","datePublished":"2026-02-26T07:04:39+00:00","dateModified":"2026-04-07T07:21:13+00:00","description":"WOOPIE policijos sunkve\u017eimio 2in1 transporterio automobili\u0173 trasa - KidsPlay. Did\u017eiausias vaik\u0173 \u017eaisl\u0173 pasirinkimas.","breadcrumb":{"@id":"https:\/\/kidsplay.lt\/produktas\/woopie-policijos-sunkvezimio-2in1-transporterio-automobiliu-trasa\/#breadcrumb"},"inLanguage":"lv-LV","potentialAction":[{"@type":"ReadAction","target":["https:\/\/kidsplay.lt\/produktas\/woopie-policijos-sunkvezimio-2in1-transporterio-automobiliu-trasa\/"]}]},{"@type":"ImageObject","inLanguage":"lv-LV","@id":"https:\/\/kidsplay.lt\/produktas\/woopie-policijos-sunkvezimio-2in1-transporterio-automobiliu-trasa\/#primaryimage","url":"https:\/\/kidsplay.lt\/wp-content\/uploads\/2025\/12\/WOOPIE-policijos-sunkvezimio-2in1-transporterio-automobiliu-trasa.jpg","contentUrl":"https:\/\/kidsplay.lt\/wp-content\/uploads\/2025\/12\/WOOPIE-policijos-sunkvezimio-2in1-transporterio-automobiliu-trasa.jpg","width":1000,"height":1000,"caption":"WOOPIE policijos sunkve\u017eimio 2in1 transporterio automobili\u0173 trasa"},{"@type":"BreadcrumbList","@id":"https:\/\/kidsplay.lt\/produktas\/woopie-policijos-sunkvezimio-2in1-transporterio-automobiliu-trasa\/#breadcrumb","itemListElement":[{"@type":"ListItem","position":1,"name":"Pagrindinis","item":"https:\/\/kidsplay.lt\/"},{"@type":"ListItem","position":2,"name":"Parduotuv\u0117","item":"https:\/\/kidsplay.lt\/parduotuve\/"},{"@type":"ListItem","position":3,"name":"WOOPIE policijos sunkve\u017eimio 2in1 transporterio automobili\u0173 trasa"}]},{"@type":"WebSite","@id":"https:\/\/kidsplay.lt\/#website","url":"https:\/\/kidsplay.lt\/","name":"B\u0113rnu sp\u0113les.lv","description":"\u012evairios prek\u0117s vaikams","publisher":{"@id":"https:\/\/kidsplay.lt\/#organization"},"alternateName":"Kidsplay","potentialAction":[{"@type":"SearchAction","target":{"@type":"EntryPoint","urlTemplate":"https:\/\/kidsplay.lt\/?s={search_term_string}"},"query-input":{"@type":"PropertyValueSpecification","valueRequired":true,"valueName":"search_term_string"}}],"inLanguage":"lv-LV"},{"@type":"Organization","@id":"https:\/\/kidsplay.lt\/#organization","name":"B\u0113rnu sp\u0113le","url":"https:\/\/kidsplay.lt\/","logo":{"@type":"ImageObject","inLanguage":"lv-LV","@id":"https:\/\/kidsplay.lt\/#\/schema\/logo\/image\/","url":"https:\/\/kidsplay.lt\/wp-content\/uploads\/2023\/07\/kidsplay-logo.png","contentUrl":"https:\/\/kidsplay.lt\/wp-content\/uploads\/2023\/07\/kidsplay-logo.png","width":451,"height":98,"caption":"KidsPlay"},"image":{"@id":"https:\/\/kidsplay.lt\/#\/schema\/logo\/image\/"},"sameAs":["https:\/\/www.facebook.com\/www.kidsplay.lt"]}]}},"_links":{"self":[{"href":"https:\/\/kidsplay.lt\/lv\/wp-json\/wp\/v2\/product\/88995","targetHints":{"allow":["GET"]}}],"collection":[{"href":"https:\/\/kidsplay.lt\/lv\/wp-json\/wp\/v2\/product"}],"about":[{"href":"https:\/\/kidsplay.lt\/lv\/wp-json\/wp\/v2\/types\/product"}],"version-history":[{"count":1,"href":"https:\/\/kidsplay.lt\/lv\/wp-json\/wp\/v2\/product\/88995\/revisions"}],"predecessor-version":[{"id":88996,"href":"https:\/\/kidsplay.lt\/lv\/wp-json\/wp\/v2\/product\/88995\/revisions\/88996"}],"wp:featuredmedia":[{"embeddable":true,"href":"https:\/\/kidsplay.lt\/lv\/wp-json\/wp\/v2\/media\/82130"}],"wp:attachment":[{"href":"https:\/\/kidsplay.lt\/lv\/wp-json\/wp\/v2\/media?parent=88995"}],"wp:term":[{"taxonomy":"product_brand","embeddable":true,"href":"https:\/\/kidsplay.lt\/lv\/wp-json\/wp\/v2\/product_brand?post=88995"},{"taxonomy":"product_cat","embeddable":true,"href":"https:\/\/kidsplay.lt\/lv\/wp-json\/wp\/v2\/product_cat?post=88995"},{"taxonomy":"product_tag","embeddable":true,"href":"https:\/\/kidsplay.lt\/lv\/wp-json\/wp\/v2\/product_tag?post=88995"}],"curies":[{"name":"wp","href":"https:\/\/api.w.org\/{rel}","templated":true}]}}