{"id":88997,"date":"2026-02-26T09:04:41","date_gmt":"2026-02-26T07:04:41","guid":{"rendered":"https:\/\/kidsplay.lt\/produktas\/woopie-interaktyvus-policijos-patrulinis-kateris-mastelis-116-3-automobiliai\/"},"modified":"2026-04-13T14:42:22","modified_gmt":"2026-04-13T11:42:22","slug":"woopie-interaktyvus-policijos-patrulinis-kateris-mastelis-116-3-automobiliai","status":"publish","type":"product","link":"https:\/\/kidsplay.lt\/lv\/products\/woopie-interaktyvus-policijos-patrulinis-kateris-mastelis-116-3-automobiliai\/","title":{"rendered":"WOOPIE interaktyvus policijos patrulinis kateris &#8211; mastelis 1:16 + 3 automobiliai"},"content":{"rendered":"<p>Perkelkite save \u012f vandens gelb\u0117jimo operacij\u0173 pasaul\u012f su\u00a0\u201eWoopie\u201c policijos patruli\u0173 kateriu!\u00a0\u0160iame unikaliame rinkinyje yra ne tik didelis, \u012fsp\u016bdingas kateris su judan\u010diomis dalimis, bet ir trys lieti metaliniai policijos automobiliai, kad b\u016bt\u0173 galima \u017eaisti \u012fdomiai.\u00a0Realisti\u0161ki \u0161viesos ir garso efektai\u00a0kiekvien\u0105 misij\u0105 paver\u010dia dar \u012fdomesne. Tai puiki dovana bet kuriam jaunam teis\u0117saugos ir dinami\u0161ko \u017eaidimo gerb\u0117jui!<\/p>\n<p>\u017dAISLAI YRA VAIRUOJANTI,\u00a0O NE PLAUKIOJANTI TRANSPORTO PRIEMON\u0116<\/p>\n<p>Rakstur\u012bgs:<\/p>\n<p> \t&#8211; Vaikams nuo\u00a03 met\u0173\u00a0am\u017eiaus<br \/>\n \t&#8211; Realisti\u0161ki \u0161viesos ir garso efektai<br \/>\n \t&#8211; Kilnojamieji elementai \u2013 atidaromi deniai, rampos ir \u0161onin\u0117s durys<br \/>\n \t&#8211; Nuimami elementai<br \/>\n \t&#8211; Frikcin\u0117 pavara \u2013 valtis juda stumiama<br \/>\n \t\u2013 Izgatavots no augstas kvalit\u0101tes materi\u0101liem<\/p>\n<p>Komplekt\u0101 ietilpst:<\/p>\n<p> \t&#8211; Policijos patrulinis laivas<br \/>\n \t&#8211; 3 metaliniai automobiliai<\/p>\n<p>Rota\u013clieta att\u012bst\u0101s:<\/p>\n<p> \t&#8211; Motoriniai \u012fg\u016bd\u017eiai<br \/>\n \t&#8211; Vaizduot\u0117<br \/>\n \t&#8211; K\u016brybi\u0161kumas<\/p>","protected":false},"excerpt":{"rendered":"<p>Perkelkite save \u012f vandens gelb\u0117jimo operacij\u0173 pasaul\u012f su\u00a0\u201eWoopie\u201c policijos patruli\u0173 kateriu!\u00a0\u0160iame unikaliame rinkinyje yra ne tik didelis, \u012fsp\u016bdingas kateris su<\/p>","protected":false},"featured_media":82135,"template":"","meta":{"_acf_changed":false,"_glsr_average":0,"_glsr_ranking":0,"_glsr_reviews":0},"product_brand":[],"product_cat":[448,229],"product_tag":[],"class_list":{"0":"post-88997","1":"product","2":"type-product","3":"status-publish","4":"has-post-thumbnail","6":"product_cat-automobiliai-ir-transportas","7":"product_cat-zaislai-vaikams","8":"\"style=\"background-color: #2ecc711c;\"","10":"first","11":"instock","12":"purchasable","13":"product-type-simple"},"acf":[],"yoast_head":"<!-- This site is optimized with the Yoast SEO plugin v27.3 - https:\/\/yoast.com\/product\/yoast-seo-wordpress\/ -->\n<title>WOOPIE interaktyvus policijos patrulinis kateris &#8211; mastelis 1:16 + 3 automobiliai<\/title>\n<meta name=\"description\" content=\"WOOPIE interaktyvus policijos patrulinis kateris &#8211; mastelis 1:16 + 3 automobiliai - KidsPlay. Did\u017eiausias vaik\u0173 \u017eaisl\u0173 pasirinkimas.\" \/>\n<meta name=\"robots\" content=\"index, follow, max-snippet:-1, max-image-preview:large, max-video-preview:-1\" \/>\n<link rel=\"canonical\" href=\"https:\/\/kidsplay.lt\/lv\/products\/woopie-interaktyvus-policijos-patrulinis-kateris-mastelis-116-3-automobiliai\/\" \/>\n<meta property=\"og:locale\" content=\"lv_LV\" \/>\n<meta property=\"og:type\" content=\"article\" \/>\n<meta property=\"og:title\" content=\"WOOPIE interaktyvus policijos patrulinis kateris &#8211; mastelis 1:16 + 3 automobiliai\" \/>\n<meta property=\"og:description\" content=\"WOOPIE interaktyvus policijos patrulinis kateris &#8211; mastelis 1:16 + 3 automobiliai - KidsPlay. Did\u017eiausias vaik\u0173 \u017eaisl\u0173 pasirinkimas.\" \/>\n<meta property=\"og:url\" content=\"https:\/\/kidsplay.lt\/lv\/products\/woopie-interaktyvus-policijos-patrulinis-kateris-mastelis-116-3-automobiliai\/\" \/>\n<meta property=\"og:site_name\" content=\"KidsPlay\" \/>\n<meta property=\"article:publisher\" content=\"https:\/\/www.facebook.com\/www.kidsplay.lt\" \/>\n<meta property=\"article:modified_time\" content=\"2026-04-13T11:42:22+00:00\" \/>\n<meta property=\"og:image\" content=\"https:\/\/kidsplay.lt\/wp-content\/uploads\/2025\/12\/WOOPIE-interaktyvus-policijos-patrulinis-kateris-8211-mastelis-116-3-automobiliai.jpg\" \/>\n\t<meta property=\"og:image:width\" content=\"1000\" \/>\n\t<meta property=\"og:image:height\" content=\"1000\" \/>\n\t<meta property=\"og:image:type\" content=\"image\/jpeg\" \/>\n<meta name=\"twitter:card\" content=\"summary_large_image\" \/>\n<meta name=\"twitter:label1\" content=\"Est. reading time\" \/>\n\t<meta name=\"twitter:data1\" content=\"1 min\u016bte\" \/>\n<script type=\"application\/ld+json\" class=\"yoast-schema-graph\">{\"@context\":\"https:\\\/\\\/schema.org\",\"@graph\":[{\"@type\":\"WebPage\",\"@id\":\"https:\\\/\\\/kidsplay.lt\\\/produktas\\\/woopie-interaktyvus-policijos-patrulinis-kateris-mastelis-116-3-automobiliai\\\/\",\"url\":\"https:\\\/\\\/kidsplay.lt\\\/produktas\\\/woopie-interaktyvus-policijos-patrulinis-kateris-mastelis-116-3-automobiliai\\\/\",\"name\":\"WOOPIE interaktyvus policijos patrulinis kateris &#8211; mastelis 1:16 + 3 automobiliai\",\"isPartOf\":{\"@id\":\"https:\\\/\\\/kidsplay.lt\\\/#website\"},\"primaryImageOfPage\":{\"@id\":\"https:\\\/\\\/kidsplay.lt\\\/produktas\\\/woopie-interaktyvus-policijos-patrulinis-kateris-mastelis-116-3-automobiliai\\\/#primaryimage\"},\"image\":{\"@id\":\"https:\\\/\\\/kidsplay.lt\\\/produktas\\\/woopie-interaktyvus-policijos-patrulinis-kateris-mastelis-116-3-automobiliai\\\/#primaryimage\"},\"thumbnailUrl\":\"https:\\\/\\\/kidsplay.lt\\\/wp-content\\\/uploads\\\/2025\\\/12\\\/WOOPIE-interaktyvus-policijos-patrulinis-kateris-8211-mastelis-116-3-automobiliai.jpg\",\"datePublished\":\"2026-02-26T07:04:41+00:00\",\"dateModified\":\"2026-04-13T11:42:22+00:00\",\"description\":\"WOOPIE interaktyvus policijos patrulinis kateris &#8211; mastelis 1:16 + 3 automobiliai - KidsPlay. Did\u017eiausias vaik\u0173 \u017eaisl\u0173 pasirinkimas.\",\"breadcrumb\":{\"@id\":\"https:\\\/\\\/kidsplay.lt\\\/produktas\\\/woopie-interaktyvus-policijos-patrulinis-kateris-mastelis-116-3-automobiliai\\\/#breadcrumb\"},\"inLanguage\":\"lv-LV\",\"potentialAction\":[{\"@type\":\"ReadAction\",\"target\":[\"https:\\\/\\\/kidsplay.lt\\\/produktas\\\/woopie-interaktyvus-policijos-patrulinis-kateris-mastelis-116-3-automobiliai\\\/\"]}]},{\"@type\":\"ImageObject\",\"inLanguage\":\"lv-LV\",\"@id\":\"https:\\\/\\\/kidsplay.lt\\\/produktas\\\/woopie-interaktyvus-policijos-patrulinis-kateris-mastelis-116-3-automobiliai\\\/#primaryimage\",\"url\":\"https:\\\/\\\/kidsplay.lt\\\/wp-content\\\/uploads\\\/2025\\\/12\\\/WOOPIE-interaktyvus-policijos-patrulinis-kateris-8211-mastelis-116-3-automobiliai.jpg\",\"contentUrl\":\"https:\\\/\\\/kidsplay.lt\\\/wp-content\\\/uploads\\\/2025\\\/12\\\/WOOPIE-interaktyvus-policijos-patrulinis-kateris-8211-mastelis-116-3-automobiliai.jpg\",\"width\":1000,\"height\":1000,\"caption\":\"WOOPIE interaktyvus policijos patrulinis kateris &#8211; mastelis 1:16 + 3 automobiliai\"},{\"@type\":\"BreadcrumbList\",\"@id\":\"https:\\\/\\\/kidsplay.lt\\\/produktas\\\/woopie-interaktyvus-policijos-patrulinis-kateris-mastelis-116-3-automobiliai\\\/#breadcrumb\",\"itemListElement\":[{\"@type\":\"ListItem\",\"position\":1,\"name\":\"Pagrindinis\",\"item\":\"https:\\\/\\\/kidsplay.lt\\\/\"},{\"@type\":\"ListItem\",\"position\":2,\"name\":\"Parduotuv\u0117\",\"item\":\"https:\\\/\\\/kidsplay.lt\\\/parduotuve\\\/\"},{\"@type\":\"ListItem\",\"position\":3,\"name\":\"WOOPIE interaktyvus policijos patrulinis kateris &#8211; mastelis 1:16 + 3 automobiliai\"}]},{\"@type\":\"WebSite\",\"@id\":\"https:\\\/\\\/kidsplay.lt\\\/#website\",\"url\":\"https:\\\/\\\/kidsplay.lt\\\/\",\"name\":\"Kidsplay.lt\",\"description\":\"\u012evairios prek\u0117s vaikams\",\"publisher\":{\"@id\":\"https:\\\/\\\/kidsplay.lt\\\/#organization\"},\"alternateName\":\"Kidsplay\",\"potentialAction\":[{\"@type\":\"SearchAction\",\"target\":{\"@type\":\"EntryPoint\",\"urlTemplate\":\"https:\\\/\\\/kidsplay.lt\\\/?s={search_term_string}\"},\"query-input\":{\"@type\":\"PropertyValueSpecification\",\"valueRequired\":true,\"valueName\":\"search_term_string\"}}],\"inLanguage\":\"lv-LV\"},{\"@type\":\"Organization\",\"@id\":\"https:\\\/\\\/kidsplay.lt\\\/#organization\",\"name\":\"KidsPlay\",\"url\":\"https:\\\/\\\/kidsplay.lt\\\/\",\"logo\":{\"@type\":\"ImageObject\",\"inLanguage\":\"lv-LV\",\"@id\":\"https:\\\/\\\/kidsplay.lt\\\/#\\\/schema\\\/logo\\\/image\\\/\",\"url\":\"https:\\\/\\\/kidsplay.lt\\\/wp-content\\\/uploads\\\/2023\\\/07\\\/kidsplay-logo.png\",\"contentUrl\":\"https:\\\/\\\/kidsplay.lt\\\/wp-content\\\/uploads\\\/2023\\\/07\\\/kidsplay-logo.png\",\"width\":451,\"height\":98,\"caption\":\"KidsPlay\"},\"image\":{\"@id\":\"https:\\\/\\\/kidsplay.lt\\\/#\\\/schema\\\/logo\\\/image\\\/\"},\"sameAs\":[\"https:\\\/\\\/www.facebook.com\\\/www.kidsplay.lt\"]}]}<\/script>\n<!-- \/ Yoast SEO plugin. -->","yoast_head_json":{"title":"WOOPIE interaktyvus policijos patrulinis kateris &#8211; mastelis 1:16 + 3 automobiliai","description":"WOOPIE interaktyvus policijos patrulinis kateris &#8211; mastelis 1:16 + 3 automobiliai - KidsPlay. Did\u017eiausias vaik\u0173 \u017eaisl\u0173 pasirinkimas.","robots":{"index":"index","follow":"follow","max-snippet":"max-snippet:-1","max-image-preview":"max-image-preview:large","max-video-preview":"max-video-preview:-1"},"canonical":"https:\/\/kidsplay.lt\/lv\/products\/woopie-interaktyvus-policijos-patrulinis-kateris-mastelis-116-3-automobiliai\/","og_locale":"lv_LV","og_type":"article","og_title":"WOOPIE interaktyvus policijos patrulinis kateris &#8211; mastelis 1:16 + 3 automobiliai","og_description":"WOOPIE interaktyvus policijos patrulinis kateris &#8211; mastelis 1:16 + 3 automobiliai - KidsPlay. Did\u017eiausias vaik\u0173 \u017eaisl\u0173 pasirinkimas.","og_url":"https:\/\/kidsplay.lt\/lv\/products\/woopie-interaktyvus-policijos-patrulinis-kateris-mastelis-116-3-automobiliai\/","og_site_name":"KidsPlay","article_publisher":"https:\/\/www.facebook.com\/www.kidsplay.lt","article_modified_time":"2026-04-13T11:42:22+00:00","og_image":[{"width":1000,"height":1000,"url":"https:\/\/kidsplay.lt\/wp-content\/uploads\/2025\/12\/WOOPIE-interaktyvus-policijos-patrulinis-kateris-8211-mastelis-116-3-automobiliai.jpg","type":"image\/jpeg"}],"twitter_card":"summary_large_image","twitter_misc":{"Est. reading time":"1 min\u016bte"},"schema":{"@context":"https:\/\/schema.org","@graph":[{"@type":"WebPage","@id":"https:\/\/kidsplay.lt\/produktas\/woopie-interaktyvus-policijos-patrulinis-kateris-mastelis-116-3-automobiliai\/","url":"https:\/\/kidsplay.lt\/produktas\/woopie-interaktyvus-policijos-patrulinis-kateris-mastelis-116-3-automobiliai\/","name":"WOOPIE interaktyvus policijos patrulinis kateris &#8211; mastelis 1:16 + 3 automobiliai","isPartOf":{"@id":"https:\/\/kidsplay.lt\/#website"},"primaryImageOfPage":{"@id":"https:\/\/kidsplay.lt\/produktas\/woopie-interaktyvus-policijos-patrulinis-kateris-mastelis-116-3-automobiliai\/#primaryimage"},"image":{"@id":"https:\/\/kidsplay.lt\/produktas\/woopie-interaktyvus-policijos-patrulinis-kateris-mastelis-116-3-automobiliai\/#primaryimage"},"thumbnailUrl":"https:\/\/kidsplay.lt\/wp-content\/uploads\/2025\/12\/WOOPIE-interaktyvus-policijos-patrulinis-kateris-8211-mastelis-116-3-automobiliai.jpg","datePublished":"2026-02-26T07:04:41+00:00","dateModified":"2026-04-13T11:42:22+00:00","description":"WOOPIE interaktyvus policijos patrulinis kateris &#8211; mastelis 1:16 + 3 automobiliai - KidsPlay. Did\u017eiausias vaik\u0173 \u017eaisl\u0173 pasirinkimas.","breadcrumb":{"@id":"https:\/\/kidsplay.lt\/produktas\/woopie-interaktyvus-policijos-patrulinis-kateris-mastelis-116-3-automobiliai\/#breadcrumb"},"inLanguage":"lv-LV","potentialAction":[{"@type":"ReadAction","target":["https:\/\/kidsplay.lt\/produktas\/woopie-interaktyvus-policijos-patrulinis-kateris-mastelis-116-3-automobiliai\/"]}]},{"@type":"ImageObject","inLanguage":"lv-LV","@id":"https:\/\/kidsplay.lt\/produktas\/woopie-interaktyvus-policijos-patrulinis-kateris-mastelis-116-3-automobiliai\/#primaryimage","url":"https:\/\/kidsplay.lt\/wp-content\/uploads\/2025\/12\/WOOPIE-interaktyvus-policijos-patrulinis-kateris-8211-mastelis-116-3-automobiliai.jpg","contentUrl":"https:\/\/kidsplay.lt\/wp-content\/uploads\/2025\/12\/WOOPIE-interaktyvus-policijos-patrulinis-kateris-8211-mastelis-116-3-automobiliai.jpg","width":1000,"height":1000,"caption":"WOOPIE interaktyvus policijos patrulinis kateris &#8211; mastelis 1:16 + 3 automobiliai"},{"@type":"BreadcrumbList","@id":"https:\/\/kidsplay.lt\/produktas\/woopie-interaktyvus-policijos-patrulinis-kateris-mastelis-116-3-automobiliai\/#breadcrumb","itemListElement":[{"@type":"ListItem","position":1,"name":"Pagrindinis","item":"https:\/\/kidsplay.lt\/"},{"@type":"ListItem","position":2,"name":"Parduotuv\u0117","item":"https:\/\/kidsplay.lt\/parduotuve\/"},{"@type":"ListItem","position":3,"name":"WOOPIE interaktyvus policijos patrulinis kateris &#8211; mastelis 1:16 + 3 automobiliai"}]},{"@type":"WebSite","@id":"https:\/\/kidsplay.lt\/#website","url":"https:\/\/kidsplay.lt\/","name":"B\u0113rnu sp\u0113les.lv","description":"\u012evairios prek\u0117s vaikams","publisher":{"@id":"https:\/\/kidsplay.lt\/#organization"},"alternateName":"Kidsplay","potentialAction":[{"@type":"SearchAction","target":{"@type":"EntryPoint","urlTemplate":"https:\/\/kidsplay.lt\/?s={search_term_string}"},"query-input":{"@type":"PropertyValueSpecification","valueRequired":true,"valueName":"search_term_string"}}],"inLanguage":"lv-LV"},{"@type":"Organization","@id":"https:\/\/kidsplay.lt\/#organization","name":"B\u0113rnu sp\u0113le","url":"https:\/\/kidsplay.lt\/","logo":{"@type":"ImageObject","inLanguage":"lv-LV","@id":"https:\/\/kidsplay.lt\/#\/schema\/logo\/image\/","url":"https:\/\/kidsplay.lt\/wp-content\/uploads\/2023\/07\/kidsplay-logo.png","contentUrl":"https:\/\/kidsplay.lt\/wp-content\/uploads\/2023\/07\/kidsplay-logo.png","width":451,"height":98,"caption":"KidsPlay"},"image":{"@id":"https:\/\/kidsplay.lt\/#\/schema\/logo\/image\/"},"sameAs":["https:\/\/www.facebook.com\/www.kidsplay.lt"]}]}},"_links":{"self":[{"href":"https:\/\/kidsplay.lt\/lv\/wp-json\/wp\/v2\/product\/88997","targetHints":{"allow":["GET"]}}],"collection":[{"href":"https:\/\/kidsplay.lt\/lv\/wp-json\/wp\/v2\/product"}],"about":[{"href":"https:\/\/kidsplay.lt\/lv\/wp-json\/wp\/v2\/types\/product"}],"version-history":[{"count":1,"href":"https:\/\/kidsplay.lt\/lv\/wp-json\/wp\/v2\/product\/88997\/revisions"}],"predecessor-version":[{"id":88998,"href":"https:\/\/kidsplay.lt\/lv\/wp-json\/wp\/v2\/product\/88997\/revisions\/88998"}],"wp:featuredmedia":[{"embeddable":true,"href":"https:\/\/kidsplay.lt\/lv\/wp-json\/wp\/v2\/media\/82135"}],"wp:attachment":[{"href":"https:\/\/kidsplay.lt\/lv\/wp-json\/wp\/v2\/media?parent=88997"}],"wp:term":[{"taxonomy":"product_brand","embeddable":true,"href":"https:\/\/kidsplay.lt\/lv\/wp-json\/wp\/v2\/product_brand?post=88997"},{"taxonomy":"product_cat","embeddable":true,"href":"https:\/\/kidsplay.lt\/lv\/wp-json\/wp\/v2\/product_cat?post=88997"},{"taxonomy":"product_tag","embeddable":true,"href":"https:\/\/kidsplay.lt\/lv\/wp-json\/wp\/v2\/product_tag?post=88997"}],"curies":[{"name":"wp","href":"https:\/\/api.w.org\/{rel}","templated":true}]}}