{"id":88999,"date":"2026-02-26T09:04:43","date_gmt":"2026-02-26T07:04:43","guid":{"rendered":"https:\/\/kidsplay.lt\/produktas\/woopie-xxl-automobiliu-begiu-elektrine-statybviete-174-vnt\/"},"modified":"2026-04-13T14:42:26","modified_gmt":"2026-04-13T11:42:26","slug":"woopie-xxl-automobiliu-begiu-elektrine-statybviete-174-vnt","status":"publish","type":"product","link":"https:\/\/kidsplay.lt\/lv\/products\/woopie-xxl-automobiliu-begiu-elektrine-statybviete-174-vnt\/","title":{"rendered":"WOOPIE XXL auto trases elektrisk\u0101 b\u016bvlaukuma 174 gab."},"content":{"rendered":"<p>Nukelkite save \u012f mil\u017eini\u0161k\u0173 ma\u0161in\u0173 ir \u017eavi\u0173 statybvie\u010di\u0173 pasaul\u012f su\u00a0\u201eWoopie\u201c\u00a0statyb\u0173 trasa . \u0160is masyvus,\u00a0174 dali\u0173 rinkinys\u00a0nukels j\u016bs\u0173 vaik\u0105 tiesiai \u012f statybviet\u0119, piln\u0105\u00a0\u012fdomi\u0173 nuotyki\u0173.\u00a0Rinkinys leid\u017eia savaranki\u0161kai konstruoti sud\u0117tingus mar\u0161rutus su tiltais, vartais ir pos\u016bkiais, taip pat naudoti\u00a0tikrovi\u0161kas statybines transporto priemones.\u00a0D\u0117l spalving\u0173 element\u0173 ir tvirtos konstrukcijos \u0161is \u017eaislas traukia ak\u012f ir skatina valand\u0173 valandas k\u016brybi\u0161ko \u017eaidimo. Tai puikus pasirinkimas bet kuriam ma\u017eajam in\u017einieriui, kuris m\u0117gsta konstruoti, planuoti ir tyrin\u0117ti naujas galimybes!<\/p>\n<p>Rakstur\u012bgs:<\/p>\n<p> \t\u2013 B\u0113rniem no 3 gadu vecuma<br \/>\n \t&#8211; Lankst\u016bs trasos segmentai \u2013 leid\u017eia laisvai formuoti mar\u0161rut\u0105, kurti pos\u016bkius, pakilimus ir nusileidimus.<br \/>\n \t&#8211; Turtingas rinkinys, kuriame yra\u00a0174\u00a0elementai<br \/>\n \t&#8211; Ma\u017eos statybin\u0117s transporto priemon\u0117s \u2013 savivartis, betono mai\u0161ykl\u0117 ir ekskavatorius<br \/>\n \t&#8211; Lokomotyvas su pavara \u2013 leid\u017eia gabenti krovin\u012f b\u0117giais<br \/>\n \t&#8211; Priedai, kurie praturtina \u017eaidimo aplink\u0105<br \/>\n \t\u2013 Izgatavots no augstas kvalit\u0101tes materi\u0101liem<br \/>\n \t&#8211; Maitinimo \u0161altinis &#8211; 2 x AAA 1,5 V baterijos\u00a0(PRIDEDAMA)<\/p>\n<p>Komplekt\u0101 ietilpst:<\/p>\n<p> \t&#8211; Lokomotyvas<br \/>\n \t&#8211; Vagonas<br \/>\n \t&#8211; Betono mai\u0161ykl\u0117<br \/>\n \t&#8211; Savivartis<br \/>\n \t&#8211; Ekskavatorius<br \/>\n \t&#8211; 150 b\u0117gi\u0173 detali\u0173<br \/>\n \t&#8211; 14 tilto element\u0173<br \/>\n \t&#8211; 2 palm\u0117s<br \/>\n \t\u2013 Uzl\u012bmju komplekts<br \/>\n \t&#8211; Vartai<br \/>\n \t&#8211; Plastikini\u0173 dekoracij\u0173 rinkinys (4 kelio \u017eenklai, 2 v\u0117liav\u0117l\u0117s, medis, \u0161viesoforas, degalin\u0117)<\/p>\n<p>Rota\u013clieta att\u012bst\u0101s:<\/p>\n<p> \t&#8211; K\u016brybi\u0161kumas<br \/>\n \t&#8211; Vaizduot\u0117<br \/>\n \t\u2013 Motorisk\u0101s prasmes<\/p>","protected":false},"excerpt":{"rendered":"<p>Nukelkite save \u012f mil\u017eini\u0161k\u0173 ma\u0161in\u0173 ir \u017eavi\u0173 statybvie\u010di\u0173 pasaul\u012f su\u00a0\u201eWoopie\u201c\u00a0statyb\u0173 trasa . \u0160is masyvus,\u00a0174 dali\u0173 rinkinys\u00a0nukels j\u016bs\u0173 vaik\u0105 tiesiai \u012f<\/p>","protected":false},"featured_media":63201,"template":"","meta":{"_acf_changed":false,"_glsr_average":0,"_glsr_ranking":0,"_glsr_reviews":0},"product_brand":[],"product_cat":[448,229],"product_tag":[],"class_list":{"0":"post-88999","1":"product","2":"type-product","3":"status-publish","4":"has-post-thumbnail","6":"product_cat-automobiliai-ir-transportas","7":"product_cat-zaislai-vaikams","8":"\"style=\"background-color: #2ecc711c;\"","10":"first","11":"instock","12":"purchasable","13":"product-type-simple"},"acf":[],"yoast_head":"<!-- This site is optimized with the Yoast SEO plugin v27.4 - https:\/\/yoast.com\/product\/yoast-seo-wordpress\/ -->\n<title>WOOPIE XXL automobili\u0173 b\u0117gi\u0173 elektrin\u0117 statybviet\u0117 174 vnt.<\/title>\n<meta name=\"description\" content=\"WOOPIE XXL automobili\u0173 b\u0117gi\u0173 elektrin\u0117 statybviet\u0117 174 vnt. - KidsPlay. Did\u017eiausias vaik\u0173 \u017eaisl\u0173 pasirinkimas.\" \/>\n<meta name=\"robots\" content=\"index, follow, max-snippet:-1, max-image-preview:large, max-video-preview:-1\" \/>\n<link rel=\"canonical\" href=\"https:\/\/kidsplay.lt\/lv\/products\/woopie-xxl-automobiliu-begiu-elektrine-statybviete-174-vnt\/\" \/>\n<meta property=\"og:locale\" content=\"lv_LV\" \/>\n<meta property=\"og:type\" content=\"article\" \/>\n<meta property=\"og:title\" content=\"WOOPIE XXL automobili\u0173 b\u0117gi\u0173 elektrin\u0117 statybviet\u0117 174 vnt.\" \/>\n<meta property=\"og:description\" content=\"WOOPIE XXL automobili\u0173 b\u0117gi\u0173 elektrin\u0117 statybviet\u0117 174 vnt. - KidsPlay. Did\u017eiausias vaik\u0173 \u017eaisl\u0173 pasirinkimas.\" \/>\n<meta property=\"og:url\" content=\"https:\/\/kidsplay.lt\/lv\/products\/woopie-xxl-automobiliu-begiu-elektrine-statybviete-174-vnt\/\" \/>\n<meta property=\"og:site_name\" content=\"KidsPlay\" \/>\n<meta property=\"article:publisher\" content=\"https:\/\/www.facebook.com\/www.kidsplay.lt\" \/>\n<meta property=\"article:modified_time\" content=\"2026-04-13T11:42:26+00:00\" \/>\n<meta property=\"og:image\" content=\"https:\/\/kidsplay.lt\/wp-content\/uploads\/2025\/09\/WOOPIE-XXL-automobiliu-begiu-elektrine-statybviete-174-vnt.jpg\" \/>\n\t<meta property=\"og:image:width\" content=\"1000\" \/>\n\t<meta property=\"og:image:height\" content=\"1000\" \/>\n\t<meta property=\"og:image:type\" content=\"image\/jpeg\" \/>\n<meta name=\"twitter:card\" content=\"summary_large_image\" \/>\n<meta name=\"twitter:label1\" content=\"Est. reading time\" \/>\n\t<meta name=\"twitter:data1\" content=\"1 min\u016bte\" \/>\n<script type=\"application\/ld+json\" class=\"yoast-schema-graph\">{\"@context\":\"https:\\\/\\\/schema.org\",\"@graph\":[{\"@type\":\"WebPage\",\"@id\":\"https:\\\/\\\/kidsplay.lt\\\/produktas\\\/woopie-xxl-automobiliu-begiu-elektrine-statybviete-174-vnt\\\/\",\"url\":\"https:\\\/\\\/kidsplay.lt\\\/produktas\\\/woopie-xxl-automobiliu-begiu-elektrine-statybviete-174-vnt\\\/\",\"name\":\"WOOPIE XXL automobili\u0173 b\u0117gi\u0173 elektrin\u0117 statybviet\u0117 174 vnt.\",\"isPartOf\":{\"@id\":\"https:\\\/\\\/kidsplay.lt\\\/#website\"},\"primaryImageOfPage\":{\"@id\":\"https:\\\/\\\/kidsplay.lt\\\/produktas\\\/woopie-xxl-automobiliu-begiu-elektrine-statybviete-174-vnt\\\/#primaryimage\"},\"image\":{\"@id\":\"https:\\\/\\\/kidsplay.lt\\\/produktas\\\/woopie-xxl-automobiliu-begiu-elektrine-statybviete-174-vnt\\\/#primaryimage\"},\"thumbnailUrl\":\"https:\\\/\\\/kidsplay.lt\\\/wp-content\\\/uploads\\\/2025\\\/09\\\/WOOPIE-XXL-automobiliu-begiu-elektrine-statybviete-174-vnt.jpg\",\"datePublished\":\"2026-02-26T07:04:43+00:00\",\"dateModified\":\"2026-04-13T11:42:26+00:00\",\"description\":\"WOOPIE XXL automobili\u0173 b\u0117gi\u0173 elektrin\u0117 statybviet\u0117 174 vnt. - KidsPlay. Did\u017eiausias vaik\u0173 \u017eaisl\u0173 pasirinkimas.\",\"breadcrumb\":{\"@id\":\"https:\\\/\\\/kidsplay.lt\\\/produktas\\\/woopie-xxl-automobiliu-begiu-elektrine-statybviete-174-vnt\\\/#breadcrumb\"},\"inLanguage\":\"lv-LV\",\"potentialAction\":[{\"@type\":\"ReadAction\",\"target\":[\"https:\\\/\\\/kidsplay.lt\\\/produktas\\\/woopie-xxl-automobiliu-begiu-elektrine-statybviete-174-vnt\\\/\"]}]},{\"@type\":\"ImageObject\",\"inLanguage\":\"lv-LV\",\"@id\":\"https:\\\/\\\/kidsplay.lt\\\/produktas\\\/woopie-xxl-automobiliu-begiu-elektrine-statybviete-174-vnt\\\/#primaryimage\",\"url\":\"https:\\\/\\\/kidsplay.lt\\\/wp-content\\\/uploads\\\/2025\\\/09\\\/WOOPIE-XXL-automobiliu-begiu-elektrine-statybviete-174-vnt.jpg\",\"contentUrl\":\"https:\\\/\\\/kidsplay.lt\\\/wp-content\\\/uploads\\\/2025\\\/09\\\/WOOPIE-XXL-automobiliu-begiu-elektrine-statybviete-174-vnt.jpg\",\"width\":1000,\"height\":1000,\"caption\":\"WOOPIE XXL automobili\u0173 b\u0117gi\u0173 elektrin\u0117 statybviet\u0117 174 vnt.\"},{\"@type\":\"BreadcrumbList\",\"@id\":\"https:\\\/\\\/kidsplay.lt\\\/produktas\\\/woopie-xxl-automobiliu-begiu-elektrine-statybviete-174-vnt\\\/#breadcrumb\",\"itemListElement\":[{\"@type\":\"ListItem\",\"position\":1,\"name\":\"Pagrindinis\",\"item\":\"https:\\\/\\\/kidsplay.lt\\\/\"},{\"@type\":\"ListItem\",\"position\":2,\"name\":\"Parduotuv\u0117\",\"item\":\"https:\\\/\\\/kidsplay.lt\\\/parduotuve\\\/\"},{\"@type\":\"ListItem\",\"position\":3,\"name\":\"WOOPIE XXL automobili\u0173 b\u0117gi\u0173 elektrin\u0117 statybviet\u0117 174 vnt.\"}]},{\"@type\":\"WebSite\",\"@id\":\"https:\\\/\\\/kidsplay.lt\\\/#website\",\"url\":\"https:\\\/\\\/kidsplay.lt\\\/\",\"name\":\"Kidsplay.lt\",\"description\":\"\u012evairios prek\u0117s vaikams\",\"publisher\":{\"@id\":\"https:\\\/\\\/kidsplay.lt\\\/#organization\"},\"alternateName\":\"Kidsplay\",\"potentialAction\":[{\"@type\":\"SearchAction\",\"target\":{\"@type\":\"EntryPoint\",\"urlTemplate\":\"https:\\\/\\\/kidsplay.lt\\\/?s={search_term_string}\"},\"query-input\":{\"@type\":\"PropertyValueSpecification\",\"valueRequired\":true,\"valueName\":\"search_term_string\"}}],\"inLanguage\":\"lv-LV\"},{\"@type\":\"Organization\",\"@id\":\"https:\\\/\\\/kidsplay.lt\\\/#organization\",\"name\":\"KidsPlay\",\"url\":\"https:\\\/\\\/kidsplay.lt\\\/\",\"logo\":{\"@type\":\"ImageObject\",\"inLanguage\":\"lv-LV\",\"@id\":\"https:\\\/\\\/kidsplay.lt\\\/#\\\/schema\\\/logo\\\/image\\\/\",\"url\":\"https:\\\/\\\/kidsplay.lt\\\/wp-content\\\/uploads\\\/2023\\\/07\\\/kidsplay-logo.png\",\"contentUrl\":\"https:\\\/\\\/kidsplay.lt\\\/wp-content\\\/uploads\\\/2023\\\/07\\\/kidsplay-logo.png\",\"width\":451,\"height\":98,\"caption\":\"KidsPlay\"},\"image\":{\"@id\":\"https:\\\/\\\/kidsplay.lt\\\/#\\\/schema\\\/logo\\\/image\\\/\"},\"sameAs\":[\"https:\\\/\\\/www.facebook.com\\\/www.kidsplay.lt\"]}]}<\/script>\n<!-- \/ Yoast SEO plugin. -->","yoast_head_json":{"title":"WOOPIE XXL auto trases elektrisk\u0101 b\u016bvlaukuma 174 gab.","description":"WOOPIE XXL automobili\u0173 b\u0117gi\u0173 elektrin\u0117 statybviet\u0117 174 vnt. - KidsPlay. Did\u017eiausias vaik\u0173 \u017eaisl\u0173 pasirinkimas.","robots":{"index":"index","follow":"follow","max-snippet":"max-snippet:-1","max-image-preview":"max-image-preview:large","max-video-preview":"max-video-preview:-1"},"canonical":"https:\/\/kidsplay.lt\/lv\/products\/woopie-xxl-automobiliu-begiu-elektrine-statybviete-174-vnt\/","og_locale":"lv_LV","og_type":"article","og_title":"WOOPIE XXL automobili\u0173 b\u0117gi\u0173 elektrin\u0117 statybviet\u0117 174 vnt.","og_description":"WOOPIE XXL automobili\u0173 b\u0117gi\u0173 elektrin\u0117 statybviet\u0117 174 vnt. - KidsPlay. Did\u017eiausias vaik\u0173 \u017eaisl\u0173 pasirinkimas.","og_url":"https:\/\/kidsplay.lt\/lv\/products\/woopie-xxl-automobiliu-begiu-elektrine-statybviete-174-vnt\/","og_site_name":"KidsPlay","article_publisher":"https:\/\/www.facebook.com\/www.kidsplay.lt","article_modified_time":"2026-04-13T11:42:26+00:00","og_image":[{"width":1000,"height":1000,"url":"https:\/\/kidsplay.lt\/wp-content\/uploads\/2025\/09\/WOOPIE-XXL-automobiliu-begiu-elektrine-statybviete-174-vnt.jpg","type":"image\/jpeg"}],"twitter_card":"summary_large_image","twitter_misc":{"Est. reading time":"1 min\u016bte"},"schema":{"@context":"https:\/\/schema.org","@graph":[{"@type":"WebPage","@id":"https:\/\/kidsplay.lt\/produktas\/woopie-xxl-automobiliu-begiu-elektrine-statybviete-174-vnt\/","url":"https:\/\/kidsplay.lt\/produktas\/woopie-xxl-automobiliu-begiu-elektrine-statybviete-174-vnt\/","name":"WOOPIE XXL auto trases elektrisk\u0101 b\u016bvlaukuma 174 gab.","isPartOf":{"@id":"https:\/\/kidsplay.lt\/#website"},"primaryImageOfPage":{"@id":"https:\/\/kidsplay.lt\/produktas\/woopie-xxl-automobiliu-begiu-elektrine-statybviete-174-vnt\/#primaryimage"},"image":{"@id":"https:\/\/kidsplay.lt\/produktas\/woopie-xxl-automobiliu-begiu-elektrine-statybviete-174-vnt\/#primaryimage"},"thumbnailUrl":"https:\/\/kidsplay.lt\/wp-content\/uploads\/2025\/09\/WOOPIE-XXL-automobiliu-begiu-elektrine-statybviete-174-vnt.jpg","datePublished":"2026-02-26T07:04:43+00:00","dateModified":"2026-04-13T11:42:26+00:00","description":"WOOPIE XXL automobili\u0173 b\u0117gi\u0173 elektrin\u0117 statybviet\u0117 174 vnt. - KidsPlay. Did\u017eiausias vaik\u0173 \u017eaisl\u0173 pasirinkimas.","breadcrumb":{"@id":"https:\/\/kidsplay.lt\/produktas\/woopie-xxl-automobiliu-begiu-elektrine-statybviete-174-vnt\/#breadcrumb"},"inLanguage":"lv-LV","potentialAction":[{"@type":"ReadAction","target":["https:\/\/kidsplay.lt\/produktas\/woopie-xxl-automobiliu-begiu-elektrine-statybviete-174-vnt\/"]}]},{"@type":"ImageObject","inLanguage":"lv-LV","@id":"https:\/\/kidsplay.lt\/produktas\/woopie-xxl-automobiliu-begiu-elektrine-statybviete-174-vnt\/#primaryimage","url":"https:\/\/kidsplay.lt\/wp-content\/uploads\/2025\/09\/WOOPIE-XXL-automobiliu-begiu-elektrine-statybviete-174-vnt.jpg","contentUrl":"https:\/\/kidsplay.lt\/wp-content\/uploads\/2025\/09\/WOOPIE-XXL-automobiliu-begiu-elektrine-statybviete-174-vnt.jpg","width":1000,"height":1000,"caption":"WOOPIE XXL automobili\u0173 b\u0117gi\u0173 elektrin\u0117 statybviet\u0117 174 vnt."},{"@type":"BreadcrumbList","@id":"https:\/\/kidsplay.lt\/produktas\/woopie-xxl-automobiliu-begiu-elektrine-statybviete-174-vnt\/#breadcrumb","itemListElement":[{"@type":"ListItem","position":1,"name":"Pagrindinis","item":"https:\/\/kidsplay.lt\/"},{"@type":"ListItem","position":2,"name":"Parduotuv\u0117","item":"https:\/\/kidsplay.lt\/parduotuve\/"},{"@type":"ListItem","position":3,"name":"WOOPIE XXL automobili\u0173 b\u0117gi\u0173 elektrin\u0117 statybviet\u0117 174 vnt."}]},{"@type":"WebSite","@id":"https:\/\/kidsplay.lt\/#website","url":"https:\/\/kidsplay.lt\/","name":"B\u0113rnu sp\u0113les.lv","description":"\u012evairios prek\u0117s vaikams","publisher":{"@id":"https:\/\/kidsplay.lt\/#organization"},"alternateName":"Kidsplay","potentialAction":[{"@type":"SearchAction","target":{"@type":"EntryPoint","urlTemplate":"https:\/\/kidsplay.lt\/?s={search_term_string}"},"query-input":{"@type":"PropertyValueSpecification","valueRequired":true,"valueName":"search_term_string"}}],"inLanguage":"lv-LV"},{"@type":"Organization","@id":"https:\/\/kidsplay.lt\/#organization","name":"B\u0113rnu sp\u0113le","url":"https:\/\/kidsplay.lt\/","logo":{"@type":"ImageObject","inLanguage":"lv-LV","@id":"https:\/\/kidsplay.lt\/#\/schema\/logo\/image\/","url":"https:\/\/kidsplay.lt\/wp-content\/uploads\/2023\/07\/kidsplay-logo.png","contentUrl":"https:\/\/kidsplay.lt\/wp-content\/uploads\/2023\/07\/kidsplay-logo.png","width":451,"height":98,"caption":"KidsPlay"},"image":{"@id":"https:\/\/kidsplay.lt\/#\/schema\/logo\/image\/"},"sameAs":["https:\/\/www.facebook.com\/www.kidsplay.lt"]}]}},"_links":{"self":[{"href":"https:\/\/kidsplay.lt\/lv\/wp-json\/wp\/v2\/product\/88999","targetHints":{"allow":["GET"]}}],"collection":[{"href":"https:\/\/kidsplay.lt\/lv\/wp-json\/wp\/v2\/product"}],"about":[{"href":"https:\/\/kidsplay.lt\/lv\/wp-json\/wp\/v2\/types\/product"}],"version-history":[{"count":1,"href":"https:\/\/kidsplay.lt\/lv\/wp-json\/wp\/v2\/product\/88999\/revisions"}],"predecessor-version":[{"id":89000,"href":"https:\/\/kidsplay.lt\/lv\/wp-json\/wp\/v2\/product\/88999\/revisions\/89000"}],"wp:featuredmedia":[{"embeddable":true,"href":"https:\/\/kidsplay.lt\/lv\/wp-json\/wp\/v2\/media\/63201"}],"wp:attachment":[{"href":"https:\/\/kidsplay.lt\/lv\/wp-json\/wp\/v2\/media?parent=88999"}],"wp:term":[{"taxonomy":"product_brand","embeddable":true,"href":"https:\/\/kidsplay.lt\/lv\/wp-json\/wp\/v2\/product_brand?post=88999"},{"taxonomy":"product_cat","embeddable":true,"href":"https:\/\/kidsplay.lt\/lv\/wp-json\/wp\/v2\/product_cat?post=88999"},{"taxonomy":"product_tag","embeddable":true,"href":"https:\/\/kidsplay.lt\/lv\/wp-json\/wp\/v2\/product_tag?post=88999"}],"curies":[{"name":"wp","href":"https:\/\/api.w.org\/{rel}","templated":true}]}}