{"id":89001,"date":"2026-02-26T09:04:46","date_gmt":"2026-02-26T07:04:46","guid":{"rendered":"https:\/\/kidsplay.lt\/produktas\/tooky-toy-medine-automobiliu-stovejimo-aikstele\/"},"modified":"2026-04-13T14:42:30","modified_gmt":"2026-04-13T11:42:30","slug":"tooky-toy-medine-automobiliu-stovejimo-aikstele","status":"publish","type":"product","link":"https:\/\/kidsplay.lt\/lv\/products\/tooky-toy-medine-automobiliu-stovejimo-aikstele\/","title":{"rendered":"TOOKY TOY medin\u0117 automobili\u0173 stov\u0117jimo aik\u0161tel\u0117"},"content":{"rendered":"<p>Stotis paruo\u0161ta paleidimui \u2013 ma\u017eieji astronautai veiksme!<\/p>\n<p>\u0160is\u00a0unikalus medinis rinkinys\u00a0\u2013 tikras malonumas ma\u017eiesiems kosmoso tyrin\u0117tojams! Kosmin\u0117 stotis su keliais\u00a0lygiais, rampomis, nusileidimo aik\u0161tele ir liftu\u00a0suteiks valand\u0173 valandas \u012fdomaus \u017eaidimo. Rinkin\u012f sudaro ne tik stotis, bet ir\u00a0transporto priemon\u0117s, raketa, ateivis ir astronautai\u00a0\u2013 visa tai sukurta kruop\u0161\u010diai ir u\u017etikrinant vaik\u0173 saugum\u0105.<\/p>\n<p>Rakstur\u012bgs:<\/p>\n<p> \t&#8211; \u017daislas nuo\u00a03 met\u0173 am\u017eiaus<br \/>\n \t&#8211; Daugiapakop\u0117 konstrukcija<br \/>\n \t&#8211; Raket\u0173 nusileidimo aik\u0161tel\u0117<br \/>\n \t&#8211; Kilnojamas liftas ir i\u0161\u0117jimo rampa<br \/>\n \t&#8211; 3 astronaut\u0173 fig\u016br\u0117l\u0117s ir 1 ateivis<br \/>\n \t&#8211; 3 kosminiai aparatai (\u012fskaitant laboratorin\u012f automobil\u012f, transporter\u012f ir elektromobil\u012f)<br \/>\n \t&#8211; Palydovas, NSO, \u012fkrovimo stotel\u0117, radaras ir barjerinis \u017eenklas<br \/>\n \t&#8211; Auk\u0161tos kokyb\u0117s apdaila, pagaminta i\u0161 med\u017eio ir saugi\u0173 da\u017e\u0173<\/p>\n<p>Komplekt\u0101 ietilpst:<\/p>\n<p> \t&#8211; 1 kosmin\u0117 stotis su nusileidimo aik\u0161tele<br \/>\n \t&#8211; 1 raketa<br \/>\n \t&#8211; 3 astronautai<br \/>\n \t&#8211; 1 ateivis<br \/>\n \t&#8211; 1 palydovas<br \/>\n \t&#8211; 1 NSO<br \/>\n \t&#8211; 1 radaras<br \/>\n \t&#8211; 1 \u017eenklas + u\u017etvaras<br \/>\n \t&#8211; 3 transporto priemon\u0117s<br \/>\n \t&#8211; 1 \u012fkrovimo stotel\u0117<\/p>\n<p>Rota\u013clieta att\u012bst\u0101s:<\/p>\n<p> \t&#8211; vaizduot\u0119 ir k\u016brybi\u0161kum\u0105<br \/>\n \t&#8211; vaidmen\u0173 \u017eaidimo \u012fg\u016bd\u017eiai<br \/>\n \t\u2013 roku-acu koordin\u0101cija<br \/>\n \t&#8211; rankiniai \u012fg\u016bd\u017eiai<\/p>","protected":false},"excerpt":{"rendered":"<p>Stotis paruo\u0161ta paleidimui \u2013 ma\u017eieji astronautai veiksme! \u0160is\u00a0unikalus medinis rinkinys\u00a0\u2013 tikras malonumas ma\u017eiesiems kosmoso tyrin\u0117tojams! Kosmin\u0117 stotis su keliais\u00a0lygiais, rampomis,<\/p>","protected":false},"featured_media":78802,"template":"","meta":{"_acf_changed":false,"_glsr_average":0,"_glsr_ranking":0,"_glsr_reviews":0},"product_brand":[],"product_cat":[891,883],"product_tag":[],"class_list":{"0":"post-89001","1":"product","2":"type-product","3":"status-publish","4":"has-post-thumbnail","6":"product_cat-medines-transporto-priemones","7":"product_cat-mediniai-zaislai-2","8":"\"style=\"background-color: #2ecc711c;\"","10":"first","11":"instock","12":"purchasable","13":"product-type-simple"},"acf":[],"yoast_head":"<!-- This site is optimized with the Yoast SEO plugin v27.4 - https:\/\/yoast.com\/product\/yoast-seo-wordpress\/ -->\n<title>TOOKY TOY medin\u0117 automobili\u0173 stov\u0117jimo aik\u0161tel\u0117<\/title>\n<meta name=\"description\" content=\"TOOKY TOY medin\u0117 automobili\u0173 stov\u0117jimo aik\u0161tel\u0117 - KidsPlay. Did\u017eiausias vaik\u0173 \u017eaisl\u0173 pasirinkimas.\" \/>\n<meta name=\"robots\" content=\"index, follow, max-snippet:-1, max-image-preview:large, max-video-preview:-1\" \/>\n<link rel=\"canonical\" href=\"https:\/\/kidsplay.lt\/lv\/products\/tooky-toy-medine-automobiliu-stovejimo-aikstele\/\" \/>\n<meta property=\"og:locale\" content=\"lv_LV\" \/>\n<meta property=\"og:type\" content=\"article\" \/>\n<meta property=\"og:title\" content=\"TOOKY TOY medin\u0117 automobili\u0173 stov\u0117jimo aik\u0161tel\u0117\" \/>\n<meta property=\"og:description\" content=\"TOOKY TOY medin\u0117 automobili\u0173 stov\u0117jimo aik\u0161tel\u0117 - KidsPlay. Did\u017eiausias vaik\u0173 \u017eaisl\u0173 pasirinkimas.\" \/>\n<meta property=\"og:url\" content=\"https:\/\/kidsplay.lt\/lv\/products\/tooky-toy-medine-automobiliu-stovejimo-aikstele\/\" \/>\n<meta property=\"og:site_name\" content=\"KidsPlay\" \/>\n<meta property=\"article:publisher\" content=\"https:\/\/www.facebook.com\/www.kidsplay.lt\" \/>\n<meta property=\"article:modified_time\" content=\"2026-04-13T11:42:30+00:00\" \/>\n<meta property=\"og:image\" content=\"https:\/\/kidsplay.lt\/wp-content\/uploads\/2025\/10\/TOOKY-TOY-medine-automobiliu-stovejimo-aikstele.jpg\" \/>\n\t<meta property=\"og:image:width\" content=\"1000\" \/>\n\t<meta property=\"og:image:height\" content=\"1000\" \/>\n\t<meta property=\"og:image:type\" content=\"image\/jpeg\" \/>\n<meta name=\"twitter:card\" content=\"summary_large_image\" \/>\n<meta name=\"twitter:label1\" content=\"Est. reading time\" \/>\n\t<meta name=\"twitter:data1\" content=\"1 min\u016bte\" \/>\n<script type=\"application\/ld+json\" class=\"yoast-schema-graph\">{\"@context\":\"https:\\\/\\\/schema.org\",\"@graph\":[{\"@type\":\"WebPage\",\"@id\":\"https:\\\/\\\/kidsplay.lt\\\/produktas\\\/tooky-toy-medine-automobiliu-stovejimo-aikstele\\\/\",\"url\":\"https:\\\/\\\/kidsplay.lt\\\/produktas\\\/tooky-toy-medine-automobiliu-stovejimo-aikstele\\\/\",\"name\":\"TOOKY TOY medin\u0117 automobili\u0173 stov\u0117jimo aik\u0161tel\u0117\",\"isPartOf\":{\"@id\":\"https:\\\/\\\/kidsplay.lt\\\/#website\"},\"primaryImageOfPage\":{\"@id\":\"https:\\\/\\\/kidsplay.lt\\\/produktas\\\/tooky-toy-medine-automobiliu-stovejimo-aikstele\\\/#primaryimage\"},\"image\":{\"@id\":\"https:\\\/\\\/kidsplay.lt\\\/produktas\\\/tooky-toy-medine-automobiliu-stovejimo-aikstele\\\/#primaryimage\"},\"thumbnailUrl\":\"https:\\\/\\\/kidsplay.lt\\\/wp-content\\\/uploads\\\/2025\\\/10\\\/TOOKY-TOY-medine-automobiliu-stovejimo-aikstele.jpg\",\"datePublished\":\"2026-02-26T07:04:46+00:00\",\"dateModified\":\"2026-04-13T11:42:30+00:00\",\"description\":\"TOOKY TOY medin\u0117 automobili\u0173 stov\u0117jimo aik\u0161tel\u0117 - KidsPlay. Did\u017eiausias vaik\u0173 \u017eaisl\u0173 pasirinkimas.\",\"breadcrumb\":{\"@id\":\"https:\\\/\\\/kidsplay.lt\\\/produktas\\\/tooky-toy-medine-automobiliu-stovejimo-aikstele\\\/#breadcrumb\"},\"inLanguage\":\"lv-LV\",\"potentialAction\":[{\"@type\":\"ReadAction\",\"target\":[\"https:\\\/\\\/kidsplay.lt\\\/produktas\\\/tooky-toy-medine-automobiliu-stovejimo-aikstele\\\/\"]}]},{\"@type\":\"ImageObject\",\"inLanguage\":\"lv-LV\",\"@id\":\"https:\\\/\\\/kidsplay.lt\\\/produktas\\\/tooky-toy-medine-automobiliu-stovejimo-aikstele\\\/#primaryimage\",\"url\":\"https:\\\/\\\/kidsplay.lt\\\/wp-content\\\/uploads\\\/2025\\\/10\\\/TOOKY-TOY-medine-automobiliu-stovejimo-aikstele.jpg\",\"contentUrl\":\"https:\\\/\\\/kidsplay.lt\\\/wp-content\\\/uploads\\\/2025\\\/10\\\/TOOKY-TOY-medine-automobiliu-stovejimo-aikstele.jpg\",\"width\":1000,\"height\":1000,\"caption\":\"TOOKY TOY medin\u0117 automobili\u0173 stov\u0117jimo aik\u0161tel\u0117\"},{\"@type\":\"BreadcrumbList\",\"@id\":\"https:\\\/\\\/kidsplay.lt\\\/produktas\\\/tooky-toy-medine-automobiliu-stovejimo-aikstele\\\/#breadcrumb\",\"itemListElement\":[{\"@type\":\"ListItem\",\"position\":1,\"name\":\"Pagrindinis\",\"item\":\"https:\\\/\\\/kidsplay.lt\\\/\"},{\"@type\":\"ListItem\",\"position\":2,\"name\":\"Parduotuv\u0117\",\"item\":\"https:\\\/\\\/kidsplay.lt\\\/parduotuve\\\/\"},{\"@type\":\"ListItem\",\"position\":3,\"name\":\"TOOKY TOY medin\u0117 automobili\u0173 stov\u0117jimo aik\u0161tel\u0117\"}]},{\"@type\":\"WebSite\",\"@id\":\"https:\\\/\\\/kidsplay.lt\\\/#website\",\"url\":\"https:\\\/\\\/kidsplay.lt\\\/\",\"name\":\"Kidsplay.lt\",\"description\":\"\u012evairios prek\u0117s vaikams\",\"publisher\":{\"@id\":\"https:\\\/\\\/kidsplay.lt\\\/#organization\"},\"alternateName\":\"Kidsplay\",\"potentialAction\":[{\"@type\":\"SearchAction\",\"target\":{\"@type\":\"EntryPoint\",\"urlTemplate\":\"https:\\\/\\\/kidsplay.lt\\\/?s={search_term_string}\"},\"query-input\":{\"@type\":\"PropertyValueSpecification\",\"valueRequired\":true,\"valueName\":\"search_term_string\"}}],\"inLanguage\":\"lv-LV\"},{\"@type\":\"Organization\",\"@id\":\"https:\\\/\\\/kidsplay.lt\\\/#organization\",\"name\":\"KidsPlay\",\"url\":\"https:\\\/\\\/kidsplay.lt\\\/\",\"logo\":{\"@type\":\"ImageObject\",\"inLanguage\":\"lv-LV\",\"@id\":\"https:\\\/\\\/kidsplay.lt\\\/#\\\/schema\\\/logo\\\/image\\\/\",\"url\":\"https:\\\/\\\/kidsplay.lt\\\/wp-content\\\/uploads\\\/2023\\\/07\\\/kidsplay-logo.png\",\"contentUrl\":\"https:\\\/\\\/kidsplay.lt\\\/wp-content\\\/uploads\\\/2023\\\/07\\\/kidsplay-logo.png\",\"width\":451,\"height\":98,\"caption\":\"KidsPlay\"},\"image\":{\"@id\":\"https:\\\/\\\/kidsplay.lt\\\/#\\\/schema\\\/logo\\\/image\\\/\"},\"sameAs\":[\"https:\\\/\\\/www.facebook.com\\\/www.kidsplay.lt\"]}]}<\/script>\n<!-- \/ Yoast SEO plugin. -->","yoast_head_json":{"title":"TOOKY TOY medin\u0117 automobili\u0173 stov\u0117jimo aik\u0161tel\u0117","description":"TOOKY TOY medin\u0117 automobili\u0173 stov\u0117jimo aik\u0161tel\u0117 - KidsPlay. Did\u017eiausias vaik\u0173 \u017eaisl\u0173 pasirinkimas.","robots":{"index":"index","follow":"follow","max-snippet":"max-snippet:-1","max-image-preview":"max-image-preview:large","max-video-preview":"max-video-preview:-1"},"canonical":"https:\/\/kidsplay.lt\/lv\/products\/tooky-toy-medine-automobiliu-stovejimo-aikstele\/","og_locale":"lv_LV","og_type":"article","og_title":"TOOKY TOY medin\u0117 automobili\u0173 stov\u0117jimo aik\u0161tel\u0117","og_description":"TOOKY TOY medin\u0117 automobili\u0173 stov\u0117jimo aik\u0161tel\u0117 - KidsPlay. Did\u017eiausias vaik\u0173 \u017eaisl\u0173 pasirinkimas.","og_url":"https:\/\/kidsplay.lt\/lv\/products\/tooky-toy-medine-automobiliu-stovejimo-aikstele\/","og_site_name":"KidsPlay","article_publisher":"https:\/\/www.facebook.com\/www.kidsplay.lt","article_modified_time":"2026-04-13T11:42:30+00:00","og_image":[{"width":1000,"height":1000,"url":"https:\/\/kidsplay.lt\/wp-content\/uploads\/2025\/10\/TOOKY-TOY-medine-automobiliu-stovejimo-aikstele.jpg","type":"image\/jpeg"}],"twitter_card":"summary_large_image","twitter_misc":{"Est. reading time":"1 min\u016bte"},"schema":{"@context":"https:\/\/schema.org","@graph":[{"@type":"WebPage","@id":"https:\/\/kidsplay.lt\/produktas\/tooky-toy-medine-automobiliu-stovejimo-aikstele\/","url":"https:\/\/kidsplay.lt\/produktas\/tooky-toy-medine-automobiliu-stovejimo-aikstele\/","name":"TOOKY TOY medin\u0117 automobili\u0173 stov\u0117jimo aik\u0161tel\u0117","isPartOf":{"@id":"https:\/\/kidsplay.lt\/#website"},"primaryImageOfPage":{"@id":"https:\/\/kidsplay.lt\/produktas\/tooky-toy-medine-automobiliu-stovejimo-aikstele\/#primaryimage"},"image":{"@id":"https:\/\/kidsplay.lt\/produktas\/tooky-toy-medine-automobiliu-stovejimo-aikstele\/#primaryimage"},"thumbnailUrl":"https:\/\/kidsplay.lt\/wp-content\/uploads\/2025\/10\/TOOKY-TOY-medine-automobiliu-stovejimo-aikstele.jpg","datePublished":"2026-02-26T07:04:46+00:00","dateModified":"2026-04-13T11:42:30+00:00","description":"TOOKY TOY medin\u0117 automobili\u0173 stov\u0117jimo aik\u0161tel\u0117 - KidsPlay. Did\u017eiausias vaik\u0173 \u017eaisl\u0173 pasirinkimas.","breadcrumb":{"@id":"https:\/\/kidsplay.lt\/produktas\/tooky-toy-medine-automobiliu-stovejimo-aikstele\/#breadcrumb"},"inLanguage":"lv-LV","potentialAction":[{"@type":"ReadAction","target":["https:\/\/kidsplay.lt\/produktas\/tooky-toy-medine-automobiliu-stovejimo-aikstele\/"]}]},{"@type":"ImageObject","inLanguage":"lv-LV","@id":"https:\/\/kidsplay.lt\/produktas\/tooky-toy-medine-automobiliu-stovejimo-aikstele\/#primaryimage","url":"https:\/\/kidsplay.lt\/wp-content\/uploads\/2025\/10\/TOOKY-TOY-medine-automobiliu-stovejimo-aikstele.jpg","contentUrl":"https:\/\/kidsplay.lt\/wp-content\/uploads\/2025\/10\/TOOKY-TOY-medine-automobiliu-stovejimo-aikstele.jpg","width":1000,"height":1000,"caption":"TOOKY TOY medin\u0117 automobili\u0173 stov\u0117jimo aik\u0161tel\u0117"},{"@type":"BreadcrumbList","@id":"https:\/\/kidsplay.lt\/produktas\/tooky-toy-medine-automobiliu-stovejimo-aikstele\/#breadcrumb","itemListElement":[{"@type":"ListItem","position":1,"name":"Pagrindinis","item":"https:\/\/kidsplay.lt\/"},{"@type":"ListItem","position":2,"name":"Parduotuv\u0117","item":"https:\/\/kidsplay.lt\/parduotuve\/"},{"@type":"ListItem","position":3,"name":"TOOKY TOY medin\u0117 automobili\u0173 stov\u0117jimo aik\u0161tel\u0117"}]},{"@type":"WebSite","@id":"https:\/\/kidsplay.lt\/#website","url":"https:\/\/kidsplay.lt\/","name":"B\u0113rnu sp\u0113les.lv","description":"\u012evairios prek\u0117s vaikams","publisher":{"@id":"https:\/\/kidsplay.lt\/#organization"},"alternateName":"Kidsplay","potentialAction":[{"@type":"SearchAction","target":{"@type":"EntryPoint","urlTemplate":"https:\/\/kidsplay.lt\/?s={search_term_string}"},"query-input":{"@type":"PropertyValueSpecification","valueRequired":true,"valueName":"search_term_string"}}],"inLanguage":"lv-LV"},{"@type":"Organization","@id":"https:\/\/kidsplay.lt\/#organization","name":"B\u0113rnu sp\u0113le","url":"https:\/\/kidsplay.lt\/","logo":{"@type":"ImageObject","inLanguage":"lv-LV","@id":"https:\/\/kidsplay.lt\/#\/schema\/logo\/image\/","url":"https:\/\/kidsplay.lt\/wp-content\/uploads\/2023\/07\/kidsplay-logo.png","contentUrl":"https:\/\/kidsplay.lt\/wp-content\/uploads\/2023\/07\/kidsplay-logo.png","width":451,"height":98,"caption":"KidsPlay"},"image":{"@id":"https:\/\/kidsplay.lt\/#\/schema\/logo\/image\/"},"sameAs":["https:\/\/www.facebook.com\/www.kidsplay.lt"]}]}},"_links":{"self":[{"href":"https:\/\/kidsplay.lt\/lv\/wp-json\/wp\/v2\/product\/89001","targetHints":{"allow":["GET"]}}],"collection":[{"href":"https:\/\/kidsplay.lt\/lv\/wp-json\/wp\/v2\/product"}],"about":[{"href":"https:\/\/kidsplay.lt\/lv\/wp-json\/wp\/v2\/types\/product"}],"version-history":[{"count":1,"href":"https:\/\/kidsplay.lt\/lv\/wp-json\/wp\/v2\/product\/89001\/revisions"}],"predecessor-version":[{"id":89002,"href":"https:\/\/kidsplay.lt\/lv\/wp-json\/wp\/v2\/product\/89001\/revisions\/89002"}],"wp:featuredmedia":[{"embeddable":true,"href":"https:\/\/kidsplay.lt\/lv\/wp-json\/wp\/v2\/media\/78802"}],"wp:attachment":[{"href":"https:\/\/kidsplay.lt\/lv\/wp-json\/wp\/v2\/media?parent=89001"}],"wp:term":[{"taxonomy":"product_brand","embeddable":true,"href":"https:\/\/kidsplay.lt\/lv\/wp-json\/wp\/v2\/product_brand?post=89001"},{"taxonomy":"product_cat","embeddable":true,"href":"https:\/\/kidsplay.lt\/lv\/wp-json\/wp\/v2\/product_cat?post=89001"},{"taxonomy":"product_tag","embeddable":true,"href":"https:\/\/kidsplay.lt\/lv\/wp-json\/wp\/v2\/product_tag?post=89001"}],"curies":[{"name":"wp","href":"https:\/\/api.w.org\/{rel}","templated":true}]}}