{"id":89003,"date":"2026-02-26T09:04:51","date_gmt":"2026-02-26T07:04:51","guid":{"rendered":"https:\/\/kidsplay.lt\/produktas\/woopie-rozinis-vienaragio-sokliukas\/"},"modified":"2026-03-26T12:38:36","modified_gmt":"2026-03-26T10:38:36","slug":"woopie-rozinis-vienaragio-sokliukas","status":"publish","type":"product","link":"https:\/\/kidsplay.lt\/lv\/products\/woopie-rozinis-vienaragio-sokliukas\/","title":{"rendered":"WOOPIE Ro\u017einis Vienaragio \u0161okliukas"},"content":{"rendered":"<p>Leiskit\u0117s \u012f fantasti\u0161k\u0105 kelion\u0119 su \u017eaviu ro\u017einiu vienaragio \u0161okin\u0117jimo batutu i\u0161\u00a0\u201eWoopie\u201c!\u00a0\u0160is \u017eavingas\u00a0pripu\u010diamas \u017eaislas\u00a0\u2013 puikus b\u016bdas skatinti aktyv\u0173 \u017eaidim\u0105 ir kartu lavinti ma\u017eylio koordinacij\u0105 bei pusiausvyr\u0105.\u00a0Pagamintas i\u0161 saugi\u0173, patvari\u0173 med\u017eiag\u0173\u00a0ir sukurtas galvojant apie ma\u017eas rankeles, \u0161is vienaragis taps geriausiu j\u016bs\u0173 vaiko draugu, suteikdamas valand\u0173 valandas ner\u016bpestingo \u0161okin\u0117jimo pramog\u0173 tiek viduje, tiek lauke. Tai puiki dovana, su\u017eadinsianti vaizduot\u0119 ir suteiksianti daug d\u017eiaugsmo!<\/p>\n<p>Rakstur\u012bgs:<\/p>\n<p> \t&#8211;\u00a0\u00a0Vaikams\u00a0nuo 12 m\u0117nesi\u0173<br \/>\n \t&#8211;\u00a0Maksimali\u00a0apkrova\u00a0\u00a0iki\u00a0\u00a045\u00a0\u00a0kg<br \/>\n \t&#8211;\u00a0\u00a0Sl\u0117gis\u00a0, kuriuo tur\u0117t\u0173 b\u016bti prip\u016bsti megztiniai,\u00a0\u00a0yra 0,3\u20130,4 baro<br \/>\n \t&#8211;\u00a0\u00a0Vienaragis\u00a0gra\u017eiu rausvu atspalviu\u00a0su spalvingais kar\u010diais ir baltu ragu, papuo\u0161tu \u017evaig\u017ed\u0117mis<br \/>\n \t&#8211; Pagaminta i\u0161\u00a0patvarios ir\u00a0vaikams saugios med\u017eiagos\u00a0<br \/>\n \t&#8211;\u00a0\u00a0Pla\u010dios,\u00a0neslystan\u010dios kojel\u0117s\u00a0u\u017etikrina stabilum\u0105 \u0161okin\u0117jant ir suma\u017eina apvirtimo rizik\u0105<br \/>\n \t&#8211;\u00a0\u00a0Vienaragio ausys tarnauja kaip\u00a0ergonomi\u0161kos rankenos\u00a0, puikiai tinkan\u010dios ma\u017eoms rankyt\u0117ms<br \/>\n \t&#8211; Greitas ir paprastas prip\u016btimas d\u0117ka pridedamos pompos<\/p>\n<p>Komplekt\u0101 ietilpst:<\/p>\n<p> \t&#8211; 1x Pripu\u010diamas \u0161okin\u0117jantis vienaragis<br \/>\n \t&#8211; 1x Pompa prip\u016btimui<\/p>\n<p>Rota\u013clieta att\u012bst\u0101s:<\/p>\n<p> \t&#8211; Bendrieji motoriniai \u012fg\u016bd\u017eiai<br \/>\n \t&#8211; Balansas<br \/>\n \t&#8211; Erdvin\u0117 orientacija<br \/>\n \t&#8211; Pasitik\u0117jimas savimi<br \/>\n \t&#8211; K\u016brybi\u0161kumas ir vaizduot\u0117<br \/>\n \t&#8211; Fizinis aktyvumas<\/p>\n<p>Produkto matmenys:<\/p>\n<p> \t&#8211; Ilgis 60 cm\u00a0<br \/>\n \t&#8211; Did\u017eiausias plotis 28 cm<br \/>\n \t&#8211; Auk\u0161tis su ragais 49 cm\u00a0<br \/>\n \t&#8211; Auk\u0161tis (iki aus\u0173\/rag\u0173) 41 cm<br \/>\n \t&#8211; S\u0117dyn\u0117s auk\u0161tis 26 cm<br \/>\n \t&#8211; S\u0117dyn\u0117s plotis 23 cm<\/p>","protected":false},"excerpt":{"rendered":"<p>Leiskit\u0117s \u012f fantasti\u0161k\u0105 kelion\u0119 su \u017eaviu ro\u017einiu vienaragio \u0161okin\u0117jimo batutu i\u0161\u00a0\u201eWoopie\u201c!\u00a0\u0160is \u017eavingas\u00a0pripu\u010diamas \u017eaislas\u00a0\u2013 puikus b\u016bdas skatinti aktyv\u0173 \u017eaidim\u0105 ir kartu<\/p>","protected":false},"featured_media":78807,"template":"","meta":{"_acf_changed":false,"_glsr_average":0,"_glsr_ranking":0,"_glsr_reviews":0},"product_brand":[],"product_cat":[388,229],"product_tag":[],"class_list":{"0":"post-89003","1":"product","2":"type-product","3":"status-publish","4":"has-post-thumbnail","6":"product_cat-edukaciniai-lavinamieji-zaislai","7":"product_cat-zaislai-vaikams","8":"\"style=\"background-color: #2ecc711c;\"","10":"first","11":"outofstock","12":"purchasable","13":"product-type-simple"},"acf":[],"yoast_head":"<!-- This site is optimized with the Yoast SEO plugin v27.3 - https:\/\/yoast.com\/product\/yoast-seo-wordpress\/ -->\n<title>WOOPIE Ro\u017einis Vienaragio \u0161okliukas<\/title>\n<meta name=\"description\" content=\"WOOPIE Ro\u017einis Vienaragio \u0161okliukas - KidsPlay. Did\u017eiausias vaik\u0173 \u017eaisl\u0173 pasirinkimas.\" \/>\n<meta name=\"robots\" content=\"index, follow, max-snippet:-1, max-image-preview:large, max-video-preview:-1\" \/>\n<link rel=\"canonical\" href=\"https:\/\/kidsplay.lt\/lv\/products\/woopie-rozinis-vienaragio-sokliukas\/\" \/>\n<meta property=\"og:locale\" content=\"lv_LV\" \/>\n<meta property=\"og:type\" content=\"article\" \/>\n<meta property=\"og:title\" content=\"WOOPIE Ro\u017einis Vienaragio \u0161okliukas\" \/>\n<meta property=\"og:description\" content=\"WOOPIE Ro\u017einis Vienaragio \u0161okliukas - KidsPlay. Did\u017eiausias vaik\u0173 \u017eaisl\u0173 pasirinkimas.\" \/>\n<meta property=\"og:url\" content=\"https:\/\/kidsplay.lt\/lv\/products\/woopie-rozinis-vienaragio-sokliukas\/\" \/>\n<meta property=\"og:site_name\" content=\"KidsPlay\" \/>\n<meta property=\"article:publisher\" content=\"https:\/\/www.facebook.com\/www.kidsplay.lt\" \/>\n<meta property=\"article:modified_time\" content=\"2026-03-26T10:38:36+00:00\" \/>\n<meta property=\"og:image\" content=\"https:\/\/kidsplay.lt\/wp-content\/uploads\/2025\/10\/WOOPIE-Rozinis-Vienaragio-sokliukas.jpg\" \/>\n\t<meta property=\"og:image:width\" content=\"1000\" \/>\n\t<meta property=\"og:image:height\" content=\"1000\" \/>\n\t<meta property=\"og:image:type\" content=\"image\/jpeg\" \/>\n<meta name=\"twitter:card\" content=\"summary_large_image\" \/>\n<meta name=\"twitter:label1\" content=\"Est. reading time\" \/>\n\t<meta name=\"twitter:data1\" content=\"1 min\u016bte\" \/>\n<script type=\"application\/ld+json\" class=\"yoast-schema-graph\">{\"@context\":\"https:\\\/\\\/schema.org\",\"@graph\":[{\"@type\":\"WebPage\",\"@id\":\"https:\\\/\\\/kidsplay.lt\\\/produktas\\\/woopie-rozinis-vienaragio-sokliukas\\\/\",\"url\":\"https:\\\/\\\/kidsplay.lt\\\/produktas\\\/woopie-rozinis-vienaragio-sokliukas\\\/\",\"name\":\"WOOPIE Ro\u017einis Vienaragio \u0161okliukas\",\"isPartOf\":{\"@id\":\"https:\\\/\\\/kidsplay.lt\\\/#website\"},\"primaryImageOfPage\":{\"@id\":\"https:\\\/\\\/kidsplay.lt\\\/produktas\\\/woopie-rozinis-vienaragio-sokliukas\\\/#primaryimage\"},\"image\":{\"@id\":\"https:\\\/\\\/kidsplay.lt\\\/produktas\\\/woopie-rozinis-vienaragio-sokliukas\\\/#primaryimage\"},\"thumbnailUrl\":\"https:\\\/\\\/kidsplay.lt\\\/wp-content\\\/uploads\\\/2025\\\/10\\\/WOOPIE-Rozinis-Vienaragio-sokliukas.jpg\",\"datePublished\":\"2026-02-26T07:04:51+00:00\",\"dateModified\":\"2026-03-26T10:38:36+00:00\",\"description\":\"WOOPIE Ro\u017einis Vienaragio \u0161okliukas - KidsPlay. Did\u017eiausias vaik\u0173 \u017eaisl\u0173 pasirinkimas.\",\"breadcrumb\":{\"@id\":\"https:\\\/\\\/kidsplay.lt\\\/produktas\\\/woopie-rozinis-vienaragio-sokliukas\\\/#breadcrumb\"},\"inLanguage\":\"lv-LV\",\"potentialAction\":[{\"@type\":\"ReadAction\",\"target\":[\"https:\\\/\\\/kidsplay.lt\\\/produktas\\\/woopie-rozinis-vienaragio-sokliukas\\\/\"]}]},{\"@type\":\"ImageObject\",\"inLanguage\":\"lv-LV\",\"@id\":\"https:\\\/\\\/kidsplay.lt\\\/produktas\\\/woopie-rozinis-vienaragio-sokliukas\\\/#primaryimage\",\"url\":\"https:\\\/\\\/kidsplay.lt\\\/wp-content\\\/uploads\\\/2025\\\/10\\\/WOOPIE-Rozinis-Vienaragio-sokliukas.jpg\",\"contentUrl\":\"https:\\\/\\\/kidsplay.lt\\\/wp-content\\\/uploads\\\/2025\\\/10\\\/WOOPIE-Rozinis-Vienaragio-sokliukas.jpg\",\"width\":1000,\"height\":1000,\"caption\":\"WOOPIE Ro\u017einis Vienaragio \u0161okliukas\"},{\"@type\":\"BreadcrumbList\",\"@id\":\"https:\\\/\\\/kidsplay.lt\\\/produktas\\\/woopie-rozinis-vienaragio-sokliukas\\\/#breadcrumb\",\"itemListElement\":[{\"@type\":\"ListItem\",\"position\":1,\"name\":\"Pagrindinis\",\"item\":\"https:\\\/\\\/kidsplay.lt\\\/\"},{\"@type\":\"ListItem\",\"position\":2,\"name\":\"Parduotuv\u0117\",\"item\":\"https:\\\/\\\/kidsplay.lt\\\/parduotuve\\\/\"},{\"@type\":\"ListItem\",\"position\":3,\"name\":\"WOOPIE Ro\u017einis Vienaragio \u0161okliukas\"}]},{\"@type\":\"WebSite\",\"@id\":\"https:\\\/\\\/kidsplay.lt\\\/#website\",\"url\":\"https:\\\/\\\/kidsplay.lt\\\/\",\"name\":\"Kidsplay.lt\",\"description\":\"\u012evairios prek\u0117s vaikams\",\"publisher\":{\"@id\":\"https:\\\/\\\/kidsplay.lt\\\/#organization\"},\"alternateName\":\"Kidsplay\",\"potentialAction\":[{\"@type\":\"SearchAction\",\"target\":{\"@type\":\"EntryPoint\",\"urlTemplate\":\"https:\\\/\\\/kidsplay.lt\\\/?s={search_term_string}\"},\"query-input\":{\"@type\":\"PropertyValueSpecification\",\"valueRequired\":true,\"valueName\":\"search_term_string\"}}],\"inLanguage\":\"lv-LV\"},{\"@type\":\"Organization\",\"@id\":\"https:\\\/\\\/kidsplay.lt\\\/#organization\",\"name\":\"KidsPlay\",\"url\":\"https:\\\/\\\/kidsplay.lt\\\/\",\"logo\":{\"@type\":\"ImageObject\",\"inLanguage\":\"lv-LV\",\"@id\":\"https:\\\/\\\/kidsplay.lt\\\/#\\\/schema\\\/logo\\\/image\\\/\",\"url\":\"https:\\\/\\\/kidsplay.lt\\\/wp-content\\\/uploads\\\/2023\\\/07\\\/kidsplay-logo.png\",\"contentUrl\":\"https:\\\/\\\/kidsplay.lt\\\/wp-content\\\/uploads\\\/2023\\\/07\\\/kidsplay-logo.png\",\"width\":451,\"height\":98,\"caption\":\"KidsPlay\"},\"image\":{\"@id\":\"https:\\\/\\\/kidsplay.lt\\\/#\\\/schema\\\/logo\\\/image\\\/\"},\"sameAs\":[\"https:\\\/\\\/www.facebook.com\\\/www.kidsplay.lt\"]}]}<\/script>\n<!-- \/ Yoast SEO plugin. -->","yoast_head_json":{"title":"WOOPIE Ro\u017einis Vienaragio \u0161okliukas","description":"WOOPIE Ro\u017einis Vienaragio \u0161okliukas - KidsPlay. Did\u017eiausias vaik\u0173 \u017eaisl\u0173 pasirinkimas.","robots":{"index":"index","follow":"follow","max-snippet":"max-snippet:-1","max-image-preview":"max-image-preview:large","max-video-preview":"max-video-preview:-1"},"canonical":"https:\/\/kidsplay.lt\/lv\/products\/woopie-rozinis-vienaragio-sokliukas\/","og_locale":"lv_LV","og_type":"article","og_title":"WOOPIE Ro\u017einis Vienaragio \u0161okliukas","og_description":"WOOPIE Ro\u017einis Vienaragio \u0161okliukas - KidsPlay. Did\u017eiausias vaik\u0173 \u017eaisl\u0173 pasirinkimas.","og_url":"https:\/\/kidsplay.lt\/lv\/products\/woopie-rozinis-vienaragio-sokliukas\/","og_site_name":"KidsPlay","article_publisher":"https:\/\/www.facebook.com\/www.kidsplay.lt","article_modified_time":"2026-03-26T10:38:36+00:00","og_image":[{"width":1000,"height":1000,"url":"https:\/\/kidsplay.lt\/wp-content\/uploads\/2025\/10\/WOOPIE-Rozinis-Vienaragio-sokliukas.jpg","type":"image\/jpeg"}],"twitter_card":"summary_large_image","twitter_misc":{"Est. reading time":"1 min\u016bte"},"schema":{"@context":"https:\/\/schema.org","@graph":[{"@type":"WebPage","@id":"https:\/\/kidsplay.lt\/produktas\/woopie-rozinis-vienaragio-sokliukas\/","url":"https:\/\/kidsplay.lt\/produktas\/woopie-rozinis-vienaragio-sokliukas\/","name":"WOOPIE Ro\u017einis Vienaragio \u0161okliukas","isPartOf":{"@id":"https:\/\/kidsplay.lt\/#website"},"primaryImageOfPage":{"@id":"https:\/\/kidsplay.lt\/produktas\/woopie-rozinis-vienaragio-sokliukas\/#primaryimage"},"image":{"@id":"https:\/\/kidsplay.lt\/produktas\/woopie-rozinis-vienaragio-sokliukas\/#primaryimage"},"thumbnailUrl":"https:\/\/kidsplay.lt\/wp-content\/uploads\/2025\/10\/WOOPIE-Rozinis-Vienaragio-sokliukas.jpg","datePublished":"2026-02-26T07:04:51+00:00","dateModified":"2026-03-26T10:38:36+00:00","description":"WOOPIE Ro\u017einis Vienaragio \u0161okliukas - KidsPlay. Did\u017eiausias vaik\u0173 \u017eaisl\u0173 pasirinkimas.","breadcrumb":{"@id":"https:\/\/kidsplay.lt\/produktas\/woopie-rozinis-vienaragio-sokliukas\/#breadcrumb"},"inLanguage":"lv-LV","potentialAction":[{"@type":"ReadAction","target":["https:\/\/kidsplay.lt\/produktas\/woopie-rozinis-vienaragio-sokliukas\/"]}]},{"@type":"ImageObject","inLanguage":"lv-LV","@id":"https:\/\/kidsplay.lt\/produktas\/woopie-rozinis-vienaragio-sokliukas\/#primaryimage","url":"https:\/\/kidsplay.lt\/wp-content\/uploads\/2025\/10\/WOOPIE-Rozinis-Vienaragio-sokliukas.jpg","contentUrl":"https:\/\/kidsplay.lt\/wp-content\/uploads\/2025\/10\/WOOPIE-Rozinis-Vienaragio-sokliukas.jpg","width":1000,"height":1000,"caption":"WOOPIE Ro\u017einis Vienaragio \u0161okliukas"},{"@type":"BreadcrumbList","@id":"https:\/\/kidsplay.lt\/produktas\/woopie-rozinis-vienaragio-sokliukas\/#breadcrumb","itemListElement":[{"@type":"ListItem","position":1,"name":"Pagrindinis","item":"https:\/\/kidsplay.lt\/"},{"@type":"ListItem","position":2,"name":"Parduotuv\u0117","item":"https:\/\/kidsplay.lt\/parduotuve\/"},{"@type":"ListItem","position":3,"name":"WOOPIE Ro\u017einis Vienaragio \u0161okliukas"}]},{"@type":"WebSite","@id":"https:\/\/kidsplay.lt\/#website","url":"https:\/\/kidsplay.lt\/","name":"B\u0113rnu sp\u0113les.lv","description":"\u012evairios prek\u0117s vaikams","publisher":{"@id":"https:\/\/kidsplay.lt\/#organization"},"alternateName":"Kidsplay","potentialAction":[{"@type":"SearchAction","target":{"@type":"EntryPoint","urlTemplate":"https:\/\/kidsplay.lt\/?s={search_term_string}"},"query-input":{"@type":"PropertyValueSpecification","valueRequired":true,"valueName":"search_term_string"}}],"inLanguage":"lv-LV"},{"@type":"Organization","@id":"https:\/\/kidsplay.lt\/#organization","name":"B\u0113rnu sp\u0113le","url":"https:\/\/kidsplay.lt\/","logo":{"@type":"ImageObject","inLanguage":"lv-LV","@id":"https:\/\/kidsplay.lt\/#\/schema\/logo\/image\/","url":"https:\/\/kidsplay.lt\/wp-content\/uploads\/2023\/07\/kidsplay-logo.png","contentUrl":"https:\/\/kidsplay.lt\/wp-content\/uploads\/2023\/07\/kidsplay-logo.png","width":451,"height":98,"caption":"KidsPlay"},"image":{"@id":"https:\/\/kidsplay.lt\/#\/schema\/logo\/image\/"},"sameAs":["https:\/\/www.facebook.com\/www.kidsplay.lt"]}]}},"_links":{"self":[{"href":"https:\/\/kidsplay.lt\/lv\/wp-json\/wp\/v2\/product\/89003","targetHints":{"allow":["GET"]}}],"collection":[{"href":"https:\/\/kidsplay.lt\/lv\/wp-json\/wp\/v2\/product"}],"about":[{"href":"https:\/\/kidsplay.lt\/lv\/wp-json\/wp\/v2\/types\/product"}],"version-history":[{"count":1,"href":"https:\/\/kidsplay.lt\/lv\/wp-json\/wp\/v2\/product\/89003\/revisions"}],"predecessor-version":[{"id":89004,"href":"https:\/\/kidsplay.lt\/lv\/wp-json\/wp\/v2\/product\/89003\/revisions\/89004"}],"wp:featuredmedia":[{"embeddable":true,"href":"https:\/\/kidsplay.lt\/lv\/wp-json\/wp\/v2\/media\/78807"}],"wp:attachment":[{"href":"https:\/\/kidsplay.lt\/lv\/wp-json\/wp\/v2\/media?parent=89003"}],"wp:term":[{"taxonomy":"product_brand","embeddable":true,"href":"https:\/\/kidsplay.lt\/lv\/wp-json\/wp\/v2\/product_brand?post=89003"},{"taxonomy":"product_cat","embeddable":true,"href":"https:\/\/kidsplay.lt\/lv\/wp-json\/wp\/v2\/product_cat?post=89003"},{"taxonomy":"product_tag","embeddable":true,"href":"https:\/\/kidsplay.lt\/lv\/wp-json\/wp\/v2\/product_tag?post=89003"}],"curies":[{"name":"wp","href":"https:\/\/api.w.org\/{rel}","templated":true}]}}