{"id":89019,"date":"2026-02-26T09:05:25","date_gmt":"2026-02-26T07:05:25","guid":{"rendered":"https:\/\/kidsplay.lt\/produktas\/woopie-royal-kudikio-lele-meskiuko-kostiume-46-cm\/"},"modified":"2026-03-26T12:38:53","modified_gmt":"2026-03-26T10:38:53","slug":"woopie-royal-kudikio-lele-meskiuko-kostiume-46-cm","status":"publish","type":"product","link":"https:\/\/kidsplay.lt\/lv\/products\/woopie-royal-kudikio-lele-meskiuko-kostiume-46-cm\/","title":{"rendered":"WOOPIE ROYAL lelle rota\u013cu l\u0101c\u012b\u0161a kost\u012bm\u0101 46 cm"},"content":{"rendered":"<p>\u0160i \u201eWoopie\u00a0\u201c\u00a0l\u0117l\u0117\u00a0privers \u012fsimyl\u0117ti kiekvien\u0105 vaik\u0105! K\u016bdikis yra\u00a046 cm\u00a0\u016bgio ir vilki bod\u017eiu\u00a0su\u00a0gobtuvu\u00a0bei\u00a0batukais\u00a0.\u00a0L\u0117l\u0117 turi\u00a0judan\u010dias gal\u016bnes,\u00a0tod\u0117l j\u0105 galima pastatyti\u00a0s\u0117dint\u00a0arba\u00a0stovint\u00a0. \u017daidimas su l\u0117le padeda vaikams ugdyti empatijos\u00a0ir\u00a0atsakomyb\u0117s\u00a0jausm\u0105\u00a0. \u0160iai\u00a0\u017eavingai\u00a0ma\u017eai l\u0117lei reikia daug\u00a0prie\u017ei\u016bros\u00a0ir\u00a0meil\u0117s\u00a0. \u017daislas pagamintas labai\u00a0kruop\u0161\u010diai\u00a0,\u00a0tiksliai\u00a0atkuriant\u00a0tikro k\u016bdikio\u00a0i\u0161vaizd\u0105\u00a0,\u00a0kruop\u0161\u010diai apgalvotas\u00a0iki smulkiausi\u0173\u00a0detali\u0173,\u00a0o med\u017eiaga yra\u00a0ne\u012ftik\u0117tinai mink\u0161ta liesti!<\/p>\n<p>Rakstur\u012bgs:<\/p>\n<p> \t&#8211; l\u0117l\u0117 su drabu\u017eiais,\u00a046 cm dyd\u017eio,<br \/>\n \t&#8211; apsireng\u0119s mielu m\u0117lynu kostiumu:\u00a0bod\u017eiu su me\u0161kiuku ir gobtuvu bei bateliais\/kojin\u0117mis,<br \/>\n \t&#8211; padeda vaikui ugdyti empatijos\u00a0,\u00a0vaizduot\u0117s\u00a0ir atsakomyb\u0117s\u00a0jausm\u0105\u00a0,<br \/>\n \t&#8211;\u00a0judan\u010dios l\u0117l\u0117s gal\u016bn\u0117s,<br \/>\n \t&#8211; l\u0117l\u0119 galima pastatyti\u00a0s\u0117dimoje\u00a0arba\u00a0stovimoje pad\u0117tyje,<br \/>\n \t&#8211;\u00a0puiki dovana\u00a0bet kuriam vaikui, kuris myli l\u0117les.<\/p>","protected":false},"excerpt":{"rendered":"<p>\u0160i \u201eWoopie\u00a0\u201c\u00a0l\u0117l\u0117\u00a0privers \u012fsimyl\u0117ti kiekvien\u0105 vaik\u0105! K\u016bdikis yra\u00a046 cm\u00a0\u016bgio ir vilki bod\u017eiu\u00a0su\u00a0gobtuvu\u00a0bei\u00a0batukais\u00a0.\u00a0L\u0117l\u0117 turi\u00a0judan\u010dias gal\u016bnes,\u00a0tod\u0117l j\u0105 galima pastatyti\u00a0s\u0117dint\u00a0arba\u00a0stovint\u00a0. \u017daidimas su l\u0117le padeda<\/p>","protected":false},"featured_media":63216,"template":"","meta":{"_acf_changed":false,"_glsr_average":0,"_glsr_ranking":0,"_glsr_reviews":0},"product_brand":[],"product_cat":[443,229],"product_tag":[],"class_list":{"0":"post-89019","1":"product","2":"type-product","3":"status-publish","4":"has-post-thumbnail","6":"product_cat-leles-ir-priedai","7":"product_cat-zaislai-vaikams","8":"\"style=\"background-color: #2ecc711c;\"","10":"first","11":"outofstock","12":"purchasable","13":"product-type-simple"},"acf":[],"yoast_head":"<!-- This site is optimized with the Yoast SEO plugin v27.4 - https:\/\/yoast.com\/product\/yoast-seo-wordpress\/ -->\n<title>WOOPIE ROYAL k\u016bdikio l\u0117l\u0117 me\u0161kiuko kostiume 46 cm<\/title>\n<meta name=\"description\" content=\"WOOPIE ROYAL k\u016bdikio l\u0117l\u0117 me\u0161kiuko kostiume 46 cm - KidsPlay. Did\u017eiausias vaik\u0173 \u017eaisl\u0173 pasirinkimas.\" \/>\n<meta name=\"robots\" content=\"index, follow, max-snippet:-1, max-image-preview:large, max-video-preview:-1\" \/>\n<link rel=\"canonical\" href=\"https:\/\/kidsplay.lt\/lv\/products\/woopie-royal-kudikio-lele-meskiuko-kostiume-46-cm\/\" \/>\n<meta property=\"og:locale\" content=\"lv_LV\" \/>\n<meta property=\"og:type\" content=\"article\" \/>\n<meta property=\"og:title\" content=\"WOOPIE ROYAL k\u016bdikio l\u0117l\u0117 me\u0161kiuko kostiume 46 cm\" \/>\n<meta property=\"og:description\" content=\"WOOPIE ROYAL k\u016bdikio l\u0117l\u0117 me\u0161kiuko kostiume 46 cm - KidsPlay. Did\u017eiausias vaik\u0173 \u017eaisl\u0173 pasirinkimas.\" \/>\n<meta property=\"og:url\" content=\"https:\/\/kidsplay.lt\/lv\/products\/woopie-royal-kudikio-lele-meskiuko-kostiume-46-cm\/\" \/>\n<meta property=\"og:site_name\" content=\"KidsPlay\" \/>\n<meta property=\"article:publisher\" content=\"https:\/\/www.facebook.com\/www.kidsplay.lt\" \/>\n<meta property=\"article:modified_time\" content=\"2026-03-26T10:38:53+00:00\" \/>\n<meta property=\"og:image\" content=\"https:\/\/kidsplay.lt\/wp-content\/uploads\/2025\/09\/WOOPIE-ROYAL-kudikio-lele-meskiuko-kostiume-46-cm.jpg\" \/>\n\t<meta property=\"og:image:width\" content=\"1000\" \/>\n\t<meta property=\"og:image:height\" content=\"1000\" \/>\n\t<meta property=\"og:image:type\" content=\"image\/jpeg\" \/>\n<meta name=\"twitter:card\" content=\"summary_large_image\" \/>\n<meta name=\"twitter:label1\" content=\"Est. reading time\" \/>\n\t<meta name=\"twitter:data1\" content=\"1 min\u016bte\" \/>\n<script type=\"application\/ld+json\" class=\"yoast-schema-graph\">{\"@context\":\"https:\\\/\\\/schema.org\",\"@graph\":[{\"@type\":\"WebPage\",\"@id\":\"https:\\\/\\\/kidsplay.lt\\\/produktas\\\/woopie-royal-kudikio-lele-meskiuko-kostiume-46-cm\\\/\",\"url\":\"https:\\\/\\\/kidsplay.lt\\\/produktas\\\/woopie-royal-kudikio-lele-meskiuko-kostiume-46-cm\\\/\",\"name\":\"WOOPIE ROYAL k\u016bdikio l\u0117l\u0117 me\u0161kiuko kostiume 46 cm\",\"isPartOf\":{\"@id\":\"https:\\\/\\\/kidsplay.lt\\\/#website\"},\"primaryImageOfPage\":{\"@id\":\"https:\\\/\\\/kidsplay.lt\\\/produktas\\\/woopie-royal-kudikio-lele-meskiuko-kostiume-46-cm\\\/#primaryimage\"},\"image\":{\"@id\":\"https:\\\/\\\/kidsplay.lt\\\/produktas\\\/woopie-royal-kudikio-lele-meskiuko-kostiume-46-cm\\\/#primaryimage\"},\"thumbnailUrl\":\"https:\\\/\\\/kidsplay.lt\\\/wp-content\\\/uploads\\\/2025\\\/09\\\/WOOPIE-ROYAL-kudikio-lele-meskiuko-kostiume-46-cm.jpg\",\"datePublished\":\"2026-02-26T07:05:25+00:00\",\"dateModified\":\"2026-03-26T10:38:53+00:00\",\"description\":\"WOOPIE ROYAL k\u016bdikio l\u0117l\u0117 me\u0161kiuko kostiume 46 cm - KidsPlay. Did\u017eiausias vaik\u0173 \u017eaisl\u0173 pasirinkimas.\",\"breadcrumb\":{\"@id\":\"https:\\\/\\\/kidsplay.lt\\\/produktas\\\/woopie-royal-kudikio-lele-meskiuko-kostiume-46-cm\\\/#breadcrumb\"},\"inLanguage\":\"lv-LV\",\"potentialAction\":[{\"@type\":\"ReadAction\",\"target\":[\"https:\\\/\\\/kidsplay.lt\\\/produktas\\\/woopie-royal-kudikio-lele-meskiuko-kostiume-46-cm\\\/\"]}]},{\"@type\":\"ImageObject\",\"inLanguage\":\"lv-LV\",\"@id\":\"https:\\\/\\\/kidsplay.lt\\\/produktas\\\/woopie-royal-kudikio-lele-meskiuko-kostiume-46-cm\\\/#primaryimage\",\"url\":\"https:\\\/\\\/kidsplay.lt\\\/wp-content\\\/uploads\\\/2025\\\/09\\\/WOOPIE-ROYAL-kudikio-lele-meskiuko-kostiume-46-cm.jpg\",\"contentUrl\":\"https:\\\/\\\/kidsplay.lt\\\/wp-content\\\/uploads\\\/2025\\\/09\\\/WOOPIE-ROYAL-kudikio-lele-meskiuko-kostiume-46-cm.jpg\",\"width\":1000,\"height\":1000,\"caption\":\"WOOPIE ROYAL k\u016bdikio l\u0117l\u0117 me\u0161kiuko kostiume 46 cm\"},{\"@type\":\"BreadcrumbList\",\"@id\":\"https:\\\/\\\/kidsplay.lt\\\/produktas\\\/woopie-royal-kudikio-lele-meskiuko-kostiume-46-cm\\\/#breadcrumb\",\"itemListElement\":[{\"@type\":\"ListItem\",\"position\":1,\"name\":\"Pagrindinis\",\"item\":\"https:\\\/\\\/kidsplay.lt\\\/\"},{\"@type\":\"ListItem\",\"position\":2,\"name\":\"Parduotuv\u0117\",\"item\":\"https:\\\/\\\/kidsplay.lt\\\/parduotuve\\\/\"},{\"@type\":\"ListItem\",\"position\":3,\"name\":\"WOOPIE ROYAL k\u016bdikio l\u0117l\u0117 me\u0161kiuko kostiume 46 cm\"}]},{\"@type\":\"WebSite\",\"@id\":\"https:\\\/\\\/kidsplay.lt\\\/#website\",\"url\":\"https:\\\/\\\/kidsplay.lt\\\/\",\"name\":\"Kidsplay.lt\",\"description\":\"\u012evairios prek\u0117s vaikams\",\"publisher\":{\"@id\":\"https:\\\/\\\/kidsplay.lt\\\/#organization\"},\"alternateName\":\"Kidsplay\",\"potentialAction\":[{\"@type\":\"SearchAction\",\"target\":{\"@type\":\"EntryPoint\",\"urlTemplate\":\"https:\\\/\\\/kidsplay.lt\\\/?s={search_term_string}\"},\"query-input\":{\"@type\":\"PropertyValueSpecification\",\"valueRequired\":true,\"valueName\":\"search_term_string\"}}],\"inLanguage\":\"lv-LV\"},{\"@type\":\"Organization\",\"@id\":\"https:\\\/\\\/kidsplay.lt\\\/#organization\",\"name\":\"KidsPlay\",\"url\":\"https:\\\/\\\/kidsplay.lt\\\/\",\"logo\":{\"@type\":\"ImageObject\",\"inLanguage\":\"lv-LV\",\"@id\":\"https:\\\/\\\/kidsplay.lt\\\/#\\\/schema\\\/logo\\\/image\\\/\",\"url\":\"https:\\\/\\\/kidsplay.lt\\\/wp-content\\\/uploads\\\/2023\\\/07\\\/kidsplay-logo.png\",\"contentUrl\":\"https:\\\/\\\/kidsplay.lt\\\/wp-content\\\/uploads\\\/2023\\\/07\\\/kidsplay-logo.png\",\"width\":451,\"height\":98,\"caption\":\"KidsPlay\"},\"image\":{\"@id\":\"https:\\\/\\\/kidsplay.lt\\\/#\\\/schema\\\/logo\\\/image\\\/\"},\"sameAs\":[\"https:\\\/\\\/www.facebook.com\\\/www.kidsplay.lt\"]}]}<\/script>\n<!-- \/ Yoast SEO plugin. -->","yoast_head_json":{"title":"WOOPIE ROYAL lelle rota\u013cu l\u0101c\u012b\u0161a kost\u012bm\u0101 46 cm","description":"WOOPIE ROYAL k\u016bdikio l\u0117l\u0117 me\u0161kiuko kostiume 46 cm - KidsPlay. Did\u017eiausias vaik\u0173 \u017eaisl\u0173 pasirinkimas.","robots":{"index":"index","follow":"follow","max-snippet":"max-snippet:-1","max-image-preview":"max-image-preview:large","max-video-preview":"max-video-preview:-1"},"canonical":"https:\/\/kidsplay.lt\/lv\/products\/woopie-royal-kudikio-lele-meskiuko-kostiume-46-cm\/","og_locale":"lv_LV","og_type":"article","og_title":"WOOPIE ROYAL k\u016bdikio l\u0117l\u0117 me\u0161kiuko kostiume 46 cm","og_description":"WOOPIE ROYAL k\u016bdikio l\u0117l\u0117 me\u0161kiuko kostiume 46 cm - KidsPlay. Did\u017eiausias vaik\u0173 \u017eaisl\u0173 pasirinkimas.","og_url":"https:\/\/kidsplay.lt\/lv\/products\/woopie-royal-kudikio-lele-meskiuko-kostiume-46-cm\/","og_site_name":"KidsPlay","article_publisher":"https:\/\/www.facebook.com\/www.kidsplay.lt","article_modified_time":"2026-03-26T10:38:53+00:00","og_image":[{"width":1000,"height":1000,"url":"https:\/\/kidsplay.lt\/wp-content\/uploads\/2025\/09\/WOOPIE-ROYAL-kudikio-lele-meskiuko-kostiume-46-cm.jpg","type":"image\/jpeg"}],"twitter_card":"summary_large_image","twitter_misc":{"Est. reading time":"1 min\u016bte"},"schema":{"@context":"https:\/\/schema.org","@graph":[{"@type":"WebPage","@id":"https:\/\/kidsplay.lt\/produktas\/woopie-royal-kudikio-lele-meskiuko-kostiume-46-cm\/","url":"https:\/\/kidsplay.lt\/produktas\/woopie-royal-kudikio-lele-meskiuko-kostiume-46-cm\/","name":"WOOPIE ROYAL lelle rota\u013cu l\u0101c\u012b\u0161a kost\u012bm\u0101 46 cm","isPartOf":{"@id":"https:\/\/kidsplay.lt\/#website"},"primaryImageOfPage":{"@id":"https:\/\/kidsplay.lt\/produktas\/woopie-royal-kudikio-lele-meskiuko-kostiume-46-cm\/#primaryimage"},"image":{"@id":"https:\/\/kidsplay.lt\/produktas\/woopie-royal-kudikio-lele-meskiuko-kostiume-46-cm\/#primaryimage"},"thumbnailUrl":"https:\/\/kidsplay.lt\/wp-content\/uploads\/2025\/09\/WOOPIE-ROYAL-kudikio-lele-meskiuko-kostiume-46-cm.jpg","datePublished":"2026-02-26T07:05:25+00:00","dateModified":"2026-03-26T10:38:53+00:00","description":"WOOPIE ROYAL k\u016bdikio l\u0117l\u0117 me\u0161kiuko kostiume 46 cm - KidsPlay. Did\u017eiausias vaik\u0173 \u017eaisl\u0173 pasirinkimas.","breadcrumb":{"@id":"https:\/\/kidsplay.lt\/produktas\/woopie-royal-kudikio-lele-meskiuko-kostiume-46-cm\/#breadcrumb"},"inLanguage":"lv-LV","potentialAction":[{"@type":"ReadAction","target":["https:\/\/kidsplay.lt\/produktas\/woopie-royal-kudikio-lele-meskiuko-kostiume-46-cm\/"]}]},{"@type":"ImageObject","inLanguage":"lv-LV","@id":"https:\/\/kidsplay.lt\/produktas\/woopie-royal-kudikio-lele-meskiuko-kostiume-46-cm\/#primaryimage","url":"https:\/\/kidsplay.lt\/wp-content\/uploads\/2025\/09\/WOOPIE-ROYAL-kudikio-lele-meskiuko-kostiume-46-cm.jpg","contentUrl":"https:\/\/kidsplay.lt\/wp-content\/uploads\/2025\/09\/WOOPIE-ROYAL-kudikio-lele-meskiuko-kostiume-46-cm.jpg","width":1000,"height":1000,"caption":"WOOPIE ROYAL k\u016bdikio l\u0117l\u0117 me\u0161kiuko kostiume 46 cm"},{"@type":"BreadcrumbList","@id":"https:\/\/kidsplay.lt\/produktas\/woopie-royal-kudikio-lele-meskiuko-kostiume-46-cm\/#breadcrumb","itemListElement":[{"@type":"ListItem","position":1,"name":"Pagrindinis","item":"https:\/\/kidsplay.lt\/"},{"@type":"ListItem","position":2,"name":"Parduotuv\u0117","item":"https:\/\/kidsplay.lt\/parduotuve\/"},{"@type":"ListItem","position":3,"name":"WOOPIE ROYAL k\u016bdikio l\u0117l\u0117 me\u0161kiuko kostiume 46 cm"}]},{"@type":"WebSite","@id":"https:\/\/kidsplay.lt\/#website","url":"https:\/\/kidsplay.lt\/","name":"B\u0113rnu sp\u0113les.lv","description":"\u012evairios prek\u0117s vaikams","publisher":{"@id":"https:\/\/kidsplay.lt\/#organization"},"alternateName":"Kidsplay","potentialAction":[{"@type":"SearchAction","target":{"@type":"EntryPoint","urlTemplate":"https:\/\/kidsplay.lt\/?s={search_term_string}"},"query-input":{"@type":"PropertyValueSpecification","valueRequired":true,"valueName":"search_term_string"}}],"inLanguage":"lv-LV"},{"@type":"Organization","@id":"https:\/\/kidsplay.lt\/#organization","name":"B\u0113rnu sp\u0113le","url":"https:\/\/kidsplay.lt\/","logo":{"@type":"ImageObject","inLanguage":"lv-LV","@id":"https:\/\/kidsplay.lt\/#\/schema\/logo\/image\/","url":"https:\/\/kidsplay.lt\/wp-content\/uploads\/2023\/07\/kidsplay-logo.png","contentUrl":"https:\/\/kidsplay.lt\/wp-content\/uploads\/2023\/07\/kidsplay-logo.png","width":451,"height":98,"caption":"KidsPlay"},"image":{"@id":"https:\/\/kidsplay.lt\/#\/schema\/logo\/image\/"},"sameAs":["https:\/\/www.facebook.com\/www.kidsplay.lt"]}]}},"_links":{"self":[{"href":"https:\/\/kidsplay.lt\/lv\/wp-json\/wp\/v2\/product\/89019","targetHints":{"allow":["GET"]}}],"collection":[{"href":"https:\/\/kidsplay.lt\/lv\/wp-json\/wp\/v2\/product"}],"about":[{"href":"https:\/\/kidsplay.lt\/lv\/wp-json\/wp\/v2\/types\/product"}],"version-history":[{"count":1,"href":"https:\/\/kidsplay.lt\/lv\/wp-json\/wp\/v2\/product\/89019\/revisions"}],"predecessor-version":[{"id":89020,"href":"https:\/\/kidsplay.lt\/lv\/wp-json\/wp\/v2\/product\/89019\/revisions\/89020"}],"wp:featuredmedia":[{"embeddable":true,"href":"https:\/\/kidsplay.lt\/lv\/wp-json\/wp\/v2\/media\/63216"}],"wp:attachment":[{"href":"https:\/\/kidsplay.lt\/lv\/wp-json\/wp\/v2\/media?parent=89019"}],"wp:term":[{"taxonomy":"product_brand","embeddable":true,"href":"https:\/\/kidsplay.lt\/lv\/wp-json\/wp\/v2\/product_brand?post=89019"},{"taxonomy":"product_cat","embeddable":true,"href":"https:\/\/kidsplay.lt\/lv\/wp-json\/wp\/v2\/product_cat?post=89019"},{"taxonomy":"product_tag","embeddable":true,"href":"https:\/\/kidsplay.lt\/lv\/wp-json\/wp\/v2\/product_tag?post=89019"}],"curies":[{"name":"wp","href":"https:\/\/api.w.org\/{rel}","templated":true}]}}