{"id":89044,"date":"2026-02-26T09:06:03","date_gmt":"2026-02-26T07:06:03","guid":{"rendered":"https:\/\/kidsplay.lt\/produktas\/woopie-2in1-dvipuse-piesimo-lenta\/"},"modified":"2026-04-07T10:21:54","modified_gmt":"2026-04-07T07:21:54","slug":"woopie-2in1-dvipuse-piesimo-lenta","status":"publish","type":"product","link":"https:\/\/kidsplay.lt\/lv\/products\/woopie-2in1-dvipuse-piesimo-lenta\/","title":{"rendered":"WOOPIE 2in1 dvipus\u0117 pie\u0161imo lenta"},"content":{"rendered":"<p>\u0160i unikali,\u00a0spalvinga 2 viename lenta\u00a0yra puikus sprendimas kiekvienam\u00a0ma\u017eajam menininkui, tyrin\u0117tojui ir mokiniui\u00a0. J\u016bs\u0173 vaikas gal\u0117s pie\u0161ti, ra\u0161yti, mokytis raid\u017ei\u0173 ir skai\u010di\u0173, mokytis spalv\u0173, lavinti smulki\u0105j\u0105 motorik\u0105 ir k\u016brybi\u0161kai leisti laik\u0105 \u2013 ne\u017ei\u016br\u0117damas \u012f ekran\u0105! \u017daidimas prie lentos yra ne tik labai smagus, bet ir lavina\u00a0vaizduot\u0119, susikaupim\u0105 bei smulki\u0105j\u0105 motorik\u0105.\u00a0Dvipusis pavir\u0161ius (baltas ir juodas) ir platus pried\u0173 asortimentas (\u017eymekliai, kreidel\u0117s, magnetai) paver\u010dia galimybes prakti\u0161kai neribotomis.<\/p>\n<p>\u2705B\u016bdingas:<\/p>\n<p>\u2714\ufe0f\u00a02 viename:\u00a0balta lenta ra\u0161ymui su \u017eymekliais + juoda lenta pie\u0161imui kreida<br \/>\n\u2714\ufe0f\u00a0Daugiafunkcis dizainas\u00a0\u2013 derina pramogas su mokymusi<br \/>\n\u2714\ufe0f\u00a0Stabilus, platus pagrindas ir \u0161onin\u0117s lentynos priedams<br \/>\n\u2714\ufe0f\u00a0Puikiai tinka namams, dar\u017eeliui, \u017eaidim\u0173 kambariui arba kaip dovana<\/p>\n<p>\u2705\u012e rinkin\u012f \u012feina:<\/p>\n<p>\u2714\ufe0f 8 vandens pagrindo \u017eymekliai<br \/>\n\u2714\ufe0f 6 spalvotos kreidel\u0117s<br \/>\n\u2714\ufe0f 1 kempin\u0117 \/ \u0161luost\u0117 baltai lentai<br \/>\n\u2714\ufe0f 4 magnetai baltai lentai<br \/>\n\u2714\ufe0f Dvipus\u0117 lenta (balta + juoda)<br \/>\n\u2714\ufe0f Spalvoti \u0161oniniai konteineriai priedams<br \/>\n\u2714\ufe0f Reikalingi tvirtinimo elementai<\/p>\n<p>\u2705\u00a0\u017daislas vystosi:<\/p>\n<p>\u2714\ufe0f\u00a0Lavina k\u016brybi\u0161kum\u0105 ir vaizduot\u0119<br \/>\n\u00a0\u2714\ufe0f\u00a0Moko eksperimentuoti su spalvomis ir pie\u0161imo technikomis<br \/>\n\u00a0\u2714\ufe0f\u00a0Palaiko regim\u0105j\u012f suvokim\u0105 ir motorin\u0119 koordinacij\u0105<br \/>\n\u00a0\u2714\ufe0f\u00a0Skatina bendradarbiavim\u0105 ir bendr\u0105 \u017eaidim\u0105<\/p>","protected":false},"excerpt":{"rendered":"<p>\u0160i unikali,\u00a0spalvinga 2 viename lenta\u00a0yra puikus sprendimas kiekvienam\u00a0ma\u017eajam menininkui, tyrin\u0117tojui ir mokiniui\u00a0. J\u016bs\u0173 vaikas gal\u0117s pie\u0161ti, ra\u0161yti, mokytis raid\u017ei\u0173 ir<\/p>","protected":false},"featured_media":63226,"template":"","meta":{"_acf_changed":false,"_glsr_average":0,"_glsr_ranking":0,"_glsr_reviews":0},"product_brand":[],"product_cat":[388],"product_tag":[],"class_list":{"0":"post-89044","1":"product","2":"type-product","3":"status-publish","4":"has-post-thumbnail","6":"product_cat-edukaciniai-lavinamieji-zaislai","7":"\"style=\"background-color: #2ecc711c;\"","9":"first","10":"instock","11":"purchasable","12":"product-type-simple"},"acf":[],"yoast_head":"<!-- This site is optimized with the Yoast SEO plugin v27.3 - https:\/\/yoast.com\/product\/yoast-seo-wordpress\/ -->\n<title>WOOPIE 2in1 dvipus\u0117 pie\u0161imo lenta<\/title>\n<meta name=\"description\" content=\"WOOPIE 2in1 dvipus\u0117 pie\u0161imo lenta - KidsPlay. Did\u017eiausias vaik\u0173 \u017eaisl\u0173 pasirinkimas.\" \/>\n<meta name=\"robots\" content=\"index, follow, max-snippet:-1, max-image-preview:large, max-video-preview:-1\" \/>\n<link rel=\"canonical\" href=\"https:\/\/kidsplay.lt\/lv\/products\/woopie-2in1-dvipuse-piesimo-lenta\/\" \/>\n<meta property=\"og:locale\" content=\"lv_LV\" \/>\n<meta property=\"og:type\" content=\"article\" \/>\n<meta property=\"og:title\" content=\"WOOPIE 2in1 dvipus\u0117 pie\u0161imo lenta\" \/>\n<meta property=\"og:description\" content=\"WOOPIE 2in1 dvipus\u0117 pie\u0161imo lenta - KidsPlay. Did\u017eiausias vaik\u0173 \u017eaisl\u0173 pasirinkimas.\" \/>\n<meta property=\"og:url\" content=\"https:\/\/kidsplay.lt\/lv\/products\/woopie-2in1-dvipuse-piesimo-lenta\/\" \/>\n<meta property=\"og:site_name\" content=\"KidsPlay\" \/>\n<meta property=\"article:publisher\" content=\"https:\/\/www.facebook.com\/www.kidsplay.lt\" \/>\n<meta property=\"article:modified_time\" content=\"2026-04-07T07:21:54+00:00\" \/>\n<meta property=\"og:image\" content=\"https:\/\/kidsplay.lt\/wp-content\/uploads\/2025\/09\/WOOPIE-2in1-dvipuse-piesimo-lenta.jpg\" \/>\n\t<meta property=\"og:image:width\" content=\"1000\" \/>\n\t<meta property=\"og:image:height\" content=\"1000\" \/>\n\t<meta property=\"og:image:type\" content=\"image\/jpeg\" \/>\n<meta name=\"twitter:card\" content=\"summary_large_image\" \/>\n<meta name=\"twitter:label1\" content=\"Est. reading time\" \/>\n\t<meta name=\"twitter:data1\" content=\"1 min\u016bte\" \/>\n<script type=\"application\/ld+json\" class=\"yoast-schema-graph\">{\"@context\":\"https:\\\/\\\/schema.org\",\"@graph\":[{\"@type\":\"WebPage\",\"@id\":\"https:\\\/\\\/kidsplay.lt\\\/produktas\\\/woopie-2in1-dvipuse-piesimo-lenta\\\/\",\"url\":\"https:\\\/\\\/kidsplay.lt\\\/produktas\\\/woopie-2in1-dvipuse-piesimo-lenta\\\/\",\"name\":\"WOOPIE 2in1 dvipus\u0117 pie\u0161imo lenta\",\"isPartOf\":{\"@id\":\"https:\\\/\\\/kidsplay.lt\\\/#website\"},\"primaryImageOfPage\":{\"@id\":\"https:\\\/\\\/kidsplay.lt\\\/produktas\\\/woopie-2in1-dvipuse-piesimo-lenta\\\/#primaryimage\"},\"image\":{\"@id\":\"https:\\\/\\\/kidsplay.lt\\\/produktas\\\/woopie-2in1-dvipuse-piesimo-lenta\\\/#primaryimage\"},\"thumbnailUrl\":\"https:\\\/\\\/kidsplay.lt\\\/wp-content\\\/uploads\\\/2025\\\/09\\\/WOOPIE-2in1-dvipuse-piesimo-lenta.jpg\",\"datePublished\":\"2026-02-26T07:06:03+00:00\",\"dateModified\":\"2026-04-07T07:21:54+00:00\",\"description\":\"WOOPIE 2in1 dvipus\u0117 pie\u0161imo lenta - KidsPlay. Did\u017eiausias vaik\u0173 \u017eaisl\u0173 pasirinkimas.\",\"breadcrumb\":{\"@id\":\"https:\\\/\\\/kidsplay.lt\\\/produktas\\\/woopie-2in1-dvipuse-piesimo-lenta\\\/#breadcrumb\"},\"inLanguage\":\"lv-LV\",\"potentialAction\":[{\"@type\":\"ReadAction\",\"target\":[\"https:\\\/\\\/kidsplay.lt\\\/produktas\\\/woopie-2in1-dvipuse-piesimo-lenta\\\/\"]}]},{\"@type\":\"ImageObject\",\"inLanguage\":\"lv-LV\",\"@id\":\"https:\\\/\\\/kidsplay.lt\\\/produktas\\\/woopie-2in1-dvipuse-piesimo-lenta\\\/#primaryimage\",\"url\":\"https:\\\/\\\/kidsplay.lt\\\/wp-content\\\/uploads\\\/2025\\\/09\\\/WOOPIE-2in1-dvipuse-piesimo-lenta.jpg\",\"contentUrl\":\"https:\\\/\\\/kidsplay.lt\\\/wp-content\\\/uploads\\\/2025\\\/09\\\/WOOPIE-2in1-dvipuse-piesimo-lenta.jpg\",\"width\":1000,\"height\":1000,\"caption\":\"WOOPIE 2in1 dvipus\u0117 pie\u0161imo lenta\"},{\"@type\":\"BreadcrumbList\",\"@id\":\"https:\\\/\\\/kidsplay.lt\\\/produktas\\\/woopie-2in1-dvipuse-piesimo-lenta\\\/#breadcrumb\",\"itemListElement\":[{\"@type\":\"ListItem\",\"position\":1,\"name\":\"Pagrindinis\",\"item\":\"https:\\\/\\\/kidsplay.lt\\\/\"},{\"@type\":\"ListItem\",\"position\":2,\"name\":\"Parduotuv\u0117\",\"item\":\"https:\\\/\\\/kidsplay.lt\\\/parduotuve\\\/\"},{\"@type\":\"ListItem\",\"position\":3,\"name\":\"WOOPIE 2in1 dvipus\u0117 pie\u0161imo lenta\"}]},{\"@type\":\"WebSite\",\"@id\":\"https:\\\/\\\/kidsplay.lt\\\/#website\",\"url\":\"https:\\\/\\\/kidsplay.lt\\\/\",\"name\":\"Kidsplay.lt\",\"description\":\"\u012evairios prek\u0117s vaikams\",\"publisher\":{\"@id\":\"https:\\\/\\\/kidsplay.lt\\\/#organization\"},\"alternateName\":\"Kidsplay\",\"potentialAction\":[{\"@type\":\"SearchAction\",\"target\":{\"@type\":\"EntryPoint\",\"urlTemplate\":\"https:\\\/\\\/kidsplay.lt\\\/?s={search_term_string}\"},\"query-input\":{\"@type\":\"PropertyValueSpecification\",\"valueRequired\":true,\"valueName\":\"search_term_string\"}}],\"inLanguage\":\"lv-LV\"},{\"@type\":\"Organization\",\"@id\":\"https:\\\/\\\/kidsplay.lt\\\/#organization\",\"name\":\"KidsPlay\",\"url\":\"https:\\\/\\\/kidsplay.lt\\\/\",\"logo\":{\"@type\":\"ImageObject\",\"inLanguage\":\"lv-LV\",\"@id\":\"https:\\\/\\\/kidsplay.lt\\\/#\\\/schema\\\/logo\\\/image\\\/\",\"url\":\"https:\\\/\\\/kidsplay.lt\\\/wp-content\\\/uploads\\\/2023\\\/07\\\/kidsplay-logo.png\",\"contentUrl\":\"https:\\\/\\\/kidsplay.lt\\\/wp-content\\\/uploads\\\/2023\\\/07\\\/kidsplay-logo.png\",\"width\":451,\"height\":98,\"caption\":\"KidsPlay\"},\"image\":{\"@id\":\"https:\\\/\\\/kidsplay.lt\\\/#\\\/schema\\\/logo\\\/image\\\/\"},\"sameAs\":[\"https:\\\/\\\/www.facebook.com\\\/www.kidsplay.lt\"]}]}<\/script>\n<!-- \/ Yoast SEO plugin. -->","yoast_head_json":{"title":"WOOPIE 2in1 dvipus\u0117 pie\u0161imo lenta","description":"WOOPIE 2in1 dvipus\u0117 pie\u0161imo lenta - KidsPlay. Did\u017eiausias vaik\u0173 \u017eaisl\u0173 pasirinkimas.","robots":{"index":"index","follow":"follow","max-snippet":"max-snippet:-1","max-image-preview":"max-image-preview:large","max-video-preview":"max-video-preview:-1"},"canonical":"https:\/\/kidsplay.lt\/lv\/products\/woopie-2in1-dvipuse-piesimo-lenta\/","og_locale":"lv_LV","og_type":"article","og_title":"WOOPIE 2in1 dvipus\u0117 pie\u0161imo lenta","og_description":"WOOPIE 2in1 dvipus\u0117 pie\u0161imo lenta - KidsPlay. Did\u017eiausias vaik\u0173 \u017eaisl\u0173 pasirinkimas.","og_url":"https:\/\/kidsplay.lt\/lv\/products\/woopie-2in1-dvipuse-piesimo-lenta\/","og_site_name":"KidsPlay","article_publisher":"https:\/\/www.facebook.com\/www.kidsplay.lt","article_modified_time":"2026-04-07T07:21:54+00:00","og_image":[{"width":1000,"height":1000,"url":"https:\/\/kidsplay.lt\/wp-content\/uploads\/2025\/09\/WOOPIE-2in1-dvipuse-piesimo-lenta.jpg","type":"image\/jpeg"}],"twitter_card":"summary_large_image","twitter_misc":{"Est. reading time":"1 min\u016bte"},"schema":{"@context":"https:\/\/schema.org","@graph":[{"@type":"WebPage","@id":"https:\/\/kidsplay.lt\/produktas\/woopie-2in1-dvipuse-piesimo-lenta\/","url":"https:\/\/kidsplay.lt\/produktas\/woopie-2in1-dvipuse-piesimo-lenta\/","name":"WOOPIE 2in1 dvipus\u0117 pie\u0161imo lenta","isPartOf":{"@id":"https:\/\/kidsplay.lt\/#website"},"primaryImageOfPage":{"@id":"https:\/\/kidsplay.lt\/produktas\/woopie-2in1-dvipuse-piesimo-lenta\/#primaryimage"},"image":{"@id":"https:\/\/kidsplay.lt\/produktas\/woopie-2in1-dvipuse-piesimo-lenta\/#primaryimage"},"thumbnailUrl":"https:\/\/kidsplay.lt\/wp-content\/uploads\/2025\/09\/WOOPIE-2in1-dvipuse-piesimo-lenta.jpg","datePublished":"2026-02-26T07:06:03+00:00","dateModified":"2026-04-07T07:21:54+00:00","description":"WOOPIE 2in1 dvipus\u0117 pie\u0161imo lenta - KidsPlay. Did\u017eiausias vaik\u0173 \u017eaisl\u0173 pasirinkimas.","breadcrumb":{"@id":"https:\/\/kidsplay.lt\/produktas\/woopie-2in1-dvipuse-piesimo-lenta\/#breadcrumb"},"inLanguage":"lv-LV","potentialAction":[{"@type":"ReadAction","target":["https:\/\/kidsplay.lt\/produktas\/woopie-2in1-dvipuse-piesimo-lenta\/"]}]},{"@type":"ImageObject","inLanguage":"lv-LV","@id":"https:\/\/kidsplay.lt\/produktas\/woopie-2in1-dvipuse-piesimo-lenta\/#primaryimage","url":"https:\/\/kidsplay.lt\/wp-content\/uploads\/2025\/09\/WOOPIE-2in1-dvipuse-piesimo-lenta.jpg","contentUrl":"https:\/\/kidsplay.lt\/wp-content\/uploads\/2025\/09\/WOOPIE-2in1-dvipuse-piesimo-lenta.jpg","width":1000,"height":1000,"caption":"WOOPIE 2in1 dvipus\u0117 pie\u0161imo lenta"},{"@type":"BreadcrumbList","@id":"https:\/\/kidsplay.lt\/produktas\/woopie-2in1-dvipuse-piesimo-lenta\/#breadcrumb","itemListElement":[{"@type":"ListItem","position":1,"name":"Pagrindinis","item":"https:\/\/kidsplay.lt\/"},{"@type":"ListItem","position":2,"name":"Parduotuv\u0117","item":"https:\/\/kidsplay.lt\/parduotuve\/"},{"@type":"ListItem","position":3,"name":"WOOPIE 2in1 dvipus\u0117 pie\u0161imo lenta"}]},{"@type":"WebSite","@id":"https:\/\/kidsplay.lt\/#website","url":"https:\/\/kidsplay.lt\/","name":"B\u0113rnu sp\u0113les.lv","description":"\u012evairios prek\u0117s vaikams","publisher":{"@id":"https:\/\/kidsplay.lt\/#organization"},"alternateName":"Kidsplay","potentialAction":[{"@type":"SearchAction","target":{"@type":"EntryPoint","urlTemplate":"https:\/\/kidsplay.lt\/?s={search_term_string}"},"query-input":{"@type":"PropertyValueSpecification","valueRequired":true,"valueName":"search_term_string"}}],"inLanguage":"lv-LV"},{"@type":"Organization","@id":"https:\/\/kidsplay.lt\/#organization","name":"B\u0113rnu sp\u0113le","url":"https:\/\/kidsplay.lt\/","logo":{"@type":"ImageObject","inLanguage":"lv-LV","@id":"https:\/\/kidsplay.lt\/#\/schema\/logo\/image\/","url":"https:\/\/kidsplay.lt\/wp-content\/uploads\/2023\/07\/kidsplay-logo.png","contentUrl":"https:\/\/kidsplay.lt\/wp-content\/uploads\/2023\/07\/kidsplay-logo.png","width":451,"height":98,"caption":"KidsPlay"},"image":{"@id":"https:\/\/kidsplay.lt\/#\/schema\/logo\/image\/"},"sameAs":["https:\/\/www.facebook.com\/www.kidsplay.lt"]}]}},"_links":{"self":[{"href":"https:\/\/kidsplay.lt\/lv\/wp-json\/wp\/v2\/product\/89044","targetHints":{"allow":["GET"]}}],"collection":[{"href":"https:\/\/kidsplay.lt\/lv\/wp-json\/wp\/v2\/product"}],"about":[{"href":"https:\/\/kidsplay.lt\/lv\/wp-json\/wp\/v2\/types\/product"}],"version-history":[{"count":1,"href":"https:\/\/kidsplay.lt\/lv\/wp-json\/wp\/v2\/product\/89044\/revisions"}],"predecessor-version":[{"id":89045,"href":"https:\/\/kidsplay.lt\/lv\/wp-json\/wp\/v2\/product\/89044\/revisions\/89045"}],"wp:featuredmedia":[{"embeddable":true,"href":"https:\/\/kidsplay.lt\/lv\/wp-json\/wp\/v2\/media\/63226"}],"wp:attachment":[{"href":"https:\/\/kidsplay.lt\/lv\/wp-json\/wp\/v2\/media?parent=89044"}],"wp:term":[{"taxonomy":"product_brand","embeddable":true,"href":"https:\/\/kidsplay.lt\/lv\/wp-json\/wp\/v2\/product_brand?post=89044"},{"taxonomy":"product_cat","embeddable":true,"href":"https:\/\/kidsplay.lt\/lv\/wp-json\/wp\/v2\/product_cat?post=89044"},{"taxonomy":"product_tag","embeddable":true,"href":"https:\/\/kidsplay.lt\/lv\/wp-json\/wp\/v2\/product_tag?post=89044"}],"curies":[{"name":"wp","href":"https:\/\/api.w.org\/{rel}","templated":true}]}}