{"id":89050,"date":"2026-02-26T09:06:11","date_gmt":"2026-02-26T07:06:11","guid":{"rendered":"https:\/\/kidsplay.lt\/produktas\/dvieju-lygiu-vandens-stalas-smelio-deze\/"},"modified":"2026-04-13T14:43:11","modified_gmt":"2026-04-13T11:43:11","slug":"dvieju-lygiu-vandens-stalas-smelio-deze","status":"publish","type":"product","link":"https:\/\/kidsplay.lt\/lv\/products\/dvieju-lygiu-vandens-stalas-smelio-deze\/","title":{"rendered":"Divl\u012bme\u0146u grunts\u016bdens l\u012bmenis - smil\u0161u kaste"},"content":{"rendered":"<p>Laguna Step2 dviej\u0173 pakop\u0173 vandens stalas<\/p>\n<p>Funkcijas:<br \/>\n\u2022 Galimyb\u0117 sukurti kriokl\u012f.<br \/>\n\u2022 Pasitelk\u0119 j\u016bros gyv\u016bnus, galime aplankyti undin\u0117l\u0117s lag\u016bn\u0105 arba paplaukioti su delfinais.<br \/>\n\u2022 J\u016bros \u017evaig\u017ed\u0117s formos vandens suktukas.<br \/>\n\u2022 Sensoriniam \u017eaidimui galime naudoti ry\u017eius, pupeles arba sausus makaronus.<br \/>\n\u2022 \u012e komplekt\u0105 \u012feina sk\u0117tis.<br \/>\n\u2022 \u012e komplekt\u0105 \u012feina: sietelis, \u0161okdyn\u0117, vandens lenta, 3 puodeliai, 4 fig\u016br\u0117l\u0117s, j\u016bros \u017evaig\u017ed\u0117s formos vandens suktukas.<br \/>\n\u2022 Vir\u0161utin\u0117je talpykloje telpa 7,57 l vandens, apatin\u0117je \u2013 11,30 l vandens.<br \/>\n\u2022 Lengva surinkti.<\/p>\n<p>Matmenys: 43,5 x 110 x 63,5 cm, (su sk\u0117\u010diu) 52,5 x 157,5 x 110 cm.<br \/>\nPakuot\u0117s matmenys: 64,5 x 32,5 x 77 cm.<br \/>\nSvoris: 8,2 kg.<br \/>\nNuo 2 met\u0173 am\u017eiaus.<\/p>\n<p>2 \u017eingsnis\u00a0\u00a0\u2013 pirmiausia kokyb\u0117, antra \u2013 puik\u016bs \u017eaislai!\u00a0\u00a0Jei rinkdamiesi \u017eaisl\u0105 savo vaikui vadovaujat\u0117s kokybe ir saugumu, visas fantasti\u0161k\u0173 \u017eaisl\u0173 asortimentas\u00a0i\u0161 amerikie\u010di\u0173\u00a0kompanijos\u00a0\u00a0\u201eStep2\u201c\u00a0tikrai pateisins vaiko, t\u0117v\u0173, lop\u0161eli\u0173, dar\u017eeli\u0173 ir kit\u0173 \u0161vietimo \u012fstaig\u0173 l\u016bkes\u010dius. \u201eStep2\u201c jau de\u0161imtme\u010dius gamina geriausius \u017eaislus\u00a0JAV\u00a0! Pasi\u016blymas apima: sm\u0117lio d\u0117\u017ees, sodo namelius, \u017eaidim\u0173 aik\u0161teles, dirbtuves, \u017eaislus va\u017eiuoti, virtuves ir vaik\u0173 baldus.<\/p>","protected":false},"excerpt":{"rendered":"<p>Laguna Step2 dviej\u0173 pakop\u0173 vandens stalas Savyb\u0117s: \u2022 Galimyb\u0117 sukurti kriokl\u012f. \u2022 Pasitelk\u0119 j\u016bros gyv\u016bnus, galime aplankyti undin\u0117l\u0117s lag\u016bn\u0105 arba<\/p>","protected":false},"featured_media":61213,"template":"","meta":{"_acf_changed":false,"_glsr_average":0,"_glsr_ranking":0,"_glsr_reviews":0},"product_brand":[],"product_cat":[233,327],"product_tag":[],"class_list":{"0":"post-89050","1":"product","2":"type-product","3":"status-publish","4":"has-post-thumbnail","6":"product_cat-lauko-pramogos","7":"product_cat-smelio-dezes-ir-priedai","8":"\"style=\"background-color: #2ecc711c;\"","10":"first","11":"instock","12":"purchasable","13":"product-type-simple"},"acf":[],"yoast_head":"<!-- This site is optimized with the Yoast SEO plugin v27.4 - https:\/\/yoast.com\/product\/yoast-seo-wordpress\/ -->\n<title>Dviej\u0173 lygi\u0173 vandens stalas &#8211; sm\u0117lio d\u0117\u017e\u0117<\/title>\n<meta name=\"description\" content=\"Dviej\u0173 lygi\u0173 vandens stalas &#8211; sm\u0117lio d\u0117\u017e\u0117 - KidsPlay. Did\u017eiausias vaik\u0173 \u017eaisl\u0173 pasirinkimas.\" \/>\n<meta name=\"robots\" content=\"index, follow, max-snippet:-1, max-image-preview:large, max-video-preview:-1\" \/>\n<link rel=\"canonical\" href=\"https:\/\/kidsplay.lt\/lv\/products\/dvieju-lygiu-vandens-stalas-smelio-deze\/\" \/>\n<meta property=\"og:locale\" content=\"lv_LV\" \/>\n<meta property=\"og:type\" content=\"article\" \/>\n<meta property=\"og:title\" content=\"Dviej\u0173 lygi\u0173 vandens stalas &#8211; sm\u0117lio d\u0117\u017e\u0117\" \/>\n<meta property=\"og:description\" content=\"Dviej\u0173 lygi\u0173 vandens stalas &#8211; sm\u0117lio d\u0117\u017e\u0117 - KidsPlay. Did\u017eiausias vaik\u0173 \u017eaisl\u0173 pasirinkimas.\" \/>\n<meta property=\"og:url\" content=\"https:\/\/kidsplay.lt\/lv\/products\/dvieju-lygiu-vandens-stalas-smelio-deze\/\" \/>\n<meta property=\"og:site_name\" content=\"KidsPlay\" \/>\n<meta property=\"article:publisher\" content=\"https:\/\/www.facebook.com\/www.kidsplay.lt\" \/>\n<meta property=\"article:modified_time\" content=\"2026-04-13T11:43:11+00:00\" \/>\n<meta property=\"og:image\" content=\"https:\/\/kidsplay.lt\/wp-content\/uploads\/2025\/05\/Dvieju-lygiu-vandens-stalas-8211-smelio-deze.jpg\" \/>\n\t<meta property=\"og:image:width\" content=\"563\" \/>\n\t<meta property=\"og:image:height\" content=\"600\" \/>\n\t<meta property=\"og:image:type\" content=\"image\/jpeg\" \/>\n<meta name=\"twitter:card\" content=\"summary_large_image\" \/>\n<meta name=\"twitter:label1\" content=\"Est. reading time\" \/>\n\t<meta name=\"twitter:data1\" content=\"1 min\u016bte\" \/>\n<script type=\"application\/ld+json\" class=\"yoast-schema-graph\">{\"@context\":\"https:\\\/\\\/schema.org\",\"@graph\":[{\"@type\":\"WebPage\",\"@id\":\"https:\\\/\\\/kidsplay.lt\\\/produktas\\\/dvieju-lygiu-vandens-stalas-smelio-deze\\\/\",\"url\":\"https:\\\/\\\/kidsplay.lt\\\/produktas\\\/dvieju-lygiu-vandens-stalas-smelio-deze\\\/\",\"name\":\"Dviej\u0173 lygi\u0173 vandens stalas &#8211; sm\u0117lio d\u0117\u017e\u0117\",\"isPartOf\":{\"@id\":\"https:\\\/\\\/kidsplay.lt\\\/#website\"},\"primaryImageOfPage\":{\"@id\":\"https:\\\/\\\/kidsplay.lt\\\/produktas\\\/dvieju-lygiu-vandens-stalas-smelio-deze\\\/#primaryimage\"},\"image\":{\"@id\":\"https:\\\/\\\/kidsplay.lt\\\/produktas\\\/dvieju-lygiu-vandens-stalas-smelio-deze\\\/#primaryimage\"},\"thumbnailUrl\":\"https:\\\/\\\/kidsplay.lt\\\/wp-content\\\/uploads\\\/2025\\\/05\\\/Dvieju-lygiu-vandens-stalas-8211-smelio-deze.jpg\",\"datePublished\":\"2026-02-26T07:06:11+00:00\",\"dateModified\":\"2026-04-13T11:43:11+00:00\",\"description\":\"Dviej\u0173 lygi\u0173 vandens stalas &#8211; sm\u0117lio d\u0117\u017e\u0117 - KidsPlay. Did\u017eiausias vaik\u0173 \u017eaisl\u0173 pasirinkimas.\",\"breadcrumb\":{\"@id\":\"https:\\\/\\\/kidsplay.lt\\\/produktas\\\/dvieju-lygiu-vandens-stalas-smelio-deze\\\/#breadcrumb\"},\"inLanguage\":\"lv-LV\",\"potentialAction\":[{\"@type\":\"ReadAction\",\"target\":[\"https:\\\/\\\/kidsplay.lt\\\/produktas\\\/dvieju-lygiu-vandens-stalas-smelio-deze\\\/\"]}]},{\"@type\":\"ImageObject\",\"inLanguage\":\"lv-LV\",\"@id\":\"https:\\\/\\\/kidsplay.lt\\\/produktas\\\/dvieju-lygiu-vandens-stalas-smelio-deze\\\/#primaryimage\",\"url\":\"https:\\\/\\\/kidsplay.lt\\\/wp-content\\\/uploads\\\/2025\\\/05\\\/Dvieju-lygiu-vandens-stalas-8211-smelio-deze.jpg\",\"contentUrl\":\"https:\\\/\\\/kidsplay.lt\\\/wp-content\\\/uploads\\\/2025\\\/05\\\/Dvieju-lygiu-vandens-stalas-8211-smelio-deze.jpg\",\"width\":563,\"height\":600,\"caption\":\"Dviej\u0173 lygi\u0173 vandens stalas &#8211; sm\u0117lio d\u0117\u017e\u0117\"},{\"@type\":\"BreadcrumbList\",\"@id\":\"https:\\\/\\\/kidsplay.lt\\\/produktas\\\/dvieju-lygiu-vandens-stalas-smelio-deze\\\/#breadcrumb\",\"itemListElement\":[{\"@type\":\"ListItem\",\"position\":1,\"name\":\"Pagrindinis\",\"item\":\"https:\\\/\\\/kidsplay.lt\\\/\"},{\"@type\":\"ListItem\",\"position\":2,\"name\":\"Parduotuv\u0117\",\"item\":\"https:\\\/\\\/kidsplay.lt\\\/parduotuve\\\/\"},{\"@type\":\"ListItem\",\"position\":3,\"name\":\"Dviej\u0173 lygi\u0173 vandens stalas &#8211; sm\u0117lio d\u0117\u017e\u0117\"}]},{\"@type\":\"WebSite\",\"@id\":\"https:\\\/\\\/kidsplay.lt\\\/#website\",\"url\":\"https:\\\/\\\/kidsplay.lt\\\/\",\"name\":\"Kidsplay.lt\",\"description\":\"\u012evairios prek\u0117s vaikams\",\"publisher\":{\"@id\":\"https:\\\/\\\/kidsplay.lt\\\/#organization\"},\"alternateName\":\"Kidsplay\",\"potentialAction\":[{\"@type\":\"SearchAction\",\"target\":{\"@type\":\"EntryPoint\",\"urlTemplate\":\"https:\\\/\\\/kidsplay.lt\\\/?s={search_term_string}\"},\"query-input\":{\"@type\":\"PropertyValueSpecification\",\"valueRequired\":true,\"valueName\":\"search_term_string\"}}],\"inLanguage\":\"lv-LV\"},{\"@type\":\"Organization\",\"@id\":\"https:\\\/\\\/kidsplay.lt\\\/#organization\",\"name\":\"KidsPlay\",\"url\":\"https:\\\/\\\/kidsplay.lt\\\/\",\"logo\":{\"@type\":\"ImageObject\",\"inLanguage\":\"lv-LV\",\"@id\":\"https:\\\/\\\/kidsplay.lt\\\/#\\\/schema\\\/logo\\\/image\\\/\",\"url\":\"https:\\\/\\\/kidsplay.lt\\\/wp-content\\\/uploads\\\/2023\\\/07\\\/kidsplay-logo.png\",\"contentUrl\":\"https:\\\/\\\/kidsplay.lt\\\/wp-content\\\/uploads\\\/2023\\\/07\\\/kidsplay-logo.png\",\"width\":451,\"height\":98,\"caption\":\"KidsPlay\"},\"image\":{\"@id\":\"https:\\\/\\\/kidsplay.lt\\\/#\\\/schema\\\/logo\\\/image\\\/\"},\"sameAs\":[\"https:\\\/\\\/www.facebook.com\\\/www.kidsplay.lt\"]}]}<\/script>\n<!-- \/ Yoast SEO plugin. -->","yoast_head_json":{"title":"Divl\u012bme\u0146u grunts\u016bdens l\u012bmenis - smil\u0161u kaste","description":"Dviej\u0173 lygi\u0173 vandens stalas &#8211; sm\u0117lio d\u0117\u017e\u0117 - KidsPlay. Did\u017eiausias vaik\u0173 \u017eaisl\u0173 pasirinkimas.","robots":{"index":"index","follow":"follow","max-snippet":"max-snippet:-1","max-image-preview":"max-image-preview:large","max-video-preview":"max-video-preview:-1"},"canonical":"https:\/\/kidsplay.lt\/lv\/products\/dvieju-lygiu-vandens-stalas-smelio-deze\/","og_locale":"lv_LV","og_type":"article","og_title":"Dviej\u0173 lygi\u0173 vandens stalas &#8211; sm\u0117lio d\u0117\u017e\u0117","og_description":"Dviej\u0173 lygi\u0173 vandens stalas &#8211; sm\u0117lio d\u0117\u017e\u0117 - KidsPlay. Did\u017eiausias vaik\u0173 \u017eaisl\u0173 pasirinkimas.","og_url":"https:\/\/kidsplay.lt\/lv\/products\/dvieju-lygiu-vandens-stalas-smelio-deze\/","og_site_name":"KidsPlay","article_publisher":"https:\/\/www.facebook.com\/www.kidsplay.lt","article_modified_time":"2026-04-13T11:43:11+00:00","og_image":[{"width":563,"height":600,"url":"https:\/\/kidsplay.lt\/wp-content\/uploads\/2025\/05\/Dvieju-lygiu-vandens-stalas-8211-smelio-deze.jpg","type":"image\/jpeg"}],"twitter_card":"summary_large_image","twitter_misc":{"Est. reading time":"1 min\u016bte"},"schema":{"@context":"https:\/\/schema.org","@graph":[{"@type":"WebPage","@id":"https:\/\/kidsplay.lt\/produktas\/dvieju-lygiu-vandens-stalas-smelio-deze\/","url":"https:\/\/kidsplay.lt\/produktas\/dvieju-lygiu-vandens-stalas-smelio-deze\/","name":"Divl\u012bme\u0146u grunts\u016bdens l\u012bmenis - smil\u0161u kaste","isPartOf":{"@id":"https:\/\/kidsplay.lt\/#website"},"primaryImageOfPage":{"@id":"https:\/\/kidsplay.lt\/produktas\/dvieju-lygiu-vandens-stalas-smelio-deze\/#primaryimage"},"image":{"@id":"https:\/\/kidsplay.lt\/produktas\/dvieju-lygiu-vandens-stalas-smelio-deze\/#primaryimage"},"thumbnailUrl":"https:\/\/kidsplay.lt\/wp-content\/uploads\/2025\/05\/Dvieju-lygiu-vandens-stalas-8211-smelio-deze.jpg","datePublished":"2026-02-26T07:06:11+00:00","dateModified":"2026-04-13T11:43:11+00:00","description":"Dviej\u0173 lygi\u0173 vandens stalas &#8211; sm\u0117lio d\u0117\u017e\u0117 - KidsPlay. Did\u017eiausias vaik\u0173 \u017eaisl\u0173 pasirinkimas.","breadcrumb":{"@id":"https:\/\/kidsplay.lt\/produktas\/dvieju-lygiu-vandens-stalas-smelio-deze\/#breadcrumb"},"inLanguage":"lv-LV","potentialAction":[{"@type":"ReadAction","target":["https:\/\/kidsplay.lt\/produktas\/dvieju-lygiu-vandens-stalas-smelio-deze\/"]}]},{"@type":"ImageObject","inLanguage":"lv-LV","@id":"https:\/\/kidsplay.lt\/produktas\/dvieju-lygiu-vandens-stalas-smelio-deze\/#primaryimage","url":"https:\/\/kidsplay.lt\/wp-content\/uploads\/2025\/05\/Dvieju-lygiu-vandens-stalas-8211-smelio-deze.jpg","contentUrl":"https:\/\/kidsplay.lt\/wp-content\/uploads\/2025\/05\/Dvieju-lygiu-vandens-stalas-8211-smelio-deze.jpg","width":563,"height":600,"caption":"Dviej\u0173 lygi\u0173 vandens stalas &#8211; sm\u0117lio d\u0117\u017e\u0117"},{"@type":"BreadcrumbList","@id":"https:\/\/kidsplay.lt\/produktas\/dvieju-lygiu-vandens-stalas-smelio-deze\/#breadcrumb","itemListElement":[{"@type":"ListItem","position":1,"name":"Pagrindinis","item":"https:\/\/kidsplay.lt\/"},{"@type":"ListItem","position":2,"name":"Parduotuv\u0117","item":"https:\/\/kidsplay.lt\/parduotuve\/"},{"@type":"ListItem","position":3,"name":"Dviej\u0173 lygi\u0173 vandens stalas &#8211; sm\u0117lio d\u0117\u017e\u0117"}]},{"@type":"WebSite","@id":"https:\/\/kidsplay.lt\/#website","url":"https:\/\/kidsplay.lt\/","name":"B\u0113rnu sp\u0113les.lv","description":"\u012evairios prek\u0117s vaikams","publisher":{"@id":"https:\/\/kidsplay.lt\/#organization"},"alternateName":"Kidsplay","potentialAction":[{"@type":"SearchAction","target":{"@type":"EntryPoint","urlTemplate":"https:\/\/kidsplay.lt\/?s={search_term_string}"},"query-input":{"@type":"PropertyValueSpecification","valueRequired":true,"valueName":"search_term_string"}}],"inLanguage":"lv-LV"},{"@type":"Organization","@id":"https:\/\/kidsplay.lt\/#organization","name":"B\u0113rnu sp\u0113le","url":"https:\/\/kidsplay.lt\/","logo":{"@type":"ImageObject","inLanguage":"lv-LV","@id":"https:\/\/kidsplay.lt\/#\/schema\/logo\/image\/","url":"https:\/\/kidsplay.lt\/wp-content\/uploads\/2023\/07\/kidsplay-logo.png","contentUrl":"https:\/\/kidsplay.lt\/wp-content\/uploads\/2023\/07\/kidsplay-logo.png","width":451,"height":98,"caption":"KidsPlay"},"image":{"@id":"https:\/\/kidsplay.lt\/#\/schema\/logo\/image\/"},"sameAs":["https:\/\/www.facebook.com\/www.kidsplay.lt"]}]}},"_links":{"self":[{"href":"https:\/\/kidsplay.lt\/lv\/wp-json\/wp\/v2\/product\/89050","targetHints":{"allow":["GET"]}}],"collection":[{"href":"https:\/\/kidsplay.lt\/lv\/wp-json\/wp\/v2\/product"}],"about":[{"href":"https:\/\/kidsplay.lt\/lv\/wp-json\/wp\/v2\/types\/product"}],"version-history":[{"count":1,"href":"https:\/\/kidsplay.lt\/lv\/wp-json\/wp\/v2\/product\/89050\/revisions"}],"predecessor-version":[{"id":89051,"href":"https:\/\/kidsplay.lt\/lv\/wp-json\/wp\/v2\/product\/89050\/revisions\/89051"}],"wp:featuredmedia":[{"embeddable":true,"href":"https:\/\/kidsplay.lt\/lv\/wp-json\/wp\/v2\/media\/61213"}],"wp:attachment":[{"href":"https:\/\/kidsplay.lt\/lv\/wp-json\/wp\/v2\/media?parent=89050"}],"wp:term":[{"taxonomy":"product_brand","embeddable":true,"href":"https:\/\/kidsplay.lt\/lv\/wp-json\/wp\/v2\/product_brand?post=89050"},{"taxonomy":"product_cat","embeddable":true,"href":"https:\/\/kidsplay.lt\/lv\/wp-json\/wp\/v2\/product_cat?post=89050"},{"taxonomy":"product_tag","embeddable":true,"href":"https:\/\/kidsplay.lt\/lv\/wp-json\/wp\/v2\/product_tag?post=89050"}],"curies":[{"name":"wp","href":"https:\/\/api.w.org\/{rel}","templated":true}]}}