{"id":89052,"date":"2026-02-26T09:06:13","date_gmt":"2026-02-26T07:06:13","guid":{"rendered":"https:\/\/kidsplay.lt\/produktas\/masterkidz-atspek-lietimu-atspek-formas-12-elementu\/"},"modified":"2026-04-07T10:22:07","modified_gmt":"2026-04-07T07:22:07","slug":"masterkidz-atspek-lietimu-atspek-formas-12-elementu","status":"publish","type":"product","link":"https:\/\/kidsplay.lt\/lv\/products\/masterkidz-atspek-lietimu-atspek-formas-12-elementu\/","title":{"rendered":"MASTERKIDZ Uzmini ar piesk\u0101rienu Uzmini formas 12 elementus"},"content":{"rendered":"<p>\u201eMasterkidz\u201c\u00a0medinis sensorinis rinkinys\u00a0yra lavinamasis \u017eaislas, padedantis vaikams lavinti lyt\u0117jimo poj\u016bt\u012f ir \u012ftvirtinti geometrini\u0173 fig\u016br\u0173 \u017einias. Rinkin\u012f sudaro 12 \u012fvairi\u0173 form\u0173 medini\u0173 kalad\u0117li\u0173. Vaikai turi atsp\u0117ti, koki\u0105 form\u0105 laiko, vien liesdami, ne\u017ei\u016br\u0117dami \u012f j\u0105. Tai puikus b\u016bdas praktikuoti form\u0173 atpa\u017einim\u0105 ir mokytis \u017eaid\u017eiant. \u017daislas supakuotas prakti\u0161koje medin\u0117je d\u0117\u017eut\u0117je, kad b\u016bt\u0173 lengva laikyti. Rinkinys geriausiai veikia naudojant kartu su \u201eGuess by Touch\u201c \u017eaidimo d\u0117\u017eute (ME04055).<\/p>\n<p>\u2705 Charakteristikos:<\/p>\n<p>\u2714\ufe0f Rinkin\u012f sudaro 12 medini\u0173 geometrini\u0173 fig\u016br\u0117li\u0173<\/p>\n<p>\u2714\ufe0fPagaminta i\u0161 auk\u0161tos kokyb\u0117s medienos<\/p>\n<p>\u2714\ufe0f \u012erengtas prakti\u0161ka medine daiktad\u0117\u017ee<\/p>\n<p>\u2705 \u017daislas vystosi:<\/p>\n<p>\u2714\ufe0f Manual\u016bs \u012fg\u016bd\u017eiai ir motorin\u0117 koordinacija<\/p>\n<p>\u2714\ufe0f Geometrini\u0173 fig\u016br\u0173 i\u0161manymas<\/p>\n<p>\u2714\ufe0f Loginio m\u0105stymo \u012fg\u016bd\u017eiai ir susikaupimas<\/p>","protected":false},"excerpt":{"rendered":"<p>\u201eMasterkidz\u201c\u00a0medinis sensorinis rinkinys\u00a0yra lavinamasis \u017eaislas, padedantis vaikams lavinti lyt\u0117jimo poj\u016bt\u012f ir \u012ftvirtinti geometrini\u0173 fig\u016br\u0173 \u017einias. Rinkin\u012f sudaro 12 \u012fvairi\u0173 form\u0173<\/p>","protected":false},"featured_media":78832,"template":"","meta":{"_acf_changed":false,"_glsr_average":0,"_glsr_ranking":0,"_glsr_reviews":0},"product_brand":[],"product_cat":[673,229],"product_tag":[],"class_list":{"0":"post-89052","1":"product","2":"type-product","3":"status-publish","4":"has-post-thumbnail","6":"product_cat-ugdomosios-priemones","7":"product_cat-zaislai-vaikams","8":"\"style=\"background-color: #2ecc711c;\"","10":"first","11":"instock","12":"purchasable","13":"product-type-simple"},"acf":[],"yoast_head":"<!-- This site is optimized with the Yoast SEO plugin v27.3 - https:\/\/yoast.com\/product\/yoast-seo-wordpress\/ -->\n<title>MASTERKIDZ Atsp\u0117k lietimu Atsp\u0117k formas 12 element\u0173<\/title>\n<meta name=\"description\" content=\"MASTERKIDZ Atsp\u0117k lietimu Atsp\u0117k formas 12 element\u0173 - KidsPlay. Did\u017eiausias vaik\u0173 \u017eaisl\u0173 pasirinkimas.\" \/>\n<meta name=\"robots\" content=\"index, follow, max-snippet:-1, max-image-preview:large, max-video-preview:-1\" \/>\n<link rel=\"canonical\" href=\"https:\/\/kidsplay.lt\/lv\/products\/masterkidz-atspek-lietimu-atspek-formas-12-elementu\/\" \/>\n<meta property=\"og:locale\" content=\"lv_LV\" \/>\n<meta property=\"og:type\" content=\"article\" \/>\n<meta property=\"og:title\" content=\"MASTERKIDZ Atsp\u0117k lietimu Atsp\u0117k formas 12 element\u0173\" \/>\n<meta property=\"og:description\" content=\"MASTERKIDZ Atsp\u0117k lietimu Atsp\u0117k formas 12 element\u0173 - KidsPlay. Did\u017eiausias vaik\u0173 \u017eaisl\u0173 pasirinkimas.\" \/>\n<meta property=\"og:url\" content=\"https:\/\/kidsplay.lt\/lv\/products\/masterkidz-atspek-lietimu-atspek-formas-12-elementu\/\" \/>\n<meta property=\"og:site_name\" content=\"KidsPlay\" \/>\n<meta property=\"article:publisher\" content=\"https:\/\/www.facebook.com\/www.kidsplay.lt\" \/>\n<meta property=\"article:modified_time\" content=\"2026-04-07T07:22:07+00:00\" \/>\n<meta property=\"og:image\" content=\"https:\/\/kidsplay.lt\/wp-content\/uploads\/2025\/10\/MASTERKIDZ-Atspek-lietimu-Atspek-formas-12-elementu.jpg\" \/>\n\t<meta property=\"og:image:width\" content=\"2000\" \/>\n\t<meta property=\"og:image:height\" content=\"2000\" \/>\n\t<meta property=\"og:image:type\" content=\"image\/jpeg\" \/>\n<meta name=\"twitter:card\" content=\"summary_large_image\" \/>\n<meta name=\"twitter:label1\" content=\"Est. reading time\" \/>\n\t<meta name=\"twitter:data1\" content=\"1 min\u016bte\" \/>\n<script type=\"application\/ld+json\" class=\"yoast-schema-graph\">{\"@context\":\"https:\\\/\\\/schema.org\",\"@graph\":[{\"@type\":\"WebPage\",\"@id\":\"https:\\\/\\\/kidsplay.lt\\\/produktas\\\/masterkidz-atspek-lietimu-atspek-formas-12-elementu\\\/\",\"url\":\"https:\\\/\\\/kidsplay.lt\\\/produktas\\\/masterkidz-atspek-lietimu-atspek-formas-12-elementu\\\/\",\"name\":\"MASTERKIDZ Atsp\u0117k lietimu Atsp\u0117k formas 12 element\u0173\",\"isPartOf\":{\"@id\":\"https:\\\/\\\/kidsplay.lt\\\/#website\"},\"primaryImageOfPage\":{\"@id\":\"https:\\\/\\\/kidsplay.lt\\\/produktas\\\/masterkidz-atspek-lietimu-atspek-formas-12-elementu\\\/#primaryimage\"},\"image\":{\"@id\":\"https:\\\/\\\/kidsplay.lt\\\/produktas\\\/masterkidz-atspek-lietimu-atspek-formas-12-elementu\\\/#primaryimage\"},\"thumbnailUrl\":\"https:\\\/\\\/kidsplay.lt\\\/wp-content\\\/uploads\\\/2025\\\/10\\\/MASTERKIDZ-Atspek-lietimu-Atspek-formas-12-elementu.jpg\",\"datePublished\":\"2026-02-26T07:06:13+00:00\",\"dateModified\":\"2026-04-07T07:22:07+00:00\",\"description\":\"MASTERKIDZ Atsp\u0117k lietimu Atsp\u0117k formas 12 element\u0173 - KidsPlay. Did\u017eiausias vaik\u0173 \u017eaisl\u0173 pasirinkimas.\",\"breadcrumb\":{\"@id\":\"https:\\\/\\\/kidsplay.lt\\\/produktas\\\/masterkidz-atspek-lietimu-atspek-formas-12-elementu\\\/#breadcrumb\"},\"inLanguage\":\"lv-LV\",\"potentialAction\":[{\"@type\":\"ReadAction\",\"target\":[\"https:\\\/\\\/kidsplay.lt\\\/produktas\\\/masterkidz-atspek-lietimu-atspek-formas-12-elementu\\\/\"]}]},{\"@type\":\"ImageObject\",\"inLanguage\":\"lv-LV\",\"@id\":\"https:\\\/\\\/kidsplay.lt\\\/produktas\\\/masterkidz-atspek-lietimu-atspek-formas-12-elementu\\\/#primaryimage\",\"url\":\"https:\\\/\\\/kidsplay.lt\\\/wp-content\\\/uploads\\\/2025\\\/10\\\/MASTERKIDZ-Atspek-lietimu-Atspek-formas-12-elementu.jpg\",\"contentUrl\":\"https:\\\/\\\/kidsplay.lt\\\/wp-content\\\/uploads\\\/2025\\\/10\\\/MASTERKIDZ-Atspek-lietimu-Atspek-formas-12-elementu.jpg\",\"width\":2000,\"height\":2000,\"caption\":\"MASTERKIDZ Atsp\u0117k lietimu Atsp\u0117k formas 12 element\u0173\"},{\"@type\":\"BreadcrumbList\",\"@id\":\"https:\\\/\\\/kidsplay.lt\\\/produktas\\\/masterkidz-atspek-lietimu-atspek-formas-12-elementu\\\/#breadcrumb\",\"itemListElement\":[{\"@type\":\"ListItem\",\"position\":1,\"name\":\"Pagrindinis\",\"item\":\"https:\\\/\\\/kidsplay.lt\\\/\"},{\"@type\":\"ListItem\",\"position\":2,\"name\":\"Parduotuv\u0117\",\"item\":\"https:\\\/\\\/kidsplay.lt\\\/parduotuve\\\/\"},{\"@type\":\"ListItem\",\"position\":3,\"name\":\"MASTERKIDZ Atsp\u0117k lietimu Atsp\u0117k formas 12 element\u0173\"}]},{\"@type\":\"WebSite\",\"@id\":\"https:\\\/\\\/kidsplay.lt\\\/#website\",\"url\":\"https:\\\/\\\/kidsplay.lt\\\/\",\"name\":\"Kidsplay.lt\",\"description\":\"\u012evairios prek\u0117s vaikams\",\"publisher\":{\"@id\":\"https:\\\/\\\/kidsplay.lt\\\/#organization\"},\"alternateName\":\"Kidsplay\",\"potentialAction\":[{\"@type\":\"SearchAction\",\"target\":{\"@type\":\"EntryPoint\",\"urlTemplate\":\"https:\\\/\\\/kidsplay.lt\\\/?s={search_term_string}\"},\"query-input\":{\"@type\":\"PropertyValueSpecification\",\"valueRequired\":true,\"valueName\":\"search_term_string\"}}],\"inLanguage\":\"lv-LV\"},{\"@type\":\"Organization\",\"@id\":\"https:\\\/\\\/kidsplay.lt\\\/#organization\",\"name\":\"KidsPlay\",\"url\":\"https:\\\/\\\/kidsplay.lt\\\/\",\"logo\":{\"@type\":\"ImageObject\",\"inLanguage\":\"lv-LV\",\"@id\":\"https:\\\/\\\/kidsplay.lt\\\/#\\\/schema\\\/logo\\\/image\\\/\",\"url\":\"https:\\\/\\\/kidsplay.lt\\\/wp-content\\\/uploads\\\/2023\\\/07\\\/kidsplay-logo.png\",\"contentUrl\":\"https:\\\/\\\/kidsplay.lt\\\/wp-content\\\/uploads\\\/2023\\\/07\\\/kidsplay-logo.png\",\"width\":451,\"height\":98,\"caption\":\"KidsPlay\"},\"image\":{\"@id\":\"https:\\\/\\\/kidsplay.lt\\\/#\\\/schema\\\/logo\\\/image\\\/\"},\"sameAs\":[\"https:\\\/\\\/www.facebook.com\\\/www.kidsplay.lt\"]}]}<\/script>\n<!-- \/ Yoast SEO plugin. -->","yoast_head_json":{"title":"MASTERKIDZ Uzmini ar piesk\u0101rienu Uzmini formas 12 elementus","description":"MASTERKIDZ Atsp\u0117k lietimu Atsp\u0117k formas 12 element\u0173 - KidsPlay. Did\u017eiausias vaik\u0173 \u017eaisl\u0173 pasirinkimas.","robots":{"index":"index","follow":"follow","max-snippet":"max-snippet:-1","max-image-preview":"max-image-preview:large","max-video-preview":"max-video-preview:-1"},"canonical":"https:\/\/kidsplay.lt\/lv\/products\/masterkidz-atspek-lietimu-atspek-formas-12-elementu\/","og_locale":"lv_LV","og_type":"article","og_title":"MASTERKIDZ Atsp\u0117k lietimu Atsp\u0117k formas 12 element\u0173","og_description":"MASTERKIDZ Atsp\u0117k lietimu Atsp\u0117k formas 12 element\u0173 - KidsPlay. Did\u017eiausias vaik\u0173 \u017eaisl\u0173 pasirinkimas.","og_url":"https:\/\/kidsplay.lt\/lv\/products\/masterkidz-atspek-lietimu-atspek-formas-12-elementu\/","og_site_name":"KidsPlay","article_publisher":"https:\/\/www.facebook.com\/www.kidsplay.lt","article_modified_time":"2026-04-07T07:22:07+00:00","og_image":[{"width":2000,"height":2000,"url":"https:\/\/kidsplay.lt\/wp-content\/uploads\/2025\/10\/MASTERKIDZ-Atspek-lietimu-Atspek-formas-12-elementu.jpg","type":"image\/jpeg"}],"twitter_card":"summary_large_image","twitter_misc":{"Est. reading time":"1 min\u016bte"},"schema":{"@context":"https:\/\/schema.org","@graph":[{"@type":"WebPage","@id":"https:\/\/kidsplay.lt\/produktas\/masterkidz-atspek-lietimu-atspek-formas-12-elementu\/","url":"https:\/\/kidsplay.lt\/produktas\/masterkidz-atspek-lietimu-atspek-formas-12-elementu\/","name":"MASTERKIDZ Uzmini ar piesk\u0101rienu Uzmini formas 12 elementus","isPartOf":{"@id":"https:\/\/kidsplay.lt\/#website"},"primaryImageOfPage":{"@id":"https:\/\/kidsplay.lt\/produktas\/masterkidz-atspek-lietimu-atspek-formas-12-elementu\/#primaryimage"},"image":{"@id":"https:\/\/kidsplay.lt\/produktas\/masterkidz-atspek-lietimu-atspek-formas-12-elementu\/#primaryimage"},"thumbnailUrl":"https:\/\/kidsplay.lt\/wp-content\/uploads\/2025\/10\/MASTERKIDZ-Atspek-lietimu-Atspek-formas-12-elementu.jpg","datePublished":"2026-02-26T07:06:13+00:00","dateModified":"2026-04-07T07:22:07+00:00","description":"MASTERKIDZ Atsp\u0117k lietimu Atsp\u0117k formas 12 element\u0173 - KidsPlay. Did\u017eiausias vaik\u0173 \u017eaisl\u0173 pasirinkimas.","breadcrumb":{"@id":"https:\/\/kidsplay.lt\/produktas\/masterkidz-atspek-lietimu-atspek-formas-12-elementu\/#breadcrumb"},"inLanguage":"lv-LV","potentialAction":[{"@type":"ReadAction","target":["https:\/\/kidsplay.lt\/produktas\/masterkidz-atspek-lietimu-atspek-formas-12-elementu\/"]}]},{"@type":"ImageObject","inLanguage":"lv-LV","@id":"https:\/\/kidsplay.lt\/produktas\/masterkidz-atspek-lietimu-atspek-formas-12-elementu\/#primaryimage","url":"https:\/\/kidsplay.lt\/wp-content\/uploads\/2025\/10\/MASTERKIDZ-Atspek-lietimu-Atspek-formas-12-elementu.jpg","contentUrl":"https:\/\/kidsplay.lt\/wp-content\/uploads\/2025\/10\/MASTERKIDZ-Atspek-lietimu-Atspek-formas-12-elementu.jpg","width":2000,"height":2000,"caption":"MASTERKIDZ Atsp\u0117k lietimu Atsp\u0117k formas 12 element\u0173"},{"@type":"BreadcrumbList","@id":"https:\/\/kidsplay.lt\/produktas\/masterkidz-atspek-lietimu-atspek-formas-12-elementu\/#breadcrumb","itemListElement":[{"@type":"ListItem","position":1,"name":"Pagrindinis","item":"https:\/\/kidsplay.lt\/"},{"@type":"ListItem","position":2,"name":"Parduotuv\u0117","item":"https:\/\/kidsplay.lt\/parduotuve\/"},{"@type":"ListItem","position":3,"name":"MASTERKIDZ Atsp\u0117k lietimu Atsp\u0117k formas 12 element\u0173"}]},{"@type":"WebSite","@id":"https:\/\/kidsplay.lt\/#website","url":"https:\/\/kidsplay.lt\/","name":"B\u0113rnu sp\u0113les.lv","description":"\u012evairios prek\u0117s vaikams","publisher":{"@id":"https:\/\/kidsplay.lt\/#organization"},"alternateName":"Kidsplay","potentialAction":[{"@type":"SearchAction","target":{"@type":"EntryPoint","urlTemplate":"https:\/\/kidsplay.lt\/?s={search_term_string}"},"query-input":{"@type":"PropertyValueSpecification","valueRequired":true,"valueName":"search_term_string"}}],"inLanguage":"lv-LV"},{"@type":"Organization","@id":"https:\/\/kidsplay.lt\/#organization","name":"B\u0113rnu sp\u0113le","url":"https:\/\/kidsplay.lt\/","logo":{"@type":"ImageObject","inLanguage":"lv-LV","@id":"https:\/\/kidsplay.lt\/#\/schema\/logo\/image\/","url":"https:\/\/kidsplay.lt\/wp-content\/uploads\/2023\/07\/kidsplay-logo.png","contentUrl":"https:\/\/kidsplay.lt\/wp-content\/uploads\/2023\/07\/kidsplay-logo.png","width":451,"height":98,"caption":"KidsPlay"},"image":{"@id":"https:\/\/kidsplay.lt\/#\/schema\/logo\/image\/"},"sameAs":["https:\/\/www.facebook.com\/www.kidsplay.lt"]}]}},"_links":{"self":[{"href":"https:\/\/kidsplay.lt\/lv\/wp-json\/wp\/v2\/product\/89052","targetHints":{"allow":["GET"]}}],"collection":[{"href":"https:\/\/kidsplay.lt\/lv\/wp-json\/wp\/v2\/product"}],"about":[{"href":"https:\/\/kidsplay.lt\/lv\/wp-json\/wp\/v2\/types\/product"}],"version-history":[{"count":1,"href":"https:\/\/kidsplay.lt\/lv\/wp-json\/wp\/v2\/product\/89052\/revisions"}],"predecessor-version":[{"id":89053,"href":"https:\/\/kidsplay.lt\/lv\/wp-json\/wp\/v2\/product\/89052\/revisions\/89053"}],"wp:featuredmedia":[{"embeddable":true,"href":"https:\/\/kidsplay.lt\/lv\/wp-json\/wp\/v2\/media\/78832"}],"wp:attachment":[{"href":"https:\/\/kidsplay.lt\/lv\/wp-json\/wp\/v2\/media?parent=89052"}],"wp:term":[{"taxonomy":"product_brand","embeddable":true,"href":"https:\/\/kidsplay.lt\/lv\/wp-json\/wp\/v2\/product_brand?post=89052"},{"taxonomy":"product_cat","embeddable":true,"href":"https:\/\/kidsplay.lt\/lv\/wp-json\/wp\/v2\/product_cat?post=89052"},{"taxonomy":"product_tag","embeddable":true,"href":"https:\/\/kidsplay.lt\/lv\/wp-json\/wp\/v2\/product_tag?post=89052"}],"curies":[{"name":"wp","href":"https:\/\/api.w.org\/{rel}","templated":true}]}}