{"id":89054,"date":"2026-02-26T09:06:15","date_gmt":"2026-02-26T07:06:15","guid":{"rendered":"https:\/\/kidsplay.lt\/produktas\/echo-heights-medine-zaidimu-aiksteles-ciuozykla-zaidimu-namelis-virtuve\/"},"modified":"2026-04-07T10:22:09","modified_gmt":"2026-04-07T07:22:09","slug":"echo-heights-medine-zaidimu-aiksteles-ciuozykla-zaidimu-namelis-virtuve","status":"publish","type":"product","link":"https:\/\/kidsplay.lt\/lv\/products\/echo-heights-medine-zaidimu-aiksteles-ciuozykla-zaidimu-namelis-virtuve\/","title":{"rendered":"Echo Heights medin\u0117 \u017eaidim\u0173 aik\u0161tel\u0117s \u010diuo\u017eykla \u017daidim\u0173 namelis-virtuv\u0117"},"content":{"rendered":"<p>\u201eBackyard Discovery\u201c\u00a0sukurta\u00a0\u201eEcho Heights\u201c \u017eaidim\u0173 aik\u0161tel\u0117\u00a0suteiks valand\u0173 valandas pramog\u0173 j\u016bs\u0173 kieme. D\u0117l kompakti\u0161ko dizaino \u0161is \u017eaidim\u0173 namelis puikiai tinka bet kokiam sodui. Ma\u017eiesiems patiks \u017eaidimo elementai, \u012fskaitant virykl\u0119, baterijomis maitinam\u0105 ma\u0161in\u0105, itin greit\u0105 \u010diuo\u017eykl\u0105 ir visus kitus priedus. Funkcionalios dvigubos durys ir dideli atidaromi langai u\u017etikrina, kad j\u016bs\u0173 vaikas \u017eaisdamas gal\u0117t\u0173 matyti visk\u0105 aplinkui. Pla\u010dios kop\u0117\u010dios su laipteliais leid\u017eia lengvai pasiekti \u012fvairaus am\u017eiaus vaikus. Nor\u0117dami steb\u0117ti vaiko augim\u0105 ir kartu kurti prisiminimus, naudokite prid\u0117t\u0105 augimo lentel\u0119. Kai vaikas baigia \u017eaisti namuose, jis gali greitai nu\u010diuo\u017eti \u010diuo\u017eykla.<\/p>\n<p>Rakstur\u012bgs:<\/p>\n<p> \t&#8211; \u017eaidim\u0173 aik\u0161tel\u0117\u00a0vaikams nuo 3 met\u0173 am\u017eiaus<br \/>\n \t&#8211; pagaminta i\u0161 100 %\u00a0FSC\u00a0kedro medienos<br \/>\n \t&#8211; Rinkinyje yra daug smagi\u0173 pried\u0173:\u00a0\u017eaidim\u0173 virtuv\u0117l\u0117, baro mai\u0161ytuvas, veikiantis skambutis ir varstomos durys<br \/>\n \t&#8211; pakeltas\u00a0\u017eaidim\u0173 namelis\u00a0, tinkantis ma\u017eiems sodams<br \/>\n \t&#8211; itin greita\u00a0\u010diuo\u017eykla, 183 cm ilgio,\u00a0su tur\u0117klais<br \/>\n \t&#8211;\u00a0\u016bgio matavimo juosta\u00a0dokumentuoja vaik\u0173 augim\u0105<br \/>\n \t&#8211; pla\u010dios,\u00a0plok\u0161\u010dios kop\u0117\u010dios\u00a0u\u017etikrina lengv\u0105 prieig\u0105 \u012fvairaus am\u017eiaus vaikams<\/p>","protected":false},"excerpt":{"rendered":"<p>\u201eBackyard Discovery\u201c\u00a0sukurta\u00a0\u201eEcho Heights\u201c \u017eaidim\u0173 aik\u0161tel\u0117\u00a0suteiks valand\u0173 valandas pramog\u0173 j\u016bs\u0173 kieme. D\u0117l kompakti\u0161ko dizaino \u0161is \u017eaidim\u0173 namelis puikiai tinka bet kokiam<\/p>","protected":false},"featured_media":61168,"template":"","meta":{"_acf_changed":false,"_glsr_average":0,"_glsr_ranking":0,"_glsr_reviews":0},"product_brand":[],"product_cat":[233,382],"product_tag":[],"class_list":{"0":"post-89054","1":"product","2":"type-product","3":"status-publish","4":"has-post-thumbnail","6":"product_cat-lauko-pramogos","7":"product_cat-zaidimu-aiksteles","8":"\"style=\"background-color: #2ecc711c;\"","10":"first","11":"instock","12":"purchasable","13":"product-type-simple"},"acf":[],"yoast_head":"<!-- This site is optimized with the Yoast SEO plugin v27.3 - https:\/\/yoast.com\/product\/yoast-seo-wordpress\/ -->\n<title>Echo Heights medin\u0117 \u017eaidim\u0173 aik\u0161tel\u0117s \u010diuo\u017eykla \u017daidim\u0173 namelis-virtuv\u0117<\/title>\n<meta name=\"description\" content=\"Echo Heights medin\u0117 \u017eaidim\u0173 aik\u0161tel\u0117s \u010diuo\u017eykla \u017daidim\u0173 namelis-virtuv\u0117 - KidsPlay. Did\u017eiausias vaik\u0173 \u017eaisl\u0173 pasirinkimas.\" \/>\n<meta name=\"robots\" content=\"index, follow, max-snippet:-1, max-image-preview:large, max-video-preview:-1\" \/>\n<link rel=\"canonical\" href=\"https:\/\/kidsplay.lt\/lv\/products\/echo-heights-medine-zaidimu-aiksteles-ciuozykla-zaidimu-namelis-virtuve\/\" \/>\n<meta property=\"og:locale\" content=\"lv_LV\" \/>\n<meta property=\"og:type\" content=\"article\" \/>\n<meta property=\"og:title\" content=\"Echo Heights medin\u0117 \u017eaidim\u0173 aik\u0161tel\u0117s \u010diuo\u017eykla \u017daidim\u0173 namelis-virtuv\u0117\" \/>\n<meta property=\"og:description\" content=\"Echo Heights medin\u0117 \u017eaidim\u0173 aik\u0161tel\u0117s \u010diuo\u017eykla \u017daidim\u0173 namelis-virtuv\u0117 - KidsPlay. Did\u017eiausias vaik\u0173 \u017eaisl\u0173 pasirinkimas.\" \/>\n<meta property=\"og:url\" content=\"https:\/\/kidsplay.lt\/lv\/products\/echo-heights-medine-zaidimu-aiksteles-ciuozykla-zaidimu-namelis-virtuve\/\" \/>\n<meta property=\"og:site_name\" content=\"KidsPlay\" \/>\n<meta property=\"article:publisher\" content=\"https:\/\/www.facebook.com\/www.kidsplay.lt\" \/>\n<meta property=\"article:modified_time\" content=\"2026-04-07T07:22:09+00:00\" \/>\n<meta property=\"og:image\" content=\"https:\/\/kidsplay.lt\/wp-content\/uploads\/2025\/05\/Echo-Heights-medine-zaidimu-aiksteles-ciuozykla-Zaidimu-namelis-virtuve.jpg\" \/>\n\t<meta property=\"og:image:width\" content=\"800\" \/>\n\t<meta property=\"og:image:height\" content=\"800\" \/>\n\t<meta property=\"og:image:type\" content=\"image\/jpeg\" \/>\n<meta name=\"twitter:card\" content=\"summary_large_image\" \/>\n<meta name=\"twitter:label1\" content=\"Est. reading time\" \/>\n\t<meta name=\"twitter:data1\" content=\"1 min\u016bte\" \/>\n<script type=\"application\/ld+json\" class=\"yoast-schema-graph\">{\"@context\":\"https:\\\/\\\/schema.org\",\"@graph\":[{\"@type\":\"WebPage\",\"@id\":\"https:\\\/\\\/kidsplay.lt\\\/produktas\\\/echo-heights-medine-zaidimu-aiksteles-ciuozykla-zaidimu-namelis-virtuve\\\/\",\"url\":\"https:\\\/\\\/kidsplay.lt\\\/produktas\\\/echo-heights-medine-zaidimu-aiksteles-ciuozykla-zaidimu-namelis-virtuve\\\/\",\"name\":\"Echo Heights medin\u0117 \u017eaidim\u0173 aik\u0161tel\u0117s \u010diuo\u017eykla \u017daidim\u0173 namelis-virtuv\u0117\",\"isPartOf\":{\"@id\":\"https:\\\/\\\/kidsplay.lt\\\/#website\"},\"primaryImageOfPage\":{\"@id\":\"https:\\\/\\\/kidsplay.lt\\\/produktas\\\/echo-heights-medine-zaidimu-aiksteles-ciuozykla-zaidimu-namelis-virtuve\\\/#primaryimage\"},\"image\":{\"@id\":\"https:\\\/\\\/kidsplay.lt\\\/produktas\\\/echo-heights-medine-zaidimu-aiksteles-ciuozykla-zaidimu-namelis-virtuve\\\/#primaryimage\"},\"thumbnailUrl\":\"https:\\\/\\\/kidsplay.lt\\\/wp-content\\\/uploads\\\/2025\\\/05\\\/Echo-Heights-medine-zaidimu-aiksteles-ciuozykla-Zaidimu-namelis-virtuve.jpg\",\"datePublished\":\"2026-02-26T07:06:15+00:00\",\"dateModified\":\"2026-04-07T07:22:09+00:00\",\"description\":\"Echo Heights medin\u0117 \u017eaidim\u0173 aik\u0161tel\u0117s \u010diuo\u017eykla \u017daidim\u0173 namelis-virtuv\u0117 - KidsPlay. Did\u017eiausias vaik\u0173 \u017eaisl\u0173 pasirinkimas.\",\"breadcrumb\":{\"@id\":\"https:\\\/\\\/kidsplay.lt\\\/produktas\\\/echo-heights-medine-zaidimu-aiksteles-ciuozykla-zaidimu-namelis-virtuve\\\/#breadcrumb\"},\"inLanguage\":\"lv-LV\",\"potentialAction\":[{\"@type\":\"ReadAction\",\"target\":[\"https:\\\/\\\/kidsplay.lt\\\/produktas\\\/echo-heights-medine-zaidimu-aiksteles-ciuozykla-zaidimu-namelis-virtuve\\\/\"]}]},{\"@type\":\"ImageObject\",\"inLanguage\":\"lv-LV\",\"@id\":\"https:\\\/\\\/kidsplay.lt\\\/produktas\\\/echo-heights-medine-zaidimu-aiksteles-ciuozykla-zaidimu-namelis-virtuve\\\/#primaryimage\",\"url\":\"https:\\\/\\\/kidsplay.lt\\\/wp-content\\\/uploads\\\/2025\\\/05\\\/Echo-Heights-medine-zaidimu-aiksteles-ciuozykla-Zaidimu-namelis-virtuve.jpg\",\"contentUrl\":\"https:\\\/\\\/kidsplay.lt\\\/wp-content\\\/uploads\\\/2025\\\/05\\\/Echo-Heights-medine-zaidimu-aiksteles-ciuozykla-Zaidimu-namelis-virtuve.jpg\",\"width\":800,\"height\":800,\"caption\":\"Echo Heights medin\u0117 \u017eaidim\u0173 aik\u0161tel\u0117s \u010diuo\u017eykla \u017daidim\u0173 namelis-virtuv\u0117\"},{\"@type\":\"BreadcrumbList\",\"@id\":\"https:\\\/\\\/kidsplay.lt\\\/produktas\\\/echo-heights-medine-zaidimu-aiksteles-ciuozykla-zaidimu-namelis-virtuve\\\/#breadcrumb\",\"itemListElement\":[{\"@type\":\"ListItem\",\"position\":1,\"name\":\"Pagrindinis\",\"item\":\"https:\\\/\\\/kidsplay.lt\\\/\"},{\"@type\":\"ListItem\",\"position\":2,\"name\":\"Parduotuv\u0117\",\"item\":\"https:\\\/\\\/kidsplay.lt\\\/parduotuve\\\/\"},{\"@type\":\"ListItem\",\"position\":3,\"name\":\"Echo Heights medin\u0117 \u017eaidim\u0173 aik\u0161tel\u0117s \u010diuo\u017eykla \u017daidim\u0173 namelis-virtuv\u0117\"}]},{\"@type\":\"WebSite\",\"@id\":\"https:\\\/\\\/kidsplay.lt\\\/#website\",\"url\":\"https:\\\/\\\/kidsplay.lt\\\/\",\"name\":\"Kidsplay.lt\",\"description\":\"\u012evairios prek\u0117s vaikams\",\"publisher\":{\"@id\":\"https:\\\/\\\/kidsplay.lt\\\/#organization\"},\"alternateName\":\"Kidsplay\",\"potentialAction\":[{\"@type\":\"SearchAction\",\"target\":{\"@type\":\"EntryPoint\",\"urlTemplate\":\"https:\\\/\\\/kidsplay.lt\\\/?s={search_term_string}\"},\"query-input\":{\"@type\":\"PropertyValueSpecification\",\"valueRequired\":true,\"valueName\":\"search_term_string\"}}],\"inLanguage\":\"lv-LV\"},{\"@type\":\"Organization\",\"@id\":\"https:\\\/\\\/kidsplay.lt\\\/#organization\",\"name\":\"KidsPlay\",\"url\":\"https:\\\/\\\/kidsplay.lt\\\/\",\"logo\":{\"@type\":\"ImageObject\",\"inLanguage\":\"lv-LV\",\"@id\":\"https:\\\/\\\/kidsplay.lt\\\/#\\\/schema\\\/logo\\\/image\\\/\",\"url\":\"https:\\\/\\\/kidsplay.lt\\\/wp-content\\\/uploads\\\/2023\\\/07\\\/kidsplay-logo.png\",\"contentUrl\":\"https:\\\/\\\/kidsplay.lt\\\/wp-content\\\/uploads\\\/2023\\\/07\\\/kidsplay-logo.png\",\"width\":451,\"height\":98,\"caption\":\"KidsPlay\"},\"image\":{\"@id\":\"https:\\\/\\\/kidsplay.lt\\\/#\\\/schema\\\/logo\\\/image\\\/\"},\"sameAs\":[\"https:\\\/\\\/www.facebook.com\\\/www.kidsplay.lt\"]}]}<\/script>\n<!-- \/ Yoast SEO plugin. -->","yoast_head_json":{"title":"Echo Heights medin\u0117 \u017eaidim\u0173 aik\u0161tel\u0117s \u010diuo\u017eykla \u017daidim\u0173 namelis-virtuv\u0117","description":"Echo Heights medin\u0117 \u017eaidim\u0173 aik\u0161tel\u0117s \u010diuo\u017eykla \u017daidim\u0173 namelis-virtuv\u0117 - KidsPlay. Did\u017eiausias vaik\u0173 \u017eaisl\u0173 pasirinkimas.","robots":{"index":"index","follow":"follow","max-snippet":"max-snippet:-1","max-image-preview":"max-image-preview:large","max-video-preview":"max-video-preview:-1"},"canonical":"https:\/\/kidsplay.lt\/lv\/products\/echo-heights-medine-zaidimu-aiksteles-ciuozykla-zaidimu-namelis-virtuve\/","og_locale":"lv_LV","og_type":"article","og_title":"Echo Heights medin\u0117 \u017eaidim\u0173 aik\u0161tel\u0117s \u010diuo\u017eykla \u017daidim\u0173 namelis-virtuv\u0117","og_description":"Echo Heights medin\u0117 \u017eaidim\u0173 aik\u0161tel\u0117s \u010diuo\u017eykla \u017daidim\u0173 namelis-virtuv\u0117 - KidsPlay. Did\u017eiausias vaik\u0173 \u017eaisl\u0173 pasirinkimas.","og_url":"https:\/\/kidsplay.lt\/lv\/products\/echo-heights-medine-zaidimu-aiksteles-ciuozykla-zaidimu-namelis-virtuve\/","og_site_name":"KidsPlay","article_publisher":"https:\/\/www.facebook.com\/www.kidsplay.lt","article_modified_time":"2026-04-07T07:22:09+00:00","og_image":[{"width":800,"height":800,"url":"https:\/\/kidsplay.lt\/wp-content\/uploads\/2025\/05\/Echo-Heights-medine-zaidimu-aiksteles-ciuozykla-Zaidimu-namelis-virtuve.jpg","type":"image\/jpeg"}],"twitter_card":"summary_large_image","twitter_misc":{"Est. reading time":"1 min\u016bte"},"schema":{"@context":"https:\/\/schema.org","@graph":[{"@type":"WebPage","@id":"https:\/\/kidsplay.lt\/produktas\/echo-heights-medine-zaidimu-aiksteles-ciuozykla-zaidimu-namelis-virtuve\/","url":"https:\/\/kidsplay.lt\/produktas\/echo-heights-medine-zaidimu-aiksteles-ciuozykla-zaidimu-namelis-virtuve\/","name":"Echo Heights medin\u0117 \u017eaidim\u0173 aik\u0161tel\u0117s \u010diuo\u017eykla \u017daidim\u0173 namelis-virtuv\u0117","isPartOf":{"@id":"https:\/\/kidsplay.lt\/#website"},"primaryImageOfPage":{"@id":"https:\/\/kidsplay.lt\/produktas\/echo-heights-medine-zaidimu-aiksteles-ciuozykla-zaidimu-namelis-virtuve\/#primaryimage"},"image":{"@id":"https:\/\/kidsplay.lt\/produktas\/echo-heights-medine-zaidimu-aiksteles-ciuozykla-zaidimu-namelis-virtuve\/#primaryimage"},"thumbnailUrl":"https:\/\/kidsplay.lt\/wp-content\/uploads\/2025\/05\/Echo-Heights-medine-zaidimu-aiksteles-ciuozykla-Zaidimu-namelis-virtuve.jpg","datePublished":"2026-02-26T07:06:15+00:00","dateModified":"2026-04-07T07:22:09+00:00","description":"Echo Heights medin\u0117 \u017eaidim\u0173 aik\u0161tel\u0117s \u010diuo\u017eykla \u017daidim\u0173 namelis-virtuv\u0117 - KidsPlay. Did\u017eiausias vaik\u0173 \u017eaisl\u0173 pasirinkimas.","breadcrumb":{"@id":"https:\/\/kidsplay.lt\/produktas\/echo-heights-medine-zaidimu-aiksteles-ciuozykla-zaidimu-namelis-virtuve\/#breadcrumb"},"inLanguage":"lv-LV","potentialAction":[{"@type":"ReadAction","target":["https:\/\/kidsplay.lt\/produktas\/echo-heights-medine-zaidimu-aiksteles-ciuozykla-zaidimu-namelis-virtuve\/"]}]},{"@type":"ImageObject","inLanguage":"lv-LV","@id":"https:\/\/kidsplay.lt\/produktas\/echo-heights-medine-zaidimu-aiksteles-ciuozykla-zaidimu-namelis-virtuve\/#primaryimage","url":"https:\/\/kidsplay.lt\/wp-content\/uploads\/2025\/05\/Echo-Heights-medine-zaidimu-aiksteles-ciuozykla-Zaidimu-namelis-virtuve.jpg","contentUrl":"https:\/\/kidsplay.lt\/wp-content\/uploads\/2025\/05\/Echo-Heights-medine-zaidimu-aiksteles-ciuozykla-Zaidimu-namelis-virtuve.jpg","width":800,"height":800,"caption":"Echo Heights medin\u0117 \u017eaidim\u0173 aik\u0161tel\u0117s \u010diuo\u017eykla \u017daidim\u0173 namelis-virtuv\u0117"},{"@type":"BreadcrumbList","@id":"https:\/\/kidsplay.lt\/produktas\/echo-heights-medine-zaidimu-aiksteles-ciuozykla-zaidimu-namelis-virtuve\/#breadcrumb","itemListElement":[{"@type":"ListItem","position":1,"name":"Pagrindinis","item":"https:\/\/kidsplay.lt\/"},{"@type":"ListItem","position":2,"name":"Parduotuv\u0117","item":"https:\/\/kidsplay.lt\/parduotuve\/"},{"@type":"ListItem","position":3,"name":"Echo Heights medin\u0117 \u017eaidim\u0173 aik\u0161tel\u0117s \u010diuo\u017eykla \u017daidim\u0173 namelis-virtuv\u0117"}]},{"@type":"WebSite","@id":"https:\/\/kidsplay.lt\/#website","url":"https:\/\/kidsplay.lt\/","name":"B\u0113rnu sp\u0113les.lv","description":"\u012evairios prek\u0117s vaikams","publisher":{"@id":"https:\/\/kidsplay.lt\/#organization"},"alternateName":"Kidsplay","potentialAction":[{"@type":"SearchAction","target":{"@type":"EntryPoint","urlTemplate":"https:\/\/kidsplay.lt\/?s={search_term_string}"},"query-input":{"@type":"PropertyValueSpecification","valueRequired":true,"valueName":"search_term_string"}}],"inLanguage":"lv-LV"},{"@type":"Organization","@id":"https:\/\/kidsplay.lt\/#organization","name":"B\u0113rnu sp\u0113le","url":"https:\/\/kidsplay.lt\/","logo":{"@type":"ImageObject","inLanguage":"lv-LV","@id":"https:\/\/kidsplay.lt\/#\/schema\/logo\/image\/","url":"https:\/\/kidsplay.lt\/wp-content\/uploads\/2023\/07\/kidsplay-logo.png","contentUrl":"https:\/\/kidsplay.lt\/wp-content\/uploads\/2023\/07\/kidsplay-logo.png","width":451,"height":98,"caption":"KidsPlay"},"image":{"@id":"https:\/\/kidsplay.lt\/#\/schema\/logo\/image\/"},"sameAs":["https:\/\/www.facebook.com\/www.kidsplay.lt"]}]}},"_links":{"self":[{"href":"https:\/\/kidsplay.lt\/lv\/wp-json\/wp\/v2\/product\/89054","targetHints":{"allow":["GET"]}}],"collection":[{"href":"https:\/\/kidsplay.lt\/lv\/wp-json\/wp\/v2\/product"}],"about":[{"href":"https:\/\/kidsplay.lt\/lv\/wp-json\/wp\/v2\/types\/product"}],"version-history":[{"count":1,"href":"https:\/\/kidsplay.lt\/lv\/wp-json\/wp\/v2\/product\/89054\/revisions"}],"predecessor-version":[{"id":89055,"href":"https:\/\/kidsplay.lt\/lv\/wp-json\/wp\/v2\/product\/89054\/revisions\/89055"}],"wp:featuredmedia":[{"embeddable":true,"href":"https:\/\/kidsplay.lt\/lv\/wp-json\/wp\/v2\/media\/61168"}],"wp:attachment":[{"href":"https:\/\/kidsplay.lt\/lv\/wp-json\/wp\/v2\/media?parent=89054"}],"wp:term":[{"taxonomy":"product_brand","embeddable":true,"href":"https:\/\/kidsplay.lt\/lv\/wp-json\/wp\/v2\/product_brand?post=89054"},{"taxonomy":"product_cat","embeddable":true,"href":"https:\/\/kidsplay.lt\/lv\/wp-json\/wp\/v2\/product_cat?post=89054"},{"taxonomy":"product_tag","embeddable":true,"href":"https:\/\/kidsplay.lt\/lv\/wp-json\/wp\/v2\/product_tag?post=89054"}],"curies":[{"name":"wp","href":"https:\/\/api.w.org\/{rel}","templated":true}]}}