{"id":89056,"date":"2026-02-26T09:06:18","date_gmt":"2026-02-26T07:06:18","guid":{"rendered":"https:\/\/kidsplay.lt\/produktas\/kiemo-atradimai-medine-zaidimu-aikstele-aurora-zaidimu-namelis-ciuozykla\/"},"modified":"2026-04-13T14:43:21","modified_gmt":"2026-04-13T11:43:21","slug":"kiemo-atradimai-medine-zaidimu-aikstele-aurora-zaidimu-namelis-ciuozykla","status":"publish","type":"product","link":"https:\/\/kidsplay.lt\/lv\/products\/kiemo-atradimai-medine-zaidimu-aikstele-aurora-zaidimu-namelis-ciuozykla\/","title":{"rendered":"PAGALMA ATKL\u0100JUMI Koka rota\u013cu laukums &quot;Aurora&quot; rota\u013cu m\u0101ji\u0146a, slidkalni\u0146\u0161"},"content":{"rendered":"<p>\u201eAurora Backyard Discovery\u201c \u017eaidim\u0173 aik\u0161tel\u0117\u00a0taip pat puikiai tinka ma\u017eesniems sodams. \u017daidimas sode niekada nebebus nuobodus!\u00a0Medin\u0117 \u017eaidim\u0173 aik\u0161tel\u0117\u00a0\u201eAurora\u201c\u00a0si\u016blo daugyb\u0119 \u017eaidimo galimybi\u0173. Joje yra platforma su banguojan\u010dia m\u0117lyna \u010diuo\u017eykla, pasiekiama saugiomis kop\u0117\u010diomis, kurios taip pat tarnauja kaip\u00a0laipiojimo siena\u00a0. Vis\u0105 plot\u0105 dengia m\u0117lynas stogas\u00a0,\u00a0suteikiantis pav\u0117s\u012f nuo saul\u0117s. Apa\u010dioje rasite sm\u0117lio d\u0117\u017e\u0119 ir dvi tvirtas s\u016bpynes.<\/p>\n<p>Rakstur\u012bgs:<\/p>\n<p> \t&#8211; sm\u0117lio d\u0117\u017e\u0117,<br \/>\n \t&#8211; 2 s\u016bpyn\u0117s,<br \/>\n \t&#8211; kop\u0117\u010dios,<br \/>\n \t&#8211; laipiojimo siena,<\/p>\n<p> \t&#8211; skaidr\u0117.<\/p>\n<p>Nuostab\u016bs amerikie\u010di\u0173 kompanijos \u201e\u00a0Backyard Discovery\u201c\u00a0\u2013 gerai \u017einomo ir gerbiamo\u00a0prek\u0117s \u017eenklo STEP2\u00a0savinink\u0117s \u2013 sodo \u017eaislai d\u017eiugina jau daugiau nei 30 met\u0173. \u0160io gamintojo \u017eaislai pasi\u017eymi auk\u0161\u010diausia kokybe ir kruop\u0161\u010diu meistri\u0161kumu. Jie yra stabil\u016bs, saug\u016bs ir patvar\u016bs.\u00a0Kiekvienas i\u0161 kedro pagamintas \u017eaisl\u0173 rinkinys yra nat\u016braliai atsparus puvimui, vabzd\u017eiams ir oro s\u0105lygoms. Jie tarnauja daugel\u012f sezon\u0173, i\u0161laikydami savo spalv\u0105 ir savybes.\u00a0\u201eBackyard Discovery\u201c\u00a0sodo nameliai ir \u017eaidim\u0173 aik\u0161tel\u0117s\u00a0yra gra\u017e\u016bs ir puikiai \u012frengtos, jose yra \u012fmontuotos vaik\u0173 virtuv\u0117l\u0117s, \u010diuo\u017eyklos, s\u016bpyn\u0117s ir daugyb\u0117 kit\u0173 atrakcion\u0173.<\/p>\n<p>\u201eBackyard Discovery\u201c\u00a0produktai\u00a0nusipelno b\u016bti vadinami\u00a0auk\u0161\u010diausios kokyb\u0117s\u00a0sodo \u017eaislais \u2013 jie verti kiekvieno cento.<\/p>","protected":false},"excerpt":{"rendered":"<p>\u201eAurora Backyard Discovery\u201c \u017eaidim\u0173 aik\u0161tel\u0117\u00a0taip pat puikiai tinka ma\u017eesniems sodams. \u017daidimas sode niekada nebebus nuobodus!\u00a0Medin\u0117 \u017eaidim\u0173 aik\u0161tel\u0117\u00a0\u201eAurora\u201c\u00a0si\u016blo daugyb\u0119 \u017eaidimo galimybi\u0173.<\/p>","protected":false},"featured_media":63238,"template":"","meta":{"_acf_changed":false,"_glsr_average":0,"_glsr_ranking":0,"_glsr_reviews":0},"product_brand":[],"product_cat":[233,382],"product_tag":[],"class_list":{"0":"post-89056","1":"product","2":"type-product","3":"status-publish","4":"has-post-thumbnail","6":"product_cat-lauko-pramogos","7":"product_cat-zaidimu-aiksteles","8":"\"style=\"background-color: #2ecc711c;\"","10":"first","11":"instock","12":"purchasable","13":"product-type-simple"},"acf":[],"yoast_head":"<!-- This site is optimized with the Yoast SEO plugin v27.3 - https:\/\/yoast.com\/product\/yoast-seo-wordpress\/ -->\n<title>KIEMO ATRADIMAI Medin\u0117 \u017eaidim\u0173 aik\u0161tel\u0117 \u201eAurora\u201c \u017eaidim\u0173 namelis, \u010diuo\u017eykla<\/title>\n<meta name=\"description\" content=\"KIEMO ATRADIMAI Medin\u0117 \u017eaidim\u0173 aik\u0161tel\u0117 \u201eAurora\u201c \u017eaidim\u0173 namelis, \u010diuo\u017eykla - KidsPlay. Did\u017eiausias vaik\u0173 \u017eaisl\u0173 pasirinkimas.\" \/>\n<meta name=\"robots\" content=\"index, follow, max-snippet:-1, max-image-preview:large, max-video-preview:-1\" \/>\n<link rel=\"canonical\" href=\"https:\/\/kidsplay.lt\/lv\/products\/kiemo-atradimai-medine-zaidimu-aikstele-aurora-zaidimu-namelis-ciuozykla\/\" \/>\n<meta property=\"og:locale\" content=\"lv_LV\" \/>\n<meta property=\"og:type\" content=\"article\" \/>\n<meta property=\"og:title\" content=\"KIEMO ATRADIMAI Medin\u0117 \u017eaidim\u0173 aik\u0161tel\u0117 \u201eAurora\u201c \u017eaidim\u0173 namelis, \u010diuo\u017eykla\" \/>\n<meta property=\"og:description\" content=\"KIEMO ATRADIMAI Medin\u0117 \u017eaidim\u0173 aik\u0161tel\u0117 \u201eAurora\u201c \u017eaidim\u0173 namelis, \u010diuo\u017eykla - KidsPlay. Did\u017eiausias vaik\u0173 \u017eaisl\u0173 pasirinkimas.\" \/>\n<meta property=\"og:url\" content=\"https:\/\/kidsplay.lt\/lv\/products\/kiemo-atradimai-medine-zaidimu-aikstele-aurora-zaidimu-namelis-ciuozykla\/\" \/>\n<meta property=\"og:site_name\" content=\"KidsPlay\" \/>\n<meta property=\"article:publisher\" content=\"https:\/\/www.facebook.com\/www.kidsplay.lt\" \/>\n<meta property=\"article:modified_time\" content=\"2026-04-13T11:43:21+00:00\" \/>\n<meta property=\"og:image\" content=\"https:\/\/kidsplay.lt\/wp-content\/uploads\/2025\/09\/KIEMO-ATRADIMAI-Medine-zaidimu-aikstele-\u201eAurora-zaidimu-namelis-ciuozykla.jpg\" \/>\n\t<meta property=\"og:image:width\" content=\"770\" \/>\n\t<meta property=\"og:image:height\" content=\"770\" \/>\n\t<meta property=\"og:image:type\" content=\"image\/jpeg\" \/>\n<meta name=\"twitter:card\" content=\"summary_large_image\" \/>\n<meta name=\"twitter:label1\" content=\"Est. reading time\" \/>\n\t<meta name=\"twitter:data1\" content=\"1 min\u016bte\" \/>\n<script type=\"application\/ld+json\" class=\"yoast-schema-graph\">{\"@context\":\"https:\\\/\\\/schema.org\",\"@graph\":[{\"@type\":\"WebPage\",\"@id\":\"https:\\\/\\\/kidsplay.lt\\\/produktas\\\/kiemo-atradimai-medine-zaidimu-aikstele-aurora-zaidimu-namelis-ciuozykla\\\/\",\"url\":\"https:\\\/\\\/kidsplay.lt\\\/produktas\\\/kiemo-atradimai-medine-zaidimu-aikstele-aurora-zaidimu-namelis-ciuozykla\\\/\",\"name\":\"KIEMO ATRADIMAI Medin\u0117 \u017eaidim\u0173 aik\u0161tel\u0117 \u201eAurora\u201c \u017eaidim\u0173 namelis, \u010diuo\u017eykla\",\"isPartOf\":{\"@id\":\"https:\\\/\\\/kidsplay.lt\\\/#website\"},\"primaryImageOfPage\":{\"@id\":\"https:\\\/\\\/kidsplay.lt\\\/produktas\\\/kiemo-atradimai-medine-zaidimu-aikstele-aurora-zaidimu-namelis-ciuozykla\\\/#primaryimage\"},\"image\":{\"@id\":\"https:\\\/\\\/kidsplay.lt\\\/produktas\\\/kiemo-atradimai-medine-zaidimu-aikstele-aurora-zaidimu-namelis-ciuozykla\\\/#primaryimage\"},\"thumbnailUrl\":\"https:\\\/\\\/kidsplay.lt\\\/wp-content\\\/uploads\\\/2025\\\/09\\\/KIEMO-ATRADIMAI-Medine-zaidimu-aikstele-\u201eAurora-zaidimu-namelis-ciuozykla.jpg\",\"datePublished\":\"2026-02-26T07:06:18+00:00\",\"dateModified\":\"2026-04-13T11:43:21+00:00\",\"description\":\"KIEMO ATRADIMAI Medin\u0117 \u017eaidim\u0173 aik\u0161tel\u0117 \u201eAurora\u201c \u017eaidim\u0173 namelis, \u010diuo\u017eykla - KidsPlay. Did\u017eiausias vaik\u0173 \u017eaisl\u0173 pasirinkimas.\",\"breadcrumb\":{\"@id\":\"https:\\\/\\\/kidsplay.lt\\\/produktas\\\/kiemo-atradimai-medine-zaidimu-aikstele-aurora-zaidimu-namelis-ciuozykla\\\/#breadcrumb\"},\"inLanguage\":\"lv-LV\",\"potentialAction\":[{\"@type\":\"ReadAction\",\"target\":[\"https:\\\/\\\/kidsplay.lt\\\/produktas\\\/kiemo-atradimai-medine-zaidimu-aikstele-aurora-zaidimu-namelis-ciuozykla\\\/\"]}]},{\"@type\":\"ImageObject\",\"inLanguage\":\"lv-LV\",\"@id\":\"https:\\\/\\\/kidsplay.lt\\\/produktas\\\/kiemo-atradimai-medine-zaidimu-aikstele-aurora-zaidimu-namelis-ciuozykla\\\/#primaryimage\",\"url\":\"https:\\\/\\\/kidsplay.lt\\\/wp-content\\\/uploads\\\/2025\\\/09\\\/KIEMO-ATRADIMAI-Medine-zaidimu-aikstele-\u201eAurora-zaidimu-namelis-ciuozykla.jpg\",\"contentUrl\":\"https:\\\/\\\/kidsplay.lt\\\/wp-content\\\/uploads\\\/2025\\\/09\\\/KIEMO-ATRADIMAI-Medine-zaidimu-aikstele-\u201eAurora-zaidimu-namelis-ciuozykla.jpg\",\"width\":770,\"height\":770,\"caption\":\"KIEMO ATRADIMAI Medin\u0117 \u017eaidim\u0173 aik\u0161tel\u0117 \u201eAurora\u201c \u017eaidim\u0173 namelis\"},{\"@type\":\"BreadcrumbList\",\"@id\":\"https:\\\/\\\/kidsplay.lt\\\/produktas\\\/kiemo-atradimai-medine-zaidimu-aikstele-aurora-zaidimu-namelis-ciuozykla\\\/#breadcrumb\",\"itemListElement\":[{\"@type\":\"ListItem\",\"position\":1,\"name\":\"Pagrindinis\",\"item\":\"https:\\\/\\\/kidsplay.lt\\\/\"},{\"@type\":\"ListItem\",\"position\":2,\"name\":\"Parduotuv\u0117\",\"item\":\"https:\\\/\\\/kidsplay.lt\\\/parduotuve\\\/\"},{\"@type\":\"ListItem\",\"position\":3,\"name\":\"KIEMO ATRADIMAI Medin\u0117 \u017eaidim\u0173 aik\u0161tel\u0117 \u201eAurora\u201c \u017eaidim\u0173 namelis, \u010diuo\u017eykla\"}]},{\"@type\":\"WebSite\",\"@id\":\"https:\\\/\\\/kidsplay.lt\\\/#website\",\"url\":\"https:\\\/\\\/kidsplay.lt\\\/\",\"name\":\"Kidsplay.lt\",\"description\":\"\u012evairios prek\u0117s vaikams\",\"publisher\":{\"@id\":\"https:\\\/\\\/kidsplay.lt\\\/#organization\"},\"alternateName\":\"Kidsplay\",\"potentialAction\":[{\"@type\":\"SearchAction\",\"target\":{\"@type\":\"EntryPoint\",\"urlTemplate\":\"https:\\\/\\\/kidsplay.lt\\\/?s={search_term_string}\"},\"query-input\":{\"@type\":\"PropertyValueSpecification\",\"valueRequired\":true,\"valueName\":\"search_term_string\"}}],\"inLanguage\":\"lv-LV\"},{\"@type\":\"Organization\",\"@id\":\"https:\\\/\\\/kidsplay.lt\\\/#organization\",\"name\":\"KidsPlay\",\"url\":\"https:\\\/\\\/kidsplay.lt\\\/\",\"logo\":{\"@type\":\"ImageObject\",\"inLanguage\":\"lv-LV\",\"@id\":\"https:\\\/\\\/kidsplay.lt\\\/#\\\/schema\\\/logo\\\/image\\\/\",\"url\":\"https:\\\/\\\/kidsplay.lt\\\/wp-content\\\/uploads\\\/2023\\\/07\\\/kidsplay-logo.png\",\"contentUrl\":\"https:\\\/\\\/kidsplay.lt\\\/wp-content\\\/uploads\\\/2023\\\/07\\\/kidsplay-logo.png\",\"width\":451,\"height\":98,\"caption\":\"KidsPlay\"},\"image\":{\"@id\":\"https:\\\/\\\/kidsplay.lt\\\/#\\\/schema\\\/logo\\\/image\\\/\"},\"sameAs\":[\"https:\\\/\\\/www.facebook.com\\\/www.kidsplay.lt\"]}]}<\/script>\n<!-- \/ Yoast SEO plugin. -->","yoast_head_json":{"title":"PAGALMA ATKL\u0100JUMI Koka rota\u013cu laukums &quot;Aurora&quot; rota\u013cu m\u0101ji\u0146a, slidkalni\u0146\u0161","description":"KIEMO ATRADIMAI Medin\u0117 \u017eaidim\u0173 aik\u0161tel\u0117 \u201eAurora\u201c \u017eaidim\u0173 namelis, \u010diuo\u017eykla - KidsPlay. Did\u017eiausias vaik\u0173 \u017eaisl\u0173 pasirinkimas.","robots":{"index":"index","follow":"follow","max-snippet":"max-snippet:-1","max-image-preview":"max-image-preview:large","max-video-preview":"max-video-preview:-1"},"canonical":"https:\/\/kidsplay.lt\/lv\/products\/kiemo-atradimai-medine-zaidimu-aikstele-aurora-zaidimu-namelis-ciuozykla\/","og_locale":"lv_LV","og_type":"article","og_title":"KIEMO ATRADIMAI Medin\u0117 \u017eaidim\u0173 aik\u0161tel\u0117 \u201eAurora\u201c \u017eaidim\u0173 namelis, \u010diuo\u017eykla","og_description":"KIEMO ATRADIMAI Medin\u0117 \u017eaidim\u0173 aik\u0161tel\u0117 \u201eAurora\u201c \u017eaidim\u0173 namelis, \u010diuo\u017eykla - KidsPlay. Did\u017eiausias vaik\u0173 \u017eaisl\u0173 pasirinkimas.","og_url":"https:\/\/kidsplay.lt\/lv\/products\/kiemo-atradimai-medine-zaidimu-aikstele-aurora-zaidimu-namelis-ciuozykla\/","og_site_name":"KidsPlay","article_publisher":"https:\/\/www.facebook.com\/www.kidsplay.lt","article_modified_time":"2026-04-13T11:43:21+00:00","og_image":[{"width":770,"height":770,"url":"https:\/\/kidsplay.lt\/wp-content\/uploads\/2025\/09\/KIEMO-ATRADIMAI-Medine-zaidimu-aikstele-\u201eAurora-zaidimu-namelis-ciuozykla.jpg","type":"image\/jpeg"}],"twitter_card":"summary_large_image","twitter_misc":{"Est. reading time":"1 min\u016bte"},"schema":{"@context":"https:\/\/schema.org","@graph":[{"@type":"WebPage","@id":"https:\/\/kidsplay.lt\/produktas\/kiemo-atradimai-medine-zaidimu-aikstele-aurora-zaidimu-namelis-ciuozykla\/","url":"https:\/\/kidsplay.lt\/produktas\/kiemo-atradimai-medine-zaidimu-aikstele-aurora-zaidimu-namelis-ciuozykla\/","name":"PAGALMA ATKL\u0100JUMI Koka rota\u013cu laukums &quot;Aurora&quot; rota\u013cu m\u0101ji\u0146a, slidkalni\u0146\u0161","isPartOf":{"@id":"https:\/\/kidsplay.lt\/#website"},"primaryImageOfPage":{"@id":"https:\/\/kidsplay.lt\/produktas\/kiemo-atradimai-medine-zaidimu-aikstele-aurora-zaidimu-namelis-ciuozykla\/#primaryimage"},"image":{"@id":"https:\/\/kidsplay.lt\/produktas\/kiemo-atradimai-medine-zaidimu-aikstele-aurora-zaidimu-namelis-ciuozykla\/#primaryimage"},"thumbnailUrl":"https:\/\/kidsplay.lt\/wp-content\/uploads\/2025\/09\/KIEMO-ATRADIMAI-Medine-zaidimu-aikstele-\u201eAurora-zaidimu-namelis-ciuozykla.jpg","datePublished":"2026-02-26T07:06:18+00:00","dateModified":"2026-04-13T11:43:21+00:00","description":"KIEMO ATRADIMAI Medin\u0117 \u017eaidim\u0173 aik\u0161tel\u0117 \u201eAurora\u201c \u017eaidim\u0173 namelis, \u010diuo\u017eykla - KidsPlay. Did\u017eiausias vaik\u0173 \u017eaisl\u0173 pasirinkimas.","breadcrumb":{"@id":"https:\/\/kidsplay.lt\/produktas\/kiemo-atradimai-medine-zaidimu-aikstele-aurora-zaidimu-namelis-ciuozykla\/#breadcrumb"},"inLanguage":"lv-LV","potentialAction":[{"@type":"ReadAction","target":["https:\/\/kidsplay.lt\/produktas\/kiemo-atradimai-medine-zaidimu-aikstele-aurora-zaidimu-namelis-ciuozykla\/"]}]},{"@type":"ImageObject","inLanguage":"lv-LV","@id":"https:\/\/kidsplay.lt\/produktas\/kiemo-atradimai-medine-zaidimu-aikstele-aurora-zaidimu-namelis-ciuozykla\/#primaryimage","url":"https:\/\/kidsplay.lt\/wp-content\/uploads\/2025\/09\/KIEMO-ATRADIMAI-Medine-zaidimu-aikstele-\u201eAurora-zaidimu-namelis-ciuozykla.jpg","contentUrl":"https:\/\/kidsplay.lt\/wp-content\/uploads\/2025\/09\/KIEMO-ATRADIMAI-Medine-zaidimu-aikstele-\u201eAurora-zaidimu-namelis-ciuozykla.jpg","width":770,"height":770,"caption":"KIEMO ATRADIMAI Medin\u0117 \u017eaidim\u0173 aik\u0161tel\u0117 \u201eAurora\u201c \u017eaidim\u0173 namelis"},{"@type":"BreadcrumbList","@id":"https:\/\/kidsplay.lt\/produktas\/kiemo-atradimai-medine-zaidimu-aikstele-aurora-zaidimu-namelis-ciuozykla\/#breadcrumb","itemListElement":[{"@type":"ListItem","position":1,"name":"Pagrindinis","item":"https:\/\/kidsplay.lt\/"},{"@type":"ListItem","position":2,"name":"Parduotuv\u0117","item":"https:\/\/kidsplay.lt\/parduotuve\/"},{"@type":"ListItem","position":3,"name":"KIEMO ATRADIMAI Medin\u0117 \u017eaidim\u0173 aik\u0161tel\u0117 \u201eAurora\u201c \u017eaidim\u0173 namelis, \u010diuo\u017eykla"}]},{"@type":"WebSite","@id":"https:\/\/kidsplay.lt\/#website","url":"https:\/\/kidsplay.lt\/","name":"B\u0113rnu sp\u0113les.lv","description":"\u012evairios prek\u0117s vaikams","publisher":{"@id":"https:\/\/kidsplay.lt\/#organization"},"alternateName":"Kidsplay","potentialAction":[{"@type":"SearchAction","target":{"@type":"EntryPoint","urlTemplate":"https:\/\/kidsplay.lt\/?s={search_term_string}"},"query-input":{"@type":"PropertyValueSpecification","valueRequired":true,"valueName":"search_term_string"}}],"inLanguage":"lv-LV"},{"@type":"Organization","@id":"https:\/\/kidsplay.lt\/#organization","name":"B\u0113rnu sp\u0113le","url":"https:\/\/kidsplay.lt\/","logo":{"@type":"ImageObject","inLanguage":"lv-LV","@id":"https:\/\/kidsplay.lt\/#\/schema\/logo\/image\/","url":"https:\/\/kidsplay.lt\/wp-content\/uploads\/2023\/07\/kidsplay-logo.png","contentUrl":"https:\/\/kidsplay.lt\/wp-content\/uploads\/2023\/07\/kidsplay-logo.png","width":451,"height":98,"caption":"KidsPlay"},"image":{"@id":"https:\/\/kidsplay.lt\/#\/schema\/logo\/image\/"},"sameAs":["https:\/\/www.facebook.com\/www.kidsplay.lt"]}]}},"_links":{"self":[{"href":"https:\/\/kidsplay.lt\/lv\/wp-json\/wp\/v2\/product\/89056","targetHints":{"allow":["GET"]}}],"collection":[{"href":"https:\/\/kidsplay.lt\/lv\/wp-json\/wp\/v2\/product"}],"about":[{"href":"https:\/\/kidsplay.lt\/lv\/wp-json\/wp\/v2\/types\/product"}],"version-history":[{"count":1,"href":"https:\/\/kidsplay.lt\/lv\/wp-json\/wp\/v2\/product\/89056\/revisions"}],"predecessor-version":[{"id":89057,"href":"https:\/\/kidsplay.lt\/lv\/wp-json\/wp\/v2\/product\/89056\/revisions\/89057"}],"wp:featuredmedia":[{"embeddable":true,"href":"https:\/\/kidsplay.lt\/lv\/wp-json\/wp\/v2\/media\/63238"}],"wp:attachment":[{"href":"https:\/\/kidsplay.lt\/lv\/wp-json\/wp\/v2\/media?parent=89056"}],"wp:term":[{"taxonomy":"product_brand","embeddable":true,"href":"https:\/\/kidsplay.lt\/lv\/wp-json\/wp\/v2\/product_brand?post=89056"},{"taxonomy":"product_cat","embeddable":true,"href":"https:\/\/kidsplay.lt\/lv\/wp-json\/wp\/v2\/product_cat?post=89056"},{"taxonomy":"product_tag","embeddable":true,"href":"https:\/\/kidsplay.lt\/lv\/wp-json\/wp\/v2\/product_tag?post=89056"}],"curies":[{"name":"wp","href":"https:\/\/api.w.org\/{rel}","templated":true}]}}