{"id":89058,"date":"2026-02-26T09:06:20","date_gmt":"2026-02-26T07:06:20","guid":{"rendered":"https:\/\/kidsplay.lt\/produktas\/kiemo-atradimas-atlanto-didziule-medine-zaidimu-aikstele\/"},"modified":"2026-04-13T14:43:25","modified_gmt":"2026-04-13T11:43:25","slug":"kiemo-atradimas-atlanto-didziule-medine-zaidimu-aikstele","status":"publish","type":"product","link":"https:\/\/kidsplay.lt\/lv\/products\/kiemo-atradimas-atlanto-didziule-medine-zaidimu-aikstele\/","title":{"rendered":"KIEMO ATRADIMAS Atlanto did\u017eiul\u0117 medin\u0117 \u017eaidim\u0173 aik\u0161tel\u0117"},"content":{"rendered":"<p>Did\u017eiul\u0117 \u201eSunnydale Backyard Discovery\u201c \u017eaidim\u0173 aik\u0161tel\u0117 \u2013 puikus bet kurio sodo papildymas. Nuo \u0161iol sodo pramogos niekada nesibaigs! \u201eAtlantic\u201c medin\u0117 \u017eaidim\u0173 aik\u0161tel\u0117 \u2013 tai fantasti\u0161kas veiklos centras, si\u016blantis plat\u0173 \u017eaidimo variant\u0173 pasirinkim\u0105. Joje yra platforminis namelis ant poli\u0173 su ilga, banguojan\u010dia \u010diuo\u017eykla, pasiekiama kop\u0117\u010diomis arba laipiojimo sienele su saugos rankenomis vir\u0161uje. Gra\u017eus medinis stogas dengia vis\u0105 erdv\u0119, suteikdamas pav\u0117s\u012f nuo saul\u0117s. Balkonas vir\u0161utiniame auk\u0161te yra papildomas privalumas.<\/p>\n<p>Apatin\u0117je dalyje rasite erdvi\u0105 sm\u0117lio d\u0117\u017e\u0119, lang\u0105 su baro formos stalvir\u0161iu, tris tvirtas s\u016bpynes (dvi viengules ir vien\u0105 dvigul\u0119).<\/p>\n<p>Produkto savyb\u0117s:<br \/>\nMed\u017eiaga: kedro mediena<br \/>\nVir\u0161utin\u0117s platformos matmenys: 163 x 102 cm<br \/>\nBalkono auk\u0161tis: 122 cm<br \/>\n\u010ciuo\u017eyklos ilgis: 244 cm<br \/>\nSm\u0117lio d\u0117\u017e\u0117s talpa: apie 200 kg sm\u0117lio<\/p>\n<p>\u201eBackyard Discovery\u201c jau daugiau nei 30 met\u0173 gamina auk\u0161\u010diausios kokyb\u0117s medines \u017eaidim\u0173 aik\u0161teles, da\u017enai \u012frengtus fantasti\u0161komis \u010diuo\u017eyklomis, laipiojimo r\u0117mais, s\u016bpyn\u0117mis ir sm\u0117lio d\u0117\u017e\u0117mis. Taip pat si\u016blome \u017eaidim\u0173 namelius ir poilsio gaminius sodui.<\/p>","protected":false},"excerpt":{"rendered":"<p>Did\u017eiul\u0117 \u201eSunnydale Backyard Discovery\u201c \u017eaidim\u0173 aik\u0161tel\u0117 \u2013 puikus bet kurio sodo papildymas. Nuo \u0161iol sodo pramogos niekada nesibaigs! \u201eAtlantic\u201c medin\u0117<\/p>","protected":false},"featured_media":63243,"template":"","meta":{"_acf_changed":false,"_glsr_average":0,"_glsr_ranking":0,"_glsr_reviews":0},"product_brand":[],"product_cat":[233,382],"product_tag":[],"class_list":{"0":"post-89058","1":"product","2":"type-product","3":"status-publish","4":"has-post-thumbnail","6":"product_cat-lauko-pramogos","7":"product_cat-zaidimu-aiksteles","8":"\"style=\"background-color: #2ecc711c;\"","10":"first","11":"instock","12":"purchasable","13":"product-type-simple"},"acf":[],"yoast_head":"<!-- This site is optimized with the Yoast SEO plugin v27.3 - https:\/\/yoast.com\/product\/yoast-seo-wordpress\/ -->\n<title>KIEMO ATRADIMAS Atlanto did\u017eiul\u0117 medin\u0117 \u017eaidim\u0173 aik\u0161tel\u0117<\/title>\n<meta name=\"description\" content=\"KIEMO ATRADIMAS Atlanto did\u017eiul\u0117 medin\u0117 \u017eaidim\u0173 aik\u0161tel\u0117 - KidsPlay. Did\u017eiausias vaik\u0173 \u017eaisl\u0173 pasirinkimas.\" \/>\n<meta name=\"robots\" content=\"index, follow, max-snippet:-1, max-image-preview:large, max-video-preview:-1\" \/>\n<link rel=\"canonical\" href=\"https:\/\/kidsplay.lt\/lv\/products\/kiemo-atradimas-atlanto-didziule-medine-zaidimu-aikstele\/\" \/>\n<meta property=\"og:locale\" content=\"lv_LV\" \/>\n<meta property=\"og:type\" content=\"article\" \/>\n<meta property=\"og:title\" content=\"KIEMO ATRADIMAS Atlanto did\u017eiul\u0117 medin\u0117 \u017eaidim\u0173 aik\u0161tel\u0117\" \/>\n<meta property=\"og:description\" content=\"KIEMO ATRADIMAS Atlanto did\u017eiul\u0117 medin\u0117 \u017eaidim\u0173 aik\u0161tel\u0117 - KidsPlay. Did\u017eiausias vaik\u0173 \u017eaisl\u0173 pasirinkimas.\" \/>\n<meta property=\"og:url\" content=\"https:\/\/kidsplay.lt\/lv\/products\/kiemo-atradimas-atlanto-didziule-medine-zaidimu-aikstele\/\" \/>\n<meta property=\"og:site_name\" content=\"KidsPlay\" \/>\n<meta property=\"article:publisher\" content=\"https:\/\/www.facebook.com\/www.kidsplay.lt\" \/>\n<meta property=\"article:modified_time\" content=\"2026-04-13T11:43:25+00:00\" \/>\n<meta property=\"og:image\" content=\"https:\/\/kidsplay.lt\/wp-content\/uploads\/2025\/09\/KIEMO-ATRADIMAS-Atlanto-didziule-medine-zaidimu-aikstele.jpg\" \/>\n\t<meta property=\"og:image:width\" content=\"2000\" \/>\n\t<meta property=\"og:image:height\" content=\"2000\" \/>\n\t<meta property=\"og:image:type\" content=\"image\/jpeg\" \/>\n<meta name=\"twitter:card\" content=\"summary_large_image\" \/>\n<meta name=\"twitter:label1\" content=\"Est. reading time\" \/>\n\t<meta name=\"twitter:data1\" content=\"1 min\u016bte\" \/>\n<script type=\"application\/ld+json\" class=\"yoast-schema-graph\">{\"@context\":\"https:\\\/\\\/schema.org\",\"@graph\":[{\"@type\":\"WebPage\",\"@id\":\"https:\\\/\\\/kidsplay.lt\\\/produktas\\\/kiemo-atradimas-atlanto-didziule-medine-zaidimu-aikstele\\\/\",\"url\":\"https:\\\/\\\/kidsplay.lt\\\/produktas\\\/kiemo-atradimas-atlanto-didziule-medine-zaidimu-aikstele\\\/\",\"name\":\"KIEMO ATRADIMAS Atlanto did\u017eiul\u0117 medin\u0117 \u017eaidim\u0173 aik\u0161tel\u0117\",\"isPartOf\":{\"@id\":\"https:\\\/\\\/kidsplay.lt\\\/#website\"},\"primaryImageOfPage\":{\"@id\":\"https:\\\/\\\/kidsplay.lt\\\/produktas\\\/kiemo-atradimas-atlanto-didziule-medine-zaidimu-aikstele\\\/#primaryimage\"},\"image\":{\"@id\":\"https:\\\/\\\/kidsplay.lt\\\/produktas\\\/kiemo-atradimas-atlanto-didziule-medine-zaidimu-aikstele\\\/#primaryimage\"},\"thumbnailUrl\":\"https:\\\/\\\/kidsplay.lt\\\/wp-content\\\/uploads\\\/2025\\\/09\\\/KIEMO-ATRADIMAS-Atlanto-didziule-medine-zaidimu-aikstele.jpg\",\"datePublished\":\"2026-02-26T07:06:20+00:00\",\"dateModified\":\"2026-04-13T11:43:25+00:00\",\"description\":\"KIEMO ATRADIMAS Atlanto did\u017eiul\u0117 medin\u0117 \u017eaidim\u0173 aik\u0161tel\u0117 - KidsPlay. Did\u017eiausias vaik\u0173 \u017eaisl\u0173 pasirinkimas.\",\"breadcrumb\":{\"@id\":\"https:\\\/\\\/kidsplay.lt\\\/produktas\\\/kiemo-atradimas-atlanto-didziule-medine-zaidimu-aikstele\\\/#breadcrumb\"},\"inLanguage\":\"lv-LV\",\"potentialAction\":[{\"@type\":\"ReadAction\",\"target\":[\"https:\\\/\\\/kidsplay.lt\\\/produktas\\\/kiemo-atradimas-atlanto-didziule-medine-zaidimu-aikstele\\\/\"]}]},{\"@type\":\"ImageObject\",\"inLanguage\":\"lv-LV\",\"@id\":\"https:\\\/\\\/kidsplay.lt\\\/produktas\\\/kiemo-atradimas-atlanto-didziule-medine-zaidimu-aikstele\\\/#primaryimage\",\"url\":\"https:\\\/\\\/kidsplay.lt\\\/wp-content\\\/uploads\\\/2025\\\/09\\\/KIEMO-ATRADIMAS-Atlanto-didziule-medine-zaidimu-aikstele.jpg\",\"contentUrl\":\"https:\\\/\\\/kidsplay.lt\\\/wp-content\\\/uploads\\\/2025\\\/09\\\/KIEMO-ATRADIMAS-Atlanto-didziule-medine-zaidimu-aikstele.jpg\",\"width\":2000,\"height\":2000,\"caption\":\"KIEMO ATRADIMAS Atlanto did\u017eiul\u0117 medin\u0117 \u017eaidim\u0173 aik\u0161tel\u0117\"},{\"@type\":\"BreadcrumbList\",\"@id\":\"https:\\\/\\\/kidsplay.lt\\\/produktas\\\/kiemo-atradimas-atlanto-didziule-medine-zaidimu-aikstele\\\/#breadcrumb\",\"itemListElement\":[{\"@type\":\"ListItem\",\"position\":1,\"name\":\"Pagrindinis\",\"item\":\"https:\\\/\\\/kidsplay.lt\\\/\"},{\"@type\":\"ListItem\",\"position\":2,\"name\":\"Parduotuv\u0117\",\"item\":\"https:\\\/\\\/kidsplay.lt\\\/parduotuve\\\/\"},{\"@type\":\"ListItem\",\"position\":3,\"name\":\"KIEMO ATRADIMAS Atlanto did\u017eiul\u0117 medin\u0117 \u017eaidim\u0173 aik\u0161tel\u0117\"}]},{\"@type\":\"WebSite\",\"@id\":\"https:\\\/\\\/kidsplay.lt\\\/#website\",\"url\":\"https:\\\/\\\/kidsplay.lt\\\/\",\"name\":\"Kidsplay.lt\",\"description\":\"\u012evairios prek\u0117s vaikams\",\"publisher\":{\"@id\":\"https:\\\/\\\/kidsplay.lt\\\/#organization\"},\"alternateName\":\"Kidsplay\",\"potentialAction\":[{\"@type\":\"SearchAction\",\"target\":{\"@type\":\"EntryPoint\",\"urlTemplate\":\"https:\\\/\\\/kidsplay.lt\\\/?s={search_term_string}\"},\"query-input\":{\"@type\":\"PropertyValueSpecification\",\"valueRequired\":true,\"valueName\":\"search_term_string\"}}],\"inLanguage\":\"lv-LV\"},{\"@type\":\"Organization\",\"@id\":\"https:\\\/\\\/kidsplay.lt\\\/#organization\",\"name\":\"KidsPlay\",\"url\":\"https:\\\/\\\/kidsplay.lt\\\/\",\"logo\":{\"@type\":\"ImageObject\",\"inLanguage\":\"lv-LV\",\"@id\":\"https:\\\/\\\/kidsplay.lt\\\/#\\\/schema\\\/logo\\\/image\\\/\",\"url\":\"https:\\\/\\\/kidsplay.lt\\\/wp-content\\\/uploads\\\/2023\\\/07\\\/kidsplay-logo.png\",\"contentUrl\":\"https:\\\/\\\/kidsplay.lt\\\/wp-content\\\/uploads\\\/2023\\\/07\\\/kidsplay-logo.png\",\"width\":451,\"height\":98,\"caption\":\"KidsPlay\"},\"image\":{\"@id\":\"https:\\\/\\\/kidsplay.lt\\\/#\\\/schema\\\/logo\\\/image\\\/\"},\"sameAs\":[\"https:\\\/\\\/www.facebook.com\\\/www.kidsplay.lt\"]}]}<\/script>\n<!-- \/ Yoast SEO plugin. -->","yoast_head_json":{"title":"KIEMO ATRADIMAS Atlanto did\u017eiul\u0117 medin\u0117 \u017eaidim\u0173 aik\u0161tel\u0117","description":"KIEMO ATRADIMAS Atlanto did\u017eiul\u0117 medin\u0117 \u017eaidim\u0173 aik\u0161tel\u0117 - KidsPlay. Did\u017eiausias vaik\u0173 \u017eaisl\u0173 pasirinkimas.","robots":{"index":"index","follow":"follow","max-snippet":"max-snippet:-1","max-image-preview":"max-image-preview:large","max-video-preview":"max-video-preview:-1"},"canonical":"https:\/\/kidsplay.lt\/lv\/products\/kiemo-atradimas-atlanto-didziule-medine-zaidimu-aikstele\/","og_locale":"lv_LV","og_type":"article","og_title":"KIEMO ATRADIMAS Atlanto did\u017eiul\u0117 medin\u0117 \u017eaidim\u0173 aik\u0161tel\u0117","og_description":"KIEMO ATRADIMAS Atlanto did\u017eiul\u0117 medin\u0117 \u017eaidim\u0173 aik\u0161tel\u0117 - KidsPlay. Did\u017eiausias vaik\u0173 \u017eaisl\u0173 pasirinkimas.","og_url":"https:\/\/kidsplay.lt\/lv\/products\/kiemo-atradimas-atlanto-didziule-medine-zaidimu-aikstele\/","og_site_name":"KidsPlay","article_publisher":"https:\/\/www.facebook.com\/www.kidsplay.lt","article_modified_time":"2026-04-13T11:43:25+00:00","og_image":[{"width":2000,"height":2000,"url":"https:\/\/kidsplay.lt\/wp-content\/uploads\/2025\/09\/KIEMO-ATRADIMAS-Atlanto-didziule-medine-zaidimu-aikstele.jpg","type":"image\/jpeg"}],"twitter_card":"summary_large_image","twitter_misc":{"Est. reading time":"1 min\u016bte"},"schema":{"@context":"https:\/\/schema.org","@graph":[{"@type":"WebPage","@id":"https:\/\/kidsplay.lt\/produktas\/kiemo-atradimas-atlanto-didziule-medine-zaidimu-aikstele\/","url":"https:\/\/kidsplay.lt\/produktas\/kiemo-atradimas-atlanto-didziule-medine-zaidimu-aikstele\/","name":"KIEMO ATRADIMAS Atlanto did\u017eiul\u0117 medin\u0117 \u017eaidim\u0173 aik\u0161tel\u0117","isPartOf":{"@id":"https:\/\/kidsplay.lt\/#website"},"primaryImageOfPage":{"@id":"https:\/\/kidsplay.lt\/produktas\/kiemo-atradimas-atlanto-didziule-medine-zaidimu-aikstele\/#primaryimage"},"image":{"@id":"https:\/\/kidsplay.lt\/produktas\/kiemo-atradimas-atlanto-didziule-medine-zaidimu-aikstele\/#primaryimage"},"thumbnailUrl":"https:\/\/kidsplay.lt\/wp-content\/uploads\/2025\/09\/KIEMO-ATRADIMAS-Atlanto-didziule-medine-zaidimu-aikstele.jpg","datePublished":"2026-02-26T07:06:20+00:00","dateModified":"2026-04-13T11:43:25+00:00","description":"KIEMO ATRADIMAS Atlanto did\u017eiul\u0117 medin\u0117 \u017eaidim\u0173 aik\u0161tel\u0117 - KidsPlay. Did\u017eiausias vaik\u0173 \u017eaisl\u0173 pasirinkimas.","breadcrumb":{"@id":"https:\/\/kidsplay.lt\/produktas\/kiemo-atradimas-atlanto-didziule-medine-zaidimu-aikstele\/#breadcrumb"},"inLanguage":"lv-LV","potentialAction":[{"@type":"ReadAction","target":["https:\/\/kidsplay.lt\/produktas\/kiemo-atradimas-atlanto-didziule-medine-zaidimu-aikstele\/"]}]},{"@type":"ImageObject","inLanguage":"lv-LV","@id":"https:\/\/kidsplay.lt\/produktas\/kiemo-atradimas-atlanto-didziule-medine-zaidimu-aikstele\/#primaryimage","url":"https:\/\/kidsplay.lt\/wp-content\/uploads\/2025\/09\/KIEMO-ATRADIMAS-Atlanto-didziule-medine-zaidimu-aikstele.jpg","contentUrl":"https:\/\/kidsplay.lt\/wp-content\/uploads\/2025\/09\/KIEMO-ATRADIMAS-Atlanto-didziule-medine-zaidimu-aikstele.jpg","width":2000,"height":2000,"caption":"KIEMO ATRADIMAS Atlanto did\u017eiul\u0117 medin\u0117 \u017eaidim\u0173 aik\u0161tel\u0117"},{"@type":"BreadcrumbList","@id":"https:\/\/kidsplay.lt\/produktas\/kiemo-atradimas-atlanto-didziule-medine-zaidimu-aikstele\/#breadcrumb","itemListElement":[{"@type":"ListItem","position":1,"name":"Pagrindinis","item":"https:\/\/kidsplay.lt\/"},{"@type":"ListItem","position":2,"name":"Parduotuv\u0117","item":"https:\/\/kidsplay.lt\/parduotuve\/"},{"@type":"ListItem","position":3,"name":"KIEMO ATRADIMAS Atlanto did\u017eiul\u0117 medin\u0117 \u017eaidim\u0173 aik\u0161tel\u0117"}]},{"@type":"WebSite","@id":"https:\/\/kidsplay.lt\/#website","url":"https:\/\/kidsplay.lt\/","name":"B\u0113rnu sp\u0113les.lv","description":"\u012evairios prek\u0117s vaikams","publisher":{"@id":"https:\/\/kidsplay.lt\/#organization"},"alternateName":"Kidsplay","potentialAction":[{"@type":"SearchAction","target":{"@type":"EntryPoint","urlTemplate":"https:\/\/kidsplay.lt\/?s={search_term_string}"},"query-input":{"@type":"PropertyValueSpecification","valueRequired":true,"valueName":"search_term_string"}}],"inLanguage":"lv-LV"},{"@type":"Organization","@id":"https:\/\/kidsplay.lt\/#organization","name":"B\u0113rnu sp\u0113le","url":"https:\/\/kidsplay.lt\/","logo":{"@type":"ImageObject","inLanguage":"lv-LV","@id":"https:\/\/kidsplay.lt\/#\/schema\/logo\/image\/","url":"https:\/\/kidsplay.lt\/wp-content\/uploads\/2023\/07\/kidsplay-logo.png","contentUrl":"https:\/\/kidsplay.lt\/wp-content\/uploads\/2023\/07\/kidsplay-logo.png","width":451,"height":98,"caption":"KidsPlay"},"image":{"@id":"https:\/\/kidsplay.lt\/#\/schema\/logo\/image\/"},"sameAs":["https:\/\/www.facebook.com\/www.kidsplay.lt"]}]}},"_links":{"self":[{"href":"https:\/\/kidsplay.lt\/lv\/wp-json\/wp\/v2\/product\/89058","targetHints":{"allow":["GET"]}}],"collection":[{"href":"https:\/\/kidsplay.lt\/lv\/wp-json\/wp\/v2\/product"}],"about":[{"href":"https:\/\/kidsplay.lt\/lv\/wp-json\/wp\/v2\/types\/product"}],"version-history":[{"count":1,"href":"https:\/\/kidsplay.lt\/lv\/wp-json\/wp\/v2\/product\/89058\/revisions"}],"predecessor-version":[{"id":89059,"href":"https:\/\/kidsplay.lt\/lv\/wp-json\/wp\/v2\/product\/89058\/revisions\/89059"}],"wp:featuredmedia":[{"embeddable":true,"href":"https:\/\/kidsplay.lt\/lv\/wp-json\/wp\/v2\/media\/63243"}],"wp:attachment":[{"href":"https:\/\/kidsplay.lt\/lv\/wp-json\/wp\/v2\/media?parent=89058"}],"wp:term":[{"taxonomy":"product_brand","embeddable":true,"href":"https:\/\/kidsplay.lt\/lv\/wp-json\/wp\/v2\/product_brand?post=89058"},{"taxonomy":"product_cat","embeddable":true,"href":"https:\/\/kidsplay.lt\/lv\/wp-json\/wp\/v2\/product_cat?post=89058"},{"taxonomy":"product_tag","embeddable":true,"href":"https:\/\/kidsplay.lt\/lv\/wp-json\/wp\/v2\/product_tag?post=89058"}],"curies":[{"name":"wp","href":"https:\/\/api.w.org\/{rel}","templated":true}]}}