{"id":89064,"date":"2026-02-26T09:06:28","date_gmt":"2026-02-26T07:06:28","guid":{"rendered":"https:\/\/kidsplay.lt\/produktas\/woopie-artfun-kurybine-dekoravimo-rankine-su-109-lipdukais\/"},"modified":"2026-04-07T10:22:19","modified_gmt":"2026-04-07T07:22:19","slug":"woopie-artfun-kurybine-dekoravimo-rankine-su-109-lipdukais","status":"publish","type":"product","link":"https:\/\/kidsplay.lt\/lv\/products\/woopie-artfun-kurybine-dekoravimo-rankine-su-109-lipdukais\/","title":{"rendered":"Woopie ART&#038;FUN k\u016brybin\u0117 dekoravimo rankin\u0117 su 109 lipdukais"},"content":{"rendered":"<p>Leisk vaikui sukurti savo unikali\u0105, stiling\u0105 rankin\u0119 su Woopie ART&amp;FUN dekoravimo rinkiniu! \u0160i veikla \u017eadina k\u016brybi\u0161kum\u0105, lavina smulki\u0105j\u0105 motorik\u0105 ir suteikia galimyb\u0119 pasijusti tikru dizaineriu.<\/p>\n<p>Rinkinyje esanti rankin\u0117 tampa ma\u017eu meno projektu \u2014 vaikas gali j\u0105 dekoruoti taip, kaip tik nori, naudodamas daugiau nei 109 patvarius lipdukus. Lipduk\u0173 aplikavimas itin paprastas, nereikia nei \u017eirkli\u0173, nei klij\u0173, o specialus medinis pagaliukas padeda lengvai ir tiksliai perkelti lipdukus ant pavir\u0161iaus.<\/p>\n<p>Tai puikus rinkinys vaikams, kurie m\u0117gsta kurti, puo\u0161ti ir i\u0161reik\u0161ti savo stili\u0173.<\/p>\n<p>Raksturojums<\/p>\n<p> \tSkirta vaikams nuo 4 met\u0173<br \/>\n \tDaugiau nei 109 lipdukai dekoravimui<br \/>\n \tPaprasta naudoti \u2014 nereikia klij\u0173 ar \u017eirkli\u0173<br \/>\n \tGalima dekoruoti visi\u0161kai laisvai<br \/>\n \tSkatina k\u016brybi\u0161kum\u0105, vaizduot\u0119 ir smulki\u0105j\u0105 motorik\u0105<\/p>\n<p>Komplekts sast\u0101v no<\/p>\n<p> \tDekoravimo rankin\u0117<br \/>\n \tMedinis aplikavimo pagaliukas<br \/>\n \t5 lipduk\u0173 lapai (109+ lipduk\u0173)<\/p>\n<p>Naudojimo instrukcija<\/p>\n<p> \tNuimkite apsaugin\u012f popieri\u0173 nuo pasirinkto lipduko<br \/>\n \tU\u017eklijuokite lipduk\u0105 ant rankin\u0117s<br \/>\n \tMediniu pagaliuku patrinkite lipduko pavir\u0161i\u0173, kad gerai prilipt\u0173<br \/>\n \tNuimkite vir\u0161utin\u0119 pl\u0117vel\u0119 \u2014 ir viskas paruo\u0161ta!<\/p>","protected":false},"excerpt":{"rendered":"<p>Leisk vaikui sukurti savo unikali\u0105, stiling\u0105 rankin\u0119 su Woopie ART&amp;FUN dekoravimo rinkiniu! \u0160i veikla \u017eadina k\u016brybi\u0161kum\u0105, lavina smulki\u0105j\u0105 motorik\u0105 ir<\/p>","protected":false},"featured_media":89066,"template":"","meta":{"_acf_changed":false,"_glsr_average":0,"_glsr_ranking":0,"_glsr_reviews":0},"product_brand":[],"product_cat":[810],"product_tag":[],"class_list":{"0":"post-89064","1":"product","2":"type-product","3":"status-publish","4":"has-post-thumbnail","6":"product_cat-kurybiniai-rinkiniai","7":"\"style=\"background-color: #2ecc711c;\"","9":"first","10":"instock","11":"purchasable","12":"product-type-simple"},"acf":[],"yoast_head":"<!-- This site is optimized with the Yoast SEO plugin v27.3 - https:\/\/yoast.com\/product\/yoast-seo-wordpress\/ -->\n<title>Woopie ART&#038;FUN k\u016brybin\u0117 dekoravimo rankin\u0117 su 109 lipdukais<\/title>\n<meta name=\"description\" content=\"Woopie ART&#038;FUN k\u016brybin\u0117 dekoravimo rankin\u0117 su 109 lipdukais - KidsPlay. Did\u017eiausias vaik\u0173 \u017eaisl\u0173 pasirinkimas.\" \/>\n<meta name=\"robots\" content=\"index, follow, max-snippet:-1, max-image-preview:large, max-video-preview:-1\" \/>\n<link rel=\"canonical\" href=\"https:\/\/kidsplay.lt\/lv\/products\/woopie-artfun-kurybine-dekoravimo-rankine-su-109-lipdukais\/\" \/>\n<meta property=\"og:locale\" content=\"lv_LV\" \/>\n<meta property=\"og:type\" content=\"article\" \/>\n<meta property=\"og:title\" content=\"Woopie ART&#038;FUN k\u016brybin\u0117 dekoravimo rankin\u0117 su 109 lipdukais\" \/>\n<meta property=\"og:description\" content=\"Woopie ART&#038;FUN k\u016brybin\u0117 dekoravimo rankin\u0117 su 109 lipdukais - KidsPlay. Did\u017eiausias vaik\u0173 \u017eaisl\u0173 pasirinkimas.\" \/>\n<meta property=\"og:url\" content=\"https:\/\/kidsplay.lt\/lv\/products\/woopie-artfun-kurybine-dekoravimo-rankine-su-109-lipdukais\/\" \/>\n<meta property=\"og:site_name\" content=\"KidsPlay\" \/>\n<meta property=\"article:publisher\" content=\"https:\/\/www.facebook.com\/www.kidsplay.lt\" \/>\n<meta property=\"article:modified_time\" content=\"2026-04-07T07:22:19+00:00\" \/>\n<meta property=\"og:image\" content=\"https:\/\/kidsplay.lt\/wp-content\/uploads\/2026\/02\/Woopie-ART038FUN-kurybine-dekoravimo-rankine-su-109-lipdukais.jpg\" \/>\n\t<meta property=\"og:image:width\" content=\"2560\" \/>\n\t<meta property=\"og:image:height\" content=\"2560\" \/>\n\t<meta property=\"og:image:type\" content=\"image\/jpeg\" \/>\n<meta name=\"twitter:card\" content=\"summary_large_image\" \/>\n<meta name=\"twitter:label1\" content=\"Est. reading time\" \/>\n\t<meta name=\"twitter:data1\" content=\"1 min\u016bte\" \/>\n<script type=\"application\/ld+json\" class=\"yoast-schema-graph\">{\"@context\":\"https:\\\/\\\/schema.org\",\"@graph\":[{\"@type\":\"WebPage\",\"@id\":\"https:\\\/\\\/kidsplay.lt\\\/produktas\\\/woopie-artfun-kurybine-dekoravimo-rankine-su-109-lipdukais\\\/\",\"url\":\"https:\\\/\\\/kidsplay.lt\\\/produktas\\\/woopie-artfun-kurybine-dekoravimo-rankine-su-109-lipdukais\\\/\",\"name\":\"Woopie ART&#038;FUN k\u016brybin\u0117 dekoravimo rankin\u0117 su 109 lipdukais\",\"isPartOf\":{\"@id\":\"https:\\\/\\\/kidsplay.lt\\\/#website\"},\"primaryImageOfPage\":{\"@id\":\"https:\\\/\\\/kidsplay.lt\\\/produktas\\\/woopie-artfun-kurybine-dekoravimo-rankine-su-109-lipdukais\\\/#primaryimage\"},\"image\":{\"@id\":\"https:\\\/\\\/kidsplay.lt\\\/produktas\\\/woopie-artfun-kurybine-dekoravimo-rankine-su-109-lipdukais\\\/#primaryimage\"},\"thumbnailUrl\":\"https:\\\/\\\/kidsplay.lt\\\/wp-content\\\/uploads\\\/2026\\\/02\\\/Woopie-ART038FUN-kurybine-dekoravimo-rankine-su-109-lipdukais.jpg\",\"datePublished\":\"2026-02-26T07:06:28+00:00\",\"dateModified\":\"2026-04-07T07:22:19+00:00\",\"description\":\"Woopie ART&#038;FUN k\u016brybin\u0117 dekoravimo rankin\u0117 su 109 lipdukais - KidsPlay. Did\u017eiausias vaik\u0173 \u017eaisl\u0173 pasirinkimas.\",\"breadcrumb\":{\"@id\":\"https:\\\/\\\/kidsplay.lt\\\/produktas\\\/woopie-artfun-kurybine-dekoravimo-rankine-su-109-lipdukais\\\/#breadcrumb\"},\"inLanguage\":\"lv-LV\",\"potentialAction\":[{\"@type\":\"ReadAction\",\"target\":[\"https:\\\/\\\/kidsplay.lt\\\/produktas\\\/woopie-artfun-kurybine-dekoravimo-rankine-su-109-lipdukais\\\/\"]}]},{\"@type\":\"ImageObject\",\"inLanguage\":\"lv-LV\",\"@id\":\"https:\\\/\\\/kidsplay.lt\\\/produktas\\\/woopie-artfun-kurybine-dekoravimo-rankine-su-109-lipdukais\\\/#primaryimage\",\"url\":\"https:\\\/\\\/kidsplay.lt\\\/wp-content\\\/uploads\\\/2026\\\/02\\\/Woopie-ART038FUN-kurybine-dekoravimo-rankine-su-109-lipdukais.jpg\",\"contentUrl\":\"https:\\\/\\\/kidsplay.lt\\\/wp-content\\\/uploads\\\/2026\\\/02\\\/Woopie-ART038FUN-kurybine-dekoravimo-rankine-su-109-lipdukais.jpg\",\"width\":2560,\"height\":2560,\"caption\":\"Woopie ART&#038;FUN k\u016brybin\u0117 dekoravimo rankin\u0117 su 109 lipdukais\"},{\"@type\":\"BreadcrumbList\",\"@id\":\"https:\\\/\\\/kidsplay.lt\\\/produktas\\\/woopie-artfun-kurybine-dekoravimo-rankine-su-109-lipdukais\\\/#breadcrumb\",\"itemListElement\":[{\"@type\":\"ListItem\",\"position\":1,\"name\":\"Pagrindinis\",\"item\":\"https:\\\/\\\/kidsplay.lt\\\/\"},{\"@type\":\"ListItem\",\"position\":2,\"name\":\"Parduotuv\u0117\",\"item\":\"https:\\\/\\\/kidsplay.lt\\\/parduotuve\\\/\"},{\"@type\":\"ListItem\",\"position\":3,\"name\":\"Woopie ART&#038;FUN k\u016brybin\u0117 dekoravimo rankin\u0117 su 109 lipdukais\"}]},{\"@type\":\"WebSite\",\"@id\":\"https:\\\/\\\/kidsplay.lt\\\/#website\",\"url\":\"https:\\\/\\\/kidsplay.lt\\\/\",\"name\":\"Kidsplay.lt\",\"description\":\"\u012evairios prek\u0117s vaikams\",\"publisher\":{\"@id\":\"https:\\\/\\\/kidsplay.lt\\\/#organization\"},\"alternateName\":\"Kidsplay\",\"potentialAction\":[{\"@type\":\"SearchAction\",\"target\":{\"@type\":\"EntryPoint\",\"urlTemplate\":\"https:\\\/\\\/kidsplay.lt\\\/?s={search_term_string}\"},\"query-input\":{\"@type\":\"PropertyValueSpecification\",\"valueRequired\":true,\"valueName\":\"search_term_string\"}}],\"inLanguage\":\"lv-LV\"},{\"@type\":\"Organization\",\"@id\":\"https:\\\/\\\/kidsplay.lt\\\/#organization\",\"name\":\"KidsPlay\",\"url\":\"https:\\\/\\\/kidsplay.lt\\\/\",\"logo\":{\"@type\":\"ImageObject\",\"inLanguage\":\"lv-LV\",\"@id\":\"https:\\\/\\\/kidsplay.lt\\\/#\\\/schema\\\/logo\\\/image\\\/\",\"url\":\"https:\\\/\\\/kidsplay.lt\\\/wp-content\\\/uploads\\\/2023\\\/07\\\/kidsplay-logo.png\",\"contentUrl\":\"https:\\\/\\\/kidsplay.lt\\\/wp-content\\\/uploads\\\/2023\\\/07\\\/kidsplay-logo.png\",\"width\":451,\"height\":98,\"caption\":\"KidsPlay\"},\"image\":{\"@id\":\"https:\\\/\\\/kidsplay.lt\\\/#\\\/schema\\\/logo\\\/image\\\/\"},\"sameAs\":[\"https:\\\/\\\/www.facebook.com\\\/www.kidsplay.lt\"]}]}<\/script>\n<!-- \/ Yoast SEO plugin. -->","yoast_head_json":{"title":"Woopie ART&#038;FUN k\u016brybin\u0117 dekoravimo rankin\u0117 su 109 lipdukais","description":"Woopie ART&#038;FUN k\u016brybin\u0117 dekoravimo rankin\u0117 su 109 lipdukais - KidsPlay. Did\u017eiausias vaik\u0173 \u017eaisl\u0173 pasirinkimas.","robots":{"index":"index","follow":"follow","max-snippet":"max-snippet:-1","max-image-preview":"max-image-preview:large","max-video-preview":"max-video-preview:-1"},"canonical":"https:\/\/kidsplay.lt\/lv\/products\/woopie-artfun-kurybine-dekoravimo-rankine-su-109-lipdukais\/","og_locale":"lv_LV","og_type":"article","og_title":"Woopie ART&#038;FUN k\u016brybin\u0117 dekoravimo rankin\u0117 su 109 lipdukais","og_description":"Woopie ART&#038;FUN k\u016brybin\u0117 dekoravimo rankin\u0117 su 109 lipdukais - KidsPlay. Did\u017eiausias vaik\u0173 \u017eaisl\u0173 pasirinkimas.","og_url":"https:\/\/kidsplay.lt\/lv\/products\/woopie-artfun-kurybine-dekoravimo-rankine-su-109-lipdukais\/","og_site_name":"KidsPlay","article_publisher":"https:\/\/www.facebook.com\/www.kidsplay.lt","article_modified_time":"2026-04-07T07:22:19+00:00","og_image":[{"width":2560,"height":2560,"url":"https:\/\/kidsplay.lt\/wp-content\/uploads\/2026\/02\/Woopie-ART038FUN-kurybine-dekoravimo-rankine-su-109-lipdukais.jpg","type":"image\/jpeg"}],"twitter_card":"summary_large_image","twitter_misc":{"Est. reading time":"1 min\u016bte"},"schema":{"@context":"https:\/\/schema.org","@graph":[{"@type":"WebPage","@id":"https:\/\/kidsplay.lt\/produktas\/woopie-artfun-kurybine-dekoravimo-rankine-su-109-lipdukais\/","url":"https:\/\/kidsplay.lt\/produktas\/woopie-artfun-kurybine-dekoravimo-rankine-su-109-lipdukais\/","name":"Woopie ART&#038;FUN k\u016brybin\u0117 dekoravimo rankin\u0117 su 109 lipdukais","isPartOf":{"@id":"https:\/\/kidsplay.lt\/#website"},"primaryImageOfPage":{"@id":"https:\/\/kidsplay.lt\/produktas\/woopie-artfun-kurybine-dekoravimo-rankine-su-109-lipdukais\/#primaryimage"},"image":{"@id":"https:\/\/kidsplay.lt\/produktas\/woopie-artfun-kurybine-dekoravimo-rankine-su-109-lipdukais\/#primaryimage"},"thumbnailUrl":"https:\/\/kidsplay.lt\/wp-content\/uploads\/2026\/02\/Woopie-ART038FUN-kurybine-dekoravimo-rankine-su-109-lipdukais.jpg","datePublished":"2026-02-26T07:06:28+00:00","dateModified":"2026-04-07T07:22:19+00:00","description":"Woopie ART&#038;FUN k\u016brybin\u0117 dekoravimo rankin\u0117 su 109 lipdukais - KidsPlay. Did\u017eiausias vaik\u0173 \u017eaisl\u0173 pasirinkimas.","breadcrumb":{"@id":"https:\/\/kidsplay.lt\/produktas\/woopie-artfun-kurybine-dekoravimo-rankine-su-109-lipdukais\/#breadcrumb"},"inLanguage":"lv-LV","potentialAction":[{"@type":"ReadAction","target":["https:\/\/kidsplay.lt\/produktas\/woopie-artfun-kurybine-dekoravimo-rankine-su-109-lipdukais\/"]}]},{"@type":"ImageObject","inLanguage":"lv-LV","@id":"https:\/\/kidsplay.lt\/produktas\/woopie-artfun-kurybine-dekoravimo-rankine-su-109-lipdukais\/#primaryimage","url":"https:\/\/kidsplay.lt\/wp-content\/uploads\/2026\/02\/Woopie-ART038FUN-kurybine-dekoravimo-rankine-su-109-lipdukais.jpg","contentUrl":"https:\/\/kidsplay.lt\/wp-content\/uploads\/2026\/02\/Woopie-ART038FUN-kurybine-dekoravimo-rankine-su-109-lipdukais.jpg","width":2560,"height":2560,"caption":"Woopie ART&#038;FUN k\u016brybin\u0117 dekoravimo rankin\u0117 su 109 lipdukais"},{"@type":"BreadcrumbList","@id":"https:\/\/kidsplay.lt\/produktas\/woopie-artfun-kurybine-dekoravimo-rankine-su-109-lipdukais\/#breadcrumb","itemListElement":[{"@type":"ListItem","position":1,"name":"Pagrindinis","item":"https:\/\/kidsplay.lt\/"},{"@type":"ListItem","position":2,"name":"Parduotuv\u0117","item":"https:\/\/kidsplay.lt\/parduotuve\/"},{"@type":"ListItem","position":3,"name":"Woopie ART&#038;FUN k\u016brybin\u0117 dekoravimo rankin\u0117 su 109 lipdukais"}]},{"@type":"WebSite","@id":"https:\/\/kidsplay.lt\/#website","url":"https:\/\/kidsplay.lt\/","name":"B\u0113rnu sp\u0113les.lv","description":"\u012evairios prek\u0117s vaikams","publisher":{"@id":"https:\/\/kidsplay.lt\/#organization"},"alternateName":"Kidsplay","potentialAction":[{"@type":"SearchAction","target":{"@type":"EntryPoint","urlTemplate":"https:\/\/kidsplay.lt\/?s={search_term_string}"},"query-input":{"@type":"PropertyValueSpecification","valueRequired":true,"valueName":"search_term_string"}}],"inLanguage":"lv-LV"},{"@type":"Organization","@id":"https:\/\/kidsplay.lt\/#organization","name":"B\u0113rnu sp\u0113le","url":"https:\/\/kidsplay.lt\/","logo":{"@type":"ImageObject","inLanguage":"lv-LV","@id":"https:\/\/kidsplay.lt\/#\/schema\/logo\/image\/","url":"https:\/\/kidsplay.lt\/wp-content\/uploads\/2023\/07\/kidsplay-logo.png","contentUrl":"https:\/\/kidsplay.lt\/wp-content\/uploads\/2023\/07\/kidsplay-logo.png","width":451,"height":98,"caption":"KidsPlay"},"image":{"@id":"https:\/\/kidsplay.lt\/#\/schema\/logo\/image\/"},"sameAs":["https:\/\/www.facebook.com\/www.kidsplay.lt"]}]}},"_links":{"self":[{"href":"https:\/\/kidsplay.lt\/lv\/wp-json\/wp\/v2\/product\/89064","targetHints":{"allow":["GET"]}}],"collection":[{"href":"https:\/\/kidsplay.lt\/lv\/wp-json\/wp\/v2\/product"}],"about":[{"href":"https:\/\/kidsplay.lt\/lv\/wp-json\/wp\/v2\/types\/product"}],"version-history":[{"count":1,"href":"https:\/\/kidsplay.lt\/lv\/wp-json\/wp\/v2\/product\/89064\/revisions"}],"predecessor-version":[{"id":89065,"href":"https:\/\/kidsplay.lt\/lv\/wp-json\/wp\/v2\/product\/89064\/revisions\/89065"}],"wp:featuredmedia":[{"embeddable":true,"href":"https:\/\/kidsplay.lt\/lv\/wp-json\/wp\/v2\/media\/89066"}],"wp:attachment":[{"href":"https:\/\/kidsplay.lt\/lv\/wp-json\/wp\/v2\/media?parent=89064"}],"wp:term":[{"taxonomy":"product_brand","embeddable":true,"href":"https:\/\/kidsplay.lt\/lv\/wp-json\/wp\/v2\/product_brand?post=89064"},{"taxonomy":"product_cat","embeddable":true,"href":"https:\/\/kidsplay.lt\/lv\/wp-json\/wp\/v2\/product_cat?post=89064"},{"taxonomy":"product_tag","embeddable":true,"href":"https:\/\/kidsplay.lt\/lv\/wp-json\/wp\/v2\/product_tag?post=89064"}],"curies":[{"name":"wp","href":"https:\/\/api.w.org\/{rel}","templated":true}]}}