{"id":89074,"date":"2026-02-26T09:06:49","date_gmt":"2026-02-26T07:06:49","guid":{"rendered":"https:\/\/kidsplay.lt\/produktas\/woopie-siuksliaveze-su-kranu-atlieku-rusiavimui-110-mastelis\/"},"modified":"2026-04-13T14:43:34","modified_gmt":"2026-04-13T11:43:34","slug":"woopie-siuksliaveze-su-kranu-atlieku-rusiavimui-110-mastelis","status":"publish","type":"product","link":"https:\/\/kidsplay.lt\/lv\/products\/woopie-siuksliaveze-su-kranu-atlieku-rusiavimui-110-mastelis\/","title":{"rendered":"WOOPIE atkritumu ma\u0161\u012bna ar celtni atkritumu \u0161\u0137iro\u0161anai \u2013 m\u0113rog\u0101 1:10"},"content":{"rendered":"<p>\u0160iuk\u0161liave\u017e\u0117 su kranu \u2013 interaktyvi komunalin\u0117 sunkve\u017eim\u0117 su \u0161iuk\u0161liad\u0117\u017e\u0117mis!<\/p>\n<p>Realisti\u0161ka \u0161iuk\u0161liave\u017e\u0117 su judan\u010diu kranu yra unikalus \u017eaislas ma\u017eiesiems miesto transporto priemoni\u0173 ir \u0161varos gerb\u0117jams! \u0160is tvirtos konstrukcijos modelis su judan\u010diomis\u00a0dalimis\u00a0ir garso efektais yra ne tik puiki pramoga, bet ir mokymosi apie perdirbim\u0105 bei savivaldybi\u0173 paslaug\u0173 darb\u0105 \u0161altinis.<\/p>\n<p>Rakstur\u012bgs:<\/p>\n<p> \t&#8211; Vaikams nuo\u00a03 met\u0173 am\u017eiaus<br \/>\n \t&#8211; Realisti\u0161ka konstrukcija su kilnojamu kranu konteineriams kelti<br \/>\n \t&#8211; Mygtukais \u012fjungiami\u00a0garso\u00a0ir\u00a0\u0161viesos\u00a0efektai<br \/>\n \t&#8211; Patvari konstrukcija, pagaminta i\u0161 saugaus plastiko<br \/>\n \t&#8211; Interaktyvi konteineri\u0173 k\u0117limo ir pakrovimo ant sunkve\u017eimio k\u0117bulo funkcija<br \/>\n \t&#8211; Transporto priemon\u0117s mastelis 1:10<\/p>\n<p>Transporto priemon\u0117s atidarymo ir jud\u0117jimo elementai:<\/p>\n<p> \t&#8211; Kilnojama krano str\u0117l\u0117<br \/>\n \t&#8211; Atidaroma krovinio d\u0117\u017e\u0117s galin\u0117 pus\u0117<br \/>\n \t&#8211; Pakeliama krovinin\u0117 d\u0117\u017e\u0117 (savivartis)<br \/>\n \t&#8211; Vairuotojo kabinos dur\u0173 atidarymas<br \/>\n \t&#8211; 3 pyptel\u0117jimai<\/p>\n<p>Komplekt\u0101 ietilpst:<\/p>\n<p> \t&#8211; \u0160iuk\u0161liave\u017e\u0117 su keltuvu ir kranu<br \/>\n \t&#8211; 3 spalvingi konteineriai \u201epakrovimui\u201c<\/p>\n<p>Rota\u013clieta att\u012bst\u0101s:<\/p>\n<p> \t&#8211; K\u016brybi\u0161kumas<br \/>\n \t&#8211; Vaizduot\u0117<br \/>\n \t\u2013 Lo\u0123isk\u0101 dom\u0101\u0161ana<\/p>\n<p>Tai puikus lavinamasis \u017eaislas, kuris moko per \u017eaidim\u0105, lavina vaiko vaizduot\u0119 ir skatina r\u016bpintis gamtine aplinka.<\/p>","protected":false},"excerpt":{"rendered":"<p>\u0160iuk\u0161liave\u017e\u0117 su kranu \u2013 interaktyvi komunalin\u0117 sunkve\u017eim\u0117 su \u0161iuk\u0161liad\u0117\u017e\u0117mis! Realisti\u0161ka \u0161iuk\u0161liave\u017e\u0117 su judan\u010diu kranu yra unikalus \u017eaislas ma\u017eiesiems miesto transporto<\/p>","protected":false},"featured_media":63255,"template":"","meta":{"_acf_changed":false,"_glsr_average":0,"_glsr_ranking":0,"_glsr_reviews":0},"product_brand":[],"product_cat":[448,229],"product_tag":[],"class_list":{"0":"post-89074","1":"product","2":"type-product","3":"status-publish","4":"has-post-thumbnail","6":"product_cat-automobiliai-ir-transportas","7":"product_cat-zaislai-vaikams","8":"\"style=\"background-color: #2ecc711c;\"","10":"first","11":"instock","12":"purchasable","13":"product-type-simple"},"acf":[],"yoast_head":"<!-- This site is optimized with the Yoast SEO plugin v27.3 - https:\/\/yoast.com\/product\/yoast-seo-wordpress\/ -->\n<title>WOOPIE \u0161iuk\u0161liave\u017e\u0117 su kranu atliek\u0173 r\u016b\u0161iavimui &#8211; 1:10 mastelis<\/title>\n<meta name=\"description\" content=\"WOOPIE \u0161iuk\u0161liave\u017e\u0117 su kranu atliek\u0173 r\u016b\u0161iavimui &#8211; 1:10 mastelis - KidsPlay. Did\u017eiausias vaik\u0173 \u017eaisl\u0173 pasirinkimas.\" \/>\n<meta name=\"robots\" content=\"index, follow, max-snippet:-1, max-image-preview:large, max-video-preview:-1\" \/>\n<link rel=\"canonical\" href=\"https:\/\/kidsplay.lt\/lv\/products\/woopie-siuksliaveze-su-kranu-atlieku-rusiavimui-110-mastelis\/\" \/>\n<meta property=\"og:locale\" content=\"lv_LV\" \/>\n<meta property=\"og:type\" content=\"article\" \/>\n<meta property=\"og:title\" content=\"WOOPIE \u0161iuk\u0161liave\u017e\u0117 su kranu atliek\u0173 r\u016b\u0161iavimui &#8211; 1:10 mastelis\" \/>\n<meta property=\"og:description\" content=\"WOOPIE \u0161iuk\u0161liave\u017e\u0117 su kranu atliek\u0173 r\u016b\u0161iavimui &#8211; 1:10 mastelis - KidsPlay. Did\u017eiausias vaik\u0173 \u017eaisl\u0173 pasirinkimas.\" \/>\n<meta property=\"og:url\" content=\"https:\/\/kidsplay.lt\/lv\/products\/woopie-siuksliaveze-su-kranu-atlieku-rusiavimui-110-mastelis\/\" \/>\n<meta property=\"og:site_name\" content=\"KidsPlay\" \/>\n<meta property=\"article:publisher\" content=\"https:\/\/www.facebook.com\/www.kidsplay.lt\" \/>\n<meta property=\"article:modified_time\" content=\"2026-04-13T11:43:34+00:00\" \/>\n<meta property=\"og:image\" content=\"https:\/\/kidsplay.lt\/wp-content\/uploads\/2025\/09\/WOOPIE-siuksliaveze-su-kranu-atlieku-rusiavimui-8211-110-mastelis.jpg\" \/>\n\t<meta property=\"og:image:width\" content=\"1000\" \/>\n\t<meta property=\"og:image:height\" content=\"1000\" \/>\n\t<meta property=\"og:image:type\" content=\"image\/jpeg\" \/>\n<meta name=\"twitter:card\" content=\"summary_large_image\" \/>\n<meta name=\"twitter:label1\" content=\"Est. reading time\" \/>\n\t<meta name=\"twitter:data1\" content=\"1 min\u016bte\" \/>\n<script type=\"application\/ld+json\" class=\"yoast-schema-graph\">{\"@context\":\"https:\\\/\\\/schema.org\",\"@graph\":[{\"@type\":\"WebPage\",\"@id\":\"https:\\\/\\\/kidsplay.lt\\\/produktas\\\/woopie-siuksliaveze-su-kranu-atlieku-rusiavimui-110-mastelis\\\/\",\"url\":\"https:\\\/\\\/kidsplay.lt\\\/produktas\\\/woopie-siuksliaveze-su-kranu-atlieku-rusiavimui-110-mastelis\\\/\",\"name\":\"WOOPIE \u0161iuk\u0161liave\u017e\u0117 su kranu atliek\u0173 r\u016b\u0161iavimui &#8211; 1:10 mastelis\",\"isPartOf\":{\"@id\":\"https:\\\/\\\/kidsplay.lt\\\/#website\"},\"primaryImageOfPage\":{\"@id\":\"https:\\\/\\\/kidsplay.lt\\\/produktas\\\/woopie-siuksliaveze-su-kranu-atlieku-rusiavimui-110-mastelis\\\/#primaryimage\"},\"image\":{\"@id\":\"https:\\\/\\\/kidsplay.lt\\\/produktas\\\/woopie-siuksliaveze-su-kranu-atlieku-rusiavimui-110-mastelis\\\/#primaryimage\"},\"thumbnailUrl\":\"https:\\\/\\\/kidsplay.lt\\\/wp-content\\\/uploads\\\/2025\\\/09\\\/WOOPIE-siuksliaveze-su-kranu-atlieku-rusiavimui-8211-110-mastelis.jpg\",\"datePublished\":\"2026-02-26T07:06:49+00:00\",\"dateModified\":\"2026-04-13T11:43:34+00:00\",\"description\":\"WOOPIE \u0161iuk\u0161liave\u017e\u0117 su kranu atliek\u0173 r\u016b\u0161iavimui &#8211; 1:10 mastelis - KidsPlay. Did\u017eiausias vaik\u0173 \u017eaisl\u0173 pasirinkimas.\",\"breadcrumb\":{\"@id\":\"https:\\\/\\\/kidsplay.lt\\\/produktas\\\/woopie-siuksliaveze-su-kranu-atlieku-rusiavimui-110-mastelis\\\/#breadcrumb\"},\"inLanguage\":\"lv-LV\",\"potentialAction\":[{\"@type\":\"ReadAction\",\"target\":[\"https:\\\/\\\/kidsplay.lt\\\/produktas\\\/woopie-siuksliaveze-su-kranu-atlieku-rusiavimui-110-mastelis\\\/\"]}]},{\"@type\":\"ImageObject\",\"inLanguage\":\"lv-LV\",\"@id\":\"https:\\\/\\\/kidsplay.lt\\\/produktas\\\/woopie-siuksliaveze-su-kranu-atlieku-rusiavimui-110-mastelis\\\/#primaryimage\",\"url\":\"https:\\\/\\\/kidsplay.lt\\\/wp-content\\\/uploads\\\/2025\\\/09\\\/WOOPIE-siuksliaveze-su-kranu-atlieku-rusiavimui-8211-110-mastelis.jpg\",\"contentUrl\":\"https:\\\/\\\/kidsplay.lt\\\/wp-content\\\/uploads\\\/2025\\\/09\\\/WOOPIE-siuksliaveze-su-kranu-atlieku-rusiavimui-8211-110-mastelis.jpg\",\"width\":1000,\"height\":1000,\"caption\":\"WOOPIE \u0161iuk\u0161liave\u017e\u0117 su kranu atliek\u0173 r\u016b\u0161iavimui &#8211; 1:10 mastelis\"},{\"@type\":\"BreadcrumbList\",\"@id\":\"https:\\\/\\\/kidsplay.lt\\\/produktas\\\/woopie-siuksliaveze-su-kranu-atlieku-rusiavimui-110-mastelis\\\/#breadcrumb\",\"itemListElement\":[{\"@type\":\"ListItem\",\"position\":1,\"name\":\"Pagrindinis\",\"item\":\"https:\\\/\\\/kidsplay.lt\\\/\"},{\"@type\":\"ListItem\",\"position\":2,\"name\":\"Parduotuv\u0117\",\"item\":\"https:\\\/\\\/kidsplay.lt\\\/parduotuve\\\/\"},{\"@type\":\"ListItem\",\"position\":3,\"name\":\"WOOPIE \u0161iuk\u0161liave\u017e\u0117 su kranu atliek\u0173 r\u016b\u0161iavimui &#8211; 1:10 mastelis\"}]},{\"@type\":\"WebSite\",\"@id\":\"https:\\\/\\\/kidsplay.lt\\\/#website\",\"url\":\"https:\\\/\\\/kidsplay.lt\\\/\",\"name\":\"Kidsplay.lt\",\"description\":\"\u012evairios prek\u0117s vaikams\",\"publisher\":{\"@id\":\"https:\\\/\\\/kidsplay.lt\\\/#organization\"},\"alternateName\":\"Kidsplay\",\"potentialAction\":[{\"@type\":\"SearchAction\",\"target\":{\"@type\":\"EntryPoint\",\"urlTemplate\":\"https:\\\/\\\/kidsplay.lt\\\/?s={search_term_string}\"},\"query-input\":{\"@type\":\"PropertyValueSpecification\",\"valueRequired\":true,\"valueName\":\"search_term_string\"}}],\"inLanguage\":\"lv-LV\"},{\"@type\":\"Organization\",\"@id\":\"https:\\\/\\\/kidsplay.lt\\\/#organization\",\"name\":\"KidsPlay\",\"url\":\"https:\\\/\\\/kidsplay.lt\\\/\",\"logo\":{\"@type\":\"ImageObject\",\"inLanguage\":\"lv-LV\",\"@id\":\"https:\\\/\\\/kidsplay.lt\\\/#\\\/schema\\\/logo\\\/image\\\/\",\"url\":\"https:\\\/\\\/kidsplay.lt\\\/wp-content\\\/uploads\\\/2023\\\/07\\\/kidsplay-logo.png\",\"contentUrl\":\"https:\\\/\\\/kidsplay.lt\\\/wp-content\\\/uploads\\\/2023\\\/07\\\/kidsplay-logo.png\",\"width\":451,\"height\":98,\"caption\":\"KidsPlay\"},\"image\":{\"@id\":\"https:\\\/\\\/kidsplay.lt\\\/#\\\/schema\\\/logo\\\/image\\\/\"},\"sameAs\":[\"https:\\\/\\\/www.facebook.com\\\/www.kidsplay.lt\"]}]}<\/script>\n<!-- \/ Yoast SEO plugin. -->","yoast_head_json":{"title":"WOOPIE atkritumu ma\u0161\u012bna ar celtni atkritumu \u0161\u0137iro\u0161anai \u2013 m\u0113rog\u0101 1:10","description":"WOOPIE \u0161iuk\u0161liave\u017e\u0117 su kranu atliek\u0173 r\u016b\u0161iavimui &#8211; 1:10 mastelis - KidsPlay. Did\u017eiausias vaik\u0173 \u017eaisl\u0173 pasirinkimas.","robots":{"index":"index","follow":"follow","max-snippet":"max-snippet:-1","max-image-preview":"max-image-preview:large","max-video-preview":"max-video-preview:-1"},"canonical":"https:\/\/kidsplay.lt\/lv\/products\/woopie-siuksliaveze-su-kranu-atlieku-rusiavimui-110-mastelis\/","og_locale":"lv_LV","og_type":"article","og_title":"WOOPIE \u0161iuk\u0161liave\u017e\u0117 su kranu atliek\u0173 r\u016b\u0161iavimui &#8211; 1:10 mastelis","og_description":"WOOPIE \u0161iuk\u0161liave\u017e\u0117 su kranu atliek\u0173 r\u016b\u0161iavimui &#8211; 1:10 mastelis - KidsPlay. Did\u017eiausias vaik\u0173 \u017eaisl\u0173 pasirinkimas.","og_url":"https:\/\/kidsplay.lt\/lv\/products\/woopie-siuksliaveze-su-kranu-atlieku-rusiavimui-110-mastelis\/","og_site_name":"KidsPlay","article_publisher":"https:\/\/www.facebook.com\/www.kidsplay.lt","article_modified_time":"2026-04-13T11:43:34+00:00","og_image":[{"width":1000,"height":1000,"url":"https:\/\/kidsplay.lt\/wp-content\/uploads\/2025\/09\/WOOPIE-siuksliaveze-su-kranu-atlieku-rusiavimui-8211-110-mastelis.jpg","type":"image\/jpeg"}],"twitter_card":"summary_large_image","twitter_misc":{"Est. reading time":"1 min\u016bte"},"schema":{"@context":"https:\/\/schema.org","@graph":[{"@type":"WebPage","@id":"https:\/\/kidsplay.lt\/produktas\/woopie-siuksliaveze-su-kranu-atlieku-rusiavimui-110-mastelis\/","url":"https:\/\/kidsplay.lt\/produktas\/woopie-siuksliaveze-su-kranu-atlieku-rusiavimui-110-mastelis\/","name":"WOOPIE atkritumu ma\u0161\u012bna ar celtni atkritumu \u0161\u0137iro\u0161anai \u2013 m\u0113rog\u0101 1:10","isPartOf":{"@id":"https:\/\/kidsplay.lt\/#website"},"primaryImageOfPage":{"@id":"https:\/\/kidsplay.lt\/produktas\/woopie-siuksliaveze-su-kranu-atlieku-rusiavimui-110-mastelis\/#primaryimage"},"image":{"@id":"https:\/\/kidsplay.lt\/produktas\/woopie-siuksliaveze-su-kranu-atlieku-rusiavimui-110-mastelis\/#primaryimage"},"thumbnailUrl":"https:\/\/kidsplay.lt\/wp-content\/uploads\/2025\/09\/WOOPIE-siuksliaveze-su-kranu-atlieku-rusiavimui-8211-110-mastelis.jpg","datePublished":"2026-02-26T07:06:49+00:00","dateModified":"2026-04-13T11:43:34+00:00","description":"WOOPIE \u0161iuk\u0161liave\u017e\u0117 su kranu atliek\u0173 r\u016b\u0161iavimui &#8211; 1:10 mastelis - KidsPlay. Did\u017eiausias vaik\u0173 \u017eaisl\u0173 pasirinkimas.","breadcrumb":{"@id":"https:\/\/kidsplay.lt\/produktas\/woopie-siuksliaveze-su-kranu-atlieku-rusiavimui-110-mastelis\/#breadcrumb"},"inLanguage":"lv-LV","potentialAction":[{"@type":"ReadAction","target":["https:\/\/kidsplay.lt\/produktas\/woopie-siuksliaveze-su-kranu-atlieku-rusiavimui-110-mastelis\/"]}]},{"@type":"ImageObject","inLanguage":"lv-LV","@id":"https:\/\/kidsplay.lt\/produktas\/woopie-siuksliaveze-su-kranu-atlieku-rusiavimui-110-mastelis\/#primaryimage","url":"https:\/\/kidsplay.lt\/wp-content\/uploads\/2025\/09\/WOOPIE-siuksliaveze-su-kranu-atlieku-rusiavimui-8211-110-mastelis.jpg","contentUrl":"https:\/\/kidsplay.lt\/wp-content\/uploads\/2025\/09\/WOOPIE-siuksliaveze-su-kranu-atlieku-rusiavimui-8211-110-mastelis.jpg","width":1000,"height":1000,"caption":"WOOPIE \u0161iuk\u0161liave\u017e\u0117 su kranu atliek\u0173 r\u016b\u0161iavimui &#8211; 1:10 mastelis"},{"@type":"BreadcrumbList","@id":"https:\/\/kidsplay.lt\/produktas\/woopie-siuksliaveze-su-kranu-atlieku-rusiavimui-110-mastelis\/#breadcrumb","itemListElement":[{"@type":"ListItem","position":1,"name":"Pagrindinis","item":"https:\/\/kidsplay.lt\/"},{"@type":"ListItem","position":2,"name":"Parduotuv\u0117","item":"https:\/\/kidsplay.lt\/parduotuve\/"},{"@type":"ListItem","position":3,"name":"WOOPIE \u0161iuk\u0161liave\u017e\u0117 su kranu atliek\u0173 r\u016b\u0161iavimui &#8211; 1:10 mastelis"}]},{"@type":"WebSite","@id":"https:\/\/kidsplay.lt\/#website","url":"https:\/\/kidsplay.lt\/","name":"B\u0113rnu sp\u0113les.lv","description":"\u012evairios prek\u0117s vaikams","publisher":{"@id":"https:\/\/kidsplay.lt\/#organization"},"alternateName":"Kidsplay","potentialAction":[{"@type":"SearchAction","target":{"@type":"EntryPoint","urlTemplate":"https:\/\/kidsplay.lt\/?s={search_term_string}"},"query-input":{"@type":"PropertyValueSpecification","valueRequired":true,"valueName":"search_term_string"}}],"inLanguage":"lv-LV"},{"@type":"Organization","@id":"https:\/\/kidsplay.lt\/#organization","name":"B\u0113rnu sp\u0113le","url":"https:\/\/kidsplay.lt\/","logo":{"@type":"ImageObject","inLanguage":"lv-LV","@id":"https:\/\/kidsplay.lt\/#\/schema\/logo\/image\/","url":"https:\/\/kidsplay.lt\/wp-content\/uploads\/2023\/07\/kidsplay-logo.png","contentUrl":"https:\/\/kidsplay.lt\/wp-content\/uploads\/2023\/07\/kidsplay-logo.png","width":451,"height":98,"caption":"KidsPlay"},"image":{"@id":"https:\/\/kidsplay.lt\/#\/schema\/logo\/image\/"},"sameAs":["https:\/\/www.facebook.com\/www.kidsplay.lt"]}]}},"_links":{"self":[{"href":"https:\/\/kidsplay.lt\/lv\/wp-json\/wp\/v2\/product\/89074","targetHints":{"allow":["GET"]}}],"collection":[{"href":"https:\/\/kidsplay.lt\/lv\/wp-json\/wp\/v2\/product"}],"about":[{"href":"https:\/\/kidsplay.lt\/lv\/wp-json\/wp\/v2\/types\/product"}],"version-history":[{"count":1,"href":"https:\/\/kidsplay.lt\/lv\/wp-json\/wp\/v2\/product\/89074\/revisions"}],"predecessor-version":[{"id":89075,"href":"https:\/\/kidsplay.lt\/lv\/wp-json\/wp\/v2\/product\/89074\/revisions\/89075"}],"wp:featuredmedia":[{"embeddable":true,"href":"https:\/\/kidsplay.lt\/lv\/wp-json\/wp\/v2\/media\/63255"}],"wp:attachment":[{"href":"https:\/\/kidsplay.lt\/lv\/wp-json\/wp\/v2\/media?parent=89074"}],"wp:term":[{"taxonomy":"product_brand","embeddable":true,"href":"https:\/\/kidsplay.lt\/lv\/wp-json\/wp\/v2\/product_brand?post=89074"},{"taxonomy":"product_cat","embeddable":true,"href":"https:\/\/kidsplay.lt\/lv\/wp-json\/wp\/v2\/product_cat?post=89074"},{"taxonomy":"product_tag","embeddable":true,"href":"https:\/\/kidsplay.lt\/lv\/wp-json\/wp\/v2\/product_tag?post=89074"}],"curies":[{"name":"wp","href":"https:\/\/api.w.org\/{rel}","templated":true}]}}