{"id":89086,"date":"2026-02-26T09:07:07","date_gmt":"2026-02-26T07:07:07","guid":{"rendered":"https:\/\/kidsplay.lt\/produktas\/woopie-rinkinys-virtuvei-parduotuvei-darzovems-vaisiams-120-vnt\/"},"modified":"2026-04-07T10:22:37","modified_gmt":"2026-04-07T07:22:37","slug":"woopie-rinkinys-virtuvei-parduotuvei-darzovems-vaisiams-120-vnt","status":"publish","type":"product","link":"https:\/\/kidsplay.lt\/lv\/products\/woopie-rinkinys-virtuvei-parduotuvei-darzovems-vaisiams-120-vnt\/","title":{"rendered":"WOOPIE rinkinys virtuvei, parduotuvei, dar\u017eov\u0117ms, vaisiams, 120 vnt."},"content":{"rendered":"<p>Skanus \u017eaidim\u0173 rinkinys \u2013 120 dali\u0173 maisto rinkinys vaikams!<\/p>\n<p>\u0160is spalvingas ir gausus \u017eaidim\u0173 maisto rinkinys puikiai tinka vaikams, kurie m\u0117gsta\u00a0\u017eaisti maisto gaminim\u0105\u00a0,\u00a0apsipirkim\u0105\u00a0ar\u00a0restoran\u0105\u00a0. \u201eSkanus \u017eaidim\u0173 rinkinys\u201c lavina\u00a0vaizduot\u0119\u00a0,\u00a0k\u016brybi\u0161kum\u0105\u00a0ir moko atpa\u017einti skirtingus maisto produktus.\u00a0Tur\u0117damas 120 detali\u0173,\u00a0jis suteiks valand\u0173 valandas pramog\u0173 \u2013 vienam arba su draugais!<\/p>\n<p>Rakstur\u012bgs:<\/p>\n<p> \t&#8211; Vaikams\u00a0nuo\u00a0\u00a03 met\u0173\u00a0am\u017eiaus<br \/>\n \t&#8211; Puikiai tinka \u017eaisti\u00a0virtuv\u0117je\u00a0,\u00a0parduotuv\u0117je\u00a0,\u00a0i\u0161kyloje\u00a0ir\u00a0restorane<br \/>\n \t&#8211; Pagaminta i\u0161\u00a0saugaus\u00a0ir patvaraus plastiko<br \/>\n \t&#8211; Realistin\u0117s formos ir ry\u0161kios spalvos stimuliuoja poj\u016b\u010dius<br \/>\n \t&#8211; Rinkinys puikiai tinka \u017eaisti grup\u0117je<\/p>\n<p>Komplekt\u0101 ietilpst:<\/p>\n<p> \t&#8211;\u00a0\u00a0120 preki\u0173\u00a0\u2013 vaisi\u0173, dar\u017eovi\u0173, duonos, u\u017ekand\u017ei\u0173, g\u0117rim\u0173, pakuo\u010di\u0173.<\/p>\n<p>Rota\u013clieta att\u012bst\u0101s:<\/p>\n<p> \t&#8211; Vaizduot\u0117<br \/>\n \t&#8211; K\u016brybi\u0161kumas<br \/>\n \t&#8211; Rankiniai \u012fg\u016bd\u017eiai<\/p>","protected":false},"excerpt":{"rendered":"<p>Skanus \u017eaidim\u0173 rinkinys \u2013 120 dali\u0173 maisto rinkinys vaikams! \u0160is spalvingas ir gausus \u017eaidim\u0173 maisto rinkinys puikiai tinka vaikams, kurie<\/p>","protected":false},"featured_media":78847,"template":"","meta":{"_acf_changed":false,"_glsr_average":0,"_glsr_ranking":0,"_glsr_reviews":0},"product_brand":[],"product_cat":[282,229],"product_tag":[],"class_list":{"0":"post-89086","1":"product","2":"type-product","3":"status-publish","4":"has-post-thumbnail","6":"product_cat-virtuves-reikmenys-vaidmenu-zaidimai","7":"product_cat-zaislai-vaikams","8":"\"style=\"background-color: #2ecc711c;\"","10":"first","11":"instock","12":"purchasable","13":"product-type-simple"},"acf":[],"yoast_head":"<!-- This site is optimized with the Yoast SEO plugin v27.3 - https:\/\/yoast.com\/product\/yoast-seo-wordpress\/ -->\n<title>WOOPIE rinkinys virtuvei, parduotuvei, dar\u017eov\u0117ms, vaisiams, 120 vnt.<\/title>\n<meta name=\"description\" content=\"WOOPIE rinkinys virtuvei, parduotuvei, dar\u017eov\u0117ms, vaisiams, 120 vnt. - KidsPlay. Did\u017eiausias vaik\u0173 \u017eaisl\u0173 pasirinkimas.\" \/>\n<meta name=\"robots\" content=\"index, follow, max-snippet:-1, max-image-preview:large, max-video-preview:-1\" \/>\n<link rel=\"canonical\" href=\"https:\/\/kidsplay.lt\/lv\/products\/woopie-rinkinys-virtuvei-parduotuvei-darzovems-vaisiams-120-vnt\/\" \/>\n<meta property=\"og:locale\" content=\"lv_LV\" \/>\n<meta property=\"og:type\" content=\"article\" \/>\n<meta property=\"og:title\" content=\"WOOPIE rinkinys virtuvei, parduotuvei, dar\u017eov\u0117ms, vaisiams, 120 vnt.\" \/>\n<meta property=\"og:description\" content=\"WOOPIE rinkinys virtuvei, parduotuvei, dar\u017eov\u0117ms, vaisiams, 120 vnt. - KidsPlay. Did\u017eiausias vaik\u0173 \u017eaisl\u0173 pasirinkimas.\" \/>\n<meta property=\"og:url\" content=\"https:\/\/kidsplay.lt\/lv\/products\/woopie-rinkinys-virtuvei-parduotuvei-darzovems-vaisiams-120-vnt\/\" \/>\n<meta property=\"og:site_name\" content=\"KidsPlay\" \/>\n<meta property=\"article:publisher\" content=\"https:\/\/www.facebook.com\/www.kidsplay.lt\" \/>\n<meta property=\"article:modified_time\" content=\"2026-04-07T07:22:37+00:00\" \/>\n<meta property=\"og:image\" content=\"https:\/\/kidsplay.lt\/wp-content\/uploads\/2025\/10\/WOOPIE-rinkinys-virtuvei-parduotuvei-darzovems-vaisiams-120-vnt.jpg\" \/>\n\t<meta property=\"og:image:width\" content=\"1000\" \/>\n\t<meta property=\"og:image:height\" content=\"1000\" \/>\n\t<meta property=\"og:image:type\" content=\"image\/jpeg\" \/>\n<meta name=\"twitter:card\" content=\"summary_large_image\" \/>\n<meta name=\"twitter:label1\" content=\"Est. reading time\" \/>\n\t<meta name=\"twitter:data1\" content=\"1 min\u016bte\" \/>\n<script type=\"application\/ld+json\" class=\"yoast-schema-graph\">{\"@context\":\"https:\\\/\\\/schema.org\",\"@graph\":[{\"@type\":\"WebPage\",\"@id\":\"https:\\\/\\\/kidsplay.lt\\\/produktas\\\/woopie-rinkinys-virtuvei-parduotuvei-darzovems-vaisiams-120-vnt\\\/\",\"url\":\"https:\\\/\\\/kidsplay.lt\\\/produktas\\\/woopie-rinkinys-virtuvei-parduotuvei-darzovems-vaisiams-120-vnt\\\/\",\"name\":\"WOOPIE rinkinys virtuvei, parduotuvei, dar\u017eov\u0117ms, vaisiams, 120 vnt.\",\"isPartOf\":{\"@id\":\"https:\\\/\\\/kidsplay.lt\\\/#website\"},\"primaryImageOfPage\":{\"@id\":\"https:\\\/\\\/kidsplay.lt\\\/produktas\\\/woopie-rinkinys-virtuvei-parduotuvei-darzovems-vaisiams-120-vnt\\\/#primaryimage\"},\"image\":{\"@id\":\"https:\\\/\\\/kidsplay.lt\\\/produktas\\\/woopie-rinkinys-virtuvei-parduotuvei-darzovems-vaisiams-120-vnt\\\/#primaryimage\"},\"thumbnailUrl\":\"https:\\\/\\\/kidsplay.lt\\\/wp-content\\\/uploads\\\/2025\\\/10\\\/WOOPIE-rinkinys-virtuvei-parduotuvei-darzovems-vaisiams-120-vnt.jpg\",\"datePublished\":\"2026-02-26T07:07:07+00:00\",\"dateModified\":\"2026-04-07T07:22:37+00:00\",\"description\":\"WOOPIE rinkinys virtuvei, parduotuvei, dar\u017eov\u0117ms, vaisiams, 120 vnt. - KidsPlay. Did\u017eiausias vaik\u0173 \u017eaisl\u0173 pasirinkimas.\",\"breadcrumb\":{\"@id\":\"https:\\\/\\\/kidsplay.lt\\\/produktas\\\/woopie-rinkinys-virtuvei-parduotuvei-darzovems-vaisiams-120-vnt\\\/#breadcrumb\"},\"inLanguage\":\"lv-LV\",\"potentialAction\":[{\"@type\":\"ReadAction\",\"target\":[\"https:\\\/\\\/kidsplay.lt\\\/produktas\\\/woopie-rinkinys-virtuvei-parduotuvei-darzovems-vaisiams-120-vnt\\\/\"]}]},{\"@type\":\"ImageObject\",\"inLanguage\":\"lv-LV\",\"@id\":\"https:\\\/\\\/kidsplay.lt\\\/produktas\\\/woopie-rinkinys-virtuvei-parduotuvei-darzovems-vaisiams-120-vnt\\\/#primaryimage\",\"url\":\"https:\\\/\\\/kidsplay.lt\\\/wp-content\\\/uploads\\\/2025\\\/10\\\/WOOPIE-rinkinys-virtuvei-parduotuvei-darzovems-vaisiams-120-vnt.jpg\",\"contentUrl\":\"https:\\\/\\\/kidsplay.lt\\\/wp-content\\\/uploads\\\/2025\\\/10\\\/WOOPIE-rinkinys-virtuvei-parduotuvei-darzovems-vaisiams-120-vnt.jpg\",\"width\":1000,\"height\":1000,\"caption\":\"WOOPIE rinkinys virtuvei\"},{\"@type\":\"BreadcrumbList\",\"@id\":\"https:\\\/\\\/kidsplay.lt\\\/produktas\\\/woopie-rinkinys-virtuvei-parduotuvei-darzovems-vaisiams-120-vnt\\\/#breadcrumb\",\"itemListElement\":[{\"@type\":\"ListItem\",\"position\":1,\"name\":\"Pagrindinis\",\"item\":\"https:\\\/\\\/kidsplay.lt\\\/\"},{\"@type\":\"ListItem\",\"position\":2,\"name\":\"Parduotuv\u0117\",\"item\":\"https:\\\/\\\/kidsplay.lt\\\/parduotuve\\\/\"},{\"@type\":\"ListItem\",\"position\":3,\"name\":\"WOOPIE rinkinys virtuvei, parduotuvei, dar\u017eov\u0117ms, vaisiams, 120 vnt.\"}]},{\"@type\":\"WebSite\",\"@id\":\"https:\\\/\\\/kidsplay.lt\\\/#website\",\"url\":\"https:\\\/\\\/kidsplay.lt\\\/\",\"name\":\"Kidsplay.lt\",\"description\":\"\u012evairios prek\u0117s vaikams\",\"publisher\":{\"@id\":\"https:\\\/\\\/kidsplay.lt\\\/#organization\"},\"alternateName\":\"Kidsplay\",\"potentialAction\":[{\"@type\":\"SearchAction\",\"target\":{\"@type\":\"EntryPoint\",\"urlTemplate\":\"https:\\\/\\\/kidsplay.lt\\\/?s={search_term_string}\"},\"query-input\":{\"@type\":\"PropertyValueSpecification\",\"valueRequired\":true,\"valueName\":\"search_term_string\"}}],\"inLanguage\":\"lv-LV\"},{\"@type\":\"Organization\",\"@id\":\"https:\\\/\\\/kidsplay.lt\\\/#organization\",\"name\":\"KidsPlay\",\"url\":\"https:\\\/\\\/kidsplay.lt\\\/\",\"logo\":{\"@type\":\"ImageObject\",\"inLanguage\":\"lv-LV\",\"@id\":\"https:\\\/\\\/kidsplay.lt\\\/#\\\/schema\\\/logo\\\/image\\\/\",\"url\":\"https:\\\/\\\/kidsplay.lt\\\/wp-content\\\/uploads\\\/2023\\\/07\\\/kidsplay-logo.png\",\"contentUrl\":\"https:\\\/\\\/kidsplay.lt\\\/wp-content\\\/uploads\\\/2023\\\/07\\\/kidsplay-logo.png\",\"width\":451,\"height\":98,\"caption\":\"KidsPlay\"},\"image\":{\"@id\":\"https:\\\/\\\/kidsplay.lt\\\/#\\\/schema\\\/logo\\\/image\\\/\"},\"sameAs\":[\"https:\\\/\\\/www.facebook.com\\\/www.kidsplay.lt\"]}]}<\/script>\n<!-- \/ Yoast SEO plugin. -->","yoast_head_json":{"title":"WOOPIE rinkinys virtuvei, parduotuvei, dar\u017eov\u0117ms, vaisiams, 120 vnt.","description":"WOOPIE rinkinys virtuvei, parduotuvei, dar\u017eov\u0117ms, vaisiams, 120 vnt. - KidsPlay. Did\u017eiausias vaik\u0173 \u017eaisl\u0173 pasirinkimas.","robots":{"index":"index","follow":"follow","max-snippet":"max-snippet:-1","max-image-preview":"max-image-preview:large","max-video-preview":"max-video-preview:-1"},"canonical":"https:\/\/kidsplay.lt\/lv\/products\/woopie-rinkinys-virtuvei-parduotuvei-darzovems-vaisiams-120-vnt\/","og_locale":"lv_LV","og_type":"article","og_title":"WOOPIE rinkinys virtuvei, parduotuvei, dar\u017eov\u0117ms, vaisiams, 120 vnt.","og_description":"WOOPIE rinkinys virtuvei, parduotuvei, dar\u017eov\u0117ms, vaisiams, 120 vnt. - KidsPlay. Did\u017eiausias vaik\u0173 \u017eaisl\u0173 pasirinkimas.","og_url":"https:\/\/kidsplay.lt\/lv\/products\/woopie-rinkinys-virtuvei-parduotuvei-darzovems-vaisiams-120-vnt\/","og_site_name":"KidsPlay","article_publisher":"https:\/\/www.facebook.com\/www.kidsplay.lt","article_modified_time":"2026-04-07T07:22:37+00:00","og_image":[{"width":1000,"height":1000,"url":"https:\/\/kidsplay.lt\/wp-content\/uploads\/2025\/10\/WOOPIE-rinkinys-virtuvei-parduotuvei-darzovems-vaisiams-120-vnt.jpg","type":"image\/jpeg"}],"twitter_card":"summary_large_image","twitter_misc":{"Est. reading time":"1 min\u016bte"},"schema":{"@context":"https:\/\/schema.org","@graph":[{"@type":"WebPage","@id":"https:\/\/kidsplay.lt\/produktas\/woopie-rinkinys-virtuvei-parduotuvei-darzovems-vaisiams-120-vnt\/","url":"https:\/\/kidsplay.lt\/produktas\/woopie-rinkinys-virtuvei-parduotuvei-darzovems-vaisiams-120-vnt\/","name":"WOOPIE rinkinys virtuvei, parduotuvei, dar\u017eov\u0117ms, vaisiams, 120 vnt.","isPartOf":{"@id":"https:\/\/kidsplay.lt\/#website"},"primaryImageOfPage":{"@id":"https:\/\/kidsplay.lt\/produktas\/woopie-rinkinys-virtuvei-parduotuvei-darzovems-vaisiams-120-vnt\/#primaryimage"},"image":{"@id":"https:\/\/kidsplay.lt\/produktas\/woopie-rinkinys-virtuvei-parduotuvei-darzovems-vaisiams-120-vnt\/#primaryimage"},"thumbnailUrl":"https:\/\/kidsplay.lt\/wp-content\/uploads\/2025\/10\/WOOPIE-rinkinys-virtuvei-parduotuvei-darzovems-vaisiams-120-vnt.jpg","datePublished":"2026-02-26T07:07:07+00:00","dateModified":"2026-04-07T07:22:37+00:00","description":"WOOPIE rinkinys virtuvei, parduotuvei, dar\u017eov\u0117ms, vaisiams, 120 vnt. - KidsPlay. Did\u017eiausias vaik\u0173 \u017eaisl\u0173 pasirinkimas.","breadcrumb":{"@id":"https:\/\/kidsplay.lt\/produktas\/woopie-rinkinys-virtuvei-parduotuvei-darzovems-vaisiams-120-vnt\/#breadcrumb"},"inLanguage":"lv-LV","potentialAction":[{"@type":"ReadAction","target":["https:\/\/kidsplay.lt\/produktas\/woopie-rinkinys-virtuvei-parduotuvei-darzovems-vaisiams-120-vnt\/"]}]},{"@type":"ImageObject","inLanguage":"lv-LV","@id":"https:\/\/kidsplay.lt\/produktas\/woopie-rinkinys-virtuvei-parduotuvei-darzovems-vaisiams-120-vnt\/#primaryimage","url":"https:\/\/kidsplay.lt\/wp-content\/uploads\/2025\/10\/WOOPIE-rinkinys-virtuvei-parduotuvei-darzovems-vaisiams-120-vnt.jpg","contentUrl":"https:\/\/kidsplay.lt\/wp-content\/uploads\/2025\/10\/WOOPIE-rinkinys-virtuvei-parduotuvei-darzovems-vaisiams-120-vnt.jpg","width":1000,"height":1000,"caption":"WOOPIE rinkinys virtuvei"},{"@type":"BreadcrumbList","@id":"https:\/\/kidsplay.lt\/produktas\/woopie-rinkinys-virtuvei-parduotuvei-darzovems-vaisiams-120-vnt\/#breadcrumb","itemListElement":[{"@type":"ListItem","position":1,"name":"Pagrindinis","item":"https:\/\/kidsplay.lt\/"},{"@type":"ListItem","position":2,"name":"Parduotuv\u0117","item":"https:\/\/kidsplay.lt\/parduotuve\/"},{"@type":"ListItem","position":3,"name":"WOOPIE rinkinys virtuvei, parduotuvei, dar\u017eov\u0117ms, vaisiams, 120 vnt."}]},{"@type":"WebSite","@id":"https:\/\/kidsplay.lt\/#website","url":"https:\/\/kidsplay.lt\/","name":"B\u0113rnu sp\u0113les.lv","description":"\u012evairios prek\u0117s vaikams","publisher":{"@id":"https:\/\/kidsplay.lt\/#organization"},"alternateName":"Kidsplay","potentialAction":[{"@type":"SearchAction","target":{"@type":"EntryPoint","urlTemplate":"https:\/\/kidsplay.lt\/?s={search_term_string}"},"query-input":{"@type":"PropertyValueSpecification","valueRequired":true,"valueName":"search_term_string"}}],"inLanguage":"lv-LV"},{"@type":"Organization","@id":"https:\/\/kidsplay.lt\/#organization","name":"B\u0113rnu sp\u0113le","url":"https:\/\/kidsplay.lt\/","logo":{"@type":"ImageObject","inLanguage":"lv-LV","@id":"https:\/\/kidsplay.lt\/#\/schema\/logo\/image\/","url":"https:\/\/kidsplay.lt\/wp-content\/uploads\/2023\/07\/kidsplay-logo.png","contentUrl":"https:\/\/kidsplay.lt\/wp-content\/uploads\/2023\/07\/kidsplay-logo.png","width":451,"height":98,"caption":"KidsPlay"},"image":{"@id":"https:\/\/kidsplay.lt\/#\/schema\/logo\/image\/"},"sameAs":["https:\/\/www.facebook.com\/www.kidsplay.lt"]}]}},"_links":{"self":[{"href":"https:\/\/kidsplay.lt\/lv\/wp-json\/wp\/v2\/product\/89086","targetHints":{"allow":["GET"]}}],"collection":[{"href":"https:\/\/kidsplay.lt\/lv\/wp-json\/wp\/v2\/product"}],"about":[{"href":"https:\/\/kidsplay.lt\/lv\/wp-json\/wp\/v2\/types\/product"}],"version-history":[{"count":1,"href":"https:\/\/kidsplay.lt\/lv\/wp-json\/wp\/v2\/product\/89086\/revisions"}],"predecessor-version":[{"id":89087,"href":"https:\/\/kidsplay.lt\/lv\/wp-json\/wp\/v2\/product\/89086\/revisions\/89087"}],"wp:featuredmedia":[{"embeddable":true,"href":"https:\/\/kidsplay.lt\/lv\/wp-json\/wp\/v2\/media\/78847"}],"wp:attachment":[{"href":"https:\/\/kidsplay.lt\/lv\/wp-json\/wp\/v2\/media?parent=89086"}],"wp:term":[{"taxonomy":"product_brand","embeddable":true,"href":"https:\/\/kidsplay.lt\/lv\/wp-json\/wp\/v2\/product_brand?post=89086"},{"taxonomy":"product_cat","embeddable":true,"href":"https:\/\/kidsplay.lt\/lv\/wp-json\/wp\/v2\/product_cat?post=89086"},{"taxonomy":"product_tag","embeddable":true,"href":"https:\/\/kidsplay.lt\/lv\/wp-json\/wp\/v2\/product_tag?post=89086"}],"curies":[{"name":"wp","href":"https:\/\/api.w.org\/{rel}","templated":true}]}}