{"id":89088,"date":"2026-02-26T09:07:09","date_gmt":"2026-02-26T07:07:09","guid":{"rendered":"https:\/\/kidsplay.lt\/produktas\/woopie-picos-pjaustykliu-rinkinys-xl-restoranui-30-vnt\/"},"modified":"2026-04-07T10:22:40","modified_gmt":"2026-04-07T07:22:40","slug":"woopie-picos-pjaustykliu-rinkinys-xl-restoranui-30-vnt","status":"publish","type":"product","link":"https:\/\/kidsplay.lt\/lv\/products\/woopie-picos-pjaustykliu-rinkinys-xl-restoranui-30-vnt\/","title":{"rendered":"WOOPIE picos pjaustykli\u0173 rinkinys XL restoranui, 30 vnt."},"content":{"rendered":"<p>GOURMET pic\u0173 rinkinys \u2013 pica ma\u017eajam vir\u0117jui!<\/p>\n<p>Rinkinys \u201eGOURMET Pizza\u201c puikiai tinka vaikams, kurie m\u0117gsta gaminti maist\u0105 ir \u017eaisti vaidmenimis. Su tikrovi\u0161kais priedais ir daugybe pried\u0173 j\u016bs\u0173 vaikas sukurs savo pic\u0105 kaip tikras \u0161efas! Tai ne tik labai smagu, bet ir lavina vaizduot\u0119, rank\u0173 \u012fg\u016bd\u017eius ir k\u016brybi\u0161kum\u0105.<\/p>\n<p>Rakstur\u012bgs:<\/p>\n<p> \t&#8211; Realisti\u0161ka picos ingredient\u0173 i\u0161vaizda<br \/>\n \t&#8211; Kilnojami elementai picai \u201epjaustyti\u201c<br \/>\n \t&#8211; Vaikams saugi med\u017eiaga<br \/>\n \t&#8211; Moko atpa\u017einti ingredientus ir lavina k\u016brybi\u0161kum\u0105<br \/>\n \t&#8211; Puikiai tinka \u017eaisti vienam arba su kitais vaikais<\/p>\n<p>Komplekt\u0101 ietilpst:<\/p>\n<p> \t&#8211; 1 picos l\u0117k\u0161t\u0117<br \/>\n \t&#8211; Picos ingredientai<br \/>\n \t&#8211; 1 butelis pada\u017eo<br \/>\n \t&#8211; 1 picos pjaustytuvas<br \/>\n \t&#8211; 1 virtuvin\u0117 mentel\u0117<br \/>\n \t&#8211; 1 \u0161akut\u0117<br \/>\n \t&#8211; Maisto meniu<\/p>\n<p>Rota\u013clieta att\u012bst\u0101s:<\/p>\n<p> \t&#8211; Rankiniai \u012fg\u016bd\u017eiai<br \/>\n \t&#8211; K\u016brybi\u0161kumas ir vaizduot\u0117<br \/>\n \t&#8211; Form\u0173 ir spalv\u0173 atpa\u017einimas<br \/>\n \t&#8211; Socialiniai \u012fg\u016bd\u017eiai<\/p>","protected":false},"excerpt":{"rendered":"<p>GOURMET pic\u0173 rinkinys \u2013 pica ma\u017eajam vir\u0117jui! Rinkinys \u201eGOURMET Pizza\u201c puikiai tinka vaikams, kurie m\u0117gsta gaminti maist\u0105 ir \u017eaisti vaidmenimis.<\/p>","protected":false},"featured_media":78850,"template":"","meta":{"_acf_changed":false,"_glsr_average":0,"_glsr_ranking":0,"_glsr_reviews":0},"product_brand":[],"product_cat":[399,282,229],"product_tag":[],"class_list":{"0":"post-89088","1":"product","2":"type-product","3":"status-publish","4":"has-post-thumbnail","6":"product_cat-vaidmenu-zaidimai-2","7":"product_cat-virtuves-reikmenys-vaidmenu-zaidimai","8":"product_cat-zaislai-vaikams","9":"\"style=\"background-color: #2ecc711c;\"","11":"first","12":"instock","13":"purchasable","14":"product-type-simple"},"acf":[],"yoast_head":"<!-- This site is optimized with the Yoast SEO plugin v27.3 - https:\/\/yoast.com\/product\/yoast-seo-wordpress\/ -->\n<title>WOOPIE picos pjaustykli\u0173 rinkinys XL restoranui, 30 vnt.<\/title>\n<meta name=\"description\" content=\"WOOPIE picos pjaustykli\u0173 rinkinys XL restoranui, 30 vnt. - KidsPlay. Did\u017eiausias vaik\u0173 \u017eaisl\u0173 pasirinkimas.\" \/>\n<meta name=\"robots\" content=\"index, follow, max-snippet:-1, max-image-preview:large, max-video-preview:-1\" \/>\n<link rel=\"canonical\" href=\"https:\/\/kidsplay.lt\/lv\/products\/woopie-picos-pjaustykliu-rinkinys-xl-restoranui-30-vnt\/\" \/>\n<meta property=\"og:locale\" content=\"lv_LV\" \/>\n<meta property=\"og:type\" content=\"article\" \/>\n<meta property=\"og:title\" content=\"WOOPIE picos pjaustykli\u0173 rinkinys XL restoranui, 30 vnt.\" \/>\n<meta property=\"og:description\" content=\"WOOPIE picos pjaustykli\u0173 rinkinys XL restoranui, 30 vnt. - KidsPlay. Did\u017eiausias vaik\u0173 \u017eaisl\u0173 pasirinkimas.\" \/>\n<meta property=\"og:url\" content=\"https:\/\/kidsplay.lt\/lv\/products\/woopie-picos-pjaustykliu-rinkinys-xl-restoranui-30-vnt\/\" \/>\n<meta property=\"og:site_name\" content=\"KidsPlay\" \/>\n<meta property=\"article:publisher\" content=\"https:\/\/www.facebook.com\/www.kidsplay.lt\" \/>\n<meta property=\"article:modified_time\" content=\"2026-04-07T07:22:40+00:00\" \/>\n<meta property=\"og:image\" content=\"https:\/\/kidsplay.lt\/wp-content\/uploads\/2025\/10\/WOOPIE-picos-pjaustykliu-rinkinys-XL-restoranui-30-vnt.jpg\" \/>\n\t<meta property=\"og:image:width\" content=\"1000\" \/>\n\t<meta property=\"og:image:height\" content=\"1000\" \/>\n\t<meta property=\"og:image:type\" content=\"image\/jpeg\" \/>\n<meta name=\"twitter:card\" content=\"summary_large_image\" \/>\n<meta name=\"twitter:label1\" content=\"Est. reading time\" \/>\n\t<meta name=\"twitter:data1\" content=\"1 min\u016bte\" \/>\n<script type=\"application\/ld+json\" class=\"yoast-schema-graph\">{\"@context\":\"https:\\\/\\\/schema.org\",\"@graph\":[{\"@type\":\"WebPage\",\"@id\":\"https:\\\/\\\/kidsplay.lt\\\/produktas\\\/woopie-picos-pjaustykliu-rinkinys-xl-restoranui-30-vnt\\\/\",\"url\":\"https:\\\/\\\/kidsplay.lt\\\/produktas\\\/woopie-picos-pjaustykliu-rinkinys-xl-restoranui-30-vnt\\\/\",\"name\":\"WOOPIE picos pjaustykli\u0173 rinkinys XL restoranui, 30 vnt.\",\"isPartOf\":{\"@id\":\"https:\\\/\\\/kidsplay.lt\\\/#website\"},\"primaryImageOfPage\":{\"@id\":\"https:\\\/\\\/kidsplay.lt\\\/produktas\\\/woopie-picos-pjaustykliu-rinkinys-xl-restoranui-30-vnt\\\/#primaryimage\"},\"image\":{\"@id\":\"https:\\\/\\\/kidsplay.lt\\\/produktas\\\/woopie-picos-pjaustykliu-rinkinys-xl-restoranui-30-vnt\\\/#primaryimage\"},\"thumbnailUrl\":\"https:\\\/\\\/kidsplay.lt\\\/wp-content\\\/uploads\\\/2025\\\/10\\\/WOOPIE-picos-pjaustykliu-rinkinys-XL-restoranui-30-vnt.jpg\",\"datePublished\":\"2026-02-26T07:07:09+00:00\",\"dateModified\":\"2026-04-07T07:22:40+00:00\",\"description\":\"WOOPIE picos pjaustykli\u0173 rinkinys XL restoranui, 30 vnt. - KidsPlay. Did\u017eiausias vaik\u0173 \u017eaisl\u0173 pasirinkimas.\",\"breadcrumb\":{\"@id\":\"https:\\\/\\\/kidsplay.lt\\\/produktas\\\/woopie-picos-pjaustykliu-rinkinys-xl-restoranui-30-vnt\\\/#breadcrumb\"},\"inLanguage\":\"lv-LV\",\"potentialAction\":[{\"@type\":\"ReadAction\",\"target\":[\"https:\\\/\\\/kidsplay.lt\\\/produktas\\\/woopie-picos-pjaustykliu-rinkinys-xl-restoranui-30-vnt\\\/\"]}]},{\"@type\":\"ImageObject\",\"inLanguage\":\"lv-LV\",\"@id\":\"https:\\\/\\\/kidsplay.lt\\\/produktas\\\/woopie-picos-pjaustykliu-rinkinys-xl-restoranui-30-vnt\\\/#primaryimage\",\"url\":\"https:\\\/\\\/kidsplay.lt\\\/wp-content\\\/uploads\\\/2025\\\/10\\\/WOOPIE-picos-pjaustykliu-rinkinys-XL-restoranui-30-vnt.jpg\",\"contentUrl\":\"https:\\\/\\\/kidsplay.lt\\\/wp-content\\\/uploads\\\/2025\\\/10\\\/WOOPIE-picos-pjaustykliu-rinkinys-XL-restoranui-30-vnt.jpg\",\"width\":1000,\"height\":1000,\"caption\":\"WOOPIE picos pjaustykli\u0173 rinkinys XL restoranui\"},{\"@type\":\"BreadcrumbList\",\"@id\":\"https:\\\/\\\/kidsplay.lt\\\/produktas\\\/woopie-picos-pjaustykliu-rinkinys-xl-restoranui-30-vnt\\\/#breadcrumb\",\"itemListElement\":[{\"@type\":\"ListItem\",\"position\":1,\"name\":\"Pagrindinis\",\"item\":\"https:\\\/\\\/kidsplay.lt\\\/\"},{\"@type\":\"ListItem\",\"position\":2,\"name\":\"Parduotuv\u0117\",\"item\":\"https:\\\/\\\/kidsplay.lt\\\/parduotuve\\\/\"},{\"@type\":\"ListItem\",\"position\":3,\"name\":\"WOOPIE picos pjaustykli\u0173 rinkinys XL restoranui, 30 vnt.\"}]},{\"@type\":\"WebSite\",\"@id\":\"https:\\\/\\\/kidsplay.lt\\\/#website\",\"url\":\"https:\\\/\\\/kidsplay.lt\\\/\",\"name\":\"Kidsplay.lt\",\"description\":\"\u012evairios prek\u0117s vaikams\",\"publisher\":{\"@id\":\"https:\\\/\\\/kidsplay.lt\\\/#organization\"},\"alternateName\":\"Kidsplay\",\"potentialAction\":[{\"@type\":\"SearchAction\",\"target\":{\"@type\":\"EntryPoint\",\"urlTemplate\":\"https:\\\/\\\/kidsplay.lt\\\/?s={search_term_string}\"},\"query-input\":{\"@type\":\"PropertyValueSpecification\",\"valueRequired\":true,\"valueName\":\"search_term_string\"}}],\"inLanguage\":\"lv-LV\"},{\"@type\":\"Organization\",\"@id\":\"https:\\\/\\\/kidsplay.lt\\\/#organization\",\"name\":\"KidsPlay\",\"url\":\"https:\\\/\\\/kidsplay.lt\\\/\",\"logo\":{\"@type\":\"ImageObject\",\"inLanguage\":\"lv-LV\",\"@id\":\"https:\\\/\\\/kidsplay.lt\\\/#\\\/schema\\\/logo\\\/image\\\/\",\"url\":\"https:\\\/\\\/kidsplay.lt\\\/wp-content\\\/uploads\\\/2023\\\/07\\\/kidsplay-logo.png\",\"contentUrl\":\"https:\\\/\\\/kidsplay.lt\\\/wp-content\\\/uploads\\\/2023\\\/07\\\/kidsplay-logo.png\",\"width\":451,\"height\":98,\"caption\":\"KidsPlay\"},\"image\":{\"@id\":\"https:\\\/\\\/kidsplay.lt\\\/#\\\/schema\\\/logo\\\/image\\\/\"},\"sameAs\":[\"https:\\\/\\\/www.facebook.com\\\/www.kidsplay.lt\"]}]}<\/script>\n<!-- \/ Yoast SEO plugin. -->","yoast_head_json":{"title":"WOOPIE picos pjaustykli\u0173 rinkinys XL restoranui, 30 vnt.","description":"WOOPIE picos pjaustykli\u0173 rinkinys XL restoranui, 30 vnt. - KidsPlay. Did\u017eiausias vaik\u0173 \u017eaisl\u0173 pasirinkimas.","robots":{"index":"index","follow":"follow","max-snippet":"max-snippet:-1","max-image-preview":"max-image-preview:large","max-video-preview":"max-video-preview:-1"},"canonical":"https:\/\/kidsplay.lt\/lv\/products\/woopie-picos-pjaustykliu-rinkinys-xl-restoranui-30-vnt\/","og_locale":"lv_LV","og_type":"article","og_title":"WOOPIE picos pjaustykli\u0173 rinkinys XL restoranui, 30 vnt.","og_description":"WOOPIE picos pjaustykli\u0173 rinkinys XL restoranui, 30 vnt. - KidsPlay. Did\u017eiausias vaik\u0173 \u017eaisl\u0173 pasirinkimas.","og_url":"https:\/\/kidsplay.lt\/lv\/products\/woopie-picos-pjaustykliu-rinkinys-xl-restoranui-30-vnt\/","og_site_name":"KidsPlay","article_publisher":"https:\/\/www.facebook.com\/www.kidsplay.lt","article_modified_time":"2026-04-07T07:22:40+00:00","og_image":[{"width":1000,"height":1000,"url":"https:\/\/kidsplay.lt\/wp-content\/uploads\/2025\/10\/WOOPIE-picos-pjaustykliu-rinkinys-XL-restoranui-30-vnt.jpg","type":"image\/jpeg"}],"twitter_card":"summary_large_image","twitter_misc":{"Est. reading time":"1 min\u016bte"},"schema":{"@context":"https:\/\/schema.org","@graph":[{"@type":"WebPage","@id":"https:\/\/kidsplay.lt\/produktas\/woopie-picos-pjaustykliu-rinkinys-xl-restoranui-30-vnt\/","url":"https:\/\/kidsplay.lt\/produktas\/woopie-picos-pjaustykliu-rinkinys-xl-restoranui-30-vnt\/","name":"WOOPIE picos pjaustykli\u0173 rinkinys XL restoranui, 30 vnt.","isPartOf":{"@id":"https:\/\/kidsplay.lt\/#website"},"primaryImageOfPage":{"@id":"https:\/\/kidsplay.lt\/produktas\/woopie-picos-pjaustykliu-rinkinys-xl-restoranui-30-vnt\/#primaryimage"},"image":{"@id":"https:\/\/kidsplay.lt\/produktas\/woopie-picos-pjaustykliu-rinkinys-xl-restoranui-30-vnt\/#primaryimage"},"thumbnailUrl":"https:\/\/kidsplay.lt\/wp-content\/uploads\/2025\/10\/WOOPIE-picos-pjaustykliu-rinkinys-XL-restoranui-30-vnt.jpg","datePublished":"2026-02-26T07:07:09+00:00","dateModified":"2026-04-07T07:22:40+00:00","description":"WOOPIE picos pjaustykli\u0173 rinkinys XL restoranui, 30 vnt. - KidsPlay. Did\u017eiausias vaik\u0173 \u017eaisl\u0173 pasirinkimas.","breadcrumb":{"@id":"https:\/\/kidsplay.lt\/produktas\/woopie-picos-pjaustykliu-rinkinys-xl-restoranui-30-vnt\/#breadcrumb"},"inLanguage":"lv-LV","potentialAction":[{"@type":"ReadAction","target":["https:\/\/kidsplay.lt\/produktas\/woopie-picos-pjaustykliu-rinkinys-xl-restoranui-30-vnt\/"]}]},{"@type":"ImageObject","inLanguage":"lv-LV","@id":"https:\/\/kidsplay.lt\/produktas\/woopie-picos-pjaustykliu-rinkinys-xl-restoranui-30-vnt\/#primaryimage","url":"https:\/\/kidsplay.lt\/wp-content\/uploads\/2025\/10\/WOOPIE-picos-pjaustykliu-rinkinys-XL-restoranui-30-vnt.jpg","contentUrl":"https:\/\/kidsplay.lt\/wp-content\/uploads\/2025\/10\/WOOPIE-picos-pjaustykliu-rinkinys-XL-restoranui-30-vnt.jpg","width":1000,"height":1000,"caption":"WOOPIE picos pjaustykli\u0173 rinkinys XL restoranui"},{"@type":"BreadcrumbList","@id":"https:\/\/kidsplay.lt\/produktas\/woopie-picos-pjaustykliu-rinkinys-xl-restoranui-30-vnt\/#breadcrumb","itemListElement":[{"@type":"ListItem","position":1,"name":"Pagrindinis","item":"https:\/\/kidsplay.lt\/"},{"@type":"ListItem","position":2,"name":"Parduotuv\u0117","item":"https:\/\/kidsplay.lt\/parduotuve\/"},{"@type":"ListItem","position":3,"name":"WOOPIE picos pjaustykli\u0173 rinkinys XL restoranui, 30 vnt."}]},{"@type":"WebSite","@id":"https:\/\/kidsplay.lt\/#website","url":"https:\/\/kidsplay.lt\/","name":"B\u0113rnu sp\u0113les.lv","description":"\u012evairios prek\u0117s vaikams","publisher":{"@id":"https:\/\/kidsplay.lt\/#organization"},"alternateName":"Kidsplay","potentialAction":[{"@type":"SearchAction","target":{"@type":"EntryPoint","urlTemplate":"https:\/\/kidsplay.lt\/?s={search_term_string}"},"query-input":{"@type":"PropertyValueSpecification","valueRequired":true,"valueName":"search_term_string"}}],"inLanguage":"lv-LV"},{"@type":"Organization","@id":"https:\/\/kidsplay.lt\/#organization","name":"B\u0113rnu sp\u0113le","url":"https:\/\/kidsplay.lt\/","logo":{"@type":"ImageObject","inLanguage":"lv-LV","@id":"https:\/\/kidsplay.lt\/#\/schema\/logo\/image\/","url":"https:\/\/kidsplay.lt\/wp-content\/uploads\/2023\/07\/kidsplay-logo.png","contentUrl":"https:\/\/kidsplay.lt\/wp-content\/uploads\/2023\/07\/kidsplay-logo.png","width":451,"height":98,"caption":"KidsPlay"},"image":{"@id":"https:\/\/kidsplay.lt\/#\/schema\/logo\/image\/"},"sameAs":["https:\/\/www.facebook.com\/www.kidsplay.lt"]}]}},"_links":{"self":[{"href":"https:\/\/kidsplay.lt\/lv\/wp-json\/wp\/v2\/product\/89088","targetHints":{"allow":["GET"]}}],"collection":[{"href":"https:\/\/kidsplay.lt\/lv\/wp-json\/wp\/v2\/product"}],"about":[{"href":"https:\/\/kidsplay.lt\/lv\/wp-json\/wp\/v2\/types\/product"}],"version-history":[{"count":1,"href":"https:\/\/kidsplay.lt\/lv\/wp-json\/wp\/v2\/product\/89088\/revisions"}],"predecessor-version":[{"id":89089,"href":"https:\/\/kidsplay.lt\/lv\/wp-json\/wp\/v2\/product\/89088\/revisions\/89089"}],"wp:featuredmedia":[{"embeddable":true,"href":"https:\/\/kidsplay.lt\/lv\/wp-json\/wp\/v2\/media\/78850"}],"wp:attachment":[{"href":"https:\/\/kidsplay.lt\/lv\/wp-json\/wp\/v2\/media?parent=89088"}],"wp:term":[{"taxonomy":"product_brand","embeddable":true,"href":"https:\/\/kidsplay.lt\/lv\/wp-json\/wp\/v2\/product_brand?post=89088"},{"taxonomy":"product_cat","embeddable":true,"href":"https:\/\/kidsplay.lt\/lv\/wp-json\/wp\/v2\/product_cat?post=89088"},{"taxonomy":"product_tag","embeddable":true,"href":"https:\/\/kidsplay.lt\/lv\/wp-json\/wp\/v2\/product_tag?post=89088"}],"curies":[{"name":"wp","href":"https:\/\/api.w.org\/{rel}","templated":true}]}}