{"id":89094,"date":"2026-02-26T09:07:16","date_gmt":"2026-02-26T07:07:16","guid":{"rendered":"https:\/\/kidsplay.lt\/produktas\/classic-world-mediniai-automobiliai-policijos-ir-gaisrines-masinos-3-vnt-rinkinys\/"},"modified":"2026-04-13T14:44:02","modified_gmt":"2026-04-13T11:44:02","slug":"classic-world-mediniai-automobiliai-policijos-ir-gaisrines-masinos-3-vnt-rinkinys","status":"publish","type":"product","link":"https:\/\/kidsplay.lt\/lv\/products\/classic-world-mediniai-automobiliai-policijos-ir-gaisrines-masinos-3-vnt-rinkinys\/","title":{"rendered":"CLASSIC WORLD koka automa\u0161\u012bnas, policijas un ugunsdz\u0113s\u0113ju ma\u0161\u012bnas, 3 gab. komplekts"},"content":{"rendered":"<p>Supa\u017eindinkite savo vaik\u0105 su savivaldybi\u0173 paslaug\u0173 pasauliu su \u0161iuo stilingu\u00a0, \u0161e\u0161tojo de\u0161imtme\u010dio \u012fkv\u0117ptu\u00a0\u017eaislini\u0173 automobili\u0173 rinkiniu i\u0161\u00a0\u201eClassic World\u201c\u00a0. \u0160iame rinkinyje yra\u00a0trys klasikin\u0117s transporto priemon\u0117s\u00a0, kurias\u00a0taip pat galima naudoti traukini\u0173 b\u0117giais\u00a0! Tai puikus \u017eaislas bendram \u017eaidimui, lavinantis j\u016bs\u0173 vaiko vaizduot\u0119, motorinius \u012fg\u016bd\u017eius ir socialinius \u012fg\u016bd\u017eius.<\/p>\n<p>Rakstur\u012bgs:<\/p>\n<p> \t&#8211; Klasikinis dizainas, \u012fkv\u0117ptas 1950-\u0173j\u0173 retro stiliaus<br \/>\n \t&#8211; Su gele\u017einkelio b\u0117giais suderinamos transporto priemon\u0117s<br \/>\n \t&#8211; Pagaminta i\u0161 auk\u0161tos kokyb\u0117s medienos<br \/>\n \t&#8211; Judantys ratukai lengvam jud\u0117jimui<br \/>\n \t&#8211; Saug\u016bs, netoksi\u0161ki da\u017eai<\/p>\n<p>Komplekt\u0101 ietilpst:<\/p>\n<p> \t&#8211; Gaisrin\u0117 ma\u0161ina<br \/>\n \t&#8211; Policijos automobilis<br \/>\n \t&#8211; Automobili\u0173 ve\u017e\u0117jas<\/p>\n<p>Rota\u013clieta att\u012bst\u0101s:<\/p>\n<p> \t&#8211; Smulk\u016bs motoriniai \u012fg\u016bd\u017eiai<br \/>\n \t\u2013 Roku-acu koordin\u0101cija<br \/>\n \t&#8211; Vaizduot\u0117 ir k\u016brybi\u0161kumas<\/p>","protected":false},"excerpt":{"rendered":"<p>Supa\u017eindinkite savo vaik\u0105 su savivaldybi\u0173 paslaug\u0173 pasauliu su \u0161iuo stilingu\u00a0, \u0161e\u0161tojo de\u0161imtme\u010dio \u012fkv\u0117ptu\u00a0\u017eaislini\u0173 automobili\u0173 rinkiniu i\u0161\u00a0\u201eClassic World\u201c\u00a0. \u0160iame rinkinyje yra\u00a0trys<\/p>","protected":false},"featured_media":78866,"template":"","meta":{"_acf_changed":false,"_glsr_average":0,"_glsr_ranking":0,"_glsr_reviews":0},"product_brand":[],"product_cat":[891,883],"product_tag":[],"class_list":{"0":"post-89094","1":"product","2":"type-product","3":"status-publish","4":"has-post-thumbnail","6":"product_cat-medines-transporto-priemones","7":"product_cat-mediniai-zaislai-2","8":"\"style=\"background-color: #2ecc711c;\"","10":"first","11":"instock","12":"purchasable","13":"product-type-simple"},"acf":[],"yoast_head":"<!-- This site is optimized with the Yoast SEO plugin v27.4 - https:\/\/yoast.com\/product\/yoast-seo-wordpress\/ -->\n<title>CLASSIC WORLD mediniai automobiliai, policijos ir gaisrin\u0117s ma\u0161inos, 3 vnt. rinkinys<\/title>\n<meta name=\"description\" content=\"CLASSIC WORLD mediniai automobiliai, policijos ir gaisrin\u0117s ma\u0161inos, 3 vnt. rinkinys - KidsPlay. Did\u017eiausias vaik\u0173 \u017eaisl\u0173 pasirinkimas.\" \/>\n<meta name=\"robots\" content=\"index, follow, max-snippet:-1, max-image-preview:large, max-video-preview:-1\" \/>\n<link rel=\"canonical\" href=\"https:\/\/kidsplay.lt\/lv\/products\/classic-world-mediniai-automobiliai-policijos-ir-gaisrines-masinos-3-vnt-rinkinys\/\" \/>\n<meta property=\"og:locale\" content=\"lv_LV\" \/>\n<meta property=\"og:type\" content=\"article\" \/>\n<meta property=\"og:title\" content=\"CLASSIC WORLD mediniai automobiliai, policijos ir gaisrin\u0117s ma\u0161inos, 3 vnt. rinkinys\" \/>\n<meta property=\"og:description\" content=\"CLASSIC WORLD mediniai automobiliai, policijos ir gaisrin\u0117s ma\u0161inos, 3 vnt. rinkinys - KidsPlay. Did\u017eiausias vaik\u0173 \u017eaisl\u0173 pasirinkimas.\" \/>\n<meta property=\"og:url\" content=\"https:\/\/kidsplay.lt\/lv\/products\/classic-world-mediniai-automobiliai-policijos-ir-gaisrines-masinos-3-vnt-rinkinys\/\" \/>\n<meta property=\"og:site_name\" content=\"KidsPlay\" \/>\n<meta property=\"article:publisher\" content=\"https:\/\/www.facebook.com\/www.kidsplay.lt\" \/>\n<meta property=\"article:modified_time\" content=\"2026-04-13T11:44:02+00:00\" \/>\n<meta property=\"og:image\" content=\"https:\/\/kidsplay.lt\/wp-content\/uploads\/2025\/10\/CLASSIC-WORLD-mediniai-automobiliai-policijos-ir-gaisrines-masinos-3-vnt.-rinkinys.jpg\" \/>\n\t<meta property=\"og:image:width\" content=\"2500\" \/>\n\t<meta property=\"og:image:height\" content=\"2500\" \/>\n\t<meta property=\"og:image:type\" content=\"image\/jpeg\" \/>\n<meta name=\"twitter:card\" content=\"summary_large_image\" \/>\n<meta name=\"twitter:label1\" content=\"Est. reading time\" \/>\n\t<meta name=\"twitter:data1\" content=\"1 min\u016bte\" \/>\n<script type=\"application\/ld+json\" class=\"yoast-schema-graph\">{\"@context\":\"https:\\\/\\\/schema.org\",\"@graph\":[{\"@type\":\"WebPage\",\"@id\":\"https:\\\/\\\/kidsplay.lt\\\/produktas\\\/classic-world-mediniai-automobiliai-policijos-ir-gaisrines-masinos-3-vnt-rinkinys\\\/\",\"url\":\"https:\\\/\\\/kidsplay.lt\\\/produktas\\\/classic-world-mediniai-automobiliai-policijos-ir-gaisrines-masinos-3-vnt-rinkinys\\\/\",\"name\":\"CLASSIC WORLD mediniai automobiliai, policijos ir gaisrin\u0117s ma\u0161inos, 3 vnt. rinkinys\",\"isPartOf\":{\"@id\":\"https:\\\/\\\/kidsplay.lt\\\/#website\"},\"primaryImageOfPage\":{\"@id\":\"https:\\\/\\\/kidsplay.lt\\\/produktas\\\/classic-world-mediniai-automobiliai-policijos-ir-gaisrines-masinos-3-vnt-rinkinys\\\/#primaryimage\"},\"image\":{\"@id\":\"https:\\\/\\\/kidsplay.lt\\\/produktas\\\/classic-world-mediniai-automobiliai-policijos-ir-gaisrines-masinos-3-vnt-rinkinys\\\/#primaryimage\"},\"thumbnailUrl\":\"https:\\\/\\\/kidsplay.lt\\\/wp-content\\\/uploads\\\/2025\\\/10\\\/CLASSIC-WORLD-mediniai-automobiliai-policijos-ir-gaisrines-masinos-3-vnt.-rinkinys.jpg\",\"datePublished\":\"2026-02-26T07:07:16+00:00\",\"dateModified\":\"2026-04-13T11:44:02+00:00\",\"description\":\"CLASSIC WORLD mediniai automobiliai, policijos ir gaisrin\u0117s ma\u0161inos, 3 vnt. rinkinys - KidsPlay. Did\u017eiausias vaik\u0173 \u017eaisl\u0173 pasirinkimas.\",\"breadcrumb\":{\"@id\":\"https:\\\/\\\/kidsplay.lt\\\/produktas\\\/classic-world-mediniai-automobiliai-policijos-ir-gaisrines-masinos-3-vnt-rinkinys\\\/#breadcrumb\"},\"inLanguage\":\"lv-LV\",\"potentialAction\":[{\"@type\":\"ReadAction\",\"target\":[\"https:\\\/\\\/kidsplay.lt\\\/produktas\\\/classic-world-mediniai-automobiliai-policijos-ir-gaisrines-masinos-3-vnt-rinkinys\\\/\"]}]},{\"@type\":\"ImageObject\",\"inLanguage\":\"lv-LV\",\"@id\":\"https:\\\/\\\/kidsplay.lt\\\/produktas\\\/classic-world-mediniai-automobiliai-policijos-ir-gaisrines-masinos-3-vnt-rinkinys\\\/#primaryimage\",\"url\":\"https:\\\/\\\/kidsplay.lt\\\/wp-content\\\/uploads\\\/2025\\\/10\\\/CLASSIC-WORLD-mediniai-automobiliai-policijos-ir-gaisrines-masinos-3-vnt.-rinkinys.jpg\",\"contentUrl\":\"https:\\\/\\\/kidsplay.lt\\\/wp-content\\\/uploads\\\/2025\\\/10\\\/CLASSIC-WORLD-mediniai-automobiliai-policijos-ir-gaisrines-masinos-3-vnt.-rinkinys.jpg\",\"width\":2500,\"height\":2500,\"caption\":\"CLASSIC WORLD mediniai automobiliai\"},{\"@type\":\"BreadcrumbList\",\"@id\":\"https:\\\/\\\/kidsplay.lt\\\/produktas\\\/classic-world-mediniai-automobiliai-policijos-ir-gaisrines-masinos-3-vnt-rinkinys\\\/#breadcrumb\",\"itemListElement\":[{\"@type\":\"ListItem\",\"position\":1,\"name\":\"Pagrindinis\",\"item\":\"https:\\\/\\\/kidsplay.lt\\\/\"},{\"@type\":\"ListItem\",\"position\":2,\"name\":\"Parduotuv\u0117\",\"item\":\"https:\\\/\\\/kidsplay.lt\\\/parduotuve\\\/\"},{\"@type\":\"ListItem\",\"position\":3,\"name\":\"CLASSIC WORLD mediniai automobiliai, policijos ir gaisrin\u0117s ma\u0161inos, 3 vnt. rinkinys\"}]},{\"@type\":\"WebSite\",\"@id\":\"https:\\\/\\\/kidsplay.lt\\\/#website\",\"url\":\"https:\\\/\\\/kidsplay.lt\\\/\",\"name\":\"Kidsplay.lt\",\"description\":\"\u012evairios prek\u0117s vaikams\",\"publisher\":{\"@id\":\"https:\\\/\\\/kidsplay.lt\\\/#organization\"},\"alternateName\":\"Kidsplay\",\"potentialAction\":[{\"@type\":\"SearchAction\",\"target\":{\"@type\":\"EntryPoint\",\"urlTemplate\":\"https:\\\/\\\/kidsplay.lt\\\/?s={search_term_string}\"},\"query-input\":{\"@type\":\"PropertyValueSpecification\",\"valueRequired\":true,\"valueName\":\"search_term_string\"}}],\"inLanguage\":\"lv-LV\"},{\"@type\":\"Organization\",\"@id\":\"https:\\\/\\\/kidsplay.lt\\\/#organization\",\"name\":\"KidsPlay\",\"url\":\"https:\\\/\\\/kidsplay.lt\\\/\",\"logo\":{\"@type\":\"ImageObject\",\"inLanguage\":\"lv-LV\",\"@id\":\"https:\\\/\\\/kidsplay.lt\\\/#\\\/schema\\\/logo\\\/image\\\/\",\"url\":\"https:\\\/\\\/kidsplay.lt\\\/wp-content\\\/uploads\\\/2023\\\/07\\\/kidsplay-logo.png\",\"contentUrl\":\"https:\\\/\\\/kidsplay.lt\\\/wp-content\\\/uploads\\\/2023\\\/07\\\/kidsplay-logo.png\",\"width\":451,\"height\":98,\"caption\":\"KidsPlay\"},\"image\":{\"@id\":\"https:\\\/\\\/kidsplay.lt\\\/#\\\/schema\\\/logo\\\/image\\\/\"},\"sameAs\":[\"https:\\\/\\\/www.facebook.com\\\/www.kidsplay.lt\"]}]}<\/script>\n<!-- \/ Yoast SEO plugin. -->","yoast_head_json":{"title":"CLASSIC WORLD koka automa\u0161\u012bnas, policijas un ugunsdz\u0113s\u0113ju ma\u0161\u012bnas, 3 gab. komplekts","description":"CLASSIC WORLD mediniai automobiliai, policijos ir gaisrin\u0117s ma\u0161inos, 3 vnt. rinkinys - KidsPlay. Did\u017eiausias vaik\u0173 \u017eaisl\u0173 pasirinkimas.","robots":{"index":"index","follow":"follow","max-snippet":"max-snippet:-1","max-image-preview":"max-image-preview:large","max-video-preview":"max-video-preview:-1"},"canonical":"https:\/\/kidsplay.lt\/lv\/products\/classic-world-mediniai-automobiliai-policijos-ir-gaisrines-masinos-3-vnt-rinkinys\/","og_locale":"lv_LV","og_type":"article","og_title":"CLASSIC WORLD mediniai automobiliai, policijos ir gaisrin\u0117s ma\u0161inos, 3 vnt. rinkinys","og_description":"CLASSIC WORLD mediniai automobiliai, policijos ir gaisrin\u0117s ma\u0161inos, 3 vnt. rinkinys - KidsPlay. Did\u017eiausias vaik\u0173 \u017eaisl\u0173 pasirinkimas.","og_url":"https:\/\/kidsplay.lt\/lv\/products\/classic-world-mediniai-automobiliai-policijos-ir-gaisrines-masinos-3-vnt-rinkinys\/","og_site_name":"KidsPlay","article_publisher":"https:\/\/www.facebook.com\/www.kidsplay.lt","article_modified_time":"2026-04-13T11:44:02+00:00","og_image":[{"width":2500,"height":2500,"url":"https:\/\/kidsplay.lt\/wp-content\/uploads\/2025\/10\/CLASSIC-WORLD-mediniai-automobiliai-policijos-ir-gaisrines-masinos-3-vnt.-rinkinys.jpg","type":"image\/jpeg"}],"twitter_card":"summary_large_image","twitter_misc":{"Est. reading time":"1 min\u016bte"},"schema":{"@context":"https:\/\/schema.org","@graph":[{"@type":"WebPage","@id":"https:\/\/kidsplay.lt\/produktas\/classic-world-mediniai-automobiliai-policijos-ir-gaisrines-masinos-3-vnt-rinkinys\/","url":"https:\/\/kidsplay.lt\/produktas\/classic-world-mediniai-automobiliai-policijos-ir-gaisrines-masinos-3-vnt-rinkinys\/","name":"CLASSIC WORLD koka automa\u0161\u012bnas, policijas un ugunsdz\u0113s\u0113ju ma\u0161\u012bnas, 3 gab. komplekts","isPartOf":{"@id":"https:\/\/kidsplay.lt\/#website"},"primaryImageOfPage":{"@id":"https:\/\/kidsplay.lt\/produktas\/classic-world-mediniai-automobiliai-policijos-ir-gaisrines-masinos-3-vnt-rinkinys\/#primaryimage"},"image":{"@id":"https:\/\/kidsplay.lt\/produktas\/classic-world-mediniai-automobiliai-policijos-ir-gaisrines-masinos-3-vnt-rinkinys\/#primaryimage"},"thumbnailUrl":"https:\/\/kidsplay.lt\/wp-content\/uploads\/2025\/10\/CLASSIC-WORLD-mediniai-automobiliai-policijos-ir-gaisrines-masinos-3-vnt.-rinkinys.jpg","datePublished":"2026-02-26T07:07:16+00:00","dateModified":"2026-04-13T11:44:02+00:00","description":"CLASSIC WORLD mediniai automobiliai, policijos ir gaisrin\u0117s ma\u0161inos, 3 vnt. rinkinys - KidsPlay. Did\u017eiausias vaik\u0173 \u017eaisl\u0173 pasirinkimas.","breadcrumb":{"@id":"https:\/\/kidsplay.lt\/produktas\/classic-world-mediniai-automobiliai-policijos-ir-gaisrines-masinos-3-vnt-rinkinys\/#breadcrumb"},"inLanguage":"lv-LV","potentialAction":[{"@type":"ReadAction","target":["https:\/\/kidsplay.lt\/produktas\/classic-world-mediniai-automobiliai-policijos-ir-gaisrines-masinos-3-vnt-rinkinys\/"]}]},{"@type":"ImageObject","inLanguage":"lv-LV","@id":"https:\/\/kidsplay.lt\/produktas\/classic-world-mediniai-automobiliai-policijos-ir-gaisrines-masinos-3-vnt-rinkinys\/#primaryimage","url":"https:\/\/kidsplay.lt\/wp-content\/uploads\/2025\/10\/CLASSIC-WORLD-mediniai-automobiliai-policijos-ir-gaisrines-masinos-3-vnt.-rinkinys.jpg","contentUrl":"https:\/\/kidsplay.lt\/wp-content\/uploads\/2025\/10\/CLASSIC-WORLD-mediniai-automobiliai-policijos-ir-gaisrines-masinos-3-vnt.-rinkinys.jpg","width":2500,"height":2500,"caption":"CLASSIC WORLD mediniai automobiliai"},{"@type":"BreadcrumbList","@id":"https:\/\/kidsplay.lt\/produktas\/classic-world-mediniai-automobiliai-policijos-ir-gaisrines-masinos-3-vnt-rinkinys\/#breadcrumb","itemListElement":[{"@type":"ListItem","position":1,"name":"Pagrindinis","item":"https:\/\/kidsplay.lt\/"},{"@type":"ListItem","position":2,"name":"Parduotuv\u0117","item":"https:\/\/kidsplay.lt\/parduotuve\/"},{"@type":"ListItem","position":3,"name":"CLASSIC WORLD mediniai automobiliai, policijos ir gaisrin\u0117s ma\u0161inos, 3 vnt. rinkinys"}]},{"@type":"WebSite","@id":"https:\/\/kidsplay.lt\/#website","url":"https:\/\/kidsplay.lt\/","name":"B\u0113rnu sp\u0113les.lv","description":"\u012evairios prek\u0117s vaikams","publisher":{"@id":"https:\/\/kidsplay.lt\/#organization"},"alternateName":"Kidsplay","potentialAction":[{"@type":"SearchAction","target":{"@type":"EntryPoint","urlTemplate":"https:\/\/kidsplay.lt\/?s={search_term_string}"},"query-input":{"@type":"PropertyValueSpecification","valueRequired":true,"valueName":"search_term_string"}}],"inLanguage":"lv-LV"},{"@type":"Organization","@id":"https:\/\/kidsplay.lt\/#organization","name":"B\u0113rnu sp\u0113le","url":"https:\/\/kidsplay.lt\/","logo":{"@type":"ImageObject","inLanguage":"lv-LV","@id":"https:\/\/kidsplay.lt\/#\/schema\/logo\/image\/","url":"https:\/\/kidsplay.lt\/wp-content\/uploads\/2023\/07\/kidsplay-logo.png","contentUrl":"https:\/\/kidsplay.lt\/wp-content\/uploads\/2023\/07\/kidsplay-logo.png","width":451,"height":98,"caption":"KidsPlay"},"image":{"@id":"https:\/\/kidsplay.lt\/#\/schema\/logo\/image\/"},"sameAs":["https:\/\/www.facebook.com\/www.kidsplay.lt"]}]}},"_links":{"self":[{"href":"https:\/\/kidsplay.lt\/lv\/wp-json\/wp\/v2\/product\/89094","targetHints":{"allow":["GET"]}}],"collection":[{"href":"https:\/\/kidsplay.lt\/lv\/wp-json\/wp\/v2\/product"}],"about":[{"href":"https:\/\/kidsplay.lt\/lv\/wp-json\/wp\/v2\/types\/product"}],"version-history":[{"count":1,"href":"https:\/\/kidsplay.lt\/lv\/wp-json\/wp\/v2\/product\/89094\/revisions"}],"predecessor-version":[{"id":89095,"href":"https:\/\/kidsplay.lt\/lv\/wp-json\/wp\/v2\/product\/89094\/revisions\/89095"}],"wp:featuredmedia":[{"embeddable":true,"href":"https:\/\/kidsplay.lt\/lv\/wp-json\/wp\/v2\/media\/78866"}],"wp:attachment":[{"href":"https:\/\/kidsplay.lt\/lv\/wp-json\/wp\/v2\/media?parent=89094"}],"wp:term":[{"taxonomy":"product_brand","embeddable":true,"href":"https:\/\/kidsplay.lt\/lv\/wp-json\/wp\/v2\/product_brand?post=89094"},{"taxonomy":"product_cat","embeddable":true,"href":"https:\/\/kidsplay.lt\/lv\/wp-json\/wp\/v2\/product_cat?post=89094"},{"taxonomy":"product_tag","embeddable":true,"href":"https:\/\/kidsplay.lt\/lv\/wp-json\/wp\/v2\/product_tag?post=89094"}],"curies":[{"name":"wp","href":"https:\/\/api.w.org\/{rel}","templated":true}]}}