{"id":89096,"date":"2026-02-26T09:07:19","date_gmt":"2026-02-26T07:07:19","guid":{"rendered":"https:\/\/kidsplay.lt\/produktas\/classic-world-montessori-meskiuko-laikrodis\/"},"modified":"2026-04-07T10:22:53","modified_gmt":"2026-04-07T07:22:53","slug":"classic-world-montessori-meskiuko-laikrodis","status":"publish","type":"product","link":"https:\/\/kidsplay.lt\/lv\/products\/classic-world-montessori-meskiuko-laikrodis\/","title":{"rendered":"CLASSIC WORLD Montessori me\u0161kiuko laikrodis"},"content":{"rendered":"<p>\u0160is medinis me\u0161kiuko laikrodis i\u0161\u00a0\u00a0\u201eClassic World\u201c\u00a0yra universalus \u017eaislas, padedantis vaikams mokytis laiko, savait\u0117s dien\u0173 ir m\u0117nesi\u0173, taip pat atpa\u017einti spalvas ir formas. D\u0117l nuimam\u0173 kalad\u0117li\u0173 su skai\u010diais ir pavadinimais ma\u017eyliai gali lavinti aki\u0173 ir rank\u0173 koordinacij\u0105, login\u012f m\u0105stym\u0105 ir rank\u0173 miklum\u0105. Laikrodis skatina savaranki\u0161k\u0105 ir k\u016brybi\u0161k\u0105 \u017eaidim\u0105.<\/p>\n<p>Rakstur\u012bgs:<\/p>\n<p> \t&#8211; \u017daislas\u00a0skirtas nuo 2 met\u0173 am\u017eiaus<br \/>\n \t&#8211; 3 viename &#8211;\u00a0mokymosi laikas, skai\u010diai ir data (angl\u0173 kalba)<br \/>\n \t&#8211; \u017davus me\u0161kiuko dizainas pritraukia k\u016bdikio d\u0117mes\u012f<br \/>\n \t&#8211; Besisukan\u010dios laikrod\u017eio rodykl\u0117s valandoms mokytis<br \/>\n \t&#8211; Nuimami spalvingi \u012fvairi\u0173 form\u0173 skai\u010diai<br \/>\n \t&#8211; Papildomi elementai savait\u0117s dien\u0173, m\u0117nesi\u0173 ir skai\u010di\u0173 mokymuisi<br \/>\n \t&#8211; Pagaminta i\u0161 nat\u016bralios medienos, saugi vaikams<\/p>\n<p>Rota\u013clieta att\u012bst\u0101s:<\/p>\n<p> \t&#8211; Rank\u0173 ir aki\u0173 koordinacija<br \/>\n \t&#8211; Spalv\u0173 ir form\u0173 atpa\u017einimas<br \/>\n \t&#8211; Mokymosi skai\u010diai ir valandos<br \/>\n \t&#8211; Galimyb\u0117 derinti datas<br \/>\n \t&#8211; Loginio m\u0105stymo ir atminties lavinimas<\/p>","protected":false},"excerpt":{"rendered":"<p>\u0160is medinis me\u0161kiuko laikrodis i\u0161\u00a0\u00a0\u201eClassic World\u201c\u00a0yra universalus \u017eaislas, padedantis vaikams mokytis laiko, savait\u0117s dien\u0173 ir m\u0117nesi\u0173, taip pat atpa\u017einti spalvas<\/p>","protected":false},"featured_media":78876,"template":"","meta":{"_acf_changed":false,"_glsr_average":0,"_glsr_ranking":0,"_glsr_reviews":0},"product_brand":[],"product_cat":[884,883],"product_tag":[],"class_list":{"0":"post-89096","1":"product","2":"type-product","3":"status-publish","4":"has-post-thumbnail","6":"product_cat-edukaciniai-lavinamieji-mediniai-zaislai","7":"product_cat-mediniai-zaislai-2","8":"\"style=\"background-color: #2ecc711c;\"","10":"first","11":"instock","12":"purchasable","13":"product-type-simple"},"acf":[],"yoast_head":"<!-- This site is optimized with the Yoast SEO plugin v27.3 - https:\/\/yoast.com\/product\/yoast-seo-wordpress\/ -->\n<title>CLASSIC WORLD Montessori me\u0161kiuko laikrodis<\/title>\n<meta name=\"description\" content=\"CLASSIC WORLD Montessori me\u0161kiuko laikrodis - KidsPlay. Did\u017eiausias vaik\u0173 \u017eaisl\u0173 pasirinkimas.\" \/>\n<meta name=\"robots\" content=\"index, follow, max-snippet:-1, max-image-preview:large, max-video-preview:-1\" \/>\n<link rel=\"canonical\" href=\"https:\/\/kidsplay.lt\/lv\/products\/classic-world-montessori-meskiuko-laikrodis\/\" \/>\n<meta property=\"og:locale\" content=\"lv_LV\" \/>\n<meta property=\"og:type\" content=\"article\" \/>\n<meta property=\"og:title\" content=\"CLASSIC WORLD Montessori me\u0161kiuko laikrodis\" \/>\n<meta property=\"og:description\" content=\"CLASSIC WORLD Montessori me\u0161kiuko laikrodis - KidsPlay. Did\u017eiausias vaik\u0173 \u017eaisl\u0173 pasirinkimas.\" \/>\n<meta property=\"og:url\" content=\"https:\/\/kidsplay.lt\/lv\/products\/classic-world-montessori-meskiuko-laikrodis\/\" \/>\n<meta property=\"og:site_name\" content=\"KidsPlay\" \/>\n<meta property=\"article:publisher\" content=\"https:\/\/www.facebook.com\/www.kidsplay.lt\" \/>\n<meta property=\"article:modified_time\" content=\"2026-04-07T07:22:53+00:00\" \/>\n<meta property=\"og:image\" content=\"https:\/\/kidsplay.lt\/wp-content\/uploads\/2025\/10\/CLASSIC-WORLD-Montessori-meskiuko-laikrodis.jpg\" \/>\n\t<meta property=\"og:image:width\" content=\"2500\" \/>\n\t<meta property=\"og:image:height\" content=\"2500\" \/>\n\t<meta property=\"og:image:type\" content=\"image\/jpeg\" \/>\n<meta name=\"twitter:card\" content=\"summary_large_image\" \/>\n<meta name=\"twitter:label1\" content=\"Est. reading time\" \/>\n\t<meta name=\"twitter:data1\" content=\"1 min\u016bte\" \/>\n<script type=\"application\/ld+json\" class=\"yoast-schema-graph\">{\"@context\":\"https:\\\/\\\/schema.org\",\"@graph\":[{\"@type\":\"WebPage\",\"@id\":\"https:\\\/\\\/kidsplay.lt\\\/produktas\\\/classic-world-montessori-meskiuko-laikrodis\\\/\",\"url\":\"https:\\\/\\\/kidsplay.lt\\\/produktas\\\/classic-world-montessori-meskiuko-laikrodis\\\/\",\"name\":\"CLASSIC WORLD Montessori me\u0161kiuko laikrodis\",\"isPartOf\":{\"@id\":\"https:\\\/\\\/kidsplay.lt\\\/#website\"},\"primaryImageOfPage\":{\"@id\":\"https:\\\/\\\/kidsplay.lt\\\/produktas\\\/classic-world-montessori-meskiuko-laikrodis\\\/#primaryimage\"},\"image\":{\"@id\":\"https:\\\/\\\/kidsplay.lt\\\/produktas\\\/classic-world-montessori-meskiuko-laikrodis\\\/#primaryimage\"},\"thumbnailUrl\":\"https:\\\/\\\/kidsplay.lt\\\/wp-content\\\/uploads\\\/2025\\\/10\\\/CLASSIC-WORLD-Montessori-meskiuko-laikrodis.jpg\",\"datePublished\":\"2026-02-26T07:07:19+00:00\",\"dateModified\":\"2026-04-07T07:22:53+00:00\",\"description\":\"CLASSIC WORLD Montessori me\u0161kiuko laikrodis - KidsPlay. Did\u017eiausias vaik\u0173 \u017eaisl\u0173 pasirinkimas.\",\"breadcrumb\":{\"@id\":\"https:\\\/\\\/kidsplay.lt\\\/produktas\\\/classic-world-montessori-meskiuko-laikrodis\\\/#breadcrumb\"},\"inLanguage\":\"lv-LV\",\"potentialAction\":[{\"@type\":\"ReadAction\",\"target\":[\"https:\\\/\\\/kidsplay.lt\\\/produktas\\\/classic-world-montessori-meskiuko-laikrodis\\\/\"]}]},{\"@type\":\"ImageObject\",\"inLanguage\":\"lv-LV\",\"@id\":\"https:\\\/\\\/kidsplay.lt\\\/produktas\\\/classic-world-montessori-meskiuko-laikrodis\\\/#primaryimage\",\"url\":\"https:\\\/\\\/kidsplay.lt\\\/wp-content\\\/uploads\\\/2025\\\/10\\\/CLASSIC-WORLD-Montessori-meskiuko-laikrodis.jpg\",\"contentUrl\":\"https:\\\/\\\/kidsplay.lt\\\/wp-content\\\/uploads\\\/2025\\\/10\\\/CLASSIC-WORLD-Montessori-meskiuko-laikrodis.jpg\",\"width\":2500,\"height\":2500,\"caption\":\"CLASSIC WORLD Montessori me\u0161kiuko laikrodis\"},{\"@type\":\"BreadcrumbList\",\"@id\":\"https:\\\/\\\/kidsplay.lt\\\/produktas\\\/classic-world-montessori-meskiuko-laikrodis\\\/#breadcrumb\",\"itemListElement\":[{\"@type\":\"ListItem\",\"position\":1,\"name\":\"Pagrindinis\",\"item\":\"https:\\\/\\\/kidsplay.lt\\\/\"},{\"@type\":\"ListItem\",\"position\":2,\"name\":\"Parduotuv\u0117\",\"item\":\"https:\\\/\\\/kidsplay.lt\\\/parduotuve\\\/\"},{\"@type\":\"ListItem\",\"position\":3,\"name\":\"CLASSIC WORLD Montessori me\u0161kiuko laikrodis\"}]},{\"@type\":\"WebSite\",\"@id\":\"https:\\\/\\\/kidsplay.lt\\\/#website\",\"url\":\"https:\\\/\\\/kidsplay.lt\\\/\",\"name\":\"Kidsplay.lt\",\"description\":\"\u012evairios prek\u0117s vaikams\",\"publisher\":{\"@id\":\"https:\\\/\\\/kidsplay.lt\\\/#organization\"},\"alternateName\":\"Kidsplay\",\"potentialAction\":[{\"@type\":\"SearchAction\",\"target\":{\"@type\":\"EntryPoint\",\"urlTemplate\":\"https:\\\/\\\/kidsplay.lt\\\/?s={search_term_string}\"},\"query-input\":{\"@type\":\"PropertyValueSpecification\",\"valueRequired\":true,\"valueName\":\"search_term_string\"}}],\"inLanguage\":\"lv-LV\"},{\"@type\":\"Organization\",\"@id\":\"https:\\\/\\\/kidsplay.lt\\\/#organization\",\"name\":\"KidsPlay\",\"url\":\"https:\\\/\\\/kidsplay.lt\\\/\",\"logo\":{\"@type\":\"ImageObject\",\"inLanguage\":\"lv-LV\",\"@id\":\"https:\\\/\\\/kidsplay.lt\\\/#\\\/schema\\\/logo\\\/image\\\/\",\"url\":\"https:\\\/\\\/kidsplay.lt\\\/wp-content\\\/uploads\\\/2023\\\/07\\\/kidsplay-logo.png\",\"contentUrl\":\"https:\\\/\\\/kidsplay.lt\\\/wp-content\\\/uploads\\\/2023\\\/07\\\/kidsplay-logo.png\",\"width\":451,\"height\":98,\"caption\":\"KidsPlay\"},\"image\":{\"@id\":\"https:\\\/\\\/kidsplay.lt\\\/#\\\/schema\\\/logo\\\/image\\\/\"},\"sameAs\":[\"https:\\\/\\\/www.facebook.com\\\/www.kidsplay.lt\"]}]}<\/script>\n<!-- \/ Yoast SEO plugin. -->","yoast_head_json":{"title":"CLASSIC WORLD Montessori me\u0161kiuko laikrodis","description":"CLASSIC WORLD Montessori me\u0161kiuko laikrodis - KidsPlay. Did\u017eiausias vaik\u0173 \u017eaisl\u0173 pasirinkimas.","robots":{"index":"index","follow":"follow","max-snippet":"max-snippet:-1","max-image-preview":"max-image-preview:large","max-video-preview":"max-video-preview:-1"},"canonical":"https:\/\/kidsplay.lt\/lv\/products\/classic-world-montessori-meskiuko-laikrodis\/","og_locale":"lv_LV","og_type":"article","og_title":"CLASSIC WORLD Montessori me\u0161kiuko laikrodis","og_description":"CLASSIC WORLD Montessori me\u0161kiuko laikrodis - KidsPlay. Did\u017eiausias vaik\u0173 \u017eaisl\u0173 pasirinkimas.","og_url":"https:\/\/kidsplay.lt\/lv\/products\/classic-world-montessori-meskiuko-laikrodis\/","og_site_name":"KidsPlay","article_publisher":"https:\/\/www.facebook.com\/www.kidsplay.lt","article_modified_time":"2026-04-07T07:22:53+00:00","og_image":[{"width":2500,"height":2500,"url":"https:\/\/kidsplay.lt\/wp-content\/uploads\/2025\/10\/CLASSIC-WORLD-Montessori-meskiuko-laikrodis.jpg","type":"image\/jpeg"}],"twitter_card":"summary_large_image","twitter_misc":{"Est. reading time":"1 min\u016bte"},"schema":{"@context":"https:\/\/schema.org","@graph":[{"@type":"WebPage","@id":"https:\/\/kidsplay.lt\/produktas\/classic-world-montessori-meskiuko-laikrodis\/","url":"https:\/\/kidsplay.lt\/produktas\/classic-world-montessori-meskiuko-laikrodis\/","name":"CLASSIC WORLD Montessori me\u0161kiuko laikrodis","isPartOf":{"@id":"https:\/\/kidsplay.lt\/#website"},"primaryImageOfPage":{"@id":"https:\/\/kidsplay.lt\/produktas\/classic-world-montessori-meskiuko-laikrodis\/#primaryimage"},"image":{"@id":"https:\/\/kidsplay.lt\/produktas\/classic-world-montessori-meskiuko-laikrodis\/#primaryimage"},"thumbnailUrl":"https:\/\/kidsplay.lt\/wp-content\/uploads\/2025\/10\/CLASSIC-WORLD-Montessori-meskiuko-laikrodis.jpg","datePublished":"2026-02-26T07:07:19+00:00","dateModified":"2026-04-07T07:22:53+00:00","description":"CLASSIC WORLD Montessori me\u0161kiuko laikrodis - KidsPlay. Did\u017eiausias vaik\u0173 \u017eaisl\u0173 pasirinkimas.","breadcrumb":{"@id":"https:\/\/kidsplay.lt\/produktas\/classic-world-montessori-meskiuko-laikrodis\/#breadcrumb"},"inLanguage":"lv-LV","potentialAction":[{"@type":"ReadAction","target":["https:\/\/kidsplay.lt\/produktas\/classic-world-montessori-meskiuko-laikrodis\/"]}]},{"@type":"ImageObject","inLanguage":"lv-LV","@id":"https:\/\/kidsplay.lt\/produktas\/classic-world-montessori-meskiuko-laikrodis\/#primaryimage","url":"https:\/\/kidsplay.lt\/wp-content\/uploads\/2025\/10\/CLASSIC-WORLD-Montessori-meskiuko-laikrodis.jpg","contentUrl":"https:\/\/kidsplay.lt\/wp-content\/uploads\/2025\/10\/CLASSIC-WORLD-Montessori-meskiuko-laikrodis.jpg","width":2500,"height":2500,"caption":"CLASSIC WORLD Montessori me\u0161kiuko laikrodis"},{"@type":"BreadcrumbList","@id":"https:\/\/kidsplay.lt\/produktas\/classic-world-montessori-meskiuko-laikrodis\/#breadcrumb","itemListElement":[{"@type":"ListItem","position":1,"name":"Pagrindinis","item":"https:\/\/kidsplay.lt\/"},{"@type":"ListItem","position":2,"name":"Parduotuv\u0117","item":"https:\/\/kidsplay.lt\/parduotuve\/"},{"@type":"ListItem","position":3,"name":"CLASSIC WORLD Montessori me\u0161kiuko laikrodis"}]},{"@type":"WebSite","@id":"https:\/\/kidsplay.lt\/#website","url":"https:\/\/kidsplay.lt\/","name":"B\u0113rnu sp\u0113les.lv","description":"\u012evairios prek\u0117s vaikams","publisher":{"@id":"https:\/\/kidsplay.lt\/#organization"},"alternateName":"Kidsplay","potentialAction":[{"@type":"SearchAction","target":{"@type":"EntryPoint","urlTemplate":"https:\/\/kidsplay.lt\/?s={search_term_string}"},"query-input":{"@type":"PropertyValueSpecification","valueRequired":true,"valueName":"search_term_string"}}],"inLanguage":"lv-LV"},{"@type":"Organization","@id":"https:\/\/kidsplay.lt\/#organization","name":"B\u0113rnu sp\u0113le","url":"https:\/\/kidsplay.lt\/","logo":{"@type":"ImageObject","inLanguage":"lv-LV","@id":"https:\/\/kidsplay.lt\/#\/schema\/logo\/image\/","url":"https:\/\/kidsplay.lt\/wp-content\/uploads\/2023\/07\/kidsplay-logo.png","contentUrl":"https:\/\/kidsplay.lt\/wp-content\/uploads\/2023\/07\/kidsplay-logo.png","width":451,"height":98,"caption":"KidsPlay"},"image":{"@id":"https:\/\/kidsplay.lt\/#\/schema\/logo\/image\/"},"sameAs":["https:\/\/www.facebook.com\/www.kidsplay.lt"]}]}},"_links":{"self":[{"href":"https:\/\/kidsplay.lt\/lv\/wp-json\/wp\/v2\/product\/89096","targetHints":{"allow":["GET"]}}],"collection":[{"href":"https:\/\/kidsplay.lt\/lv\/wp-json\/wp\/v2\/product"}],"about":[{"href":"https:\/\/kidsplay.lt\/lv\/wp-json\/wp\/v2\/types\/product"}],"version-history":[{"count":1,"href":"https:\/\/kidsplay.lt\/lv\/wp-json\/wp\/v2\/product\/89096\/revisions"}],"predecessor-version":[{"id":89097,"href":"https:\/\/kidsplay.lt\/lv\/wp-json\/wp\/v2\/product\/89096\/revisions\/89097"}],"wp:featuredmedia":[{"embeddable":true,"href":"https:\/\/kidsplay.lt\/lv\/wp-json\/wp\/v2\/media\/78876"}],"wp:attachment":[{"href":"https:\/\/kidsplay.lt\/lv\/wp-json\/wp\/v2\/media?parent=89096"}],"wp:term":[{"taxonomy":"product_brand","embeddable":true,"href":"https:\/\/kidsplay.lt\/lv\/wp-json\/wp\/v2\/product_brand?post=89096"},{"taxonomy":"product_cat","embeddable":true,"href":"https:\/\/kidsplay.lt\/lv\/wp-json\/wp\/v2\/product_cat?post=89096"},{"taxonomy":"product_tag","embeddable":true,"href":"https:\/\/kidsplay.lt\/lv\/wp-json\/wp\/v2\/product_tag?post=89096"}],"curies":[{"name":"wp","href":"https:\/\/api.w.org\/{rel}","templated":true}]}}