{"id":89106,"date":"2026-02-26T09:07:35","date_gmt":"2026-02-26T07:07:35","guid":{"rendered":"https:\/\/kidsplay.lt\/produktas\/feber-sodo-namelis-vaikams-hello-kitty\/"},"modified":"2026-04-07T10:23:06","modified_gmt":"2026-04-07T07:23:06","slug":"feber-sodo-namelis-vaikams-hello-kitty","status":"publish","type":"product","link":"https:\/\/kidsplay.lt\/lv\/products\/feber-sodo-namelis-vaikams-hello-kitty\/","title":{"rendered":"FEBER sodo namelis vaikams HELLO KITTY"},"content":{"rendered":"<p>\u201eHello Kitty\u201c namelis vaikams \u2013 pasaki\u0161kos pramogos gryname ore.<br \/>\nAtraskite\u00a0\u017eaving\u0105 \u201eHello Kitty\u201c namel\u012f\u00a0i\u0161\u00a0\u201eFEBER\u201c\u00a0\u2013 tobul\u0105 \u017eaidim\u0173 erdv\u0119 visiems ma\u017eiesiems tyrin\u0117tojams nuo 2 iki 6 met\u0173.<\/p>\n<p>\u0160is\u00a0\u017eavingas\u00a0pastelin\u0117s ro\u017ein\u0117s spalvos namelis su tamsiai \u017ealiu stogu yra tikra\u00a0d\u017eiaugsmo karalyst\u0117!\u00a0M\u016bs\u0173\u00a0nepakei\u010diama \u201eHello Kitty\u201c paruo\u0161\u0117 ka\u017ek\u0105 i\u0161ties ypatingo\u00a0\u2013 ji papuo\u0161\u0117 namel\u012f savo m\u0117gstamiausiais motyvais, kad kiekvienas vaikas gal\u0117t\u0173 pasijusti lyg pasakoje. Ant sien\u0173 rasite miel\u0173 g\u0117li\u0173 ir \u201eHello Kitty\u201c paveiksl\u0117li\u0173, kurie i\u0161 pirmo \u017evilgsnio privers nusi\u0161ypsoti.<br \/>\nRakstur\u012bgs:<\/p>\n<p> \t&#8211;\u00a0Vaikams\u00a0nuo 2 iki 6 met\u0173<br \/>\n \t&#8211;\u00a0\u012e\u0117jimo durys\u00a0atsidaro\u00a0, tod\u0117l vaikai gali\u00a0laisvai \u012feiti ir i\u0161eiti\u00a0\u017eaisdami<br \/>\n \t&#8211;\u00a0Langai\u00a0leid\u017eia vaikui \u017ei\u016br\u0117ti \u012f kiem\u0105<br \/>\n \t&#8211;\u00a0D\u0117l\u00a0anti-UV\u00a0dangos namas yra\u00a0atsparus saul\u0117s spinduliams\u00a0\u2013 spalvos nei\u0161blunka, o med\u017eiaga ilgai i\u0161laiko savo patvarum\u0105<br \/>\n \t&#8211;\u00a0\u00a0Tinka naudoti tiek viduje, tiek lauke<br \/>\n \t&#8211;\u00a0Tvirta ir stabili konstrukcija\u00a0, atspari intensyviam \u017eaidimui<br \/>\n \t&#8211;\u00a0Lengvas surinkimas\u00a0\u2013 paruo\u0161tas \u017eaisti akimirksniu<\/p>\n<p>Rota\u013clieta att\u012bst\u0101s:<\/p>\n<p> \t&#8211;\u00a0K\u016brybi\u0161kumas ir vaizduot\u0117\u00a0\u2013 savo scen\u0173 ir vaidmen\u0173 k\u016brimas<br \/>\n \t&#8211;\u00a0Socialiniai \u012fg\u016bd\u017eiai\u00a0\u2013 grupinis \u017eaidimas, erdv\u0117s dalijimasis<br \/>\n \t&#8211;\u00a0Jud\u0117jimo ir motoriniai \u012fg\u016bd\u017eiai\u00a0\u2013 \u012f\u0117jimas, i\u0161\u0117jimas, dur\u0173 ir lang\u0173 atidarymas<br \/>\n \t&#8211;\u00a0Savaranki\u0161kumas\u00a0\u2013 mokymasis organizuoti savo \u017eaidim\u0173 erdv\u0119<\/p>","protected":false},"excerpt":{"rendered":"<p>\u201eHello Kitty\u201c namelis vaikams \u2013 pasaki\u0161kos pramogos gryname ore. Atraskite\u00a0\u017eaving\u0105 \u201eHello Kitty\u201c namel\u012f\u00a0i\u0161\u00a0\u201eFEBER\u201c\u00a0\u2013 tobul\u0105 \u017eaidim\u0173 erdv\u0119 visiems ma\u017eiesiems tyrin\u0117tojams nuo<\/p>","protected":false},"featured_media":63293,"template":"","meta":{"_acf_changed":false,"_glsr_average":0,"_glsr_ranking":0,"_glsr_reviews":0},"product_brand":[],"product_cat":[233,234],"product_tag":[],"class_list":{"0":"post-89106","1":"product","2":"type-product","3":"status-publish","4":"has-post-thumbnail","6":"product_cat-lauko-pramogos","7":"product_cat-vaikiski-nameliai","8":"\"style=\"background-color: #2ecc711c;\"","10":"first","11":"instock","12":"purchasable","13":"product-type-simple"},"acf":[],"yoast_head":"<!-- This site is optimized with the Yoast SEO plugin v27.3 - https:\/\/yoast.com\/product\/yoast-seo-wordpress\/ -->\n<title>FEBER sodo namelis vaikams HELLO KITTY<\/title>\n<meta name=\"description\" content=\"FEBER sodo namelis vaikams HELLO KITTY - KidsPlay. Did\u017eiausias vaik\u0173 \u017eaisl\u0173 pasirinkimas.\" \/>\n<meta name=\"robots\" content=\"index, follow, max-snippet:-1, max-image-preview:large, max-video-preview:-1\" \/>\n<link rel=\"canonical\" href=\"https:\/\/kidsplay.lt\/lv\/products\/feber-sodo-namelis-vaikams-hello-kitty\/\" \/>\n<meta property=\"og:locale\" content=\"lv_LV\" \/>\n<meta property=\"og:type\" content=\"article\" \/>\n<meta property=\"og:title\" content=\"FEBER sodo namelis vaikams HELLO KITTY\" \/>\n<meta property=\"og:description\" content=\"FEBER sodo namelis vaikams HELLO KITTY - KidsPlay. Did\u017eiausias vaik\u0173 \u017eaisl\u0173 pasirinkimas.\" \/>\n<meta property=\"og:url\" content=\"https:\/\/kidsplay.lt\/lv\/products\/feber-sodo-namelis-vaikams-hello-kitty\/\" \/>\n<meta property=\"og:site_name\" content=\"KidsPlay\" \/>\n<meta property=\"article:publisher\" content=\"https:\/\/www.facebook.com\/www.kidsplay.lt\" \/>\n<meta property=\"article:modified_time\" content=\"2026-04-07T07:23:06+00:00\" \/>\n<meta property=\"og:image\" content=\"https:\/\/kidsplay.lt\/wp-content\/uploads\/2025\/09\/FEBER-sodo-namelis-vaikams-HELLO-KITTY.jpg\" \/>\n\t<meta property=\"og:image:width\" content=\"1000\" \/>\n\t<meta property=\"og:image:height\" content=\"1000\" \/>\n\t<meta property=\"og:image:type\" content=\"image\/jpeg\" \/>\n<meta name=\"twitter:card\" content=\"summary_large_image\" \/>\n<meta name=\"twitter:label1\" content=\"Est. reading time\" \/>\n\t<meta name=\"twitter:data1\" content=\"1 min\u016bte\" \/>\n<script type=\"application\/ld+json\" class=\"yoast-schema-graph\">{\"@context\":\"https:\\\/\\\/schema.org\",\"@graph\":[{\"@type\":\"WebPage\",\"@id\":\"https:\\\/\\\/kidsplay.lt\\\/produktas\\\/feber-sodo-namelis-vaikams-hello-kitty\\\/\",\"url\":\"https:\\\/\\\/kidsplay.lt\\\/produktas\\\/feber-sodo-namelis-vaikams-hello-kitty\\\/\",\"name\":\"FEBER sodo namelis vaikams HELLO KITTY\",\"isPartOf\":{\"@id\":\"https:\\\/\\\/kidsplay.lt\\\/#website\"},\"primaryImageOfPage\":{\"@id\":\"https:\\\/\\\/kidsplay.lt\\\/produktas\\\/feber-sodo-namelis-vaikams-hello-kitty\\\/#primaryimage\"},\"image\":{\"@id\":\"https:\\\/\\\/kidsplay.lt\\\/produktas\\\/feber-sodo-namelis-vaikams-hello-kitty\\\/#primaryimage\"},\"thumbnailUrl\":\"https:\\\/\\\/kidsplay.lt\\\/wp-content\\\/uploads\\\/2025\\\/09\\\/FEBER-sodo-namelis-vaikams-HELLO-KITTY.jpg\",\"datePublished\":\"2026-02-26T07:07:35+00:00\",\"dateModified\":\"2026-04-07T07:23:06+00:00\",\"description\":\"FEBER sodo namelis vaikams HELLO KITTY - KidsPlay. Did\u017eiausias vaik\u0173 \u017eaisl\u0173 pasirinkimas.\",\"breadcrumb\":{\"@id\":\"https:\\\/\\\/kidsplay.lt\\\/produktas\\\/feber-sodo-namelis-vaikams-hello-kitty\\\/#breadcrumb\"},\"inLanguage\":\"lv-LV\",\"potentialAction\":[{\"@type\":\"ReadAction\",\"target\":[\"https:\\\/\\\/kidsplay.lt\\\/produktas\\\/feber-sodo-namelis-vaikams-hello-kitty\\\/\"]}]},{\"@type\":\"ImageObject\",\"inLanguage\":\"lv-LV\",\"@id\":\"https:\\\/\\\/kidsplay.lt\\\/produktas\\\/feber-sodo-namelis-vaikams-hello-kitty\\\/#primaryimage\",\"url\":\"https:\\\/\\\/kidsplay.lt\\\/wp-content\\\/uploads\\\/2025\\\/09\\\/FEBER-sodo-namelis-vaikams-HELLO-KITTY.jpg\",\"contentUrl\":\"https:\\\/\\\/kidsplay.lt\\\/wp-content\\\/uploads\\\/2025\\\/09\\\/FEBER-sodo-namelis-vaikams-HELLO-KITTY.jpg\",\"width\":1000,\"height\":1000,\"caption\":\"FEBER sodo namelis vaikams HELLO KITTY\"},{\"@type\":\"BreadcrumbList\",\"@id\":\"https:\\\/\\\/kidsplay.lt\\\/produktas\\\/feber-sodo-namelis-vaikams-hello-kitty\\\/#breadcrumb\",\"itemListElement\":[{\"@type\":\"ListItem\",\"position\":1,\"name\":\"Pagrindinis\",\"item\":\"https:\\\/\\\/kidsplay.lt\\\/\"},{\"@type\":\"ListItem\",\"position\":2,\"name\":\"Parduotuv\u0117\",\"item\":\"https:\\\/\\\/kidsplay.lt\\\/parduotuve\\\/\"},{\"@type\":\"ListItem\",\"position\":3,\"name\":\"FEBER sodo namelis vaikams HELLO KITTY\"}]},{\"@type\":\"WebSite\",\"@id\":\"https:\\\/\\\/kidsplay.lt\\\/#website\",\"url\":\"https:\\\/\\\/kidsplay.lt\\\/\",\"name\":\"Kidsplay.lt\",\"description\":\"\u012evairios prek\u0117s vaikams\",\"publisher\":{\"@id\":\"https:\\\/\\\/kidsplay.lt\\\/#organization\"},\"alternateName\":\"Kidsplay\",\"potentialAction\":[{\"@type\":\"SearchAction\",\"target\":{\"@type\":\"EntryPoint\",\"urlTemplate\":\"https:\\\/\\\/kidsplay.lt\\\/?s={search_term_string}\"},\"query-input\":{\"@type\":\"PropertyValueSpecification\",\"valueRequired\":true,\"valueName\":\"search_term_string\"}}],\"inLanguage\":\"lv-LV\"},{\"@type\":\"Organization\",\"@id\":\"https:\\\/\\\/kidsplay.lt\\\/#organization\",\"name\":\"KidsPlay\",\"url\":\"https:\\\/\\\/kidsplay.lt\\\/\",\"logo\":{\"@type\":\"ImageObject\",\"inLanguage\":\"lv-LV\",\"@id\":\"https:\\\/\\\/kidsplay.lt\\\/#\\\/schema\\\/logo\\\/image\\\/\",\"url\":\"https:\\\/\\\/kidsplay.lt\\\/wp-content\\\/uploads\\\/2023\\\/07\\\/kidsplay-logo.png\",\"contentUrl\":\"https:\\\/\\\/kidsplay.lt\\\/wp-content\\\/uploads\\\/2023\\\/07\\\/kidsplay-logo.png\",\"width\":451,\"height\":98,\"caption\":\"KidsPlay\"},\"image\":{\"@id\":\"https:\\\/\\\/kidsplay.lt\\\/#\\\/schema\\\/logo\\\/image\\\/\"},\"sameAs\":[\"https:\\\/\\\/www.facebook.com\\\/www.kidsplay.lt\"]}]}<\/script>\n<!-- \/ Yoast SEO plugin. -->","yoast_head_json":{"title":"FEBER sodo namelis vaikams HELLO KITTY","description":"FEBER sodo namelis vaikams HELLO KITTY - KidsPlay. Did\u017eiausias vaik\u0173 \u017eaisl\u0173 pasirinkimas.","robots":{"index":"index","follow":"follow","max-snippet":"max-snippet:-1","max-image-preview":"max-image-preview:large","max-video-preview":"max-video-preview:-1"},"canonical":"https:\/\/kidsplay.lt\/lv\/products\/feber-sodo-namelis-vaikams-hello-kitty\/","og_locale":"lv_LV","og_type":"article","og_title":"FEBER sodo namelis vaikams HELLO KITTY","og_description":"FEBER sodo namelis vaikams HELLO KITTY - KidsPlay. Did\u017eiausias vaik\u0173 \u017eaisl\u0173 pasirinkimas.","og_url":"https:\/\/kidsplay.lt\/lv\/products\/feber-sodo-namelis-vaikams-hello-kitty\/","og_site_name":"KidsPlay","article_publisher":"https:\/\/www.facebook.com\/www.kidsplay.lt","article_modified_time":"2026-04-07T07:23:06+00:00","og_image":[{"width":1000,"height":1000,"url":"https:\/\/kidsplay.lt\/wp-content\/uploads\/2025\/09\/FEBER-sodo-namelis-vaikams-HELLO-KITTY.jpg","type":"image\/jpeg"}],"twitter_card":"summary_large_image","twitter_misc":{"Est. reading time":"1 min\u016bte"},"schema":{"@context":"https:\/\/schema.org","@graph":[{"@type":"WebPage","@id":"https:\/\/kidsplay.lt\/produktas\/feber-sodo-namelis-vaikams-hello-kitty\/","url":"https:\/\/kidsplay.lt\/produktas\/feber-sodo-namelis-vaikams-hello-kitty\/","name":"FEBER sodo namelis vaikams HELLO KITTY","isPartOf":{"@id":"https:\/\/kidsplay.lt\/#website"},"primaryImageOfPage":{"@id":"https:\/\/kidsplay.lt\/produktas\/feber-sodo-namelis-vaikams-hello-kitty\/#primaryimage"},"image":{"@id":"https:\/\/kidsplay.lt\/produktas\/feber-sodo-namelis-vaikams-hello-kitty\/#primaryimage"},"thumbnailUrl":"https:\/\/kidsplay.lt\/wp-content\/uploads\/2025\/09\/FEBER-sodo-namelis-vaikams-HELLO-KITTY.jpg","datePublished":"2026-02-26T07:07:35+00:00","dateModified":"2026-04-07T07:23:06+00:00","description":"FEBER sodo namelis vaikams HELLO KITTY - KidsPlay. Did\u017eiausias vaik\u0173 \u017eaisl\u0173 pasirinkimas.","breadcrumb":{"@id":"https:\/\/kidsplay.lt\/produktas\/feber-sodo-namelis-vaikams-hello-kitty\/#breadcrumb"},"inLanguage":"lv-LV","potentialAction":[{"@type":"ReadAction","target":["https:\/\/kidsplay.lt\/produktas\/feber-sodo-namelis-vaikams-hello-kitty\/"]}]},{"@type":"ImageObject","inLanguage":"lv-LV","@id":"https:\/\/kidsplay.lt\/produktas\/feber-sodo-namelis-vaikams-hello-kitty\/#primaryimage","url":"https:\/\/kidsplay.lt\/wp-content\/uploads\/2025\/09\/FEBER-sodo-namelis-vaikams-HELLO-KITTY.jpg","contentUrl":"https:\/\/kidsplay.lt\/wp-content\/uploads\/2025\/09\/FEBER-sodo-namelis-vaikams-HELLO-KITTY.jpg","width":1000,"height":1000,"caption":"FEBER sodo namelis vaikams HELLO KITTY"},{"@type":"BreadcrumbList","@id":"https:\/\/kidsplay.lt\/produktas\/feber-sodo-namelis-vaikams-hello-kitty\/#breadcrumb","itemListElement":[{"@type":"ListItem","position":1,"name":"Pagrindinis","item":"https:\/\/kidsplay.lt\/"},{"@type":"ListItem","position":2,"name":"Parduotuv\u0117","item":"https:\/\/kidsplay.lt\/parduotuve\/"},{"@type":"ListItem","position":3,"name":"FEBER sodo namelis vaikams HELLO KITTY"}]},{"@type":"WebSite","@id":"https:\/\/kidsplay.lt\/#website","url":"https:\/\/kidsplay.lt\/","name":"B\u0113rnu sp\u0113les.lv","description":"\u012evairios prek\u0117s vaikams","publisher":{"@id":"https:\/\/kidsplay.lt\/#organization"},"alternateName":"Kidsplay","potentialAction":[{"@type":"SearchAction","target":{"@type":"EntryPoint","urlTemplate":"https:\/\/kidsplay.lt\/?s={search_term_string}"},"query-input":{"@type":"PropertyValueSpecification","valueRequired":true,"valueName":"search_term_string"}}],"inLanguage":"lv-LV"},{"@type":"Organization","@id":"https:\/\/kidsplay.lt\/#organization","name":"B\u0113rnu sp\u0113le","url":"https:\/\/kidsplay.lt\/","logo":{"@type":"ImageObject","inLanguage":"lv-LV","@id":"https:\/\/kidsplay.lt\/#\/schema\/logo\/image\/","url":"https:\/\/kidsplay.lt\/wp-content\/uploads\/2023\/07\/kidsplay-logo.png","contentUrl":"https:\/\/kidsplay.lt\/wp-content\/uploads\/2023\/07\/kidsplay-logo.png","width":451,"height":98,"caption":"KidsPlay"},"image":{"@id":"https:\/\/kidsplay.lt\/#\/schema\/logo\/image\/"},"sameAs":["https:\/\/www.facebook.com\/www.kidsplay.lt"]}]}},"_links":{"self":[{"href":"https:\/\/kidsplay.lt\/lv\/wp-json\/wp\/v2\/product\/89106","targetHints":{"allow":["GET"]}}],"collection":[{"href":"https:\/\/kidsplay.lt\/lv\/wp-json\/wp\/v2\/product"}],"about":[{"href":"https:\/\/kidsplay.lt\/lv\/wp-json\/wp\/v2\/types\/product"}],"version-history":[{"count":1,"href":"https:\/\/kidsplay.lt\/lv\/wp-json\/wp\/v2\/product\/89106\/revisions"}],"predecessor-version":[{"id":89107,"href":"https:\/\/kidsplay.lt\/lv\/wp-json\/wp\/v2\/product\/89106\/revisions\/89107"}],"wp:featuredmedia":[{"embeddable":true,"href":"https:\/\/kidsplay.lt\/lv\/wp-json\/wp\/v2\/media\/63293"}],"wp:attachment":[{"href":"https:\/\/kidsplay.lt\/lv\/wp-json\/wp\/v2\/media?parent=89106"}],"wp:term":[{"taxonomy":"product_brand","embeddable":true,"href":"https:\/\/kidsplay.lt\/lv\/wp-json\/wp\/v2\/product_brand?post=89106"},{"taxonomy":"product_cat","embeddable":true,"href":"https:\/\/kidsplay.lt\/lv\/wp-json\/wp\/v2\/product_cat?post=89106"},{"taxonomy":"product_tag","embeddable":true,"href":"https:\/\/kidsplay.lt\/lv\/wp-json\/wp\/v2\/product_tag?post=89106"}],"curies":[{"name":"wp","href":"https:\/\/api.w.org\/{rel}","templated":true}]}}