{"id":89108,"date":"2026-02-26T09:07:38","date_gmt":"2026-02-26T07:07:38","guid":{"rendered":"https:\/\/kidsplay.lt\/produktas\/feber-hello-kitty-uzvaziuojamas-motociklas\/"},"modified":"2026-04-24T09:18:29","modified_gmt":"2026-04-24T06:18:29","slug":"feber-hello-kitty-uzvaziuojamas-motociklas","status":"publish","type":"product","link":"https:\/\/kidsplay.lt\/lv\/products\/feber-hello-kitty-uzvaziuojamas-motociklas\/","title":{"rendered":"FEBER Hello Kitty motocikls ar s\u0113dvietu"},"content":{"rendered":"<p>\u201eHello Kitty Motofeber\u201c va\u017eiuojamoji transporto priemon\u0117 \u2013 stabili ir saugi pramoga patiems ma\u017eiausiems.<br \/>\n\u201eHello Kitty Motofeber\u201c va\u017eiuojamasis motociklas yra puikus pirmasis \u201emotociklo\u201c \u017eaislas vaikams nuo 18 m\u0117nesi\u0173 am\u017eiaus.\u00a0Plat\u016bs ratai\u00a0ir\u00a0tvirta konstrukcija\u00a0suteikia ma\u017eyliams\u00a0stabilumo ir saugumo\u00a0mokantis va\u017eiuoti. Lengva konstrukcija ir \u017eavus\u00a0\u201eHello Kitty\u201c\u00a0dizainas paver\u010dia j\u012f puikiu kompanionu kasdienei veiklai \u2013 tiek namuose, tiek lauke.<br \/>\nRaksturojums:<\/p>\n<p> \t&#8211;\u00a0Skirta vaikams nuo\u00a018 m\u0117nesi\u0173 am\u017eiaus<br \/>\n \t&#8211;\u00a0Plat\u016bs ratai\u00a0u\u017etikrina puik\u0173 stabilum\u0105<br \/>\n \t&#8211;\u00a0Lengvas dizainas\u00a0\u2013 vaikas ar glob\u0117jas gali lengvai ne\u0161iotis<br \/>\n \t&#8211;\u00a0Patogi s\u0117dyn\u0117 ir vairas,\u00a0pritaikyti ma\u017eoms rankyt\u0117ms<br \/>\n \t&#8211;\u00a0Patvarios med\u017eiagos\u00a0, atlaikan\u010dios intensyv\u0173 \u017eaidim\u0105<\/p>\n<p>Rota\u013clieta att\u012bst\u0101s:<\/p>\n<p> \t&#8211;\u00a0Motorin\u0117 koordinacija\u00a0ir motoriniai \u012fg\u016bd\u017eiai<br \/>\n \t&#8211;\u00a0I\u0161laikyti pusiausvyr\u0105\u00a0vairuojant<br \/>\n \t&#8211;\u00a0Pasitik\u0117jimas savimi\u00a0ir savaranki\u0161kumas judant<br \/>\n \t&#8211;\u00a0Vaizduot\u0117 ir fizinis aktyvumas\u00a0\u2013 tiek namuose, tiek lauke<\/p>","protected":false},"excerpt":{"rendered":"<p>\u201eHello Kitty Motofeber\u201c va\u017eiuojamoji transporto priemon\u0117 \u2013 stabili ir saugi pramoga patiems ma\u017eiausiems. \u201eHello Kitty Motofeber\u201c va\u017eiuojamasis motociklas yra puikus<\/p>","protected":false},"featured_media":63298,"template":"","meta":{"_acf_changed":false,"_glsr_average":0,"_glsr_ranking":0,"_glsr_reviews":0},"product_brand":[],"product_cat":[240,237],"product_tag":[],"class_list":{"0":"post-89108","1":"product","2":"type-product","3":"status-publish","4":"has-post-thumbnail","6":"product_cat-balansiniai-dviratukai","7":"product_cat-judejimo-priemones","8":"\"style=\"background-color: #2ecc711c;\"","10":"first","11":"instock","12":"purchasable","13":"product-type-simple"},"acf":[],"yoast_head":"<!-- This site is optimized with the Yoast SEO plugin v27.4 - https:\/\/yoast.com\/product\/yoast-seo-wordpress\/ -->\n<title>FEBER Hello Kitty u\u017eva\u017eiuojamas motociklas<\/title>\n<meta name=\"description\" content=\"FEBER Hello Kitty u\u017eva\u017eiuojamas motociklas - KidsPlay. Did\u017eiausias vaik\u0173 \u017eaisl\u0173 pasirinkimas.\" \/>\n<meta name=\"robots\" content=\"index, follow, max-snippet:-1, max-image-preview:large, max-video-preview:-1\" \/>\n<link rel=\"canonical\" href=\"https:\/\/kidsplay.lt\/lv\/products\/feber-hello-kitty-uzvaziuojamas-motociklas\/\" \/>\n<meta property=\"og:locale\" content=\"lv_LV\" \/>\n<meta property=\"og:type\" content=\"article\" \/>\n<meta property=\"og:title\" content=\"FEBER Hello Kitty u\u017eva\u017eiuojamas motociklas\" \/>\n<meta property=\"og:description\" content=\"FEBER Hello Kitty u\u017eva\u017eiuojamas motociklas - KidsPlay. Did\u017eiausias vaik\u0173 \u017eaisl\u0173 pasirinkimas.\" \/>\n<meta property=\"og:url\" content=\"https:\/\/kidsplay.lt\/lv\/products\/feber-hello-kitty-uzvaziuojamas-motociklas\/\" \/>\n<meta property=\"og:site_name\" content=\"KidsPlay\" \/>\n<meta property=\"article:publisher\" content=\"https:\/\/www.facebook.com\/www.kidsplay.lt\" \/>\n<meta property=\"article:modified_time\" content=\"2026-04-24T06:18:29+00:00\" \/>\n<meta property=\"og:image\" content=\"https:\/\/kidsplay.lt\/wp-content\/uploads\/2025\/09\/FEBER-Hello-Kitty-uzvaziuojamas-motociklas.jpg\" \/>\n\t<meta property=\"og:image:width\" content=\"1000\" \/>\n\t<meta property=\"og:image:height\" content=\"1000\" \/>\n\t<meta property=\"og:image:type\" content=\"image\/jpeg\" \/>\n<meta name=\"twitter:card\" content=\"summary_large_image\" \/>\n<meta name=\"twitter:label1\" content=\"Est. reading time\" \/>\n\t<meta name=\"twitter:data1\" content=\"1 min\u016bte\" \/>\n<script type=\"application\/ld+json\" class=\"yoast-schema-graph\">{\"@context\":\"https:\\\/\\\/schema.org\",\"@graph\":[{\"@type\":\"WebPage\",\"@id\":\"https:\\\/\\\/kidsplay.lt\\\/produktas\\\/feber-hello-kitty-uzvaziuojamas-motociklas\\\/\",\"url\":\"https:\\\/\\\/kidsplay.lt\\\/produktas\\\/feber-hello-kitty-uzvaziuojamas-motociklas\\\/\",\"name\":\"FEBER Hello Kitty u\u017eva\u017eiuojamas motociklas\",\"isPartOf\":{\"@id\":\"https:\\\/\\\/kidsplay.lt\\\/#website\"},\"primaryImageOfPage\":{\"@id\":\"https:\\\/\\\/kidsplay.lt\\\/produktas\\\/feber-hello-kitty-uzvaziuojamas-motociklas\\\/#primaryimage\"},\"image\":{\"@id\":\"https:\\\/\\\/kidsplay.lt\\\/produktas\\\/feber-hello-kitty-uzvaziuojamas-motociklas\\\/#primaryimage\"},\"thumbnailUrl\":\"https:\\\/\\\/kidsplay.lt\\\/wp-content\\\/uploads\\\/2025\\\/09\\\/FEBER-Hello-Kitty-uzvaziuojamas-motociklas.jpg\",\"datePublished\":\"2026-02-26T07:07:38+00:00\",\"dateModified\":\"2026-04-24T06:18:29+00:00\",\"description\":\"FEBER Hello Kitty u\u017eva\u017eiuojamas motociklas - KidsPlay. Did\u017eiausias vaik\u0173 \u017eaisl\u0173 pasirinkimas.\",\"breadcrumb\":{\"@id\":\"https:\\\/\\\/kidsplay.lt\\\/produktas\\\/feber-hello-kitty-uzvaziuojamas-motociklas\\\/#breadcrumb\"},\"inLanguage\":\"lv-LV\",\"potentialAction\":[{\"@type\":\"ReadAction\",\"target\":[\"https:\\\/\\\/kidsplay.lt\\\/produktas\\\/feber-hello-kitty-uzvaziuojamas-motociklas\\\/\"]}]},{\"@type\":\"ImageObject\",\"inLanguage\":\"lv-LV\",\"@id\":\"https:\\\/\\\/kidsplay.lt\\\/produktas\\\/feber-hello-kitty-uzvaziuojamas-motociklas\\\/#primaryimage\",\"url\":\"https:\\\/\\\/kidsplay.lt\\\/wp-content\\\/uploads\\\/2025\\\/09\\\/FEBER-Hello-Kitty-uzvaziuojamas-motociklas.jpg\",\"contentUrl\":\"https:\\\/\\\/kidsplay.lt\\\/wp-content\\\/uploads\\\/2025\\\/09\\\/FEBER-Hello-Kitty-uzvaziuojamas-motociklas.jpg\",\"width\":1000,\"height\":1000,\"caption\":\"FEBER Hello Kitty u\u017eva\u017eiuojamas motociklas\"},{\"@type\":\"BreadcrumbList\",\"@id\":\"https:\\\/\\\/kidsplay.lt\\\/produktas\\\/feber-hello-kitty-uzvaziuojamas-motociklas\\\/#breadcrumb\",\"itemListElement\":[{\"@type\":\"ListItem\",\"position\":1,\"name\":\"Pagrindinis\",\"item\":\"https:\\\/\\\/kidsplay.lt\\\/\"},{\"@type\":\"ListItem\",\"position\":2,\"name\":\"Parduotuv\u0117\",\"item\":\"https:\\\/\\\/kidsplay.lt\\\/parduotuve\\\/\"},{\"@type\":\"ListItem\",\"position\":3,\"name\":\"FEBER Hello Kitty u\u017eva\u017eiuojamas motociklas\"}]},{\"@type\":\"WebSite\",\"@id\":\"https:\\\/\\\/kidsplay.lt\\\/#website\",\"url\":\"https:\\\/\\\/kidsplay.lt\\\/\",\"name\":\"Kidsplay.lt\",\"description\":\"\u012evairios prek\u0117s vaikams\",\"publisher\":{\"@id\":\"https:\\\/\\\/kidsplay.lt\\\/#organization\"},\"alternateName\":\"Kidsplay\",\"potentialAction\":[{\"@type\":\"SearchAction\",\"target\":{\"@type\":\"EntryPoint\",\"urlTemplate\":\"https:\\\/\\\/kidsplay.lt\\\/?s={search_term_string}\"},\"query-input\":{\"@type\":\"PropertyValueSpecification\",\"valueRequired\":true,\"valueName\":\"search_term_string\"}}],\"inLanguage\":\"lv-LV\"},{\"@type\":\"Organization\",\"@id\":\"https:\\\/\\\/kidsplay.lt\\\/#organization\",\"name\":\"KidsPlay\",\"url\":\"https:\\\/\\\/kidsplay.lt\\\/\",\"logo\":{\"@type\":\"ImageObject\",\"inLanguage\":\"lv-LV\",\"@id\":\"https:\\\/\\\/kidsplay.lt\\\/#\\\/schema\\\/logo\\\/image\\\/\",\"url\":\"https:\\\/\\\/kidsplay.lt\\\/wp-content\\\/uploads\\\/2023\\\/07\\\/kidsplay-logo.png\",\"contentUrl\":\"https:\\\/\\\/kidsplay.lt\\\/wp-content\\\/uploads\\\/2023\\\/07\\\/kidsplay-logo.png\",\"width\":451,\"height\":98,\"caption\":\"KidsPlay\"},\"image\":{\"@id\":\"https:\\\/\\\/kidsplay.lt\\\/#\\\/schema\\\/logo\\\/image\\\/\"},\"sameAs\":[\"https:\\\/\\\/www.facebook.com\\\/www.kidsplay.lt\"]}]}<\/script>\n<!-- \/ Yoast SEO plugin. -->","yoast_head_json":{"title":"FEBER Hello Kitty motocikls ar s\u0113dvietu","description":"FEBER Hello Kitty u\u017eva\u017eiuojamas motociklas - KidsPlay. Did\u017eiausias vaik\u0173 \u017eaisl\u0173 pasirinkimas.","robots":{"index":"index","follow":"follow","max-snippet":"max-snippet:-1","max-image-preview":"max-image-preview:large","max-video-preview":"max-video-preview:-1"},"canonical":"https:\/\/kidsplay.lt\/lv\/products\/feber-hello-kitty-uzvaziuojamas-motociklas\/","og_locale":"lv_LV","og_type":"article","og_title":"FEBER Hello Kitty u\u017eva\u017eiuojamas motociklas","og_description":"FEBER Hello Kitty u\u017eva\u017eiuojamas motociklas - KidsPlay. Did\u017eiausias vaik\u0173 \u017eaisl\u0173 pasirinkimas.","og_url":"https:\/\/kidsplay.lt\/lv\/products\/feber-hello-kitty-uzvaziuojamas-motociklas\/","og_site_name":"KidsPlay","article_publisher":"https:\/\/www.facebook.com\/www.kidsplay.lt","article_modified_time":"2026-04-24T06:18:29+00:00","og_image":[{"width":1000,"height":1000,"url":"https:\/\/kidsplay.lt\/wp-content\/uploads\/2025\/09\/FEBER-Hello-Kitty-uzvaziuojamas-motociklas.jpg","type":"image\/jpeg"}],"twitter_card":"summary_large_image","twitter_misc":{"Est. reading time":"1 min\u016bte"},"schema":{"@context":"https:\/\/schema.org","@graph":[{"@type":"WebPage","@id":"https:\/\/kidsplay.lt\/produktas\/feber-hello-kitty-uzvaziuojamas-motociklas\/","url":"https:\/\/kidsplay.lt\/produktas\/feber-hello-kitty-uzvaziuojamas-motociklas\/","name":"FEBER Hello Kitty motocikls ar s\u0113dvietu","isPartOf":{"@id":"https:\/\/kidsplay.lt\/#website"},"primaryImageOfPage":{"@id":"https:\/\/kidsplay.lt\/produktas\/feber-hello-kitty-uzvaziuojamas-motociklas\/#primaryimage"},"image":{"@id":"https:\/\/kidsplay.lt\/produktas\/feber-hello-kitty-uzvaziuojamas-motociklas\/#primaryimage"},"thumbnailUrl":"https:\/\/kidsplay.lt\/wp-content\/uploads\/2025\/09\/FEBER-Hello-Kitty-uzvaziuojamas-motociklas.jpg","datePublished":"2026-02-26T07:07:38+00:00","dateModified":"2026-04-24T06:18:29+00:00","description":"FEBER Hello Kitty u\u017eva\u017eiuojamas motociklas - KidsPlay. Did\u017eiausias vaik\u0173 \u017eaisl\u0173 pasirinkimas.","breadcrumb":{"@id":"https:\/\/kidsplay.lt\/produktas\/feber-hello-kitty-uzvaziuojamas-motociklas\/#breadcrumb"},"inLanguage":"lv-LV","potentialAction":[{"@type":"ReadAction","target":["https:\/\/kidsplay.lt\/produktas\/feber-hello-kitty-uzvaziuojamas-motociklas\/"]}]},{"@type":"ImageObject","inLanguage":"lv-LV","@id":"https:\/\/kidsplay.lt\/produktas\/feber-hello-kitty-uzvaziuojamas-motociklas\/#primaryimage","url":"https:\/\/kidsplay.lt\/wp-content\/uploads\/2025\/09\/FEBER-Hello-Kitty-uzvaziuojamas-motociklas.jpg","contentUrl":"https:\/\/kidsplay.lt\/wp-content\/uploads\/2025\/09\/FEBER-Hello-Kitty-uzvaziuojamas-motociklas.jpg","width":1000,"height":1000,"caption":"FEBER Hello Kitty u\u017eva\u017eiuojamas motociklas"},{"@type":"BreadcrumbList","@id":"https:\/\/kidsplay.lt\/produktas\/feber-hello-kitty-uzvaziuojamas-motociklas\/#breadcrumb","itemListElement":[{"@type":"ListItem","position":1,"name":"Pagrindinis","item":"https:\/\/kidsplay.lt\/"},{"@type":"ListItem","position":2,"name":"Parduotuv\u0117","item":"https:\/\/kidsplay.lt\/parduotuve\/"},{"@type":"ListItem","position":3,"name":"FEBER Hello Kitty u\u017eva\u017eiuojamas motociklas"}]},{"@type":"WebSite","@id":"https:\/\/kidsplay.lt\/#website","url":"https:\/\/kidsplay.lt\/","name":"B\u0113rnu sp\u0113les.lv","description":"\u012evairios prek\u0117s vaikams","publisher":{"@id":"https:\/\/kidsplay.lt\/#organization"},"alternateName":"Kidsplay","potentialAction":[{"@type":"SearchAction","target":{"@type":"EntryPoint","urlTemplate":"https:\/\/kidsplay.lt\/?s={search_term_string}"},"query-input":{"@type":"PropertyValueSpecification","valueRequired":true,"valueName":"search_term_string"}}],"inLanguage":"lv-LV"},{"@type":"Organization","@id":"https:\/\/kidsplay.lt\/#organization","name":"B\u0113rnu sp\u0113le","url":"https:\/\/kidsplay.lt\/","logo":{"@type":"ImageObject","inLanguage":"lv-LV","@id":"https:\/\/kidsplay.lt\/#\/schema\/logo\/image\/","url":"https:\/\/kidsplay.lt\/wp-content\/uploads\/2023\/07\/kidsplay-logo.png","contentUrl":"https:\/\/kidsplay.lt\/wp-content\/uploads\/2023\/07\/kidsplay-logo.png","width":451,"height":98,"caption":"KidsPlay"},"image":{"@id":"https:\/\/kidsplay.lt\/#\/schema\/logo\/image\/"},"sameAs":["https:\/\/www.facebook.com\/www.kidsplay.lt"]}]}},"_links":{"self":[{"href":"https:\/\/kidsplay.lt\/lv\/wp-json\/wp\/v2\/product\/89108","targetHints":{"allow":["GET"]}}],"collection":[{"href":"https:\/\/kidsplay.lt\/lv\/wp-json\/wp\/v2\/product"}],"about":[{"href":"https:\/\/kidsplay.lt\/lv\/wp-json\/wp\/v2\/types\/product"}],"version-history":[{"count":1,"href":"https:\/\/kidsplay.lt\/lv\/wp-json\/wp\/v2\/product\/89108\/revisions"}],"predecessor-version":[{"id":89109,"href":"https:\/\/kidsplay.lt\/lv\/wp-json\/wp\/v2\/product\/89108\/revisions\/89109"}],"wp:featuredmedia":[{"embeddable":true,"href":"https:\/\/kidsplay.lt\/lv\/wp-json\/wp\/v2\/media\/63298"}],"wp:attachment":[{"href":"https:\/\/kidsplay.lt\/lv\/wp-json\/wp\/v2\/media?parent=89108"}],"wp:term":[{"taxonomy":"product_brand","embeddable":true,"href":"https:\/\/kidsplay.lt\/lv\/wp-json\/wp\/v2\/product_brand?post=89108"},{"taxonomy":"product_cat","embeddable":true,"href":"https:\/\/kidsplay.lt\/lv\/wp-json\/wp\/v2\/product_cat?post=89108"},{"taxonomy":"product_tag","embeddable":true,"href":"https:\/\/kidsplay.lt\/lv\/wp-json\/wp\/v2\/product_tag?post=89108"}],"curies":[{"name":"wp","href":"https:\/\/api.w.org\/{rel}","templated":true}]}}