{"id":89112,"date":"2026-02-26T09:07:42","date_gmt":"2026-02-26T07:07:42","guid":{"rendered":"https:\/\/kidsplay.lt\/produktas\/woopie-green-loginiai-stalo-zaidimai-2-viename-ludo-gyvates-ir-kopecios\/"},"modified":"2026-04-13T14:44:31","modified_gmt":"2026-04-13T11:44:31","slug":"woopie-green-loginiai-stalo-zaidimai-2-viename-ludo-gyvates-ir-kopecios","status":"publish","type":"product","link":"https:\/\/kidsplay.lt\/lv\/products\/woopie-green-loginiai-stalo-zaidimai-2-viename-ludo-gyvates-ir-kopecios\/","title":{"rendered":"WOOPIE GREEN Lo\u0123ikas galda sp\u0113les 2 vien\u0101 Ludo + \u010c\u016bskas un k\u0101pnes"},"content":{"rendered":"<p>P\u0101rv\u0113rtiet savu br\u012bvo laiku aizraujo\u0161\u0101 piedz\u012bvojum\u0101 ar klasisku galda sp\u0113li modern\u0101 un videi draudz\u012bg\u0101 versij\u0101! WOOPIE GREEN \u2013 2 in 1 galda sp\u0113le ietver divas labi zin\u0101mas un iem\u012b\u013cotas sp\u0113les: \u201eLudo\u201c un \u201eFree the Animals\u201c, kas sniegs stund\u0101m ilgu aizraujo\u0161u un izgl\u012btojo\u0161u izklaidi visai \u0123imenei! Kr\u0101sainais d\u0113lis, koka fig\u016bri\u0146as un vienk\u0101r\u0161ie noteikumi padara \u0161o sp\u0113li par lielisku izv\u0113li b\u0113rniem no 3 gadu vecuma \u2013 sp\u0113l\u0113\u0161an\u0101s kop\u0101 v\u0113l nekad nav bijusi tik jautra!<\/p>\n<p>Rakstur\u012bgs:<\/p>\n<p> \t\u2013 B\u0113rniem no 3 gadu vecuma<br \/>\n \t\u2013 Komplekt\u0101 ir pat 19 elementi<br \/>\n \t\u2013 2 sp\u0113les 1 \u2013 klasiskais Ludo + atbr\u012bvojiet dz\u012bvniekus<br \/>\n \t\u2013 Fig\u016bri\u0146as un kauli\u0146i ir izgatavoti no dab\u012bga koka<br \/>\n \t\u2013 Kr\u0101sots ar dro\u0161\u0101m, netoksisk\u0101m kr\u0101s\u0101m<br \/>\n \t\u2013 Ekolo\u0123iska un ilgtsp\u0113j\u012bga sp\u0113le \u2013 bez plastmasas!<br \/>\n \t\u2013 Lieliski piem\u0113rots izklaidei kop\u0101 ar \u0123imeni un draugiem<\/p>\n<p>Komplekt\u0101 ietilpst:<\/p>\n<p> \t\u2013 Divpus\u0113js sp\u0113les d\u0113lis<br \/>\n \t\u2013 Koka deta\u013cas 4 kr\u0101s\u0101s<br \/>\n \t\u2013 Koka kubi\u0146i<br \/>\n \t\u2013 Ilustr\u0113tas instrukcijas<br \/>\n \t- Kr\u0101saina, uzman\u012bbu piesaisto\u0161a grafika<\/p>\n<p>Rota\u013clieta att\u012bst\u0101s:<\/p>\n<p> \t\u2013 Lo\u0123isk\u0101 dom\u0101\u0161ana \u2013 g\u0101jienu pl\u0101no\u0161ana, pretinieka g\u0101jienu paredz\u0113\u0161ana un l\u0113mumu pie\u0146em\u0161ana ir lielisks treni\u0146\u0161 jaunam pr\u0101tam.<br \/>\n \t\u2013 Atmi\u0146a un koncentr\u0113\u0161an\u0101s sp\u0113jas \u2013 fig\u016bri\u0146u izvietojuma nov\u0113ro\u0161ana un sp\u0113les noteikumu iegaum\u0113\u0161ana pal\u012bdz att\u012bst\u012bt atmi\u0146u un koncentr\u0113\u0161an\u0101s sp\u0113jas.<br \/>\n \t\u2013 Anal\u012btisk\u0101s prasmes \u2013 b\u0113rns iem\u0101c\u0101s analiz\u0113t situ\u0101cijas uz t\u0101feles, paman\u012bt sakar\u012bbas un mekl\u0113t lab\u0101ko risin\u0101jumu<br \/>\n \t\u2013 Sadarb\u012bba un god\u012bga sp\u0113le \u2013 sp\u0113le m\u0101ca gaid\u012bt savu k\u0101rtu, tikt gal\u0101 ar neveiksm\u0113m un kop\u0101 izbaud\u012bt jautr\u012bbu.<br \/>\n \t\u2013 Zin\u0101tk\u0101re un iesaist\u012b\u0161an\u0101s \u2013 spilgtas kr\u0101sas, burv\u012bgas ilustr\u0101cijas un da\u017e\u0101di scen\u0101riji mudina b\u0113rnus atgriezties pie sp\u0113l\u0113m<\/p>","protected":false},"excerpt":{"rendered":"<p>Paverskite savo laisvalaik\u012f\u00a0jaudinan\u010diu nuotykiu su klasikiniu stalo \u017eaidimu\u00a0modernioje ir ekologi\u0161koje versijoje!\u00a0WOOPIE GREEN \u2013 2 viename stalo \u017eaidime\u00a0yra du gerai \u017einomi<\/p>","protected":false},"featured_media":78907,"template":"","meta":{"_acf_changed":false,"_glsr_average":0,"_glsr_ranking":0,"_glsr_reviews":0},"product_brand":[],"product_cat":[445,229],"product_tag":[],"class_list":{"0":"post-89112","1":"product","2":"type-product","3":"status-publish","4":"has-post-thumbnail","6":"product_cat-stalo-zaidimai","7":"product_cat-zaislai-vaikams","8":"\"style=\"background-color: #2ecc711c;\"","10":"first","11":"instock","12":"purchasable","13":"product-type-simple"},"acf":[],"yoast_head":"<!-- This site is optimized with the Yoast SEO plugin v27.4 - https:\/\/yoast.com\/product\/yoast-seo-wordpress\/ -->\n<title>WOOPIE GREEN Loginiai stalo \u017eaidimai 2 viename Ludo + Gyvat\u0117s ir kop\u0117\u010dios<\/title>\n<meta name=\"description\" content=\"WOOPIE GREEN Loginiai stalo \u017eaidimai 2 viename Ludo + Gyvat\u0117s ir kop\u0117\u010dios - KidsPlay. Did\u017eiausias vaik\u0173 \u017eaisl\u0173 pasirinkimas.\" \/>\n<meta name=\"robots\" content=\"index, follow, max-snippet:-1, max-image-preview:large, max-video-preview:-1\" \/>\n<link rel=\"canonical\" href=\"https:\/\/kidsplay.lt\/lv\/products\/woopie-green-loginiai-stalo-zaidimai-2-viename-ludo-gyvates-ir-kopecios\/\" \/>\n<meta property=\"og:locale\" content=\"lv_LV\" \/>\n<meta property=\"og:type\" content=\"article\" \/>\n<meta property=\"og:title\" content=\"WOOPIE GREEN Loginiai stalo \u017eaidimai 2 viename Ludo + Gyvat\u0117s ir kop\u0117\u010dios\" \/>\n<meta property=\"og:description\" content=\"WOOPIE GREEN Loginiai stalo \u017eaidimai 2 viename Ludo + Gyvat\u0117s ir kop\u0117\u010dios - KidsPlay. Did\u017eiausias vaik\u0173 \u017eaisl\u0173 pasirinkimas.\" \/>\n<meta property=\"og:url\" content=\"https:\/\/kidsplay.lt\/lv\/products\/woopie-green-loginiai-stalo-zaidimai-2-viename-ludo-gyvates-ir-kopecios\/\" \/>\n<meta property=\"og:site_name\" content=\"KidsPlay\" \/>\n<meta property=\"article:publisher\" content=\"https:\/\/www.facebook.com\/www.kidsplay.lt\" \/>\n<meta property=\"article:modified_time\" content=\"2026-04-13T11:44:31+00:00\" \/>\n<meta property=\"og:image\" content=\"https:\/\/kidsplay.lt\/wp-content\/uploads\/2025\/10\/WOOPIE-GREEN-Loginiai-stalo-zaidimai-2-viename-Ludo-Gyvates-ir-kopecios-800x800.jpg\" \/>\n\t<meta property=\"og:image:width\" content=\"800\" \/>\n\t<meta property=\"og:image:height\" content=\"800\" \/>\n\t<meta property=\"og:image:type\" content=\"image\/jpeg\" \/>\n<meta name=\"twitter:card\" content=\"summary_large_image\" \/>\n<meta name=\"twitter:label1\" content=\"Est. reading time\" \/>\n\t<meta name=\"twitter:data1\" content=\"1 min\u016bte\" \/>\n<script type=\"application\/ld+json\" class=\"yoast-schema-graph\">{\"@context\":\"https:\\\/\\\/schema.org\",\"@graph\":[{\"@type\":\"WebPage\",\"@id\":\"https:\\\/\\\/kidsplay.lt\\\/produktas\\\/woopie-green-loginiai-stalo-zaidimai-2-viename-ludo-gyvates-ir-kopecios\\\/\",\"url\":\"https:\\\/\\\/kidsplay.lt\\\/produktas\\\/woopie-green-loginiai-stalo-zaidimai-2-viename-ludo-gyvates-ir-kopecios\\\/\",\"name\":\"WOOPIE GREEN Loginiai stalo \u017eaidimai 2 viename Ludo + Gyvat\u0117s ir kop\u0117\u010dios\",\"isPartOf\":{\"@id\":\"https:\\\/\\\/kidsplay.lt\\\/#website\"},\"primaryImageOfPage\":{\"@id\":\"https:\\\/\\\/kidsplay.lt\\\/produktas\\\/woopie-green-loginiai-stalo-zaidimai-2-viename-ludo-gyvates-ir-kopecios\\\/#primaryimage\"},\"image\":{\"@id\":\"https:\\\/\\\/kidsplay.lt\\\/produktas\\\/woopie-green-loginiai-stalo-zaidimai-2-viename-ludo-gyvates-ir-kopecios\\\/#primaryimage\"},\"thumbnailUrl\":\"https:\\\/\\\/kidsplay.lt\\\/wp-content\\\/uploads\\\/2025\\\/10\\\/WOOPIE-GREEN-Loginiai-stalo-zaidimai-2-viename-Ludo-Gyvates-ir-kopecios.jpg\",\"datePublished\":\"2026-02-26T07:07:42+00:00\",\"dateModified\":\"2026-04-13T11:44:31+00:00\",\"description\":\"WOOPIE GREEN Loginiai stalo \u017eaidimai 2 viename Ludo + Gyvat\u0117s ir kop\u0117\u010dios - KidsPlay. Did\u017eiausias vaik\u0173 \u017eaisl\u0173 pasirinkimas.\",\"breadcrumb\":{\"@id\":\"https:\\\/\\\/kidsplay.lt\\\/produktas\\\/woopie-green-loginiai-stalo-zaidimai-2-viename-ludo-gyvates-ir-kopecios\\\/#breadcrumb\"},\"inLanguage\":\"lv-LV\",\"potentialAction\":[{\"@type\":\"ReadAction\",\"target\":[\"https:\\\/\\\/kidsplay.lt\\\/produktas\\\/woopie-green-loginiai-stalo-zaidimai-2-viename-ludo-gyvates-ir-kopecios\\\/\"]}]},{\"@type\":\"ImageObject\",\"inLanguage\":\"lv-LV\",\"@id\":\"https:\\\/\\\/kidsplay.lt\\\/produktas\\\/woopie-green-loginiai-stalo-zaidimai-2-viename-ludo-gyvates-ir-kopecios\\\/#primaryimage\",\"url\":\"https:\\\/\\\/kidsplay.lt\\\/wp-content\\\/uploads\\\/2025\\\/10\\\/WOOPIE-GREEN-Loginiai-stalo-zaidimai-2-viename-Ludo-Gyvates-ir-kopecios.jpg\",\"contentUrl\":\"https:\\\/\\\/kidsplay.lt\\\/wp-content\\\/uploads\\\/2025\\\/10\\\/WOOPIE-GREEN-Loginiai-stalo-zaidimai-2-viename-Ludo-Gyvates-ir-kopecios.jpg\",\"width\":2500,\"height\":2500,\"caption\":\"WOOPIE GREEN Loginiai stalo \u017eaidimai 2 viename Ludo + Gyvat\u0117s ir kop\u0117\u010dios\"},{\"@type\":\"BreadcrumbList\",\"@id\":\"https:\\\/\\\/kidsplay.lt\\\/produktas\\\/woopie-green-loginiai-stalo-zaidimai-2-viename-ludo-gyvates-ir-kopecios\\\/#breadcrumb\",\"itemListElement\":[{\"@type\":\"ListItem\",\"position\":1,\"name\":\"Pagrindinis\",\"item\":\"https:\\\/\\\/kidsplay.lt\\\/\"},{\"@type\":\"ListItem\",\"position\":2,\"name\":\"Parduotuv\u0117\",\"item\":\"https:\\\/\\\/kidsplay.lt\\\/parduotuve\\\/\"},{\"@type\":\"ListItem\",\"position\":3,\"name\":\"WOOPIE GREEN Loginiai stalo \u017eaidimai 2 viename Ludo + Gyvat\u0117s ir kop\u0117\u010dios\"}]},{\"@type\":\"WebSite\",\"@id\":\"https:\\\/\\\/kidsplay.lt\\\/#website\",\"url\":\"https:\\\/\\\/kidsplay.lt\\\/\",\"name\":\"Kidsplay.lt\",\"description\":\"\u012evairios prek\u0117s vaikams\",\"publisher\":{\"@id\":\"https:\\\/\\\/kidsplay.lt\\\/#organization\"},\"alternateName\":\"Kidsplay\",\"potentialAction\":[{\"@type\":\"SearchAction\",\"target\":{\"@type\":\"EntryPoint\",\"urlTemplate\":\"https:\\\/\\\/kidsplay.lt\\\/?s={search_term_string}\"},\"query-input\":{\"@type\":\"PropertyValueSpecification\",\"valueRequired\":true,\"valueName\":\"search_term_string\"}}],\"inLanguage\":\"lv-LV\"},{\"@type\":\"Organization\",\"@id\":\"https:\\\/\\\/kidsplay.lt\\\/#organization\",\"name\":\"KidsPlay\",\"url\":\"https:\\\/\\\/kidsplay.lt\\\/\",\"logo\":{\"@type\":\"ImageObject\",\"inLanguage\":\"lv-LV\",\"@id\":\"https:\\\/\\\/kidsplay.lt\\\/#\\\/schema\\\/logo\\\/image\\\/\",\"url\":\"https:\\\/\\\/kidsplay.lt\\\/wp-content\\\/uploads\\\/2023\\\/07\\\/kidsplay-logo.png\",\"contentUrl\":\"https:\\\/\\\/kidsplay.lt\\\/wp-content\\\/uploads\\\/2023\\\/07\\\/kidsplay-logo.png\",\"width\":451,\"height\":98,\"caption\":\"KidsPlay\"},\"image\":{\"@id\":\"https:\\\/\\\/kidsplay.lt\\\/#\\\/schema\\\/logo\\\/image\\\/\"},\"sameAs\":[\"https:\\\/\\\/www.facebook.com\\\/www.kidsplay.lt\"]}]}<\/script>\n<!-- \/ Yoast SEO plugin. -->","yoast_head_json":{"title":"WOOPIE GREEN Lo\u0123ikas galda sp\u0113les 2 vien\u0101 Ludo + \u010c\u016bskas un k\u0101pnes","description":"WOOPIE GREEN Loginiai stalo \u017eaidimai 2 viename Ludo + Gyvat\u0117s ir kop\u0117\u010dios - KidsPlay. Did\u017eiausias vaik\u0173 \u017eaisl\u0173 pasirinkimas.","robots":{"index":"index","follow":"follow","max-snippet":"max-snippet:-1","max-image-preview":"max-image-preview:large","max-video-preview":"max-video-preview:-1"},"canonical":"https:\/\/kidsplay.lt\/lv\/products\/woopie-green-loginiai-stalo-zaidimai-2-viename-ludo-gyvates-ir-kopecios\/","og_locale":"lv_LV","og_type":"article","og_title":"WOOPIE GREEN Loginiai stalo \u017eaidimai 2 viename Ludo + Gyvat\u0117s ir kop\u0117\u010dios","og_description":"WOOPIE GREEN Loginiai stalo \u017eaidimai 2 viename Ludo + Gyvat\u0117s ir kop\u0117\u010dios - KidsPlay. Did\u017eiausias vaik\u0173 \u017eaisl\u0173 pasirinkimas.","og_url":"https:\/\/kidsplay.lt\/lv\/products\/woopie-green-loginiai-stalo-zaidimai-2-viename-ludo-gyvates-ir-kopecios\/","og_site_name":"KidsPlay","article_publisher":"https:\/\/www.facebook.com\/www.kidsplay.lt","article_modified_time":"2026-04-13T11:44:31+00:00","og_image":[{"width":800,"height":800,"url":"https:\/\/kidsplay.lt\/wp-content\/uploads\/2025\/10\/WOOPIE-GREEN-Loginiai-stalo-zaidimai-2-viename-Ludo-Gyvates-ir-kopecios-800x800.jpg","type":"image\/jpeg"}],"twitter_card":"summary_large_image","twitter_misc":{"Est. reading time":"1 min\u016bte"},"schema":{"@context":"https:\/\/schema.org","@graph":[{"@type":"WebPage","@id":"https:\/\/kidsplay.lt\/produktas\/woopie-green-loginiai-stalo-zaidimai-2-viename-ludo-gyvates-ir-kopecios\/","url":"https:\/\/kidsplay.lt\/produktas\/woopie-green-loginiai-stalo-zaidimai-2-viename-ludo-gyvates-ir-kopecios\/","name":"WOOPIE GREEN Lo\u0123ikas galda sp\u0113les 2 vien\u0101 Ludo + \u010c\u016bskas un k\u0101pnes","isPartOf":{"@id":"https:\/\/kidsplay.lt\/#website"},"primaryImageOfPage":{"@id":"https:\/\/kidsplay.lt\/produktas\/woopie-green-loginiai-stalo-zaidimai-2-viename-ludo-gyvates-ir-kopecios\/#primaryimage"},"image":{"@id":"https:\/\/kidsplay.lt\/produktas\/woopie-green-loginiai-stalo-zaidimai-2-viename-ludo-gyvates-ir-kopecios\/#primaryimage"},"thumbnailUrl":"https:\/\/kidsplay.lt\/wp-content\/uploads\/2025\/10\/WOOPIE-GREEN-Loginiai-stalo-zaidimai-2-viename-Ludo-Gyvates-ir-kopecios.jpg","datePublished":"2026-02-26T07:07:42+00:00","dateModified":"2026-04-13T11:44:31+00:00","description":"WOOPIE GREEN Loginiai stalo \u017eaidimai 2 viename Ludo + Gyvat\u0117s ir kop\u0117\u010dios - KidsPlay. Did\u017eiausias vaik\u0173 \u017eaisl\u0173 pasirinkimas.","breadcrumb":{"@id":"https:\/\/kidsplay.lt\/produktas\/woopie-green-loginiai-stalo-zaidimai-2-viename-ludo-gyvates-ir-kopecios\/#breadcrumb"},"inLanguage":"lv-LV","potentialAction":[{"@type":"ReadAction","target":["https:\/\/kidsplay.lt\/produktas\/woopie-green-loginiai-stalo-zaidimai-2-viename-ludo-gyvates-ir-kopecios\/"]}]},{"@type":"ImageObject","inLanguage":"lv-LV","@id":"https:\/\/kidsplay.lt\/produktas\/woopie-green-loginiai-stalo-zaidimai-2-viename-ludo-gyvates-ir-kopecios\/#primaryimage","url":"https:\/\/kidsplay.lt\/wp-content\/uploads\/2025\/10\/WOOPIE-GREEN-Loginiai-stalo-zaidimai-2-viename-Ludo-Gyvates-ir-kopecios.jpg","contentUrl":"https:\/\/kidsplay.lt\/wp-content\/uploads\/2025\/10\/WOOPIE-GREEN-Loginiai-stalo-zaidimai-2-viename-Ludo-Gyvates-ir-kopecios.jpg","width":2500,"height":2500,"caption":"WOOPIE GREEN Loginiai stalo \u017eaidimai 2 viename Ludo + Gyvat\u0117s ir kop\u0117\u010dios"},{"@type":"BreadcrumbList","@id":"https:\/\/kidsplay.lt\/produktas\/woopie-green-loginiai-stalo-zaidimai-2-viename-ludo-gyvates-ir-kopecios\/#breadcrumb","itemListElement":[{"@type":"ListItem","position":1,"name":"Pagrindinis","item":"https:\/\/kidsplay.lt\/"},{"@type":"ListItem","position":2,"name":"Parduotuv\u0117","item":"https:\/\/kidsplay.lt\/parduotuve\/"},{"@type":"ListItem","position":3,"name":"WOOPIE GREEN Loginiai stalo \u017eaidimai 2 viename Ludo + Gyvat\u0117s ir kop\u0117\u010dios"}]},{"@type":"WebSite","@id":"https:\/\/kidsplay.lt\/#website","url":"https:\/\/kidsplay.lt\/","name":"B\u0113rnu sp\u0113les.lv","description":"\u012evairios prek\u0117s vaikams","publisher":{"@id":"https:\/\/kidsplay.lt\/#organization"},"alternateName":"Kidsplay","potentialAction":[{"@type":"SearchAction","target":{"@type":"EntryPoint","urlTemplate":"https:\/\/kidsplay.lt\/?s={search_term_string}"},"query-input":{"@type":"PropertyValueSpecification","valueRequired":true,"valueName":"search_term_string"}}],"inLanguage":"lv-LV"},{"@type":"Organization","@id":"https:\/\/kidsplay.lt\/#organization","name":"B\u0113rnu sp\u0113le","url":"https:\/\/kidsplay.lt\/","logo":{"@type":"ImageObject","inLanguage":"lv-LV","@id":"https:\/\/kidsplay.lt\/#\/schema\/logo\/image\/","url":"https:\/\/kidsplay.lt\/wp-content\/uploads\/2023\/07\/kidsplay-logo.png","contentUrl":"https:\/\/kidsplay.lt\/wp-content\/uploads\/2023\/07\/kidsplay-logo.png","width":451,"height":98,"caption":"KidsPlay"},"image":{"@id":"https:\/\/kidsplay.lt\/#\/schema\/logo\/image\/"},"sameAs":["https:\/\/www.facebook.com\/www.kidsplay.lt"]}]}},"_links":{"self":[{"href":"https:\/\/kidsplay.lt\/lv\/wp-json\/wp\/v2\/product\/89112","targetHints":{"allow":["GET"]}}],"collection":[{"href":"https:\/\/kidsplay.lt\/lv\/wp-json\/wp\/v2\/product"}],"about":[{"href":"https:\/\/kidsplay.lt\/lv\/wp-json\/wp\/v2\/types\/product"}],"version-history":[{"count":1,"href":"https:\/\/kidsplay.lt\/lv\/wp-json\/wp\/v2\/product\/89112\/revisions"}],"predecessor-version":[{"id":89113,"href":"https:\/\/kidsplay.lt\/lv\/wp-json\/wp\/v2\/product\/89112\/revisions\/89113"}],"wp:featuredmedia":[{"embeddable":true,"href":"https:\/\/kidsplay.lt\/lv\/wp-json\/wp\/v2\/media\/78907"}],"wp:attachment":[{"href":"https:\/\/kidsplay.lt\/lv\/wp-json\/wp\/v2\/media?parent=89112"}],"wp:term":[{"taxonomy":"product_brand","embeddable":true,"href":"https:\/\/kidsplay.lt\/lv\/wp-json\/wp\/v2\/product_brand?post=89112"},{"taxonomy":"product_cat","embeddable":true,"href":"https:\/\/kidsplay.lt\/lv\/wp-json\/wp\/v2\/product_cat?post=89112"},{"taxonomy":"product_tag","embeddable":true,"href":"https:\/\/kidsplay.lt\/lv\/wp-json\/wp\/v2\/product_tag?post=89112"}],"curies":[{"name":"wp","href":"https:\/\/api.w.org\/{rel}","templated":true}]}}