{"id":89114,"date":"2026-02-26T09:07:44","date_gmt":"2026-02-26T07:07:44","guid":{"rendered":"https:\/\/kidsplay.lt\/produktas\/woopie-green-mediniu-transporto-priemoniu-ir-kelio-zenklu-rinkinys-15-vnt\/"},"modified":"2026-04-07T10:23:20","modified_gmt":"2026-04-07T07:23:20","slug":"woopie-green-mediniu-transporto-priemoniu-ir-kelio-zenklu-rinkinys-15-vnt","status":"publish","type":"product","link":"https:\/\/kidsplay.lt\/lv\/products\/woopie-green-mediniu-transporto-priemoniu-ir-kelio-zenklu-rinkinys-15-vnt\/","title":{"rendered":"WOOPIE GREEN koka transportl\u012bdzek\u013ca un ce\u013ca z\u012bmju komplekts, 15 gab."},"content":{"rendered":"<p>Medini\u0173 transporto priemoni\u0173 ir kelio \u017eenkl\u0173\u00a0rinkinys i\u0161\u00a0WOOPIE GREEN!\u00a0Atraskite transporto pasaul\u012f su\u00a0\u0161iuo spalvingu 16 dali\u0173\u00a0rinkiniu \u2013 puikiai tinka ma\u017eiesiems automobili\u0173 entuziastams! Rinkin\u012f sudaro realisti\u0161kos transporto priemon\u0117s, tokios kaip policijos automobilis, gaisrin\u0117 ma\u0161ina, greitoji pagalba, \u0161iuk\u0161liave\u017e\u0117, taksi ir mokyklinis autobusas, taip pat kelio \u017eenkl\u0173 rinkinys, mokantis saugos taisykli\u0173. Pagaminti i\u0161 tvirtos medienos, jie yra saug\u016bs, patvar\u016bs ir idealiai tinka\u00a0vaikams nuo 3 met\u0173\u00a0. Tai ne tik smagu, bet ir lavinamoji veikla per vaidmen\u0173 \u017eaidimus ir keli\u0173 eismo taisykli\u0173 tyrin\u0117jim\u0105!<\/p>\n<p>Rakstur\u012bgs:<\/p>\n<p> \t&#8211; \u017daislas nuo 3 met\u0173 am\u017eiaus<br \/>\n \t&#8211;\u00a0Transporto priemon\u0117s yra\u00a0lengvos ir puikiai\u00a0pritaikytos vaik\u0173 rankoms<br \/>\n \t&#8211; \u017eaislas skatina\u00a0suvokti\u00a0aplinkin\u012f pasaul\u012f\u00a0ir\u00a0moko\u00a0keli\u0173\u00a0eismo\u00a0taisykli\u0173\u00a0,<br \/>\n \t&#8211; Esteti\u0161kas meistri\u0161kumas ir ry\u0161kios spalvos traukia d\u0117mes\u012f ir skatina \u017eaisti<br \/>\n \t&#8211; Komplektas buvo sukurtas atsi\u017evelgiant \u012f\u00a0ilgaam\u017ei\u0161kum\u0105\u00a0\u2013 tvirta konstrukcija garantuoja ilgalaik\u012f naudojim\u0105 ir saugum\u0105<br \/>\n \t&#8211; Rinkinys leid\u017eia \u017eaisti savaranki\u0161kai arba grup\u0117je \u2013 puikiai tinka namams ar dar\u017eeliui<br \/>\n \t&#8211;\u00a0suapvalinti\u00a0saugos\u00a0elementai<\/p>\n<p>Komplekt\u0101 ietilpst:<\/p>\n<p> \t&#8211;\u00a0Greitoji pagalba\u00a0<\/p>\n<p> \t&#8211; Prie\u0161gaisrin\u0117 tarnyba<br \/>\n \t&#8211; Taksi<br \/>\n \t&#8211; Mokyklinis autobusas<br \/>\n \t&#8211;\u00a0Policijos automobilis<br \/>\n \t&#8211; \u0160iuk\u0161liave\u017e\u0117<br \/>\n \t&#8211;\u00a0\u0160viesoforai<br \/>\n \t&#8211;\u00a08 kelio \u017eenklai<\/p>\n<p>Rota\u013clieta att\u012bst\u0101s:<\/p>\n<p> \t&#8211;\u00a0Palengvina\u00a0kelio \u017eenkl\u0173 mokym\u0105si\u00a0\u2013 vaikas i\u0161moksta j\u0173 i\u0161vaizd\u0105 ir reik\u0161m\u0119<br \/>\n \t&#8211;\u00a0\u012etakoja\u00a0vaiko socialin\u0119 raid\u0105\u00a0\u2013 \u017eaidimas su transporto priemon\u0117mis ir vaidmen\u0173 \u017eaidimai moko bendradarbiavimo, dalijimosi ir keli\u0173 eismo taisykli\u0173 supratimo<br \/>\n \t&#8211;\u00a0Lavina\u00a0vaizduot\u0119 ir k\u016brybi\u0161kum\u0105\u00a0\u2013 vaikai gali kurti savo miestus, scenarijus ir situacijas kelyje<br \/>\n \t&#8211;\u00a0Moko\u00a0jud\u0117jimo kelyje taisykli\u0173 \u2013\u00a0i\u0161moksta saugiai jud\u0117ti kelyje, o tai yra puiki \u012f\u017eanga \u012f v\u0117lesn\u012f praktin\u012f mokym\u0105si<\/p>","protected":false},"excerpt":{"rendered":"<p>Medini\u0173 transporto priemoni\u0173 ir kelio \u017eenkl\u0173\u00a0rinkinys i\u0161\u00a0WOOPIE GREEN!\u00a0Atraskite transporto pasaul\u012f su\u00a0\u0161iuo spalvingu 16 dali\u0173\u00a0rinkiniu \u2013 puikiai tinka ma\u017eiesiems automobili\u0173 entuziastams!<\/p>","protected":false},"featured_media":78912,"template":"","meta":{"_acf_changed":false,"_glsr_average":0,"_glsr_ranking":0,"_glsr_reviews":0},"product_brand":[],"product_cat":[891,883],"product_tag":[],"class_list":{"0":"post-89114","1":"product","2":"type-product","3":"status-publish","4":"has-post-thumbnail","6":"product_cat-medines-transporto-priemones","7":"product_cat-mediniai-zaislai-2","8":"\"style=\"background-color: #2ecc711c;\"","10":"first","11":"instock","12":"purchasable","13":"product-type-simple"},"acf":[],"yoast_head":"<!-- This site is optimized with the Yoast SEO plugin v27.3 - https:\/\/yoast.com\/product\/yoast-seo-wordpress\/ -->\n<title>WOOPIE GREEN medini\u0173 transporto priemoni\u0173 ir kelio \u017eenkl\u0173 rinkinys, 15 vnt.<\/title>\n<meta name=\"description\" content=\"WOOPIE GREEN medini\u0173 transporto priemoni\u0173 ir kelio \u017eenkl\u0173 rinkinys, 15 vnt. - KidsPlay. Did\u017eiausias vaik\u0173 \u017eaisl\u0173 pasirinkimas.\" \/>\n<meta name=\"robots\" content=\"index, follow, max-snippet:-1, max-image-preview:large, max-video-preview:-1\" \/>\n<link rel=\"canonical\" href=\"https:\/\/kidsplay.lt\/lv\/products\/woopie-green-mediniu-transporto-priemoniu-ir-kelio-zenklu-rinkinys-15-vnt\/\" \/>\n<meta property=\"og:locale\" content=\"lv_LV\" \/>\n<meta property=\"og:type\" content=\"article\" \/>\n<meta property=\"og:title\" content=\"WOOPIE GREEN medini\u0173 transporto priemoni\u0173 ir kelio \u017eenkl\u0173 rinkinys, 15 vnt.\" \/>\n<meta property=\"og:description\" content=\"WOOPIE GREEN medini\u0173 transporto priemoni\u0173 ir kelio \u017eenkl\u0173 rinkinys, 15 vnt. - KidsPlay. Did\u017eiausias vaik\u0173 \u017eaisl\u0173 pasirinkimas.\" \/>\n<meta property=\"og:url\" content=\"https:\/\/kidsplay.lt\/lv\/products\/woopie-green-mediniu-transporto-priemoniu-ir-kelio-zenklu-rinkinys-15-vnt\/\" \/>\n<meta property=\"og:site_name\" content=\"KidsPlay\" \/>\n<meta property=\"article:publisher\" content=\"https:\/\/www.facebook.com\/www.kidsplay.lt\" \/>\n<meta property=\"article:modified_time\" content=\"2026-04-07T07:23:20+00:00\" \/>\n<meta property=\"og:image\" content=\"https:\/\/kidsplay.lt\/wp-content\/uploads\/2025\/10\/WOOPIE-GREEN-mediniu-transporto-priemoniu-ir-kelio-zenklu-rinkinys-15-vnt.jpg\" \/>\n\t<meta property=\"og:image:width\" content=\"2000\" \/>\n\t<meta property=\"og:image:height\" content=\"2000\" \/>\n\t<meta property=\"og:image:type\" content=\"image\/jpeg\" \/>\n<meta name=\"twitter:card\" content=\"summary_large_image\" \/>\n<meta name=\"twitter:label1\" content=\"Est. reading time\" \/>\n\t<meta name=\"twitter:data1\" content=\"1 min\u016bte\" \/>\n<script type=\"application\/ld+json\" class=\"yoast-schema-graph\">{\"@context\":\"https:\\\/\\\/schema.org\",\"@graph\":[{\"@type\":\"WebPage\",\"@id\":\"https:\\\/\\\/kidsplay.lt\\\/produktas\\\/woopie-green-mediniu-transporto-priemoniu-ir-kelio-zenklu-rinkinys-15-vnt\\\/\",\"url\":\"https:\\\/\\\/kidsplay.lt\\\/produktas\\\/woopie-green-mediniu-transporto-priemoniu-ir-kelio-zenklu-rinkinys-15-vnt\\\/\",\"name\":\"WOOPIE GREEN medini\u0173 transporto priemoni\u0173 ir kelio \u017eenkl\u0173 rinkinys, 15 vnt.\",\"isPartOf\":{\"@id\":\"https:\\\/\\\/kidsplay.lt\\\/#website\"},\"primaryImageOfPage\":{\"@id\":\"https:\\\/\\\/kidsplay.lt\\\/produktas\\\/woopie-green-mediniu-transporto-priemoniu-ir-kelio-zenklu-rinkinys-15-vnt\\\/#primaryimage\"},\"image\":{\"@id\":\"https:\\\/\\\/kidsplay.lt\\\/produktas\\\/woopie-green-mediniu-transporto-priemoniu-ir-kelio-zenklu-rinkinys-15-vnt\\\/#primaryimage\"},\"thumbnailUrl\":\"https:\\\/\\\/kidsplay.lt\\\/wp-content\\\/uploads\\\/2025\\\/10\\\/WOOPIE-GREEN-mediniu-transporto-priemoniu-ir-kelio-zenklu-rinkinys-15-vnt.jpg\",\"datePublished\":\"2026-02-26T07:07:44+00:00\",\"dateModified\":\"2026-04-07T07:23:20+00:00\",\"description\":\"WOOPIE GREEN medini\u0173 transporto priemoni\u0173 ir kelio \u017eenkl\u0173 rinkinys, 15 vnt. - KidsPlay. Did\u017eiausias vaik\u0173 \u017eaisl\u0173 pasirinkimas.\",\"breadcrumb\":{\"@id\":\"https:\\\/\\\/kidsplay.lt\\\/produktas\\\/woopie-green-mediniu-transporto-priemoniu-ir-kelio-zenklu-rinkinys-15-vnt\\\/#breadcrumb\"},\"inLanguage\":\"lv-LV\",\"potentialAction\":[{\"@type\":\"ReadAction\",\"target\":[\"https:\\\/\\\/kidsplay.lt\\\/produktas\\\/woopie-green-mediniu-transporto-priemoniu-ir-kelio-zenklu-rinkinys-15-vnt\\\/\"]}]},{\"@type\":\"ImageObject\",\"inLanguage\":\"lv-LV\",\"@id\":\"https:\\\/\\\/kidsplay.lt\\\/produktas\\\/woopie-green-mediniu-transporto-priemoniu-ir-kelio-zenklu-rinkinys-15-vnt\\\/#primaryimage\",\"url\":\"https:\\\/\\\/kidsplay.lt\\\/wp-content\\\/uploads\\\/2025\\\/10\\\/WOOPIE-GREEN-mediniu-transporto-priemoniu-ir-kelio-zenklu-rinkinys-15-vnt.jpg\",\"contentUrl\":\"https:\\\/\\\/kidsplay.lt\\\/wp-content\\\/uploads\\\/2025\\\/10\\\/WOOPIE-GREEN-mediniu-transporto-priemoniu-ir-kelio-zenklu-rinkinys-15-vnt.jpg\",\"width\":2000,\"height\":2000,\"caption\":\"WOOPIE GREEN medini\u0173 transporto priemoni\u0173 ir kelio \u017eenkl\u0173 rinkinys\"},{\"@type\":\"BreadcrumbList\",\"@id\":\"https:\\\/\\\/kidsplay.lt\\\/produktas\\\/woopie-green-mediniu-transporto-priemoniu-ir-kelio-zenklu-rinkinys-15-vnt\\\/#breadcrumb\",\"itemListElement\":[{\"@type\":\"ListItem\",\"position\":1,\"name\":\"Pagrindinis\",\"item\":\"https:\\\/\\\/kidsplay.lt\\\/\"},{\"@type\":\"ListItem\",\"position\":2,\"name\":\"Parduotuv\u0117\",\"item\":\"https:\\\/\\\/kidsplay.lt\\\/parduotuve\\\/\"},{\"@type\":\"ListItem\",\"position\":3,\"name\":\"WOOPIE GREEN medini\u0173 transporto priemoni\u0173 ir kelio \u017eenkl\u0173 rinkinys, 15 vnt.\"}]},{\"@type\":\"WebSite\",\"@id\":\"https:\\\/\\\/kidsplay.lt\\\/#website\",\"url\":\"https:\\\/\\\/kidsplay.lt\\\/\",\"name\":\"Kidsplay.lt\",\"description\":\"\u012evairios prek\u0117s vaikams\",\"publisher\":{\"@id\":\"https:\\\/\\\/kidsplay.lt\\\/#organization\"},\"alternateName\":\"Kidsplay\",\"potentialAction\":[{\"@type\":\"SearchAction\",\"target\":{\"@type\":\"EntryPoint\",\"urlTemplate\":\"https:\\\/\\\/kidsplay.lt\\\/?s={search_term_string}\"},\"query-input\":{\"@type\":\"PropertyValueSpecification\",\"valueRequired\":true,\"valueName\":\"search_term_string\"}}],\"inLanguage\":\"lv-LV\"},{\"@type\":\"Organization\",\"@id\":\"https:\\\/\\\/kidsplay.lt\\\/#organization\",\"name\":\"KidsPlay\",\"url\":\"https:\\\/\\\/kidsplay.lt\\\/\",\"logo\":{\"@type\":\"ImageObject\",\"inLanguage\":\"lv-LV\",\"@id\":\"https:\\\/\\\/kidsplay.lt\\\/#\\\/schema\\\/logo\\\/image\\\/\",\"url\":\"https:\\\/\\\/kidsplay.lt\\\/wp-content\\\/uploads\\\/2023\\\/07\\\/kidsplay-logo.png\",\"contentUrl\":\"https:\\\/\\\/kidsplay.lt\\\/wp-content\\\/uploads\\\/2023\\\/07\\\/kidsplay-logo.png\",\"width\":451,\"height\":98,\"caption\":\"KidsPlay\"},\"image\":{\"@id\":\"https:\\\/\\\/kidsplay.lt\\\/#\\\/schema\\\/logo\\\/image\\\/\"},\"sameAs\":[\"https:\\\/\\\/www.facebook.com\\\/www.kidsplay.lt\"]}]}<\/script>\n<!-- \/ Yoast SEO plugin. -->","yoast_head_json":{"title":"WOOPIE GREEN koka transportl\u012bdzek\u013ca un ce\u013ca z\u012bmju komplekts, 15 gab.","description":"WOOPIE GREEN medini\u0173 transporto priemoni\u0173 ir kelio \u017eenkl\u0173 rinkinys, 15 vnt. - KidsPlay. Did\u017eiausias vaik\u0173 \u017eaisl\u0173 pasirinkimas.","robots":{"index":"index","follow":"follow","max-snippet":"max-snippet:-1","max-image-preview":"max-image-preview:large","max-video-preview":"max-video-preview:-1"},"canonical":"https:\/\/kidsplay.lt\/lv\/products\/woopie-green-mediniu-transporto-priemoniu-ir-kelio-zenklu-rinkinys-15-vnt\/","og_locale":"lv_LV","og_type":"article","og_title":"WOOPIE GREEN medini\u0173 transporto priemoni\u0173 ir kelio \u017eenkl\u0173 rinkinys, 15 vnt.","og_description":"WOOPIE GREEN medini\u0173 transporto priemoni\u0173 ir kelio \u017eenkl\u0173 rinkinys, 15 vnt. - KidsPlay. Did\u017eiausias vaik\u0173 \u017eaisl\u0173 pasirinkimas.","og_url":"https:\/\/kidsplay.lt\/lv\/products\/woopie-green-mediniu-transporto-priemoniu-ir-kelio-zenklu-rinkinys-15-vnt\/","og_site_name":"KidsPlay","article_publisher":"https:\/\/www.facebook.com\/www.kidsplay.lt","article_modified_time":"2026-04-07T07:23:20+00:00","og_image":[{"width":2000,"height":2000,"url":"https:\/\/kidsplay.lt\/wp-content\/uploads\/2025\/10\/WOOPIE-GREEN-mediniu-transporto-priemoniu-ir-kelio-zenklu-rinkinys-15-vnt.jpg","type":"image\/jpeg"}],"twitter_card":"summary_large_image","twitter_misc":{"Est. reading time":"1 min\u016bte"},"schema":{"@context":"https:\/\/schema.org","@graph":[{"@type":"WebPage","@id":"https:\/\/kidsplay.lt\/produktas\/woopie-green-mediniu-transporto-priemoniu-ir-kelio-zenklu-rinkinys-15-vnt\/","url":"https:\/\/kidsplay.lt\/produktas\/woopie-green-mediniu-transporto-priemoniu-ir-kelio-zenklu-rinkinys-15-vnt\/","name":"WOOPIE GREEN koka transportl\u012bdzek\u013ca un ce\u013ca z\u012bmju komplekts, 15 gab.","isPartOf":{"@id":"https:\/\/kidsplay.lt\/#website"},"primaryImageOfPage":{"@id":"https:\/\/kidsplay.lt\/produktas\/woopie-green-mediniu-transporto-priemoniu-ir-kelio-zenklu-rinkinys-15-vnt\/#primaryimage"},"image":{"@id":"https:\/\/kidsplay.lt\/produktas\/woopie-green-mediniu-transporto-priemoniu-ir-kelio-zenklu-rinkinys-15-vnt\/#primaryimage"},"thumbnailUrl":"https:\/\/kidsplay.lt\/wp-content\/uploads\/2025\/10\/WOOPIE-GREEN-mediniu-transporto-priemoniu-ir-kelio-zenklu-rinkinys-15-vnt.jpg","datePublished":"2026-02-26T07:07:44+00:00","dateModified":"2026-04-07T07:23:20+00:00","description":"WOOPIE GREEN medini\u0173 transporto priemoni\u0173 ir kelio \u017eenkl\u0173 rinkinys, 15 vnt. - KidsPlay. Did\u017eiausias vaik\u0173 \u017eaisl\u0173 pasirinkimas.","breadcrumb":{"@id":"https:\/\/kidsplay.lt\/produktas\/woopie-green-mediniu-transporto-priemoniu-ir-kelio-zenklu-rinkinys-15-vnt\/#breadcrumb"},"inLanguage":"lv-LV","potentialAction":[{"@type":"ReadAction","target":["https:\/\/kidsplay.lt\/produktas\/woopie-green-mediniu-transporto-priemoniu-ir-kelio-zenklu-rinkinys-15-vnt\/"]}]},{"@type":"ImageObject","inLanguage":"lv-LV","@id":"https:\/\/kidsplay.lt\/produktas\/woopie-green-mediniu-transporto-priemoniu-ir-kelio-zenklu-rinkinys-15-vnt\/#primaryimage","url":"https:\/\/kidsplay.lt\/wp-content\/uploads\/2025\/10\/WOOPIE-GREEN-mediniu-transporto-priemoniu-ir-kelio-zenklu-rinkinys-15-vnt.jpg","contentUrl":"https:\/\/kidsplay.lt\/wp-content\/uploads\/2025\/10\/WOOPIE-GREEN-mediniu-transporto-priemoniu-ir-kelio-zenklu-rinkinys-15-vnt.jpg","width":2000,"height":2000,"caption":"WOOPIE GREEN medini\u0173 transporto priemoni\u0173 ir kelio \u017eenkl\u0173 rinkinys"},{"@type":"BreadcrumbList","@id":"https:\/\/kidsplay.lt\/produktas\/woopie-green-mediniu-transporto-priemoniu-ir-kelio-zenklu-rinkinys-15-vnt\/#breadcrumb","itemListElement":[{"@type":"ListItem","position":1,"name":"Pagrindinis","item":"https:\/\/kidsplay.lt\/"},{"@type":"ListItem","position":2,"name":"Parduotuv\u0117","item":"https:\/\/kidsplay.lt\/parduotuve\/"},{"@type":"ListItem","position":3,"name":"WOOPIE GREEN medini\u0173 transporto priemoni\u0173 ir kelio \u017eenkl\u0173 rinkinys, 15 vnt."}]},{"@type":"WebSite","@id":"https:\/\/kidsplay.lt\/#website","url":"https:\/\/kidsplay.lt\/","name":"B\u0113rnu sp\u0113les.lv","description":"\u012evairios prek\u0117s vaikams","publisher":{"@id":"https:\/\/kidsplay.lt\/#organization"},"alternateName":"Kidsplay","potentialAction":[{"@type":"SearchAction","target":{"@type":"EntryPoint","urlTemplate":"https:\/\/kidsplay.lt\/?s={search_term_string}"},"query-input":{"@type":"PropertyValueSpecification","valueRequired":true,"valueName":"search_term_string"}}],"inLanguage":"lv-LV"},{"@type":"Organization","@id":"https:\/\/kidsplay.lt\/#organization","name":"B\u0113rnu sp\u0113le","url":"https:\/\/kidsplay.lt\/","logo":{"@type":"ImageObject","inLanguage":"lv-LV","@id":"https:\/\/kidsplay.lt\/#\/schema\/logo\/image\/","url":"https:\/\/kidsplay.lt\/wp-content\/uploads\/2023\/07\/kidsplay-logo.png","contentUrl":"https:\/\/kidsplay.lt\/wp-content\/uploads\/2023\/07\/kidsplay-logo.png","width":451,"height":98,"caption":"KidsPlay"},"image":{"@id":"https:\/\/kidsplay.lt\/#\/schema\/logo\/image\/"},"sameAs":["https:\/\/www.facebook.com\/www.kidsplay.lt"]}]}},"_links":{"self":[{"href":"https:\/\/kidsplay.lt\/lv\/wp-json\/wp\/v2\/product\/89114","targetHints":{"allow":["GET"]}}],"collection":[{"href":"https:\/\/kidsplay.lt\/lv\/wp-json\/wp\/v2\/product"}],"about":[{"href":"https:\/\/kidsplay.lt\/lv\/wp-json\/wp\/v2\/types\/product"}],"version-history":[{"count":1,"href":"https:\/\/kidsplay.lt\/lv\/wp-json\/wp\/v2\/product\/89114\/revisions"}],"predecessor-version":[{"id":89115,"href":"https:\/\/kidsplay.lt\/lv\/wp-json\/wp\/v2\/product\/89114\/revisions\/89115"}],"wp:featuredmedia":[{"embeddable":true,"href":"https:\/\/kidsplay.lt\/lv\/wp-json\/wp\/v2\/media\/78912"}],"wp:attachment":[{"href":"https:\/\/kidsplay.lt\/lv\/wp-json\/wp\/v2\/media?parent=89114"}],"wp:term":[{"taxonomy":"product_brand","embeddable":true,"href":"https:\/\/kidsplay.lt\/lv\/wp-json\/wp\/v2\/product_brand?post=89114"},{"taxonomy":"product_cat","embeddable":true,"href":"https:\/\/kidsplay.lt\/lv\/wp-json\/wp\/v2\/product_cat?post=89114"},{"taxonomy":"product_tag","embeddable":true,"href":"https:\/\/kidsplay.lt\/lv\/wp-json\/wp\/v2\/product_tag?post=89114"}],"curies":[{"name":"wp","href":"https:\/\/api.w.org\/{rel}","templated":true}]}}