{"id":89122,"date":"2026-02-26T09:07:53","date_gmt":"2026-02-26T07:07:53","guid":{"rendered":"https:\/\/kidsplay.lt\/produktas\/woopie-green-pusryciu-rinkinys-ir-restoranas-uzsakymo-zaidimas-su-padeklu-ir-priedais\/"},"modified":"2026-04-07T10:23:33","modified_gmt":"2026-04-07T07:23:33","slug":"woopie-green-pusryciu-rinkinys-ir-restoranas-uzsakymo-zaidimas-su-padeklu-ir-priedais","status":"publish","type":"product","link":"https:\/\/kidsplay.lt\/lv\/products\/woopie-green-pusryciu-rinkinys-ir-restoranas-uzsakymo-zaidimas-su-padeklu-ir-priedais\/","title":{"rendered":"WOOPIE GREEN Brokastu komplekts un restor\u0101ns \u2013 Pas\u016bt\u012b\u0161anas sp\u0113le ar papl\u0101ti un aksesu\u0101riem"},"content":{"rendered":"<p>\u201eWoopie Green\u201c\u00a0pusry\u010di\u0173 rinkinys\u00a0\u2013 j\u016bs\u0173 svajoni\u0173 pusry\u010diai&#8230; patiekiami lovoje! \u012eprastus \u017eaidimus paverskite kulinariniu nuotykiu, kupinu skonio ir stiliaus!\u00a0Pastelini\u0173 spalv\u0173\u00a0pusry\u010di\u0173 rinkinys \u2013 tikras hitas ma\u017eiesiems\u00a0vir\u0117jams\u00a0, kurie m\u0117gsta \u017eaismingai patiekti skanius patiekalus \u2013 nuo \u200b\u200bryto iki vakaro!<br \/>\n\u017davus pastelini\u0173 spalv\u0173 pad\u0117klas ir realisti\u0161ki mediniai elementai paver\u010dia \u017eaidim\u0105 i\u0161skirtinai \u012ftraukiant\u012f ir \u012fkvepiant\u012f.<\/p>\n<p>Rakstur\u012bgs:<\/p>\n<p> \t&#8211;\u00a0\u017daislas nuo\u00a03 met\u0173 am\u017eiaus<br \/>\n \t&#8211;\u00a0Net\u00a026 elementai!<br \/>\n \t&#8211;\u00a0Pagaminta i\u0161\u00a0nat\u016bralios medienos\u00a0\u2013\u00a0patvari, saugi ir ekologi\u0161ka<br \/>\n \t&#8211;\u00a0Apie\u00a0vaidmen\u0173 \u017eaidimus \u2013\u00a0\u00a0daug smagi\u0173 scenarij\u0173<br \/>\n \t&#8211;\u00a0Lavina k\u016brybi\u0161kum\u0105, rank\u0173 \u012fg\u016bd\u017eius, susikaupim\u0105 ir vaizduot\u0119<br \/>\n \t&#8211;\u00a0Puiki dovanos id\u0117ja,\u00a0garantuojanti valandas fantasti\u0161k\u0173 pramog\u0173<\/p>\n<p>Komplekt\u0101 ietilpst:<\/p>\n<p> \t&#8211; Stilingas pusry\u010di\u0173 pad\u0117klas<br \/>\n \t&#8211;\u00a0Kruasanas<br \/>\n \t&#8211;\u00a0Keptas kiau\u0161inis<br \/>\n \t&#8211;\u00a0Pomidor\u0173, agurk\u0173, svog\u016bn\u0173 grie\u017ein\u0117liai<br \/>\n \t&#8211;\u00a0Grybas<br \/>\n \t&#8211;\u00a0Sviesto lazdel\u0117<br \/>\n \t&#8211;\u00a0\u0160vie\u017eios salotos lapas<br \/>\n \t&#8211;\u00a0Veltinio makaronai<br \/>\n \t&#8211;\u00a0Apelsin\u0173 sultys<br \/>\n \t&#8211;\u00a0\u0160okoladinis pyragas<br \/>\n \t&#8211;\u00a0Stalo \u012frankiai: \u0161akut\u0117 ir peilis<br \/>\n \t&#8211;\u00a0Gra\u017eus dubuo<br \/>\n \t&#8211;\u00a0Meniu<\/p>\n<p>Rota\u013clieta att\u012bst\u0101s:<\/p>\n<p> \t&#8211;\u00a0Vaizduot\u0117 ir\u00a0\u00a0\u00a0k\u016brybi\u0161kumas\u00a0\u2013 vaikai kuria savo patiekalus, sugalvoja receptus ir gamina patiekalus pagal savo id\u0117jas. Tai lavina k\u016brybin\u012f m\u0105stym\u0105, moko, kad n\u0117ra vieno \u201eteisingo\u201c sprendimo ir kad id\u0117j\u0173 \u012fvairov\u0117 yra vertinga.<br \/>\n \t&#8211;\u00a0Smulkioji motorika\u2013 maisto ruo\u0161imas yra puikus pratimas ma\u017eoms rankyt\u0117ms \u2013 visa tai padeda lavinti smulki\u0105j\u0105 motorik\u0105 ir aki\u0173 bei rank\u0173 koordinacij\u0105. Tai labai svarbu, ypa\u010d ankstyvosiose raidos stadijose, nes tai padeda lavini miklum\u0105, kurio v\u0117liau reik\u0117s ra\u0161ymui, pie\u0161imui ir kitai kasdienei veiklai.<br \/>\n \t&#8211;\u00a0Susikaupimas\u2013 \u0161io tipo veikla moko kantryb\u0117s ir sistemingumo, taip pat lavina geb\u0117jim\u0105 ilgesn\u012f laik\u0105 susikaupti ties viena veikla \u2013 tai vertinga tiek \u017eaid\u017eiant, tiek mokantis mokykloje.<\/p>","protected":false},"excerpt":{"rendered":"<p>\u201eWoopie Green\u201c\u00a0pusry\u010di\u0173 rinkinys\u00a0\u2013 j\u016bs\u0173 svajoni\u0173 pusry\u010diai&#8230; patiekiami lovoje! \u012eprastus \u017eaidimus paverskite kulinariniu nuotykiu, kupinu skonio ir stiliaus!\u00a0Pastelini\u0173 spalv\u0173\u00a0pusry\u010di\u0173 rinkinys \u2013<\/p>","protected":false},"featured_media":78917,"template":"","meta":{"_acf_changed":false,"_glsr_average":0,"_glsr_ranking":0,"_glsr_reviews":0},"product_brand":[],"product_cat":[399,282,229],"product_tag":[],"class_list":{"0":"post-89122","1":"product","2":"type-product","3":"status-publish","4":"has-post-thumbnail","6":"product_cat-vaidmenu-zaidimai-2","7":"product_cat-virtuves-reikmenys-vaidmenu-zaidimai","8":"product_cat-zaislai-vaikams","9":"\"style=\"background-color: #2ecc711c;\"","11":"first","12":"instock","13":"purchasable","14":"product-type-simple"},"acf":[],"yoast_head":"<!-- This site is optimized with the Yoast SEO plugin v27.3 - https:\/\/yoast.com\/product\/yoast-seo-wordpress\/ -->\n<title>WOOPIE GREEN Pusry\u010di\u0173 rinkinys ir restoranas &#8211; u\u017esakymo \u017eaidimas su pad\u0117klu ir priedais<\/title>\n<meta name=\"description\" content=\"WOOPIE GREEN Pusry\u010di\u0173 rinkinys ir restoranas &#8211; u\u017esakymo \u017eaidimas su pad\u0117klu ir priedais - KidsPlay. Did\u017eiausias vaik\u0173 \u017eaisl\u0173 pasirinkimas.\" \/>\n<meta name=\"robots\" content=\"index, follow, max-snippet:-1, max-image-preview:large, max-video-preview:-1\" \/>\n<link rel=\"canonical\" href=\"https:\/\/kidsplay.lt\/lv\/products\/woopie-green-pusryciu-rinkinys-ir-restoranas-uzsakymo-zaidimas-su-padeklu-ir-priedais\/\" \/>\n<meta property=\"og:locale\" content=\"lv_LV\" \/>\n<meta property=\"og:type\" content=\"article\" \/>\n<meta property=\"og:title\" content=\"WOOPIE GREEN Pusry\u010di\u0173 rinkinys ir restoranas &#8211; u\u017esakymo \u017eaidimas su pad\u0117klu ir priedais\" \/>\n<meta property=\"og:description\" content=\"WOOPIE GREEN Pusry\u010di\u0173 rinkinys ir restoranas &#8211; u\u017esakymo \u017eaidimas su pad\u0117klu ir priedais - KidsPlay. Did\u017eiausias vaik\u0173 \u017eaisl\u0173 pasirinkimas.\" \/>\n<meta property=\"og:url\" content=\"https:\/\/kidsplay.lt\/lv\/products\/woopie-green-pusryciu-rinkinys-ir-restoranas-uzsakymo-zaidimas-su-padeklu-ir-priedais\/\" \/>\n<meta property=\"og:site_name\" content=\"KidsPlay\" \/>\n<meta property=\"article:publisher\" content=\"https:\/\/www.facebook.com\/www.kidsplay.lt\" \/>\n<meta property=\"article:modified_time\" content=\"2026-04-07T07:23:33+00:00\" \/>\n<meta property=\"og:image\" content=\"https:\/\/kidsplay.lt\/wp-content\/uploads\/2025\/10\/WOOPIE-GREEN-Pusryciu-rinkinys-ir-restoranas-8211-uzsakymo-zaidimas-su-padeklu-ir-priedais.jpg\" \/>\n\t<meta property=\"og:image:width\" content=\"1000\" \/>\n\t<meta property=\"og:image:height\" content=\"1000\" \/>\n\t<meta property=\"og:image:type\" content=\"image\/jpeg\" \/>\n<meta name=\"twitter:card\" content=\"summary_large_image\" \/>\n<meta name=\"twitter:label1\" content=\"Est. reading time\" \/>\n\t<meta name=\"twitter:data1\" content=\"1 min\u016bte\" \/>\n<script type=\"application\/ld+json\" class=\"yoast-schema-graph\">{\"@context\":\"https:\\\/\\\/schema.org\",\"@graph\":[{\"@type\":\"WebPage\",\"@id\":\"https:\\\/\\\/kidsplay.lt\\\/produktas\\\/woopie-green-pusryciu-rinkinys-ir-restoranas-uzsakymo-zaidimas-su-padeklu-ir-priedais\\\/\",\"url\":\"https:\\\/\\\/kidsplay.lt\\\/produktas\\\/woopie-green-pusryciu-rinkinys-ir-restoranas-uzsakymo-zaidimas-su-padeklu-ir-priedais\\\/\",\"name\":\"WOOPIE GREEN Pusry\u010di\u0173 rinkinys ir restoranas &#8211; u\u017esakymo \u017eaidimas su pad\u0117klu ir priedais\",\"isPartOf\":{\"@id\":\"https:\\\/\\\/kidsplay.lt\\\/#website\"},\"primaryImageOfPage\":{\"@id\":\"https:\\\/\\\/kidsplay.lt\\\/produktas\\\/woopie-green-pusryciu-rinkinys-ir-restoranas-uzsakymo-zaidimas-su-padeklu-ir-priedais\\\/#primaryimage\"},\"image\":{\"@id\":\"https:\\\/\\\/kidsplay.lt\\\/produktas\\\/woopie-green-pusryciu-rinkinys-ir-restoranas-uzsakymo-zaidimas-su-padeklu-ir-priedais\\\/#primaryimage\"},\"thumbnailUrl\":\"https:\\\/\\\/kidsplay.lt\\\/wp-content\\\/uploads\\\/2025\\\/10\\\/WOOPIE-GREEN-Pusryciu-rinkinys-ir-restoranas-8211-uzsakymo-zaidimas-su-padeklu-ir-priedais.jpg\",\"datePublished\":\"2026-02-26T07:07:53+00:00\",\"dateModified\":\"2026-04-07T07:23:33+00:00\",\"description\":\"WOOPIE GREEN Pusry\u010di\u0173 rinkinys ir restoranas &#8211; u\u017esakymo \u017eaidimas su pad\u0117klu ir priedais - KidsPlay. Did\u017eiausias vaik\u0173 \u017eaisl\u0173 pasirinkimas.\",\"breadcrumb\":{\"@id\":\"https:\\\/\\\/kidsplay.lt\\\/produktas\\\/woopie-green-pusryciu-rinkinys-ir-restoranas-uzsakymo-zaidimas-su-padeklu-ir-priedais\\\/#breadcrumb\"},\"inLanguage\":\"lv-LV\",\"potentialAction\":[{\"@type\":\"ReadAction\",\"target\":[\"https:\\\/\\\/kidsplay.lt\\\/produktas\\\/woopie-green-pusryciu-rinkinys-ir-restoranas-uzsakymo-zaidimas-su-padeklu-ir-priedais\\\/\"]}]},{\"@type\":\"ImageObject\",\"inLanguage\":\"lv-LV\",\"@id\":\"https:\\\/\\\/kidsplay.lt\\\/produktas\\\/woopie-green-pusryciu-rinkinys-ir-restoranas-uzsakymo-zaidimas-su-padeklu-ir-priedais\\\/#primaryimage\",\"url\":\"https:\\\/\\\/kidsplay.lt\\\/wp-content\\\/uploads\\\/2025\\\/10\\\/WOOPIE-GREEN-Pusryciu-rinkinys-ir-restoranas-8211-uzsakymo-zaidimas-su-padeklu-ir-priedais.jpg\",\"contentUrl\":\"https:\\\/\\\/kidsplay.lt\\\/wp-content\\\/uploads\\\/2025\\\/10\\\/WOOPIE-GREEN-Pusryciu-rinkinys-ir-restoranas-8211-uzsakymo-zaidimas-su-padeklu-ir-priedais.jpg\",\"width\":1000,\"height\":1000,\"caption\":\"WOOPIE GREEN Pusry\u010di\u0173 rinkinys ir restoranas &#8211; u\u017esakymo \u017eaidimas su pad\u0117klu ir priedais\"},{\"@type\":\"BreadcrumbList\",\"@id\":\"https:\\\/\\\/kidsplay.lt\\\/produktas\\\/woopie-green-pusryciu-rinkinys-ir-restoranas-uzsakymo-zaidimas-su-padeklu-ir-priedais\\\/#breadcrumb\",\"itemListElement\":[{\"@type\":\"ListItem\",\"position\":1,\"name\":\"Pagrindinis\",\"item\":\"https:\\\/\\\/kidsplay.lt\\\/\"},{\"@type\":\"ListItem\",\"position\":2,\"name\":\"Parduotuv\u0117\",\"item\":\"https:\\\/\\\/kidsplay.lt\\\/parduotuve\\\/\"},{\"@type\":\"ListItem\",\"position\":3,\"name\":\"WOOPIE GREEN Pusry\u010di\u0173 rinkinys ir restoranas &#8211; u\u017esakymo \u017eaidimas su pad\u0117klu ir priedais\"}]},{\"@type\":\"WebSite\",\"@id\":\"https:\\\/\\\/kidsplay.lt\\\/#website\",\"url\":\"https:\\\/\\\/kidsplay.lt\\\/\",\"name\":\"Kidsplay.lt\",\"description\":\"\u012evairios prek\u0117s vaikams\",\"publisher\":{\"@id\":\"https:\\\/\\\/kidsplay.lt\\\/#organization\"},\"alternateName\":\"Kidsplay\",\"potentialAction\":[{\"@type\":\"SearchAction\",\"target\":{\"@type\":\"EntryPoint\",\"urlTemplate\":\"https:\\\/\\\/kidsplay.lt\\\/?s={search_term_string}\"},\"query-input\":{\"@type\":\"PropertyValueSpecification\",\"valueRequired\":true,\"valueName\":\"search_term_string\"}}],\"inLanguage\":\"lv-LV\"},{\"@type\":\"Organization\",\"@id\":\"https:\\\/\\\/kidsplay.lt\\\/#organization\",\"name\":\"KidsPlay\",\"url\":\"https:\\\/\\\/kidsplay.lt\\\/\",\"logo\":{\"@type\":\"ImageObject\",\"inLanguage\":\"lv-LV\",\"@id\":\"https:\\\/\\\/kidsplay.lt\\\/#\\\/schema\\\/logo\\\/image\\\/\",\"url\":\"https:\\\/\\\/kidsplay.lt\\\/wp-content\\\/uploads\\\/2023\\\/07\\\/kidsplay-logo.png\",\"contentUrl\":\"https:\\\/\\\/kidsplay.lt\\\/wp-content\\\/uploads\\\/2023\\\/07\\\/kidsplay-logo.png\",\"width\":451,\"height\":98,\"caption\":\"KidsPlay\"},\"image\":{\"@id\":\"https:\\\/\\\/kidsplay.lt\\\/#\\\/schema\\\/logo\\\/image\\\/\"},\"sameAs\":[\"https:\\\/\\\/www.facebook.com\\\/www.kidsplay.lt\"]}]}<\/script>\n<!-- \/ Yoast SEO plugin. -->","yoast_head_json":{"title":"WOOPIE GREEN Brokastu komplekts un restor\u0101ns \u2013 Pas\u016bt\u012b\u0161anas sp\u0113le ar papl\u0101ti un aksesu\u0101riem","description":"WOOPIE GREEN Pusry\u010di\u0173 rinkinys ir restoranas &#8211; u\u017esakymo \u017eaidimas su pad\u0117klu ir priedais - KidsPlay. Did\u017eiausias vaik\u0173 \u017eaisl\u0173 pasirinkimas.","robots":{"index":"index","follow":"follow","max-snippet":"max-snippet:-1","max-image-preview":"max-image-preview:large","max-video-preview":"max-video-preview:-1"},"canonical":"https:\/\/kidsplay.lt\/lv\/products\/woopie-green-pusryciu-rinkinys-ir-restoranas-uzsakymo-zaidimas-su-padeklu-ir-priedais\/","og_locale":"lv_LV","og_type":"article","og_title":"WOOPIE GREEN Pusry\u010di\u0173 rinkinys ir restoranas &#8211; u\u017esakymo \u017eaidimas su pad\u0117klu ir priedais","og_description":"WOOPIE GREEN Pusry\u010di\u0173 rinkinys ir restoranas &#8211; u\u017esakymo \u017eaidimas su pad\u0117klu ir priedais - KidsPlay. Did\u017eiausias vaik\u0173 \u017eaisl\u0173 pasirinkimas.","og_url":"https:\/\/kidsplay.lt\/lv\/products\/woopie-green-pusryciu-rinkinys-ir-restoranas-uzsakymo-zaidimas-su-padeklu-ir-priedais\/","og_site_name":"KidsPlay","article_publisher":"https:\/\/www.facebook.com\/www.kidsplay.lt","article_modified_time":"2026-04-07T07:23:33+00:00","og_image":[{"width":1000,"height":1000,"url":"https:\/\/kidsplay.lt\/wp-content\/uploads\/2025\/10\/WOOPIE-GREEN-Pusryciu-rinkinys-ir-restoranas-8211-uzsakymo-zaidimas-su-padeklu-ir-priedais.jpg","type":"image\/jpeg"}],"twitter_card":"summary_large_image","twitter_misc":{"Est. reading time":"1 min\u016bte"},"schema":{"@context":"https:\/\/schema.org","@graph":[{"@type":"WebPage","@id":"https:\/\/kidsplay.lt\/produktas\/woopie-green-pusryciu-rinkinys-ir-restoranas-uzsakymo-zaidimas-su-padeklu-ir-priedais\/","url":"https:\/\/kidsplay.lt\/produktas\/woopie-green-pusryciu-rinkinys-ir-restoranas-uzsakymo-zaidimas-su-padeklu-ir-priedais\/","name":"WOOPIE GREEN Brokastu komplekts un restor\u0101ns \u2013 Pas\u016bt\u012b\u0161anas sp\u0113le ar papl\u0101ti un aksesu\u0101riem","isPartOf":{"@id":"https:\/\/kidsplay.lt\/#website"},"primaryImageOfPage":{"@id":"https:\/\/kidsplay.lt\/produktas\/woopie-green-pusryciu-rinkinys-ir-restoranas-uzsakymo-zaidimas-su-padeklu-ir-priedais\/#primaryimage"},"image":{"@id":"https:\/\/kidsplay.lt\/produktas\/woopie-green-pusryciu-rinkinys-ir-restoranas-uzsakymo-zaidimas-su-padeklu-ir-priedais\/#primaryimage"},"thumbnailUrl":"https:\/\/kidsplay.lt\/wp-content\/uploads\/2025\/10\/WOOPIE-GREEN-Pusryciu-rinkinys-ir-restoranas-8211-uzsakymo-zaidimas-su-padeklu-ir-priedais.jpg","datePublished":"2026-02-26T07:07:53+00:00","dateModified":"2026-04-07T07:23:33+00:00","description":"WOOPIE GREEN Pusry\u010di\u0173 rinkinys ir restoranas &#8211; u\u017esakymo \u017eaidimas su pad\u0117klu ir priedais - KidsPlay. Did\u017eiausias vaik\u0173 \u017eaisl\u0173 pasirinkimas.","breadcrumb":{"@id":"https:\/\/kidsplay.lt\/produktas\/woopie-green-pusryciu-rinkinys-ir-restoranas-uzsakymo-zaidimas-su-padeklu-ir-priedais\/#breadcrumb"},"inLanguage":"lv-LV","potentialAction":[{"@type":"ReadAction","target":["https:\/\/kidsplay.lt\/produktas\/woopie-green-pusryciu-rinkinys-ir-restoranas-uzsakymo-zaidimas-su-padeklu-ir-priedais\/"]}]},{"@type":"ImageObject","inLanguage":"lv-LV","@id":"https:\/\/kidsplay.lt\/produktas\/woopie-green-pusryciu-rinkinys-ir-restoranas-uzsakymo-zaidimas-su-padeklu-ir-priedais\/#primaryimage","url":"https:\/\/kidsplay.lt\/wp-content\/uploads\/2025\/10\/WOOPIE-GREEN-Pusryciu-rinkinys-ir-restoranas-8211-uzsakymo-zaidimas-su-padeklu-ir-priedais.jpg","contentUrl":"https:\/\/kidsplay.lt\/wp-content\/uploads\/2025\/10\/WOOPIE-GREEN-Pusryciu-rinkinys-ir-restoranas-8211-uzsakymo-zaidimas-su-padeklu-ir-priedais.jpg","width":1000,"height":1000,"caption":"WOOPIE GREEN Pusry\u010di\u0173 rinkinys ir restoranas &#8211; u\u017esakymo \u017eaidimas su pad\u0117klu ir priedais"},{"@type":"BreadcrumbList","@id":"https:\/\/kidsplay.lt\/produktas\/woopie-green-pusryciu-rinkinys-ir-restoranas-uzsakymo-zaidimas-su-padeklu-ir-priedais\/#breadcrumb","itemListElement":[{"@type":"ListItem","position":1,"name":"Pagrindinis","item":"https:\/\/kidsplay.lt\/"},{"@type":"ListItem","position":2,"name":"Parduotuv\u0117","item":"https:\/\/kidsplay.lt\/parduotuve\/"},{"@type":"ListItem","position":3,"name":"WOOPIE GREEN Pusry\u010di\u0173 rinkinys ir restoranas &#8211; u\u017esakymo \u017eaidimas su pad\u0117klu ir priedais"}]},{"@type":"WebSite","@id":"https:\/\/kidsplay.lt\/#website","url":"https:\/\/kidsplay.lt\/","name":"B\u0113rnu sp\u0113les.lv","description":"\u012evairios prek\u0117s vaikams","publisher":{"@id":"https:\/\/kidsplay.lt\/#organization"},"alternateName":"Kidsplay","potentialAction":[{"@type":"SearchAction","target":{"@type":"EntryPoint","urlTemplate":"https:\/\/kidsplay.lt\/?s={search_term_string}"},"query-input":{"@type":"PropertyValueSpecification","valueRequired":true,"valueName":"search_term_string"}}],"inLanguage":"lv-LV"},{"@type":"Organization","@id":"https:\/\/kidsplay.lt\/#organization","name":"B\u0113rnu sp\u0113le","url":"https:\/\/kidsplay.lt\/","logo":{"@type":"ImageObject","inLanguage":"lv-LV","@id":"https:\/\/kidsplay.lt\/#\/schema\/logo\/image\/","url":"https:\/\/kidsplay.lt\/wp-content\/uploads\/2023\/07\/kidsplay-logo.png","contentUrl":"https:\/\/kidsplay.lt\/wp-content\/uploads\/2023\/07\/kidsplay-logo.png","width":451,"height":98,"caption":"KidsPlay"},"image":{"@id":"https:\/\/kidsplay.lt\/#\/schema\/logo\/image\/"},"sameAs":["https:\/\/www.facebook.com\/www.kidsplay.lt"]}]}},"_links":{"self":[{"href":"https:\/\/kidsplay.lt\/lv\/wp-json\/wp\/v2\/product\/89122","targetHints":{"allow":["GET"]}}],"collection":[{"href":"https:\/\/kidsplay.lt\/lv\/wp-json\/wp\/v2\/product"}],"about":[{"href":"https:\/\/kidsplay.lt\/lv\/wp-json\/wp\/v2\/types\/product"}],"version-history":[{"count":1,"href":"https:\/\/kidsplay.lt\/lv\/wp-json\/wp\/v2\/product\/89122\/revisions"}],"predecessor-version":[{"id":89123,"href":"https:\/\/kidsplay.lt\/lv\/wp-json\/wp\/v2\/product\/89122\/revisions\/89123"}],"wp:featuredmedia":[{"embeddable":true,"href":"https:\/\/kidsplay.lt\/lv\/wp-json\/wp\/v2\/media\/78917"}],"wp:attachment":[{"href":"https:\/\/kidsplay.lt\/lv\/wp-json\/wp\/v2\/media?parent=89122"}],"wp:term":[{"taxonomy":"product_brand","embeddable":true,"href":"https:\/\/kidsplay.lt\/lv\/wp-json\/wp\/v2\/product_brand?post=89122"},{"taxonomy":"product_cat","embeddable":true,"href":"https:\/\/kidsplay.lt\/lv\/wp-json\/wp\/v2\/product_cat?post=89122"},{"taxonomy":"product_tag","embeddable":true,"href":"https:\/\/kidsplay.lt\/lv\/wp-json\/wp\/v2\/product_tag?post=89122"}],"curies":[{"name":"wp","href":"https:\/\/api.w.org\/{rel}","templated":true}]}}