{"id":89133,"date":"2026-02-26T09:08:10","date_gmt":"2026-02-26T07:08:10","guid":{"rendered":"https:\/\/kidsplay.lt\/produktas\/classic-world-edu-mega-soft-eva-putplascio-statybiniai-blokeliai-surenkamas-stogas\/"},"modified":"2026-04-13T14:44:58","modified_gmt":"2026-04-13T11:44:58","slug":"classic-world-edu-mega-soft-eva-putplascio-statybiniai-blokeliai-surenkamas-stogas","status":"publish","type":"product","link":"https:\/\/kidsplay.lt\/lv\/products\/classic-world-edu-mega-soft-eva-putplascio-statybiniai-blokeliai-surenkamas-stogas\/","title":{"rendered":"CLASSIC WORLD EDU Mega Soft EVA putplas\u010dio statybiniai blokeliai &#8211; surenkamas stogas"},"content":{"rendered":"<p>\u201eClassic World\u201c\u00a0EVA kalad\u0117l\u0117s\u00a0\u2013\u00a0puikus lauko \u017eaidim\u0173 papildymas! Jei norite, kad j\u016bs\u0173 vaikas ilgai ir\u00a0\u012fdomiai\u00a0\u017eaist\u0173 lauke, EVA kalad\u0117l\u0117s yra puikus sprendimas. Jos leid\u017eia kurti sienas ir \u012fvairias konstrukcijas, kurias vaikai gali \u012fsivaizduoti. Kaladas galima sud\u0117ti \u012f \u012fvairias konstrukcijas, tod\u0117l linksmyb\u0117s niekada nesibaigs! Vaikai gali bendradarbiauti\u00a0kurdami\u00a0sud\u0117tingas konstrukcijas. D\u0117l\u00a0EVA\u00a0med\u017eiagos jos yra mink\u0161tos ir saugios vaikams. Auk\u0161tos kokyb\u0117s produktas,\u00a0atsparus\u00a0\u017eaidimams lauke.<\/p>\n<p>Rakstur\u012bgs:<\/p>\n<p> \t&#8211;\u00a0\u017daislas nuo\u00a03 met\u0173 am\u017eiaus<br \/>\n \t&#8211; Daug pastat\u0173 variant\u0173<br \/>\n \t&#8211; Pagaminta i\u0161 mink\u0161tos\u00a0EVA med\u017eiagos<br \/>\n \t&#8211; Rekomenduojame \u012fsigyti plyt\u0173 laikymo lauke skirt\u0105 saugykl\u0105 \/ konteiner\u012f (kodas\u00a0: CW70158)<br \/>\n \t&#8211; \u017daislas sudarytas i\u0161\u00a038 element\u0173<\/p>\n<p>\u0160tai keletas pavyzd\u017ei\u0173, kaip galite naudoti \u0161iuos konstrukcinius blokus:<\/p>\n<p> \tArchitekt\u016brin\u0117s konstrukcijos:\u00a0Vaikai gali naudoti mink\u0161tas kalad\u0117les \u012fvairiems architekt\u016briniams statiniams, pavyzd\u017eiui, namams, bok\u0161tams, tiltams ir pilims, statyti. Jie gali kurti savo projektus arba imituoti pa\u017e\u012fstamas konstrukcijas.\u00a0Tai lavina j\u0173 konstravimo \u012fg\u016bd\u017eius, erdvin\u012f suvokim\u0105 ir problem\u0173 sprendimo \u012fg\u016bd\u017eius.<br \/>\n \tMeniniai k\u016briniai:\u00a0EVA statybiniai kalad\u0117l\u0117s gali b\u016bti naudojamos k\u016brybingiems meniniams k\u016briniams kurti. Vaikai gali d\u0117lioti kalad\u0117les \u012f \u012fvairius ra\u0161tus ir formas, kurdami abstrak\u010dius arba tikrovi\u0161kus vaizdus. Jie taip pat gali eksperimentuoti su spalvomis ir tekst\u016bromis, kad sukurt\u0173 unikalius meno k\u016brinius.<br \/>\n \tLabirintai ir kli\u016b\u010di\u0173 ruo\u017eai:\u00a0D\u0117l mink\u0161t\u0173 kalad\u0117li\u0173 lankstumo vaikai gali konstruoti labirintus ir kli\u016b\u010di\u0173 ruo\u017eus. Jie gali sukurti \u012fvairaus sud\u0117tingumo lygius, kuriems reikia tikslumo, susikaupimo ir rank\u0173 miklumo.\u00a0Tai lavina motorin\u0119 koordinacij\u0105 ir planavimo \u012fg\u016bd\u017eius.<br \/>\n \tInteraktyv\u016bs \u017eaislai:\u00a0EVA kalad\u0117l\u0117s gali b\u016bti naudojamos kuriant interaktyvius \u017eaislus, tokius kaip d\u0117lion\u0117s, d\u0117lion\u0117s ir transporto priemon\u0117s. Vaikai gali kurti skirtingus modelius ir eksperimentuoti su skirtingais deriniais, o tai lavina j\u0173\u00a0loginius ir k\u016brybinius \u012fg\u016bd\u017eius.<br \/>\n \tGrupinis \u017eaidimas:\u00a0EVA kalad\u0117l\u0117s puikiai tinka grupiniam \u017eaidimui. Vaikai gali kartu konstruoti didesnius statinius, miestus ar peiza\u017eus, bendradarbiaudami ir bendraudami\u00a0. Tai lavina socialinius \u012fg\u016bd\u017eius, tokius kaip bendradarbiavimas, derybos ir konflikt\u0173 sprendimas.<\/p>\n<p>Rota\u013clieta att\u012bst\u0101s:<\/p>\n<p> \t&#8211; K\u016brybi\u0161kumas<br \/>\n \t\u2013 Lo\u0123isk\u0101 dom\u0101\u0161ana<br \/>\n \t&#8211; Smulk\u016bs motoriniai \u012fg\u016bd\u017eiai<br \/>\n \t&#8211; Erdvin\u0117 vaizduot\u0117<\/p>\n<p>Komplekt\u0101 ietilpst:<\/p>\n<p> \t&#8211; Trikamp\u0117 sija\u00a0x4<br \/>\n \t&#8211; 2\u00a0arkiniai langai<br \/>\n \t&#8211; Stogas\u00a0x32<\/p>","protected":false},"excerpt":{"rendered":"<p>\u201eClassic World\u201c\u00a0EVA kalad\u0117l\u0117s\u00a0\u2013\u00a0puikus lauko \u017eaidim\u0173 papildymas! Jei norite, kad j\u016bs\u0173 vaikas ilgai ir\u00a0\u012fdomiai\u00a0\u017eaist\u0173 lauke, EVA kalad\u0117l\u0117s yra puikus sprendimas. Jos<\/p>","protected":false},"featured_media":63339,"template":"","meta":{"_acf_changed":false,"_glsr_average":0,"_glsr_ranking":0,"_glsr_reviews":0},"product_brand":[],"product_cat":[673,229],"product_tag":[],"class_list":{"0":"post-89133","1":"product","2":"type-product","3":"status-publish","4":"has-post-thumbnail","6":"product_cat-ugdomosios-priemones","7":"product_cat-zaislai-vaikams","8":"\"style=\"background-color: #2ecc711c;\"","10":"first","11":"instock","12":"purchasable","13":"product-type-simple"},"acf":[],"yoast_head":"<!-- This site is optimized with the Yoast SEO plugin v27.4 - https:\/\/yoast.com\/product\/yoast-seo-wordpress\/ -->\n<title>CLASSIC WORLD EDU Mega Soft EVA putplas\u010dio statybiniai blokeliai &#8211; surenkamas stogas<\/title>\n<meta name=\"description\" content=\"CLASSIC WORLD EDU Mega Soft EVA putplas\u010dio statybiniai blokeliai &#8211; surenkamas stogas - KidsPlay. Did\u017eiausias vaik\u0173 \u017eaisl\u0173 pasirinkimas.\" \/>\n<meta name=\"robots\" content=\"index, follow, max-snippet:-1, max-image-preview:large, max-video-preview:-1\" \/>\n<link rel=\"canonical\" href=\"https:\/\/kidsplay.lt\/lv\/products\/classic-world-edu-mega-soft-eva-putplascio-statybiniai-blokeliai-surenkamas-stogas\/\" \/>\n<meta property=\"og:locale\" content=\"lv_LV\" \/>\n<meta property=\"og:type\" content=\"article\" \/>\n<meta property=\"og:title\" content=\"CLASSIC WORLD EDU Mega Soft EVA putplas\u010dio statybiniai blokeliai &#8211; surenkamas stogas\" \/>\n<meta property=\"og:description\" content=\"CLASSIC WORLD EDU Mega Soft EVA putplas\u010dio statybiniai blokeliai &#8211; surenkamas stogas - KidsPlay. Did\u017eiausias vaik\u0173 \u017eaisl\u0173 pasirinkimas.\" \/>\n<meta property=\"og:url\" content=\"https:\/\/kidsplay.lt\/lv\/products\/classic-world-edu-mega-soft-eva-putplascio-statybiniai-blokeliai-surenkamas-stogas\/\" \/>\n<meta property=\"og:site_name\" content=\"KidsPlay\" \/>\n<meta property=\"article:publisher\" content=\"https:\/\/www.facebook.com\/www.kidsplay.lt\" \/>\n<meta property=\"article:modified_time\" content=\"2026-04-13T11:44:58+00:00\" \/>\n<meta property=\"og:image\" content=\"https:\/\/kidsplay.lt\/wp-content\/uploads\/2025\/09\/CLASSIC-WORLD-EDU-Mega-Soft-EVA-putplascio-statybiniai-blokeliai-8211-surenkamas-stogas.jpg\" \/>\n\t<meta property=\"og:image:width\" content=\"2500\" \/>\n\t<meta property=\"og:image:height\" content=\"2500\" \/>\n\t<meta property=\"og:image:type\" content=\"image\/jpeg\" \/>\n<meta name=\"twitter:card\" content=\"summary_large_image\" \/>\n<meta name=\"twitter:label1\" content=\"Est. reading time\" \/>\n\t<meta name=\"twitter:data1\" content=\"2 min\u016btes\" \/>\n<script type=\"application\/ld+json\" class=\"yoast-schema-graph\">{\"@context\":\"https:\\\/\\\/schema.org\",\"@graph\":[{\"@type\":\"WebPage\",\"@id\":\"https:\\\/\\\/kidsplay.lt\\\/produktas\\\/classic-world-edu-mega-soft-eva-putplascio-statybiniai-blokeliai-surenkamas-stogas\\\/\",\"url\":\"https:\\\/\\\/kidsplay.lt\\\/produktas\\\/classic-world-edu-mega-soft-eva-putplascio-statybiniai-blokeliai-surenkamas-stogas\\\/\",\"name\":\"CLASSIC WORLD EDU Mega Soft EVA putplas\u010dio statybiniai blokeliai &#8211; surenkamas stogas\",\"isPartOf\":{\"@id\":\"https:\\\/\\\/kidsplay.lt\\\/#website\"},\"primaryImageOfPage\":{\"@id\":\"https:\\\/\\\/kidsplay.lt\\\/produktas\\\/classic-world-edu-mega-soft-eva-putplascio-statybiniai-blokeliai-surenkamas-stogas\\\/#primaryimage\"},\"image\":{\"@id\":\"https:\\\/\\\/kidsplay.lt\\\/produktas\\\/classic-world-edu-mega-soft-eva-putplascio-statybiniai-blokeliai-surenkamas-stogas\\\/#primaryimage\"},\"thumbnailUrl\":\"https:\\\/\\\/kidsplay.lt\\\/wp-content\\\/uploads\\\/2025\\\/09\\\/CLASSIC-WORLD-EDU-Mega-Soft-EVA-putplascio-statybiniai-blokeliai-8211-surenkamas-stogas.jpg\",\"datePublished\":\"2026-02-26T07:08:10+00:00\",\"dateModified\":\"2026-04-13T11:44:58+00:00\",\"description\":\"CLASSIC WORLD EDU Mega Soft EVA putplas\u010dio statybiniai blokeliai &#8211; surenkamas stogas - KidsPlay. Did\u017eiausias vaik\u0173 \u017eaisl\u0173 pasirinkimas.\",\"breadcrumb\":{\"@id\":\"https:\\\/\\\/kidsplay.lt\\\/produktas\\\/classic-world-edu-mega-soft-eva-putplascio-statybiniai-blokeliai-surenkamas-stogas\\\/#breadcrumb\"},\"inLanguage\":\"lv-LV\",\"potentialAction\":[{\"@type\":\"ReadAction\",\"target\":[\"https:\\\/\\\/kidsplay.lt\\\/produktas\\\/classic-world-edu-mega-soft-eva-putplascio-statybiniai-blokeliai-surenkamas-stogas\\\/\"]}]},{\"@type\":\"ImageObject\",\"inLanguage\":\"lv-LV\",\"@id\":\"https:\\\/\\\/kidsplay.lt\\\/produktas\\\/classic-world-edu-mega-soft-eva-putplascio-statybiniai-blokeliai-surenkamas-stogas\\\/#primaryimage\",\"url\":\"https:\\\/\\\/kidsplay.lt\\\/wp-content\\\/uploads\\\/2025\\\/09\\\/CLASSIC-WORLD-EDU-Mega-Soft-EVA-putplascio-statybiniai-blokeliai-8211-surenkamas-stogas.jpg\",\"contentUrl\":\"https:\\\/\\\/kidsplay.lt\\\/wp-content\\\/uploads\\\/2025\\\/09\\\/CLASSIC-WORLD-EDU-Mega-Soft-EVA-putplascio-statybiniai-blokeliai-8211-surenkamas-stogas.jpg\",\"width\":2500,\"height\":2500,\"caption\":\"CLASSIC WORLD EDU Mega Soft EVA putplas\u010dio statybiniai blokeliai &#8211; surenkamas stogas\"},{\"@type\":\"BreadcrumbList\",\"@id\":\"https:\\\/\\\/kidsplay.lt\\\/produktas\\\/classic-world-edu-mega-soft-eva-putplascio-statybiniai-blokeliai-surenkamas-stogas\\\/#breadcrumb\",\"itemListElement\":[{\"@type\":\"ListItem\",\"position\":1,\"name\":\"Pagrindinis\",\"item\":\"https:\\\/\\\/kidsplay.lt\\\/\"},{\"@type\":\"ListItem\",\"position\":2,\"name\":\"Parduotuv\u0117\",\"item\":\"https:\\\/\\\/kidsplay.lt\\\/parduotuve\\\/\"},{\"@type\":\"ListItem\",\"position\":3,\"name\":\"CLASSIC WORLD EDU Mega Soft EVA putplas\u010dio statybiniai blokeliai &#8211; surenkamas stogas\"}]},{\"@type\":\"WebSite\",\"@id\":\"https:\\\/\\\/kidsplay.lt\\\/#website\",\"url\":\"https:\\\/\\\/kidsplay.lt\\\/\",\"name\":\"Kidsplay.lt\",\"description\":\"\u012evairios prek\u0117s vaikams\",\"publisher\":{\"@id\":\"https:\\\/\\\/kidsplay.lt\\\/#organization\"},\"alternateName\":\"Kidsplay\",\"potentialAction\":[{\"@type\":\"SearchAction\",\"target\":{\"@type\":\"EntryPoint\",\"urlTemplate\":\"https:\\\/\\\/kidsplay.lt\\\/?s={search_term_string}\"},\"query-input\":{\"@type\":\"PropertyValueSpecification\",\"valueRequired\":true,\"valueName\":\"search_term_string\"}}],\"inLanguage\":\"lv-LV\"},{\"@type\":\"Organization\",\"@id\":\"https:\\\/\\\/kidsplay.lt\\\/#organization\",\"name\":\"KidsPlay\",\"url\":\"https:\\\/\\\/kidsplay.lt\\\/\",\"logo\":{\"@type\":\"ImageObject\",\"inLanguage\":\"lv-LV\",\"@id\":\"https:\\\/\\\/kidsplay.lt\\\/#\\\/schema\\\/logo\\\/image\\\/\",\"url\":\"https:\\\/\\\/kidsplay.lt\\\/wp-content\\\/uploads\\\/2023\\\/07\\\/kidsplay-logo.png\",\"contentUrl\":\"https:\\\/\\\/kidsplay.lt\\\/wp-content\\\/uploads\\\/2023\\\/07\\\/kidsplay-logo.png\",\"width\":451,\"height\":98,\"caption\":\"KidsPlay\"},\"image\":{\"@id\":\"https:\\\/\\\/kidsplay.lt\\\/#\\\/schema\\\/logo\\\/image\\\/\"},\"sameAs\":[\"https:\\\/\\\/www.facebook.com\\\/www.kidsplay.lt\"]}]}<\/script>\n<!-- \/ Yoast SEO plugin. -->","yoast_head_json":{"title":"CLASSIC WORLD EDU Mega Soft EVA putplas\u010dio statybiniai blokeliai &#8211; surenkamas stogas","description":"CLASSIC WORLD EDU Mega Soft EVA putplas\u010dio statybiniai blokeliai &#8211; surenkamas stogas - KidsPlay. Did\u017eiausias vaik\u0173 \u017eaisl\u0173 pasirinkimas.","robots":{"index":"index","follow":"follow","max-snippet":"max-snippet:-1","max-image-preview":"max-image-preview:large","max-video-preview":"max-video-preview:-1"},"canonical":"https:\/\/kidsplay.lt\/lv\/products\/classic-world-edu-mega-soft-eva-putplascio-statybiniai-blokeliai-surenkamas-stogas\/","og_locale":"lv_LV","og_type":"article","og_title":"CLASSIC WORLD EDU Mega Soft EVA putplas\u010dio statybiniai blokeliai &#8211; surenkamas stogas","og_description":"CLASSIC WORLD EDU Mega Soft EVA putplas\u010dio statybiniai blokeliai &#8211; surenkamas stogas - KidsPlay. Did\u017eiausias vaik\u0173 \u017eaisl\u0173 pasirinkimas.","og_url":"https:\/\/kidsplay.lt\/lv\/products\/classic-world-edu-mega-soft-eva-putplascio-statybiniai-blokeliai-surenkamas-stogas\/","og_site_name":"KidsPlay","article_publisher":"https:\/\/www.facebook.com\/www.kidsplay.lt","article_modified_time":"2026-04-13T11:44:58+00:00","og_image":[{"width":2500,"height":2500,"url":"https:\/\/kidsplay.lt\/wp-content\/uploads\/2025\/09\/CLASSIC-WORLD-EDU-Mega-Soft-EVA-putplascio-statybiniai-blokeliai-8211-surenkamas-stogas.jpg","type":"image\/jpeg"}],"twitter_card":"summary_large_image","twitter_misc":{"Est. reading time":"2 min\u016btes"},"schema":{"@context":"https:\/\/schema.org","@graph":[{"@type":"WebPage","@id":"https:\/\/kidsplay.lt\/produktas\/classic-world-edu-mega-soft-eva-putplascio-statybiniai-blokeliai-surenkamas-stogas\/","url":"https:\/\/kidsplay.lt\/produktas\/classic-world-edu-mega-soft-eva-putplascio-statybiniai-blokeliai-surenkamas-stogas\/","name":"CLASSIC WORLD EDU Mega Soft EVA putplas\u010dio statybiniai blokeliai &#8211; surenkamas stogas","isPartOf":{"@id":"https:\/\/kidsplay.lt\/#website"},"primaryImageOfPage":{"@id":"https:\/\/kidsplay.lt\/produktas\/classic-world-edu-mega-soft-eva-putplascio-statybiniai-blokeliai-surenkamas-stogas\/#primaryimage"},"image":{"@id":"https:\/\/kidsplay.lt\/produktas\/classic-world-edu-mega-soft-eva-putplascio-statybiniai-blokeliai-surenkamas-stogas\/#primaryimage"},"thumbnailUrl":"https:\/\/kidsplay.lt\/wp-content\/uploads\/2025\/09\/CLASSIC-WORLD-EDU-Mega-Soft-EVA-putplascio-statybiniai-blokeliai-8211-surenkamas-stogas.jpg","datePublished":"2026-02-26T07:08:10+00:00","dateModified":"2026-04-13T11:44:58+00:00","description":"CLASSIC WORLD EDU Mega Soft EVA putplas\u010dio statybiniai blokeliai &#8211; surenkamas stogas - KidsPlay. Did\u017eiausias vaik\u0173 \u017eaisl\u0173 pasirinkimas.","breadcrumb":{"@id":"https:\/\/kidsplay.lt\/produktas\/classic-world-edu-mega-soft-eva-putplascio-statybiniai-blokeliai-surenkamas-stogas\/#breadcrumb"},"inLanguage":"lv-LV","potentialAction":[{"@type":"ReadAction","target":["https:\/\/kidsplay.lt\/produktas\/classic-world-edu-mega-soft-eva-putplascio-statybiniai-blokeliai-surenkamas-stogas\/"]}]},{"@type":"ImageObject","inLanguage":"lv-LV","@id":"https:\/\/kidsplay.lt\/produktas\/classic-world-edu-mega-soft-eva-putplascio-statybiniai-blokeliai-surenkamas-stogas\/#primaryimage","url":"https:\/\/kidsplay.lt\/wp-content\/uploads\/2025\/09\/CLASSIC-WORLD-EDU-Mega-Soft-EVA-putplascio-statybiniai-blokeliai-8211-surenkamas-stogas.jpg","contentUrl":"https:\/\/kidsplay.lt\/wp-content\/uploads\/2025\/09\/CLASSIC-WORLD-EDU-Mega-Soft-EVA-putplascio-statybiniai-blokeliai-8211-surenkamas-stogas.jpg","width":2500,"height":2500,"caption":"CLASSIC WORLD EDU Mega Soft EVA putplas\u010dio statybiniai blokeliai &#8211; surenkamas stogas"},{"@type":"BreadcrumbList","@id":"https:\/\/kidsplay.lt\/produktas\/classic-world-edu-mega-soft-eva-putplascio-statybiniai-blokeliai-surenkamas-stogas\/#breadcrumb","itemListElement":[{"@type":"ListItem","position":1,"name":"Pagrindinis","item":"https:\/\/kidsplay.lt\/"},{"@type":"ListItem","position":2,"name":"Parduotuv\u0117","item":"https:\/\/kidsplay.lt\/parduotuve\/"},{"@type":"ListItem","position":3,"name":"CLASSIC WORLD EDU Mega Soft EVA putplas\u010dio statybiniai blokeliai &#8211; surenkamas stogas"}]},{"@type":"WebSite","@id":"https:\/\/kidsplay.lt\/#website","url":"https:\/\/kidsplay.lt\/","name":"B\u0113rnu sp\u0113les.lv","description":"\u012evairios prek\u0117s vaikams","publisher":{"@id":"https:\/\/kidsplay.lt\/#organization"},"alternateName":"Kidsplay","potentialAction":[{"@type":"SearchAction","target":{"@type":"EntryPoint","urlTemplate":"https:\/\/kidsplay.lt\/?s={search_term_string}"},"query-input":{"@type":"PropertyValueSpecification","valueRequired":true,"valueName":"search_term_string"}}],"inLanguage":"lv-LV"},{"@type":"Organization","@id":"https:\/\/kidsplay.lt\/#organization","name":"B\u0113rnu sp\u0113le","url":"https:\/\/kidsplay.lt\/","logo":{"@type":"ImageObject","inLanguage":"lv-LV","@id":"https:\/\/kidsplay.lt\/#\/schema\/logo\/image\/","url":"https:\/\/kidsplay.lt\/wp-content\/uploads\/2023\/07\/kidsplay-logo.png","contentUrl":"https:\/\/kidsplay.lt\/wp-content\/uploads\/2023\/07\/kidsplay-logo.png","width":451,"height":98,"caption":"KidsPlay"},"image":{"@id":"https:\/\/kidsplay.lt\/#\/schema\/logo\/image\/"},"sameAs":["https:\/\/www.facebook.com\/www.kidsplay.lt"]}]}},"_links":{"self":[{"href":"https:\/\/kidsplay.lt\/lv\/wp-json\/wp\/v2\/product\/89133","targetHints":{"allow":["GET"]}}],"collection":[{"href":"https:\/\/kidsplay.lt\/lv\/wp-json\/wp\/v2\/product"}],"about":[{"href":"https:\/\/kidsplay.lt\/lv\/wp-json\/wp\/v2\/types\/product"}],"version-history":[{"count":1,"href":"https:\/\/kidsplay.lt\/lv\/wp-json\/wp\/v2\/product\/89133\/revisions"}],"predecessor-version":[{"id":89134,"href":"https:\/\/kidsplay.lt\/lv\/wp-json\/wp\/v2\/product\/89133\/revisions\/89134"}],"wp:featuredmedia":[{"embeddable":true,"href":"https:\/\/kidsplay.lt\/lv\/wp-json\/wp\/v2\/media\/63339"}],"wp:attachment":[{"href":"https:\/\/kidsplay.lt\/lv\/wp-json\/wp\/v2\/media?parent=89133"}],"wp:term":[{"taxonomy":"product_brand","embeddable":true,"href":"https:\/\/kidsplay.lt\/lv\/wp-json\/wp\/v2\/product_brand?post=89133"},{"taxonomy":"product_cat","embeddable":true,"href":"https:\/\/kidsplay.lt\/lv\/wp-json\/wp\/v2\/product_cat?post=89133"},{"taxonomy":"product_tag","embeddable":true,"href":"https:\/\/kidsplay.lt\/lv\/wp-json\/wp\/v2\/product_tag?post=89133"}],"curies":[{"name":"wp","href":"https:\/\/api.w.org\/{rel}","templated":true}]}}