{"id":89135,"date":"2026-02-26T09:08:13","date_gmt":"2026-02-26T07:08:13","guid":{"rendered":"https:\/\/kidsplay.lt\/produktas\/woopie-baby-kosmines-raketos-veikla-lavinamasis-sensorinis-kubas-18-men\/"},"modified":"2026-04-07T10:23:47","modified_gmt":"2026-04-07T07:23:47","slug":"woopie-baby-kosmines-raketos-veikla-lavinamasis-sensorinis-kubas-18-men","status":"publish","type":"product","link":"https:\/\/kidsplay.lt\/lv\/products\/woopie-baby-kosmines-raketos-veikla-lavinamasis-sensorinis-kubas-18-men\/","title":{"rendered":"WOOPIE BABY Kosmosa ra\u0137etes aktivit\u0101te \u2013 izgl\u012btojo\u0161s sensorais kubs no 18 m\u0113ne\u0161u vecuma"},"content":{"rendered":"<p>WOOPIE 6 viename kosmin\u0117 raketa!<\/p>\n<p>Atraskite linksmybi\u0173 ir mokymosi pasaul\u012f su\u00a0WOOPIE aktyvumo kubeliu\u00a0! \u0160is spalvingas, sensorinis \u017eaislas sukurtas specialiai vaikams nuo\u00a018 m\u0117nesi\u0173 am\u017eiaus\u00a0. \u0160e\u0161ios interaktyvios panel\u0117s lavina j\u016bs\u0173 ma\u017eylio motorinius \u012fg\u016bd\u017eius, aki\u0173 ir rank\u0173 koordinacij\u0105 bei poj\u016b\u010dius.<\/p>\n<p>Rakstur\u012bgs:<\/p>\n<p>\u2705 Nuo 18 m\u0117nesi\u0173 am\u017eiaus<\/p>\n<p>\u2705 6 sensorin\u0117s-motorin\u0117s funkcijos<\/p>\n<p>\u2705 Saugios med\u017eiagos, suapvalinti kra\u0161tai ir netoksi\u0161ki da\u017eai \u2013 ramiam \u017eaidimui t\u0117vams ir vaikams.<\/p>\n<p>\u2705 Puikiai tinka mokymuisi \u017eaid\u017eiant: griebiant, sukant, spaud\u017eiant ir traukiant<\/p>\n<p>\u2705 Kei\u010diamos dinozauro ir li\u016bto galvos<\/p>","protected":false},"excerpt":{"rendered":"<p>WOOPIE 6 viename kosmin\u0117 raketa! Atraskite linksmybi\u0173 ir mokymosi pasaul\u012f su\u00a0WOOPIE aktyvumo kubeliu\u00a0! \u0160is spalvingas, sensorinis \u017eaislas sukurtas specialiai vaikams<\/p>","protected":false},"featured_media":78922,"template":"","meta":{"_acf_changed":false,"_glsr_average":0,"_glsr_ranking":0,"_glsr_reviews":0},"product_brand":[],"product_cat":[396,229],"product_tag":[],"class_list":{"0":"post-89135","1":"product","2":"type-product","3":"status-publish","4":"has-post-thumbnail","6":"product_cat-kudikiu-zaislai-vaikams2","7":"product_cat-zaislai-vaikams","8":"\"style=\"background-color: #2ecc711c;\"","10":"first","11":"instock","12":"purchasable","13":"product-type-simple"},"acf":[],"yoast_head":"<!-- This site is optimized with the Yoast SEO plugin v27.3 - https:\/\/yoast.com\/product\/yoast-seo-wordpress\/ -->\n<title>WOOPIE BABY Kosmin\u0117s raketos veikla &#8211; lavinamasis sensorinis kubas 18 m\u0117n.+<\/title>\n<meta name=\"description\" content=\"WOOPIE BABY Kosmin\u0117s raketos veikla &#8211; lavinamasis sensorinis kubas 18 m\u0117n.+ - KidsPlay. Did\u017eiausias vaik\u0173 \u017eaisl\u0173 pasirinkimas.\" \/>\n<meta name=\"robots\" content=\"index, follow, max-snippet:-1, max-image-preview:large, max-video-preview:-1\" \/>\n<link rel=\"canonical\" href=\"https:\/\/kidsplay.lt\/lv\/products\/woopie-baby-kosmines-raketos-veikla-lavinamasis-sensorinis-kubas-18-men\/\" \/>\n<meta property=\"og:locale\" content=\"lv_LV\" \/>\n<meta property=\"og:type\" content=\"article\" \/>\n<meta property=\"og:title\" content=\"WOOPIE BABY Kosmin\u0117s raketos veikla &#8211; lavinamasis sensorinis kubas 18 m\u0117n.+\" \/>\n<meta property=\"og:description\" content=\"WOOPIE BABY Kosmin\u0117s raketos veikla &#8211; lavinamasis sensorinis kubas 18 m\u0117n.+ - KidsPlay. Did\u017eiausias vaik\u0173 \u017eaisl\u0173 pasirinkimas.\" \/>\n<meta property=\"og:url\" content=\"https:\/\/kidsplay.lt\/lv\/products\/woopie-baby-kosmines-raketos-veikla-lavinamasis-sensorinis-kubas-18-men\/\" \/>\n<meta property=\"og:site_name\" content=\"KidsPlay\" \/>\n<meta property=\"article:publisher\" content=\"https:\/\/www.facebook.com\/www.kidsplay.lt\" \/>\n<meta property=\"article:modified_time\" content=\"2026-04-07T07:23:47+00:00\" \/>\n<meta property=\"og:image\" content=\"https:\/\/kidsplay.lt\/wp-content\/uploads\/2025\/10\/WOOPIE-BABY-Kosmines-raketos-veikla-8211-lavinamasis-sensorinis-kubas-18-men.jpg\" \/>\n\t<meta property=\"og:image:width\" content=\"1000\" \/>\n\t<meta property=\"og:image:height\" content=\"1000\" \/>\n\t<meta property=\"og:image:type\" content=\"image\/jpeg\" \/>\n<meta name=\"twitter:card\" content=\"summary_large_image\" \/>\n<script type=\"application\/ld+json\" class=\"yoast-schema-graph\">{\"@context\":\"https:\\\/\\\/schema.org\",\"@graph\":[{\"@type\":\"WebPage\",\"@id\":\"https:\\\/\\\/kidsplay.lt\\\/produktas\\\/woopie-baby-kosmines-raketos-veikla-lavinamasis-sensorinis-kubas-18-men\\\/\",\"url\":\"https:\\\/\\\/kidsplay.lt\\\/produktas\\\/woopie-baby-kosmines-raketos-veikla-lavinamasis-sensorinis-kubas-18-men\\\/\",\"name\":\"WOOPIE BABY Kosmin\u0117s raketos veikla &#8211; lavinamasis sensorinis kubas 18 m\u0117n.+\",\"isPartOf\":{\"@id\":\"https:\\\/\\\/kidsplay.lt\\\/#website\"},\"primaryImageOfPage\":{\"@id\":\"https:\\\/\\\/kidsplay.lt\\\/produktas\\\/woopie-baby-kosmines-raketos-veikla-lavinamasis-sensorinis-kubas-18-men\\\/#primaryimage\"},\"image\":{\"@id\":\"https:\\\/\\\/kidsplay.lt\\\/produktas\\\/woopie-baby-kosmines-raketos-veikla-lavinamasis-sensorinis-kubas-18-men\\\/#primaryimage\"},\"thumbnailUrl\":\"https:\\\/\\\/kidsplay.lt\\\/wp-content\\\/uploads\\\/2025\\\/10\\\/WOOPIE-BABY-Kosmines-raketos-veikla-8211-lavinamasis-sensorinis-kubas-18-men.jpg\",\"datePublished\":\"2026-02-26T07:08:13+00:00\",\"dateModified\":\"2026-04-07T07:23:47+00:00\",\"description\":\"WOOPIE BABY Kosmin\u0117s raketos veikla &#8211; lavinamasis sensorinis kubas 18 m\u0117n.+ - KidsPlay. Did\u017eiausias vaik\u0173 \u017eaisl\u0173 pasirinkimas.\",\"breadcrumb\":{\"@id\":\"https:\\\/\\\/kidsplay.lt\\\/produktas\\\/woopie-baby-kosmines-raketos-veikla-lavinamasis-sensorinis-kubas-18-men\\\/#breadcrumb\"},\"inLanguage\":\"lv-LV\",\"potentialAction\":[{\"@type\":\"ReadAction\",\"target\":[\"https:\\\/\\\/kidsplay.lt\\\/produktas\\\/woopie-baby-kosmines-raketos-veikla-lavinamasis-sensorinis-kubas-18-men\\\/\"]}]},{\"@type\":\"ImageObject\",\"inLanguage\":\"lv-LV\",\"@id\":\"https:\\\/\\\/kidsplay.lt\\\/produktas\\\/woopie-baby-kosmines-raketos-veikla-lavinamasis-sensorinis-kubas-18-men\\\/#primaryimage\",\"url\":\"https:\\\/\\\/kidsplay.lt\\\/wp-content\\\/uploads\\\/2025\\\/10\\\/WOOPIE-BABY-Kosmines-raketos-veikla-8211-lavinamasis-sensorinis-kubas-18-men.jpg\",\"contentUrl\":\"https:\\\/\\\/kidsplay.lt\\\/wp-content\\\/uploads\\\/2025\\\/10\\\/WOOPIE-BABY-Kosmines-raketos-veikla-8211-lavinamasis-sensorinis-kubas-18-men.jpg\",\"width\":1000,\"height\":1000,\"caption\":\"WOOPIE BABY Kosmin\u0117s raketos veikla &#8211; lavinamasis sensorinis kubas 18 m\u0117n.+\"},{\"@type\":\"BreadcrumbList\",\"@id\":\"https:\\\/\\\/kidsplay.lt\\\/produktas\\\/woopie-baby-kosmines-raketos-veikla-lavinamasis-sensorinis-kubas-18-men\\\/#breadcrumb\",\"itemListElement\":[{\"@type\":\"ListItem\",\"position\":1,\"name\":\"Pagrindinis\",\"item\":\"https:\\\/\\\/kidsplay.lt\\\/\"},{\"@type\":\"ListItem\",\"position\":2,\"name\":\"Parduotuv\u0117\",\"item\":\"https:\\\/\\\/kidsplay.lt\\\/parduotuve\\\/\"},{\"@type\":\"ListItem\",\"position\":3,\"name\":\"WOOPIE BABY Kosmin\u0117s raketos veikla &#8211; lavinamasis sensorinis kubas 18 m\u0117n.+\"}]},{\"@type\":\"WebSite\",\"@id\":\"https:\\\/\\\/kidsplay.lt\\\/#website\",\"url\":\"https:\\\/\\\/kidsplay.lt\\\/\",\"name\":\"Kidsplay.lt\",\"description\":\"\u012evairios prek\u0117s vaikams\",\"publisher\":{\"@id\":\"https:\\\/\\\/kidsplay.lt\\\/#organization\"},\"alternateName\":\"Kidsplay\",\"potentialAction\":[{\"@type\":\"SearchAction\",\"target\":{\"@type\":\"EntryPoint\",\"urlTemplate\":\"https:\\\/\\\/kidsplay.lt\\\/?s={search_term_string}\"},\"query-input\":{\"@type\":\"PropertyValueSpecification\",\"valueRequired\":true,\"valueName\":\"search_term_string\"}}],\"inLanguage\":\"lv-LV\"},{\"@type\":\"Organization\",\"@id\":\"https:\\\/\\\/kidsplay.lt\\\/#organization\",\"name\":\"KidsPlay\",\"url\":\"https:\\\/\\\/kidsplay.lt\\\/\",\"logo\":{\"@type\":\"ImageObject\",\"inLanguage\":\"lv-LV\",\"@id\":\"https:\\\/\\\/kidsplay.lt\\\/#\\\/schema\\\/logo\\\/image\\\/\",\"url\":\"https:\\\/\\\/kidsplay.lt\\\/wp-content\\\/uploads\\\/2023\\\/07\\\/kidsplay-logo.png\",\"contentUrl\":\"https:\\\/\\\/kidsplay.lt\\\/wp-content\\\/uploads\\\/2023\\\/07\\\/kidsplay-logo.png\",\"width\":451,\"height\":98,\"caption\":\"KidsPlay\"},\"image\":{\"@id\":\"https:\\\/\\\/kidsplay.lt\\\/#\\\/schema\\\/logo\\\/image\\\/\"},\"sameAs\":[\"https:\\\/\\\/www.facebook.com\\\/www.kidsplay.lt\"]}]}<\/script>\n<!-- \/ Yoast SEO plugin. -->","yoast_head_json":{"title":"WOOPIE BABY Kosmosa ra\u0137etes aktivit\u0101te \u2013 izgl\u012btojo\u0161s sensorais kubs no 18 m\u0113ne\u0161u vecuma","description":"WOOPIE BABY Kosmin\u0117s raketos veikla &#8211; lavinamasis sensorinis kubas 18 m\u0117n.+ - KidsPlay. Did\u017eiausias vaik\u0173 \u017eaisl\u0173 pasirinkimas.","robots":{"index":"index","follow":"follow","max-snippet":"max-snippet:-1","max-image-preview":"max-image-preview:large","max-video-preview":"max-video-preview:-1"},"canonical":"https:\/\/kidsplay.lt\/lv\/products\/woopie-baby-kosmines-raketos-veikla-lavinamasis-sensorinis-kubas-18-men\/","og_locale":"lv_LV","og_type":"article","og_title":"WOOPIE BABY Kosmin\u0117s raketos veikla &#8211; lavinamasis sensorinis kubas 18 m\u0117n.+","og_description":"WOOPIE BABY Kosmin\u0117s raketos veikla &#8211; lavinamasis sensorinis kubas 18 m\u0117n.+ - KidsPlay. Did\u017eiausias vaik\u0173 \u017eaisl\u0173 pasirinkimas.","og_url":"https:\/\/kidsplay.lt\/lv\/products\/woopie-baby-kosmines-raketos-veikla-lavinamasis-sensorinis-kubas-18-men\/","og_site_name":"KidsPlay","article_publisher":"https:\/\/www.facebook.com\/www.kidsplay.lt","article_modified_time":"2026-04-07T07:23:47+00:00","og_image":[{"width":1000,"height":1000,"url":"https:\/\/kidsplay.lt\/wp-content\/uploads\/2025\/10\/WOOPIE-BABY-Kosmines-raketos-veikla-8211-lavinamasis-sensorinis-kubas-18-men.jpg","type":"image\/jpeg"}],"twitter_card":"summary_large_image","schema":{"@context":"https:\/\/schema.org","@graph":[{"@type":"WebPage","@id":"https:\/\/kidsplay.lt\/produktas\/woopie-baby-kosmines-raketos-veikla-lavinamasis-sensorinis-kubas-18-men\/","url":"https:\/\/kidsplay.lt\/produktas\/woopie-baby-kosmines-raketos-veikla-lavinamasis-sensorinis-kubas-18-men\/","name":"WOOPIE BABY Kosmosa ra\u0137etes aktivit\u0101te \u2013 izgl\u012btojo\u0161s sensorais kubs no 18 m\u0113ne\u0161u vecuma","isPartOf":{"@id":"https:\/\/kidsplay.lt\/#website"},"primaryImageOfPage":{"@id":"https:\/\/kidsplay.lt\/produktas\/woopie-baby-kosmines-raketos-veikla-lavinamasis-sensorinis-kubas-18-men\/#primaryimage"},"image":{"@id":"https:\/\/kidsplay.lt\/produktas\/woopie-baby-kosmines-raketos-veikla-lavinamasis-sensorinis-kubas-18-men\/#primaryimage"},"thumbnailUrl":"https:\/\/kidsplay.lt\/wp-content\/uploads\/2025\/10\/WOOPIE-BABY-Kosmines-raketos-veikla-8211-lavinamasis-sensorinis-kubas-18-men.jpg","datePublished":"2026-02-26T07:08:13+00:00","dateModified":"2026-04-07T07:23:47+00:00","description":"WOOPIE BABY Kosmin\u0117s raketos veikla &#8211; lavinamasis sensorinis kubas 18 m\u0117n.+ - KidsPlay. Did\u017eiausias vaik\u0173 \u017eaisl\u0173 pasirinkimas.","breadcrumb":{"@id":"https:\/\/kidsplay.lt\/produktas\/woopie-baby-kosmines-raketos-veikla-lavinamasis-sensorinis-kubas-18-men\/#breadcrumb"},"inLanguage":"lv-LV","potentialAction":[{"@type":"ReadAction","target":["https:\/\/kidsplay.lt\/produktas\/woopie-baby-kosmines-raketos-veikla-lavinamasis-sensorinis-kubas-18-men\/"]}]},{"@type":"ImageObject","inLanguage":"lv-LV","@id":"https:\/\/kidsplay.lt\/produktas\/woopie-baby-kosmines-raketos-veikla-lavinamasis-sensorinis-kubas-18-men\/#primaryimage","url":"https:\/\/kidsplay.lt\/wp-content\/uploads\/2025\/10\/WOOPIE-BABY-Kosmines-raketos-veikla-8211-lavinamasis-sensorinis-kubas-18-men.jpg","contentUrl":"https:\/\/kidsplay.lt\/wp-content\/uploads\/2025\/10\/WOOPIE-BABY-Kosmines-raketos-veikla-8211-lavinamasis-sensorinis-kubas-18-men.jpg","width":1000,"height":1000,"caption":"WOOPIE BABY Kosmin\u0117s raketos veikla &#8211; lavinamasis sensorinis kubas 18 m\u0117n.+"},{"@type":"BreadcrumbList","@id":"https:\/\/kidsplay.lt\/produktas\/woopie-baby-kosmines-raketos-veikla-lavinamasis-sensorinis-kubas-18-men\/#breadcrumb","itemListElement":[{"@type":"ListItem","position":1,"name":"Pagrindinis","item":"https:\/\/kidsplay.lt\/"},{"@type":"ListItem","position":2,"name":"Parduotuv\u0117","item":"https:\/\/kidsplay.lt\/parduotuve\/"},{"@type":"ListItem","position":3,"name":"WOOPIE BABY Kosmin\u0117s raketos veikla &#8211; lavinamasis sensorinis kubas 18 m\u0117n.+"}]},{"@type":"WebSite","@id":"https:\/\/kidsplay.lt\/#website","url":"https:\/\/kidsplay.lt\/","name":"B\u0113rnu sp\u0113les.lv","description":"\u012evairios prek\u0117s vaikams","publisher":{"@id":"https:\/\/kidsplay.lt\/#organization"},"alternateName":"Kidsplay","potentialAction":[{"@type":"SearchAction","target":{"@type":"EntryPoint","urlTemplate":"https:\/\/kidsplay.lt\/?s={search_term_string}"},"query-input":{"@type":"PropertyValueSpecification","valueRequired":true,"valueName":"search_term_string"}}],"inLanguage":"lv-LV"},{"@type":"Organization","@id":"https:\/\/kidsplay.lt\/#organization","name":"B\u0113rnu sp\u0113le","url":"https:\/\/kidsplay.lt\/","logo":{"@type":"ImageObject","inLanguage":"lv-LV","@id":"https:\/\/kidsplay.lt\/#\/schema\/logo\/image\/","url":"https:\/\/kidsplay.lt\/wp-content\/uploads\/2023\/07\/kidsplay-logo.png","contentUrl":"https:\/\/kidsplay.lt\/wp-content\/uploads\/2023\/07\/kidsplay-logo.png","width":451,"height":98,"caption":"KidsPlay"},"image":{"@id":"https:\/\/kidsplay.lt\/#\/schema\/logo\/image\/"},"sameAs":["https:\/\/www.facebook.com\/www.kidsplay.lt"]}]}},"_links":{"self":[{"href":"https:\/\/kidsplay.lt\/lv\/wp-json\/wp\/v2\/product\/89135","targetHints":{"allow":["GET"]}}],"collection":[{"href":"https:\/\/kidsplay.lt\/lv\/wp-json\/wp\/v2\/product"}],"about":[{"href":"https:\/\/kidsplay.lt\/lv\/wp-json\/wp\/v2\/types\/product"}],"version-history":[{"count":1,"href":"https:\/\/kidsplay.lt\/lv\/wp-json\/wp\/v2\/product\/89135\/revisions"}],"predecessor-version":[{"id":89136,"href":"https:\/\/kidsplay.lt\/lv\/wp-json\/wp\/v2\/product\/89135\/revisions\/89136"}],"wp:featuredmedia":[{"embeddable":true,"href":"https:\/\/kidsplay.lt\/lv\/wp-json\/wp\/v2\/media\/78922"}],"wp:attachment":[{"href":"https:\/\/kidsplay.lt\/lv\/wp-json\/wp\/v2\/media?parent=89135"}],"wp:term":[{"taxonomy":"product_brand","embeddable":true,"href":"https:\/\/kidsplay.lt\/lv\/wp-json\/wp\/v2\/product_brand?post=89135"},{"taxonomy":"product_cat","embeddable":true,"href":"https:\/\/kidsplay.lt\/lv\/wp-json\/wp\/v2\/product_cat?post=89135"},{"taxonomy":"product_tag","embeddable":true,"href":"https:\/\/kidsplay.lt\/lv\/wp-json\/wp\/v2\/product_tag?post=89135"}],"curies":[{"name":"wp","href":"https:\/\/api.w.org\/{rel}","templated":true}]}}