{"id":89137,"date":"2026-02-26T09:08:15","date_gmt":"2026-02-26T07:08:15","guid":{"rendered":"https:\/\/kidsplay.lt\/produktas\/woopie-edukacinis-kubeliu-rusiavimo-rinkinys-4in1-formos\/"},"modified":"2026-04-07T10:23:50","modified_gmt":"2026-04-07T07:23:50","slug":"woopie-edukacinis-kubeliu-rusiavimo-rinkinys-4in1-formos","status":"publish","type":"product","link":"https:\/\/kidsplay.lt\/lv\/products\/woopie-edukacinis-kubeliu-rusiavimo-rinkinys-4in1-formos\/","title":{"rendered":"WOOPIE izgl\u012btojo\u0161ais kubu \u0161\u0137iro\u0161anas komplekts 4in1, formas"},"content":{"rendered":"<p>Lankstus 4 viename edukacinis kubas<\/p>\n<p>\u2714 \u0160is \u201eWoopie\u201c\u00a0\u017eaislas\u00a0skatins j\u016bs\u0173 vaiko vystym\u0105si! \u017daisdamas j\u016bs\u0173 vaikas\u00a0lavina poj\u016b\u010dius\u00a0ir\u00a0gerina rank\u0173 \u012fg\u016bd\u017eius.<\/p>\n<p>\u2714 Kiekviena\u00a0kalad\u0117l\u0117\u00a0i\u0161siskiria\u00a0, su\u017eadindama j\u016bs\u0173 vaiko\u00a0smalsum\u0105 tiek, kad\u00a0jis\u00a0nor\u0117s jas i\u0161imti ir \u012fd\u0117ti atgal \u012f r\u016b\u0161iavimo d\u0117\u017e\u0119. \u0160is \u017eaislas lavina\u00a0j\u016bs\u0173 vaiko\u00a0sensorinius\u00a0ir\u00a0pa\u017eintinius \u012fg\u016bd\u017eius\u00a0, skatindamas j\u012f eksperimentuoti.<\/p>\n<p>\u2714 Be to, vaikui augant, kalad\u0117les galima naudoti\u00a0spalvoms\u00a0ir\u00a0formoms\u00a0mokytis .\u00a0B\u016btinas\u00a0\u017eaislas\u00a0ankstyvaisiais vaiko metais!<\/p>\n<p>Rakstur\u012bgs:<\/p>\n<p>\u2705 \u017daislas\u00a0skirtas nuo 18 m\u0117nesi\u0173 am\u017eiaus<\/p>\n<p>\u2705 4 viename kubas:\u00a0r\u016b\u0161iuoklis, manipuliavimo skydelis, krumpliara\u010diai, kalad\u0117li\u0173 i\u0161traukimas virv\u0117mis<\/p>\n<p>\u2705 kubas turi\u00a0elastines juostas<\/p>\n<p>\u2705 \u017daislas lavina: vaiko poj\u016b\u010dius, smalsum\u0105, rankinius \u012fg\u016bd\u017eius<\/p>","protected":false},"excerpt":{"rendered":"<p>Lankstus 4 viename edukacinis kubas \u2714 \u0160is \u201eWoopie\u201c\u00a0\u017eaislas\u00a0skatins j\u016bs\u0173 vaiko vystym\u0105si! \u017daisdamas j\u016bs\u0173 vaikas\u00a0lavina poj\u016b\u010dius\u00a0ir\u00a0gerina rank\u0173 \u012fg\u016bd\u017eius. \u2714 Kiekviena\u00a0kalad\u0117l\u0117\u00a0i\u0161siskiria\u00a0, su\u017eadindama<\/p>","protected":false},"featured_media":63344,"template":"","meta":{"_acf_changed":false,"_glsr_average":0,"_glsr_ranking":0,"_glsr_reviews":0},"product_brand":[],"product_cat":[396],"product_tag":[],"class_list":{"0":"post-89137","1":"product","2":"type-product","3":"status-publish","4":"has-post-thumbnail","6":"product_cat-kudikiu-zaislai-vaikams2","7":"\"style=\"background-color: #2ecc711c;\"","9":"first","10":"instock","11":"purchasable","12":"product-type-simple"},"acf":[],"yoast_head":"<!-- This site is optimized with the Yoast SEO plugin v27.3 - https:\/\/yoast.com\/product\/yoast-seo-wordpress\/ -->\n<title>WOOPIE edukacinis kubeli\u0173 r\u016b\u0161iavimo rinkinys 4in1, formos<\/title>\n<meta name=\"description\" content=\"WOOPIE edukacinis kubeli\u0173 r\u016b\u0161iavimo rinkinys 4in1, formos - KidsPlay. Did\u017eiausias vaik\u0173 \u017eaisl\u0173 pasirinkimas.\" \/>\n<meta name=\"robots\" content=\"index, follow, max-snippet:-1, max-image-preview:large, max-video-preview:-1\" \/>\n<link rel=\"canonical\" href=\"https:\/\/kidsplay.lt\/lv\/products\/woopie-edukacinis-kubeliu-rusiavimo-rinkinys-4in1-formos\/\" \/>\n<meta property=\"og:locale\" content=\"lv_LV\" \/>\n<meta property=\"og:type\" content=\"article\" \/>\n<meta property=\"og:title\" content=\"WOOPIE edukacinis kubeli\u0173 r\u016b\u0161iavimo rinkinys 4in1, formos\" \/>\n<meta property=\"og:description\" content=\"WOOPIE edukacinis kubeli\u0173 r\u016b\u0161iavimo rinkinys 4in1, formos - KidsPlay. Did\u017eiausias vaik\u0173 \u017eaisl\u0173 pasirinkimas.\" \/>\n<meta property=\"og:url\" content=\"https:\/\/kidsplay.lt\/lv\/products\/woopie-edukacinis-kubeliu-rusiavimo-rinkinys-4in1-formos\/\" \/>\n<meta property=\"og:site_name\" content=\"KidsPlay\" \/>\n<meta property=\"article:publisher\" content=\"https:\/\/www.facebook.com\/www.kidsplay.lt\" \/>\n<meta property=\"article:modified_time\" content=\"2026-04-07T07:23:50+00:00\" \/>\n<meta property=\"og:image\" content=\"https:\/\/kidsplay.lt\/wp-content\/uploads\/2025\/09\/WOOPIE-edukacinis-kubeliu-rusiavimo-rinkinys-4in1-formos.jpg\" \/>\n\t<meta property=\"og:image:width\" content=\"800\" \/>\n\t<meta property=\"og:image:height\" content=\"800\" \/>\n\t<meta property=\"og:image:type\" content=\"image\/jpeg\" \/>\n<meta name=\"twitter:card\" content=\"summary_large_image\" \/>\n<meta name=\"twitter:label1\" content=\"Est. reading time\" \/>\n\t<meta name=\"twitter:data1\" content=\"1 min\u016bte\" \/>\n<script type=\"application\/ld+json\" class=\"yoast-schema-graph\">{\"@context\":\"https:\\\/\\\/schema.org\",\"@graph\":[{\"@type\":\"WebPage\",\"@id\":\"https:\\\/\\\/kidsplay.lt\\\/produktas\\\/woopie-edukacinis-kubeliu-rusiavimo-rinkinys-4in1-formos\\\/\",\"url\":\"https:\\\/\\\/kidsplay.lt\\\/produktas\\\/woopie-edukacinis-kubeliu-rusiavimo-rinkinys-4in1-formos\\\/\",\"name\":\"WOOPIE edukacinis kubeli\u0173 r\u016b\u0161iavimo rinkinys 4in1, formos\",\"isPartOf\":{\"@id\":\"https:\\\/\\\/kidsplay.lt\\\/#website\"},\"primaryImageOfPage\":{\"@id\":\"https:\\\/\\\/kidsplay.lt\\\/produktas\\\/woopie-edukacinis-kubeliu-rusiavimo-rinkinys-4in1-formos\\\/#primaryimage\"},\"image\":{\"@id\":\"https:\\\/\\\/kidsplay.lt\\\/produktas\\\/woopie-edukacinis-kubeliu-rusiavimo-rinkinys-4in1-formos\\\/#primaryimage\"},\"thumbnailUrl\":\"https:\\\/\\\/kidsplay.lt\\\/wp-content\\\/uploads\\\/2025\\\/09\\\/WOOPIE-edukacinis-kubeliu-rusiavimo-rinkinys-4in1-formos.jpg\",\"datePublished\":\"2026-02-26T07:08:15+00:00\",\"dateModified\":\"2026-04-07T07:23:50+00:00\",\"description\":\"WOOPIE edukacinis kubeli\u0173 r\u016b\u0161iavimo rinkinys 4in1, formos - KidsPlay. Did\u017eiausias vaik\u0173 \u017eaisl\u0173 pasirinkimas.\",\"breadcrumb\":{\"@id\":\"https:\\\/\\\/kidsplay.lt\\\/produktas\\\/woopie-edukacinis-kubeliu-rusiavimo-rinkinys-4in1-formos\\\/#breadcrumb\"},\"inLanguage\":\"lv-LV\",\"potentialAction\":[{\"@type\":\"ReadAction\",\"target\":[\"https:\\\/\\\/kidsplay.lt\\\/produktas\\\/woopie-edukacinis-kubeliu-rusiavimo-rinkinys-4in1-formos\\\/\"]}]},{\"@type\":\"ImageObject\",\"inLanguage\":\"lv-LV\",\"@id\":\"https:\\\/\\\/kidsplay.lt\\\/produktas\\\/woopie-edukacinis-kubeliu-rusiavimo-rinkinys-4in1-formos\\\/#primaryimage\",\"url\":\"https:\\\/\\\/kidsplay.lt\\\/wp-content\\\/uploads\\\/2025\\\/09\\\/WOOPIE-edukacinis-kubeliu-rusiavimo-rinkinys-4in1-formos.jpg\",\"contentUrl\":\"https:\\\/\\\/kidsplay.lt\\\/wp-content\\\/uploads\\\/2025\\\/09\\\/WOOPIE-edukacinis-kubeliu-rusiavimo-rinkinys-4in1-formos.jpg\",\"width\":800,\"height\":800,\"caption\":\"WOOPIE edukacinis kubeli\u0173 r\u016b\u0161iavimo rinkinys 4in1\"},{\"@type\":\"BreadcrumbList\",\"@id\":\"https:\\\/\\\/kidsplay.lt\\\/produktas\\\/woopie-edukacinis-kubeliu-rusiavimo-rinkinys-4in1-formos\\\/#breadcrumb\",\"itemListElement\":[{\"@type\":\"ListItem\",\"position\":1,\"name\":\"Pagrindinis\",\"item\":\"https:\\\/\\\/kidsplay.lt\\\/\"},{\"@type\":\"ListItem\",\"position\":2,\"name\":\"Parduotuv\u0117\",\"item\":\"https:\\\/\\\/kidsplay.lt\\\/parduotuve\\\/\"},{\"@type\":\"ListItem\",\"position\":3,\"name\":\"WOOPIE edukacinis kubeli\u0173 r\u016b\u0161iavimo rinkinys 4in1, formos\"}]},{\"@type\":\"WebSite\",\"@id\":\"https:\\\/\\\/kidsplay.lt\\\/#website\",\"url\":\"https:\\\/\\\/kidsplay.lt\\\/\",\"name\":\"Kidsplay.lt\",\"description\":\"\u012evairios prek\u0117s vaikams\",\"publisher\":{\"@id\":\"https:\\\/\\\/kidsplay.lt\\\/#organization\"},\"alternateName\":\"Kidsplay\",\"potentialAction\":[{\"@type\":\"SearchAction\",\"target\":{\"@type\":\"EntryPoint\",\"urlTemplate\":\"https:\\\/\\\/kidsplay.lt\\\/?s={search_term_string}\"},\"query-input\":{\"@type\":\"PropertyValueSpecification\",\"valueRequired\":true,\"valueName\":\"search_term_string\"}}],\"inLanguage\":\"lv-LV\"},{\"@type\":\"Organization\",\"@id\":\"https:\\\/\\\/kidsplay.lt\\\/#organization\",\"name\":\"KidsPlay\",\"url\":\"https:\\\/\\\/kidsplay.lt\\\/\",\"logo\":{\"@type\":\"ImageObject\",\"inLanguage\":\"lv-LV\",\"@id\":\"https:\\\/\\\/kidsplay.lt\\\/#\\\/schema\\\/logo\\\/image\\\/\",\"url\":\"https:\\\/\\\/kidsplay.lt\\\/wp-content\\\/uploads\\\/2023\\\/07\\\/kidsplay-logo.png\",\"contentUrl\":\"https:\\\/\\\/kidsplay.lt\\\/wp-content\\\/uploads\\\/2023\\\/07\\\/kidsplay-logo.png\",\"width\":451,\"height\":98,\"caption\":\"KidsPlay\"},\"image\":{\"@id\":\"https:\\\/\\\/kidsplay.lt\\\/#\\\/schema\\\/logo\\\/image\\\/\"},\"sameAs\":[\"https:\\\/\\\/www.facebook.com\\\/www.kidsplay.lt\"]}]}<\/script>\n<!-- \/ Yoast SEO plugin. -->","yoast_head_json":{"title":"WOOPIE izgl\u012btojo\u0161ais kubu \u0161\u0137iro\u0161anas komplekts 4in1, formas","description":"WOOPIE edukacinis kubeli\u0173 r\u016b\u0161iavimo rinkinys 4in1, formos - KidsPlay. Did\u017eiausias vaik\u0173 \u017eaisl\u0173 pasirinkimas.","robots":{"index":"index","follow":"follow","max-snippet":"max-snippet:-1","max-image-preview":"max-image-preview:large","max-video-preview":"max-video-preview:-1"},"canonical":"https:\/\/kidsplay.lt\/lv\/products\/woopie-edukacinis-kubeliu-rusiavimo-rinkinys-4in1-formos\/","og_locale":"lv_LV","og_type":"article","og_title":"WOOPIE edukacinis kubeli\u0173 r\u016b\u0161iavimo rinkinys 4in1, formos","og_description":"WOOPIE edukacinis kubeli\u0173 r\u016b\u0161iavimo rinkinys 4in1, formos - KidsPlay. Did\u017eiausias vaik\u0173 \u017eaisl\u0173 pasirinkimas.","og_url":"https:\/\/kidsplay.lt\/lv\/products\/woopie-edukacinis-kubeliu-rusiavimo-rinkinys-4in1-formos\/","og_site_name":"KidsPlay","article_publisher":"https:\/\/www.facebook.com\/www.kidsplay.lt","article_modified_time":"2026-04-07T07:23:50+00:00","og_image":[{"width":800,"height":800,"url":"https:\/\/kidsplay.lt\/wp-content\/uploads\/2025\/09\/WOOPIE-edukacinis-kubeliu-rusiavimo-rinkinys-4in1-formos.jpg","type":"image\/jpeg"}],"twitter_card":"summary_large_image","twitter_misc":{"Est. reading time":"1 min\u016bte"},"schema":{"@context":"https:\/\/schema.org","@graph":[{"@type":"WebPage","@id":"https:\/\/kidsplay.lt\/produktas\/woopie-edukacinis-kubeliu-rusiavimo-rinkinys-4in1-formos\/","url":"https:\/\/kidsplay.lt\/produktas\/woopie-edukacinis-kubeliu-rusiavimo-rinkinys-4in1-formos\/","name":"WOOPIE izgl\u012btojo\u0161ais kubu \u0161\u0137iro\u0161anas komplekts 4in1, formas","isPartOf":{"@id":"https:\/\/kidsplay.lt\/#website"},"primaryImageOfPage":{"@id":"https:\/\/kidsplay.lt\/produktas\/woopie-edukacinis-kubeliu-rusiavimo-rinkinys-4in1-formos\/#primaryimage"},"image":{"@id":"https:\/\/kidsplay.lt\/produktas\/woopie-edukacinis-kubeliu-rusiavimo-rinkinys-4in1-formos\/#primaryimage"},"thumbnailUrl":"https:\/\/kidsplay.lt\/wp-content\/uploads\/2025\/09\/WOOPIE-edukacinis-kubeliu-rusiavimo-rinkinys-4in1-formos.jpg","datePublished":"2026-02-26T07:08:15+00:00","dateModified":"2026-04-07T07:23:50+00:00","description":"WOOPIE edukacinis kubeli\u0173 r\u016b\u0161iavimo rinkinys 4in1, formos - KidsPlay. Did\u017eiausias vaik\u0173 \u017eaisl\u0173 pasirinkimas.","breadcrumb":{"@id":"https:\/\/kidsplay.lt\/produktas\/woopie-edukacinis-kubeliu-rusiavimo-rinkinys-4in1-formos\/#breadcrumb"},"inLanguage":"lv-LV","potentialAction":[{"@type":"ReadAction","target":["https:\/\/kidsplay.lt\/produktas\/woopie-edukacinis-kubeliu-rusiavimo-rinkinys-4in1-formos\/"]}]},{"@type":"ImageObject","inLanguage":"lv-LV","@id":"https:\/\/kidsplay.lt\/produktas\/woopie-edukacinis-kubeliu-rusiavimo-rinkinys-4in1-formos\/#primaryimage","url":"https:\/\/kidsplay.lt\/wp-content\/uploads\/2025\/09\/WOOPIE-edukacinis-kubeliu-rusiavimo-rinkinys-4in1-formos.jpg","contentUrl":"https:\/\/kidsplay.lt\/wp-content\/uploads\/2025\/09\/WOOPIE-edukacinis-kubeliu-rusiavimo-rinkinys-4in1-formos.jpg","width":800,"height":800,"caption":"WOOPIE edukacinis kubeli\u0173 r\u016b\u0161iavimo rinkinys 4in1"},{"@type":"BreadcrumbList","@id":"https:\/\/kidsplay.lt\/produktas\/woopie-edukacinis-kubeliu-rusiavimo-rinkinys-4in1-formos\/#breadcrumb","itemListElement":[{"@type":"ListItem","position":1,"name":"Pagrindinis","item":"https:\/\/kidsplay.lt\/"},{"@type":"ListItem","position":2,"name":"Parduotuv\u0117","item":"https:\/\/kidsplay.lt\/parduotuve\/"},{"@type":"ListItem","position":3,"name":"WOOPIE edukacinis kubeli\u0173 r\u016b\u0161iavimo rinkinys 4in1, formos"}]},{"@type":"WebSite","@id":"https:\/\/kidsplay.lt\/#website","url":"https:\/\/kidsplay.lt\/","name":"B\u0113rnu sp\u0113les.lv","description":"\u012evairios prek\u0117s vaikams","publisher":{"@id":"https:\/\/kidsplay.lt\/#organization"},"alternateName":"Kidsplay","potentialAction":[{"@type":"SearchAction","target":{"@type":"EntryPoint","urlTemplate":"https:\/\/kidsplay.lt\/?s={search_term_string}"},"query-input":{"@type":"PropertyValueSpecification","valueRequired":true,"valueName":"search_term_string"}}],"inLanguage":"lv-LV"},{"@type":"Organization","@id":"https:\/\/kidsplay.lt\/#organization","name":"B\u0113rnu sp\u0113le","url":"https:\/\/kidsplay.lt\/","logo":{"@type":"ImageObject","inLanguage":"lv-LV","@id":"https:\/\/kidsplay.lt\/#\/schema\/logo\/image\/","url":"https:\/\/kidsplay.lt\/wp-content\/uploads\/2023\/07\/kidsplay-logo.png","contentUrl":"https:\/\/kidsplay.lt\/wp-content\/uploads\/2023\/07\/kidsplay-logo.png","width":451,"height":98,"caption":"KidsPlay"},"image":{"@id":"https:\/\/kidsplay.lt\/#\/schema\/logo\/image\/"},"sameAs":["https:\/\/www.facebook.com\/www.kidsplay.lt"]}]}},"_links":{"self":[{"href":"https:\/\/kidsplay.lt\/lv\/wp-json\/wp\/v2\/product\/89137","targetHints":{"allow":["GET"]}}],"collection":[{"href":"https:\/\/kidsplay.lt\/lv\/wp-json\/wp\/v2\/product"}],"about":[{"href":"https:\/\/kidsplay.lt\/lv\/wp-json\/wp\/v2\/types\/product"}],"version-history":[{"count":1,"href":"https:\/\/kidsplay.lt\/lv\/wp-json\/wp\/v2\/product\/89137\/revisions"}],"predecessor-version":[{"id":89138,"href":"https:\/\/kidsplay.lt\/lv\/wp-json\/wp\/v2\/product\/89137\/revisions\/89138"}],"wp:featuredmedia":[{"embeddable":true,"href":"https:\/\/kidsplay.lt\/lv\/wp-json\/wp\/v2\/media\/63344"}],"wp:attachment":[{"href":"https:\/\/kidsplay.lt\/lv\/wp-json\/wp\/v2\/media?parent=89137"}],"wp:term":[{"taxonomy":"product_brand","embeddable":true,"href":"https:\/\/kidsplay.lt\/lv\/wp-json\/wp\/v2\/product_brand?post=89137"},{"taxonomy":"product_cat","embeddable":true,"href":"https:\/\/kidsplay.lt\/lv\/wp-json\/wp\/v2\/product_cat?post=89137"},{"taxonomy":"product_tag","embeddable":true,"href":"https:\/\/kidsplay.lt\/lv\/wp-json\/wp\/v2\/product_tag?post=89137"}],"curies":[{"name":"wp","href":"https:\/\/api.w.org\/{rel}","templated":true}]}}