{"id":89141,"date":"2026-02-26T09:08:20","date_gmt":"2026-02-26T07:08:20","guid":{"rendered":"https:\/\/kidsplay.lt\/produktas\/woopie-magnetinis-labirintas-2-viename-ludo-zaidimas\/"},"modified":"2026-04-13T14:45:12","modified_gmt":"2026-04-13T11:45:12","slug":"woopie-magnetinis-labirintas-2-viename-ludo-zaidimas","status":"publish","type":"product","link":"https:\/\/kidsplay.lt\/lv\/products\/woopie-magnetinis-labirintas-2-viename-ludo-zaidimas\/","title":{"rendered":"WOOPIE magnetinis labirintas 2 viename Ludo \u017eaidimas"},"content":{"rendered":"<p>Ie\u0161kote \u017eaislo, kuris ne tik linksmint\u0173, bet ir mokyt\u0173? \u0160i\u00a0spalvinga, magnetin\u0117 2 viename lenta\u00a0nukels j\u016bs\u0173 vaik\u0105 \u012f dinozaur\u0173 pasaul\u012f, kupin\u0105 i\u0161\u0161\u016bki\u0173, juoko ir k\u016brybi\u0161ko \u017eaidimo!<br \/>\n\u2705\u00a02in1 \u2013 Dvigubai daugiau malonumo!<br \/>\n\u2714\ufe0f\u00a0Magnetini\u0173 kamuoliuk\u0173 labirintas\u2013 specialiu magnetiniu ra\u0161ikliu judinkite kamuoliukus trasa, pilna vingi\u0173, pos\u016bki\u0173 ir kli\u016b\u010di\u0173. Padeda lavinti susikaupim\u0105 ir tikslum\u0105.<br \/>\n\u2714\ufe0f\u00a0Stalo \u017eaidimas (\u201ekini\u0161ko\u201c stiliaus)\u2013 klasikinis \u017eaidimas 2\u20134 \u017eaid\u0117jams. Rinkin\u012f sudaro spalvingos fig\u016br\u0117l\u0117s ir kauliukas, puikiai tinkantys \u0161eimos popiet\u0117ms!<br \/>\n\u2705 \u012e rinkin\u012f \u012feina:<\/p>\n<p>\u25fe Dvipus\u0117 lenta (labirintas + \u017eaidimas)<br \/>\n\u25fe 1 magnetinis ra\u0161iklis, pritvirtintas virvele<br \/>\n\u25fe Spalvoti magnetiniai rutuliukai (u\u017edengti stiklu)<br \/>\n\u25fe 16 p\u0117stinink\u0173 (po 4 kiekvienos i\u0161 4 spalv\u0173)<br \/>\n\u25fe 1 kauliukas<br \/>\n\u2705 Rota\u013clieta att\u012bst\u0101s:<br \/>\n\u2714 Lavina kantryb\u0119 ir susikaupim\u0105<br \/>\n\u2714 Lavina planavimo \u012fg\u016bd\u017eius<br \/>\n\u2714 Moko atpa\u017einti spalvas ir skai\u010diuoti<br \/>\n\u2714 Padeda lavinti rank\u0173 \u012fg\u016bd\u017eius<\/p>","protected":false},"excerpt":{"rendered":"<p>Ie\u0161kote \u017eaislo, kuris ne tik linksmint\u0173, bet ir mokyt\u0173? \u0160i\u00a0spalvinga, magnetin\u0117 2 viename lenta\u00a0nukels j\u016bs\u0173 vaik\u0105 \u012f dinozaur\u0173 pasaul\u012f, kupin\u0105<\/p>","protected":false},"featured_media":78930,"template":"","meta":{"_acf_changed":false,"_glsr_average":0,"_glsr_ranking":0,"_glsr_reviews":0},"product_brand":[],"product_cat":[388,229],"product_tag":[],"class_list":{"0":"post-89141","1":"product","2":"type-product","3":"status-publish","4":"has-post-thumbnail","6":"product_cat-edukaciniai-lavinamieji-zaislai","7":"product_cat-zaislai-vaikams","8":"\"style=\"background-color: #2ecc711c;\"","10":"first","11":"instock","12":"purchasable","13":"product-type-simple"},"acf":[],"yoast_head":"<!-- This site is optimized with the Yoast SEO plugin v27.4 - https:\/\/yoast.com\/product\/yoast-seo-wordpress\/ -->\n<title>WOOPIE magnetinis labirintas 2 viename Ludo \u017eaidimas<\/title>\n<meta name=\"description\" content=\"WOOPIE magnetinis labirintas 2 viename Ludo \u017eaidimas - KidsPlay. Did\u017eiausias vaik\u0173 \u017eaisl\u0173 pasirinkimas.\" \/>\n<meta name=\"robots\" content=\"index, follow, max-snippet:-1, max-image-preview:large, max-video-preview:-1\" \/>\n<link rel=\"canonical\" href=\"https:\/\/kidsplay.lt\/lv\/products\/woopie-magnetinis-labirintas-2-viename-ludo-zaidimas\/\" \/>\n<meta property=\"og:locale\" content=\"lv_LV\" \/>\n<meta property=\"og:type\" content=\"article\" \/>\n<meta property=\"og:title\" content=\"WOOPIE magnetinis labirintas 2 viename Ludo \u017eaidimas\" \/>\n<meta property=\"og:description\" content=\"WOOPIE magnetinis labirintas 2 viename Ludo \u017eaidimas - KidsPlay. Did\u017eiausias vaik\u0173 \u017eaisl\u0173 pasirinkimas.\" \/>\n<meta property=\"og:url\" content=\"https:\/\/kidsplay.lt\/lv\/products\/woopie-magnetinis-labirintas-2-viename-ludo-zaidimas\/\" \/>\n<meta property=\"og:site_name\" content=\"KidsPlay\" \/>\n<meta property=\"article:publisher\" content=\"https:\/\/www.facebook.com\/www.kidsplay.lt\" \/>\n<meta property=\"article:modified_time\" content=\"2026-04-13T11:45:12+00:00\" \/>\n<meta property=\"og:image\" content=\"https:\/\/kidsplay.lt\/wp-content\/uploads\/2025\/10\/WOOPIE-magnetinis-labirintas-2-viename-Ludo-zaidimas.jpg\" \/>\n\t<meta property=\"og:image:width\" content=\"1000\" \/>\n\t<meta property=\"og:image:height\" content=\"1000\" \/>\n\t<meta property=\"og:image:type\" content=\"image\/jpeg\" \/>\n<meta name=\"twitter:card\" content=\"summary_large_image\" \/>\n<meta name=\"twitter:label1\" content=\"Est. reading time\" \/>\n\t<meta name=\"twitter:data1\" content=\"1 min\u016bte\" \/>\n<script type=\"application\/ld+json\" class=\"yoast-schema-graph\">{\"@context\":\"https:\\\/\\\/schema.org\",\"@graph\":[{\"@type\":\"WebPage\",\"@id\":\"https:\\\/\\\/kidsplay.lt\\\/produktas\\\/woopie-magnetinis-labirintas-2-viename-ludo-zaidimas\\\/\",\"url\":\"https:\\\/\\\/kidsplay.lt\\\/produktas\\\/woopie-magnetinis-labirintas-2-viename-ludo-zaidimas\\\/\",\"name\":\"WOOPIE magnetinis labirintas 2 viename Ludo \u017eaidimas\",\"isPartOf\":{\"@id\":\"https:\\\/\\\/kidsplay.lt\\\/#website\"},\"primaryImageOfPage\":{\"@id\":\"https:\\\/\\\/kidsplay.lt\\\/produktas\\\/woopie-magnetinis-labirintas-2-viename-ludo-zaidimas\\\/#primaryimage\"},\"image\":{\"@id\":\"https:\\\/\\\/kidsplay.lt\\\/produktas\\\/woopie-magnetinis-labirintas-2-viename-ludo-zaidimas\\\/#primaryimage\"},\"thumbnailUrl\":\"https:\\\/\\\/kidsplay.lt\\\/wp-content\\\/uploads\\\/2025\\\/10\\\/WOOPIE-magnetinis-labirintas-2-viename-Ludo-zaidimas.jpg\",\"datePublished\":\"2026-02-26T07:08:20+00:00\",\"dateModified\":\"2026-04-13T11:45:12+00:00\",\"description\":\"WOOPIE magnetinis labirintas 2 viename Ludo \u017eaidimas - KidsPlay. Did\u017eiausias vaik\u0173 \u017eaisl\u0173 pasirinkimas.\",\"breadcrumb\":{\"@id\":\"https:\\\/\\\/kidsplay.lt\\\/produktas\\\/woopie-magnetinis-labirintas-2-viename-ludo-zaidimas\\\/#breadcrumb\"},\"inLanguage\":\"lv-LV\",\"potentialAction\":[{\"@type\":\"ReadAction\",\"target\":[\"https:\\\/\\\/kidsplay.lt\\\/produktas\\\/woopie-magnetinis-labirintas-2-viename-ludo-zaidimas\\\/\"]}]},{\"@type\":\"ImageObject\",\"inLanguage\":\"lv-LV\",\"@id\":\"https:\\\/\\\/kidsplay.lt\\\/produktas\\\/woopie-magnetinis-labirintas-2-viename-ludo-zaidimas\\\/#primaryimage\",\"url\":\"https:\\\/\\\/kidsplay.lt\\\/wp-content\\\/uploads\\\/2025\\\/10\\\/WOOPIE-magnetinis-labirintas-2-viename-Ludo-zaidimas.jpg\",\"contentUrl\":\"https:\\\/\\\/kidsplay.lt\\\/wp-content\\\/uploads\\\/2025\\\/10\\\/WOOPIE-magnetinis-labirintas-2-viename-Ludo-zaidimas.jpg\",\"width\":1000,\"height\":1000,\"caption\":\"WOOPIE magnetinis labirintas 2 viename Ludo \u017eaidimas\"},{\"@type\":\"BreadcrumbList\",\"@id\":\"https:\\\/\\\/kidsplay.lt\\\/produktas\\\/woopie-magnetinis-labirintas-2-viename-ludo-zaidimas\\\/#breadcrumb\",\"itemListElement\":[{\"@type\":\"ListItem\",\"position\":1,\"name\":\"Pagrindinis\",\"item\":\"https:\\\/\\\/kidsplay.lt\\\/\"},{\"@type\":\"ListItem\",\"position\":2,\"name\":\"Parduotuv\u0117\",\"item\":\"https:\\\/\\\/kidsplay.lt\\\/parduotuve\\\/\"},{\"@type\":\"ListItem\",\"position\":3,\"name\":\"WOOPIE magnetinis labirintas 2 viename Ludo \u017eaidimas\"}]},{\"@type\":\"WebSite\",\"@id\":\"https:\\\/\\\/kidsplay.lt\\\/#website\",\"url\":\"https:\\\/\\\/kidsplay.lt\\\/\",\"name\":\"Kidsplay.lt\",\"description\":\"\u012evairios prek\u0117s vaikams\",\"publisher\":{\"@id\":\"https:\\\/\\\/kidsplay.lt\\\/#organization\"},\"alternateName\":\"Kidsplay\",\"potentialAction\":[{\"@type\":\"SearchAction\",\"target\":{\"@type\":\"EntryPoint\",\"urlTemplate\":\"https:\\\/\\\/kidsplay.lt\\\/?s={search_term_string}\"},\"query-input\":{\"@type\":\"PropertyValueSpecification\",\"valueRequired\":true,\"valueName\":\"search_term_string\"}}],\"inLanguage\":\"lv-LV\"},{\"@type\":\"Organization\",\"@id\":\"https:\\\/\\\/kidsplay.lt\\\/#organization\",\"name\":\"KidsPlay\",\"url\":\"https:\\\/\\\/kidsplay.lt\\\/\",\"logo\":{\"@type\":\"ImageObject\",\"inLanguage\":\"lv-LV\",\"@id\":\"https:\\\/\\\/kidsplay.lt\\\/#\\\/schema\\\/logo\\\/image\\\/\",\"url\":\"https:\\\/\\\/kidsplay.lt\\\/wp-content\\\/uploads\\\/2023\\\/07\\\/kidsplay-logo.png\",\"contentUrl\":\"https:\\\/\\\/kidsplay.lt\\\/wp-content\\\/uploads\\\/2023\\\/07\\\/kidsplay-logo.png\",\"width\":451,\"height\":98,\"caption\":\"KidsPlay\"},\"image\":{\"@id\":\"https:\\\/\\\/kidsplay.lt\\\/#\\\/schema\\\/logo\\\/image\\\/\"},\"sameAs\":[\"https:\\\/\\\/www.facebook.com\\\/www.kidsplay.lt\"]}]}<\/script>\n<!-- \/ Yoast SEO plugin. -->","yoast_head_json":{"title":"WOOPIE magnetinis labirintas 2 viename Ludo \u017eaidimas","description":"WOOPIE magnetinis labirintas 2 viename Ludo \u017eaidimas - KidsPlay. Did\u017eiausias vaik\u0173 \u017eaisl\u0173 pasirinkimas.","robots":{"index":"index","follow":"follow","max-snippet":"max-snippet:-1","max-image-preview":"max-image-preview:large","max-video-preview":"max-video-preview:-1"},"canonical":"https:\/\/kidsplay.lt\/lv\/products\/woopie-magnetinis-labirintas-2-viename-ludo-zaidimas\/","og_locale":"lv_LV","og_type":"article","og_title":"WOOPIE magnetinis labirintas 2 viename Ludo \u017eaidimas","og_description":"WOOPIE magnetinis labirintas 2 viename Ludo \u017eaidimas - KidsPlay. Did\u017eiausias vaik\u0173 \u017eaisl\u0173 pasirinkimas.","og_url":"https:\/\/kidsplay.lt\/lv\/products\/woopie-magnetinis-labirintas-2-viename-ludo-zaidimas\/","og_site_name":"KidsPlay","article_publisher":"https:\/\/www.facebook.com\/www.kidsplay.lt","article_modified_time":"2026-04-13T11:45:12+00:00","og_image":[{"width":1000,"height":1000,"url":"https:\/\/kidsplay.lt\/wp-content\/uploads\/2025\/10\/WOOPIE-magnetinis-labirintas-2-viename-Ludo-zaidimas.jpg","type":"image\/jpeg"}],"twitter_card":"summary_large_image","twitter_misc":{"Est. reading time":"1 min\u016bte"},"schema":{"@context":"https:\/\/schema.org","@graph":[{"@type":"WebPage","@id":"https:\/\/kidsplay.lt\/produktas\/woopie-magnetinis-labirintas-2-viename-ludo-zaidimas\/","url":"https:\/\/kidsplay.lt\/produktas\/woopie-magnetinis-labirintas-2-viename-ludo-zaidimas\/","name":"WOOPIE magnetinis labirintas 2 viename Ludo \u017eaidimas","isPartOf":{"@id":"https:\/\/kidsplay.lt\/#website"},"primaryImageOfPage":{"@id":"https:\/\/kidsplay.lt\/produktas\/woopie-magnetinis-labirintas-2-viename-ludo-zaidimas\/#primaryimage"},"image":{"@id":"https:\/\/kidsplay.lt\/produktas\/woopie-magnetinis-labirintas-2-viename-ludo-zaidimas\/#primaryimage"},"thumbnailUrl":"https:\/\/kidsplay.lt\/wp-content\/uploads\/2025\/10\/WOOPIE-magnetinis-labirintas-2-viename-Ludo-zaidimas.jpg","datePublished":"2026-02-26T07:08:20+00:00","dateModified":"2026-04-13T11:45:12+00:00","description":"WOOPIE magnetinis labirintas 2 viename Ludo \u017eaidimas - KidsPlay. Did\u017eiausias vaik\u0173 \u017eaisl\u0173 pasirinkimas.","breadcrumb":{"@id":"https:\/\/kidsplay.lt\/produktas\/woopie-magnetinis-labirintas-2-viename-ludo-zaidimas\/#breadcrumb"},"inLanguage":"lv-LV","potentialAction":[{"@type":"ReadAction","target":["https:\/\/kidsplay.lt\/produktas\/woopie-magnetinis-labirintas-2-viename-ludo-zaidimas\/"]}]},{"@type":"ImageObject","inLanguage":"lv-LV","@id":"https:\/\/kidsplay.lt\/produktas\/woopie-magnetinis-labirintas-2-viename-ludo-zaidimas\/#primaryimage","url":"https:\/\/kidsplay.lt\/wp-content\/uploads\/2025\/10\/WOOPIE-magnetinis-labirintas-2-viename-Ludo-zaidimas.jpg","contentUrl":"https:\/\/kidsplay.lt\/wp-content\/uploads\/2025\/10\/WOOPIE-magnetinis-labirintas-2-viename-Ludo-zaidimas.jpg","width":1000,"height":1000,"caption":"WOOPIE magnetinis labirintas 2 viename Ludo \u017eaidimas"},{"@type":"BreadcrumbList","@id":"https:\/\/kidsplay.lt\/produktas\/woopie-magnetinis-labirintas-2-viename-ludo-zaidimas\/#breadcrumb","itemListElement":[{"@type":"ListItem","position":1,"name":"Pagrindinis","item":"https:\/\/kidsplay.lt\/"},{"@type":"ListItem","position":2,"name":"Parduotuv\u0117","item":"https:\/\/kidsplay.lt\/parduotuve\/"},{"@type":"ListItem","position":3,"name":"WOOPIE magnetinis labirintas 2 viename Ludo \u017eaidimas"}]},{"@type":"WebSite","@id":"https:\/\/kidsplay.lt\/#website","url":"https:\/\/kidsplay.lt\/","name":"B\u0113rnu sp\u0113les.lv","description":"\u012evairios prek\u0117s vaikams","publisher":{"@id":"https:\/\/kidsplay.lt\/#organization"},"alternateName":"Kidsplay","potentialAction":[{"@type":"SearchAction","target":{"@type":"EntryPoint","urlTemplate":"https:\/\/kidsplay.lt\/?s={search_term_string}"},"query-input":{"@type":"PropertyValueSpecification","valueRequired":true,"valueName":"search_term_string"}}],"inLanguage":"lv-LV"},{"@type":"Organization","@id":"https:\/\/kidsplay.lt\/#organization","name":"B\u0113rnu sp\u0113le","url":"https:\/\/kidsplay.lt\/","logo":{"@type":"ImageObject","inLanguage":"lv-LV","@id":"https:\/\/kidsplay.lt\/#\/schema\/logo\/image\/","url":"https:\/\/kidsplay.lt\/wp-content\/uploads\/2023\/07\/kidsplay-logo.png","contentUrl":"https:\/\/kidsplay.lt\/wp-content\/uploads\/2023\/07\/kidsplay-logo.png","width":451,"height":98,"caption":"KidsPlay"},"image":{"@id":"https:\/\/kidsplay.lt\/#\/schema\/logo\/image\/"},"sameAs":["https:\/\/www.facebook.com\/www.kidsplay.lt"]}]}},"_links":{"self":[{"href":"https:\/\/kidsplay.lt\/lv\/wp-json\/wp\/v2\/product\/89141","targetHints":{"allow":["GET"]}}],"collection":[{"href":"https:\/\/kidsplay.lt\/lv\/wp-json\/wp\/v2\/product"}],"about":[{"href":"https:\/\/kidsplay.lt\/lv\/wp-json\/wp\/v2\/types\/product"}],"version-history":[{"count":1,"href":"https:\/\/kidsplay.lt\/lv\/wp-json\/wp\/v2\/product\/89141\/revisions"}],"predecessor-version":[{"id":89142,"href":"https:\/\/kidsplay.lt\/lv\/wp-json\/wp\/v2\/product\/89141\/revisions\/89142"}],"wp:featuredmedia":[{"embeddable":true,"href":"https:\/\/kidsplay.lt\/lv\/wp-json\/wp\/v2\/media\/78930"}],"wp:attachment":[{"href":"https:\/\/kidsplay.lt\/lv\/wp-json\/wp\/v2\/media?parent=89141"}],"wp:term":[{"taxonomy":"product_brand","embeddable":true,"href":"https:\/\/kidsplay.lt\/lv\/wp-json\/wp\/v2\/product_brand?post=89141"},{"taxonomy":"product_cat","embeddable":true,"href":"https:\/\/kidsplay.lt\/lv\/wp-json\/wp\/v2\/product_cat?post=89141"},{"taxonomy":"product_tag","embeddable":true,"href":"https:\/\/kidsplay.lt\/lv\/wp-json\/wp\/v2\/product_tag?post=89141"}],"curies":[{"name":"wp","href":"https:\/\/api.w.org\/{rel}","templated":true}]}}