{"id":89149,"date":"2026-02-26T09:08:30","date_gmt":"2026-02-26T07:08:30","guid":{"rendered":"https:\/\/kidsplay.lt\/produktas\/woopie-interaktyvus-2-viename-sunu-stumiklis-lojantis-360-6-m\/"},"modified":"2026-04-13T14:45:28","modified_gmt":"2026-04-13T11:45:28","slug":"woopie-interaktyvus-2-viename-sunu-stumiklis-lojantis-360-6-m","status":"publish","type":"product","link":"https:\/\/kidsplay.lt\/lv\/products\/woopie-interaktyvus-2-viename-sunu-stumiklis-lojantis-360-6-m\/","title":{"rendered":"WOOPIE interakt\u012bvs 2-in-1 su\u0146u st\u016bm\u0113js, rej 360\u00b0, 6 m+"},"content":{"rendered":"<p>Interaktyvus WOOPIE \u0161uo\u00a0yra\u00a0puikus\u00a0kompanionas bet kuriam ma\u017eyliui, kuris tik pradeda savo vaik\u0161\u010diojimo nuotyk\u012f. \u017daidimo ir mokymosi derinimas\u00a0leid\u017eia\u00a0j\u016bs\u0173 vaikui vystytis nat\u016braliai ir maloniai.\u00a0Paglostykite jam per galv\u0105, ir jis reaguos \u017eaismingai!<br \/>\nRakstur\u012bgs:<\/p>\n<p> \t&#8211; \u017daislas vaikams\u00a0nuo 18 m\u0117nesi\u0173\u00a0.<br \/>\n \t&#8211; Interaktyvus \u0161uo,\u00a0judantis ant ratuk\u0173.<br \/>\n \t&#8211;\u00a0Skleid\u017eia\u00a0lojimo garsus\u00a0.<br \/>\n \t&#8211;\u00a0360\u00b0 besisukan\u010dios ausys ir uodega skatina smalsum\u0105 ir aki\u0173 bei rank\u0173 koordinacij\u0105<br \/>\n \t&#8211;\u00a0Pagaminta i\u0161\u00a0saugios ir patvarios med\u017eiagos\u00a0.<br \/>\n \t&#8211;\u00a0Pamaitink \u0161un\u012f kauleliu ir\u00a0jis parodys, koks laimingas.<br \/>\n \t&#8211;\u00a0Lanksti rankena leid\u017eia \u0161uniui\u00a0skland\u017eiai slysti bet kuria kryptimi<\/p>\n<p>Rota\u013clieta att\u012bst\u0101s:<\/p>\n<p> \t&#8211;\u00a0Motorin\u0117 koordinacija ir stambioji motorika\u00a0.<br \/>\n \t&#8211;\u00a0Vaizduot\u0117\u00a0ir k\u016brybinis m\u0105stymas.<br \/>\n \t&#8211;\u00a0Reg\u0117jimo ir klausos poj\u016b\u010diai\u00a0per \u0161vies\u0105 ir gars\u0105.<br \/>\n \t&#8211;\u00a0Geb\u0117jimas r\u016bpintis\u00a0ir atsakomyb\u0117s jausmas.<\/p>","protected":false},"excerpt":{"rendered":"<p>Interaktyvus WOOPIE \u0161uo\u00a0yra\u00a0puikus\u00a0kompanionas bet kuriam ma\u017eyliui, kuris tik pradeda savo vaik\u0161\u010diojimo nuotyk\u012f. \u017daidimo ir mokymosi derinimas\u00a0leid\u017eia\u00a0j\u016bs\u0173 vaikui vystytis nat\u016braliai ir<\/p>","protected":false},"featured_media":78935,"template":"","meta":{"_acf_changed":false,"_glsr_average":0,"_glsr_ranking":0,"_glsr_reviews":0},"product_brand":[],"product_cat":[396,229],"product_tag":[],"class_list":{"0":"post-89149","1":"product","2":"type-product","3":"status-publish","4":"has-post-thumbnail","6":"product_cat-kudikiu-zaislai-vaikams2","7":"product_cat-zaislai-vaikams","8":"\"style=\"background-color: #2ecc711c;\"","10":"first","11":"instock","12":"purchasable","13":"product-type-simple"},"acf":[],"yoast_head":"<!-- This site is optimized with the Yoast SEO plugin v27.4 - https:\/\/yoast.com\/product\/yoast-seo-wordpress\/ -->\n<title>WOOPIE interaktyvus 2 viename \u0161un\u0173 st\u016bmiklis lojantis 360\u00b0, 6 m+<\/title>\n<meta name=\"description\" content=\"WOOPIE interaktyvus 2 viename \u0161un\u0173 st\u016bmiklis lojantis 360\u00b0, 6 m+ - KidsPlay. Did\u017eiausias vaik\u0173 \u017eaisl\u0173 pasirinkimas.\" \/>\n<meta name=\"robots\" content=\"index, follow, max-snippet:-1, max-image-preview:large, max-video-preview:-1\" \/>\n<link rel=\"canonical\" href=\"https:\/\/kidsplay.lt\/lv\/products\/woopie-interaktyvus-2-viename-sunu-stumiklis-lojantis-360-6-m\/\" \/>\n<meta property=\"og:locale\" content=\"lv_LV\" \/>\n<meta property=\"og:type\" content=\"article\" \/>\n<meta property=\"og:title\" content=\"WOOPIE interaktyvus 2 viename \u0161un\u0173 st\u016bmiklis lojantis 360\u00b0, 6 m+\" \/>\n<meta property=\"og:description\" content=\"WOOPIE interaktyvus 2 viename \u0161un\u0173 st\u016bmiklis lojantis 360\u00b0, 6 m+ - KidsPlay. Did\u017eiausias vaik\u0173 \u017eaisl\u0173 pasirinkimas.\" \/>\n<meta property=\"og:url\" content=\"https:\/\/kidsplay.lt\/lv\/products\/woopie-interaktyvus-2-viename-sunu-stumiklis-lojantis-360-6-m\/\" \/>\n<meta property=\"og:site_name\" content=\"KidsPlay\" \/>\n<meta property=\"article:publisher\" content=\"https:\/\/www.facebook.com\/www.kidsplay.lt\" \/>\n<meta property=\"article:modified_time\" content=\"2026-04-13T11:45:28+00:00\" \/>\n<meta property=\"og:image\" content=\"https:\/\/kidsplay.lt\/wp-content\/uploads\/2025\/10\/WOOPIE-interaktyvus-2-viename-sunu-stumiklis-lojantis-360\u00b0-6-m.jpg\" \/>\n\t<meta property=\"og:image:width\" content=\"1000\" \/>\n\t<meta property=\"og:image:height\" content=\"1000\" \/>\n\t<meta property=\"og:image:type\" content=\"image\/jpeg\" \/>\n<meta name=\"twitter:card\" content=\"summary_large_image\" \/>\n<meta name=\"twitter:label1\" content=\"Est. reading time\" \/>\n\t<meta name=\"twitter:data1\" content=\"1 min\u016bte\" \/>\n<script type=\"application\/ld+json\" class=\"yoast-schema-graph\">{\"@context\":\"https:\\\/\\\/schema.org\",\"@graph\":[{\"@type\":\"WebPage\",\"@id\":\"https:\\\/\\\/kidsplay.lt\\\/produktas\\\/woopie-interaktyvus-2-viename-sunu-stumiklis-lojantis-360-6-m\\\/\",\"url\":\"https:\\\/\\\/kidsplay.lt\\\/produktas\\\/woopie-interaktyvus-2-viename-sunu-stumiklis-lojantis-360-6-m\\\/\",\"name\":\"WOOPIE interaktyvus 2 viename \u0161un\u0173 st\u016bmiklis lojantis 360\u00b0, 6 m+\",\"isPartOf\":{\"@id\":\"https:\\\/\\\/kidsplay.lt\\\/#website\"},\"primaryImageOfPage\":{\"@id\":\"https:\\\/\\\/kidsplay.lt\\\/produktas\\\/woopie-interaktyvus-2-viename-sunu-stumiklis-lojantis-360-6-m\\\/#primaryimage\"},\"image\":{\"@id\":\"https:\\\/\\\/kidsplay.lt\\\/produktas\\\/woopie-interaktyvus-2-viename-sunu-stumiklis-lojantis-360-6-m\\\/#primaryimage\"},\"thumbnailUrl\":\"https:\\\/\\\/kidsplay.lt\\\/wp-content\\\/uploads\\\/2025\\\/10\\\/WOOPIE-interaktyvus-2-viename-sunu-stumiklis-lojantis-360\u00b0-6-m.jpg\",\"datePublished\":\"2026-02-26T07:08:30+00:00\",\"dateModified\":\"2026-04-13T11:45:28+00:00\",\"description\":\"WOOPIE interaktyvus 2 viename \u0161un\u0173 st\u016bmiklis lojantis 360\u00b0, 6 m+ - KidsPlay. Did\u017eiausias vaik\u0173 \u017eaisl\u0173 pasirinkimas.\",\"breadcrumb\":{\"@id\":\"https:\\\/\\\/kidsplay.lt\\\/produktas\\\/woopie-interaktyvus-2-viename-sunu-stumiklis-lojantis-360-6-m\\\/#breadcrumb\"},\"inLanguage\":\"lv-LV\",\"potentialAction\":[{\"@type\":\"ReadAction\",\"target\":[\"https:\\\/\\\/kidsplay.lt\\\/produktas\\\/woopie-interaktyvus-2-viename-sunu-stumiklis-lojantis-360-6-m\\\/\"]}]},{\"@type\":\"ImageObject\",\"inLanguage\":\"lv-LV\",\"@id\":\"https:\\\/\\\/kidsplay.lt\\\/produktas\\\/woopie-interaktyvus-2-viename-sunu-stumiklis-lojantis-360-6-m\\\/#primaryimage\",\"url\":\"https:\\\/\\\/kidsplay.lt\\\/wp-content\\\/uploads\\\/2025\\\/10\\\/WOOPIE-interaktyvus-2-viename-sunu-stumiklis-lojantis-360\u00b0-6-m.jpg\",\"contentUrl\":\"https:\\\/\\\/kidsplay.lt\\\/wp-content\\\/uploads\\\/2025\\\/10\\\/WOOPIE-interaktyvus-2-viename-sunu-stumiklis-lojantis-360\u00b0-6-m.jpg\",\"width\":1000,\"height\":1000,\"caption\":\"WOOPIE interaktyvus 2 viename \u0161un\u0173 st\u016bmiklis lojantis 360\u00b0\"},{\"@type\":\"BreadcrumbList\",\"@id\":\"https:\\\/\\\/kidsplay.lt\\\/produktas\\\/woopie-interaktyvus-2-viename-sunu-stumiklis-lojantis-360-6-m\\\/#breadcrumb\",\"itemListElement\":[{\"@type\":\"ListItem\",\"position\":1,\"name\":\"Pagrindinis\",\"item\":\"https:\\\/\\\/kidsplay.lt\\\/\"},{\"@type\":\"ListItem\",\"position\":2,\"name\":\"Parduotuv\u0117\",\"item\":\"https:\\\/\\\/kidsplay.lt\\\/parduotuve\\\/\"},{\"@type\":\"ListItem\",\"position\":3,\"name\":\"WOOPIE interaktyvus 2 viename \u0161un\u0173 st\u016bmiklis lojantis 360\u00b0, 6 m+\"}]},{\"@type\":\"WebSite\",\"@id\":\"https:\\\/\\\/kidsplay.lt\\\/#website\",\"url\":\"https:\\\/\\\/kidsplay.lt\\\/\",\"name\":\"Kidsplay.lt\",\"description\":\"\u012evairios prek\u0117s vaikams\",\"publisher\":{\"@id\":\"https:\\\/\\\/kidsplay.lt\\\/#organization\"},\"alternateName\":\"Kidsplay\",\"potentialAction\":[{\"@type\":\"SearchAction\",\"target\":{\"@type\":\"EntryPoint\",\"urlTemplate\":\"https:\\\/\\\/kidsplay.lt\\\/?s={search_term_string}\"},\"query-input\":{\"@type\":\"PropertyValueSpecification\",\"valueRequired\":true,\"valueName\":\"search_term_string\"}}],\"inLanguage\":\"lv-LV\"},{\"@type\":\"Organization\",\"@id\":\"https:\\\/\\\/kidsplay.lt\\\/#organization\",\"name\":\"KidsPlay\",\"url\":\"https:\\\/\\\/kidsplay.lt\\\/\",\"logo\":{\"@type\":\"ImageObject\",\"inLanguage\":\"lv-LV\",\"@id\":\"https:\\\/\\\/kidsplay.lt\\\/#\\\/schema\\\/logo\\\/image\\\/\",\"url\":\"https:\\\/\\\/kidsplay.lt\\\/wp-content\\\/uploads\\\/2023\\\/07\\\/kidsplay-logo.png\",\"contentUrl\":\"https:\\\/\\\/kidsplay.lt\\\/wp-content\\\/uploads\\\/2023\\\/07\\\/kidsplay-logo.png\",\"width\":451,\"height\":98,\"caption\":\"KidsPlay\"},\"image\":{\"@id\":\"https:\\\/\\\/kidsplay.lt\\\/#\\\/schema\\\/logo\\\/image\\\/\"},\"sameAs\":[\"https:\\\/\\\/www.facebook.com\\\/www.kidsplay.lt\"]}]}<\/script>\n<!-- \/ Yoast SEO plugin. -->","yoast_head_json":{"title":"WOOPIE interakt\u012bvs 2-in-1 su\u0146u st\u016bm\u0113js, rej 360\u00b0, 6 m+","description":"WOOPIE interaktyvus 2 viename \u0161un\u0173 st\u016bmiklis lojantis 360\u00b0, 6 m+ - KidsPlay. Did\u017eiausias vaik\u0173 \u017eaisl\u0173 pasirinkimas.","robots":{"index":"index","follow":"follow","max-snippet":"max-snippet:-1","max-image-preview":"max-image-preview:large","max-video-preview":"max-video-preview:-1"},"canonical":"https:\/\/kidsplay.lt\/lv\/products\/woopie-interaktyvus-2-viename-sunu-stumiklis-lojantis-360-6-m\/","og_locale":"lv_LV","og_type":"article","og_title":"WOOPIE interaktyvus 2 viename \u0161un\u0173 st\u016bmiklis lojantis 360\u00b0, 6 m+","og_description":"WOOPIE interaktyvus 2 viename \u0161un\u0173 st\u016bmiklis lojantis 360\u00b0, 6 m+ - KidsPlay. Did\u017eiausias vaik\u0173 \u017eaisl\u0173 pasirinkimas.","og_url":"https:\/\/kidsplay.lt\/lv\/products\/woopie-interaktyvus-2-viename-sunu-stumiklis-lojantis-360-6-m\/","og_site_name":"KidsPlay","article_publisher":"https:\/\/www.facebook.com\/www.kidsplay.lt","article_modified_time":"2026-04-13T11:45:28+00:00","og_image":[{"width":1000,"height":1000,"url":"https:\/\/kidsplay.lt\/wp-content\/uploads\/2025\/10\/WOOPIE-interaktyvus-2-viename-sunu-stumiklis-lojantis-360\u00b0-6-m.jpg","type":"image\/jpeg"}],"twitter_card":"summary_large_image","twitter_misc":{"Est. reading time":"1 min\u016bte"},"schema":{"@context":"https:\/\/schema.org","@graph":[{"@type":"WebPage","@id":"https:\/\/kidsplay.lt\/produktas\/woopie-interaktyvus-2-viename-sunu-stumiklis-lojantis-360-6-m\/","url":"https:\/\/kidsplay.lt\/produktas\/woopie-interaktyvus-2-viename-sunu-stumiklis-lojantis-360-6-m\/","name":"WOOPIE interakt\u012bvs 2-in-1 su\u0146u st\u016bm\u0113js, rej 360\u00b0, 6 m+","isPartOf":{"@id":"https:\/\/kidsplay.lt\/#website"},"primaryImageOfPage":{"@id":"https:\/\/kidsplay.lt\/produktas\/woopie-interaktyvus-2-viename-sunu-stumiklis-lojantis-360-6-m\/#primaryimage"},"image":{"@id":"https:\/\/kidsplay.lt\/produktas\/woopie-interaktyvus-2-viename-sunu-stumiklis-lojantis-360-6-m\/#primaryimage"},"thumbnailUrl":"https:\/\/kidsplay.lt\/wp-content\/uploads\/2025\/10\/WOOPIE-interaktyvus-2-viename-sunu-stumiklis-lojantis-360\u00b0-6-m.jpg","datePublished":"2026-02-26T07:08:30+00:00","dateModified":"2026-04-13T11:45:28+00:00","description":"WOOPIE interaktyvus 2 viename \u0161un\u0173 st\u016bmiklis lojantis 360\u00b0, 6 m+ - KidsPlay. Did\u017eiausias vaik\u0173 \u017eaisl\u0173 pasirinkimas.","breadcrumb":{"@id":"https:\/\/kidsplay.lt\/produktas\/woopie-interaktyvus-2-viename-sunu-stumiklis-lojantis-360-6-m\/#breadcrumb"},"inLanguage":"lv-LV","potentialAction":[{"@type":"ReadAction","target":["https:\/\/kidsplay.lt\/produktas\/woopie-interaktyvus-2-viename-sunu-stumiklis-lojantis-360-6-m\/"]}]},{"@type":"ImageObject","inLanguage":"lv-LV","@id":"https:\/\/kidsplay.lt\/produktas\/woopie-interaktyvus-2-viename-sunu-stumiklis-lojantis-360-6-m\/#primaryimage","url":"https:\/\/kidsplay.lt\/wp-content\/uploads\/2025\/10\/WOOPIE-interaktyvus-2-viename-sunu-stumiklis-lojantis-360\u00b0-6-m.jpg","contentUrl":"https:\/\/kidsplay.lt\/wp-content\/uploads\/2025\/10\/WOOPIE-interaktyvus-2-viename-sunu-stumiklis-lojantis-360\u00b0-6-m.jpg","width":1000,"height":1000,"caption":"WOOPIE interaktyvus 2 viename \u0161un\u0173 st\u016bmiklis lojantis 360\u00b0"},{"@type":"BreadcrumbList","@id":"https:\/\/kidsplay.lt\/produktas\/woopie-interaktyvus-2-viename-sunu-stumiklis-lojantis-360-6-m\/#breadcrumb","itemListElement":[{"@type":"ListItem","position":1,"name":"Pagrindinis","item":"https:\/\/kidsplay.lt\/"},{"@type":"ListItem","position":2,"name":"Parduotuv\u0117","item":"https:\/\/kidsplay.lt\/parduotuve\/"},{"@type":"ListItem","position":3,"name":"WOOPIE interaktyvus 2 viename \u0161un\u0173 st\u016bmiklis lojantis 360\u00b0, 6 m+"}]},{"@type":"WebSite","@id":"https:\/\/kidsplay.lt\/#website","url":"https:\/\/kidsplay.lt\/","name":"B\u0113rnu sp\u0113les.lv","description":"\u012evairios prek\u0117s vaikams","publisher":{"@id":"https:\/\/kidsplay.lt\/#organization"},"alternateName":"Kidsplay","potentialAction":[{"@type":"SearchAction","target":{"@type":"EntryPoint","urlTemplate":"https:\/\/kidsplay.lt\/?s={search_term_string}"},"query-input":{"@type":"PropertyValueSpecification","valueRequired":true,"valueName":"search_term_string"}}],"inLanguage":"lv-LV"},{"@type":"Organization","@id":"https:\/\/kidsplay.lt\/#organization","name":"B\u0113rnu sp\u0113le","url":"https:\/\/kidsplay.lt\/","logo":{"@type":"ImageObject","inLanguage":"lv-LV","@id":"https:\/\/kidsplay.lt\/#\/schema\/logo\/image\/","url":"https:\/\/kidsplay.lt\/wp-content\/uploads\/2023\/07\/kidsplay-logo.png","contentUrl":"https:\/\/kidsplay.lt\/wp-content\/uploads\/2023\/07\/kidsplay-logo.png","width":451,"height":98,"caption":"KidsPlay"},"image":{"@id":"https:\/\/kidsplay.lt\/#\/schema\/logo\/image\/"},"sameAs":["https:\/\/www.facebook.com\/www.kidsplay.lt"]}]}},"_links":{"self":[{"href":"https:\/\/kidsplay.lt\/lv\/wp-json\/wp\/v2\/product\/89149","targetHints":{"allow":["GET"]}}],"collection":[{"href":"https:\/\/kidsplay.lt\/lv\/wp-json\/wp\/v2\/product"}],"about":[{"href":"https:\/\/kidsplay.lt\/lv\/wp-json\/wp\/v2\/types\/product"}],"version-history":[{"count":1,"href":"https:\/\/kidsplay.lt\/lv\/wp-json\/wp\/v2\/product\/89149\/revisions"}],"predecessor-version":[{"id":89150,"href":"https:\/\/kidsplay.lt\/lv\/wp-json\/wp\/v2\/product\/89149\/revisions\/89150"}],"wp:featuredmedia":[{"embeddable":true,"href":"https:\/\/kidsplay.lt\/lv\/wp-json\/wp\/v2\/media\/78935"}],"wp:attachment":[{"href":"https:\/\/kidsplay.lt\/lv\/wp-json\/wp\/v2\/media?parent=89149"}],"wp:term":[{"taxonomy":"product_brand","embeddable":true,"href":"https:\/\/kidsplay.lt\/lv\/wp-json\/wp\/v2\/product_brand?post=89149"},{"taxonomy":"product_cat","embeddable":true,"href":"https:\/\/kidsplay.lt\/lv\/wp-json\/wp\/v2\/product_cat?post=89149"},{"taxonomy":"product_tag","embeddable":true,"href":"https:\/\/kidsplay.lt\/lv\/wp-json\/wp\/v2\/product_tag?post=89149"}],"curies":[{"name":"wp","href":"https:\/\/api.w.org\/{rel}","templated":true}]}}