{"id":89158,"date":"2026-02-26T09:08:50","date_gmt":"2026-02-26T07:08:50","guid":{"rendered":"https:\/\/kidsplay.lt\/produktas\/woopie-spalvingas-boulingo-zaidimas-vaikams-8-vnt\/"},"modified":"2026-03-15T08:09:10","modified_gmt":"2026-03-15T06:09:10","slug":"woopie-spalvingas-boulingo-zaidimas-vaikams-8-vnt","status":"publish","type":"product","link":"https:\/\/kidsplay.lt\/lv\/products\/woopie-spalvingas-boulingo-zaidimas-vaikams-8-vnt\/","title":{"rendered":"WOOPIE spalvingas boulingo \u017eaidimas vaikams, 8 vnt."},"content":{"rendered":"<p>Spalvingi\u00a0sensoriniai boulingo k\u0117gliai\u00a0i\u0161\u00a0\u201eWoopie\u201c\u00a0\u2013 tai viskas, ko vaikams reikia norint lavinti\u00a0motorinius \u012fg\u016bd\u017eius\u00a0smagiai\u00a0leid\u017eiant laik\u0105\u00a0.\u00a0Rinkin\u012f sudaro\u00a06\u00a0k\u0117gliai\u00a0ir\u00a02 mink\u0161ti kamuoliukai\u00a0.\u00a0Nereikia j\u016bs\u0173 \u012ftikin\u0117ti, kad boulingas bus labai smagus \u017eaidimas j\u016bs\u0173 ma\u017eyliui, ta\u010diau jis taip pat suteiks daug lavinamosios naudos. Kegliai turi \u012fvairi\u0173 ra\u0161t\u0173 pavir\u0161ius, kurie stimuliuoja\u00a0sensorinius\u00a0ir\u00a0lyt\u0117jimo\u00a0\u012fg\u016bd\u017eius\u00a0.\u00a0\u0160is \u017eaislas lavina j\u016bs\u0173 vaiko\u00a0motorinius \u012fg\u016bd\u017eius\u00a0per tokias veiklas kaip\u00a0b\u0117gimas\u00a0ir\u00a0m\u0117tymas\u00a0.<\/p>\n<p>\u2705 Charakteristikos:<\/p>\n<p>\u2714\ufe0f\u00a0\u00a0Tinka\u00a036 m\u0117nesi\u0173 am\u017eiaus ir vyresniems.<br \/>\n\u2714\ufe0f\u00a0\u00a0Pasi\u017eymi ra\u0161tais, skatinan\u010diais\u00a0sensorinius ir\u00a0lyt\u0117jimo \u012fg\u016bd\u017eius<br \/>\n. \u2714\ufe0f\u00a0\u00a0Pagaminta i\u0161 spalving\u0173,\u00a0vaikams pritaikyt\u0173 med\u017eiag\u0173.<br \/>\n\u2714\ufe0f\u00a0\u00a0Labai\u00a0linksmas\u00a0ir\u00a0lavinamasis .<br \/>\n\u2714\ufe0f\u00a0\u00a0Smagu vienam ar keliems vaikams.<br \/>\n\u2714\ufe0f\u00a0\u00a0Puikiai tinka kaip dovana.<\/p>\n<p>\u2705 \u012e rinkin\u012f \u012feina:<\/p>\n<p>\u2714\ufe0f\u00a0\u00a06\u00a0spalvingi boulingo k\u0117gliai<br \/>\n\u2714\ufe0f\u00a0\u00a02\u00a0m\u0117tymo kamuoliukai<\/p>","protected":false},"excerpt":{"rendered":"<p>Spalvingi\u00a0sensoriniai boulingo k\u0117gliai\u00a0i\u0161\u00a0\u201eWoopie\u201c\u00a0\u2013 tai viskas, ko vaikams reikia norint lavinti\u00a0motorinius \u012fg\u016bd\u017eius\u00a0smagiai\u00a0leid\u017eiant laik\u0105\u00a0.\u00a0Rinkin\u012f sudaro\u00a06\u00a0k\u0117gliai\u00a0ir\u00a02 mink\u0161ti kamuoliukai\u00a0.\u00a0Nereikia j\u016bs\u0173 \u012ftikin\u0117ti, kad boulingas bus<\/p>","protected":false},"featured_media":63405,"template":"","meta":{"_acf_changed":false,"_glsr_average":0,"_glsr_ranking":0,"_glsr_reviews":0},"product_brand":[],"product_cat":[445,229],"product_tag":[],"class_list":{"0":"post-89158","1":"product","2":"type-product","3":"status-publish","4":"has-post-thumbnail","6":"product_cat-stalo-zaidimai","7":"product_cat-zaislai-vaikams","8":"\"style=\"background-color: #2ecc711c;\"","10":"first","11":"outofstock","12":"purchasable","13":"product-type-simple"},"acf":[],"yoast_head":"<!-- This site is optimized with the Yoast SEO plugin v27.4 - https:\/\/yoast.com\/product\/yoast-seo-wordpress\/ -->\n<title>WOOPIE spalvingas boulingo \u017eaidimas vaikams, 8 vnt.<\/title>\n<meta name=\"description\" content=\"WOOPIE spalvingas boulingo \u017eaidimas vaikams, 8 vnt. - KidsPlay. Did\u017eiausias vaik\u0173 \u017eaisl\u0173 pasirinkimas.\" \/>\n<meta name=\"robots\" content=\"index, follow, max-snippet:-1, max-image-preview:large, max-video-preview:-1\" \/>\n<link rel=\"canonical\" href=\"https:\/\/kidsplay.lt\/lv\/products\/woopie-spalvingas-boulingo-zaidimas-vaikams-8-vnt\/\" \/>\n<meta property=\"og:locale\" content=\"lv_LV\" \/>\n<meta property=\"og:type\" content=\"article\" \/>\n<meta property=\"og:title\" content=\"WOOPIE spalvingas boulingo \u017eaidimas vaikams, 8 vnt.\" \/>\n<meta property=\"og:description\" content=\"WOOPIE spalvingas boulingo \u017eaidimas vaikams, 8 vnt. - KidsPlay. Did\u017eiausias vaik\u0173 \u017eaisl\u0173 pasirinkimas.\" \/>\n<meta property=\"og:url\" content=\"https:\/\/kidsplay.lt\/lv\/products\/woopie-spalvingas-boulingo-zaidimas-vaikams-8-vnt\/\" \/>\n<meta property=\"og:site_name\" content=\"KidsPlay\" \/>\n<meta property=\"article:publisher\" content=\"https:\/\/www.facebook.com\/www.kidsplay.lt\" \/>\n<meta property=\"article:modified_time\" content=\"2026-03-15T06:09:10+00:00\" \/>\n<meta property=\"og:image\" content=\"https:\/\/kidsplay.lt\/wp-content\/uploads\/2025\/09\/WOOPIE-spalvingas-boulingo-zaidimas-vaikams-8-vnt.jpg\" \/>\n\t<meta property=\"og:image:width\" content=\"1000\" \/>\n\t<meta property=\"og:image:height\" content=\"1000\" \/>\n\t<meta property=\"og:image:type\" content=\"image\/jpeg\" \/>\n<meta name=\"twitter:card\" content=\"summary_large_image\" \/>\n<meta name=\"twitter:label1\" content=\"Est. reading time\" \/>\n\t<meta name=\"twitter:data1\" content=\"1 min\u016bte\" \/>\n<script type=\"application\/ld+json\" class=\"yoast-schema-graph\">{\"@context\":\"https:\\\/\\\/schema.org\",\"@graph\":[{\"@type\":\"WebPage\",\"@id\":\"https:\\\/\\\/kidsplay.lt\\\/produktas\\\/woopie-spalvingas-boulingo-zaidimas-vaikams-8-vnt\\\/\",\"url\":\"https:\\\/\\\/kidsplay.lt\\\/produktas\\\/woopie-spalvingas-boulingo-zaidimas-vaikams-8-vnt\\\/\",\"name\":\"WOOPIE spalvingas boulingo \u017eaidimas vaikams, 8 vnt.\",\"isPartOf\":{\"@id\":\"https:\\\/\\\/kidsplay.lt\\\/#website\"},\"primaryImageOfPage\":{\"@id\":\"https:\\\/\\\/kidsplay.lt\\\/produktas\\\/woopie-spalvingas-boulingo-zaidimas-vaikams-8-vnt\\\/#primaryimage\"},\"image\":{\"@id\":\"https:\\\/\\\/kidsplay.lt\\\/produktas\\\/woopie-spalvingas-boulingo-zaidimas-vaikams-8-vnt\\\/#primaryimage\"},\"thumbnailUrl\":\"https:\\\/\\\/kidsplay.lt\\\/wp-content\\\/uploads\\\/2025\\\/09\\\/WOOPIE-spalvingas-boulingo-zaidimas-vaikams-8-vnt.jpg\",\"datePublished\":\"2026-02-26T07:08:50+00:00\",\"dateModified\":\"2026-03-15T06:09:10+00:00\",\"description\":\"WOOPIE spalvingas boulingo \u017eaidimas vaikams, 8 vnt. - KidsPlay. Did\u017eiausias vaik\u0173 \u017eaisl\u0173 pasirinkimas.\",\"breadcrumb\":{\"@id\":\"https:\\\/\\\/kidsplay.lt\\\/produktas\\\/woopie-spalvingas-boulingo-zaidimas-vaikams-8-vnt\\\/#breadcrumb\"},\"inLanguage\":\"lv-LV\",\"potentialAction\":[{\"@type\":\"ReadAction\",\"target\":[\"https:\\\/\\\/kidsplay.lt\\\/produktas\\\/woopie-spalvingas-boulingo-zaidimas-vaikams-8-vnt\\\/\"]}]},{\"@type\":\"ImageObject\",\"inLanguage\":\"lv-LV\",\"@id\":\"https:\\\/\\\/kidsplay.lt\\\/produktas\\\/woopie-spalvingas-boulingo-zaidimas-vaikams-8-vnt\\\/#primaryimage\",\"url\":\"https:\\\/\\\/kidsplay.lt\\\/wp-content\\\/uploads\\\/2025\\\/09\\\/WOOPIE-spalvingas-boulingo-zaidimas-vaikams-8-vnt.jpg\",\"contentUrl\":\"https:\\\/\\\/kidsplay.lt\\\/wp-content\\\/uploads\\\/2025\\\/09\\\/WOOPIE-spalvingas-boulingo-zaidimas-vaikams-8-vnt.jpg\",\"width\":1000,\"height\":1000,\"caption\":\"WOOPIE spalvingas boulingo \u017eaidimas vaikams\"},{\"@type\":\"BreadcrumbList\",\"@id\":\"https:\\\/\\\/kidsplay.lt\\\/produktas\\\/woopie-spalvingas-boulingo-zaidimas-vaikams-8-vnt\\\/#breadcrumb\",\"itemListElement\":[{\"@type\":\"ListItem\",\"position\":1,\"name\":\"Pagrindinis\",\"item\":\"https:\\\/\\\/kidsplay.lt\\\/\"},{\"@type\":\"ListItem\",\"position\":2,\"name\":\"Parduotuv\u0117\",\"item\":\"https:\\\/\\\/kidsplay.lt\\\/parduotuve\\\/\"},{\"@type\":\"ListItem\",\"position\":3,\"name\":\"WOOPIE spalvingas boulingo \u017eaidimas vaikams, 8 vnt.\"}]},{\"@type\":\"WebSite\",\"@id\":\"https:\\\/\\\/kidsplay.lt\\\/#website\",\"url\":\"https:\\\/\\\/kidsplay.lt\\\/\",\"name\":\"Kidsplay.lt\",\"description\":\"\u012evairios prek\u0117s vaikams\",\"publisher\":{\"@id\":\"https:\\\/\\\/kidsplay.lt\\\/#organization\"},\"alternateName\":\"Kidsplay\",\"potentialAction\":[{\"@type\":\"SearchAction\",\"target\":{\"@type\":\"EntryPoint\",\"urlTemplate\":\"https:\\\/\\\/kidsplay.lt\\\/?s={search_term_string}\"},\"query-input\":{\"@type\":\"PropertyValueSpecification\",\"valueRequired\":true,\"valueName\":\"search_term_string\"}}],\"inLanguage\":\"lv-LV\"},{\"@type\":\"Organization\",\"@id\":\"https:\\\/\\\/kidsplay.lt\\\/#organization\",\"name\":\"KidsPlay\",\"url\":\"https:\\\/\\\/kidsplay.lt\\\/\",\"logo\":{\"@type\":\"ImageObject\",\"inLanguage\":\"lv-LV\",\"@id\":\"https:\\\/\\\/kidsplay.lt\\\/#\\\/schema\\\/logo\\\/image\\\/\",\"url\":\"https:\\\/\\\/kidsplay.lt\\\/wp-content\\\/uploads\\\/2023\\\/07\\\/kidsplay-logo.png\",\"contentUrl\":\"https:\\\/\\\/kidsplay.lt\\\/wp-content\\\/uploads\\\/2023\\\/07\\\/kidsplay-logo.png\",\"width\":451,\"height\":98,\"caption\":\"KidsPlay\"},\"image\":{\"@id\":\"https:\\\/\\\/kidsplay.lt\\\/#\\\/schema\\\/logo\\\/image\\\/\"},\"sameAs\":[\"https:\\\/\\\/www.facebook.com\\\/www.kidsplay.lt\"]}]}<\/script>\n<!-- \/ Yoast SEO plugin. -->","yoast_head_json":{"title":"WOOPIE spalvingas boulingo \u017eaidimas vaikams, 8 vnt.","description":"WOOPIE spalvingas boulingo \u017eaidimas vaikams, 8 vnt. - KidsPlay. Did\u017eiausias vaik\u0173 \u017eaisl\u0173 pasirinkimas.","robots":{"index":"index","follow":"follow","max-snippet":"max-snippet:-1","max-image-preview":"max-image-preview:large","max-video-preview":"max-video-preview:-1"},"canonical":"https:\/\/kidsplay.lt\/lv\/products\/woopie-spalvingas-boulingo-zaidimas-vaikams-8-vnt\/","og_locale":"lv_LV","og_type":"article","og_title":"WOOPIE spalvingas boulingo \u017eaidimas vaikams, 8 vnt.","og_description":"WOOPIE spalvingas boulingo \u017eaidimas vaikams, 8 vnt. - KidsPlay. Did\u017eiausias vaik\u0173 \u017eaisl\u0173 pasirinkimas.","og_url":"https:\/\/kidsplay.lt\/lv\/products\/woopie-spalvingas-boulingo-zaidimas-vaikams-8-vnt\/","og_site_name":"KidsPlay","article_publisher":"https:\/\/www.facebook.com\/www.kidsplay.lt","article_modified_time":"2026-03-15T06:09:10+00:00","og_image":[{"width":1000,"height":1000,"url":"https:\/\/kidsplay.lt\/wp-content\/uploads\/2025\/09\/WOOPIE-spalvingas-boulingo-zaidimas-vaikams-8-vnt.jpg","type":"image\/jpeg"}],"twitter_card":"summary_large_image","twitter_misc":{"Est. reading time":"1 min\u016bte"},"schema":{"@context":"https:\/\/schema.org","@graph":[{"@type":"WebPage","@id":"https:\/\/kidsplay.lt\/produktas\/woopie-spalvingas-boulingo-zaidimas-vaikams-8-vnt\/","url":"https:\/\/kidsplay.lt\/produktas\/woopie-spalvingas-boulingo-zaidimas-vaikams-8-vnt\/","name":"WOOPIE spalvingas boulingo \u017eaidimas vaikams, 8 vnt.","isPartOf":{"@id":"https:\/\/kidsplay.lt\/#website"},"primaryImageOfPage":{"@id":"https:\/\/kidsplay.lt\/produktas\/woopie-spalvingas-boulingo-zaidimas-vaikams-8-vnt\/#primaryimage"},"image":{"@id":"https:\/\/kidsplay.lt\/produktas\/woopie-spalvingas-boulingo-zaidimas-vaikams-8-vnt\/#primaryimage"},"thumbnailUrl":"https:\/\/kidsplay.lt\/wp-content\/uploads\/2025\/09\/WOOPIE-spalvingas-boulingo-zaidimas-vaikams-8-vnt.jpg","datePublished":"2026-02-26T07:08:50+00:00","dateModified":"2026-03-15T06:09:10+00:00","description":"WOOPIE spalvingas boulingo \u017eaidimas vaikams, 8 vnt. - KidsPlay. Did\u017eiausias vaik\u0173 \u017eaisl\u0173 pasirinkimas.","breadcrumb":{"@id":"https:\/\/kidsplay.lt\/produktas\/woopie-spalvingas-boulingo-zaidimas-vaikams-8-vnt\/#breadcrumb"},"inLanguage":"lv-LV","potentialAction":[{"@type":"ReadAction","target":["https:\/\/kidsplay.lt\/produktas\/woopie-spalvingas-boulingo-zaidimas-vaikams-8-vnt\/"]}]},{"@type":"ImageObject","inLanguage":"lv-LV","@id":"https:\/\/kidsplay.lt\/produktas\/woopie-spalvingas-boulingo-zaidimas-vaikams-8-vnt\/#primaryimage","url":"https:\/\/kidsplay.lt\/wp-content\/uploads\/2025\/09\/WOOPIE-spalvingas-boulingo-zaidimas-vaikams-8-vnt.jpg","contentUrl":"https:\/\/kidsplay.lt\/wp-content\/uploads\/2025\/09\/WOOPIE-spalvingas-boulingo-zaidimas-vaikams-8-vnt.jpg","width":1000,"height":1000,"caption":"WOOPIE spalvingas boulingo \u017eaidimas vaikams"},{"@type":"BreadcrumbList","@id":"https:\/\/kidsplay.lt\/produktas\/woopie-spalvingas-boulingo-zaidimas-vaikams-8-vnt\/#breadcrumb","itemListElement":[{"@type":"ListItem","position":1,"name":"Pagrindinis","item":"https:\/\/kidsplay.lt\/"},{"@type":"ListItem","position":2,"name":"Parduotuv\u0117","item":"https:\/\/kidsplay.lt\/parduotuve\/"},{"@type":"ListItem","position":3,"name":"WOOPIE spalvingas boulingo \u017eaidimas vaikams, 8 vnt."}]},{"@type":"WebSite","@id":"https:\/\/kidsplay.lt\/#website","url":"https:\/\/kidsplay.lt\/","name":"B\u0113rnu sp\u0113les.lv","description":"\u012evairios prek\u0117s vaikams","publisher":{"@id":"https:\/\/kidsplay.lt\/#organization"},"alternateName":"Kidsplay","potentialAction":[{"@type":"SearchAction","target":{"@type":"EntryPoint","urlTemplate":"https:\/\/kidsplay.lt\/?s={search_term_string}"},"query-input":{"@type":"PropertyValueSpecification","valueRequired":true,"valueName":"search_term_string"}}],"inLanguage":"lv-LV"},{"@type":"Organization","@id":"https:\/\/kidsplay.lt\/#organization","name":"B\u0113rnu sp\u0113le","url":"https:\/\/kidsplay.lt\/","logo":{"@type":"ImageObject","inLanguage":"lv-LV","@id":"https:\/\/kidsplay.lt\/#\/schema\/logo\/image\/","url":"https:\/\/kidsplay.lt\/wp-content\/uploads\/2023\/07\/kidsplay-logo.png","contentUrl":"https:\/\/kidsplay.lt\/wp-content\/uploads\/2023\/07\/kidsplay-logo.png","width":451,"height":98,"caption":"KidsPlay"},"image":{"@id":"https:\/\/kidsplay.lt\/#\/schema\/logo\/image\/"},"sameAs":["https:\/\/www.facebook.com\/www.kidsplay.lt"]}]}},"_links":{"self":[{"href":"https:\/\/kidsplay.lt\/lv\/wp-json\/wp\/v2\/product\/89158","targetHints":{"allow":["GET"]}}],"collection":[{"href":"https:\/\/kidsplay.lt\/lv\/wp-json\/wp\/v2\/product"}],"about":[{"href":"https:\/\/kidsplay.lt\/lv\/wp-json\/wp\/v2\/types\/product"}],"version-history":[{"count":1,"href":"https:\/\/kidsplay.lt\/lv\/wp-json\/wp\/v2\/product\/89158\/revisions"}],"predecessor-version":[{"id":89159,"href":"https:\/\/kidsplay.lt\/lv\/wp-json\/wp\/v2\/product\/89158\/revisions\/89159"}],"wp:featuredmedia":[{"embeddable":true,"href":"https:\/\/kidsplay.lt\/lv\/wp-json\/wp\/v2\/media\/63405"}],"wp:attachment":[{"href":"https:\/\/kidsplay.lt\/lv\/wp-json\/wp\/v2\/media?parent=89158"}],"wp:term":[{"taxonomy":"product_brand","embeddable":true,"href":"https:\/\/kidsplay.lt\/lv\/wp-json\/wp\/v2\/product_brand?post=89158"},{"taxonomy":"product_cat","embeddable":true,"href":"https:\/\/kidsplay.lt\/lv\/wp-json\/wp\/v2\/product_cat?post=89158"},{"taxonomy":"product_tag","embeddable":true,"href":"https:\/\/kidsplay.lt\/lv\/wp-json\/wp\/v2\/product_tag?post=89158"}],"curies":[{"name":"wp","href":"https:\/\/api.w.org\/{rel}","templated":true}]}}