{"id":89160,"date":"2026-02-26T09:08:52","date_gmt":"2026-02-26T07:08:52","guid":{"rendered":"https:\/\/kidsplay.lt\/produktas\/woopie-interaktyvus-siuksliavezes-modelis-116-masteliu-su-garso-ir-sviesos-efektais\/"},"modified":"2026-04-07T10:24:21","modified_gmt":"2026-04-07T07:24:21","slug":"woopie-interaktyvus-siuksliavezes-modelis-116-masteliu-su-garso-ir-sviesos-efektais","status":"publish","type":"product","link":"https:\/\/kidsplay.lt\/lv\/products\/woopie-interaktyvus-siuksliavezes-modelis-116-masteliu-su-garso-ir-sviesos-efektais\/","title":{"rendered":"WOOPIE interakt\u012bvs atkritumu ved\u0113ja modelis m\u0113rog\u0101 1:16 ar ska\u0146as un gaismas efektiem"},"content":{"rendered":"<p>\u0160is \u017eaislinis \u0161iuk\u0161liave\u017eis yra tobulai atkartotas savivaldyb\u0117s automobilis, kuris tikrai prad\u017eiugins bet kur\u012f jaun\u0105 miesto transporto entuziast\u0105. Pagamintas i\u0161 patvari\u0173 med\u017eiag\u0173 ir pasi\u017eymintis i\u0161skirtine oran\u017eine bei balta spalv\u0173 gama, jis taps m\u0117gstamiausiu j\u016bs\u0173 vaiko \u017eaisl\u0173 kolekcijos \u017eaislu. Jame yra daugyb\u0117 judan\u010di\u0173 dali\u0173 ir interaktyvi\u0173 funkcij\u0173, kurios \u017eaidim\u0105 paver\u010dia ne tik maloniu, bet ir lavinan\u010diu.<\/p>\n<p>Rakstur\u012bgs:<\/p>\n<p>\u2714\ufe0f Realisti\u0161ka \u0161iuk\u0161liave\u017e\u0117 1:16 masteliu<br \/>\n\u2714\ufe0f Skleid\u017eia \u012fvairius garso efektus ir turi veikian\u010dius \u017eibintus<br \/>\n\u2714\ufe0f Oro siurblio sistema konteineriui pakelti ir nuleisti<br \/>\n\u2714\ufe0f Pagaminta i\u0161 patvaraus, vaikams saugaus plastiko<br \/>\n\u2714\ufe0f Atidaromas liukas transporto priemon\u0117s gale<\/p>\n<p>Komplekt\u0101 ietilpst:<\/p>\n<p>\u25fe Interaktyvi \u0161iuk\u0161liave\u017e\u0117<br \/>\n\u25fe 2 \u0161iuk\u0161liad\u0117\u017e\u0117s<br \/>\n\u25fe 40 atliek\u0173 nuotrauk\u0173<\/p>\n<p>Rota\u013clieta att\u012bst\u0101s:<\/p>\n<p>\u2714\ufe0f K\u016brybi\u0161kumas<br \/>\n\u2714\ufe0f Vaizduot\u0117<br \/>\n\u2714\ufe0f Loginis m\u0105stymas<\/p>","protected":false},"excerpt":{"rendered":"<p>\u0160is \u017eaislinis \u0161iuk\u0161liave\u017eis yra tobulai atkartotas savivaldyb\u0117s automobilis, kuris tikrai prad\u017eiugins bet kur\u012f jaun\u0105 miesto transporto entuziast\u0105. Pagamintas i\u0161 patvari\u0173<\/p>","protected":false},"featured_media":63410,"template":"","meta":{"_acf_changed":false,"_glsr_average":0,"_glsr_ranking":0,"_glsr_reviews":0},"product_brand":[],"product_cat":[448,229],"product_tag":[],"class_list":{"0":"post-89160","1":"product","2":"type-product","3":"status-publish","4":"has-post-thumbnail","6":"product_cat-automobiliai-ir-transportas","7":"product_cat-zaislai-vaikams","8":"\"style=\"background-color: #2ecc711c;\"","10":"first","11":"instock","12":"purchasable","13":"product-type-simple"},"acf":[],"yoast_head":"<!-- This site is optimized with the Yoast SEO plugin v27.3 - https:\/\/yoast.com\/product\/yoast-seo-wordpress\/ -->\n<title>WOOPIE interaktyvus \u0161iuk\u0161liave\u017e\u0117s modelis 1:16 masteliu su garso ir \u0161viesos efektais<\/title>\n<meta name=\"description\" content=\"WOOPIE interaktyvus \u0161iuk\u0161liave\u017e\u0117s modelis 1:16 masteliu su garso ir \u0161viesos efektais - KidsPlay. Did\u017eiausias vaik\u0173 \u017eaisl\u0173 pasirinkimas.\" \/>\n<meta name=\"robots\" content=\"index, follow, max-snippet:-1, max-image-preview:large, max-video-preview:-1\" \/>\n<link rel=\"canonical\" href=\"https:\/\/kidsplay.lt\/lv\/products\/woopie-interaktyvus-siuksliavezes-modelis-116-masteliu-su-garso-ir-sviesos-efektais\/\" \/>\n<meta property=\"og:locale\" content=\"lv_LV\" \/>\n<meta property=\"og:type\" content=\"article\" \/>\n<meta property=\"og:title\" content=\"WOOPIE interaktyvus \u0161iuk\u0161liave\u017e\u0117s modelis 1:16 masteliu su garso ir \u0161viesos efektais\" \/>\n<meta property=\"og:description\" content=\"WOOPIE interaktyvus \u0161iuk\u0161liave\u017e\u0117s modelis 1:16 masteliu su garso ir \u0161viesos efektais - KidsPlay. Did\u017eiausias vaik\u0173 \u017eaisl\u0173 pasirinkimas.\" \/>\n<meta property=\"og:url\" content=\"https:\/\/kidsplay.lt\/lv\/products\/woopie-interaktyvus-siuksliavezes-modelis-116-masteliu-su-garso-ir-sviesos-efektais\/\" \/>\n<meta property=\"og:site_name\" content=\"KidsPlay\" \/>\n<meta property=\"article:publisher\" content=\"https:\/\/www.facebook.com\/www.kidsplay.lt\" \/>\n<meta property=\"article:modified_time\" content=\"2026-04-07T07:24:21+00:00\" \/>\n<meta property=\"og:image\" content=\"https:\/\/kidsplay.lt\/wp-content\/uploads\/2025\/09\/WOOPIE-interaktyvus-siuksliavezes-modelis-116-masteliu-su-garso-ir-sviesos-efektais.jpg\" \/>\n\t<meta property=\"og:image:width\" content=\"1000\" \/>\n\t<meta property=\"og:image:height\" content=\"1000\" \/>\n\t<meta property=\"og:image:type\" content=\"image\/jpeg\" \/>\n<meta name=\"twitter:card\" content=\"summary_large_image\" \/>\n<meta name=\"twitter:label1\" content=\"Est. reading time\" \/>\n\t<meta name=\"twitter:data1\" content=\"1 min\u016bte\" \/>\n<script type=\"application\/ld+json\" class=\"yoast-schema-graph\">{\"@context\":\"https:\\\/\\\/schema.org\",\"@graph\":[{\"@type\":\"WebPage\",\"@id\":\"https:\\\/\\\/kidsplay.lt\\\/produktas\\\/woopie-interaktyvus-siuksliavezes-modelis-116-masteliu-su-garso-ir-sviesos-efektais\\\/\",\"url\":\"https:\\\/\\\/kidsplay.lt\\\/produktas\\\/woopie-interaktyvus-siuksliavezes-modelis-116-masteliu-su-garso-ir-sviesos-efektais\\\/\",\"name\":\"WOOPIE interaktyvus \u0161iuk\u0161liave\u017e\u0117s modelis 1:16 masteliu su garso ir \u0161viesos efektais\",\"isPartOf\":{\"@id\":\"https:\\\/\\\/kidsplay.lt\\\/#website\"},\"primaryImageOfPage\":{\"@id\":\"https:\\\/\\\/kidsplay.lt\\\/produktas\\\/woopie-interaktyvus-siuksliavezes-modelis-116-masteliu-su-garso-ir-sviesos-efektais\\\/#primaryimage\"},\"image\":{\"@id\":\"https:\\\/\\\/kidsplay.lt\\\/produktas\\\/woopie-interaktyvus-siuksliavezes-modelis-116-masteliu-su-garso-ir-sviesos-efektais\\\/#primaryimage\"},\"thumbnailUrl\":\"https:\\\/\\\/kidsplay.lt\\\/wp-content\\\/uploads\\\/2025\\\/09\\\/WOOPIE-interaktyvus-siuksliavezes-modelis-116-masteliu-su-garso-ir-sviesos-efektais.jpg\",\"datePublished\":\"2026-02-26T07:08:52+00:00\",\"dateModified\":\"2026-04-07T07:24:21+00:00\",\"description\":\"WOOPIE interaktyvus \u0161iuk\u0161liave\u017e\u0117s modelis 1:16 masteliu su garso ir \u0161viesos efektais - KidsPlay. Did\u017eiausias vaik\u0173 \u017eaisl\u0173 pasirinkimas.\",\"breadcrumb\":{\"@id\":\"https:\\\/\\\/kidsplay.lt\\\/produktas\\\/woopie-interaktyvus-siuksliavezes-modelis-116-masteliu-su-garso-ir-sviesos-efektais\\\/#breadcrumb\"},\"inLanguage\":\"lv-LV\",\"potentialAction\":[{\"@type\":\"ReadAction\",\"target\":[\"https:\\\/\\\/kidsplay.lt\\\/produktas\\\/woopie-interaktyvus-siuksliavezes-modelis-116-masteliu-su-garso-ir-sviesos-efektais\\\/\"]}]},{\"@type\":\"ImageObject\",\"inLanguage\":\"lv-LV\",\"@id\":\"https:\\\/\\\/kidsplay.lt\\\/produktas\\\/woopie-interaktyvus-siuksliavezes-modelis-116-masteliu-su-garso-ir-sviesos-efektais\\\/#primaryimage\",\"url\":\"https:\\\/\\\/kidsplay.lt\\\/wp-content\\\/uploads\\\/2025\\\/09\\\/WOOPIE-interaktyvus-siuksliavezes-modelis-116-masteliu-su-garso-ir-sviesos-efektais.jpg\",\"contentUrl\":\"https:\\\/\\\/kidsplay.lt\\\/wp-content\\\/uploads\\\/2025\\\/09\\\/WOOPIE-interaktyvus-siuksliavezes-modelis-116-masteliu-su-garso-ir-sviesos-efektais.jpg\",\"width\":1000,\"height\":1000,\"caption\":\"WOOPIE interaktyvus \u0161iuk\u0161liave\u017e\u0117s modelis 1:16 masteliu su garso ir \u0161viesos efektais\"},{\"@type\":\"BreadcrumbList\",\"@id\":\"https:\\\/\\\/kidsplay.lt\\\/produktas\\\/woopie-interaktyvus-siuksliavezes-modelis-116-masteliu-su-garso-ir-sviesos-efektais\\\/#breadcrumb\",\"itemListElement\":[{\"@type\":\"ListItem\",\"position\":1,\"name\":\"Pagrindinis\",\"item\":\"https:\\\/\\\/kidsplay.lt\\\/\"},{\"@type\":\"ListItem\",\"position\":2,\"name\":\"Parduotuv\u0117\",\"item\":\"https:\\\/\\\/kidsplay.lt\\\/parduotuve\\\/\"},{\"@type\":\"ListItem\",\"position\":3,\"name\":\"WOOPIE interaktyvus \u0161iuk\u0161liave\u017e\u0117s modelis 1:16 masteliu su garso ir \u0161viesos efektais\"}]},{\"@type\":\"WebSite\",\"@id\":\"https:\\\/\\\/kidsplay.lt\\\/#website\",\"url\":\"https:\\\/\\\/kidsplay.lt\\\/\",\"name\":\"Kidsplay.lt\",\"description\":\"\u012evairios prek\u0117s vaikams\",\"publisher\":{\"@id\":\"https:\\\/\\\/kidsplay.lt\\\/#organization\"},\"alternateName\":\"Kidsplay\",\"potentialAction\":[{\"@type\":\"SearchAction\",\"target\":{\"@type\":\"EntryPoint\",\"urlTemplate\":\"https:\\\/\\\/kidsplay.lt\\\/?s={search_term_string}\"},\"query-input\":{\"@type\":\"PropertyValueSpecification\",\"valueRequired\":true,\"valueName\":\"search_term_string\"}}],\"inLanguage\":\"lv-LV\"},{\"@type\":\"Organization\",\"@id\":\"https:\\\/\\\/kidsplay.lt\\\/#organization\",\"name\":\"KidsPlay\",\"url\":\"https:\\\/\\\/kidsplay.lt\\\/\",\"logo\":{\"@type\":\"ImageObject\",\"inLanguage\":\"lv-LV\",\"@id\":\"https:\\\/\\\/kidsplay.lt\\\/#\\\/schema\\\/logo\\\/image\\\/\",\"url\":\"https:\\\/\\\/kidsplay.lt\\\/wp-content\\\/uploads\\\/2023\\\/07\\\/kidsplay-logo.png\",\"contentUrl\":\"https:\\\/\\\/kidsplay.lt\\\/wp-content\\\/uploads\\\/2023\\\/07\\\/kidsplay-logo.png\",\"width\":451,\"height\":98,\"caption\":\"KidsPlay\"},\"image\":{\"@id\":\"https:\\\/\\\/kidsplay.lt\\\/#\\\/schema\\\/logo\\\/image\\\/\"},\"sameAs\":[\"https:\\\/\\\/www.facebook.com\\\/www.kidsplay.lt\"]}]}<\/script>\n<!-- \/ Yoast SEO plugin. -->","yoast_head_json":{"title":"WOOPIE interakt\u012bvs atkritumu ved\u0113ja modelis m\u0113rog\u0101 1:16 ar ska\u0146as un gaismas efektiem","description":"WOOPIE interaktyvus \u0161iuk\u0161liave\u017e\u0117s modelis 1:16 masteliu su garso ir \u0161viesos efektais - KidsPlay. Did\u017eiausias vaik\u0173 \u017eaisl\u0173 pasirinkimas.","robots":{"index":"index","follow":"follow","max-snippet":"max-snippet:-1","max-image-preview":"max-image-preview:large","max-video-preview":"max-video-preview:-1"},"canonical":"https:\/\/kidsplay.lt\/lv\/products\/woopie-interaktyvus-siuksliavezes-modelis-116-masteliu-su-garso-ir-sviesos-efektais\/","og_locale":"lv_LV","og_type":"article","og_title":"WOOPIE interaktyvus \u0161iuk\u0161liave\u017e\u0117s modelis 1:16 masteliu su garso ir \u0161viesos efektais","og_description":"WOOPIE interaktyvus \u0161iuk\u0161liave\u017e\u0117s modelis 1:16 masteliu su garso ir \u0161viesos efektais - KidsPlay. Did\u017eiausias vaik\u0173 \u017eaisl\u0173 pasirinkimas.","og_url":"https:\/\/kidsplay.lt\/lv\/products\/woopie-interaktyvus-siuksliavezes-modelis-116-masteliu-su-garso-ir-sviesos-efektais\/","og_site_name":"KidsPlay","article_publisher":"https:\/\/www.facebook.com\/www.kidsplay.lt","article_modified_time":"2026-04-07T07:24:21+00:00","og_image":[{"width":1000,"height":1000,"url":"https:\/\/kidsplay.lt\/wp-content\/uploads\/2025\/09\/WOOPIE-interaktyvus-siuksliavezes-modelis-116-masteliu-su-garso-ir-sviesos-efektais.jpg","type":"image\/jpeg"}],"twitter_card":"summary_large_image","twitter_misc":{"Est. reading time":"1 min\u016bte"},"schema":{"@context":"https:\/\/schema.org","@graph":[{"@type":"WebPage","@id":"https:\/\/kidsplay.lt\/produktas\/woopie-interaktyvus-siuksliavezes-modelis-116-masteliu-su-garso-ir-sviesos-efektais\/","url":"https:\/\/kidsplay.lt\/produktas\/woopie-interaktyvus-siuksliavezes-modelis-116-masteliu-su-garso-ir-sviesos-efektais\/","name":"WOOPIE interakt\u012bvs atkritumu ved\u0113ja modelis m\u0113rog\u0101 1:16 ar ska\u0146as un gaismas efektiem","isPartOf":{"@id":"https:\/\/kidsplay.lt\/#website"},"primaryImageOfPage":{"@id":"https:\/\/kidsplay.lt\/produktas\/woopie-interaktyvus-siuksliavezes-modelis-116-masteliu-su-garso-ir-sviesos-efektais\/#primaryimage"},"image":{"@id":"https:\/\/kidsplay.lt\/produktas\/woopie-interaktyvus-siuksliavezes-modelis-116-masteliu-su-garso-ir-sviesos-efektais\/#primaryimage"},"thumbnailUrl":"https:\/\/kidsplay.lt\/wp-content\/uploads\/2025\/09\/WOOPIE-interaktyvus-siuksliavezes-modelis-116-masteliu-su-garso-ir-sviesos-efektais.jpg","datePublished":"2026-02-26T07:08:52+00:00","dateModified":"2026-04-07T07:24:21+00:00","description":"WOOPIE interaktyvus \u0161iuk\u0161liave\u017e\u0117s modelis 1:16 masteliu su garso ir \u0161viesos efektais - KidsPlay. Did\u017eiausias vaik\u0173 \u017eaisl\u0173 pasirinkimas.","breadcrumb":{"@id":"https:\/\/kidsplay.lt\/produktas\/woopie-interaktyvus-siuksliavezes-modelis-116-masteliu-su-garso-ir-sviesos-efektais\/#breadcrumb"},"inLanguage":"lv-LV","potentialAction":[{"@type":"ReadAction","target":["https:\/\/kidsplay.lt\/produktas\/woopie-interaktyvus-siuksliavezes-modelis-116-masteliu-su-garso-ir-sviesos-efektais\/"]}]},{"@type":"ImageObject","inLanguage":"lv-LV","@id":"https:\/\/kidsplay.lt\/produktas\/woopie-interaktyvus-siuksliavezes-modelis-116-masteliu-su-garso-ir-sviesos-efektais\/#primaryimage","url":"https:\/\/kidsplay.lt\/wp-content\/uploads\/2025\/09\/WOOPIE-interaktyvus-siuksliavezes-modelis-116-masteliu-su-garso-ir-sviesos-efektais.jpg","contentUrl":"https:\/\/kidsplay.lt\/wp-content\/uploads\/2025\/09\/WOOPIE-interaktyvus-siuksliavezes-modelis-116-masteliu-su-garso-ir-sviesos-efektais.jpg","width":1000,"height":1000,"caption":"WOOPIE interaktyvus \u0161iuk\u0161liave\u017e\u0117s modelis 1:16 masteliu su garso ir \u0161viesos efektais"},{"@type":"BreadcrumbList","@id":"https:\/\/kidsplay.lt\/produktas\/woopie-interaktyvus-siuksliavezes-modelis-116-masteliu-su-garso-ir-sviesos-efektais\/#breadcrumb","itemListElement":[{"@type":"ListItem","position":1,"name":"Pagrindinis","item":"https:\/\/kidsplay.lt\/"},{"@type":"ListItem","position":2,"name":"Parduotuv\u0117","item":"https:\/\/kidsplay.lt\/parduotuve\/"},{"@type":"ListItem","position":3,"name":"WOOPIE interaktyvus \u0161iuk\u0161liave\u017e\u0117s modelis 1:16 masteliu su garso ir \u0161viesos efektais"}]},{"@type":"WebSite","@id":"https:\/\/kidsplay.lt\/#website","url":"https:\/\/kidsplay.lt\/","name":"B\u0113rnu sp\u0113les.lv","description":"\u012evairios prek\u0117s vaikams","publisher":{"@id":"https:\/\/kidsplay.lt\/#organization"},"alternateName":"Kidsplay","potentialAction":[{"@type":"SearchAction","target":{"@type":"EntryPoint","urlTemplate":"https:\/\/kidsplay.lt\/?s={search_term_string}"},"query-input":{"@type":"PropertyValueSpecification","valueRequired":true,"valueName":"search_term_string"}}],"inLanguage":"lv-LV"},{"@type":"Organization","@id":"https:\/\/kidsplay.lt\/#organization","name":"B\u0113rnu sp\u0113le","url":"https:\/\/kidsplay.lt\/","logo":{"@type":"ImageObject","inLanguage":"lv-LV","@id":"https:\/\/kidsplay.lt\/#\/schema\/logo\/image\/","url":"https:\/\/kidsplay.lt\/wp-content\/uploads\/2023\/07\/kidsplay-logo.png","contentUrl":"https:\/\/kidsplay.lt\/wp-content\/uploads\/2023\/07\/kidsplay-logo.png","width":451,"height":98,"caption":"KidsPlay"},"image":{"@id":"https:\/\/kidsplay.lt\/#\/schema\/logo\/image\/"},"sameAs":["https:\/\/www.facebook.com\/www.kidsplay.lt"]}]}},"_links":{"self":[{"href":"https:\/\/kidsplay.lt\/lv\/wp-json\/wp\/v2\/product\/89160","targetHints":{"allow":["GET"]}}],"collection":[{"href":"https:\/\/kidsplay.lt\/lv\/wp-json\/wp\/v2\/product"}],"about":[{"href":"https:\/\/kidsplay.lt\/lv\/wp-json\/wp\/v2\/types\/product"}],"version-history":[{"count":1,"href":"https:\/\/kidsplay.lt\/lv\/wp-json\/wp\/v2\/product\/89160\/revisions"}],"predecessor-version":[{"id":89161,"href":"https:\/\/kidsplay.lt\/lv\/wp-json\/wp\/v2\/product\/89160\/revisions\/89161"}],"wp:featuredmedia":[{"embeddable":true,"href":"https:\/\/kidsplay.lt\/lv\/wp-json\/wp\/v2\/media\/63410"}],"wp:attachment":[{"href":"https:\/\/kidsplay.lt\/lv\/wp-json\/wp\/v2\/media?parent=89160"}],"wp:term":[{"taxonomy":"product_brand","embeddable":true,"href":"https:\/\/kidsplay.lt\/lv\/wp-json\/wp\/v2\/product_brand?post=89160"},{"taxonomy":"product_cat","embeddable":true,"href":"https:\/\/kidsplay.lt\/lv\/wp-json\/wp\/v2\/product_cat?post=89160"},{"taxonomy":"product_tag","embeddable":true,"href":"https:\/\/kidsplay.lt\/lv\/wp-json\/wp\/v2\/product_tag?post=89160"}],"curies":[{"name":"wp","href":"https:\/\/api.w.org\/{rel}","templated":true}]}}