{"id":89162,"date":"2026-02-26T09:08:55","date_gmt":"2026-02-26T07:08:55","guid":{"rendered":"https:\/\/kidsplay.lt\/produktas\/woopie-interaktyvus-gaisrines-automobilis-su-judanciomis-kopeciomis\/"},"modified":"2026-04-13T14:45:45","modified_gmt":"2026-04-13T11:45:45","slug":"woopie-interaktyvus-gaisrines-automobilis-su-judanciomis-kopeciomis","status":"publish","type":"product","link":"https:\/\/kidsplay.lt\/lv\/products\/woopie-interaktyvus-gaisrines-automobilis-su-judanciomis-kopeciomis\/","title":{"rendered":"WOOPIE interaktyvus gaisrin\u0117s automobilis su judan\u010diomis kop\u0117\u010diomis"},"content":{"rendered":"<p>\u0160i savaeig\u0117 gaisrin\u0117 ma\u0161ina yra puikus \u017eaislas, kuris privers bet kur\u012f ma\u017e\u0105j\u012f greitosios pagalbos transporto priemoni\u0173 entuziast\u0105 pasijusti tikru didvyriu. \u017daislas buvo sukurtas atsi\u017evelgiant \u012f smulkiausias detales, tiksliai atkartojant tikr\u0105 gaisrin\u0119 ma\u0161in\u0105. Modelis turi i\u0161traukiamas kop\u0117\u010dias ir vandens patrank\u0105. \u012ejungus, transporto priemon\u0117 pradeda va\u017eiuoti grindimis, si\u016bbuojant kop\u0117\u010dias ir vandens patrank\u0105 \u012f \u0161on\u0105, retkar\u010diais i\u0161 transporto priemon\u0117s priekio \u0161audydama \u012f mini gaisrines ma\u0161inas.<\/p>\n<p>\u2705 Charakteristikos:<\/p>\n<p>\u2714\ufe0f Realisti\u0161kas gaisrin\u0117s automobilis su i\u0161traukiamomis ir besisukan\u010diomis kop\u0117\u010diomis<br \/>\n\u2714\ufe0f LED ap\u0161vietimo efektai<br \/>\n\u2714\ufe0f Garso efektai<br \/>\n\u2714\ufe0f Ry\u0161kios spalvos ir patrauklus dizainas<br \/>\n\u2714\ufe0f Tvirta konstrukcija, pagaminta i\u0161 auk\u0161tos kokyb\u0117s plastiko<\/p>\n<p>\u2705 \u012e rinkin\u012f \u012feina:<\/p>\n<p>\u25fe Gaisrin\u0117 ma\u0161ina<br \/>\n\u25fe 3 mini ugniagesi\u0173 automobiliai<br \/>\n\u25fe Vandens papildymo indas<\/p>\n<p>\u2705 \u017daislas vystosi:<\/p>\n<p>\u2714\ufe0f\u00a0K\u016brybi\u0161kumas<br \/>\n\u2714\ufe0f\u00a0Vaizduot\u0117<br \/>\n\u2714\ufe0f Rankiniai \u012fg\u016bd\u017eiai<\/p>\n<p>\u274cBaterijos nepridedamos\u274c<\/p>","protected":false},"excerpt":{"rendered":"<p>\u0160i savaeig\u0117 gaisrin\u0117 ma\u0161ina yra puikus \u017eaislas, kuris privers bet kur\u012f ma\u017e\u0105j\u012f greitosios pagalbos transporto priemoni\u0173 entuziast\u0105 pasijusti tikru didvyriu.<\/p>","protected":false},"featured_media":63415,"template":"","meta":{"_acf_changed":false,"_glsr_average":0,"_glsr_ranking":0,"_glsr_reviews":0},"product_brand":[],"product_cat":[448,229],"product_tag":[],"class_list":{"0":"post-89162","1":"product","2":"type-product","3":"status-publish","4":"has-post-thumbnail","6":"product_cat-automobiliai-ir-transportas","7":"product_cat-zaislai-vaikams","8":"\"style=\"background-color: #2ecc711c;\"","10":"first","11":"instock","12":"purchasable","13":"product-type-simple"},"acf":[],"yoast_head":"<!-- This site is optimized with the Yoast SEO plugin v27.4 - https:\/\/yoast.com\/product\/yoast-seo-wordpress\/ -->\n<title>WOOPIE interaktyvus gaisrin\u0117s automobilis su judan\u010diomis kop\u0117\u010diomis<\/title>\n<meta name=\"description\" content=\"WOOPIE interaktyvus gaisrin\u0117s automobilis su judan\u010diomis kop\u0117\u010diomis - KidsPlay. Did\u017eiausias vaik\u0173 \u017eaisl\u0173 pasirinkimas.\" \/>\n<meta name=\"robots\" content=\"index, follow, max-snippet:-1, max-image-preview:large, max-video-preview:-1\" \/>\n<link rel=\"canonical\" href=\"https:\/\/kidsplay.lt\/lv\/products\/woopie-interaktyvus-gaisrines-automobilis-su-judanciomis-kopeciomis\/\" \/>\n<meta property=\"og:locale\" content=\"lv_LV\" \/>\n<meta property=\"og:type\" content=\"article\" \/>\n<meta property=\"og:title\" content=\"WOOPIE interaktyvus gaisrin\u0117s automobilis su judan\u010diomis kop\u0117\u010diomis\" \/>\n<meta property=\"og:description\" content=\"WOOPIE interaktyvus gaisrin\u0117s automobilis su judan\u010diomis kop\u0117\u010diomis - KidsPlay. Did\u017eiausias vaik\u0173 \u017eaisl\u0173 pasirinkimas.\" \/>\n<meta property=\"og:url\" content=\"https:\/\/kidsplay.lt\/lv\/products\/woopie-interaktyvus-gaisrines-automobilis-su-judanciomis-kopeciomis\/\" \/>\n<meta property=\"og:site_name\" content=\"KidsPlay\" \/>\n<meta property=\"article:publisher\" content=\"https:\/\/www.facebook.com\/www.kidsplay.lt\" \/>\n<meta property=\"article:modified_time\" content=\"2026-04-13T11:45:45+00:00\" \/>\n<meta property=\"og:image\" content=\"https:\/\/kidsplay.lt\/wp-content\/uploads\/2025\/09\/WOOPIE-interaktyvus-gaisrines-automobilis-su-judanciomis-kopeciomis.jpg\" \/>\n\t<meta property=\"og:image:width\" content=\"1000\" \/>\n\t<meta property=\"og:image:height\" content=\"1000\" \/>\n\t<meta property=\"og:image:type\" content=\"image\/jpeg\" \/>\n<meta name=\"twitter:card\" content=\"summary_large_image\" \/>\n<meta name=\"twitter:label1\" content=\"Est. reading time\" \/>\n\t<meta name=\"twitter:data1\" content=\"1 min\u016bte\" \/>\n<script type=\"application\/ld+json\" class=\"yoast-schema-graph\">{\"@context\":\"https:\\\/\\\/schema.org\",\"@graph\":[{\"@type\":\"WebPage\",\"@id\":\"https:\\\/\\\/kidsplay.lt\\\/produktas\\\/woopie-interaktyvus-gaisrines-automobilis-su-judanciomis-kopeciomis\\\/\",\"url\":\"https:\\\/\\\/kidsplay.lt\\\/produktas\\\/woopie-interaktyvus-gaisrines-automobilis-su-judanciomis-kopeciomis\\\/\",\"name\":\"WOOPIE interaktyvus gaisrin\u0117s automobilis su judan\u010diomis kop\u0117\u010diomis\",\"isPartOf\":{\"@id\":\"https:\\\/\\\/kidsplay.lt\\\/#website\"},\"primaryImageOfPage\":{\"@id\":\"https:\\\/\\\/kidsplay.lt\\\/produktas\\\/woopie-interaktyvus-gaisrines-automobilis-su-judanciomis-kopeciomis\\\/#primaryimage\"},\"image\":{\"@id\":\"https:\\\/\\\/kidsplay.lt\\\/produktas\\\/woopie-interaktyvus-gaisrines-automobilis-su-judanciomis-kopeciomis\\\/#primaryimage\"},\"thumbnailUrl\":\"https:\\\/\\\/kidsplay.lt\\\/wp-content\\\/uploads\\\/2025\\\/09\\\/WOOPIE-interaktyvus-gaisrines-automobilis-su-judanciomis-kopeciomis.jpg\",\"datePublished\":\"2026-02-26T07:08:55+00:00\",\"dateModified\":\"2026-04-13T11:45:45+00:00\",\"description\":\"WOOPIE interaktyvus gaisrin\u0117s automobilis su judan\u010diomis kop\u0117\u010diomis - KidsPlay. Did\u017eiausias vaik\u0173 \u017eaisl\u0173 pasirinkimas.\",\"breadcrumb\":{\"@id\":\"https:\\\/\\\/kidsplay.lt\\\/produktas\\\/woopie-interaktyvus-gaisrines-automobilis-su-judanciomis-kopeciomis\\\/#breadcrumb\"},\"inLanguage\":\"lv-LV\",\"potentialAction\":[{\"@type\":\"ReadAction\",\"target\":[\"https:\\\/\\\/kidsplay.lt\\\/produktas\\\/woopie-interaktyvus-gaisrines-automobilis-su-judanciomis-kopeciomis\\\/\"]}]},{\"@type\":\"ImageObject\",\"inLanguage\":\"lv-LV\",\"@id\":\"https:\\\/\\\/kidsplay.lt\\\/produktas\\\/woopie-interaktyvus-gaisrines-automobilis-su-judanciomis-kopeciomis\\\/#primaryimage\",\"url\":\"https:\\\/\\\/kidsplay.lt\\\/wp-content\\\/uploads\\\/2025\\\/09\\\/WOOPIE-interaktyvus-gaisrines-automobilis-su-judanciomis-kopeciomis.jpg\",\"contentUrl\":\"https:\\\/\\\/kidsplay.lt\\\/wp-content\\\/uploads\\\/2025\\\/09\\\/WOOPIE-interaktyvus-gaisrines-automobilis-su-judanciomis-kopeciomis.jpg\",\"width\":1000,\"height\":1000,\"caption\":\"WOOPIE interaktyvus gaisrin\u0117s automobilis su judan\u010diomis kop\u0117\u010diomis\"},{\"@type\":\"BreadcrumbList\",\"@id\":\"https:\\\/\\\/kidsplay.lt\\\/produktas\\\/woopie-interaktyvus-gaisrines-automobilis-su-judanciomis-kopeciomis\\\/#breadcrumb\",\"itemListElement\":[{\"@type\":\"ListItem\",\"position\":1,\"name\":\"Pagrindinis\",\"item\":\"https:\\\/\\\/kidsplay.lt\\\/\"},{\"@type\":\"ListItem\",\"position\":2,\"name\":\"Parduotuv\u0117\",\"item\":\"https:\\\/\\\/kidsplay.lt\\\/parduotuve\\\/\"},{\"@type\":\"ListItem\",\"position\":3,\"name\":\"WOOPIE interaktyvus gaisrin\u0117s automobilis su judan\u010diomis kop\u0117\u010diomis\"}]},{\"@type\":\"WebSite\",\"@id\":\"https:\\\/\\\/kidsplay.lt\\\/#website\",\"url\":\"https:\\\/\\\/kidsplay.lt\\\/\",\"name\":\"Kidsplay.lt\",\"description\":\"\u012evairios prek\u0117s vaikams\",\"publisher\":{\"@id\":\"https:\\\/\\\/kidsplay.lt\\\/#organization\"},\"alternateName\":\"Kidsplay\",\"potentialAction\":[{\"@type\":\"SearchAction\",\"target\":{\"@type\":\"EntryPoint\",\"urlTemplate\":\"https:\\\/\\\/kidsplay.lt\\\/?s={search_term_string}\"},\"query-input\":{\"@type\":\"PropertyValueSpecification\",\"valueRequired\":true,\"valueName\":\"search_term_string\"}}],\"inLanguage\":\"lv-LV\"},{\"@type\":\"Organization\",\"@id\":\"https:\\\/\\\/kidsplay.lt\\\/#organization\",\"name\":\"KidsPlay\",\"url\":\"https:\\\/\\\/kidsplay.lt\\\/\",\"logo\":{\"@type\":\"ImageObject\",\"inLanguage\":\"lv-LV\",\"@id\":\"https:\\\/\\\/kidsplay.lt\\\/#\\\/schema\\\/logo\\\/image\\\/\",\"url\":\"https:\\\/\\\/kidsplay.lt\\\/wp-content\\\/uploads\\\/2023\\\/07\\\/kidsplay-logo.png\",\"contentUrl\":\"https:\\\/\\\/kidsplay.lt\\\/wp-content\\\/uploads\\\/2023\\\/07\\\/kidsplay-logo.png\",\"width\":451,\"height\":98,\"caption\":\"KidsPlay\"},\"image\":{\"@id\":\"https:\\\/\\\/kidsplay.lt\\\/#\\\/schema\\\/logo\\\/image\\\/\"},\"sameAs\":[\"https:\\\/\\\/www.facebook.com\\\/www.kidsplay.lt\"]}]}<\/script>\n<!-- \/ Yoast SEO plugin. -->","yoast_head_json":{"title":"WOOPIE interaktyvus gaisrin\u0117s automobilis su judan\u010diomis kop\u0117\u010diomis","description":"WOOPIE interaktyvus gaisrin\u0117s automobilis su judan\u010diomis kop\u0117\u010diomis - KidsPlay. Did\u017eiausias vaik\u0173 \u017eaisl\u0173 pasirinkimas.","robots":{"index":"index","follow":"follow","max-snippet":"max-snippet:-1","max-image-preview":"max-image-preview:large","max-video-preview":"max-video-preview:-1"},"canonical":"https:\/\/kidsplay.lt\/lv\/products\/woopie-interaktyvus-gaisrines-automobilis-su-judanciomis-kopeciomis\/","og_locale":"lv_LV","og_type":"article","og_title":"WOOPIE interaktyvus gaisrin\u0117s automobilis su judan\u010diomis kop\u0117\u010diomis","og_description":"WOOPIE interaktyvus gaisrin\u0117s automobilis su judan\u010diomis kop\u0117\u010diomis - KidsPlay. Did\u017eiausias vaik\u0173 \u017eaisl\u0173 pasirinkimas.","og_url":"https:\/\/kidsplay.lt\/lv\/products\/woopie-interaktyvus-gaisrines-automobilis-su-judanciomis-kopeciomis\/","og_site_name":"KidsPlay","article_publisher":"https:\/\/www.facebook.com\/www.kidsplay.lt","article_modified_time":"2026-04-13T11:45:45+00:00","og_image":[{"width":1000,"height":1000,"url":"https:\/\/kidsplay.lt\/wp-content\/uploads\/2025\/09\/WOOPIE-interaktyvus-gaisrines-automobilis-su-judanciomis-kopeciomis.jpg","type":"image\/jpeg"}],"twitter_card":"summary_large_image","twitter_misc":{"Est. reading time":"1 min\u016bte"},"schema":{"@context":"https:\/\/schema.org","@graph":[{"@type":"WebPage","@id":"https:\/\/kidsplay.lt\/produktas\/woopie-interaktyvus-gaisrines-automobilis-su-judanciomis-kopeciomis\/","url":"https:\/\/kidsplay.lt\/produktas\/woopie-interaktyvus-gaisrines-automobilis-su-judanciomis-kopeciomis\/","name":"WOOPIE interaktyvus gaisrin\u0117s automobilis su judan\u010diomis kop\u0117\u010diomis","isPartOf":{"@id":"https:\/\/kidsplay.lt\/#website"},"primaryImageOfPage":{"@id":"https:\/\/kidsplay.lt\/produktas\/woopie-interaktyvus-gaisrines-automobilis-su-judanciomis-kopeciomis\/#primaryimage"},"image":{"@id":"https:\/\/kidsplay.lt\/produktas\/woopie-interaktyvus-gaisrines-automobilis-su-judanciomis-kopeciomis\/#primaryimage"},"thumbnailUrl":"https:\/\/kidsplay.lt\/wp-content\/uploads\/2025\/09\/WOOPIE-interaktyvus-gaisrines-automobilis-su-judanciomis-kopeciomis.jpg","datePublished":"2026-02-26T07:08:55+00:00","dateModified":"2026-04-13T11:45:45+00:00","description":"WOOPIE interaktyvus gaisrin\u0117s automobilis su judan\u010diomis kop\u0117\u010diomis - KidsPlay. Did\u017eiausias vaik\u0173 \u017eaisl\u0173 pasirinkimas.","breadcrumb":{"@id":"https:\/\/kidsplay.lt\/produktas\/woopie-interaktyvus-gaisrines-automobilis-su-judanciomis-kopeciomis\/#breadcrumb"},"inLanguage":"lv-LV","potentialAction":[{"@type":"ReadAction","target":["https:\/\/kidsplay.lt\/produktas\/woopie-interaktyvus-gaisrines-automobilis-su-judanciomis-kopeciomis\/"]}]},{"@type":"ImageObject","inLanguage":"lv-LV","@id":"https:\/\/kidsplay.lt\/produktas\/woopie-interaktyvus-gaisrines-automobilis-su-judanciomis-kopeciomis\/#primaryimage","url":"https:\/\/kidsplay.lt\/wp-content\/uploads\/2025\/09\/WOOPIE-interaktyvus-gaisrines-automobilis-su-judanciomis-kopeciomis.jpg","contentUrl":"https:\/\/kidsplay.lt\/wp-content\/uploads\/2025\/09\/WOOPIE-interaktyvus-gaisrines-automobilis-su-judanciomis-kopeciomis.jpg","width":1000,"height":1000,"caption":"WOOPIE interaktyvus gaisrin\u0117s automobilis su judan\u010diomis kop\u0117\u010diomis"},{"@type":"BreadcrumbList","@id":"https:\/\/kidsplay.lt\/produktas\/woopie-interaktyvus-gaisrines-automobilis-su-judanciomis-kopeciomis\/#breadcrumb","itemListElement":[{"@type":"ListItem","position":1,"name":"Pagrindinis","item":"https:\/\/kidsplay.lt\/"},{"@type":"ListItem","position":2,"name":"Parduotuv\u0117","item":"https:\/\/kidsplay.lt\/parduotuve\/"},{"@type":"ListItem","position":3,"name":"WOOPIE interaktyvus gaisrin\u0117s automobilis su judan\u010diomis kop\u0117\u010diomis"}]},{"@type":"WebSite","@id":"https:\/\/kidsplay.lt\/#website","url":"https:\/\/kidsplay.lt\/","name":"B\u0113rnu sp\u0113les.lv","description":"\u012evairios prek\u0117s vaikams","publisher":{"@id":"https:\/\/kidsplay.lt\/#organization"},"alternateName":"Kidsplay","potentialAction":[{"@type":"SearchAction","target":{"@type":"EntryPoint","urlTemplate":"https:\/\/kidsplay.lt\/?s={search_term_string}"},"query-input":{"@type":"PropertyValueSpecification","valueRequired":true,"valueName":"search_term_string"}}],"inLanguage":"lv-LV"},{"@type":"Organization","@id":"https:\/\/kidsplay.lt\/#organization","name":"B\u0113rnu sp\u0113le","url":"https:\/\/kidsplay.lt\/","logo":{"@type":"ImageObject","inLanguage":"lv-LV","@id":"https:\/\/kidsplay.lt\/#\/schema\/logo\/image\/","url":"https:\/\/kidsplay.lt\/wp-content\/uploads\/2023\/07\/kidsplay-logo.png","contentUrl":"https:\/\/kidsplay.lt\/wp-content\/uploads\/2023\/07\/kidsplay-logo.png","width":451,"height":98,"caption":"KidsPlay"},"image":{"@id":"https:\/\/kidsplay.lt\/#\/schema\/logo\/image\/"},"sameAs":["https:\/\/www.facebook.com\/www.kidsplay.lt"]}]}},"_links":{"self":[{"href":"https:\/\/kidsplay.lt\/lv\/wp-json\/wp\/v2\/product\/89162","targetHints":{"allow":["GET"]}}],"collection":[{"href":"https:\/\/kidsplay.lt\/lv\/wp-json\/wp\/v2\/product"}],"about":[{"href":"https:\/\/kidsplay.lt\/lv\/wp-json\/wp\/v2\/types\/product"}],"version-history":[{"count":1,"href":"https:\/\/kidsplay.lt\/lv\/wp-json\/wp\/v2\/product\/89162\/revisions"}],"predecessor-version":[{"id":89163,"href":"https:\/\/kidsplay.lt\/lv\/wp-json\/wp\/v2\/product\/89162\/revisions\/89163"}],"wp:featuredmedia":[{"embeddable":true,"href":"https:\/\/kidsplay.lt\/lv\/wp-json\/wp\/v2\/media\/63415"}],"wp:attachment":[{"href":"https:\/\/kidsplay.lt\/lv\/wp-json\/wp\/v2\/media?parent=89162"}],"wp:term":[{"taxonomy":"product_brand","embeddable":true,"href":"https:\/\/kidsplay.lt\/lv\/wp-json\/wp\/v2\/product_brand?post=89162"},{"taxonomy":"product_cat","embeddable":true,"href":"https:\/\/kidsplay.lt\/lv\/wp-json\/wp\/v2\/product_cat?post=89162"},{"taxonomy":"product_tag","embeddable":true,"href":"https:\/\/kidsplay.lt\/lv\/wp-json\/wp\/v2\/product_tag?post=89162"}],"curies":[{"name":"wp","href":"https:\/\/api.w.org\/{rel}","templated":true}]}}